{"id":385443,"date":"2023-08-27T13:58:38","date_gmt":"2023-08-27T14:03:32","guid":{"rendered":"https:\/\/hurghadalovers.com\/shop\/Ei-luokiteltu\/aamulla-buggy-tour-alkaen-soma-bay\/"},"modified":"2026-02-09T03:09:03","modified_gmt":"2026-02-09T03:09:03","slug":"aamukarryretki-soma-baysta","status":"publish","type":"product","link":"https:\/\/hurghadalovers.com\/fi\/tours\/aamukarryretki-soma-baysta\/","title":{"rendered":"Aamulla Buggy Tour alkaen Soma Bay"},"content":{"rendered":"<p><strong>Aamulla<\/strong> <strong>Buggy Tour <\/strong><strong>Soma Bay<\/strong> Beduiinikyl\u00e4\u00e4n ja kameliratsastus | <strong>Ylellinen seikkailu aavikkosafari<\/strong> Perheyst\u00e4v\u00e4llinen lapsille, pariskunnalle ja senioreille yksityisell\u00e4 kuljetuksella | Polaris RZR Ride.<\/p>\n<p>&nbsp;<\/p>\n<p><strong>Kohokohdat:<\/strong><\/p>\n<ol>\n<li>Dune Buggy Ride.<\/li>\n<li>Kameliratsastus.<\/li>\n<li>Beduiinikyl\u00e4.<\/li>\n<\/ol>\n<p><strong>Sunset Buggy Tour alkaen <\/strong><strong>Soma lahti<\/strong> <strong>Yksityiskohdat:<\/strong><\/p>\n<ul>\n<li>Kiertueen saatavuus: Joka p\u00e4iv\u00e4.<\/li>\n<li>Kiertueen tyyppi: Ryhm\u00e4 tai Yksityinen.<\/li>\n<li>Noutoaika: Alkaa klo 07:30.<\/li>\n<li>Noutoaika: klo 19:00 alkaen.<\/li>\n<li>Kesto: Kesto: 3 h.<\/li>\n<\/ul>\n<p><strong>Varaa nyt ja maksa my\u00f6hemmin:<\/strong><\/p>\n<ul>\n<li>K\u00e4teist\u00e4 paikan p\u00e4\u00e4ll\u00e4 oppaalle.<\/li>\n<li>Maksu Egyptin puntina, $, \u20ac tai \u00a3.<\/li>\n<\/ul>\n<p><strong>Peruutusehdot:<\/strong><\/p>\n<ul>\n<li>peruutus enint\u00e4\u00e4n 24 tuntia etuk\u00e4teen.<\/li>\n<li>Kun joku perheest\u00e4si peruuttaa aamup\u00e4iv\u00e4n, maksat 50 % kustannuksista.<\/li>\n<\/ul>\n<p><strong>Mit\u00e4 sis\u00e4ltyy?<\/strong><\/p>\n<ul>\n<li>Siirto Soma Bay Hotels &#8221;Hotel pick up and drop off&#8221;.<\/li>\n<li>Kaikki verot, sis\u00e4\u00e4np\u00e4\u00e4symaksut ja k\u00e4sittelymaksut.<\/li>\n<li>Siirrot.<\/li>\n<li>Matkaopas.<\/li>\n<li>Kyp\u00e4r\u00e4.<\/li>\n<\/ul>\n<p><strong>Poikkeukset?<\/strong><\/p>\n<ul>\n<li>Huivi<\/li>\n<li>Suojalasit<\/li>\n<li>Juomarahat.<\/li>\n<li>Valokuvaus matkaa varten.<\/li>\n<li>Mahdolliset mainitsemattomat lis\u00e4maksut.<\/li>\n<\/ul>\n<p><strong>Hinnat:<\/strong><\/p>\n<p><strong>Hinta = <\/strong><strong>90$<\/strong><strong> per henkil\u00f6<\/strong>.<\/p>\n<p><strong>Arvostelut:<\/strong><\/p>\n<p>tarkista Google Map Arvostelut paras <a href=\"https:\/\/g.page\/r\/CUeYvkngP3wkEBM\/review\">matkanj\u00e4rjest\u00e4j\u00e4 Hurghada<\/a> verkossa <a href=\"https:\/\/hurghadalovers.com\/\">Hurghada<\/a> Egyptiss\u00e4.<\/p>\n<p>&nbsp;<\/p>\n<p><strong>Varaukset:<\/strong><\/p>\n<p>L\u00e4het\u00e4 hotelli + huoneen numero + valokuvapassit WhatsAppiin: <strong>+201112596434<\/strong><\/p>\n<p>Jos olet pois Egyptin Varaus nyt verkossa ja vahvistaa, kun saapuminen Hotel.<\/p>\n<p>&nbsp;<\/p>\n","protected":false},"excerpt":{"rendered":"<p><strong>Aamulla<\/strong> <strong>Buggy Tour <\/strong><strong>Soma Bay<\/strong> Beduiinikyl\u00e4\u00e4n ja kameliratsastus | <strong>Ylellinen seikkailu aavikkosafari<\/strong> Perheyst\u00e4v\u00e4llinen lapsille, pariskunnalle ja senioreille yksityisell\u00e4 kuljetuksella | Polaris RZR Ride.<\/p>\n","protected":false},"featured_media":385360,"template":"","meta":{"_joinchat":[]},"product_brand":[],"product_cat":[36656],"product_tag":[56302,56317,56325,56368,56125,56322,56371,56374,56287,56314,56295,56311,56320,56305,56273,56279,56356,56120,56130],"class_list":{"0":"post-385443","1":"product","2":"type-product","3":"status-publish","4":"has-post-thumbnail","6":"product_cat-kierrokset","7":"product_tag-aavikkosafari-soma-bay","8":"product_tag-atv-soma-bay-fi","9":"product_tag-beduiinikyla-soma-bay","10":"product_tag-buggy-tour-soma-bay-fi","11":"product_tag-family-fun-paikkoja-soma-bay","12":"product_tag-kameliratsastus-soma-bay","13":"product_tag-nahtavaa-soma-bayssa","14":"product_tag-paivaretkia-soma-baysta","15":"product_tag-perheen-tekemista-soma-bay","16":"product_tag-quad-pyoraily-soma-bay","17":"product_tag-romanttista-tekemista-soma-bayssa","18":"product_tag-safari-sahara-soma-bay-fi","19":"product_tag-safari-tour-soma-bay-fi","20":"product_tag-soma-bay-buggy-safari-fi","21":"product_tag-soma-bay-mita-tehda","22":"product_tag-soma-bayn-paivaretket-fi","23":"product_tag-soma-bayn-romanttiset-matkat","24":"product_tag-tekemista-perheen-kanssa-soma-bay","25":"product_tag-tekemista-vauvojen-kanssa-soma-baysta-kasin","26":"tour_category-quad-tour-alkaen-soma-bay","27":"tour_category-soma-bay-retket","29":"first","30":"instock","31":"sale","32":"shipping-taxable","33":"purchasable","34":"product-type-tour"},"yoast_head":"<!-- This site is optimized with the Yoast SEO Premium plugin v26.9 (Yoast SEO v27.2) - https:\/\/yoast.com\/product\/yoast-seo-premium-wordpress\/ -->\n<title>Aamulla Buggy Tour Soma lahdesta Beduiinikyl\u00e4\u00e4n<\/title>\n<meta name=\"description\" content=\"Aamulla Buggy Tour Soma Bay Beduiinikyl\u00e4\u00e4n ja kameliratsastus | Adventure Desert Safari perheyst\u00e4v\u00e4llinen perheyst\u00e4v\u00e4llinen yksityinen kuljetus | Polaris RZR ratsastaa.\" \/>\n<meta name=\"robots\" content=\"index, follow, max-snippet:-1, max-image-preview:large, max-video-preview:-1\" \/>\n<link rel=\"canonical\" href=\"https:\/\/hurghadalovers.com\/fi\/tours\/aamukarryretki-soma-baysta\/\" \/>\n<meta property=\"og:locale\" content=\"fi_FI\" \/>\n<meta property=\"og:type\" content=\"article\" \/>\n<meta property=\"og:title\" content=\"Aamulla Buggy Tour alkaen Soma Bay\" \/>\n<meta property=\"og:description\" content=\"Aamulla Buggy Tour Soma Bay Beduiinikyl\u00e4\u00e4n ja kameliratsastus | Adventure Desert Safari perheyst\u00e4v\u00e4llinen perheyst\u00e4v\u00e4llinen yksityinen kuljetus | Polaris RZR ratsastaa.\" \/>\n<meta property=\"og:url\" content=\"https:\/\/hurghadalovers.com\/fi\/tours\/aamukarryretki-soma-baysta\/\" \/>\n<meta property=\"og:site_name\" content=\"Hurghada Excursions &amp; Day Trips | Booking Best Prices Tours\" \/>\n<meta property=\"article:publisher\" content=\"https:\/\/www.facebook.com\/Hurghadaloversegypt\" \/>\n<meta property=\"article:modified_time\" content=\"2026-02-09T03:09:03+00:00\" \/>\n<meta property=\"og:image\" content=\"https:\/\/hurghadalovers.com\/wp-content\/uploads\/2023\/08\/Morning-Buggy-Tour-from-Soma-bay.jpeg\" \/>\n\t<meta property=\"og:image:width\" content=\"1156\" \/>\n\t<meta property=\"og:image:height\" content=\"867\" \/>\n\t<meta property=\"og:image:type\" content=\"image\/jpeg\" \/>\n<meta name=\"twitter:card\" content=\"summary_large_image\" \/>\n<meta name=\"twitter:label1\" content=\"Hinta\" \/>\n\t<meta name=\"twitter:data1\" content=\"&euro;&nbsp;90\" \/>\n\t<meta name=\"twitter:label2\" content=\"Saatavuus\" \/>\n\t<meta name=\"twitter:data2\" content=\"Varastossa\" \/>\n<script type=\"application\/ld+json\" class=\"yoast-schema-graph\">{\"@context\":\"https:\/\/schema.org\",\"@graph\":[{\"@type\":[\"WebPage\",\"ItemPage\"],\"@id\":\"https:\/\/hurghadalovers.com\/fi\/tours\/aamukarryretki-soma-baysta\/\",\"url\":\"https:\/\/hurghadalovers.com\/fi\/tours\/aamukarryretki-soma-baysta\/\",\"name\":\"Aamulla Buggy Tour Soma lahdesta Beduiinikyl\u00e4\u00e4n\",\"isPartOf\":{\"@id\":\"https:\/\/hurghadalovers.com\/fi\/#website\"},\"primaryImageOfPage\":{\"@id\":\"https:\/\/hurghadalovers.com\/fi\/tours\/aamukarryretki-soma-baysta\/#primaryimage\"},\"image\":{\"@id\":\"https:\/\/hurghadalovers.com\/fi\/tours\/aamukarryretki-soma-baysta\/#primaryimage\"},\"thumbnailUrl\":\"https:\/\/hurghadalovers.com\/wp-content\/uploads\/2023\/08\/Morning-Buggy-Tour-from-Soma-bay.jpeg\",\"datePublished\":\"2023-08-27T14:03:32+00:00\",\"dateModified\":\"2026-02-09T03:09:03+00:00\",\"description\":\"Aamulla Buggy Tour Soma Bay Beduiinikyl\u00e4\u00e4n ja kameliratsastus | Adventure Desert Safari perheyst\u00e4v\u00e4llinen perheyst\u00e4v\u00e4llinen yksityinen kuljetus | Polaris RZR ratsastaa.\",\"breadcrumb\":{\"@id\":\"https:\/\/hurghadalovers.com\/fi\/tours\/aamukarryretki-soma-baysta\/#breadcrumb\"},\"inLanguage\":\"fi\",\"potentialAction\":[{\"@type\":\"ReadAction\",\"target\":[\"https:\/\/hurghadalovers.com\/fi\/tours\/aamukarryretki-soma-baysta\/\"]}]},{\"@type\":\"ImageObject\",\"inLanguage\":\"fi\",\"@id\":\"https:\/\/hurghadalovers.com\/fi\/tours\/aamukarryretki-soma-baysta\/#primaryimage\",\"url\":\"https:\/\/hurghadalovers.com\/wp-content\/uploads\/2023\/08\/Morning-Buggy-Tour-from-Soma-bay.jpeg\",\"contentUrl\":\"https:\/\/hurghadalovers.com\/wp-content\/uploads\/2023\/08\/Morning-Buggy-Tour-from-Soma-bay.jpeg\",\"width\":1156,\"height\":867,\"caption\":\"Aamulla Buggy Tour Soma Bay Beduiinikyl\u00e4\u00e4n\"},{\"@type\":\"BreadcrumbList\",\"@id\":\"https:\/\/hurghadalovers.com\/fi\/tours\/aamukarryretki-soma-baysta\/#breadcrumb\",\"itemListElement\":[{\"@type\":\"ListItem\",\"position\":1,\"name\":\"Home\",\"item\":\"https:\/\/hurghadalovers.com\/fi\/\"},{\"@type\":\"ListItem\",\"position\":2,\"name\":\"Shop\",\"item\":\"https:\/\/hurghadalovers.com\/fi\/shop-3\/\"},{\"@type\":\"ListItem\",\"position\":3,\"name\":\"Aamulla Buggy Tour alkaen Soma Bay\"}]},{\"@type\":\"WebSite\",\"@id\":\"https:\/\/hurghadalovers.com\/fi\/#website\",\"url\":\"https:\/\/hurghadalovers.com\/fi\/\",\"name\":\"Hurghada Excursions & Day Trips | Booking Best Prices Tours\",\"description\":\"Hurghada Lovers - Best Tour Operator - Excursions &amp; Things to do for Family Day Trips with kids and Couples Romantic. Unique .Hidden gems\",\"publisher\":{\"@id\":\"https:\/\/hurghadalovers.com\/fi\/#organization\"},\"alternateName\":\"Hurghada Excursions\",\"potentialAction\":[{\"@type\":\"SearchAction\",\"target\":{\"@type\":\"EntryPoint\",\"urlTemplate\":\"https:\/\/hurghadalovers.com\/fi\/?s={search_term_string}\"},\"query-input\":{\"@type\":\"PropertyValueSpecification\",\"valueRequired\":true,\"valueName\":\"search_term_string\"}}],\"inLanguage\":\"fi\"},{\"@type\":[\"Organization\",\"Place\",\"TravelAgency\"],\"@id\":\"https:\/\/hurghadalovers.com\/fi\/#organization\",\"name\":\"Hurghada Excursions\",\"url\":\"https:\/\/hurghadalovers.com\/fi\/\",\"logo\":{\"@id\":\"https:\/\/hurghadalovers.com\/fi\/tours\/aamukarryretki-soma-baysta\/#local-main-organization-logo\"},\"image\":{\"@id\":\"https:\/\/hurghadalovers.com\/fi\/tours\/aamukarryretki-soma-baysta\/#local-main-organization-logo\"},\"sameAs\":[\"https:\/\/www.facebook.com\/Hurghadaloversegypt\"],\"address\":{\"@id\":\"https:\/\/hurghadalovers.com\/fi\/tours\/aamukarryretki-soma-baysta\/#local-main-place-address\"},\"telephone\":[\"00201112596434\"],\"contactPoint\":{\"@type\":\"ContactPoint\",\"telephone\":\"00201112596434\",\"email\":\"weyouface@gmail.com\"},\"openingHoursSpecification\":{\"@type\":\"OpeningHoursSpecification\",\"dayOfWeek\":[\"Monday\",\"Tuesday\",\"Wednesday\",\"Thursday\",\"Friday\",\"Saturday\",\"Sunday\"],\"opens\":\"00:00\",\"closes\":\"23:59\"},\"email\":\"weyouface@gmail.com\",\"areaServed\":\"Luxor, Hurghada, El Gouna, Aswan, Sharm El Sheikh, Giza, Alexandria, Marsa Alam, Quseir, Soma Bay, Sahl Hasheesh, Red Sea, Makadi Bay, Cairo\",\"priceRange\":\"$\",\"currenciesAccepted\":\"euro\",\"paymentAccepted\":\"cash on site\"},{\"@type\":\"PostalAddress\",\"@id\":\"https:\/\/hurghadalovers.com\/fi\/tours\/aamukarryretki-soma-baysta\/#local-main-place-address\",\"streetAddress\":\"17 Banks street, Alkawther area, top nbk bank\",\"addressLocality\":\"hurghada\",\"postalCode\":\"84511\",\"addressRegion\":\"red sea\",\"addressCountry\":\"EG\"},{\"@type\":\"ImageObject\",\"inLanguage\":\"fi\",\"@id\":\"https:\/\/hurghadalovers.com\/fi\/tours\/aamukarryretki-soma-baysta\/#local-main-organization-logo\",\"url\":\"https:\/\/hurghadalovers.com\/wp-content\/uploads\/2019\/10\/hurghada-excursions-logo.png\",\"contentUrl\":\"https:\/\/hurghadalovers.com\/wp-content\/uploads\/2019\/10\/hurghada-excursions-logo.png\",\"width\":272,\"height\":90,\"caption\":\"Hurghada Excursions\"}]}<\/script>\n<meta property=\"product:brand\" content=\"Aavikkosafariretki Soma Bay\" \/>\n<meta property=\"product:price:amount\" content=\"90\" \/>\n<meta property=\"product:price:currency\" content=\"EUR\" \/>\n<meta property=\"og:availability\" content=\"instock\" \/>\n<meta property=\"product:availability\" content=\"instock\" \/>\n<meta property=\"product:retailer_item_id\" content=\"SafariSomabay032024\" \/>\n<meta property=\"product:condition\" content=\"new\" \/>\n<meta name=\"geo.placename\" content=\"hurghada\" \/>\n<meta name=\"geo.region\" content=\"Egypti\" \/>\n<!-- \/ Yoast SEO Premium plugin. -->","yoast_head_json":{"title":"Aamulla Buggy Tour Soma lahdesta Beduiinikyl\u00e4\u00e4n","description":"Aamulla Buggy Tour Soma Bay Beduiinikyl\u00e4\u00e4n ja kameliratsastus | Adventure Desert Safari perheyst\u00e4v\u00e4llinen perheyst\u00e4v\u00e4llinen yksityinen kuljetus | Polaris RZR ratsastaa.","robots":{"index":"index","follow":"follow","max-snippet":"max-snippet:-1","max-image-preview":"max-image-preview:large","max-video-preview":"max-video-preview:-1"},"canonical":"https:\/\/hurghadalovers.com\/fi\/tours\/aamukarryretki-soma-baysta\/","og_locale":"fi_FI","og_type":"article","og_title":"Aamulla Buggy Tour alkaen Soma Bay","og_description":"Aamulla Buggy Tour Soma Bay Beduiinikyl\u00e4\u00e4n ja kameliratsastus | Adventure Desert Safari perheyst\u00e4v\u00e4llinen perheyst\u00e4v\u00e4llinen yksityinen kuljetus | Polaris RZR ratsastaa.","og_url":"https:\/\/hurghadalovers.com\/fi\/tours\/aamukarryretki-soma-baysta\/","og_site_name":"Hurghada Excursions &amp; Day Trips | Booking Best Prices Tours","article_publisher":"https:\/\/www.facebook.com\/Hurghadaloversegypt","article_modified_time":"2026-02-09T03:09:03+00:00","og_image":[{"width":1156,"height":867,"url":"https:\/\/hurghadalovers.com\/wp-content\/uploads\/2023\/08\/Morning-Buggy-Tour-from-Soma-bay.jpeg","type":"image\/jpeg"}],"twitter_card":"summary_large_image","twitter_misc":{"Hinta":"&euro;&nbsp;90","Saatavuus":"Varastossa"},"schema":{"@context":"https:\/\/schema.org","@graph":[{"@type":["WebPage","ItemPage"],"@id":"https:\/\/hurghadalovers.com\/fi\/tours\/aamukarryretki-soma-baysta\/","url":"https:\/\/hurghadalovers.com\/fi\/tours\/aamukarryretki-soma-baysta\/","name":"Aamulla Buggy Tour Soma lahdesta Beduiinikyl\u00e4\u00e4n","isPartOf":{"@id":"https:\/\/hurghadalovers.com\/fi\/#website"},"primaryImageOfPage":{"@id":"https:\/\/hurghadalovers.com\/fi\/tours\/aamukarryretki-soma-baysta\/#primaryimage"},"image":{"@id":"https:\/\/hurghadalovers.com\/fi\/tours\/aamukarryretki-soma-baysta\/#primaryimage"},"thumbnailUrl":"https:\/\/hurghadalovers.com\/wp-content\/uploads\/2023\/08\/Morning-Buggy-Tour-from-Soma-bay.jpeg","datePublished":"2023-08-27T14:03:32+00:00","dateModified":"2026-02-09T03:09:03+00:00","description":"Aamulla Buggy Tour Soma Bay Beduiinikyl\u00e4\u00e4n ja kameliratsastus | Adventure Desert Safari perheyst\u00e4v\u00e4llinen perheyst\u00e4v\u00e4llinen yksityinen kuljetus | Polaris RZR ratsastaa.","breadcrumb":{"@id":"https:\/\/hurghadalovers.com\/fi\/tours\/aamukarryretki-soma-baysta\/#breadcrumb"},"inLanguage":"fi","potentialAction":[{"@type":"ReadAction","target":["https:\/\/hurghadalovers.com\/fi\/tours\/aamukarryretki-soma-baysta\/"]}]},{"@type":"ImageObject","inLanguage":"fi","@id":"https:\/\/hurghadalovers.com\/fi\/tours\/aamukarryretki-soma-baysta\/#primaryimage","url":"https:\/\/hurghadalovers.com\/wp-content\/uploads\/2023\/08\/Morning-Buggy-Tour-from-Soma-bay.jpeg","contentUrl":"https:\/\/hurghadalovers.com\/wp-content\/uploads\/2023\/08\/Morning-Buggy-Tour-from-Soma-bay.jpeg","width":1156,"height":867,"caption":"Aamulla Buggy Tour Soma Bay Beduiinikyl\u00e4\u00e4n"},{"@type":"BreadcrumbList","@id":"https:\/\/hurghadalovers.com\/fi\/tours\/aamukarryretki-soma-baysta\/#breadcrumb","itemListElement":[{"@type":"ListItem","position":1,"name":"Home","item":"https:\/\/hurghadalovers.com\/fi\/"},{"@type":"ListItem","position":2,"name":"Shop","item":"https:\/\/hurghadalovers.com\/fi\/shop-3\/"},{"@type":"ListItem","position":3,"name":"Aamulla Buggy Tour alkaen Soma Bay"}]},{"@type":"WebSite","@id":"https:\/\/hurghadalovers.com\/fi\/#website","url":"https:\/\/hurghadalovers.com\/fi\/","name":"Hurghada Excursions & Day Trips | Booking Best Prices Tours","description":"Hurghada Lovers - Best Tour Operator - Excursions &amp; Things to do for Family Day Trips with kids and Couples Romantic. Unique .Hidden gems","publisher":{"@id":"https:\/\/hurghadalovers.com\/fi\/#organization"},"alternateName":"Hurghada Excursions","potentialAction":[{"@type":"SearchAction","target":{"@type":"EntryPoint","urlTemplate":"https:\/\/hurghadalovers.com\/fi\/?s={search_term_string}"},"query-input":{"@type":"PropertyValueSpecification","valueRequired":true,"valueName":"search_term_string"}}],"inLanguage":"fi"},{"@type":["Organization","Place","TravelAgency"],"@id":"https:\/\/hurghadalovers.com\/fi\/#organization","name":"Hurghada Excursions","url":"https:\/\/hurghadalovers.com\/fi\/","logo":{"@id":"https:\/\/hurghadalovers.com\/fi\/tours\/aamukarryretki-soma-baysta\/#local-main-organization-logo"},"image":{"@id":"https:\/\/hurghadalovers.com\/fi\/tours\/aamukarryretki-soma-baysta\/#local-main-organization-logo"},"sameAs":["https:\/\/www.facebook.com\/Hurghadaloversegypt"],"address":{"@id":"https:\/\/hurghadalovers.com\/fi\/tours\/aamukarryretki-soma-baysta\/#local-main-place-address"},"telephone":["00201112596434"],"contactPoint":{"@type":"ContactPoint","telephone":"00201112596434","email":"weyouface@gmail.com"},"openingHoursSpecification":{"@type":"OpeningHoursSpecification","dayOfWeek":["Monday","Tuesday","Wednesday","Thursday","Friday","Saturday","Sunday"],"opens":"00:00","closes":"23:59"},"email":"weyouface@gmail.com","areaServed":"Luxor, Hurghada, El Gouna, Aswan, Sharm El Sheikh, Giza, Alexandria, Marsa Alam, Quseir, Soma Bay, Sahl Hasheesh, Red Sea, Makadi Bay, Cairo","priceRange":"$","currenciesAccepted":"euro","paymentAccepted":"cash on site"},{"@type":"PostalAddress","@id":"https:\/\/hurghadalovers.com\/fi\/tours\/aamukarryretki-soma-baysta\/#local-main-place-address","streetAddress":"17 Banks street, Alkawther area, top nbk bank","addressLocality":"hurghada","postalCode":"84511","addressRegion":"red sea","addressCountry":"EG"},{"@type":"ImageObject","inLanguage":"fi","@id":"https:\/\/hurghadalovers.com\/fi\/tours\/aamukarryretki-soma-baysta\/#local-main-organization-logo","url":"https:\/\/hurghadalovers.com\/wp-content\/uploads\/2019\/10\/hurghada-excursions-logo.png","contentUrl":"https:\/\/hurghadalovers.com\/wp-content\/uploads\/2019\/10\/hurghada-excursions-logo.png","width":272,"height":90,"caption":"Hurghada Excursions"}]},"product_brand":"Aavikkosafariretki Soma Bay","product_price_amount":"90","product_price_currency":"EUR","og_availability":"instock","product_availability":"instock","product_retailer_item_id":"SafariSomabay032024","product_condition":"new","geo.placename":"hurghada","geo.region":"Egypti"},"_links":{"self":[{"href":"https:\/\/hurghadalovers.com\/fi\/wp-json\/wp\/v2\/product\/385443","targetHints":{"allow":["GET"]}}],"collection":[{"href":"https:\/\/hurghadalovers.com\/fi\/wp-json\/wp\/v2\/product"}],"about":[{"href":"https:\/\/hurghadalovers.com\/fi\/wp-json\/wp\/v2\/types\/product"}],"wp:featuredmedia":[{"embeddable":true,"href":"https:\/\/hurghadalovers.com\/fi\/wp-json\/wp\/v2\/media\/385360"}],"wp:attachment":[{"href":"https:\/\/hurghadalovers.com\/fi\/wp-json\/wp\/v2\/media?parent=385443"}],"wp:term":[{"taxonomy":"product_brand","embeddable":true,"href":"https:\/\/hurghadalovers.com\/fi\/wp-json\/wp\/v2\/product_brand?post=385443"},{"taxonomy":"product_cat","embeddable":true,"href":"https:\/\/hurghadalovers.com\/fi\/wp-json\/wp\/v2\/product_cat?post=385443"},{"taxonomy":"product_tag","embeddable":true,"href":"https:\/\/hurghadalovers.com\/fi\/wp-json\/wp\/v2\/product_tag?post=385443"}],"curies":[{"name":"wp","href":"https:\/\/api.w.org\/{rel}","templated":true}]}}