{"id":384972,"date":"2023-08-27T10:48:50","date_gmt":"2023-08-27T10:48:50","guid":{"rendered":"https:\/\/hurghadalovers.com\/shop\/Ei-luokiteltu\/snorklausveneen-retki-soma-lahdelta\/"},"modified":"2026-02-07T17:32:32","modified_gmt":"2026-02-07T17:32:32","slug":"snorklausvene-retki-soma-baysta","status":"publish","type":"product","link":"https:\/\/hurghadalovers.com\/fi\/tours\/snorklausvene-retki-soma-baysta\/","title":{"rendered":"Snorklausveneen retki Soma-lahdelta"},"content":{"rendered":"<p><strong>Snorklausveneen retki <\/strong><strong>Soma-lahdelta<\/strong> vesiurheilun ja lounaan kanssa, kuljetus.<\/p>\n<p style=\"text-align: center;\"><span style=\"color: #00ccff;\">Kaunein Soma lahti <strong>Perheyst\u00e4v\u00e4lliset aktiviteetit<\/strong>, <strong>Tekemist\u00e4 lasten kanssa<\/strong>, Seniorit, <strong>Honeymoon<\/strong> ja <strong>Pariskunta<\/strong>.<\/span><\/p>\n<p><strong>Kohokohdat:<\/strong><\/p>\n<ul>\n<li>2 paikkaa Snorklaus House Reef.<\/li>\n<li>Vesiurheilu &#8221;Banana ja Quattro&#8221;.<\/li>\n<\/ul>\n<p><strong>Yksityiskohdat:<\/strong><\/p>\n<ul>\n<li>Kiertueen saatavuus: Joka p\u00e4iv\u00e4.<\/li>\n<li>Kiertueen tyyppi: Ryhm\u00e4.<\/li>\n<li>Noutoaika: Alkaa klo 07:30.<\/li>\n<li>Noutoaika: 17:00.<\/li>\n<li>Py\u00f6r\u00e4tuolilla p\u00e4\u00e4see.<\/li>\n<li>Kesto: 8 h.<\/li>\n<\/ul>\n<p><strong>Varaa nyt ja maksa my\u00f6hemmin:<\/strong><\/p>\n<ul>\n<li>K\u00e4teist\u00e4 paikan p\u00e4\u00e4ll\u00e4 oppaalle.<\/li>\n<li>Maksu Egyptin puntina, $, \u20ac tai \u00a3.<\/li>\n<\/ul>\n<p><strong>Peruutusehdot:<\/strong><\/p>\n<ul>\n<li>peruutus enint\u00e4\u00e4n 24 tuntia etuk\u00e4teen.<\/li>\n<li>Kun joku perheest\u00e4si peruuttaa aamup\u00e4iv\u00e4n, maksat 50 % kustannuksista.<\/li>\n<\/ul>\n<p><strong>Mit\u00e4 sis\u00e4ltyy?<\/strong><\/p>\n<ul>\n<li>Siirto Soma Bay Hotels &#8221;Hotel pick up and drop off&#8221;.<\/li>\n<li>Kaikki verot, sis\u00e4\u00e4np\u00e4\u00e4symaksut ja k\u00e4sittelymaksut.<\/li>\n<li>Matkaopas.<\/li>\n<li>Kivenn\u00e4isvesi + Cola + Maito + Kahvi\/tee.<\/li>\n<li>2 snorklauspistett\u00e4<\/li>\n<li>Vesiurheilu &#8221;Banaani, Sohvavene&#8221;.<\/li>\n<li>Snorklausv\u00e4lineet &#8221;Naamarit ja uintiuimarit&#8221;.<\/li>\n<li>buffet-lounas laivalla.<\/li>\n<li>Pelastusliivit.<\/li>\n<\/ul>\n<p><strong>Poikkeukset?<\/strong><\/p>\n<ul>\n<li>Juomarahat.<\/li>\n<li>Valokuvaus ja valokuvat matkaa varten.<\/li>\n<li>Tarjoamme vuokraa uimapuvut &amp; uimapuvut naisille, miehille, lapsille kaikki koko &#8221; 5$ per yksi&#8221;.<\/li>\n<li>Mahdolliset mainitsemattomat lis\u00e4maksut.<\/li>\n<\/ul>\n<p><strong>Hinnat:<\/strong><\/p>\n<ul>\n<li><strong>Aikuisten hinta = <\/strong><strong>30$<\/strong><strong> per henkil\u00f6<\/strong>.<\/li>\n<li>Hinta lapsille &#8221;3-10&#8221; = 50 %.<\/li>\n<li>lapsille &#8221;0-3&#8221; = ilmainen.<\/li>\n<\/ul>\n<p><strong>Arvostelut:<\/strong><\/p>\n<p>tarkista Google Map Arvostelut paras <a href=\"https:\/\/g.page\/r\/CUeYvkngP3wkEBM\/review\">matkanj\u00e4rjest\u00e4j\u00e4 Hurghada<\/a> verkossa <a href=\"https:\/\/hurghadalovers.com\/\">Hurghada<\/a> Egyptiss\u00e4.<\/p>\n<p>&nbsp;<\/p>\n<p><strong>Varaukset:<\/strong><\/p>\n<p>L\u00e4het\u00e4 hotelli + huoneen numero + valokuvapassit WhatsAppiin: <strong>+201112596434<\/strong><\/p>\n<p>Jos olet pois Egyptin Varaus nyt verkossa ja vahvistaa, kun saapuminen Hotel.<\/p>\n<p>&nbsp;<\/p>\n<p>&nbsp;<\/p>\n","protected":false},"excerpt":{"rendered":"<p><strong>Snorklausveneen retki <\/strong><strong>Soma-lahdelta<\/strong> vesiurheilun ja lounaan kanssa, kuljetus.<\/p>\n<p style=\"text-align: center;\"><span style=\"color: #00ccff;\">Kaunein Soma lahti <strong>Perheyst\u00e4v\u00e4lliset aktiviteetit<\/strong>, <strong>Tekemist\u00e4 lasten kanssa<\/strong>, Seniorit, <strong>Honeymoon<\/strong> ja <strong>Pariskunta<\/strong>.<\/span><\/p>\n<p>&nbsp;<\/p>\n","protected":false},"featured_media":934138,"template":"","meta":{"_joinchat":[]},"product_brand":[],"product_cat":[36656],"product_tag":[56186,56125,56167,56189,56371,56193,56374,56191,56171,56295,56173,56183,56356,56153,56162,56157,56120,56164,56395,56179,56176],"class_list":{"0":"post-384972","1":"product","2":"type-product","3":"status-publish","4":"has-post-thumbnail","6":"product_cat-kierrokset","7":"product_tag-dolphin-house-soma-bay-fi","8":"product_tag-family-fun-paikkoja-soma-bay","9":"product_tag-giftunin-saari-soma-bay","10":"product_tag-merirosvolaiva-soma-bay","11":"product_tag-nahtavaa-soma-bayssa","12":"product_tag-orange-bay-island-soma-bay-fi","13":"product_tag-paivaretkia-soma-baysta","14":"product_tag-paratiisisaari-soma-bay","15":"product_tag-pikavene-soma-bay","16":"product_tag-romanttista-tekemista-soma-bayssa","17":"product_tag-soma-bay-boat-charters-fi","18":"product_tag-soma-bay-yksityinen-veneretki","19":"product_tag-soma-bayn-romanttiset-matkat","20":"product_tag-soma-bayn-snorklausretket","21":"product_tag-soma-bayn-veneretket","22":"product_tag-sukellus-soma-bay","23":"product_tag-tekemista-perheen-kanssa-soma-bay","24":"product_tag-ui-delfiinien-kanssa-soma-bay","25":"product_tag-utopian-saari-soma-bay","26":"product_tag-veneen-vuokraus-soma-bay","27":"product_tag-yksityinen-vene-soma-bay","28":"tour_category-soma-bay-retket","29":"tour_category-soma-bay-snorklaus","31":"first","32":"instock","33":"sale","34":"shipping-taxable","35":"purchasable","36":"product-type-tour"},"yoast_head":"<!-- This site is optimized with the Yoast SEO Premium plugin v26.9 (Yoast SEO v27.2) - https:\/\/yoast.com\/product\/yoast-seo-premium-wordpress\/ -->\n<title>Snorklausveneen retki Soma-lahdelta vesiurheilun ja lounaan kanssa<\/title>\n<meta name=\"description\" content=\"Snorklausveneen retki Soma-lahdelta vesiurheilun ja lounaan kanssa, kuljetus. Kaunein Soma lahti Perheyst\u00e4v\u00e4llisi\u00e4 aktiviteetteja, Tekemist\u00e4 lasten kanssa...\" \/>\n<meta name=\"robots\" content=\"index, follow, max-snippet:-1, max-image-preview:large, max-video-preview:-1\" \/>\n<link rel=\"canonical\" href=\"https:\/\/hurghadalovers.com\/fi\/tours\/snorklausvene-retki-soma-baysta\/\" \/>\n<meta property=\"og:locale\" content=\"fi_FI\" \/>\n<meta property=\"og:type\" content=\"article\" \/>\n<meta property=\"og:title\" content=\"Snorklausveneen retki Soma-lahdelta\" \/>\n<meta property=\"og:description\" content=\"Snorklausveneen retki Soma-lahdelta vesiurheilun ja lounaan kanssa, kuljetus. Kaunein Soma lahti Perheyst\u00e4v\u00e4llisi\u00e4 aktiviteetteja, Tekemist\u00e4 lasten kanssa...\" \/>\n<meta property=\"og:url\" content=\"https:\/\/hurghadalovers.com\/fi\/tours\/snorklausvene-retki-soma-baysta\/\" \/>\n<meta property=\"og:site_name\" content=\"Hurghada Excursions &amp; Day Trips | Booking Best Prices Tours\" \/>\n<meta property=\"article:publisher\" content=\"https:\/\/www.facebook.com\/Hurghadaloversegypt\" \/>\n<meta property=\"article:modified_time\" content=\"2026-02-07T17:32:32+00:00\" \/>\n<meta property=\"og:image\" content=\"https:\/\/hurghadalovers.com\/wp-content\/uploads\/2023\/08\/Orange-bay-Island-Snorkeling-Trip-from-Soma-bay-Safaga.jpeg\" \/>\n\t<meta property=\"og:image:width\" content=\"1156\" \/>\n\t<meta property=\"og:image:height\" content=\"521\" \/>\n\t<meta property=\"og:image:type\" content=\"image\/jpeg\" \/>\n<meta name=\"twitter:card\" content=\"summary_large_image\" \/>\n<meta name=\"twitter:label1\" content=\"Hinta\" \/>\n\t<meta name=\"twitter:data1\" content=\"&euro;&nbsp;30\" \/>\n\t<meta name=\"twitter:label2\" content=\"Saatavuus\" \/>\n\t<meta name=\"twitter:data2\" content=\"Varastossa\" \/>\n<script type=\"application\/ld+json\" class=\"yoast-schema-graph\">{\"@context\":\"https:\/\/schema.org\",\"@graph\":[{\"@type\":[\"WebPage\",\"ItemPage\"],\"@id\":\"https:\/\/hurghadalovers.com\/fi\/tours\/snorklausvene-retki-soma-baysta\/\",\"url\":\"https:\/\/hurghadalovers.com\/fi\/tours\/snorklausvene-retki-soma-baysta\/\",\"name\":\"Snorklausveneen retki Soma-lahdelta vesiurheilun ja lounaan kanssa\",\"isPartOf\":{\"@id\":\"https:\/\/hurghadalovers.com\/fi\/#website\"},\"primaryImageOfPage\":{\"@id\":\"https:\/\/hurghadalovers.com\/fi\/tours\/snorklausvene-retki-soma-baysta\/#primaryimage\"},\"image\":{\"@id\":\"https:\/\/hurghadalovers.com\/fi\/tours\/snorklausvene-retki-soma-baysta\/#primaryimage\"},\"thumbnailUrl\":\"https:\/\/hurghadalovers.com\/wp-content\/uploads\/2023\/08\/Orange-bay-Island-Snorkeling-Trip-from-Soma-bay-Safaga.jpeg\",\"datePublished\":\"2023-08-27T10:48:50+00:00\",\"dateModified\":\"2026-02-07T17:32:32+00:00\",\"description\":\"Snorklausveneen retki Soma-lahdelta vesiurheilun ja lounaan kanssa, kuljetus. Kaunein Soma lahti Perheyst\u00e4v\u00e4llisi\u00e4 aktiviteetteja, Tekemist\u00e4 lasten kanssa...\",\"breadcrumb\":{\"@id\":\"https:\/\/hurghadalovers.com\/fi\/tours\/snorklausvene-retki-soma-baysta\/#breadcrumb\"},\"inLanguage\":\"fi\",\"potentialAction\":[{\"@type\":\"ReadAction\",\"target\":[\"https:\/\/hurghadalovers.com\/fi\/tours\/snorklausvene-retki-soma-baysta\/\"]}]},{\"@type\":\"ImageObject\",\"inLanguage\":\"fi\",\"@id\":\"https:\/\/hurghadalovers.com\/fi\/tours\/snorklausvene-retki-soma-baysta\/#primaryimage\",\"url\":\"https:\/\/hurghadalovers.com\/wp-content\/uploads\/2023\/08\/Orange-bay-Island-Snorkeling-Trip-from-Soma-bay-Safaga.jpeg\",\"contentUrl\":\"https:\/\/hurghadalovers.com\/wp-content\/uploads\/2023\/08\/Orange-bay-Island-Snorkeling-Trip-from-Soma-bay-Safaga.jpeg\",\"width\":1156,\"height\":521,\"caption\":\"Orange bay Island Snorkeling Trip from Soma bay \/ Safaga\"},{\"@type\":\"BreadcrumbList\",\"@id\":\"https:\/\/hurghadalovers.com\/fi\/tours\/snorklausvene-retki-soma-baysta\/#breadcrumb\",\"itemListElement\":[{\"@type\":\"ListItem\",\"position\":1,\"name\":\"Home\",\"item\":\"https:\/\/hurghadalovers.com\/fi\/\"},{\"@type\":\"ListItem\",\"position\":2,\"name\":\"Shop\",\"item\":\"https:\/\/hurghadalovers.com\/fi\/shop-3\/\"},{\"@type\":\"ListItem\",\"position\":3,\"name\":\"Snorklausveneen retki Soma-lahdelta\"}]},{\"@type\":\"WebSite\",\"@id\":\"https:\/\/hurghadalovers.com\/fi\/#website\",\"url\":\"https:\/\/hurghadalovers.com\/fi\/\",\"name\":\"Hurghada Excursions & Day Trips | Booking Best Prices Tours\",\"description\":\"Hurghada Lovers - Best Tour Operator - Excursions &amp; Things to do for Family Day Trips with kids and Couples Romantic. Unique .Hidden gems\",\"publisher\":{\"@id\":\"https:\/\/hurghadalovers.com\/fi\/#organization\"},\"alternateName\":\"Hurghada Excursions\",\"potentialAction\":[{\"@type\":\"SearchAction\",\"target\":{\"@type\":\"EntryPoint\",\"urlTemplate\":\"https:\/\/hurghadalovers.com\/fi\/?s={search_term_string}\"},\"query-input\":{\"@type\":\"PropertyValueSpecification\",\"valueRequired\":true,\"valueName\":\"search_term_string\"}}],\"inLanguage\":\"fi\"},{\"@type\":[\"Organization\",\"Place\",\"TravelAgency\"],\"@id\":\"https:\/\/hurghadalovers.com\/fi\/#organization\",\"name\":\"Hurghada Excursions\",\"url\":\"https:\/\/hurghadalovers.com\/fi\/\",\"logo\":{\"@id\":\"https:\/\/hurghadalovers.com\/fi\/tours\/snorklausvene-retki-soma-baysta\/#local-main-organization-logo\"},\"image\":{\"@id\":\"https:\/\/hurghadalovers.com\/fi\/tours\/snorklausvene-retki-soma-baysta\/#local-main-organization-logo\"},\"sameAs\":[\"https:\/\/www.facebook.com\/Hurghadaloversegypt\"],\"address\":{\"@id\":\"https:\/\/hurghadalovers.com\/fi\/tours\/snorklausvene-retki-soma-baysta\/#local-main-place-address\"},\"telephone\":[\"00201112596434\"],\"contactPoint\":{\"@type\":\"ContactPoint\",\"telephone\":\"00201112596434\",\"email\":\"weyouface@gmail.com\"},\"openingHoursSpecification\":{\"@type\":\"OpeningHoursSpecification\",\"dayOfWeek\":[\"Monday\",\"Tuesday\",\"Wednesday\",\"Thursday\",\"Friday\",\"Saturday\",\"Sunday\"],\"opens\":\"00:00\",\"closes\":\"23:59\"},\"email\":\"weyouface@gmail.com\",\"areaServed\":\"Luxor, Hurghada, El Gouna, Aswan, Sharm El Sheikh, Giza, Alexandria, Marsa Alam, Quseir, Soma Bay, Sahl Hasheesh, Red Sea, Makadi Bay, Cairo\",\"priceRange\":\"$\",\"currenciesAccepted\":\"euro\",\"paymentAccepted\":\"cash on site\"},{\"@type\":\"PostalAddress\",\"@id\":\"https:\/\/hurghadalovers.com\/fi\/tours\/snorklausvene-retki-soma-baysta\/#local-main-place-address\",\"streetAddress\":\"17 Banks street, Alkawther area, top nbk bank\",\"addressLocality\":\"hurghada\",\"postalCode\":\"84511\",\"addressRegion\":\"red sea\",\"addressCountry\":\"EG\"},{\"@type\":\"ImageObject\",\"inLanguage\":\"fi\",\"@id\":\"https:\/\/hurghadalovers.com\/fi\/tours\/snorklausvene-retki-soma-baysta\/#local-main-organization-logo\",\"url\":\"https:\/\/hurghadalovers.com\/wp-content\/uploads\/2019\/10\/hurghada-excursions-logo.png\",\"contentUrl\":\"https:\/\/hurghadalovers.com\/wp-content\/uploads\/2019\/10\/hurghada-excursions-logo.png\",\"width\":272,\"height\":90,\"caption\":\"Hurghada Excursions\"}]}<\/script>\n<meta property=\"product:brand\" content=\"Soma Bay Retket\" \/>\n<meta property=\"product:price:amount\" content=\"30\" \/>\n<meta property=\"product:price:currency\" content=\"EUR\" \/>\n<meta property=\"og:availability\" content=\"instock\" \/>\n<meta property=\"product:availability\" content=\"instock\" \/>\n<meta property=\"product:retailer_item_id\" content=\"PrivateSoma112024\" \/>\n<meta property=\"product:condition\" content=\"new\" \/>\n<meta name=\"geo.placename\" content=\"hurghada\" \/>\n<meta name=\"geo.region\" content=\"Egypti\" \/>\n<!-- \/ Yoast SEO Premium plugin. -->","yoast_head_json":{"title":"Snorklausveneen retki Soma-lahdelta vesiurheilun ja lounaan kanssa","description":"Snorklausveneen retki Soma-lahdelta vesiurheilun ja lounaan kanssa, kuljetus. Kaunein Soma lahti Perheyst\u00e4v\u00e4llisi\u00e4 aktiviteetteja, Tekemist\u00e4 lasten kanssa...","robots":{"index":"index","follow":"follow","max-snippet":"max-snippet:-1","max-image-preview":"max-image-preview:large","max-video-preview":"max-video-preview:-1"},"canonical":"https:\/\/hurghadalovers.com\/fi\/tours\/snorklausvene-retki-soma-baysta\/","og_locale":"fi_FI","og_type":"article","og_title":"Snorklausveneen retki Soma-lahdelta","og_description":"Snorklausveneen retki Soma-lahdelta vesiurheilun ja lounaan kanssa, kuljetus. Kaunein Soma lahti Perheyst\u00e4v\u00e4llisi\u00e4 aktiviteetteja, Tekemist\u00e4 lasten kanssa...","og_url":"https:\/\/hurghadalovers.com\/fi\/tours\/snorklausvene-retki-soma-baysta\/","og_site_name":"Hurghada Excursions &amp; Day Trips | Booking Best Prices Tours","article_publisher":"https:\/\/www.facebook.com\/Hurghadaloversegypt","article_modified_time":"2026-02-07T17:32:32+00:00","og_image":[{"width":1156,"height":521,"url":"https:\/\/hurghadalovers.com\/wp-content\/uploads\/2023\/08\/Orange-bay-Island-Snorkeling-Trip-from-Soma-bay-Safaga.jpeg","type":"image\/jpeg"}],"twitter_card":"summary_large_image","twitter_misc":{"Hinta":"&euro;&nbsp;30","Saatavuus":"Varastossa"},"schema":{"@context":"https:\/\/schema.org","@graph":[{"@type":["WebPage","ItemPage"],"@id":"https:\/\/hurghadalovers.com\/fi\/tours\/snorklausvene-retki-soma-baysta\/","url":"https:\/\/hurghadalovers.com\/fi\/tours\/snorklausvene-retki-soma-baysta\/","name":"Snorklausveneen retki Soma-lahdelta vesiurheilun ja lounaan kanssa","isPartOf":{"@id":"https:\/\/hurghadalovers.com\/fi\/#website"},"primaryImageOfPage":{"@id":"https:\/\/hurghadalovers.com\/fi\/tours\/snorklausvene-retki-soma-baysta\/#primaryimage"},"image":{"@id":"https:\/\/hurghadalovers.com\/fi\/tours\/snorklausvene-retki-soma-baysta\/#primaryimage"},"thumbnailUrl":"https:\/\/hurghadalovers.com\/wp-content\/uploads\/2023\/08\/Orange-bay-Island-Snorkeling-Trip-from-Soma-bay-Safaga.jpeg","datePublished":"2023-08-27T10:48:50+00:00","dateModified":"2026-02-07T17:32:32+00:00","description":"Snorklausveneen retki Soma-lahdelta vesiurheilun ja lounaan kanssa, kuljetus. Kaunein Soma lahti Perheyst\u00e4v\u00e4llisi\u00e4 aktiviteetteja, Tekemist\u00e4 lasten kanssa...","breadcrumb":{"@id":"https:\/\/hurghadalovers.com\/fi\/tours\/snorklausvene-retki-soma-baysta\/#breadcrumb"},"inLanguage":"fi","potentialAction":[{"@type":"ReadAction","target":["https:\/\/hurghadalovers.com\/fi\/tours\/snorklausvene-retki-soma-baysta\/"]}]},{"@type":"ImageObject","inLanguage":"fi","@id":"https:\/\/hurghadalovers.com\/fi\/tours\/snorklausvene-retki-soma-baysta\/#primaryimage","url":"https:\/\/hurghadalovers.com\/wp-content\/uploads\/2023\/08\/Orange-bay-Island-Snorkeling-Trip-from-Soma-bay-Safaga.jpeg","contentUrl":"https:\/\/hurghadalovers.com\/wp-content\/uploads\/2023\/08\/Orange-bay-Island-Snorkeling-Trip-from-Soma-bay-Safaga.jpeg","width":1156,"height":521,"caption":"Orange bay Island Snorkeling Trip from Soma bay \/ Safaga"},{"@type":"BreadcrumbList","@id":"https:\/\/hurghadalovers.com\/fi\/tours\/snorklausvene-retki-soma-baysta\/#breadcrumb","itemListElement":[{"@type":"ListItem","position":1,"name":"Home","item":"https:\/\/hurghadalovers.com\/fi\/"},{"@type":"ListItem","position":2,"name":"Shop","item":"https:\/\/hurghadalovers.com\/fi\/shop-3\/"},{"@type":"ListItem","position":3,"name":"Snorklausveneen retki Soma-lahdelta"}]},{"@type":"WebSite","@id":"https:\/\/hurghadalovers.com\/fi\/#website","url":"https:\/\/hurghadalovers.com\/fi\/","name":"Hurghada Excursions & Day Trips | Booking Best Prices Tours","description":"Hurghada Lovers - Best Tour Operator - Excursions &amp; Things to do for Family Day Trips with kids and Couples Romantic. Unique .Hidden gems","publisher":{"@id":"https:\/\/hurghadalovers.com\/fi\/#organization"},"alternateName":"Hurghada Excursions","potentialAction":[{"@type":"SearchAction","target":{"@type":"EntryPoint","urlTemplate":"https:\/\/hurghadalovers.com\/fi\/?s={search_term_string}"},"query-input":{"@type":"PropertyValueSpecification","valueRequired":true,"valueName":"search_term_string"}}],"inLanguage":"fi"},{"@type":["Organization","Place","TravelAgency"],"@id":"https:\/\/hurghadalovers.com\/fi\/#organization","name":"Hurghada Excursions","url":"https:\/\/hurghadalovers.com\/fi\/","logo":{"@id":"https:\/\/hurghadalovers.com\/fi\/tours\/snorklausvene-retki-soma-baysta\/#local-main-organization-logo"},"image":{"@id":"https:\/\/hurghadalovers.com\/fi\/tours\/snorklausvene-retki-soma-baysta\/#local-main-organization-logo"},"sameAs":["https:\/\/www.facebook.com\/Hurghadaloversegypt"],"address":{"@id":"https:\/\/hurghadalovers.com\/fi\/tours\/snorklausvene-retki-soma-baysta\/#local-main-place-address"},"telephone":["00201112596434"],"contactPoint":{"@type":"ContactPoint","telephone":"00201112596434","email":"weyouface@gmail.com"},"openingHoursSpecification":{"@type":"OpeningHoursSpecification","dayOfWeek":["Monday","Tuesday","Wednesday","Thursday","Friday","Saturday","Sunday"],"opens":"00:00","closes":"23:59"},"email":"weyouface@gmail.com","areaServed":"Luxor, Hurghada, El Gouna, Aswan, Sharm El Sheikh, Giza, Alexandria, Marsa Alam, Quseir, Soma Bay, Sahl Hasheesh, Red Sea, Makadi Bay, Cairo","priceRange":"$","currenciesAccepted":"euro","paymentAccepted":"cash on site"},{"@type":"PostalAddress","@id":"https:\/\/hurghadalovers.com\/fi\/tours\/snorklausvene-retki-soma-baysta\/#local-main-place-address","streetAddress":"17 Banks street, Alkawther area, top nbk bank","addressLocality":"hurghada","postalCode":"84511","addressRegion":"red sea","addressCountry":"EG"},{"@type":"ImageObject","inLanguage":"fi","@id":"https:\/\/hurghadalovers.com\/fi\/tours\/snorklausvene-retki-soma-baysta\/#local-main-organization-logo","url":"https:\/\/hurghadalovers.com\/wp-content\/uploads\/2019\/10\/hurghada-excursions-logo.png","contentUrl":"https:\/\/hurghadalovers.com\/wp-content\/uploads\/2019\/10\/hurghada-excursions-logo.png","width":272,"height":90,"caption":"Hurghada Excursions"}]},"product_brand":"Soma Bay Retket","product_price_amount":"30","product_price_currency":"EUR","og_availability":"instock","product_availability":"instock","product_retailer_item_id":"PrivateSoma112024","product_condition":"new","geo.placename":"hurghada","geo.region":"Egypti"},"_links":{"self":[{"href":"https:\/\/hurghadalovers.com\/fi\/wp-json\/wp\/v2\/product\/384972","targetHints":{"allow":["GET"]}}],"collection":[{"href":"https:\/\/hurghadalovers.com\/fi\/wp-json\/wp\/v2\/product"}],"about":[{"href":"https:\/\/hurghadalovers.com\/fi\/wp-json\/wp\/v2\/types\/product"}],"wp:featuredmedia":[{"embeddable":true,"href":"https:\/\/hurghadalovers.com\/fi\/wp-json\/wp\/v2\/media\/934138"}],"wp:attachment":[{"href":"https:\/\/hurghadalovers.com\/fi\/wp-json\/wp\/v2\/media?parent=384972"}],"wp:term":[{"taxonomy":"product_brand","embeddable":true,"href":"https:\/\/hurghadalovers.com\/fi\/wp-json\/wp\/v2\/product_brand?post=384972"},{"taxonomy":"product_cat","embeddable":true,"href":"https:\/\/hurghadalovers.com\/fi\/wp-json\/wp\/v2\/product_cat?post=384972"},{"taxonomy":"product_tag","embeddable":true,"href":"https:\/\/hurghadalovers.com\/fi\/wp-json\/wp\/v2\/product_tag?post=384972"}],"curies":[{"name":"wp","href":"https:\/\/api.w.org\/{rel}","templated":true}]}}