{"id":384319,"date":"2023-08-27T08:30:45","date_gmt":"2023-08-27T08:30:45","guid":{"rendered":"https:\/\/hurghadalovers.com\/shop\/Ei-luokiteltu\/soma-bay-yksityinen-pikaveneen-vuokraus-eden-islandille\/"},"modified":"2026-01-13T20:26:03","modified_gmt":"2026-01-13T20:26:03","slug":"soma-bay-private-speedboat-rental-to-eden-island","status":"publish","type":"product","link":"https:\/\/hurghadalovers.com\/fi\/tours\/soma-bay-private-speedboat-rental-to-eden-island\/","title":{"rendered":"Soma Bay Yksityinen pikaveneen vuokraus Eden Islandille"},"content":{"rendered":"<p><strong>Soma Bayn yksityinen pikaveneen vuokraus Eden Islandille <\/strong>lippuineen ja kuljetuksineen | 8 tunnin kokop\u00e4iv\u00e4 Edenin rannalla VIP-buffetlounas rannalla juomineen.<\/p>\n<p style=\"text-align: center;\"><span style=\"color: #993366;\">Kaunein Soma lahti <strong>Perheyst\u00e4v\u00e4lliset aktiviteetit<\/strong>, <strong>Tekemist\u00e4 lasten kanssa<\/strong>, <strong>Honeymoon<\/strong> ja <strong>Pariskunta<\/strong>.<\/span><\/p>\n<p>Nauti erityisest\u00e4 p\u00e4iv\u00e4st\u00e4 ja ainutlaatuisesta kokemuksesta <strong>yksityisyydell\u00e4<\/strong> ja <strong>ylellisyydell\u00e4<\/strong> ja l\u00e4hde perheen ja yst\u00e4vien kanssa <strong>Giftunin saaren<\/strong> kauneimmille rannoille.<\/p>\n<p><strong>Kohokohdat:<\/strong><\/p>\n<ul>\n<li>6-8 Eden Island Beachill\u00e4.<\/li>\n<li>VIP-buffetlounas rannalla.<\/li>\n<\/ul>\n<p><strong>Yksityiskohdat:<\/strong><\/p>\n<ul>\n<li>Kiertueen saatavuus: Joka p\u00e4iv\u00e4.<\/li>\n<li>Kiertueen tyyppi: Yksityinen.<\/li>\n<li>Noutoaika: Alkaa klo 07:30.<\/li>\n<li>Noutoaika: 18:00.<\/li>\n<li>Py\u00f6r\u00e4tuolilla p\u00e4\u00e4see.<\/li>\n<li>Kesto: 8 h.<\/li>\n<\/ul>\n<p><strong>Varaa nyt ja maksa my\u00f6hemmin:<\/strong><\/p>\n<ul>\n<li>K\u00e4teist\u00e4 paikan p\u00e4\u00e4ll\u00e4 oppaalle.<\/li>\n<li>Maksu Egyptin puntina, $, \u20ac tai \u00a3.<\/li>\n<\/ul>\n<p><strong>Peruutusehdot:<\/strong><\/p>\n<ul>\n<li>peruutus enint\u00e4\u00e4n 24 tuntia etuk\u00e4teen.<\/li>\n<li>Kun joku perheest\u00e4si peruuttaa aamup\u00e4iv\u00e4n, maksat 50 % kustannuksista.<\/li>\n<\/ul>\n<p><strong>Mit\u00e4 sis\u00e4ltyy?<\/strong><\/p>\n<ul>\n<li>Siirto Soma Bay Hotels &#8221;Hotel pick up and drop off&#8221;.<\/li>\n<li>Kaikki verot, sis\u00e4\u00e4np\u00e4\u00e4symaksut ja k\u00e4sittelymaksut.<\/li>\n<li>Kivenn\u00e4isvesi + Cola.<\/li>\n<li>6-8 Eden Island Beachill\u00e4.<\/li>\n<\/ul>\n<p><strong>Poikkeukset?<\/strong><\/p>\n<ul>\n<li>Juomarahat.<\/li>\n<li>Mahdolliset mainitsemattomat lis\u00e4maksut.<\/li>\n<\/ul>\n<p><strong>Hinnat:<\/strong><\/p>\n<ul>\n<li>Pikaveneen vuokraus Eden Islandille lippuineen &#8221;2 henkil\u00f6\u00e4&#8221; ja kuljetus = 310$<\/li>\n<li><strong>Enint\u00e4\u00e4n 2 henkil\u00f6\u00e4 Lis\u00e4lippu = 50$ per henkil\u00f6.<\/strong><\/li>\n<\/ul>\n<p><strong>Arvostelut:<\/strong><\/p>\n<p>tarkista Google Map Arvostelut paras <a href=\"https:\/\/g.page\/r\/CUeYvkngP3wkEBM\/review\">matkanj\u00e4rjest\u00e4j\u00e4 Hurghada<\/a> verkossa <a href=\"https:\/\/hurghadalovers.com\/\">Hurghada<\/a> Egyptiss\u00e4.<\/p>\n<p><strong>Varaukset:<\/strong><\/p>\n<p>L\u00e4het\u00e4 hotelli + huoneen numero + valokuvapassit WhatsAppiin: <strong>+201112596434<\/strong><\/p>\n<p>Jos olet pois Egyptin Varaus nyt verkossa ja vahvistaa, kun saapuminen Hotel.<\/p>\n<p>&nbsp;<\/p>\n<p>&nbsp;<\/p>\n","protected":false},"excerpt":{"rendered":"<p><strong>Soma Bayn yksityinen pikaveneen vuokraus Eden Islandille <\/strong>lippuineen ja kuljetuksineen | 8 tunnin kokop\u00e4iv\u00e4 Edenin rannalla VIP-buffetlounas rannalla juomineen.<\/p>\n","protected":false},"featured_media":931553,"template":"","meta":{"_joinchat":[]},"product_brand":[],"product_cat":[36656],"product_tag":[56186,56167,56189,56193,56191,56287,56345,56171,56330,56173,56264,56183,56332,56268,56153,56162,56157,56334,56164,56179,56176],"class_list":{"0":"post-384319","1":"product","2":"type-product","3":"status-publish","4":"has-post-thumbnail","6":"product_cat-kierrokset","7":"product_tag-dolphin-house-soma-bay-fi","8":"product_tag-giftunin-saari-soma-bay","9":"product_tag-merirosvolaiva-soma-bay","10":"product_tag-orange-bay-island-soma-bay-fi","11":"product_tag-paratiisisaari-soma-bay","12":"product_tag-perheen-tekemista-soma-bay","13":"product_tag-perhepaivia-soma-baysta","14":"product_tag-pikavene-soma-bay","15":"product_tag-romanttista-tekemista-soma-baysta","16":"product_tag-soma-bay-boat-charters-fi","17":"product_tag-soma-bay-toimintaa","18":"product_tag-soma-bay-yksityinen-veneretki","19":"product_tag-soma-bayn-aktiviteetit-pariskunnille","20":"product_tag-soma-bayn-paivaretket","21":"product_tag-soma-bayn-snorklausretket","22":"product_tag-soma-bayn-veneretket","23":"product_tag-sukellus-soma-bay","24":"product_tag-tekemista-soma-bayssa-pariskunnille","25":"product_tag-ui-delfiinien-kanssa-soma-bay","26":"product_tag-veneen-vuokraus-soma-bay","27":"product_tag-yksityinen-vene-soma-bay","28":"tour_category-soma-bay-retket","29":"tour_category-soma-bay-snorklaus","31":"first","32":"instock","33":"sale","34":"shipping-taxable","35":"purchasable","36":"product-type-tour"},"yoast_head":"<!-- This site is optimized with the Yoast SEO Premium plugin v26.9 (Yoast SEO v27.2) - https:\/\/yoast.com\/product\/yoast-seo-premium-wordpress\/ -->\n<title>Soma Bay Yksityinen pikaveneen vuokraus Eden Islandille<\/title>\n<meta name=\"description\" content=\"Soma Bayn yksityinen pikaveneen vuokraus Eden Islandille lippuineen ja kuljetuksineen | 8 tunnin kokop\u00e4iv\u00e4 Edenin rannalla VIP-buffetlounas rannalla juomineen.\" \/>\n<meta name=\"robots\" content=\"index, follow, max-snippet:-1, max-image-preview:large, max-video-preview:-1\" \/>\n<link rel=\"canonical\" href=\"https:\/\/hurghadalovers.com\/fi\/tours\/soma-bay-private-speedboat-rental-to-eden-island\/\" \/>\n<meta property=\"og:locale\" content=\"fi_FI\" \/>\n<meta property=\"og:type\" content=\"article\" \/>\n<meta property=\"og:title\" content=\"Soma Bay Yksityinen pikaveneen vuokraus Eden Islandille\" \/>\n<meta property=\"og:description\" content=\"Soma Bayn yksityinen pikaveneen vuokraus Eden Islandille lippuineen ja kuljetuksineen | 8 tunnin kokop\u00e4iv\u00e4 Edenin rannalla VIP-buffetlounas rannalla juomineen.\" \/>\n<meta property=\"og:url\" content=\"https:\/\/hurghadalovers.com\/fi\/tours\/soma-bay-private-speedboat-rental-to-eden-island\/\" \/>\n<meta property=\"og:site_name\" content=\"Hurghada Excursions &amp; Day Trips | Booking Best Prices Tours\" \/>\n<meta property=\"article:publisher\" content=\"https:\/\/www.facebook.com\/Hurghadaloversegypt\" \/>\n<meta property=\"article:modified_time\" content=\"2026-01-13T20:26:03+00:00\" \/>\n<meta property=\"og:image\" content=\"https:\/\/hurghadalovers.com\/wp-content\/uploads\/2023\/08\/Book-Your-VIP-Beach-Day-Use-all-inclusive-Now.jpeg\" \/>\n\t<meta property=\"og:image:width\" content=\"1555\" \/>\n\t<meta property=\"og:image:height\" content=\"1106\" \/>\n\t<meta property=\"og:image:type\" content=\"image\/jpeg\" \/>\n<meta name=\"twitter:card\" content=\"summary_large_image\" \/>\n<meta name=\"twitter:label1\" content=\"Hinta\" \/>\n\t<meta name=\"twitter:data1\" content=\"&euro;&nbsp;90\" \/>\n\t<meta name=\"twitter:label2\" content=\"Saatavuus\" \/>\n\t<meta name=\"twitter:data2\" content=\"Varastossa\" \/>\n<script type=\"application\/ld+json\" class=\"yoast-schema-graph\">{\"@context\":\"https:\/\/schema.org\",\"@graph\":[{\"@type\":[\"WebPage\",\"ItemPage\"],\"@id\":\"https:\/\/hurghadalovers.com\/fi\/tours\/soma-bay-private-speedboat-rental-to-eden-island\/\",\"url\":\"https:\/\/hurghadalovers.com\/fi\/tours\/soma-bay-private-speedboat-rental-to-eden-island\/\",\"name\":\"Soma Bay Yksityinen pikaveneen vuokraus Eden Islandille\",\"isPartOf\":{\"@id\":\"https:\/\/hurghadalovers.com\/fi\/#website\"},\"primaryImageOfPage\":{\"@id\":\"https:\/\/hurghadalovers.com\/fi\/tours\/soma-bay-private-speedboat-rental-to-eden-island\/#primaryimage\"},\"image\":{\"@id\":\"https:\/\/hurghadalovers.com\/fi\/tours\/soma-bay-private-speedboat-rental-to-eden-island\/#primaryimage\"},\"thumbnailUrl\":\"https:\/\/hurghadalovers.com\/wp-content\/uploads\/2023\/08\/Book-Your-VIP-Beach-Day-Use-all-inclusive-Now.jpeg\",\"datePublished\":\"2023-08-27T08:30:45+00:00\",\"dateModified\":\"2026-01-13T20:26:03+00:00\",\"description\":\"Soma Bayn yksityinen pikaveneen vuokraus Eden Islandille lippuineen ja kuljetuksineen | 8 tunnin kokop\u00e4iv\u00e4 Edenin rannalla VIP-buffetlounas rannalla juomineen.\",\"breadcrumb\":{\"@id\":\"https:\/\/hurghadalovers.com\/fi\/tours\/soma-bay-private-speedboat-rental-to-eden-island\/#breadcrumb\"},\"inLanguage\":\"fi\",\"potentialAction\":[{\"@type\":\"ReadAction\",\"target\":[\"https:\/\/hurghadalovers.com\/fi\/tours\/soma-bay-private-speedboat-rental-to-eden-island\/\"]}]},{\"@type\":\"ImageObject\",\"inLanguage\":\"fi\",\"@id\":\"https:\/\/hurghadalovers.com\/fi\/tours\/soma-bay-private-speedboat-rental-to-eden-island\/#primaryimage\",\"url\":\"https:\/\/hurghadalovers.com\/wp-content\/uploads\/2023\/08\/Book-Your-VIP-Beach-Day-Use-all-inclusive-Now.jpeg\",\"contentUrl\":\"https:\/\/hurghadalovers.com\/wp-content\/uploads\/2023\/08\/Book-Your-VIP-Beach-Day-Use-all-inclusive-Now.jpeg\",\"width\":1555,\"height\":1106,\"caption\":\"Book Your VIP Beach Day Use all inclusive Now\"},{\"@type\":\"BreadcrumbList\",\"@id\":\"https:\/\/hurghadalovers.com\/fi\/tours\/soma-bay-private-speedboat-rental-to-eden-island\/#breadcrumb\",\"itemListElement\":[{\"@type\":\"ListItem\",\"position\":1,\"name\":\"Home\",\"item\":\"https:\/\/hurghadalovers.com\/fi\/\"},{\"@type\":\"ListItem\",\"position\":2,\"name\":\"Shop\",\"item\":\"https:\/\/hurghadalovers.com\/fi\/shop-3\/\"},{\"@type\":\"ListItem\",\"position\":3,\"name\":\"Soma Bay Yksityinen pikaveneen vuokraus Eden Islandille\"}]},{\"@type\":\"WebSite\",\"@id\":\"https:\/\/hurghadalovers.com\/fi\/#website\",\"url\":\"https:\/\/hurghadalovers.com\/fi\/\",\"name\":\"Hurghada Excursions & Day Trips | Booking Best Prices Tours\",\"description\":\"Hurghada Lovers - Best Tour Operator - Excursions &amp; Things to do for Family Day Trips with kids and Couples Romantic. Unique .Hidden gems\",\"publisher\":{\"@id\":\"https:\/\/hurghadalovers.com\/fi\/#organization\"},\"alternateName\":\"Hurghada Excursions\",\"potentialAction\":[{\"@type\":\"SearchAction\",\"target\":{\"@type\":\"EntryPoint\",\"urlTemplate\":\"https:\/\/hurghadalovers.com\/fi\/?s={search_term_string}\"},\"query-input\":{\"@type\":\"PropertyValueSpecification\",\"valueRequired\":true,\"valueName\":\"search_term_string\"}}],\"inLanguage\":\"fi\"},{\"@type\":[\"Organization\",\"Place\",\"TravelAgency\"],\"@id\":\"https:\/\/hurghadalovers.com\/fi\/#organization\",\"name\":\"Hurghada Excursions\",\"url\":\"https:\/\/hurghadalovers.com\/fi\/\",\"logo\":{\"@id\":\"https:\/\/hurghadalovers.com\/fi\/tours\/soma-bay-private-speedboat-rental-to-eden-island\/#local-main-organization-logo\"},\"image\":{\"@id\":\"https:\/\/hurghadalovers.com\/fi\/tours\/soma-bay-private-speedboat-rental-to-eden-island\/#local-main-organization-logo\"},\"sameAs\":[\"https:\/\/www.facebook.com\/Hurghadaloversegypt\"],\"address\":{\"@id\":\"https:\/\/hurghadalovers.com\/fi\/tours\/soma-bay-private-speedboat-rental-to-eden-island\/#local-main-place-address\"},\"telephone\":[\"00201112596434\"],\"contactPoint\":{\"@type\":\"ContactPoint\",\"telephone\":\"00201112596434\",\"email\":\"weyouface@gmail.com\"},\"openingHoursSpecification\":{\"@type\":\"OpeningHoursSpecification\",\"dayOfWeek\":[\"Monday\",\"Tuesday\",\"Wednesday\",\"Thursday\",\"Friday\",\"Saturday\",\"Sunday\"],\"opens\":\"00:00\",\"closes\":\"23:59\"},\"email\":\"weyouface@gmail.com\",\"areaServed\":\"Luxor, Hurghada, El Gouna, Aswan, Sharm El Sheikh, Giza, Alexandria, Marsa Alam, Quseir, Soma Bay, Sahl Hasheesh, Red Sea, Makadi Bay, Cairo\",\"priceRange\":\"$\",\"currenciesAccepted\":\"euro\",\"paymentAccepted\":\"cash on site\"},{\"@type\":\"PostalAddress\",\"@id\":\"https:\/\/hurghadalovers.com\/fi\/tours\/soma-bay-private-speedboat-rental-to-eden-island\/#local-main-place-address\",\"streetAddress\":\"17 Banks street, Alkawther area, top nbk bank\",\"addressLocality\":\"hurghada\",\"postalCode\":\"84511\",\"addressRegion\":\"red sea\",\"addressCountry\":\"EG\"},{\"@type\":\"ImageObject\",\"inLanguage\":\"fi\",\"@id\":\"https:\/\/hurghadalovers.com\/fi\/tours\/soma-bay-private-speedboat-rental-to-eden-island\/#local-main-organization-logo\",\"url\":\"https:\/\/hurghadalovers.com\/wp-content\/uploads\/2019\/10\/hurghada-excursions-logo.png\",\"contentUrl\":\"https:\/\/hurghadalovers.com\/wp-content\/uploads\/2019\/10\/hurghada-excursions-logo.png\",\"width\":272,\"height\":90,\"caption\":\"Hurghada Excursions\"}]}<\/script>\n<meta property=\"product:brand\" content=\"Soma Bay Retket\" \/>\n<meta property=\"product:price:amount\" content=\"90\" \/>\n<meta property=\"product:price:currency\" content=\"EUR\" \/>\n<meta property=\"og:availability\" content=\"instock\" \/>\n<meta property=\"product:availability\" content=\"instock\" \/>\n<meta property=\"product:retailer_item_id\" content=\"312313hhh\" \/>\n<meta property=\"product:condition\" content=\"new\" \/>\n<meta name=\"geo.placename\" content=\"hurghada\" \/>\n<meta name=\"geo.region\" content=\"Egypti\" \/>\n<!-- \/ Yoast SEO Premium plugin. -->","yoast_head_json":{"title":"Soma Bay Yksityinen pikaveneen vuokraus Eden Islandille","description":"Soma Bayn yksityinen pikaveneen vuokraus Eden Islandille lippuineen ja kuljetuksineen | 8 tunnin kokop\u00e4iv\u00e4 Edenin rannalla VIP-buffetlounas rannalla juomineen.","robots":{"index":"index","follow":"follow","max-snippet":"max-snippet:-1","max-image-preview":"max-image-preview:large","max-video-preview":"max-video-preview:-1"},"canonical":"https:\/\/hurghadalovers.com\/fi\/tours\/soma-bay-private-speedboat-rental-to-eden-island\/","og_locale":"fi_FI","og_type":"article","og_title":"Soma Bay Yksityinen pikaveneen vuokraus Eden Islandille","og_description":"Soma Bayn yksityinen pikaveneen vuokraus Eden Islandille lippuineen ja kuljetuksineen | 8 tunnin kokop\u00e4iv\u00e4 Edenin rannalla VIP-buffetlounas rannalla juomineen.","og_url":"https:\/\/hurghadalovers.com\/fi\/tours\/soma-bay-private-speedboat-rental-to-eden-island\/","og_site_name":"Hurghada Excursions &amp; Day Trips | Booking Best Prices Tours","article_publisher":"https:\/\/www.facebook.com\/Hurghadaloversegypt","article_modified_time":"2026-01-13T20:26:03+00:00","og_image":[{"width":1555,"height":1106,"url":"https:\/\/hurghadalovers.com\/wp-content\/uploads\/2023\/08\/Book-Your-VIP-Beach-Day-Use-all-inclusive-Now.jpeg","type":"image\/jpeg"}],"twitter_card":"summary_large_image","twitter_misc":{"Hinta":"&euro;&nbsp;90","Saatavuus":"Varastossa"},"schema":{"@context":"https:\/\/schema.org","@graph":[{"@type":["WebPage","ItemPage"],"@id":"https:\/\/hurghadalovers.com\/fi\/tours\/soma-bay-private-speedboat-rental-to-eden-island\/","url":"https:\/\/hurghadalovers.com\/fi\/tours\/soma-bay-private-speedboat-rental-to-eden-island\/","name":"Soma Bay Yksityinen pikaveneen vuokraus Eden Islandille","isPartOf":{"@id":"https:\/\/hurghadalovers.com\/fi\/#website"},"primaryImageOfPage":{"@id":"https:\/\/hurghadalovers.com\/fi\/tours\/soma-bay-private-speedboat-rental-to-eden-island\/#primaryimage"},"image":{"@id":"https:\/\/hurghadalovers.com\/fi\/tours\/soma-bay-private-speedboat-rental-to-eden-island\/#primaryimage"},"thumbnailUrl":"https:\/\/hurghadalovers.com\/wp-content\/uploads\/2023\/08\/Book-Your-VIP-Beach-Day-Use-all-inclusive-Now.jpeg","datePublished":"2023-08-27T08:30:45+00:00","dateModified":"2026-01-13T20:26:03+00:00","description":"Soma Bayn yksityinen pikaveneen vuokraus Eden Islandille lippuineen ja kuljetuksineen | 8 tunnin kokop\u00e4iv\u00e4 Edenin rannalla VIP-buffetlounas rannalla juomineen.","breadcrumb":{"@id":"https:\/\/hurghadalovers.com\/fi\/tours\/soma-bay-private-speedboat-rental-to-eden-island\/#breadcrumb"},"inLanguage":"fi","potentialAction":[{"@type":"ReadAction","target":["https:\/\/hurghadalovers.com\/fi\/tours\/soma-bay-private-speedboat-rental-to-eden-island\/"]}]},{"@type":"ImageObject","inLanguage":"fi","@id":"https:\/\/hurghadalovers.com\/fi\/tours\/soma-bay-private-speedboat-rental-to-eden-island\/#primaryimage","url":"https:\/\/hurghadalovers.com\/wp-content\/uploads\/2023\/08\/Book-Your-VIP-Beach-Day-Use-all-inclusive-Now.jpeg","contentUrl":"https:\/\/hurghadalovers.com\/wp-content\/uploads\/2023\/08\/Book-Your-VIP-Beach-Day-Use-all-inclusive-Now.jpeg","width":1555,"height":1106,"caption":"Book Your VIP Beach Day Use all inclusive Now"},{"@type":"BreadcrumbList","@id":"https:\/\/hurghadalovers.com\/fi\/tours\/soma-bay-private-speedboat-rental-to-eden-island\/#breadcrumb","itemListElement":[{"@type":"ListItem","position":1,"name":"Home","item":"https:\/\/hurghadalovers.com\/fi\/"},{"@type":"ListItem","position":2,"name":"Shop","item":"https:\/\/hurghadalovers.com\/fi\/shop-3\/"},{"@type":"ListItem","position":3,"name":"Soma Bay Yksityinen pikaveneen vuokraus Eden Islandille"}]},{"@type":"WebSite","@id":"https:\/\/hurghadalovers.com\/fi\/#website","url":"https:\/\/hurghadalovers.com\/fi\/","name":"Hurghada Excursions & Day Trips | Booking Best Prices Tours","description":"Hurghada Lovers - Best Tour Operator - Excursions &amp; Things to do for Family Day Trips with kids and Couples Romantic. Unique .Hidden gems","publisher":{"@id":"https:\/\/hurghadalovers.com\/fi\/#organization"},"alternateName":"Hurghada Excursions","potentialAction":[{"@type":"SearchAction","target":{"@type":"EntryPoint","urlTemplate":"https:\/\/hurghadalovers.com\/fi\/?s={search_term_string}"},"query-input":{"@type":"PropertyValueSpecification","valueRequired":true,"valueName":"search_term_string"}}],"inLanguage":"fi"},{"@type":["Organization","Place","TravelAgency"],"@id":"https:\/\/hurghadalovers.com\/fi\/#organization","name":"Hurghada Excursions","url":"https:\/\/hurghadalovers.com\/fi\/","logo":{"@id":"https:\/\/hurghadalovers.com\/fi\/tours\/soma-bay-private-speedboat-rental-to-eden-island\/#local-main-organization-logo"},"image":{"@id":"https:\/\/hurghadalovers.com\/fi\/tours\/soma-bay-private-speedboat-rental-to-eden-island\/#local-main-organization-logo"},"sameAs":["https:\/\/www.facebook.com\/Hurghadaloversegypt"],"address":{"@id":"https:\/\/hurghadalovers.com\/fi\/tours\/soma-bay-private-speedboat-rental-to-eden-island\/#local-main-place-address"},"telephone":["00201112596434"],"contactPoint":{"@type":"ContactPoint","telephone":"00201112596434","email":"weyouface@gmail.com"},"openingHoursSpecification":{"@type":"OpeningHoursSpecification","dayOfWeek":["Monday","Tuesday","Wednesday","Thursday","Friday","Saturday","Sunday"],"opens":"00:00","closes":"23:59"},"email":"weyouface@gmail.com","areaServed":"Luxor, Hurghada, El Gouna, Aswan, Sharm El Sheikh, Giza, Alexandria, Marsa Alam, Quseir, Soma Bay, Sahl Hasheesh, Red Sea, Makadi Bay, Cairo","priceRange":"$","currenciesAccepted":"euro","paymentAccepted":"cash on site"},{"@type":"PostalAddress","@id":"https:\/\/hurghadalovers.com\/fi\/tours\/soma-bay-private-speedboat-rental-to-eden-island\/#local-main-place-address","streetAddress":"17 Banks street, Alkawther area, top nbk bank","addressLocality":"hurghada","postalCode":"84511","addressRegion":"red sea","addressCountry":"EG"},{"@type":"ImageObject","inLanguage":"fi","@id":"https:\/\/hurghadalovers.com\/fi\/tours\/soma-bay-private-speedboat-rental-to-eden-island\/#local-main-organization-logo","url":"https:\/\/hurghadalovers.com\/wp-content\/uploads\/2019\/10\/hurghada-excursions-logo.png","contentUrl":"https:\/\/hurghadalovers.com\/wp-content\/uploads\/2019\/10\/hurghada-excursions-logo.png","width":272,"height":90,"caption":"Hurghada Excursions"}]},"product_brand":"Soma Bay Retket","product_price_amount":"90","product_price_currency":"EUR","og_availability":"instock","product_availability":"instock","product_retailer_item_id":"312313hhh","product_condition":"new","geo.placename":"hurghada","geo.region":"Egypti"},"_links":{"self":[{"href":"https:\/\/hurghadalovers.com\/fi\/wp-json\/wp\/v2\/product\/384319","targetHints":{"allow":["GET"]}}],"collection":[{"href":"https:\/\/hurghadalovers.com\/fi\/wp-json\/wp\/v2\/product"}],"about":[{"href":"https:\/\/hurghadalovers.com\/fi\/wp-json\/wp\/v2\/types\/product"}],"wp:featuredmedia":[{"embeddable":true,"href":"https:\/\/hurghadalovers.com\/fi\/wp-json\/wp\/v2\/media\/931553"}],"wp:attachment":[{"href":"https:\/\/hurghadalovers.com\/fi\/wp-json\/wp\/v2\/media?parent=384319"}],"wp:term":[{"taxonomy":"product_brand","embeddable":true,"href":"https:\/\/hurghadalovers.com\/fi\/wp-json\/wp\/v2\/product_brand?post=384319"},{"taxonomy":"product_cat","embeddable":true,"href":"https:\/\/hurghadalovers.com\/fi\/wp-json\/wp\/v2\/product_cat?post=384319"},{"taxonomy":"product_tag","embeddable":true,"href":"https:\/\/hurghadalovers.com\/fi\/wp-json\/wp\/v2\/product_tag?post=384319"}],"curies":[{"name":"wp","href":"https:\/\/api.w.org\/{rel}","templated":true}]}}