{"id":383943,"date":"2023-08-26T20:04:01","date_gmt":"2023-08-26T20:04:01","guid":{"rendered":"https:\/\/hurghadalovers.com\/shop\/Ei-luokiteltu\/yksityinen-dendera-ja-abydos-soma-baysta-kasin\/"},"modified":"2026-02-08T17:39:26","modified_gmt":"2026-02-08T17:39:26","slug":"private-dendera-and-abydos-from-soma-bay","status":"publish","type":"product","link":"https:\/\/hurghadalovers.com\/fi\/tours\/private-dendera-and-abydos-from-soma-bay\/","title":{"rendered":"Yksityinen Dendera ja Abydos Soma Baysta k\u00e4sin"},"content":{"rendered":"<p><strong>Yksityinen Dendera ja Abydos <\/strong><strong>Soma Baysta <\/strong>yksityisoppaalla, lipuilla ja lounaalla.<\/p>\n<p>Tutustu faaraoiden salaisuuksiin ja t\u00e4htitieteen historiallisiin tosiasioihin, kun vierailet <strong>Hathorin temppeliss\u00e4<\/strong> ja <strong>Abydoksen temppeliss\u00e4<\/strong> ja l\u00f6yd\u00e4t salaisuuksia, salaper\u00e4isi\u00e4 hautakammioita ja paljon muuta.<\/p>\n<p><strong>Kohokohdat:<\/strong><\/p>\n<ul>\n<li>Hathorin temppeli.<\/li>\n<li>Denderan horoskooppi.<\/li>\n<li>Egyptin kalenteri.<\/li>\n<li>Salaper\u00e4iset kryptat.<\/li>\n<li>Kleopatra VII.<\/li>\n<li>Kuningasluettelo.<\/li>\n<li>Abydoksen temppeli.<\/li>\n<li>El\u00e4m\u00e4n kukka.<\/li>\n<li>Lounas ravintolassa &#8221;Kasvisruokaa on saatavilla&#8221;.<\/li>\n<\/ul>\n<p><strong>Yksityinen Dendera ja Abydos alkaen <\/strong><strong>Soma bay Yksityiskohdat:<\/strong><\/p>\n<ul>\n<li>Kiertueen saatavuus: Joka p\u00e4iv\u00e4.<\/li>\n<li>Kiertueen tyyppi: Yksityinen henkil\u00f6autolla tai tila-autolla.<\/li>\n<li>Noutoaika: Alkaa klo 05:00.<\/li>\n<li>Pyyt\u00e4m\u00e4ll\u00e4 Hotel saada aamiaispussi kanssasi Aamulla.<\/li>\n<li>Noutoaika: 19:00.<\/li>\n<li>Py\u00f6r\u00e4tuolilla p\u00e4\u00e4see.<\/li>\n<li>Kesto: 20h.<\/li>\n<\/ul>\n<p><strong>Varaa nyt ja maksa my\u00f6hemmin:<\/strong><\/p>\n<ul>\n<li>K\u00e4teist\u00e4 paikan p\u00e4\u00e4ll\u00e4 oppaalle.<\/li>\n<li>Maksu Egyptin puntina, $, \u20ac tai \u00a3.<\/li>\n<\/ul>\n<p><strong>Peruutusehdot:<\/strong><\/p>\n<ul>\n<li>peruutus enint\u00e4\u00e4n 24 tuntia etuk\u00e4teen.<\/li>\n<li>Kun joku perheest\u00e4si peruuttaa aamup\u00e4iv\u00e4n, maksat 50 % kustannuksista.<\/li>\n<\/ul>\n<p><strong>Mit\u00e4 sis\u00e4ltyy?<\/strong><\/p>\n<ul>\n<li>Siirto Soma Bay Hotels &#8221;Hotel pick up and drop off&#8221;.<\/li>\n<li>Kaikki verot, sis\u00e4\u00e4np\u00e4\u00e4symaksut ja k\u00e4sittelymaksut.<\/li>\n<li>Siirrot.<\/li>\n<li>Matkaopas.<\/li>\n<li>Juomat.<\/li>\n<li>Lounas ravintolassa.<\/li>\n<\/ul>\n<p><strong>Poikkeukset?<\/strong><\/p>\n<ul>\n<li>Juomarahat.<\/li>\n<li>Mahdolliset mainitsemattomat lis\u00e4maksut.<\/li>\n<\/ul>\n<p><strong>Hinnat:<\/strong><\/p>\n<ul>\n<li><strong>Aikuisten hinta = alkaen<\/strong><strong>120$ per henkil\u00f6<\/strong>.<\/li>\n<li>Hinta lapsille &#8221;5-12&#8221; = 50 %.<\/li>\n<li>lapsille &#8221;0-5\u2033= Ilmainen.<\/li>\n<\/ul>\n<p><strong>Arvostelut:<\/strong><\/p>\n<p>tarkista Google Map Arvostelut paras <a href=\"https:\/\/g.page\/r\/CUeYvkngP3wkEBM\/review\">matkanj\u00e4rjest\u00e4j\u00e4 Hurghada<\/a> verkossa <a href=\"https:\/\/hurghadalovers.com\/\">Hurghada<\/a> Egyptiss\u00e4.<\/p>\n<p><strong>Varaukset:<\/strong><\/p>\n<p>L\u00e4het\u00e4 hotelli + huoneen numero + valokuvapassit WhatsAppiin: <strong>+201112596434<\/strong><\/p>\n<p>Jos olet pois Egyptin Varaus nyt verkossa ja vahvistaa, kun saapuminen Hotel.<\/p>\n<p>&nbsp;<\/p>\n<p>&nbsp;<\/p>\n","protected":false},"excerpt":{"rendered":"<p>Yksityinen Dendera ja Abydos Soma Baysta yksityisoppaalla, lipuilla ja lounaalla. Tutustu faaraoiden salaisuuksiin ja t\u00e4htitieteen historiallisiin tosiasioihin ja paljon muuta&#8230;<\/p>\n","protected":false},"featured_media":383906,"template":"","meta":{"_joinchat":[]},"product_brand":[],"product_cat":[36656],"product_tag":[56223,56212,56200,56205,52313,56371,56347,56349,56374,56343,56345,56295,56218,56215,56149,56196,56202,56209,56145,56141,56356,56138,56221],"class_list":{"0":"post-383943","1":"product","2":"type-product","3":"status-publish","4":"has-post-thumbnail","6":"product_cat-kierrokset","7":"product_tag-kuumailmapallo-soma-bay","8":"product_tag-luxor-tour-alkaen-soma-bay","9":"product_tag-luxorin-matka-soma-baysta","10":"product_tag-luxorin-paivaretki-soma-baysta","11":"product_tag-luxorin-yksityiset-matkat","12":"product_tag-nahtavaa-soma-bayssa","13":"product_tag-paikkoja-vierailla-soma-bay","14":"product_tag-paivaretket-soma-baysta","15":"product_tag-paivaretkia-soma-baysta","16":"product_tag-perheaktiviteetit-soma-baysta","17":"product_tag-perhepaivia-soma-baysta","18":"product_tag-romanttista-tekemista-soma-bayssa","19":"product_tag-siirto-kohteesta-luxor-kohteeseen-soma-bay","20":"product_tag-soma-bay-kuninkaiden-laaksoon","21":"product_tag-soma-bay-lasten-aktiviteetit","22":"product_tag-soma-bay-luxoriin-paivaretki","23":"product_tag-soma-bay-to-luxor-bussi","24":"product_tag-soma-bay-tours-luxoriin","25":"product_tag-soma-bayn-lapsiystavalliset-retket","26":"product_tag-soma-bayn-perheystavalliset-aktiviteetit","27":"product_tag-soma-bayn-romanttiset-matkat","28":"product_tag-toimintaa-2-vuotiaille-alkaen-soma-bay","29":"product_tag-yksityinen-luxorin-kierros-soma-baysta","30":"tour_category-soma-bay-luxoriin-matkat-fi","31":"tour_category-soma-bay-retket","33":"first","34":"instock","35":"sale","36":"shipping-taxable","37":"purchasable","38":"product-type-tour"},"yoast_head":"<!-- This site is optimized with the Yoast SEO Premium plugin v26.9 (Yoast SEO v27.2) - https:\/\/yoast.com\/product\/yoast-seo-premium-wordpress\/ -->\n<title>Yksityinen Dendera ja Abydos Soma Baysta yksityisen oppaan kanssa<\/title>\n<meta name=\"description\" content=\"Yksityinen Dendera ja Abydos Soma Baysta yksityisoppaalla, lipuilla ja lounaalla. Tutustu faaraoiden salaisuuksiin ja t\u00e4htitieteen historiallisiin tosiasioihin.\" \/>\n<meta name=\"robots\" content=\"index, follow, max-snippet:-1, max-image-preview:large, max-video-preview:-1\" \/>\n<link rel=\"canonical\" href=\"https:\/\/hurghadalovers.com\/fi\/tours\/private-dendera-and-abydos-from-soma-bay\/\" \/>\n<meta property=\"og:locale\" content=\"fi_FI\" \/>\n<meta property=\"og:type\" content=\"article\" \/>\n<meta property=\"og:title\" content=\"Yksityinen Dendera ja Abydos Soma Baysta k\u00e4sin\" \/>\n<meta property=\"og:description\" content=\"Yksityinen Dendera ja Abydos Soma Baysta yksityisoppaalla, lipuilla ja lounaalla. Tutustu faaraoiden salaisuuksiin ja t\u00e4htitieteen historiallisiin tosiasioihin.\" \/>\n<meta property=\"og:url\" content=\"https:\/\/hurghadalovers.com\/fi\/tours\/private-dendera-and-abydos-from-soma-bay\/\" \/>\n<meta property=\"og:site_name\" content=\"Hurghada Excursions &amp; Day Trips | Booking Best Prices Tours\" \/>\n<meta property=\"article:publisher\" content=\"https:\/\/www.facebook.com\/Hurghadaloversegypt\" \/>\n<meta property=\"article:modified_time\" content=\"2026-02-08T17:39:26+00:00\" \/>\n<meta property=\"og:image\" content=\"https:\/\/hurghadalovers.com\/wp-content\/uploads\/2023\/08\/Private-Dendera-And-Abydos-from-Soma-bay.jpeg\" \/>\n\t<meta property=\"og:image:width\" content=\"1536\" \/>\n\t<meta property=\"og:image:height\" content=\"909\" \/>\n\t<meta property=\"og:image:type\" content=\"image\/jpeg\" \/>\n<meta name=\"twitter:card\" content=\"summary_large_image\" \/>\n<meta name=\"twitter:label1\" content=\"Hinta\" \/>\n\t<meta name=\"twitter:data1\" content=\"&euro;&nbsp;120\" \/>\n\t<meta name=\"twitter:label2\" content=\"Saatavuus\" \/>\n\t<meta name=\"twitter:data2\" content=\"Varastossa\" \/>\n<script type=\"application\/ld+json\" class=\"yoast-schema-graph\">{\"@context\":\"https:\/\/schema.org\",\"@graph\":[{\"@type\":[\"WebPage\",\"ItemPage\"],\"@id\":\"https:\/\/hurghadalovers.com\/fi\/tours\/private-dendera-and-abydos-from-soma-bay\/\",\"url\":\"https:\/\/hurghadalovers.com\/fi\/tours\/private-dendera-and-abydos-from-soma-bay\/\",\"name\":\"Yksityinen Dendera ja Abydos Soma Baysta yksityisen oppaan kanssa\",\"isPartOf\":{\"@id\":\"https:\/\/hurghadalovers.com\/fi\/#website\"},\"primaryImageOfPage\":{\"@id\":\"https:\/\/hurghadalovers.com\/fi\/tours\/private-dendera-and-abydos-from-soma-bay\/#primaryimage\"},\"image\":{\"@id\":\"https:\/\/hurghadalovers.com\/fi\/tours\/private-dendera-and-abydos-from-soma-bay\/#primaryimage\"},\"thumbnailUrl\":\"https:\/\/hurghadalovers.com\/wp-content\/uploads\/2023\/08\/Private-Dendera-And-Abydos-from-Soma-bay.jpeg\",\"datePublished\":\"2023-08-26T20:04:01+00:00\",\"dateModified\":\"2026-02-08T17:39:26+00:00\",\"description\":\"Yksityinen Dendera ja Abydos Soma Baysta yksityisoppaalla, lipuilla ja lounaalla. Tutustu faaraoiden salaisuuksiin ja t\u00e4htitieteen historiallisiin tosiasioihin.\",\"breadcrumb\":{\"@id\":\"https:\/\/hurghadalovers.com\/fi\/tours\/private-dendera-and-abydos-from-soma-bay\/#breadcrumb\"},\"inLanguage\":\"fi\",\"potentialAction\":[{\"@type\":\"ReadAction\",\"target\":[\"https:\/\/hurghadalovers.com\/fi\/tours\/private-dendera-and-abydos-from-soma-bay\/\"]}]},{\"@type\":\"ImageObject\",\"inLanguage\":\"fi\",\"@id\":\"https:\/\/hurghadalovers.com\/fi\/tours\/private-dendera-and-abydos-from-soma-bay\/#primaryimage\",\"url\":\"https:\/\/hurghadalovers.com\/wp-content\/uploads\/2023\/08\/Private-Dendera-And-Abydos-from-Soma-bay.jpeg\",\"contentUrl\":\"https:\/\/hurghadalovers.com\/wp-content\/uploads\/2023\/08\/Private-Dendera-And-Abydos-from-Soma-bay.jpeg\",\"width\":1536,\"height\":909,\"caption\":\"Yksityinen Dendera ja Abydos Soma Baysta yksityisen oppaan kanssa\"},{\"@type\":\"BreadcrumbList\",\"@id\":\"https:\/\/hurghadalovers.com\/fi\/tours\/private-dendera-and-abydos-from-soma-bay\/#breadcrumb\",\"itemListElement\":[{\"@type\":\"ListItem\",\"position\":1,\"name\":\"Home\",\"item\":\"https:\/\/hurghadalovers.com\/fi\/\"},{\"@type\":\"ListItem\",\"position\":2,\"name\":\"Shop\",\"item\":\"https:\/\/hurghadalovers.com\/fi\/shop-3\/\"},{\"@type\":\"ListItem\",\"position\":3,\"name\":\"Yksityinen Dendera ja Abydos Soma Baysta k\u00e4sin\"}]},{\"@type\":\"WebSite\",\"@id\":\"https:\/\/hurghadalovers.com\/fi\/#website\",\"url\":\"https:\/\/hurghadalovers.com\/fi\/\",\"name\":\"Hurghada Excursions & Day Trips | Booking Best Prices Tours\",\"description\":\"Hurghada Lovers - Best Tour Operator - Excursions &amp; Things to do for Family Day Trips with kids and Couples Romantic. Unique .Hidden gems\",\"publisher\":{\"@id\":\"https:\/\/hurghadalovers.com\/fi\/#organization\"},\"alternateName\":\"Hurghada Excursions\",\"potentialAction\":[{\"@type\":\"SearchAction\",\"target\":{\"@type\":\"EntryPoint\",\"urlTemplate\":\"https:\/\/hurghadalovers.com\/fi\/?s={search_term_string}\"},\"query-input\":{\"@type\":\"PropertyValueSpecification\",\"valueRequired\":true,\"valueName\":\"search_term_string\"}}],\"inLanguage\":\"fi\"},{\"@type\":[\"Organization\",\"Place\",\"TravelAgency\"],\"@id\":\"https:\/\/hurghadalovers.com\/fi\/#organization\",\"name\":\"Hurghada Excursions\",\"url\":\"https:\/\/hurghadalovers.com\/fi\/\",\"logo\":{\"@id\":\"https:\/\/hurghadalovers.com\/fi\/tours\/private-dendera-and-abydos-from-soma-bay\/#local-main-organization-logo\"},\"image\":{\"@id\":\"https:\/\/hurghadalovers.com\/fi\/tours\/private-dendera-and-abydos-from-soma-bay\/#local-main-organization-logo\"},\"sameAs\":[\"https:\/\/www.facebook.com\/Hurghadaloversegypt\"],\"address\":{\"@id\":\"https:\/\/hurghadalovers.com\/fi\/tours\/private-dendera-and-abydos-from-soma-bay\/#local-main-place-address\"},\"telephone\":[\"00201112596434\"],\"contactPoint\":{\"@type\":\"ContactPoint\",\"telephone\":\"00201112596434\",\"email\":\"weyouface@gmail.com\"},\"openingHoursSpecification\":{\"@type\":\"OpeningHoursSpecification\",\"dayOfWeek\":[\"Monday\",\"Tuesday\",\"Wednesday\",\"Thursday\",\"Friday\",\"Saturday\",\"Sunday\"],\"opens\":\"00:00\",\"closes\":\"23:59\"},\"email\":\"weyouface@gmail.com\",\"areaServed\":\"Luxor, Hurghada, El Gouna, Aswan, Sharm El Sheikh, Giza, Alexandria, Marsa Alam, Quseir, Soma Bay, Sahl Hasheesh, Red Sea, Makadi Bay, Cairo\",\"priceRange\":\"$\",\"currenciesAccepted\":\"euro\",\"paymentAccepted\":\"cash on site\"},{\"@type\":\"PostalAddress\",\"@id\":\"https:\/\/hurghadalovers.com\/fi\/tours\/private-dendera-and-abydos-from-soma-bay\/#local-main-place-address\",\"streetAddress\":\"17 Banks street, Alkawther area, top nbk bank\",\"addressLocality\":\"hurghada\",\"postalCode\":\"84511\",\"addressRegion\":\"red sea\",\"addressCountry\":\"EG\"},{\"@type\":\"ImageObject\",\"inLanguage\":\"fi\",\"@id\":\"https:\/\/hurghadalovers.com\/fi\/tours\/private-dendera-and-abydos-from-soma-bay\/#local-main-organization-logo\",\"url\":\"https:\/\/hurghadalovers.com\/wp-content\/uploads\/2019\/10\/hurghada-excursions-logo.png\",\"contentUrl\":\"https:\/\/hurghadalovers.com\/wp-content\/uploads\/2019\/10\/hurghada-excursions-logo.png\",\"width\":272,\"height\":90,\"caption\":\"Hurghada Excursions\"}]}<\/script>\n<meta property=\"product:brand\" content=\"Luxor P\u00e4iv\u00e4retki Soma Bay\" \/>\n<meta property=\"product:price:amount\" content=\"120\" \/>\n<meta property=\"product:price:currency\" content=\"EUR\" \/>\n<meta property=\"og:availability\" content=\"instock\" \/>\n<meta property=\"product:availability\" content=\"instock\" \/>\n<meta property=\"product:retailer_item_id\" content=\"PrivateSomabay302024\" \/>\n<meta property=\"product:condition\" content=\"new\" \/>\n<meta name=\"geo.placename\" content=\"hurghada\" \/>\n<meta name=\"geo.region\" content=\"Egypti\" \/>\n<!-- \/ Yoast SEO Premium plugin. -->","yoast_head_json":{"title":"Yksityinen Dendera ja Abydos Soma Baysta yksityisen oppaan kanssa","description":"Yksityinen Dendera ja Abydos Soma Baysta yksityisoppaalla, lipuilla ja lounaalla. Tutustu faaraoiden salaisuuksiin ja t\u00e4htitieteen historiallisiin tosiasioihin.","robots":{"index":"index","follow":"follow","max-snippet":"max-snippet:-1","max-image-preview":"max-image-preview:large","max-video-preview":"max-video-preview:-1"},"canonical":"https:\/\/hurghadalovers.com\/fi\/tours\/private-dendera-and-abydos-from-soma-bay\/","og_locale":"fi_FI","og_type":"article","og_title":"Yksityinen Dendera ja Abydos Soma Baysta k\u00e4sin","og_description":"Yksityinen Dendera ja Abydos Soma Baysta yksityisoppaalla, lipuilla ja lounaalla. Tutustu faaraoiden salaisuuksiin ja t\u00e4htitieteen historiallisiin tosiasioihin.","og_url":"https:\/\/hurghadalovers.com\/fi\/tours\/private-dendera-and-abydos-from-soma-bay\/","og_site_name":"Hurghada Excursions &amp; Day Trips | Booking Best Prices Tours","article_publisher":"https:\/\/www.facebook.com\/Hurghadaloversegypt","article_modified_time":"2026-02-08T17:39:26+00:00","og_image":[{"width":1536,"height":909,"url":"https:\/\/hurghadalovers.com\/wp-content\/uploads\/2023\/08\/Private-Dendera-And-Abydos-from-Soma-bay.jpeg","type":"image\/jpeg"}],"twitter_card":"summary_large_image","twitter_misc":{"Hinta":"&euro;&nbsp;120","Saatavuus":"Varastossa"},"schema":{"@context":"https:\/\/schema.org","@graph":[{"@type":["WebPage","ItemPage"],"@id":"https:\/\/hurghadalovers.com\/fi\/tours\/private-dendera-and-abydos-from-soma-bay\/","url":"https:\/\/hurghadalovers.com\/fi\/tours\/private-dendera-and-abydos-from-soma-bay\/","name":"Yksityinen Dendera ja Abydos Soma Baysta yksityisen oppaan kanssa","isPartOf":{"@id":"https:\/\/hurghadalovers.com\/fi\/#website"},"primaryImageOfPage":{"@id":"https:\/\/hurghadalovers.com\/fi\/tours\/private-dendera-and-abydos-from-soma-bay\/#primaryimage"},"image":{"@id":"https:\/\/hurghadalovers.com\/fi\/tours\/private-dendera-and-abydos-from-soma-bay\/#primaryimage"},"thumbnailUrl":"https:\/\/hurghadalovers.com\/wp-content\/uploads\/2023\/08\/Private-Dendera-And-Abydos-from-Soma-bay.jpeg","datePublished":"2023-08-26T20:04:01+00:00","dateModified":"2026-02-08T17:39:26+00:00","description":"Yksityinen Dendera ja Abydos Soma Baysta yksityisoppaalla, lipuilla ja lounaalla. Tutustu faaraoiden salaisuuksiin ja t\u00e4htitieteen historiallisiin tosiasioihin.","breadcrumb":{"@id":"https:\/\/hurghadalovers.com\/fi\/tours\/private-dendera-and-abydos-from-soma-bay\/#breadcrumb"},"inLanguage":"fi","potentialAction":[{"@type":"ReadAction","target":["https:\/\/hurghadalovers.com\/fi\/tours\/private-dendera-and-abydos-from-soma-bay\/"]}]},{"@type":"ImageObject","inLanguage":"fi","@id":"https:\/\/hurghadalovers.com\/fi\/tours\/private-dendera-and-abydos-from-soma-bay\/#primaryimage","url":"https:\/\/hurghadalovers.com\/wp-content\/uploads\/2023\/08\/Private-Dendera-And-Abydos-from-Soma-bay.jpeg","contentUrl":"https:\/\/hurghadalovers.com\/wp-content\/uploads\/2023\/08\/Private-Dendera-And-Abydos-from-Soma-bay.jpeg","width":1536,"height":909,"caption":"Yksityinen Dendera ja Abydos Soma Baysta yksityisen oppaan kanssa"},{"@type":"BreadcrumbList","@id":"https:\/\/hurghadalovers.com\/fi\/tours\/private-dendera-and-abydos-from-soma-bay\/#breadcrumb","itemListElement":[{"@type":"ListItem","position":1,"name":"Home","item":"https:\/\/hurghadalovers.com\/fi\/"},{"@type":"ListItem","position":2,"name":"Shop","item":"https:\/\/hurghadalovers.com\/fi\/shop-3\/"},{"@type":"ListItem","position":3,"name":"Yksityinen Dendera ja Abydos Soma Baysta k\u00e4sin"}]},{"@type":"WebSite","@id":"https:\/\/hurghadalovers.com\/fi\/#website","url":"https:\/\/hurghadalovers.com\/fi\/","name":"Hurghada Excursions & Day Trips | Booking Best Prices Tours","description":"Hurghada Lovers - Best Tour Operator - Excursions &amp; Things to do for Family Day Trips with kids and Couples Romantic. Unique .Hidden gems","publisher":{"@id":"https:\/\/hurghadalovers.com\/fi\/#organization"},"alternateName":"Hurghada Excursions","potentialAction":[{"@type":"SearchAction","target":{"@type":"EntryPoint","urlTemplate":"https:\/\/hurghadalovers.com\/fi\/?s={search_term_string}"},"query-input":{"@type":"PropertyValueSpecification","valueRequired":true,"valueName":"search_term_string"}}],"inLanguage":"fi"},{"@type":["Organization","Place","TravelAgency"],"@id":"https:\/\/hurghadalovers.com\/fi\/#organization","name":"Hurghada Excursions","url":"https:\/\/hurghadalovers.com\/fi\/","logo":{"@id":"https:\/\/hurghadalovers.com\/fi\/tours\/private-dendera-and-abydos-from-soma-bay\/#local-main-organization-logo"},"image":{"@id":"https:\/\/hurghadalovers.com\/fi\/tours\/private-dendera-and-abydos-from-soma-bay\/#local-main-organization-logo"},"sameAs":["https:\/\/www.facebook.com\/Hurghadaloversegypt"],"address":{"@id":"https:\/\/hurghadalovers.com\/fi\/tours\/private-dendera-and-abydos-from-soma-bay\/#local-main-place-address"},"telephone":["00201112596434"],"contactPoint":{"@type":"ContactPoint","telephone":"00201112596434","email":"weyouface@gmail.com"},"openingHoursSpecification":{"@type":"OpeningHoursSpecification","dayOfWeek":["Monday","Tuesday","Wednesday","Thursday","Friday","Saturday","Sunday"],"opens":"00:00","closes":"23:59"},"email":"weyouface@gmail.com","areaServed":"Luxor, Hurghada, El Gouna, Aswan, Sharm El Sheikh, Giza, Alexandria, Marsa Alam, Quseir, Soma Bay, Sahl Hasheesh, Red Sea, Makadi Bay, Cairo","priceRange":"$","currenciesAccepted":"euro","paymentAccepted":"cash on site"},{"@type":"PostalAddress","@id":"https:\/\/hurghadalovers.com\/fi\/tours\/private-dendera-and-abydos-from-soma-bay\/#local-main-place-address","streetAddress":"17 Banks street, Alkawther area, top nbk bank","addressLocality":"hurghada","postalCode":"84511","addressRegion":"red sea","addressCountry":"EG"},{"@type":"ImageObject","inLanguage":"fi","@id":"https:\/\/hurghadalovers.com\/fi\/tours\/private-dendera-and-abydos-from-soma-bay\/#local-main-organization-logo","url":"https:\/\/hurghadalovers.com\/wp-content\/uploads\/2019\/10\/hurghada-excursions-logo.png","contentUrl":"https:\/\/hurghadalovers.com\/wp-content\/uploads\/2019\/10\/hurghada-excursions-logo.png","width":272,"height":90,"caption":"Hurghada Excursions"}]},"product_brand":"Luxor P\u00e4iv\u00e4retki Soma Bay","product_price_amount":"120","product_price_currency":"EUR","og_availability":"instock","product_availability":"instock","product_retailer_item_id":"PrivateSomabay302024","product_condition":"new","geo.placename":"hurghada","geo.region":"Egypti"},"_links":{"self":[{"href":"https:\/\/hurghadalovers.com\/fi\/wp-json\/wp\/v2\/product\/383943","targetHints":{"allow":["GET"]}}],"collection":[{"href":"https:\/\/hurghadalovers.com\/fi\/wp-json\/wp\/v2\/product"}],"about":[{"href":"https:\/\/hurghadalovers.com\/fi\/wp-json\/wp\/v2\/types\/product"}],"wp:featuredmedia":[{"embeddable":true,"href":"https:\/\/hurghadalovers.com\/fi\/wp-json\/wp\/v2\/media\/383906"}],"wp:attachment":[{"href":"https:\/\/hurghadalovers.com\/fi\/wp-json\/wp\/v2\/media?parent=383943"}],"wp:term":[{"taxonomy":"product_brand","embeddable":true,"href":"https:\/\/hurghadalovers.com\/fi\/wp-json\/wp\/v2\/product_brand?post=383943"},{"taxonomy":"product_cat","embeddable":true,"href":"https:\/\/hurghadalovers.com\/fi\/wp-json\/wp\/v2\/product_cat?post=383943"},{"taxonomy":"product_tag","embeddable":true,"href":"https:\/\/hurghadalovers.com\/fi\/wp-json\/wp\/v2\/product_tag?post=383943"}],"curies":[{"name":"wp","href":"https:\/\/api.w.org\/{rel}","templated":true}]}}