{"id":383711,"date":"2023-08-26T15:17:06","date_gmt":"2023-08-26T15:17:06","guid":{"rendered":"https:\/\/hurghadalovers.com\/shop\/Ei-luokiteltu\/yksityinen-soma-bay-tours-luxoriin-ja-assuaniin-3-paivaa\/"},"modified":"2026-02-09T08:40:30","modified_gmt":"2026-02-09T08:40:30","slug":"yksityinen-soma-lahdelle-matkat-luxor-aswan-3-paivaa","status":"publish","type":"product","link":"https:\/\/hurghadalovers.com\/fi\/tours\/yksityinen-soma-lahdelle-matkat-luxor-aswan-3-paivaa\/","title":{"rendered":"Yksityinen Soma Bay Tours Luxoriin ja Assuaniin &#8211; 3 p\u00e4iv\u00e4\u00e4"},"content":{"rendered":"<p><strong>Yksityinen <\/strong><strong>Soma Bay <\/strong><strong>Tours Luxor<\/strong> &amp; &amp; Aswan &#8211; 3 p\u00e4iv\u00e4\u00e4 yksityinen opas, liput ja lounas.<\/p>\n<p>Erityinen 3-p\u00e4iv\u00e4inen kiertue kaikille Egyptin muinaisen sivilisaation yst\u00e4ville l\u00f6yt\u00e4\u00e4 uusia tosiasioita ja salaisuuksia faraoiden kuninkaista ja vierailla t\u00e4rkeimmiss\u00e4 temppeleiss\u00e4 ja kuninkaallisissa haudoissa Luxorissa ja Assuanissa ja paljon muuta.<\/p>\n<p>&nbsp;<\/p>\n<p><strong>Kohokohdat:<\/strong><\/p>\n<ul>\n<li>Karnakin temppeli.<\/li>\n<li>Memnonin kolossit.<\/li>\n<li>Hat\u0161epsutin hautajaistemppeli.<\/li>\n<li>3 Kuninkaiden laakson haudat .<\/li>\n<li>Philaen temppelikompleksi.<\/li>\n<li>Keskener\u00e4inen obeliski.<\/li>\n<li>Edfun temppeli.<\/li>\n<li>Kom Ombon temppeli.<\/li>\n<li>Korkea pato.<\/li>\n<li>Abu Simbelin temppelit.<\/li>\n<li>Lounas ravintolassa &#8221;Kasvisruokaa on saatavilla&#8221;.<\/li>\n<\/ul>\n<p><strong>Yksityinen <\/strong><strong>Soma lahti <\/strong><strong>Retket Luxoriin &amp; Assuaniin Yksityiskohtia:<\/strong><\/p>\n<ul>\n<li>Kiertueen saatavuus: Joka p\u00e4iv\u00e4.<\/li>\n<li>Kiertueen tyyppi: Yksityinen henkil\u00f6autolla tai tila-autolla.<\/li>\n<li>Noutoaika: Alkaa klo 05:30.<\/li>\n<li>Pyyt\u00e4m\u00e4ll\u00e4 Hotel saada aamiaispussi kanssasi Aamulla.<\/li>\n<li>Noutoaika: 19:00.<\/li>\n<li>Py\u00f6r\u00e4tuolilla p\u00e4\u00e4see.<\/li>\n<li>Kesto: Kesto: 3 p\u00e4iv\u00e4\u00e4 \/ 2 y\u00f6t\u00e4.<\/li>\n<\/ul>\n<p><strong>Varaa nyt ja maksa my\u00f6hemmin:<\/strong><\/p>\n<ul>\n<li>K\u00e4teist\u00e4 paikan p\u00e4\u00e4ll\u00e4 oppaalle.<\/li>\n<li>Maksu Egyptin puntina, $, \u20ac tai \u00a3.<\/li>\n<\/ul>\n<p><strong>Peruutusehdot:<\/strong><\/p>\n<ul>\n<li>peruutus enint\u00e4\u00e4n 24 tuntia etuk\u00e4teen.<\/li>\n<li>Kun joku perheest\u00e4si peruuttaa aamup\u00e4iv\u00e4n, maksat 50 % kustannuksista.<\/li>\n<\/ul>\n<p><strong>Mit\u00e4 sis\u00e4ltyy?<\/strong><\/p>\n<ul>\n<li>Siirto Soma Bay Hotels &#8221;Hotel pick up and drop off&#8221;.<\/li>\n<li>Kaikki verot, sis\u00e4\u00e4np\u00e4\u00e4symaksut ja k\u00e4sittelymaksut.<\/li>\n<li>Siirrot.<\/li>\n<li>Matkaopas.<\/li>\n<li>2 y\u00f6t\u00e4 hotellissa aamiaisella.<\/li>\n<li>Juomat.<\/li>\n<li>3 kertaa lounas ravintolassa.<\/li>\n<\/ul>\n<p><strong>Poikkeukset?<\/strong><\/p>\n<ul>\n<li>Juomarahat.<\/li>\n<li>Feluccaretki &#8221;Boat cruise&#8221; 35 min= 10$.<\/li>\n<li>Mahdolliset mainitsemattomat lis\u00e4maksut.<\/li>\n<\/ul>\n<p><strong>voit lis\u00e4t\u00e4 ensimm\u00e4isen\u00e4 p\u00e4iv\u00e4n\u00e4 tai rentoutua hotellissa:<\/strong><\/p>\n<ul>\n<li>Yksityinen 30 minuutin felucca Niilin joella.<\/li>\n<li>Muumioitumismuseo.<\/li>\n<\/ul>\n<p><strong>voit lis\u00e4t\u00e4 toisen p\u00e4iv\u00e4n:<\/strong><\/p>\n<ul>\n<li>Kuningatar Nefertiti kuningattarien laaksossa.<\/li>\n<li>Ostokset.<\/li>\n<li>TAI k\u00e4y Denderan temppeliss\u00e4<\/li>\n<li>Kuumailmapalloajelu.<\/li>\n<\/ul>\n<p><strong>Hinnat:<\/strong><\/p>\n<ul>\n<li><strong>Aikuisten hinta = alkaen<\/strong><strong>520$ per henkil\u00f6<\/strong>.<\/li>\n<li>Hinta lapsille &#8221;5-12&#8221; = 50 %.<\/li>\n<li>lapsille &#8221;0-5\u2033= Ilmainen.<\/li>\n<\/ul>\n<p><strong>Arvostelut:<\/strong><\/p>\n<p>tarkista Google Map Arvostelut paras <a href=\"https:\/\/g.page\/r\/CUeYvkngP3wkEBM\/review\">matkanj\u00e4rjest\u00e4j\u00e4 Hurghada<\/a> verkossa <a href=\"https:\/\/hurghadalovers.com\/\">Hurghada<\/a> Egyptiss\u00e4.<\/p>\n<p>&nbsp;<\/p>\n<p><strong>Varaukset:<\/strong><\/p>\n<p>L\u00e4het\u00e4 hotelli + huoneen numero + valokuvapassit WhatsAppiin: <strong>+201112596434<\/strong><\/p>\n<p>Jos olet pois Egyptin Varaus nyt verkossa ja vahvistaa, kun saapuminen Hotel.<\/p>\n<p>&nbsp;<\/p>\n<p>&nbsp;<\/p>\n","protected":false},"excerpt":{"rendered":"<p>Yksityinen Soma Bay Tours Luxor &amp; &amp; Aswan &#8211; 3 p\u00e4iv\u00e4\u00e4 yksityinen opas, liput ja lounas. l\u00f6yd\u00e4 uusia faktoja ja salaisuuksia faaraoiden kuninkaista.<\/p>\n","protected":false},"featured_media":132040,"template":"","meta":{"_joinchat":[]},"product_brand":[],"product_cat":[36656],"product_tag":[56125,56223,56212,56200,56205,52313,56330,56218,56215,56196,56273,56260,56202,56264,56209,56332,56268,56120,56328,56334,56362,56221],"class_list":{"0":"post-383711","1":"product","2":"type-product","3":"status-publish","4":"has-post-thumbnail","6":"product_cat-kierrokset","7":"product_tag-family-fun-paikkoja-soma-bay","8":"product_tag-kuumailmapallo-soma-bay","9":"product_tag-luxor-tour-alkaen-soma-bay","10":"product_tag-luxorin-matka-soma-baysta","11":"product_tag-luxorin-paivaretki-soma-baysta","12":"product_tag-luxorin-yksityiset-matkat","13":"product_tag-romanttista-tekemista-soma-baysta","14":"product_tag-siirto-kohteesta-luxor-kohteeseen-soma-bay","15":"product_tag-soma-bay-kuninkaiden-laaksoon","16":"product_tag-soma-bay-luxoriin-paivaretki","17":"product_tag-soma-bay-mita-tehda","18":"product_tag-soma-bay-retket","19":"product_tag-soma-bay-to-luxor-bussi","20":"product_tag-soma-bay-toimintaa","21":"product_tag-soma-bay-tours-luxoriin","22":"product_tag-soma-bayn-aktiviteetit-pariskunnille","23":"product_tag-soma-bayn-paivaretket","24":"product_tag-tekemista-perheen-kanssa-soma-bay","25":"product_tag-tekemista-soma-bayssa","26":"product_tag-tekemista-soma-bayssa-pariskunnille","27":"product_tag-toimintaa-teens-from-soma-bay","28":"product_tag-yksityinen-luxorin-kierros-soma-baysta","29":"tour_category-soma-bay-luxoriin-matkat-fi","30":"tour_category-soma-bay-retket","32":"first","33":"instock","34":"sale","35":"shipping-taxable","36":"purchasable","37":"product-type-tour"},"yoast_head":"<!-- This site is optimized with the Yoast SEO Premium plugin v26.9 (Yoast SEO v27.2) - https:\/\/yoast.com\/product\/yoast-seo-premium-wordpress\/ -->\n<title>Yksityinen Soma Bay Tours Luxoriin ja Assuaniin - 3 p\u00e4iv\u00e4\u00e4<\/title>\n<meta name=\"description\" content=\"Yksityinen Soma Bay Tours Luxor &amp; &amp; Aswan - 3 p\u00e4iv\u00e4\u00e4 yksityinen opas, liput ja lounas. l\u00f6yd\u00e4 uusia faktoja ja salaisuuksia faaraoiden kuninkaista.\" \/>\n<meta name=\"robots\" content=\"index, follow, max-snippet:-1, max-image-preview:large, max-video-preview:-1\" \/>\n<link rel=\"canonical\" href=\"https:\/\/hurghadalovers.com\/fi\/tours\/yksityinen-soma-lahdelle-matkat-luxor-aswan-3-paivaa\/\" \/>\n<meta property=\"og:locale\" content=\"fi_FI\" \/>\n<meta property=\"og:type\" content=\"article\" \/>\n<meta property=\"og:title\" content=\"Yksityinen Soma Bay Tours Luxoriin ja Assuaniin - 3 p\u00e4iv\u00e4\u00e4\" \/>\n<meta property=\"og:description\" content=\"Yksityinen Soma Bay Tours Luxor &amp; &amp; Aswan - 3 p\u00e4iv\u00e4\u00e4 yksityinen opas, liput ja lounas. l\u00f6yd\u00e4 uusia faktoja ja salaisuuksia faaraoiden kuninkaista.\" \/>\n<meta property=\"og:url\" content=\"https:\/\/hurghadalovers.com\/fi\/tours\/yksityinen-soma-lahdelle-matkat-luxor-aswan-3-paivaa\/\" \/>\n<meta property=\"og:site_name\" content=\"Hurghada Excursions &amp; Day Trips | Booking Best Prices Tours\" \/>\n<meta property=\"article:publisher\" content=\"https:\/\/www.facebook.com\/Hurghadaloversegypt\" \/>\n<meta property=\"article:modified_time\" content=\"2026-02-09T08:40:30+00:00\" \/>\n<meta property=\"og:image\" content=\"https:\/\/hurghadalovers.com\/wp-content\/uploads\/2022\/07\/Dagtrips-Aswan-vanuit-Sahl-Hasheesh-Egypte-De-Beste-Excursies-Abu-Simbel-Luxe-prive\u0301-met-de-bus-met-Nederlandstalige-gids.jpeg\" \/>\n\t<meta property=\"og:image:width\" content=\"1555\" \/>\n\t<meta property=\"og:image:height\" content=\"893\" \/>\n\t<meta property=\"og:image:type\" content=\"image\/jpeg\" \/>\n<meta name=\"twitter:card\" content=\"summary_large_image\" \/>\n<meta name=\"twitter:label1\" content=\"Hinta\" \/>\n\t<meta name=\"twitter:data1\" content=\"&euro;&nbsp;550\" \/>\n\t<meta name=\"twitter:label2\" content=\"Saatavuus\" \/>\n\t<meta name=\"twitter:data2\" content=\"Varastossa\" \/>\n<script type=\"application\/ld+json\" class=\"yoast-schema-graph\">{\"@context\":\"https:\/\/schema.org\",\"@graph\":[{\"@type\":[\"WebPage\",\"ItemPage\"],\"@id\":\"https:\/\/hurghadalovers.com\/fi\/tours\/yksityinen-soma-lahdelle-matkat-luxor-aswan-3-paivaa\/\",\"url\":\"https:\/\/hurghadalovers.com\/fi\/tours\/yksityinen-soma-lahdelle-matkat-luxor-aswan-3-paivaa\/\",\"name\":\"Yksityinen Soma Bay Tours Luxoriin ja Assuaniin - 3 p\u00e4iv\u00e4\u00e4\",\"isPartOf\":{\"@id\":\"https:\/\/hurghadalovers.com\/fi\/#website\"},\"primaryImageOfPage\":{\"@id\":\"https:\/\/hurghadalovers.com\/fi\/tours\/yksityinen-soma-lahdelle-matkat-luxor-aswan-3-paivaa\/#primaryimage\"},\"image\":{\"@id\":\"https:\/\/hurghadalovers.com\/fi\/tours\/yksityinen-soma-lahdelle-matkat-luxor-aswan-3-paivaa\/#primaryimage\"},\"thumbnailUrl\":\"https:\/\/hurghadalovers.com\/wp-content\/uploads\/2022\/07\/Dagtrips-Aswan-vanuit-Sahl-Hasheesh-Egypte-De-Beste-Excursies-Abu-Simbel-Luxe-prive\u0301-met-de-bus-met-Nederlandstalige-gids.jpeg\",\"datePublished\":\"2023-08-26T15:17:06+00:00\",\"dateModified\":\"2026-02-09T08:40:30+00:00\",\"description\":\"Yksityinen Soma Bay Tours Luxor & & Aswan - 3 p\u00e4iv\u00e4\u00e4 yksityinen opas, liput ja lounas. l\u00f6yd\u00e4 uusia faktoja ja salaisuuksia faaraoiden kuninkaista.\",\"breadcrumb\":{\"@id\":\"https:\/\/hurghadalovers.com\/fi\/tours\/yksityinen-soma-lahdelle-matkat-luxor-aswan-3-paivaa\/#breadcrumb\"},\"inLanguage\":\"fi\",\"potentialAction\":[{\"@type\":\"ReadAction\",\"target\":[\"https:\/\/hurghadalovers.com\/fi\/tours\/yksityinen-soma-lahdelle-matkat-luxor-aswan-3-paivaa\/\"]}]},{\"@type\":\"ImageObject\",\"inLanguage\":\"fi\",\"@id\":\"https:\/\/hurghadalovers.com\/fi\/tours\/yksityinen-soma-lahdelle-matkat-luxor-aswan-3-paivaa\/#primaryimage\",\"url\":\"https:\/\/hurghadalovers.com\/wp-content\/uploads\/2022\/07\/Dagtrips-Aswan-vanuit-Sahl-Hasheesh-Egypte-De-Beste-Excursies-Abu-Simbel-Luxe-prive\u0301-met-de-bus-met-Nederlandstalige-gids.jpeg\",\"contentUrl\":\"https:\/\/hurghadalovers.com\/wp-content\/uploads\/2022\/07\/Dagtrips-Aswan-vanuit-Sahl-Hasheesh-Egypte-De-Beste-Excursies-Abu-Simbel-Luxe-prive\u0301-met-de-bus-met-Nederlandstalige-gids.jpeg\",\"width\":1555,\"height\":893,\"caption\":\"Dagtrips Aswan vanuit Sahl Hasheesh Egypte | De Beste Excursies Abu Simbel Luxe priv\u00e9 \/ met de bus met Nederlandstalige gids.\"},{\"@type\":\"BreadcrumbList\",\"@id\":\"https:\/\/hurghadalovers.com\/fi\/tours\/yksityinen-soma-lahdelle-matkat-luxor-aswan-3-paivaa\/#breadcrumb\",\"itemListElement\":[{\"@type\":\"ListItem\",\"position\":1,\"name\":\"Home\",\"item\":\"https:\/\/hurghadalovers.com\/fi\/\"},{\"@type\":\"ListItem\",\"position\":2,\"name\":\"Shop\",\"item\":\"https:\/\/hurghadalovers.com\/fi\/shop-3\/\"},{\"@type\":\"ListItem\",\"position\":3,\"name\":\"Yksityinen Soma Bay Tours Luxoriin ja Assuaniin &#8211; 3 p\u00e4iv\u00e4\u00e4\"}]},{\"@type\":\"WebSite\",\"@id\":\"https:\/\/hurghadalovers.com\/fi\/#website\",\"url\":\"https:\/\/hurghadalovers.com\/fi\/\",\"name\":\"Hurghada Excursions & Day Trips | Booking Best Prices Tours\",\"description\":\"Hurghada Lovers - Best Tour Operator - Excursions &amp; Things to do for Family Day Trips with kids and Couples Romantic. Unique .Hidden gems\",\"publisher\":{\"@id\":\"https:\/\/hurghadalovers.com\/fi\/#organization\"},\"alternateName\":\"Hurghada Excursions\",\"potentialAction\":[{\"@type\":\"SearchAction\",\"target\":{\"@type\":\"EntryPoint\",\"urlTemplate\":\"https:\/\/hurghadalovers.com\/fi\/?s={search_term_string}\"},\"query-input\":{\"@type\":\"PropertyValueSpecification\",\"valueRequired\":true,\"valueName\":\"search_term_string\"}}],\"inLanguage\":\"fi\"},{\"@type\":[\"Organization\",\"Place\",\"TravelAgency\"],\"@id\":\"https:\/\/hurghadalovers.com\/fi\/#organization\",\"name\":\"Hurghada Excursions\",\"url\":\"https:\/\/hurghadalovers.com\/fi\/\",\"logo\":{\"@id\":\"https:\/\/hurghadalovers.com\/fi\/tours\/yksityinen-soma-lahdelle-matkat-luxor-aswan-3-paivaa\/#local-main-organization-logo\"},\"image\":{\"@id\":\"https:\/\/hurghadalovers.com\/fi\/tours\/yksityinen-soma-lahdelle-matkat-luxor-aswan-3-paivaa\/#local-main-organization-logo\"},\"sameAs\":[\"https:\/\/www.facebook.com\/Hurghadaloversegypt\"],\"address\":{\"@id\":\"https:\/\/hurghadalovers.com\/fi\/tours\/yksityinen-soma-lahdelle-matkat-luxor-aswan-3-paivaa\/#local-main-place-address\"},\"telephone\":[\"00201112596434\"],\"contactPoint\":{\"@type\":\"ContactPoint\",\"telephone\":\"00201112596434\",\"email\":\"weyouface@gmail.com\"},\"openingHoursSpecification\":{\"@type\":\"OpeningHoursSpecification\",\"dayOfWeek\":[\"Monday\",\"Tuesday\",\"Wednesday\",\"Thursday\",\"Friday\",\"Saturday\",\"Sunday\"],\"opens\":\"00:00\",\"closes\":\"23:59\"},\"email\":\"weyouface@gmail.com\",\"areaServed\":\"Luxor, Hurghada, El Gouna, Aswan, Sharm El Sheikh, Giza, Alexandria, Marsa Alam, Quseir, Soma Bay, Sahl Hasheesh, Red Sea, Makadi Bay, Cairo\",\"priceRange\":\"$\",\"currenciesAccepted\":\"euro\",\"paymentAccepted\":\"cash on site\"},{\"@type\":\"PostalAddress\",\"@id\":\"https:\/\/hurghadalovers.com\/fi\/tours\/yksityinen-soma-lahdelle-matkat-luxor-aswan-3-paivaa\/#local-main-place-address\",\"streetAddress\":\"17 Banks street, Alkawther area, top nbk bank\",\"addressLocality\":\"hurghada\",\"postalCode\":\"84511\",\"addressRegion\":\"red sea\",\"addressCountry\":\"EG\"},{\"@type\":\"ImageObject\",\"inLanguage\":\"fi\",\"@id\":\"https:\/\/hurghadalovers.com\/fi\/tours\/yksityinen-soma-lahdelle-matkat-luxor-aswan-3-paivaa\/#local-main-organization-logo\",\"url\":\"https:\/\/hurghadalovers.com\/wp-content\/uploads\/2019\/10\/hurghada-excursions-logo.png\",\"contentUrl\":\"https:\/\/hurghadalovers.com\/wp-content\/uploads\/2019\/10\/hurghada-excursions-logo.png\",\"width\":272,\"height\":90,\"caption\":\"Hurghada Excursions\"}]}<\/script>\n<meta property=\"product:brand\" content=\"Luxor P\u00e4iv\u00e4retki Soma Bay\" \/>\n<meta property=\"product:price:amount\" content=\"550\" \/>\n<meta property=\"product:price:currency\" content=\"EUR\" \/>\n<meta property=\"og:availability\" content=\"instock\" \/>\n<meta property=\"product:availability\" content=\"instock\" \/>\n<meta property=\"product:retailer_item_id\" content=\"PrivateSoma012024\" \/>\n<meta property=\"product:condition\" content=\"new\" \/>\n<meta name=\"geo.placename\" content=\"hurghada\" \/>\n<meta name=\"geo.region\" content=\"Egypti\" \/>\n<!-- \/ Yoast SEO Premium plugin. -->","yoast_head_json":{"title":"Yksityinen Soma Bay Tours Luxoriin ja Assuaniin - 3 p\u00e4iv\u00e4\u00e4","description":"Yksityinen Soma Bay Tours Luxor & & Aswan - 3 p\u00e4iv\u00e4\u00e4 yksityinen opas, liput ja lounas. l\u00f6yd\u00e4 uusia faktoja ja salaisuuksia faaraoiden kuninkaista.","robots":{"index":"index","follow":"follow","max-snippet":"max-snippet:-1","max-image-preview":"max-image-preview:large","max-video-preview":"max-video-preview:-1"},"canonical":"https:\/\/hurghadalovers.com\/fi\/tours\/yksityinen-soma-lahdelle-matkat-luxor-aswan-3-paivaa\/","og_locale":"fi_FI","og_type":"article","og_title":"Yksityinen Soma Bay Tours Luxoriin ja Assuaniin - 3 p\u00e4iv\u00e4\u00e4","og_description":"Yksityinen Soma Bay Tours Luxor & & Aswan - 3 p\u00e4iv\u00e4\u00e4 yksityinen opas, liput ja lounas. l\u00f6yd\u00e4 uusia faktoja ja salaisuuksia faaraoiden kuninkaista.","og_url":"https:\/\/hurghadalovers.com\/fi\/tours\/yksityinen-soma-lahdelle-matkat-luxor-aswan-3-paivaa\/","og_site_name":"Hurghada Excursions &amp; Day Trips | Booking Best Prices Tours","article_publisher":"https:\/\/www.facebook.com\/Hurghadaloversegypt","article_modified_time":"2026-02-09T08:40:30+00:00","og_image":[{"width":1555,"height":893,"url":"https:\/\/hurghadalovers.com\/wp-content\/uploads\/2022\/07\/Dagtrips-Aswan-vanuit-Sahl-Hasheesh-Egypte-De-Beste-Excursies-Abu-Simbel-Luxe-prive\u0301-met-de-bus-met-Nederlandstalige-gids.jpeg","type":"image\/jpeg"}],"twitter_card":"summary_large_image","twitter_misc":{"Hinta":"&euro;&nbsp;550","Saatavuus":"Varastossa"},"schema":{"@context":"https:\/\/schema.org","@graph":[{"@type":["WebPage","ItemPage"],"@id":"https:\/\/hurghadalovers.com\/fi\/tours\/yksityinen-soma-lahdelle-matkat-luxor-aswan-3-paivaa\/","url":"https:\/\/hurghadalovers.com\/fi\/tours\/yksityinen-soma-lahdelle-matkat-luxor-aswan-3-paivaa\/","name":"Yksityinen Soma Bay Tours Luxoriin ja Assuaniin - 3 p\u00e4iv\u00e4\u00e4","isPartOf":{"@id":"https:\/\/hurghadalovers.com\/fi\/#website"},"primaryImageOfPage":{"@id":"https:\/\/hurghadalovers.com\/fi\/tours\/yksityinen-soma-lahdelle-matkat-luxor-aswan-3-paivaa\/#primaryimage"},"image":{"@id":"https:\/\/hurghadalovers.com\/fi\/tours\/yksityinen-soma-lahdelle-matkat-luxor-aswan-3-paivaa\/#primaryimage"},"thumbnailUrl":"https:\/\/hurghadalovers.com\/wp-content\/uploads\/2022\/07\/Dagtrips-Aswan-vanuit-Sahl-Hasheesh-Egypte-De-Beste-Excursies-Abu-Simbel-Luxe-prive\u0301-met-de-bus-met-Nederlandstalige-gids.jpeg","datePublished":"2023-08-26T15:17:06+00:00","dateModified":"2026-02-09T08:40:30+00:00","description":"Yksityinen Soma Bay Tours Luxor & & Aswan - 3 p\u00e4iv\u00e4\u00e4 yksityinen opas, liput ja lounas. l\u00f6yd\u00e4 uusia faktoja ja salaisuuksia faaraoiden kuninkaista.","breadcrumb":{"@id":"https:\/\/hurghadalovers.com\/fi\/tours\/yksityinen-soma-lahdelle-matkat-luxor-aswan-3-paivaa\/#breadcrumb"},"inLanguage":"fi","potentialAction":[{"@type":"ReadAction","target":["https:\/\/hurghadalovers.com\/fi\/tours\/yksityinen-soma-lahdelle-matkat-luxor-aswan-3-paivaa\/"]}]},{"@type":"ImageObject","inLanguage":"fi","@id":"https:\/\/hurghadalovers.com\/fi\/tours\/yksityinen-soma-lahdelle-matkat-luxor-aswan-3-paivaa\/#primaryimage","url":"https:\/\/hurghadalovers.com\/wp-content\/uploads\/2022\/07\/Dagtrips-Aswan-vanuit-Sahl-Hasheesh-Egypte-De-Beste-Excursies-Abu-Simbel-Luxe-prive\u0301-met-de-bus-met-Nederlandstalige-gids.jpeg","contentUrl":"https:\/\/hurghadalovers.com\/wp-content\/uploads\/2022\/07\/Dagtrips-Aswan-vanuit-Sahl-Hasheesh-Egypte-De-Beste-Excursies-Abu-Simbel-Luxe-prive\u0301-met-de-bus-met-Nederlandstalige-gids.jpeg","width":1555,"height":893,"caption":"Dagtrips Aswan vanuit Sahl Hasheesh Egypte | De Beste Excursies Abu Simbel Luxe priv\u00e9 \/ met de bus met Nederlandstalige gids."},{"@type":"BreadcrumbList","@id":"https:\/\/hurghadalovers.com\/fi\/tours\/yksityinen-soma-lahdelle-matkat-luxor-aswan-3-paivaa\/#breadcrumb","itemListElement":[{"@type":"ListItem","position":1,"name":"Home","item":"https:\/\/hurghadalovers.com\/fi\/"},{"@type":"ListItem","position":2,"name":"Shop","item":"https:\/\/hurghadalovers.com\/fi\/shop-3\/"},{"@type":"ListItem","position":3,"name":"Yksityinen Soma Bay Tours Luxoriin ja Assuaniin &#8211; 3 p\u00e4iv\u00e4\u00e4"}]},{"@type":"WebSite","@id":"https:\/\/hurghadalovers.com\/fi\/#website","url":"https:\/\/hurghadalovers.com\/fi\/","name":"Hurghada Excursions & Day Trips | Booking Best Prices Tours","description":"Hurghada Lovers - Best Tour Operator - Excursions &amp; Things to do for Family Day Trips with kids and Couples Romantic. Unique .Hidden gems","publisher":{"@id":"https:\/\/hurghadalovers.com\/fi\/#organization"},"alternateName":"Hurghada Excursions","potentialAction":[{"@type":"SearchAction","target":{"@type":"EntryPoint","urlTemplate":"https:\/\/hurghadalovers.com\/fi\/?s={search_term_string}"},"query-input":{"@type":"PropertyValueSpecification","valueRequired":true,"valueName":"search_term_string"}}],"inLanguage":"fi"},{"@type":["Organization","Place","TravelAgency"],"@id":"https:\/\/hurghadalovers.com\/fi\/#organization","name":"Hurghada Excursions","url":"https:\/\/hurghadalovers.com\/fi\/","logo":{"@id":"https:\/\/hurghadalovers.com\/fi\/tours\/yksityinen-soma-lahdelle-matkat-luxor-aswan-3-paivaa\/#local-main-organization-logo"},"image":{"@id":"https:\/\/hurghadalovers.com\/fi\/tours\/yksityinen-soma-lahdelle-matkat-luxor-aswan-3-paivaa\/#local-main-organization-logo"},"sameAs":["https:\/\/www.facebook.com\/Hurghadaloversegypt"],"address":{"@id":"https:\/\/hurghadalovers.com\/fi\/tours\/yksityinen-soma-lahdelle-matkat-luxor-aswan-3-paivaa\/#local-main-place-address"},"telephone":["00201112596434"],"contactPoint":{"@type":"ContactPoint","telephone":"00201112596434","email":"weyouface@gmail.com"},"openingHoursSpecification":{"@type":"OpeningHoursSpecification","dayOfWeek":["Monday","Tuesday","Wednesday","Thursday","Friday","Saturday","Sunday"],"opens":"00:00","closes":"23:59"},"email":"weyouface@gmail.com","areaServed":"Luxor, Hurghada, El Gouna, Aswan, Sharm El Sheikh, Giza, Alexandria, Marsa Alam, Quseir, Soma Bay, Sahl Hasheesh, Red Sea, Makadi Bay, Cairo","priceRange":"$","currenciesAccepted":"euro","paymentAccepted":"cash on site"},{"@type":"PostalAddress","@id":"https:\/\/hurghadalovers.com\/fi\/tours\/yksityinen-soma-lahdelle-matkat-luxor-aswan-3-paivaa\/#local-main-place-address","streetAddress":"17 Banks street, Alkawther area, top nbk bank","addressLocality":"hurghada","postalCode":"84511","addressRegion":"red sea","addressCountry":"EG"},{"@type":"ImageObject","inLanguage":"fi","@id":"https:\/\/hurghadalovers.com\/fi\/tours\/yksityinen-soma-lahdelle-matkat-luxor-aswan-3-paivaa\/#local-main-organization-logo","url":"https:\/\/hurghadalovers.com\/wp-content\/uploads\/2019\/10\/hurghada-excursions-logo.png","contentUrl":"https:\/\/hurghadalovers.com\/wp-content\/uploads\/2019\/10\/hurghada-excursions-logo.png","width":272,"height":90,"caption":"Hurghada Excursions"}]},"product_brand":"Luxor P\u00e4iv\u00e4retki Soma Bay","product_price_amount":"550","product_price_currency":"EUR","og_availability":"instock","product_availability":"instock","product_retailer_item_id":"PrivateSoma012024","product_condition":"new","geo.placename":"hurghada","geo.region":"Egypti"},"_links":{"self":[{"href":"https:\/\/hurghadalovers.com\/fi\/wp-json\/wp\/v2\/product\/383711","targetHints":{"allow":["GET"]}}],"collection":[{"href":"https:\/\/hurghadalovers.com\/fi\/wp-json\/wp\/v2\/product"}],"about":[{"href":"https:\/\/hurghadalovers.com\/fi\/wp-json\/wp\/v2\/types\/product"}],"wp:featuredmedia":[{"embeddable":true,"href":"https:\/\/hurghadalovers.com\/fi\/wp-json\/wp\/v2\/media\/132040"}],"wp:attachment":[{"href":"https:\/\/hurghadalovers.com\/fi\/wp-json\/wp\/v2\/media?parent=383711"}],"wp:term":[{"taxonomy":"product_brand","embeddable":true,"href":"https:\/\/hurghadalovers.com\/fi\/wp-json\/wp\/v2\/product_brand?post=383711"},{"taxonomy":"product_cat","embeddable":true,"href":"https:\/\/hurghadalovers.com\/fi\/wp-json\/wp\/v2\/product_cat?post=383711"},{"taxonomy":"product_tag","embeddable":true,"href":"https:\/\/hurghadalovers.com\/fi\/wp-json\/wp\/v2\/product_tag?post=383711"}],"curies":[{"name":"wp","href":"https:\/\/api.w.org\/{rel}","templated":true}]}}