{"id":383088,"date":"2023-08-26T09:22:14","date_gmt":"2023-08-26T09:22:14","guid":{"rendered":"https:\/\/hurghadalovers.com\/shop\/Ei-luokiteltu\/yksityiset-soma-bay-taksikuljetukset\/"},"modified":"2026-02-08T04:25:30","modified_gmt":"2026-02-08T04:25:30","slug":"yksityinen-soma-bay-taxi-kuljetukset","status":"publish","type":"product","link":"https:\/\/hurghadalovers.com\/fi\/tours\/yksityinen-soma-bay-taxi-kuljetukset\/","title":{"rendered":"Yksityiset Soma bay taksikuljetukset"},"content":{"rendered":"<p><strong>Yksityiset <\/strong><strong>Soma Bay<\/strong> <strong>Taksikuljetukset<\/strong> Luxoriin, Kairoon | Varaus Edulliset hinnat Turistipalvelu Siirto luksus minibussilla ja Vip-autolla Marsa Alamiin, EL Gounaan, Makadi Bayhin, Hurghadan (HRG) lentokent\u00e4lle | K\u00e4teinen paikan p\u00e4\u00e4ll\u00e4.<\/p>\n<p><strong>Yksityiskohdat:<\/strong><\/p>\n<ul>\n<li>Kiertueen tyyppi: Henkil\u00f6autolla tai tila-autolla.<\/li>\n<li>Varaus Taksi Auto, Minivan, Saatavuus: Joka p\u00e4iv\u00e4.<\/li>\n<li>Py\u00f6r\u00e4tuolilla p\u00e4\u00e4see.<\/li>\n<li>Noutoaika Soma Bayst\u00e4 Luxoriin: 05:00 A.M.<\/li>\n<li>Noutoaika Soma Baysta Kairoon: 12:30 A.M.<\/li>\n<li>Noutoaika Soma Bayn hotelleista Hurghadan (HRG) lentokent\u00e4lle, Hurghadan venesatamaan: kuten haluat.<\/li>\n<\/ul>\n<p><strong>Varaa nyt ja maksa my\u00f6hemmin:<\/strong><\/p>\n<ul>\n<li>K\u00e4teist\u00e4 paikan p\u00e4\u00e4ll\u00e4 oppaalle.<\/li>\n<li>Maksu Egyptin puntina, $, \u20ac tai \u00a3.<\/li>\n<\/ul>\n<p><strong>Peruutusehdot:<\/strong><\/p>\n<ul>\n<li>peruutus enint\u00e4\u00e4n 24 tuntia etuk\u00e4teen.<\/li>\n<li>Kun joku perheest\u00e4si peruuttaa aamup\u00e4iv\u00e4n, maksat 50 % kustannuksista.<\/li>\n<\/ul>\n<p><strong>Mit\u00e4 sis\u00e4ltyy?<\/strong><\/p>\n<ul>\n<li>Siirto Soma Bay Hotels &#8221;Hotel pick up and drop off&#8221;.<\/li>\n<li>Kaikki verot, sis\u00e4\u00e4np\u00e4\u00e4symaksut ja k\u00e4sittelymaksut.<\/li>\n<li>Siirrot.<\/li>\n<li>Juomat.<\/li>\n<\/ul>\n<p><strong>Poikkeukset?<\/strong><\/p>\n<ul>\n<li>Juomarahat.<\/li>\n<\/ul>\n<p><strong>Yksityinen kuljetus <\/strong><strong>Soma lahti<\/strong> <strong>Luxoriin:<\/strong><\/p>\n<p>Hinta Taksi\/auto &#8221; 3 paikkaa&#8221; = 170$ Hinta yksityisautoa kohti.<\/p>\n<p>Hinta Minibussi &#8221;8 paikkaa&#8221; = 200$ Hinta per yksityinen minibussi.<\/p>\n<p>Et\u00e4isyys Soma Bayn ja Luxorin v\u00e4lill\u00e4 = 300 km<\/p>\n<p>Aika Soma Bayn ja Luxorin v\u00e4lill\u00e4 = 4 h.<\/p>\n<p>Siell\u00e4 2 pys\u00e4kki\u00e4 &#8221; 20 min tauko, 20 turistitarkastuspistett\u00e4 Safagassa&#8221;.<\/p>\n<p><strong> <\/strong><\/p>\n<p><strong>Yksityinen kuljetus <\/strong><strong>Soma lahti<\/strong> <strong>Kairoon, Gizan pyramidit:<\/strong><\/p>\n<p>Hinta Taksi\/auto &#8221; 3 paikkaa&#8221; = 180$ Hinta yksityisautoa kohti.<\/p>\n<p>Hinta Minibussi &#8221;8 paikkaa&#8221; = 220$ Hinta per yksityinen minibussi.<\/p>\n<p>Soma Bayn ja Kairon v\u00e4linen et\u00e4isyys = 400 km.<\/p>\n<p>Aika Soma Bayn ja Kairon v\u00e4lill\u00e4 = 7.30 tuntia.<\/p>\n<p>Siell\u00e4 3 pys\u00e4hdyspaikkaa &#8221; 20 min tauko Sahrami Ras Gharebissa, 15-30 min turistitarkastuspiste&#8221;.<\/p>\n<p><strong>Yksityinen kuljetus <\/strong><strong>Soma lahti<\/strong> <strong>Hurghadan (HRG) lentokent\u00e4lle tai lentokent\u00e4lt\u00e4:<\/strong><\/p>\n<p>Hinta Taksi\/auto &#8221; 3 &#8211; 6 paikkaa&#8221; = 30$ Hinta yksityisautoa kohti.<\/p>\n<p>Hinta Minibussi &#8221;12 paikkaa&#8221; = 40$ Hinta per yksityinen minibussi.<\/p>\n<p><strong> <\/strong><\/p>\n<p><strong>Yksityinen kuljetus <\/strong><strong>Soma lahti<\/strong> <strong>Hurghadan venesatamaan:<\/strong><\/p>\n<p>Hinta Taksi\/ auto &#8221; 3 &#8211; 6 paikkaa&#8221; 4hr = 45$ Hinta per henkil\u00f6auto.<\/p>\n<p>Hinta Minibussi &#8221;12 paikkaa&#8221; 4hr = 75$ Hinta per yksityinen minibussi.<\/p>\n<p><strong> <\/strong><\/p>\n<p><strong>Yksityinen kuljetus <\/strong><strong>Soma lahti<\/strong> <strong>El Gounan hotelleihin:<\/strong><\/p>\n<p>Hinta Taksi\/auto &#8221; 3 &#8211; 6 paikkaa&#8221; = 55$ Hinta yksityisautoa kohti.<\/p>\n<p>Hinta Minibussi &#8221;12 paikkaa&#8221; = 70$ Hinta per yksityinen minibussi.<\/p>\n<p>Et\u00e4isyys Soma Bayn ja El Gounan v\u00e4lill\u00e4 = 90 km.<\/p>\n<p>Aika Soma Bayn ja El Gounan v\u00e4lill\u00e4 = 70 min.<\/p>\n<p><strong>Yksityinen taksi <\/strong><strong>Soma lahti<\/strong> <strong>alkaen Marsa Alam<\/strong><\/p>\n<p>tarjoamme autoja ja bussi kuljettaa sinut tai ryhm\u00e4si Marsa Alam mist\u00e4 tahansa palatsi Punaisenmeren Egyptiss\u00e4.<\/p>\n<p><strong>Yksityiset kuljetukset Kairon lentokent\u00e4lle<\/strong><\/p>\n<p>jos tarvitset menn\u00e4 Kairo Airport ja tarvitsevat siirto Matkailu kaupungeissa Egypti, voi luottaa meille antaa sinulle ylellisyytt\u00e4 Yksityisautot Bussi Limousine Service.<\/p>\n<p><strong>Taksi mist\u00e4 <\/strong><strong>Soma lahti<\/strong> <strong>kohteeseen Marsa Alam<\/strong><\/p>\n<p>Jos olet saapunut Hurghadan lentokent\u00e4lle tai sijainnistasi tarvitset parhaat autot tai bussin Mars Alamiin tai Mars Alamista vierailemaan Kairossa tai Luxorissa, soita meille heti.<\/p>\n<p>1-3 henke\u00e4 (yksitt\u00e4inen auto) = 90 $.<\/p>\n<p>4-8 henke\u00e4 (minibussi) = 120 $.<\/p>\n<p><strong>Arvostelut:<\/strong><\/p>\n<p>tarkista Google Map Arvostelut paras <a href=\"https:\/\/g.page\/r\/CUeYvkngP3wkEBM\/review\">matkanj\u00e4rjest\u00e4j\u00e4 Hurghada<\/a> verkossa <a href=\"https:\/\/hurghadalovers.com\/\">Hurghada<\/a> Egyptiss\u00e4.<\/p>\n<p><strong>Varaukset:<\/strong><\/p>\n<p>L\u00e4het\u00e4 hotelli + huoneen numero + valokuvapassit WhatsAppiin: <strong>+201112596434<\/strong><\/p>\n<p>Jos olet pois Egyptin Varaus nyt verkossa ja vahvistaa, kun saapuminen Hotel.<\/p>\n<p>&nbsp;<\/p>\n<p>&nbsp;<\/p>\n","protected":false},"excerpt":{"rendered":"<p><strong>Yksityiset <\/strong><strong>Soma Bay<\/strong> <strong>Taksikuljetukset<\/strong> Luxoriin, Kairoon | Varaus Edulliset hinnat Turistipalvelu Siirto luksus minibussilla ja Vip-autolla Marsa Alamiin, EL Gounaan, Makadi Bayhin, Hurghadan (HRG) lentokent\u00e4lle | K\u00e4teinen paikan p\u00e4\u00e4ll\u00e4.<\/p>\n","protected":false},"featured_media":454394,"template":"","meta":{"_joinchat":[]},"product_brand":[],"product_cat":[36656],"product_tag":[56229,52318,56343,56287,56345,56341,56233,56330,56260,56264,56332,56240,56236,56268,56226,56328,56334],"class_list":{"0":"post-383088","1":"product","2":"type-product","3":"status-publish","4":"has-post-thumbnail","6":"product_cat-kierrokset","7":"product_tag-kairon-paivaretki-soma-baysta","8":"product_tag-kairon-yksityiset-matkat","9":"product_tag-perheaktiviteetit-soma-baysta","10":"product_tag-perheen-tekemista-soma-bay","11":"product_tag-perhepaivia-soma-baysta","12":"product_tag-pikkulapsen-aktiviteetit-soma-baylta","13":"product_tag-pyramidit-soma-baysta","14":"product_tag-romanttista-tekemista-soma-baysta","15":"product_tag-soma-bay-retket","16":"product_tag-soma-bay-toimintaa","17":"product_tag-soma-bayn-aktiviteetit-pariskunnille","18":"product_tag-soma-bayn-ja-pyramidien-paivaretki","19":"product_tag-soma-bayn-matka-kairoon","20":"product_tag-soma-bayn-paivaretket","21":"product_tag-soma-baysta-pyramideille","22":"product_tag-tekemista-soma-bayssa","23":"product_tag-tekemista-soma-bayssa-pariskunnille","24":"tour_category-kairon-paivaretket-soma-baysta","25":"tour_category-soma-bay-retket","27":"first","28":"instock","29":"sale","30":"shipping-taxable","31":"purchasable","32":"product-type-tour"},"yoast_head":"<!-- This site is optimized with the Yoast SEO Premium plugin v26.9 (Yoast SEO v27.2) - https:\/\/yoast.com\/product\/yoast-seo-premium-wordpress\/ -->\n<title>Yksityiset Soma Bayn taksikuljetukset Luxoriin, Kairoon | Luxury &amp; Vip<\/title>\n<meta name=\"description\" content=\"Yksityiset Soma Bay Taksikuljetukset Luxoriin, Kairoon | Varaus Halvat hinnat Turistipalvelu Siirto luksus minibussilla ja Vip-autolla Marsa alamiin, EL Gounaan...\" \/>\n<meta name=\"robots\" content=\"index, follow, max-snippet:-1, max-image-preview:large, max-video-preview:-1\" \/>\n<link rel=\"canonical\" href=\"https:\/\/hurghadalovers.com\/fi\/tours\/yksityinen-soma-bay-taxi-kuljetukset\/\" \/>\n<meta property=\"og:locale\" content=\"fi_FI\" \/>\n<meta property=\"og:type\" content=\"article\" \/>\n<meta property=\"og:title\" content=\"Yksityiset Soma bay taksikuljetukset\" \/>\n<meta property=\"og:description\" content=\"Yksityiset Soma Bay Taksikuljetukset Luxoriin, Kairoon | Varaus Halvat hinnat Turistipalvelu Siirto luksus minibussilla ja Vip-autolla Marsa alamiin, EL Gounaan...\" \/>\n<meta property=\"og:url\" content=\"https:\/\/hurghadalovers.com\/fi\/tours\/yksityinen-soma-bay-taxi-kuljetukset\/\" \/>\n<meta property=\"og:site_name\" content=\"Hurghada Excursions &amp; Day Trips | Booking Best Prices Tours\" \/>\n<meta property=\"article:publisher\" content=\"https:\/\/www.facebook.com\/Hurghadaloversegypt\" \/>\n<meta property=\"article:modified_time\" content=\"2026-02-08T04:25:30+00:00\" \/>\n<meta property=\"og:image\" content=\"https:\/\/hurghadalovers.com\/wp-content\/uploads\/2023\/08\/Privater-Transfer-von-Soma-bay-2.jpeg\" \/>\n\t<meta property=\"og:image:width\" content=\"1156\" \/>\n\t<meta property=\"og:image:height\" content=\"867\" \/>\n\t<meta property=\"og:image:type\" content=\"image\/jpeg\" \/>\n<meta name=\"twitter:card\" content=\"summary_large_image\" \/>\n<meta name=\"twitter:label1\" content=\"Hinta\" \/>\n\t<meta name=\"twitter:data1\" content=\"&euro;&nbsp;30\" \/>\n\t<meta name=\"twitter:label2\" content=\"Saatavuus\" \/>\n\t<meta name=\"twitter:data2\" content=\"Varastossa\" \/>\n<script type=\"application\/ld+json\" class=\"yoast-schema-graph\">{\"@context\":\"https:\/\/schema.org\",\"@graph\":[{\"@type\":[\"WebPage\",\"ItemPage\"],\"@id\":\"https:\/\/hurghadalovers.com\/fi\/tours\/yksityinen-soma-bay-taxi-kuljetukset\/\",\"url\":\"https:\/\/hurghadalovers.com\/fi\/tours\/yksityinen-soma-bay-taxi-kuljetukset\/\",\"name\":\"Yksityiset Soma Bayn taksikuljetukset Luxoriin, Kairoon | Luxury & Vip\",\"isPartOf\":{\"@id\":\"https:\/\/hurghadalovers.com\/fi\/#website\"},\"primaryImageOfPage\":{\"@id\":\"https:\/\/hurghadalovers.com\/fi\/tours\/yksityinen-soma-bay-taxi-kuljetukset\/#primaryimage\"},\"image\":{\"@id\":\"https:\/\/hurghadalovers.com\/fi\/tours\/yksityinen-soma-bay-taxi-kuljetukset\/#primaryimage\"},\"thumbnailUrl\":\"https:\/\/hurghadalovers.com\/wp-content\/uploads\/2023\/08\/Privater-Transfer-von-Soma-bay-2.jpeg\",\"datePublished\":\"2023-08-26T09:22:14+00:00\",\"dateModified\":\"2026-02-08T04:25:30+00:00\",\"description\":\"Yksityiset Soma Bay Taksikuljetukset Luxoriin, Kairoon | Varaus Halvat hinnat Turistipalvelu Siirto luksus minibussilla ja Vip-autolla Marsa alamiin, EL Gounaan...\",\"breadcrumb\":{\"@id\":\"https:\/\/hurghadalovers.com\/fi\/tours\/yksityinen-soma-bay-taxi-kuljetukset\/#breadcrumb\"},\"inLanguage\":\"fi\",\"potentialAction\":[{\"@type\":\"ReadAction\",\"target\":[\"https:\/\/hurghadalovers.com\/fi\/tours\/yksityinen-soma-bay-taxi-kuljetukset\/\"]}]},{\"@type\":\"ImageObject\",\"inLanguage\":\"fi\",\"@id\":\"https:\/\/hurghadalovers.com\/fi\/tours\/yksityinen-soma-bay-taxi-kuljetukset\/#primaryimage\",\"url\":\"https:\/\/hurghadalovers.com\/wp-content\/uploads\/2023\/08\/Privater-Transfer-von-Soma-bay-2.jpeg\",\"contentUrl\":\"https:\/\/hurghadalovers.com\/wp-content\/uploads\/2023\/08\/Privater-Transfer-von-Soma-bay-2.jpeg\",\"width\":1156,\"height\":867,\"caption\":\"Privater Transfer von Soma Bay nach Luxor, Kairo\"},{\"@type\":\"BreadcrumbList\",\"@id\":\"https:\/\/hurghadalovers.com\/fi\/tours\/yksityinen-soma-bay-taxi-kuljetukset\/#breadcrumb\",\"itemListElement\":[{\"@type\":\"ListItem\",\"position\":1,\"name\":\"Home\",\"item\":\"https:\/\/hurghadalovers.com\/fi\/\"},{\"@type\":\"ListItem\",\"position\":2,\"name\":\"Shop\",\"item\":\"https:\/\/hurghadalovers.com\/fi\/shop-3\/\"},{\"@type\":\"ListItem\",\"position\":3,\"name\":\"Yksityiset Soma bay taksikuljetukset\"}]},{\"@type\":\"WebSite\",\"@id\":\"https:\/\/hurghadalovers.com\/fi\/#website\",\"url\":\"https:\/\/hurghadalovers.com\/fi\/\",\"name\":\"Hurghada Excursions & Day Trips | Booking Best Prices Tours\",\"description\":\"Hurghada Lovers - Best Tour Operator - Excursions &amp; Things to do for Family Day Trips with kids and Couples Romantic. Unique .Hidden gems\",\"publisher\":{\"@id\":\"https:\/\/hurghadalovers.com\/fi\/#organization\"},\"alternateName\":\"Hurghada Excursions\",\"potentialAction\":[{\"@type\":\"SearchAction\",\"target\":{\"@type\":\"EntryPoint\",\"urlTemplate\":\"https:\/\/hurghadalovers.com\/fi\/?s={search_term_string}\"},\"query-input\":{\"@type\":\"PropertyValueSpecification\",\"valueRequired\":true,\"valueName\":\"search_term_string\"}}],\"inLanguage\":\"fi\"},{\"@type\":[\"Organization\",\"Place\",\"TravelAgency\"],\"@id\":\"https:\/\/hurghadalovers.com\/fi\/#organization\",\"name\":\"Hurghada Excursions\",\"url\":\"https:\/\/hurghadalovers.com\/fi\/\",\"logo\":{\"@id\":\"https:\/\/hurghadalovers.com\/fi\/tours\/yksityinen-soma-bay-taxi-kuljetukset\/#local-main-organization-logo\"},\"image\":{\"@id\":\"https:\/\/hurghadalovers.com\/fi\/tours\/yksityinen-soma-bay-taxi-kuljetukset\/#local-main-organization-logo\"},\"sameAs\":[\"https:\/\/www.facebook.com\/Hurghadaloversegypt\"],\"address\":{\"@id\":\"https:\/\/hurghadalovers.com\/fi\/tours\/yksityinen-soma-bay-taxi-kuljetukset\/#local-main-place-address\"},\"telephone\":[\"00201112596434\"],\"contactPoint\":{\"@type\":\"ContactPoint\",\"telephone\":\"00201112596434\",\"email\":\"weyouface@gmail.com\"},\"openingHoursSpecification\":{\"@type\":\"OpeningHoursSpecification\",\"dayOfWeek\":[\"Monday\",\"Tuesday\",\"Wednesday\",\"Thursday\",\"Friday\",\"Saturday\",\"Sunday\"],\"opens\":\"00:00\",\"closes\":\"23:59\"},\"email\":\"weyouface@gmail.com\",\"areaServed\":\"Luxor, Hurghada, El Gouna, Aswan, Sharm El Sheikh, Giza, Alexandria, Marsa Alam, Quseir, Soma Bay, Sahl Hasheesh, Red Sea, Makadi Bay, Cairo\",\"priceRange\":\"$\",\"currenciesAccepted\":\"euro\",\"paymentAccepted\":\"cash on site\"},{\"@type\":\"PostalAddress\",\"@id\":\"https:\/\/hurghadalovers.com\/fi\/tours\/yksityinen-soma-bay-taxi-kuljetukset\/#local-main-place-address\",\"streetAddress\":\"17 Banks street, Alkawther area, top nbk bank\",\"addressLocality\":\"hurghada\",\"postalCode\":\"84511\",\"addressRegion\":\"red sea\",\"addressCountry\":\"EG\"},{\"@type\":\"ImageObject\",\"inLanguage\":\"fi\",\"@id\":\"https:\/\/hurghadalovers.com\/fi\/tours\/yksityinen-soma-bay-taxi-kuljetukset\/#local-main-organization-logo\",\"url\":\"https:\/\/hurghadalovers.com\/wp-content\/uploads\/2019\/10\/hurghada-excursions-logo.png\",\"contentUrl\":\"https:\/\/hurghadalovers.com\/wp-content\/uploads\/2019\/10\/hurghada-excursions-logo.png\",\"width\":272,\"height\":90,\"caption\":\"Hurghada Excursions\"}]}<\/script>\n<meta property=\"product:brand\" content=\"Kairon p\u00e4iv\u00e4retki Soma Bay\" \/>\n<meta property=\"product:price:amount\" content=\"30\" \/>\n<meta property=\"product:price:currency\" content=\"EUR\" \/>\n<meta property=\"og:availability\" content=\"instock\" \/>\n<meta property=\"product:availability\" content=\"instock\" \/>\n<meta property=\"product:retailer_item_id\" content=\"Somabay042024\" \/>\n<meta property=\"product:condition\" content=\"new\" \/>\n<meta name=\"geo.placename\" content=\"hurghada\" \/>\n<meta name=\"geo.region\" content=\"Egypti\" \/>\n<!-- \/ Yoast SEO Premium plugin. -->","yoast_head_json":{"title":"Yksityiset Soma Bayn taksikuljetukset Luxoriin, Kairoon | Luxury & Vip","description":"Yksityiset Soma Bay Taksikuljetukset Luxoriin, Kairoon | Varaus Halvat hinnat Turistipalvelu Siirto luksus minibussilla ja Vip-autolla Marsa alamiin, EL Gounaan...","robots":{"index":"index","follow":"follow","max-snippet":"max-snippet:-1","max-image-preview":"max-image-preview:large","max-video-preview":"max-video-preview:-1"},"canonical":"https:\/\/hurghadalovers.com\/fi\/tours\/yksityinen-soma-bay-taxi-kuljetukset\/","og_locale":"fi_FI","og_type":"article","og_title":"Yksityiset Soma bay taksikuljetukset","og_description":"Yksityiset Soma Bay Taksikuljetukset Luxoriin, Kairoon | Varaus Halvat hinnat Turistipalvelu Siirto luksus minibussilla ja Vip-autolla Marsa alamiin, EL Gounaan...","og_url":"https:\/\/hurghadalovers.com\/fi\/tours\/yksityinen-soma-bay-taxi-kuljetukset\/","og_site_name":"Hurghada Excursions &amp; Day Trips | Booking Best Prices Tours","article_publisher":"https:\/\/www.facebook.com\/Hurghadaloversegypt","article_modified_time":"2026-02-08T04:25:30+00:00","og_image":[{"width":1156,"height":867,"url":"https:\/\/hurghadalovers.com\/wp-content\/uploads\/2023\/08\/Privater-Transfer-von-Soma-bay-2.jpeg","type":"image\/jpeg"}],"twitter_card":"summary_large_image","twitter_misc":{"Hinta":"&euro;&nbsp;30","Saatavuus":"Varastossa"},"schema":{"@context":"https:\/\/schema.org","@graph":[{"@type":["WebPage","ItemPage"],"@id":"https:\/\/hurghadalovers.com\/fi\/tours\/yksityinen-soma-bay-taxi-kuljetukset\/","url":"https:\/\/hurghadalovers.com\/fi\/tours\/yksityinen-soma-bay-taxi-kuljetukset\/","name":"Yksityiset Soma Bayn taksikuljetukset Luxoriin, Kairoon | Luxury & Vip","isPartOf":{"@id":"https:\/\/hurghadalovers.com\/fi\/#website"},"primaryImageOfPage":{"@id":"https:\/\/hurghadalovers.com\/fi\/tours\/yksityinen-soma-bay-taxi-kuljetukset\/#primaryimage"},"image":{"@id":"https:\/\/hurghadalovers.com\/fi\/tours\/yksityinen-soma-bay-taxi-kuljetukset\/#primaryimage"},"thumbnailUrl":"https:\/\/hurghadalovers.com\/wp-content\/uploads\/2023\/08\/Privater-Transfer-von-Soma-bay-2.jpeg","datePublished":"2023-08-26T09:22:14+00:00","dateModified":"2026-02-08T04:25:30+00:00","description":"Yksityiset Soma Bay Taksikuljetukset Luxoriin, Kairoon | Varaus Halvat hinnat Turistipalvelu Siirto luksus minibussilla ja Vip-autolla Marsa alamiin, EL Gounaan...","breadcrumb":{"@id":"https:\/\/hurghadalovers.com\/fi\/tours\/yksityinen-soma-bay-taxi-kuljetukset\/#breadcrumb"},"inLanguage":"fi","potentialAction":[{"@type":"ReadAction","target":["https:\/\/hurghadalovers.com\/fi\/tours\/yksityinen-soma-bay-taxi-kuljetukset\/"]}]},{"@type":"ImageObject","inLanguage":"fi","@id":"https:\/\/hurghadalovers.com\/fi\/tours\/yksityinen-soma-bay-taxi-kuljetukset\/#primaryimage","url":"https:\/\/hurghadalovers.com\/wp-content\/uploads\/2023\/08\/Privater-Transfer-von-Soma-bay-2.jpeg","contentUrl":"https:\/\/hurghadalovers.com\/wp-content\/uploads\/2023\/08\/Privater-Transfer-von-Soma-bay-2.jpeg","width":1156,"height":867,"caption":"Privater Transfer von Soma Bay nach Luxor, Kairo"},{"@type":"BreadcrumbList","@id":"https:\/\/hurghadalovers.com\/fi\/tours\/yksityinen-soma-bay-taxi-kuljetukset\/#breadcrumb","itemListElement":[{"@type":"ListItem","position":1,"name":"Home","item":"https:\/\/hurghadalovers.com\/fi\/"},{"@type":"ListItem","position":2,"name":"Shop","item":"https:\/\/hurghadalovers.com\/fi\/shop-3\/"},{"@type":"ListItem","position":3,"name":"Yksityiset Soma bay taksikuljetukset"}]},{"@type":"WebSite","@id":"https:\/\/hurghadalovers.com\/fi\/#website","url":"https:\/\/hurghadalovers.com\/fi\/","name":"Hurghada Excursions & Day Trips | Booking Best Prices Tours","description":"Hurghada Lovers - Best Tour Operator - Excursions &amp; Things to do for Family Day Trips with kids and Couples Romantic. Unique .Hidden gems","publisher":{"@id":"https:\/\/hurghadalovers.com\/fi\/#organization"},"alternateName":"Hurghada Excursions","potentialAction":[{"@type":"SearchAction","target":{"@type":"EntryPoint","urlTemplate":"https:\/\/hurghadalovers.com\/fi\/?s={search_term_string}"},"query-input":{"@type":"PropertyValueSpecification","valueRequired":true,"valueName":"search_term_string"}}],"inLanguage":"fi"},{"@type":["Organization","Place","TravelAgency"],"@id":"https:\/\/hurghadalovers.com\/fi\/#organization","name":"Hurghada Excursions","url":"https:\/\/hurghadalovers.com\/fi\/","logo":{"@id":"https:\/\/hurghadalovers.com\/fi\/tours\/yksityinen-soma-bay-taxi-kuljetukset\/#local-main-organization-logo"},"image":{"@id":"https:\/\/hurghadalovers.com\/fi\/tours\/yksityinen-soma-bay-taxi-kuljetukset\/#local-main-organization-logo"},"sameAs":["https:\/\/www.facebook.com\/Hurghadaloversegypt"],"address":{"@id":"https:\/\/hurghadalovers.com\/fi\/tours\/yksityinen-soma-bay-taxi-kuljetukset\/#local-main-place-address"},"telephone":["00201112596434"],"contactPoint":{"@type":"ContactPoint","telephone":"00201112596434","email":"weyouface@gmail.com"},"openingHoursSpecification":{"@type":"OpeningHoursSpecification","dayOfWeek":["Monday","Tuesday","Wednesday","Thursday","Friday","Saturday","Sunday"],"opens":"00:00","closes":"23:59"},"email":"weyouface@gmail.com","areaServed":"Luxor, Hurghada, El Gouna, Aswan, Sharm El Sheikh, Giza, Alexandria, Marsa Alam, Quseir, Soma Bay, Sahl Hasheesh, Red Sea, Makadi Bay, Cairo","priceRange":"$","currenciesAccepted":"euro","paymentAccepted":"cash on site"},{"@type":"PostalAddress","@id":"https:\/\/hurghadalovers.com\/fi\/tours\/yksityinen-soma-bay-taxi-kuljetukset\/#local-main-place-address","streetAddress":"17 Banks street, Alkawther area, top nbk bank","addressLocality":"hurghada","postalCode":"84511","addressRegion":"red sea","addressCountry":"EG"},{"@type":"ImageObject","inLanguage":"fi","@id":"https:\/\/hurghadalovers.com\/fi\/tours\/yksityinen-soma-bay-taxi-kuljetukset\/#local-main-organization-logo","url":"https:\/\/hurghadalovers.com\/wp-content\/uploads\/2019\/10\/hurghada-excursions-logo.png","contentUrl":"https:\/\/hurghadalovers.com\/wp-content\/uploads\/2019\/10\/hurghada-excursions-logo.png","width":272,"height":90,"caption":"Hurghada Excursions"}]},"product_brand":"Kairon p\u00e4iv\u00e4retki Soma Bay","product_price_amount":"30","product_price_currency":"EUR","og_availability":"instock","product_availability":"instock","product_retailer_item_id":"Somabay042024","product_condition":"new","geo.placename":"hurghada","geo.region":"Egypti"},"_links":{"self":[{"href":"https:\/\/hurghadalovers.com\/fi\/wp-json\/wp\/v2\/product\/383088","targetHints":{"allow":["GET"]}}],"collection":[{"href":"https:\/\/hurghadalovers.com\/fi\/wp-json\/wp\/v2\/product"}],"about":[{"href":"https:\/\/hurghadalovers.com\/fi\/wp-json\/wp\/v2\/types\/product"}],"wp:featuredmedia":[{"embeddable":true,"href":"https:\/\/hurghadalovers.com\/fi\/wp-json\/wp\/v2\/media\/454394"}],"wp:attachment":[{"href":"https:\/\/hurghadalovers.com\/fi\/wp-json\/wp\/v2\/media?parent=383088"}],"wp:term":[{"taxonomy":"product_brand","embeddable":true,"href":"https:\/\/hurghadalovers.com\/fi\/wp-json\/wp\/v2\/product_brand?post=383088"},{"taxonomy":"product_cat","embeddable":true,"href":"https:\/\/hurghadalovers.com\/fi\/wp-json\/wp\/v2\/product_cat?post=383088"},{"taxonomy":"product_tag","embeddable":true,"href":"https:\/\/hurghadalovers.com\/fi\/wp-json\/wp\/v2\/product_tag?post=383088"}],"curies":[{"name":"wp","href":"https:\/\/api.w.org\/{rel}","templated":true}]}}