{"id":382553,"date":"2023-08-23T09:34:18","date_gmt":"2023-08-23T09:34:18","guid":{"rendered":"https:\/\/hurghadalovers.com\/shop\/Ei-luokiteltu\/padi-open-water-diver-kurssi-hurghadassa\/"},"modified":"2026-02-10T07:58:25","modified_gmt":"2026-02-10T07:58:25","slug":"padi-avovesisukelluskurssi-hurghadassa","status":"publish","type":"product","link":"https:\/\/hurghadalovers.com\/fi\/tours\/padi-avovesisukelluskurssi-hurghadassa\/","title":{"rendered":"PADI Open Water Diver -kurssi Hurghadassa"},"content":{"rendered":"<p><strong>PADI Open Water Diver -kurssi Hurghadassa<\/strong> &#8211; 3 p\u00e4iv\u00e4\u00e4 | sis\u00e4lt\u00e4en lounaan, juomat, sukellusvarusteet ja kuljetuksen.<\/p>\n<p style=\"text-align: center;\"><strong>Ylellinen vene | Ammattimainen sukelluskouluttaja<\/strong><\/p>\n<p><strong>Kohokohdat:<\/strong><\/p>\n<ul>\n<li>Opi sukelluksen perusteet<\/li>\n<li>Opi sukellusvarusteet ja -tekniikat<\/li>\n<li>Avoveden harjoitusistunnot<\/li>\n<li>Enimm\u00e4issyvyys 18 m.<\/li>\n<li>Alaik\u00e4raja on 12 vuotta.<\/li>\n<\/ul>\n<p><strong> <\/strong><\/p>\n<p><strong>Yksityiskohdat:<\/strong><\/p>\n<ul>\n<li>Kiertueen saatavuus: Joka p\u00e4iv\u00e4.<\/li>\n<li>Kiertueen tyyppi: Ryhm\u00e4 tai Yksityinen.<\/li>\n<li>Noutoaika: Alkaa klo 08:00.<\/li>\n<li>Noutoaika: 16:00.<\/li>\n<li>Py\u00f6r\u00e4tuolilla p\u00e4\u00e4see.<\/li>\n<li>Kesto: Kesto: 3 p\u00e4iv\u00e4\u00e4.<\/li>\n<\/ul>\n<p><strong>Varaa nyt ja maksa my\u00f6hemmin:<\/strong><\/p>\n<ul>\n<li>K\u00e4teist\u00e4 paikan p\u00e4\u00e4ll\u00e4 oppaalle.<\/li>\n<li>Maksu Egyptin puntina, $, \u20ac tai \u00a3.<\/li>\n<\/ul>\n<p><strong>Peruutusehdot:<\/strong><\/p>\n<ul>\n<li>peruutus enint\u00e4\u00e4n 24 tuntia etuk\u00e4teen.<\/li>\n<li>Kun joku perheest\u00e4si peruuttaa aamup\u00e4iv\u00e4n, maksat 50 % kustannuksista.<\/li>\n<\/ul>\n<p><strong>Mit\u00e4 sis\u00e4ltyy?<\/strong><\/p>\n<ul>\n<li>Siirto Hurghadan hotelleista &#8221;Hotel pick up and drop off&#8221;.<\/li>\n<li>Kaikki verot, sis\u00e4\u00e4np\u00e4\u00e4symaksut ja k\u00e4sittelymaksut.<\/li>\n<li>Kivenn\u00e4isvesi + Cola.<\/li>\n<li>Ammattimainen sukelluskouluttaja.<\/li>\n<li>Sukellusvarusteet &amp; snorklausv\u00e4lineet &#8221;Naamarit ja uinti ev\u00e4t&#8221;.<\/li>\n<li>VIP-buffetlounas laivalla.<\/li>\n<li>Pelastusliivit.<\/li>\n<\/ul>\n<p><strong>Poikkeukset?<\/strong><\/p>\n<ul>\n<li>Juomarahat.<\/li>\n<li>Valokuvaus ja valokuvat matkaa varten.<\/li>\n<li>Tarjoamme vuokraa uimapuvut &amp; uimapuvut naisille, miehille, lapsille kaikki koko &#8221; 5$ per yksi&#8221;.<\/li>\n<li>Mahdolliset mainitsemattomat lis\u00e4maksut.<\/li>\n<li>PADI Manual = 55$<\/li>\n<li>PADI Online-sertifiointi = 55$<\/li>\n<li>K\u00e4sikirja + Online-sertifiointi = 100$.<\/li>\n<\/ul>\n<p><strong>Hinnat:<\/strong><\/p>\n<ul>\n<li><strong>Aikuisten hinta = <\/strong><strong>250$<\/strong><strong> per henkil\u00f6<\/strong>.<\/li>\n<\/ul>\n<p><strong>Me teemme kursseja:<\/strong><\/p>\n<ol>\n<li>PADI Scuba Diver -kurssi 2 p\u00e4iv\u00e4\u00e4 = 200$<\/li>\n<li>PADI Bubblemaker -kurssi lapsille | Kesto: 1 tunti<br \/>\n= 60$<\/li>\n<li>PADI Advanced Open Water Diver kurssi 2 p\u00e4iv\u00e4\u00e4 = 190$<\/li>\n<li>PADI Rescue Diver -kurssi 4 p\u00e4iv\u00e4\u00e4 = 260$<\/li>\n<\/ol>\n<p><strong>Arvostelut:<\/strong><\/p>\n<p>tarkista Google Map Arvostelut paras <a href=\"https:\/\/g.page\/r\/CUeYvkngP3wkEBM\/review\">matkanj\u00e4rjest\u00e4j\u00e4 Hurghada<\/a> verkossa <a href=\"https:\/\/hurghadalovers.com\/\">Hurghada<\/a> Egyptiss\u00e4.<\/p>\n<p>&nbsp;<\/p>\n<p><strong>Huom:<\/strong><\/p>\n<p>Teemme my\u00f6s kiertueen, jossa on kuljetus hotellista El Goua, Soma lahti, Makadi lahti, Sahl Hasheesh, Safaga lis\u00e4maksusta = 10 dollaria per henkil\u00f6.<\/p>\n<p>&nbsp;<\/p>\n<p><strong>Varaukset:<\/strong><\/p>\n<p>L\u00e4het\u00e4 hotelli + huoneen numero + valokuvapassit WhatsAppiin: <strong>+201112596434<\/strong><\/p>\n<p>Jos olet pois Egyptin Varaus nyt verkossa ja vahvistaa, kun saapuminen Hotel.<\/p>\n","protected":false},"excerpt":{"rendered":"<p>PADI Open Water Diver -kurssi Hurghadassa &#8211; 3 p\u00e4iv\u00e4\u00e4 | sis\u00e4lt\u00e4en lounaan, juomat, sukellusvarusteet ja kuljetuksen. Opi sukelluksen perusteet&#8230;<\/p>\n","protected":false},"featured_media":931822,"template":"","meta":{"_joinchat":[]},"product_brand":[],"product_cat":[36656],"product_tag":[],"class_list":{"0":"post-382553","1":"product","2":"type-product","3":"status-publish","4":"has-post-thumbnail","6":"product_cat-kierrokset","7":"tour_category-hurghada-snorkeling-trips-fi","8":"tour_category-hurghada-excursions-fi","10":"first","11":"instock","12":"sale","13":"shipping-taxable","14":"purchasable","15":"product-type-tour"},"yoast_head":"<!-- This site is optimized with the Yoast SEO Premium plugin v26.9 (Yoast SEO v27.2) - https:\/\/yoast.com\/product\/yoast-seo-premium-wordpress\/ -->\n<title>PADI Open Water Diver -kurssi Hurghadassa<\/title>\n<meta name=\"description\" content=\"PADI Open Water Diver -kurssi Hurghadassa - 3 p\u00e4iv\u00e4\u00e4 | sis\u00e4lt\u00e4en lounaan, juomat, sukellusvarusteet ja kuljetuksen. Opi sukelluksen perusteet...\" \/>\n<meta name=\"robots\" content=\"index, follow, max-snippet:-1, max-image-preview:large, max-video-preview:-1\" \/>\n<link rel=\"canonical\" href=\"https:\/\/hurghadalovers.com\/fi\/tours\/padi-avovesisukelluskurssi-hurghadassa\/\" \/>\n<meta property=\"og:locale\" content=\"fi_FI\" \/>\n<meta property=\"og:type\" content=\"article\" \/>\n<meta property=\"og:title\" content=\"PADI Open Water Diver -kurssi Hurghadassa\" \/>\n<meta property=\"og:description\" content=\"PADI Open Water Diver -kurssi Hurghadassa - 3 p\u00e4iv\u00e4\u00e4 | sis\u00e4lt\u00e4en lounaan, juomat, sukellusvarusteet ja kuljetuksen. Opi sukelluksen perusteet...\" \/>\n<meta property=\"og:url\" content=\"https:\/\/hurghadalovers.com\/fi\/tours\/padi-avovesisukelluskurssi-hurghadassa\/\" \/>\n<meta property=\"og:site_name\" content=\"Hurghada Excursions &amp; Day Trips | Booking Best Prices Tours\" \/>\n<meta property=\"article:publisher\" content=\"https:\/\/www.facebook.com\/Hurghadaloversegypt\" \/>\n<meta property=\"article:modified_time\" content=\"2026-02-10T07:58:25+00:00\" \/>\n<meta property=\"og:image\" content=\"https:\/\/hurghadalovers.com\/wp-content\/uploads\/2023\/08\/Hurghada-Diving-Course-2026.jpeg\" \/>\n\t<meta property=\"og:image:width\" content=\"849\" \/>\n\t<meta property=\"og:image:height\" content=\"717\" \/>\n\t<meta property=\"og:image:type\" content=\"image\/jpeg\" \/>\n<meta name=\"twitter:card\" content=\"summary_large_image\" \/>\n<meta name=\"twitter:label1\" content=\"Hinta\" \/>\n\t<meta name=\"twitter:data1\" content=\"&euro;&nbsp;290\" \/>\n\t<meta name=\"twitter:label2\" content=\"Saatavuus\" \/>\n\t<meta name=\"twitter:data2\" content=\"Varastossa\" \/>\n<script type=\"application\/ld+json\" class=\"yoast-schema-graph\">{\"@context\":\"https:\/\/schema.org\",\"@graph\":[{\"@type\":[\"WebPage\",\"ItemPage\"],\"@id\":\"https:\/\/hurghadalovers.com\/fi\/tours\/padi-avovesisukelluskurssi-hurghadassa\/\",\"url\":\"https:\/\/hurghadalovers.com\/fi\/tours\/padi-avovesisukelluskurssi-hurghadassa\/\",\"name\":\"PADI Open Water Diver -kurssi Hurghadassa\",\"isPartOf\":{\"@id\":\"https:\/\/hurghadalovers.com\/fi\/#website\"},\"primaryImageOfPage\":{\"@id\":\"https:\/\/hurghadalovers.com\/fi\/tours\/padi-avovesisukelluskurssi-hurghadassa\/#primaryimage\"},\"image\":{\"@id\":\"https:\/\/hurghadalovers.com\/fi\/tours\/padi-avovesisukelluskurssi-hurghadassa\/#primaryimage\"},\"thumbnailUrl\":\"https:\/\/hurghadalovers.com\/wp-content\/uploads\/2023\/08\/Hurghada-Diving-Course-2026.jpeg\",\"datePublished\":\"2023-08-23T09:34:18+00:00\",\"dateModified\":\"2026-02-10T07:58:25+00:00\",\"description\":\"PADI Open Water Diver -kurssi Hurghadassa - 3 p\u00e4iv\u00e4\u00e4 | sis\u00e4lt\u00e4en lounaan, juomat, sukellusvarusteet ja kuljetuksen. Opi sukelluksen perusteet...\",\"breadcrumb\":{\"@id\":\"https:\/\/hurghadalovers.com\/fi\/tours\/padi-avovesisukelluskurssi-hurghadassa\/#breadcrumb\"},\"inLanguage\":\"fi\",\"potentialAction\":[{\"@type\":\"ReadAction\",\"target\":[\"https:\/\/hurghadalovers.com\/fi\/tours\/padi-avovesisukelluskurssi-hurghadassa\/\"]}]},{\"@type\":\"ImageObject\",\"inLanguage\":\"fi\",\"@id\":\"https:\/\/hurghadalovers.com\/fi\/tours\/padi-avovesisukelluskurssi-hurghadassa\/#primaryimage\",\"url\":\"https:\/\/hurghadalovers.com\/wp-content\/uploads\/2023\/08\/Hurghada-Diving-Course-2026.jpeg\",\"contentUrl\":\"https:\/\/hurghadalovers.com\/wp-content\/uploads\/2023\/08\/Hurghada-Diving-Course-2026.jpeg\",\"width\":849,\"height\":717,\"caption\":\"Hurghada Diving Course 2026\"},{\"@type\":\"BreadcrumbList\",\"@id\":\"https:\/\/hurghadalovers.com\/fi\/tours\/padi-avovesisukelluskurssi-hurghadassa\/#breadcrumb\",\"itemListElement\":[{\"@type\":\"ListItem\",\"position\":1,\"name\":\"Home\",\"item\":\"https:\/\/hurghadalovers.com\/fi\/\"},{\"@type\":\"ListItem\",\"position\":2,\"name\":\"Shop\",\"item\":\"https:\/\/hurghadalovers.com\/fi\/shop-3\/\"},{\"@type\":\"ListItem\",\"position\":3,\"name\":\"PADI Open Water Diver -kurssi Hurghadassa\"}]},{\"@type\":\"WebSite\",\"@id\":\"https:\/\/hurghadalovers.com\/fi\/#website\",\"url\":\"https:\/\/hurghadalovers.com\/fi\/\",\"name\":\"Hurghada Excursions & Day Trips | Booking Best Prices Tours\",\"description\":\"Hurghada Lovers - Best Tour Operator - Excursions &amp; Things to do for Family Day Trips with kids and Couples Romantic. Unique .Hidden gems\",\"publisher\":{\"@id\":\"https:\/\/hurghadalovers.com\/fi\/#organization\"},\"alternateName\":\"Hurghada Excursions\",\"potentialAction\":[{\"@type\":\"SearchAction\",\"target\":{\"@type\":\"EntryPoint\",\"urlTemplate\":\"https:\/\/hurghadalovers.com\/fi\/?s={search_term_string}\"},\"query-input\":{\"@type\":\"PropertyValueSpecification\",\"valueRequired\":true,\"valueName\":\"search_term_string\"}}],\"inLanguage\":\"fi\"},{\"@type\":[\"Organization\",\"Place\",\"TravelAgency\"],\"@id\":\"https:\/\/hurghadalovers.com\/fi\/#organization\",\"name\":\"Hurghada Excursions\",\"url\":\"https:\/\/hurghadalovers.com\/fi\/\",\"logo\":{\"@id\":\"https:\/\/hurghadalovers.com\/fi\/tours\/padi-avovesisukelluskurssi-hurghadassa\/#local-main-organization-logo\"},\"image\":{\"@id\":\"https:\/\/hurghadalovers.com\/fi\/tours\/padi-avovesisukelluskurssi-hurghadassa\/#local-main-organization-logo\"},\"sameAs\":[\"https:\/\/www.facebook.com\/Hurghadaloversegypt\"],\"address\":{\"@id\":\"https:\/\/hurghadalovers.com\/fi\/tours\/padi-avovesisukelluskurssi-hurghadassa\/#local-main-place-address\"},\"telephone\":[\"00201112596434\"],\"contactPoint\":{\"@type\":\"ContactPoint\",\"telephone\":\"00201112596434\",\"email\":\"weyouface@gmail.com\"},\"openingHoursSpecification\":{\"@type\":\"OpeningHoursSpecification\",\"dayOfWeek\":[\"Monday\",\"Tuesday\",\"Wednesday\",\"Thursday\",\"Friday\",\"Saturday\",\"Sunday\"],\"opens\":\"00:00\",\"closes\":\"23:59\"},\"email\":\"weyouface@gmail.com\",\"areaServed\":\"Luxor, Hurghada, El Gouna, Aswan, Sharm El Sheikh, Giza, Alexandria, Marsa Alam, Quseir, Soma Bay, Sahl Hasheesh, Red Sea, Makadi Bay, Cairo\",\"priceRange\":\"$\",\"currenciesAccepted\":\"euro\",\"paymentAccepted\":\"cash on site\"},{\"@type\":\"PostalAddress\",\"@id\":\"https:\/\/hurghadalovers.com\/fi\/tours\/padi-avovesisukelluskurssi-hurghadassa\/#local-main-place-address\",\"streetAddress\":\"17 Banks street, Alkawther area, top nbk bank\",\"addressLocality\":\"hurghada\",\"postalCode\":\"84511\",\"addressRegion\":\"red sea\",\"addressCountry\":\"EG\"},{\"@type\":\"ImageObject\",\"inLanguage\":\"fi\",\"@id\":\"https:\/\/hurghadalovers.com\/fi\/tours\/padi-avovesisukelluskurssi-hurghadassa\/#local-main-organization-logo\",\"url\":\"https:\/\/hurghadalovers.com\/wp-content\/uploads\/2019\/10\/hurghada-excursions-logo.png\",\"contentUrl\":\"https:\/\/hurghadalovers.com\/wp-content\/uploads\/2019\/10\/hurghada-excursions-logo.png\",\"width\":272,\"height\":90,\"caption\":\"Hurghada Excursions\"}]}<\/script>\n<meta property=\"product:brand\" content=\"Hurghada Snorklaaminen\" \/>\n<meta property=\"product:price:amount\" content=\"290\" \/>\n<meta property=\"product:price:currency\" content=\"EUR\" \/>\n<meta property=\"og:availability\" content=\"instock\" \/>\n<meta property=\"product:availability\" content=\"instock\" \/>\n<meta property=\"product:retailer_item_id\" content=\"Diving042024\" \/>\n<meta property=\"product:condition\" content=\"new\" \/>\n<meta name=\"geo.placename\" content=\"hurghada\" \/>\n<meta name=\"geo.region\" content=\"Egypti\" \/>\n<!-- \/ Yoast SEO Premium plugin. -->","yoast_head_json":{"title":"PADI Open Water Diver -kurssi Hurghadassa","description":"PADI Open Water Diver -kurssi Hurghadassa - 3 p\u00e4iv\u00e4\u00e4 | sis\u00e4lt\u00e4en lounaan, juomat, sukellusvarusteet ja kuljetuksen. Opi sukelluksen perusteet...","robots":{"index":"index","follow":"follow","max-snippet":"max-snippet:-1","max-image-preview":"max-image-preview:large","max-video-preview":"max-video-preview:-1"},"canonical":"https:\/\/hurghadalovers.com\/fi\/tours\/padi-avovesisukelluskurssi-hurghadassa\/","og_locale":"fi_FI","og_type":"article","og_title":"PADI Open Water Diver -kurssi Hurghadassa","og_description":"PADI Open Water Diver -kurssi Hurghadassa - 3 p\u00e4iv\u00e4\u00e4 | sis\u00e4lt\u00e4en lounaan, juomat, sukellusvarusteet ja kuljetuksen. Opi sukelluksen perusteet...","og_url":"https:\/\/hurghadalovers.com\/fi\/tours\/padi-avovesisukelluskurssi-hurghadassa\/","og_site_name":"Hurghada Excursions &amp; Day Trips | Booking Best Prices Tours","article_publisher":"https:\/\/www.facebook.com\/Hurghadaloversegypt","article_modified_time":"2026-02-10T07:58:25+00:00","og_image":[{"width":849,"height":717,"url":"https:\/\/hurghadalovers.com\/wp-content\/uploads\/2023\/08\/Hurghada-Diving-Course-2026.jpeg","type":"image\/jpeg"}],"twitter_card":"summary_large_image","twitter_misc":{"Hinta":"&euro;&nbsp;290","Saatavuus":"Varastossa"},"schema":{"@context":"https:\/\/schema.org","@graph":[{"@type":["WebPage","ItemPage"],"@id":"https:\/\/hurghadalovers.com\/fi\/tours\/padi-avovesisukelluskurssi-hurghadassa\/","url":"https:\/\/hurghadalovers.com\/fi\/tours\/padi-avovesisukelluskurssi-hurghadassa\/","name":"PADI Open Water Diver -kurssi Hurghadassa","isPartOf":{"@id":"https:\/\/hurghadalovers.com\/fi\/#website"},"primaryImageOfPage":{"@id":"https:\/\/hurghadalovers.com\/fi\/tours\/padi-avovesisukelluskurssi-hurghadassa\/#primaryimage"},"image":{"@id":"https:\/\/hurghadalovers.com\/fi\/tours\/padi-avovesisukelluskurssi-hurghadassa\/#primaryimage"},"thumbnailUrl":"https:\/\/hurghadalovers.com\/wp-content\/uploads\/2023\/08\/Hurghada-Diving-Course-2026.jpeg","datePublished":"2023-08-23T09:34:18+00:00","dateModified":"2026-02-10T07:58:25+00:00","description":"PADI Open Water Diver -kurssi Hurghadassa - 3 p\u00e4iv\u00e4\u00e4 | sis\u00e4lt\u00e4en lounaan, juomat, sukellusvarusteet ja kuljetuksen. Opi sukelluksen perusteet...","breadcrumb":{"@id":"https:\/\/hurghadalovers.com\/fi\/tours\/padi-avovesisukelluskurssi-hurghadassa\/#breadcrumb"},"inLanguage":"fi","potentialAction":[{"@type":"ReadAction","target":["https:\/\/hurghadalovers.com\/fi\/tours\/padi-avovesisukelluskurssi-hurghadassa\/"]}]},{"@type":"ImageObject","inLanguage":"fi","@id":"https:\/\/hurghadalovers.com\/fi\/tours\/padi-avovesisukelluskurssi-hurghadassa\/#primaryimage","url":"https:\/\/hurghadalovers.com\/wp-content\/uploads\/2023\/08\/Hurghada-Diving-Course-2026.jpeg","contentUrl":"https:\/\/hurghadalovers.com\/wp-content\/uploads\/2023\/08\/Hurghada-Diving-Course-2026.jpeg","width":849,"height":717,"caption":"Hurghada Diving Course 2026"},{"@type":"BreadcrumbList","@id":"https:\/\/hurghadalovers.com\/fi\/tours\/padi-avovesisukelluskurssi-hurghadassa\/#breadcrumb","itemListElement":[{"@type":"ListItem","position":1,"name":"Home","item":"https:\/\/hurghadalovers.com\/fi\/"},{"@type":"ListItem","position":2,"name":"Shop","item":"https:\/\/hurghadalovers.com\/fi\/shop-3\/"},{"@type":"ListItem","position":3,"name":"PADI Open Water Diver -kurssi Hurghadassa"}]},{"@type":"WebSite","@id":"https:\/\/hurghadalovers.com\/fi\/#website","url":"https:\/\/hurghadalovers.com\/fi\/","name":"Hurghada Excursions & Day Trips | Booking Best Prices Tours","description":"Hurghada Lovers - Best Tour Operator - Excursions &amp; Things to do for Family Day Trips with kids and Couples Romantic. Unique .Hidden gems","publisher":{"@id":"https:\/\/hurghadalovers.com\/fi\/#organization"},"alternateName":"Hurghada Excursions","potentialAction":[{"@type":"SearchAction","target":{"@type":"EntryPoint","urlTemplate":"https:\/\/hurghadalovers.com\/fi\/?s={search_term_string}"},"query-input":{"@type":"PropertyValueSpecification","valueRequired":true,"valueName":"search_term_string"}}],"inLanguage":"fi"},{"@type":["Organization","Place","TravelAgency"],"@id":"https:\/\/hurghadalovers.com\/fi\/#organization","name":"Hurghada Excursions","url":"https:\/\/hurghadalovers.com\/fi\/","logo":{"@id":"https:\/\/hurghadalovers.com\/fi\/tours\/padi-avovesisukelluskurssi-hurghadassa\/#local-main-organization-logo"},"image":{"@id":"https:\/\/hurghadalovers.com\/fi\/tours\/padi-avovesisukelluskurssi-hurghadassa\/#local-main-organization-logo"},"sameAs":["https:\/\/www.facebook.com\/Hurghadaloversegypt"],"address":{"@id":"https:\/\/hurghadalovers.com\/fi\/tours\/padi-avovesisukelluskurssi-hurghadassa\/#local-main-place-address"},"telephone":["00201112596434"],"contactPoint":{"@type":"ContactPoint","telephone":"00201112596434","email":"weyouface@gmail.com"},"openingHoursSpecification":{"@type":"OpeningHoursSpecification","dayOfWeek":["Monday","Tuesday","Wednesday","Thursday","Friday","Saturday","Sunday"],"opens":"00:00","closes":"23:59"},"email":"weyouface@gmail.com","areaServed":"Luxor, Hurghada, El Gouna, Aswan, Sharm El Sheikh, Giza, Alexandria, Marsa Alam, Quseir, Soma Bay, Sahl Hasheesh, Red Sea, Makadi Bay, Cairo","priceRange":"$","currenciesAccepted":"euro","paymentAccepted":"cash on site"},{"@type":"PostalAddress","@id":"https:\/\/hurghadalovers.com\/fi\/tours\/padi-avovesisukelluskurssi-hurghadassa\/#local-main-place-address","streetAddress":"17 Banks street, Alkawther area, top nbk bank","addressLocality":"hurghada","postalCode":"84511","addressRegion":"red sea","addressCountry":"EG"},{"@type":"ImageObject","inLanguage":"fi","@id":"https:\/\/hurghadalovers.com\/fi\/tours\/padi-avovesisukelluskurssi-hurghadassa\/#local-main-organization-logo","url":"https:\/\/hurghadalovers.com\/wp-content\/uploads\/2019\/10\/hurghada-excursions-logo.png","contentUrl":"https:\/\/hurghadalovers.com\/wp-content\/uploads\/2019\/10\/hurghada-excursions-logo.png","width":272,"height":90,"caption":"Hurghada Excursions"}]},"product_brand":"Hurghada Snorklaaminen","product_price_amount":"290","product_price_currency":"EUR","og_availability":"instock","product_availability":"instock","product_retailer_item_id":"Diving042024","product_condition":"new","geo.placename":"hurghada","geo.region":"Egypti"},"_links":{"self":[{"href":"https:\/\/hurghadalovers.com\/fi\/wp-json\/wp\/v2\/product\/382553","targetHints":{"allow":["GET"]}}],"collection":[{"href":"https:\/\/hurghadalovers.com\/fi\/wp-json\/wp\/v2\/product"}],"about":[{"href":"https:\/\/hurghadalovers.com\/fi\/wp-json\/wp\/v2\/types\/product"}],"wp:featuredmedia":[{"embeddable":true,"href":"https:\/\/hurghadalovers.com\/fi\/wp-json\/wp\/v2\/media\/931822"}],"wp:attachment":[{"href":"https:\/\/hurghadalovers.com\/fi\/wp-json\/wp\/v2\/media?parent=382553"}],"wp:term":[{"taxonomy":"product_brand","embeddable":true,"href":"https:\/\/hurghadalovers.com\/fi\/wp-json\/wp\/v2\/product_brand?post=382553"},{"taxonomy":"product_cat","embeddable":true,"href":"https:\/\/hurghadalovers.com\/fi\/wp-json\/wp\/v2\/product_cat?post=382553"},{"taxonomy":"product_tag","embeddable":true,"href":"https:\/\/hurghadalovers.com\/fi\/wp-json\/wp\/v2\/product_tag?post=382553"}],"curies":[{"name":"wp","href":"https:\/\/api.w.org\/{rel}","templated":true}]}}