{"id":381184,"date":"2023-08-19T10:43:39","date_gmt":"2023-08-19T10:46:47","guid":{"rendered":"https:\/\/hurghadalovers.com\/shop\/Ei-luokiteltu\/yksityinen-kairon-alexandria-kiertoajelu-hurghadasta-kasin\/"},"modified":"2026-02-09T08:18:41","modified_gmt":"2026-02-09T08:18:41","slug":"yksityinen-kairo-alexandria-kierros-hurghadasta","status":"publish","type":"product","link":"https:\/\/hurghadalovers.com\/fi\/tours\/yksityinen-kairo-alexandria-kierros-hurghadasta\/","title":{"rendered":"Yksityinen Kairon Alexandria kiertoajelu Hurghadasta k\u00e4sin"},"content":{"rendered":"<p><strong>Yksityinen Kairo Alexandria Tour Hurghada<\/strong> &#8211; 2 p\u00e4iv\u00e4\u00e4 autolla, tila-auto ja yksityinen opas.<\/p>\n<p style=\"text-align: center;\"><span style=\"color: #993300;\"><strong>Tutustu Egyptin t\u00e4rkeimpiin historiallisiin monumentteihin<\/strong><\/span><\/p>\n<p><strong>Kohokohdat:<\/strong><\/p>\n<ol>\n<li>Gizan pyramidit.<\/li>\n<li>Suuri sfinksi.<\/li>\n<li>Laakson temppeli.<\/li>\n<li>Egyptil\u00e4inen museo.<\/li>\n<li>Qayetbeyn linnoitus Aleksandriassa.<\/li>\n<li>Pompeysin pylv\u00e4s<\/li>\n<li>Alexandrian kirjasto<\/li>\n<li>Aleksandrian katakombit.<\/li>\n<li>Montazahin palatsi Aleksandriassa<\/li>\n<li>Lounas ravintolassa &#8221;Kasvisruokaa on saatavilla&#8221;.<\/li>\n<\/ol>\n<p><strong>Yksityinen Kairon Aleksandrian kierros Hurghadasta Yksityiskohdat:<\/strong><\/p>\n<ul>\n<li>Kiertueen saatavuus: Joka p\u00e4iv\u00e4.<\/li>\n<li>Kiertueen tyyppi: Yksityinen henkil\u00f6autolla tai tila-autolla.<\/li>\n<li>Noutoaika: Alkaa klo 01:00.<\/li>\n<li>Pyyt\u00e4m\u00e4ll\u00e4 Hotel saada aamiaispussi kanssasi Aamulla.<\/li>\n<li>Noutoaika: 19:00.<\/li>\n<li>Py\u00f6r\u00e4tuolilla p\u00e4\u00e4see.<\/li>\n<li>Kesto: 2 p\u00e4iv\u00e4\u00e4 \/ 1 y\u00f6.<\/li>\n<\/ul>\n<p><strong>Varaa nyt ja maksa my\u00f6hemmin:<\/strong><\/p>\n<ul>\n<li>K\u00e4teist\u00e4 paikan p\u00e4\u00e4ll\u00e4 oppaalle.<\/li>\n<li>Maksu Egyptin puntina, $, \u20ac tai \u00a3.<\/li>\n<\/ul>\n<p><strong>Peruutusehdot:<\/strong><\/p>\n<ul>\n<li>peruutus enint\u00e4\u00e4n 24 tuntia etuk\u00e4teen.<\/li>\n<li>Kun joku perheest\u00e4si peruuttaa aamup\u00e4iv\u00e4n, maksat 50 % kustannuksista.<\/li>\n<\/ul>\n<p><strong>Mit\u00e4 sis\u00e4ltyy?<\/strong><\/p>\n<ul>\n<li>Siirto Hurghadan hotelleista &#8221;Hotel pick up and drop off&#8221;.<\/li>\n<li>Kaikki verot, sis\u00e4\u00e4np\u00e4\u00e4symaksut ja k\u00e4sittelymaksut.<\/li>\n<li>Siirrot.<\/li>\n<li>Matkaopas.<\/li>\n<li>1 y\u00f6 hotellissa yhdell\u00e4 aamiaisella.<\/li>\n<li>Juomat.<\/li>\n<li>2 kertaa lounas ravintolassa.<\/li>\n<\/ul>\n<p><strong>Poikkeukset?<\/strong><\/p>\n<ul>\n<li>Juomarahat.<\/li>\n<li>Feluccaretki &#8221;Boat cruise&#8221; 35 min= 10$.<\/li>\n<li>Mahdolliset mainitsemattomat lis\u00e4maksut.<\/li>\n<\/ul>\n<h4><strong>Yksityinen Kairo Alexandria Tour alkaen Hurghada Hinnat:<\/strong><\/h4>\n<ul>\n<li><strong>Aikuisten hinta = alkaen 250$ per henkil\u00f6<\/strong>.<\/li>\n<li>Hinta lapsille &#8221;5-12&#8221; = 50 %.<\/li>\n<li>lapsille &#8221;0-5\u2033= Ilmainen.<\/li>\n<\/ul>\n<p>&nbsp;<\/p>\n<p><strong>Arvostelut:<\/strong><\/p>\n<p>tarkista Google Map Arvostelut paras <a href=\"https:\/\/g.page\/r\/CUeYvkngP3wkEBM\/review\">matkanj\u00e4rjest\u00e4j\u00e4 Hurghada<\/a> verkossa <a href=\"https:\/\/hurghadalovers.com\/\">Hurghada<\/a> Egyptiss\u00e4.<\/p>\n<p>&nbsp;<\/p>\n<p><strong>Huom:  <\/strong><\/p>\n<p>Teemme my\u00f6s kiertueen, jossa on kuljetus hotellista El Goua, Soma lahti, Makadi lahti, Sahl Hasheesh, Safaga lis\u00e4maksusta = 10 dollaria per henkil\u00f6.<\/p>\n<p>&nbsp;<\/p>\n<p><strong>Varaukset:<\/strong><\/p>\n<p>L\u00e4het\u00e4 hotelli + huoneen numero + valokuvapassit WhatsAppiin: <strong>+201112596434<\/strong><\/p>\n<p>Jos olet pois Egyptin Varaus nyt verkossa ja vahvistaa, kun saapuminen Hotel.<\/p>\n","protected":false},"excerpt":{"rendered":"<p>Yksityinen Kairo Alexandria Tour alkaen Hurghada &#8211; 2 p\u00e4iv\u00e4\u00e4 autolla, tila-auto ja yksityinen opas | Tutustu t\u00e4rkeimpiin historiallisiin monumentteihin Egyptiss\u00e4<\/p>\n","protected":false},"featured_media":381144,"template":"","meta":{"_joinchat":[]},"product_brand":[],"product_cat":[36656],"product_tag":[52314,59834,59847,59763,59769,59838,52318,59894,59800,59843,59787,59910],"class_list":{"0":"post-381184","1":"product","2":"type-product","3":"status-publish","4":"has-post-thumbnail","6":"product_cat-kierrokset","7":"product_tag-egypti-yksityiset-matkat","8":"product_tag-hurghada-ja-pyramidit","9":"product_tag-hurghada-matka-kairoon","10":"product_tag-hurghada-pyramideille-paivaretki","11":"product_tag-hurghada-retket","12":"product_tag-kairon-paivaretki-hurghadasta","13":"product_tag-kairon-yksityiset-matkat","14":"product_tag-paivaretket-hurghadasta","15":"product_tag-perheen-tekemista-hurghadasta","16":"product_tag-pyramidit-hurghada-2","17":"product_tag-tekemista-hurghadassa","18":"product_tag-tekemista-pikkulasten-kanssa-hurghada","19":"tour_category-hurghada-excursions-fi","20":"tour_category-hurghada-to-cairo-trips-fi","22":"first","23":"instock","24":"sale","25":"shipping-taxable","26":"purchasable","27":"product-type-tour"},"yoast_head":"<!-- This site is optimized with the Yoast SEO Premium plugin v26.9 (Yoast SEO v27.2) - https:\/\/yoast.com\/product\/yoast-seo-premium-wordpress\/ -->\n<title>Yksityinen Kairon ja Aleksandrian kiertomatka Hurghadasta - 2 p\u00e4iv\u00e4\u00e4<\/title>\n<meta name=\"description\" content=\"Yksityinen Kairo Alexandria Tour alkaen Hurghada - 2 p\u00e4iv\u00e4\u00e4 autolla, tila-auto ja yksityinen opas | Tutustu t\u00e4rkeimpiin historiallisiin monumentteihin Egyptiss\u00e4\" \/>\n<meta name=\"robots\" content=\"index, follow, max-snippet:-1, max-image-preview:large, max-video-preview:-1\" \/>\n<link rel=\"canonical\" href=\"https:\/\/hurghadalovers.com\/fi\/tours\/yksityinen-kairo-alexandria-kierros-hurghadasta\/\" \/>\n<meta property=\"og:locale\" content=\"fi_FI\" \/>\n<meta property=\"og:type\" content=\"article\" \/>\n<meta property=\"og:title\" content=\"Yksityinen Kairon Alexandria kiertoajelu Hurghadasta k\u00e4sin\" \/>\n<meta property=\"og:description\" content=\"Yksityinen Kairo Alexandria Tour alkaen Hurghada - 2 p\u00e4iv\u00e4\u00e4 autolla, tila-auto ja yksityinen opas | Tutustu t\u00e4rkeimpiin historiallisiin monumentteihin Egyptiss\u00e4\" \/>\n<meta property=\"og:url\" content=\"https:\/\/hurghadalovers.com\/fi\/tours\/yksityinen-kairo-alexandria-kierros-hurghadasta\/\" \/>\n<meta property=\"og:site_name\" content=\"Hurghada Excursions &amp; Day Trips | Booking Best Prices Tours\" \/>\n<meta property=\"article:publisher\" content=\"https:\/\/www.facebook.com\/Hurghadaloversegypt\" \/>\n<meta property=\"article:modified_time\" content=\"2026-02-09T08:18:41+00:00\" \/>\n<meta property=\"og:image\" content=\"https:\/\/hurghadalovers.com\/wp-content\/uploads\/2023\/08\/Private-Cairo-Alexandria-Tour-from-Hurghada.jpg\" \/>\n\t<meta property=\"og:image:width\" content=\"1555\" \/>\n\t<meta property=\"og:image:height\" content=\"899\" \/>\n\t<meta property=\"og:image:type\" content=\"image\/jpeg\" \/>\n<meta name=\"twitter:card\" content=\"summary_large_image\" \/>\n<meta name=\"twitter:label1\" content=\"Hinta\" \/>\n\t<meta name=\"twitter:data1\" content=\"&euro;&nbsp;390\" \/>\n\t<meta name=\"twitter:label2\" content=\"Saatavuus\" \/>\n\t<meta name=\"twitter:data2\" content=\"Varastossa\" \/>\n<script type=\"application\/ld+json\" class=\"yoast-schema-graph\">{\"@context\":\"https:\/\/schema.org\",\"@graph\":[{\"@type\":[\"WebPage\",\"ItemPage\"],\"@id\":\"https:\/\/hurghadalovers.com\/fi\/tours\/yksityinen-kairo-alexandria-kierros-hurghadasta\/\",\"url\":\"https:\/\/hurghadalovers.com\/fi\/tours\/yksityinen-kairo-alexandria-kierros-hurghadasta\/\",\"name\":\"Yksityinen Kairon ja Aleksandrian kiertomatka Hurghadasta - 2 p\u00e4iv\u00e4\u00e4\",\"isPartOf\":{\"@id\":\"https:\/\/hurghadalovers.com\/fi\/#website\"},\"primaryImageOfPage\":{\"@id\":\"https:\/\/hurghadalovers.com\/fi\/tours\/yksityinen-kairo-alexandria-kierros-hurghadasta\/#primaryimage\"},\"image\":{\"@id\":\"https:\/\/hurghadalovers.com\/fi\/tours\/yksityinen-kairo-alexandria-kierros-hurghadasta\/#primaryimage\"},\"thumbnailUrl\":\"https:\/\/hurghadalovers.com\/wp-content\/uploads\/2023\/08\/Private-Cairo-Alexandria-Tour-from-Hurghada.jpg\",\"datePublished\":\"2023-08-19T10:46:47+00:00\",\"dateModified\":\"2026-02-09T08:18:41+00:00\",\"description\":\"Yksityinen Kairo Alexandria Tour alkaen Hurghada - 2 p\u00e4iv\u00e4\u00e4 autolla, tila-auto ja yksityinen opas | Tutustu t\u00e4rkeimpiin historiallisiin monumentteihin Egyptiss\u00e4\",\"breadcrumb\":{\"@id\":\"https:\/\/hurghadalovers.com\/fi\/tours\/yksityinen-kairo-alexandria-kierros-hurghadasta\/#breadcrumb\"},\"inLanguage\":\"fi\",\"potentialAction\":[{\"@type\":\"ReadAction\",\"target\":[\"https:\/\/hurghadalovers.com\/fi\/tours\/yksityinen-kairo-alexandria-kierros-hurghadasta\/\"]}]},{\"@type\":\"ImageObject\",\"inLanguage\":\"fi\",\"@id\":\"https:\/\/hurghadalovers.com\/fi\/tours\/yksityinen-kairo-alexandria-kierros-hurghadasta\/#primaryimage\",\"url\":\"https:\/\/hurghadalovers.com\/wp-content\/uploads\/2023\/08\/Private-Cairo-Alexandria-Tour-from-Hurghada.jpg\",\"contentUrl\":\"https:\/\/hurghadalovers.com\/wp-content\/uploads\/2023\/08\/Private-Cairo-Alexandria-Tour-from-Hurghada.jpg\",\"width\":1555,\"height\":899,\"caption\":\"Yksityinen Kairon Alexandria kiertoajelu Hurghadasta k\u00e4sin\"},{\"@type\":\"BreadcrumbList\",\"@id\":\"https:\/\/hurghadalovers.com\/fi\/tours\/yksityinen-kairo-alexandria-kierros-hurghadasta\/#breadcrumb\",\"itemListElement\":[{\"@type\":\"ListItem\",\"position\":1,\"name\":\"Home\",\"item\":\"https:\/\/hurghadalovers.com\/fi\/\"},{\"@type\":\"ListItem\",\"position\":2,\"name\":\"Shop\",\"item\":\"https:\/\/hurghadalovers.com\/fi\/shop-3\/\"},{\"@type\":\"ListItem\",\"position\":3,\"name\":\"Yksityinen Kairon Alexandria kiertoajelu Hurghadasta k\u00e4sin\"}]},{\"@type\":\"WebSite\",\"@id\":\"https:\/\/hurghadalovers.com\/fi\/#website\",\"url\":\"https:\/\/hurghadalovers.com\/fi\/\",\"name\":\"Hurghada Excursions & Day Trips | Booking Best Prices Tours\",\"description\":\"Hurghada Lovers - Best Tour Operator - Excursions &amp; Things to do for Family Day Trips with kids and Couples Romantic. Unique .Hidden gems\",\"publisher\":{\"@id\":\"https:\/\/hurghadalovers.com\/fi\/#organization\"},\"alternateName\":\"Hurghada Excursions\",\"potentialAction\":[{\"@type\":\"SearchAction\",\"target\":{\"@type\":\"EntryPoint\",\"urlTemplate\":\"https:\/\/hurghadalovers.com\/fi\/?s={search_term_string}\"},\"query-input\":{\"@type\":\"PropertyValueSpecification\",\"valueRequired\":true,\"valueName\":\"search_term_string\"}}],\"inLanguage\":\"fi\"},{\"@type\":[\"Organization\",\"Place\",\"TravelAgency\"],\"@id\":\"https:\/\/hurghadalovers.com\/fi\/#organization\",\"name\":\"Hurghada Excursions\",\"url\":\"https:\/\/hurghadalovers.com\/fi\/\",\"logo\":{\"@id\":\"https:\/\/hurghadalovers.com\/fi\/tours\/yksityinen-kairo-alexandria-kierros-hurghadasta\/#local-main-organization-logo\"},\"image\":{\"@id\":\"https:\/\/hurghadalovers.com\/fi\/tours\/yksityinen-kairo-alexandria-kierros-hurghadasta\/#local-main-organization-logo\"},\"sameAs\":[\"https:\/\/www.facebook.com\/Hurghadaloversegypt\"],\"address\":{\"@id\":\"https:\/\/hurghadalovers.com\/fi\/tours\/yksityinen-kairo-alexandria-kierros-hurghadasta\/#local-main-place-address\"},\"telephone\":[\"00201112596434\"],\"contactPoint\":{\"@type\":\"ContactPoint\",\"telephone\":\"00201112596434\",\"email\":\"weyouface@gmail.com\"},\"openingHoursSpecification\":{\"@type\":\"OpeningHoursSpecification\",\"dayOfWeek\":[\"Monday\",\"Tuesday\",\"Wednesday\",\"Thursday\",\"Friday\",\"Saturday\",\"Sunday\"],\"opens\":\"00:00\",\"closes\":\"23:59\"},\"email\":\"weyouface@gmail.com\",\"areaServed\":\"Luxor, Hurghada, El Gouna, Aswan, Sharm El Sheikh, Giza, Alexandria, Marsa Alam, Quseir, Soma Bay, Sahl Hasheesh, Red Sea, Makadi Bay, Cairo\",\"priceRange\":\"$\",\"currenciesAccepted\":\"euro\",\"paymentAccepted\":\"cash on site\"},{\"@type\":\"PostalAddress\",\"@id\":\"https:\/\/hurghadalovers.com\/fi\/tours\/yksityinen-kairo-alexandria-kierros-hurghadasta\/#local-main-place-address\",\"streetAddress\":\"17 Banks street, Alkawther area, top nbk bank\",\"addressLocality\":\"hurghada\",\"postalCode\":\"84511\",\"addressRegion\":\"red sea\",\"addressCountry\":\"EG\"},{\"@type\":\"ImageObject\",\"inLanguage\":\"fi\",\"@id\":\"https:\/\/hurghadalovers.com\/fi\/tours\/yksityinen-kairo-alexandria-kierros-hurghadasta\/#local-main-organization-logo\",\"url\":\"https:\/\/hurghadalovers.com\/wp-content\/uploads\/2019\/10\/hurghada-excursions-logo.png\",\"contentUrl\":\"https:\/\/hurghadalovers.com\/wp-content\/uploads\/2019\/10\/hurghada-excursions-logo.png\",\"width\":272,\"height\":90,\"caption\":\"Hurghada Excursions\"}]}<\/script>\n<meta property=\"product:brand\" content=\"Hurghadan Retket\" \/>\n<meta property=\"product:price:amount\" content=\"390\" \/>\n<meta property=\"product:price:currency\" content=\"EUR\" \/>\n<meta property=\"og:availability\" content=\"instock\" \/>\n<meta property=\"product:availability\" content=\"instock\" \/>\n<meta property=\"product:retailer_item_id\" content=\"Private152024\" \/>\n<meta property=\"product:condition\" content=\"new\" \/>\n<meta name=\"geo.placename\" content=\"hurghada\" \/>\n<meta name=\"geo.region\" content=\"Egypti\" \/>\n<!-- \/ Yoast SEO Premium plugin. -->","yoast_head_json":{"title":"Yksityinen Kairon ja Aleksandrian kiertomatka Hurghadasta - 2 p\u00e4iv\u00e4\u00e4","description":"Yksityinen Kairo Alexandria Tour alkaen Hurghada - 2 p\u00e4iv\u00e4\u00e4 autolla, tila-auto ja yksityinen opas | Tutustu t\u00e4rkeimpiin historiallisiin monumentteihin Egyptiss\u00e4","robots":{"index":"index","follow":"follow","max-snippet":"max-snippet:-1","max-image-preview":"max-image-preview:large","max-video-preview":"max-video-preview:-1"},"canonical":"https:\/\/hurghadalovers.com\/fi\/tours\/yksityinen-kairo-alexandria-kierros-hurghadasta\/","og_locale":"fi_FI","og_type":"article","og_title":"Yksityinen Kairon Alexandria kiertoajelu Hurghadasta k\u00e4sin","og_description":"Yksityinen Kairo Alexandria Tour alkaen Hurghada - 2 p\u00e4iv\u00e4\u00e4 autolla, tila-auto ja yksityinen opas | Tutustu t\u00e4rkeimpiin historiallisiin monumentteihin Egyptiss\u00e4","og_url":"https:\/\/hurghadalovers.com\/fi\/tours\/yksityinen-kairo-alexandria-kierros-hurghadasta\/","og_site_name":"Hurghada Excursions &amp; Day Trips | Booking Best Prices Tours","article_publisher":"https:\/\/www.facebook.com\/Hurghadaloversegypt","article_modified_time":"2026-02-09T08:18:41+00:00","og_image":[{"width":1555,"height":899,"url":"https:\/\/hurghadalovers.com\/wp-content\/uploads\/2023\/08\/Private-Cairo-Alexandria-Tour-from-Hurghada.jpg","type":"image\/jpeg"}],"twitter_card":"summary_large_image","twitter_misc":{"Hinta":"&euro;&nbsp;390","Saatavuus":"Varastossa"},"schema":{"@context":"https:\/\/schema.org","@graph":[{"@type":["WebPage","ItemPage"],"@id":"https:\/\/hurghadalovers.com\/fi\/tours\/yksityinen-kairo-alexandria-kierros-hurghadasta\/","url":"https:\/\/hurghadalovers.com\/fi\/tours\/yksityinen-kairo-alexandria-kierros-hurghadasta\/","name":"Yksityinen Kairon ja Aleksandrian kiertomatka Hurghadasta - 2 p\u00e4iv\u00e4\u00e4","isPartOf":{"@id":"https:\/\/hurghadalovers.com\/fi\/#website"},"primaryImageOfPage":{"@id":"https:\/\/hurghadalovers.com\/fi\/tours\/yksityinen-kairo-alexandria-kierros-hurghadasta\/#primaryimage"},"image":{"@id":"https:\/\/hurghadalovers.com\/fi\/tours\/yksityinen-kairo-alexandria-kierros-hurghadasta\/#primaryimage"},"thumbnailUrl":"https:\/\/hurghadalovers.com\/wp-content\/uploads\/2023\/08\/Private-Cairo-Alexandria-Tour-from-Hurghada.jpg","datePublished":"2023-08-19T10:46:47+00:00","dateModified":"2026-02-09T08:18:41+00:00","description":"Yksityinen Kairo Alexandria Tour alkaen Hurghada - 2 p\u00e4iv\u00e4\u00e4 autolla, tila-auto ja yksityinen opas | Tutustu t\u00e4rkeimpiin historiallisiin monumentteihin Egyptiss\u00e4","breadcrumb":{"@id":"https:\/\/hurghadalovers.com\/fi\/tours\/yksityinen-kairo-alexandria-kierros-hurghadasta\/#breadcrumb"},"inLanguage":"fi","potentialAction":[{"@type":"ReadAction","target":["https:\/\/hurghadalovers.com\/fi\/tours\/yksityinen-kairo-alexandria-kierros-hurghadasta\/"]}]},{"@type":"ImageObject","inLanguage":"fi","@id":"https:\/\/hurghadalovers.com\/fi\/tours\/yksityinen-kairo-alexandria-kierros-hurghadasta\/#primaryimage","url":"https:\/\/hurghadalovers.com\/wp-content\/uploads\/2023\/08\/Private-Cairo-Alexandria-Tour-from-Hurghada.jpg","contentUrl":"https:\/\/hurghadalovers.com\/wp-content\/uploads\/2023\/08\/Private-Cairo-Alexandria-Tour-from-Hurghada.jpg","width":1555,"height":899,"caption":"Yksityinen Kairon Alexandria kiertoajelu Hurghadasta k\u00e4sin"},{"@type":"BreadcrumbList","@id":"https:\/\/hurghadalovers.com\/fi\/tours\/yksityinen-kairo-alexandria-kierros-hurghadasta\/#breadcrumb","itemListElement":[{"@type":"ListItem","position":1,"name":"Home","item":"https:\/\/hurghadalovers.com\/fi\/"},{"@type":"ListItem","position":2,"name":"Shop","item":"https:\/\/hurghadalovers.com\/fi\/shop-3\/"},{"@type":"ListItem","position":3,"name":"Yksityinen Kairon Alexandria kiertoajelu Hurghadasta k\u00e4sin"}]},{"@type":"WebSite","@id":"https:\/\/hurghadalovers.com\/fi\/#website","url":"https:\/\/hurghadalovers.com\/fi\/","name":"Hurghada Excursions & Day Trips | Booking Best Prices Tours","description":"Hurghada Lovers - Best Tour Operator - Excursions &amp; Things to do for Family Day Trips with kids and Couples Romantic. Unique .Hidden gems","publisher":{"@id":"https:\/\/hurghadalovers.com\/fi\/#organization"},"alternateName":"Hurghada Excursions","potentialAction":[{"@type":"SearchAction","target":{"@type":"EntryPoint","urlTemplate":"https:\/\/hurghadalovers.com\/fi\/?s={search_term_string}"},"query-input":{"@type":"PropertyValueSpecification","valueRequired":true,"valueName":"search_term_string"}}],"inLanguage":"fi"},{"@type":["Organization","Place","TravelAgency"],"@id":"https:\/\/hurghadalovers.com\/fi\/#organization","name":"Hurghada Excursions","url":"https:\/\/hurghadalovers.com\/fi\/","logo":{"@id":"https:\/\/hurghadalovers.com\/fi\/tours\/yksityinen-kairo-alexandria-kierros-hurghadasta\/#local-main-organization-logo"},"image":{"@id":"https:\/\/hurghadalovers.com\/fi\/tours\/yksityinen-kairo-alexandria-kierros-hurghadasta\/#local-main-organization-logo"},"sameAs":["https:\/\/www.facebook.com\/Hurghadaloversegypt"],"address":{"@id":"https:\/\/hurghadalovers.com\/fi\/tours\/yksityinen-kairo-alexandria-kierros-hurghadasta\/#local-main-place-address"},"telephone":["00201112596434"],"contactPoint":{"@type":"ContactPoint","telephone":"00201112596434","email":"weyouface@gmail.com"},"openingHoursSpecification":{"@type":"OpeningHoursSpecification","dayOfWeek":["Monday","Tuesday","Wednesday","Thursday","Friday","Saturday","Sunday"],"opens":"00:00","closes":"23:59"},"email":"weyouface@gmail.com","areaServed":"Luxor, Hurghada, El Gouna, Aswan, Sharm El Sheikh, Giza, Alexandria, Marsa Alam, Quseir, Soma Bay, Sahl Hasheesh, Red Sea, Makadi Bay, Cairo","priceRange":"$","currenciesAccepted":"euro","paymentAccepted":"cash on site"},{"@type":"PostalAddress","@id":"https:\/\/hurghadalovers.com\/fi\/tours\/yksityinen-kairo-alexandria-kierros-hurghadasta\/#local-main-place-address","streetAddress":"17 Banks street, Alkawther area, top nbk bank","addressLocality":"hurghada","postalCode":"84511","addressRegion":"red sea","addressCountry":"EG"},{"@type":"ImageObject","inLanguage":"fi","@id":"https:\/\/hurghadalovers.com\/fi\/tours\/yksityinen-kairo-alexandria-kierros-hurghadasta\/#local-main-organization-logo","url":"https:\/\/hurghadalovers.com\/wp-content\/uploads\/2019\/10\/hurghada-excursions-logo.png","contentUrl":"https:\/\/hurghadalovers.com\/wp-content\/uploads\/2019\/10\/hurghada-excursions-logo.png","width":272,"height":90,"caption":"Hurghada Excursions"}]},"product_brand":"Hurghadan Retket","product_price_amount":"390","product_price_currency":"EUR","og_availability":"instock","product_availability":"instock","product_retailer_item_id":"Private152024","product_condition":"new","geo.placename":"hurghada","geo.region":"Egypti"},"_links":{"self":[{"href":"https:\/\/hurghadalovers.com\/fi\/wp-json\/wp\/v2\/product\/381184","targetHints":{"allow":["GET"]}}],"collection":[{"href":"https:\/\/hurghadalovers.com\/fi\/wp-json\/wp\/v2\/product"}],"about":[{"href":"https:\/\/hurghadalovers.com\/fi\/wp-json\/wp\/v2\/types\/product"}],"wp:featuredmedia":[{"embeddable":true,"href":"https:\/\/hurghadalovers.com\/fi\/wp-json\/wp\/v2\/media\/381144"}],"wp:attachment":[{"href":"https:\/\/hurghadalovers.com\/fi\/wp-json\/wp\/v2\/media?parent=381184"}],"wp:term":[{"taxonomy":"product_brand","embeddable":true,"href":"https:\/\/hurghadalovers.com\/fi\/wp-json\/wp\/v2\/product_brand?post=381184"},{"taxonomy":"product_cat","embeddable":true,"href":"https:\/\/hurghadalovers.com\/fi\/wp-json\/wp\/v2\/product_cat?post=381184"},{"taxonomy":"product_tag","embeddable":true,"href":"https:\/\/hurghadalovers.com\/fi\/wp-json\/wp\/v2\/product_tag?post=381184"}],"curies":[{"name":"wp","href":"https:\/\/api.w.org\/{rel}","templated":true}]}}