{"id":380860,"date":"2023-08-16T10:21:41","date_gmt":"2023-08-16T10:21:41","guid":{"rendered":"https:\/\/hurghadalovers.com\/shop\/Ei-luokiteltu\/yksityinen-pikaveneen-vuokraus-paratiisisaarelle\/"},"modified":"2026-02-08T12:58:09","modified_gmt":"2026-02-08T12:58:09","slug":"yksityinen-pikaveneen-vuokraus-paratiisisaarelle","status":"publish","type":"product","link":"https:\/\/hurghadalovers.com\/fi\/tours\/yksityinen-pikaveneen-vuokraus-paratiisisaarelle\/","title":{"rendered":"Yksityinen pikaveneen vuokraus Paratiisisaarelle"},"content":{"rendered":"<p><strong>Yksityinen pikaveneen vuokraus Paratiisisaarelle Hurghadasta<\/strong> lippujen, snorklauksen ja kuljetuksen kanssa.<\/p>\n<p style=\"text-align: center;\">Kaunein Hurghada <span style=\"color: #00ccff;\"><br \/>\n  <strong>Perheyst\u00e4v\u00e4lliset aktiviteetit<\/strong><br \/>\n<\/span>, <span style=\"color: #00ccff;\"><br \/>\n  <strong>Tekemist\u00e4 lasten kanssa<\/strong><br \/>\n<\/span>, Seniorit, <span style=\"color: #993366;\"><br \/>\n  <strong>H\u00e4\u00e4matka<\/strong><br \/>\n<\/span> ja <span style=\"color: #993366;\"><br \/>\n  <strong>Pariskunta<\/strong><br \/>\n<\/span>.<\/p>\n<p>Nauti erityisest\u00e4 p\u00e4iv\u00e4st\u00e4 ja ainutlaatuisesta kokemuksesta, jossa on enemm\u00e4n <strong>yksityisyytt\u00e4<\/strong> ja <strong>ylellisyytt\u00e4<\/strong>, ja l\u00e4hde perheen ja yst\u00e4vien kanssa <strong>Giftun-saaren<\/strong> kauneimmille rannoille ja ui <strong>Hurghadan koralliriuttojen<\/strong> kauneimmissa paikoissa.<\/p>\n<p>Tarjoamme varauksen vain yksityinen pikaveneen vuokraus <strong>Paradise<\/strong> <strong>Island<\/strong> liput ja nauttia rannalla 4-5 tuntia ja takaisin.<\/p>\n<p>&nbsp;<\/p>\n<p><strong>Kohokohdat:<\/strong><\/p>\n<ul>\n<li>yksi paikka Snorklaus House Reef.<\/li>\n<li>2-5 tuntia Paradise Islandin rannalla.<\/li>\n<\/ul>\n<p><strong>Yksityiskohdat:<\/strong><\/p>\n<ul>\n<li>Kiertueen saatavuus: Joka p\u00e4iv\u00e4.<\/li>\n<li>Kiertueen tyyppi: Yksityinen.<\/li>\n<li>Noutoaika: Alkaa klo 08:00 tai 13:00.<\/li>\n<li>Noutoaika: 13:00 tai 18:00.<\/li>\n<li>Py\u00f6r\u00e4tuolilla p\u00e4\u00e4see.<\/li>\n<li>Kesto: Kesto: 4-5 h.<\/li>\n<\/ul>\n<p><strong>Varaa nyt ja maksa my\u00f6hemmin:<\/strong><\/p>\n<ul>\n<li>K\u00e4teist\u00e4 paikan p\u00e4\u00e4ll\u00e4 oppaalle.<\/li>\n<li>Maksu Egyptin puntina, $, \u20ac tai \u00a3.<\/li>\n<\/ul>\n<p><strong>Peruutusehdot:<\/strong><\/p>\n<ul>\n<li>peruutus enint\u00e4\u00e4n 24 tuntia etuk\u00e4teen.<\/li>\n<li>Kun joku perheest\u00e4si peruuttaa aamup\u00e4iv\u00e4n, maksat 50 % kustannuksista.<\/li>\n<\/ul>\n<p><strong>Mit\u00e4 sis\u00e4ltyy?<\/strong><\/p>\n<ul>\n<li>Siirto Hurghadan hotelleista &#8221;Hotel pick up and drop off&#8221;.<\/li>\n<li>Kaikki verot, sis\u00e4\u00e4np\u00e4\u00e4symaksut ja k\u00e4sittelymaksut.<\/li>\n<li>Kivenn\u00e4isvesi + Cola.<\/li>\n<li>yksi snorklauskohde.<\/li>\n<li>Snorklausv\u00e4lineet &#8221;Naamarit ja uintiuimarit&#8221;.<\/li>\n<li>2-5 tuntia <strong>Paradise<\/strong> <strong>Islandin<\/strong> <strong>rannalla<\/strong>.<\/li>\n<\/ul>\n<p><strong>Poikkeukset?<\/strong><\/p>\n<ul>\n<li>Juomarahat.<\/li>\n<li>Juomat Paradise Restaurant Islandissa.<\/li>\n<li>Mahdolliset mainitsemattomat lis\u00e4maksut.<\/li>\n<\/ul>\n<p><strong>Yksityinen pikaveneen vuokraus kohteeseen <\/strong><strong>Paradise<\/strong> <strong>Island Hurghadasta Hinnat:<\/strong><\/p>\n<ul>\n<li>Pikaveneen vuokraus Paratiisisaarelle lippuineen &#8221;2 henkil\u00f6\u00e4&#8221; ja kuljetus = 200$<\/li>\n<li>Pikaveneen vuokraus Paratiisisaarelle lippuineen &#8221;2 henkil\u00f6\u00e4&#8221;, snorklaus ja kuljetus = 250$<\/li>\n<li><strong>Enint\u00e4\u00e4n 2 henkil\u00f6\u00e4 Extra <\/strong><strong>Lippu<\/strong><strong> = 5$ per henkil\u00f6.<\/strong><\/li>\n<\/ul>\n<p><strong>Arvostelut:<\/strong><\/p>\n<p>tarkista Google Map Arvostelut paras <a href=\"https:\/\/g.page\/r\/CUeYvkngP3wkEBM\/review\">matkanj\u00e4rjest\u00e4j\u00e4 Hurghada<\/a> verkossa <a href=\"https:\/\/hurghadalovers.com\/\">Hurghada<\/a> Egyptiss\u00e4.<\/p>\n<p>&nbsp;<\/p>\n<p><strong>Huom:<\/strong><\/p>\n<p>Teemme my\u00f6s kiertueen, jossa on kuljetus hotellista El Goua, Soma lahti, Makadi lahti, Sahl Hasheesh, Safaga lis\u00e4maksusta = 10 dollaria per henkil\u00f6.<\/p>\n<p>&nbsp;<\/p>\n<p><strong>Varaukset:<\/strong><\/p>\n<p>L\u00e4het\u00e4 hotelli + huoneen numero + valokuvapassit WhatsAppiin: <strong>+201112596434<\/strong><\/p>\n<p>Jos olet pois Egyptin Varaus nyt verkossa ja vahvistaa, kun saapuminen Hotel.<\/p>\n<p>&nbsp;<\/p>\n<p>&nbsp;<\/p>\n","protected":false},"excerpt":{"rendered":"<p>Yksityinen pikaveneen vuokraus Paratiisisaarelle Hurghadasta lippuineen, snorklauksineen ja kuljetuksineen | ainutlaatuinen kokemus, jossa on enemm\u00e4n yksityisyytt\u00e4 ja ylellisyytt\u00e4&#8230;.<\/p>\n","protected":false},"featured_media":932219,"template":"","meta":{"_joinchat":[]},"product_brand":[],"product_cat":[36656],"product_tag":[59818,59871,60078,59812,59886,60081,59867,59947],"class_list":{"0":"post-380860","1":"product","2":"type-product","3":"status-publish","4":"has-post-thumbnail","6":"product_cat-kierrokset","7":"product_tag-hurghada-aktiviteetit-pariskunnille","8":"product_tag-hurghadan-romanttiset-matkat","9":"product_tag-romanttisia-aktiviteetteja-pariskunnille-hurghadassa","10":"product_tag-romanttista-tekemista-hurghada","11":"product_tag-romanttista-tekemista-hurghadassa","12":"product_tag-sisatiloissa-pariskuntien-aktiviteetit-hurghada","13":"product_tag-tekemista-hurghadassa-pariskunnille","14":"product_tag-utopia-island-hurghada-fi","15":"tour_category-hurghada-snorkeling-trips-fi","16":"tour_category-hurghada-excursions-fi","18":"first","19":"instock","20":"sale","21":"shipping-taxable","22":"purchasable","23":"product-type-tour"},"yoast_head":"<!-- This site is optimized with the Yoast SEO Premium plugin v26.9 (Yoast SEO v27.2) - https:\/\/yoast.com\/product\/yoast-seo-premium-wordpress\/ -->\n<title>Yksityinen pikaveneen vuokraus Paratiisisaarelle Hurghadasta<\/title>\n<meta name=\"description\" content=\"Yksityinen pikaveneen vuokraus Paratiisisaarelle Hurghadasta lippuineen, snorklauksineen ja kuljetuksineen | ainutlaatuinen kokemus, jossa on enemm\u00e4n yksityisyytt\u00e4 ja ylellisyytt\u00e4....\" \/>\n<meta name=\"robots\" content=\"index, follow, max-snippet:-1, max-image-preview:large, max-video-preview:-1\" \/>\n<link rel=\"canonical\" href=\"https:\/\/hurghadalovers.com\/fi\/tours\/yksityinen-pikaveneen-vuokraus-paratiisisaarelle\/\" \/>\n<meta property=\"og:locale\" content=\"fi_FI\" \/>\n<meta property=\"og:type\" content=\"article\" \/>\n<meta property=\"og:title\" content=\"Yksityinen pikaveneen vuokraus Paratiisisaarelle\" \/>\n<meta property=\"og:description\" content=\"Yksityinen pikaveneen vuokraus Paratiisisaarelle Hurghadasta lippuineen, snorklauksineen ja kuljetuksineen | ainutlaatuinen kokemus, jossa on enemm\u00e4n yksityisyytt\u00e4 ja ylellisyytt\u00e4....\" \/>\n<meta property=\"og:url\" content=\"https:\/\/hurghadalovers.com\/fi\/tours\/yksityinen-pikaveneen-vuokraus-paratiisisaarelle\/\" \/>\n<meta property=\"og:site_name\" content=\"Hurghada Excursions &amp; Day Trips | Booking Best Prices Tours\" \/>\n<meta property=\"article:publisher\" content=\"https:\/\/www.facebook.com\/Hurghadaloversegypt\" \/>\n<meta property=\"article:modified_time\" content=\"2026-02-08T12:58:09+00:00\" \/>\n<meta property=\"og:image\" content=\"https:\/\/hurghadalovers.com\/wp-content\/uploads\/2023\/08\/Magawish-Island-Hurghada.jpeg\" \/>\n\t<meta property=\"og:image:width\" content=\"743\" \/>\n\t<meta property=\"og:image:height\" content=\"605\" \/>\n\t<meta property=\"og:image:type\" content=\"image\/jpeg\" \/>\n<meta name=\"twitter:card\" content=\"summary_large_image\" \/>\n<meta name=\"twitter:label1\" content=\"Hinta\" \/>\n\t<meta name=\"twitter:data1\" content=\"&euro;&nbsp;200\" \/>\n\t<meta name=\"twitter:label2\" content=\"Saatavuus\" \/>\n\t<meta name=\"twitter:data2\" content=\"Varastossa\" \/>\n<script type=\"application\/ld+json\" class=\"yoast-schema-graph\">{\"@context\":\"https:\/\/schema.org\",\"@graph\":[{\"@type\":[\"WebPage\",\"ItemPage\"],\"@id\":\"https:\/\/hurghadalovers.com\/fi\/tours\/yksityinen-pikaveneen-vuokraus-paratiisisaarelle\/\",\"url\":\"https:\/\/hurghadalovers.com\/fi\/tours\/yksityinen-pikaveneen-vuokraus-paratiisisaarelle\/\",\"name\":\"Yksityinen pikaveneen vuokraus Paratiisisaarelle Hurghadasta\",\"isPartOf\":{\"@id\":\"https:\/\/hurghadalovers.com\/fi\/#website\"},\"primaryImageOfPage\":{\"@id\":\"https:\/\/hurghadalovers.com\/fi\/tours\/yksityinen-pikaveneen-vuokraus-paratiisisaarelle\/#primaryimage\"},\"image\":{\"@id\":\"https:\/\/hurghadalovers.com\/fi\/tours\/yksityinen-pikaveneen-vuokraus-paratiisisaarelle\/#primaryimage\"},\"thumbnailUrl\":\"https:\/\/hurghadalovers.com\/wp-content\/uploads\/2023\/08\/Magawish-Island-Hurghada.jpeg\",\"datePublished\":\"2023-08-16T10:21:41+00:00\",\"dateModified\":\"2026-02-08T12:58:09+00:00\",\"description\":\"Yksityinen pikaveneen vuokraus Paratiisisaarelle Hurghadasta lippuineen, snorklauksineen ja kuljetuksineen | ainutlaatuinen kokemus, jossa on enemm\u00e4n yksityisyytt\u00e4 ja ylellisyytt\u00e4....\",\"breadcrumb\":{\"@id\":\"https:\/\/hurghadalovers.com\/fi\/tours\/yksityinen-pikaveneen-vuokraus-paratiisisaarelle\/#breadcrumb\"},\"inLanguage\":\"fi\",\"potentialAction\":[{\"@type\":\"ReadAction\",\"target\":[\"https:\/\/hurghadalovers.com\/fi\/tours\/yksityinen-pikaveneen-vuokraus-paratiisisaarelle\/\"]}]},{\"@type\":\"ImageObject\",\"inLanguage\":\"fi\",\"@id\":\"https:\/\/hurghadalovers.com\/fi\/tours\/yksityinen-pikaveneen-vuokraus-paratiisisaarelle\/#primaryimage\",\"url\":\"https:\/\/hurghadalovers.com\/wp-content\/uploads\/2023\/08\/Magawish-Island-Hurghada.jpeg\",\"contentUrl\":\"https:\/\/hurghadalovers.com\/wp-content\/uploads\/2023\/08\/Magawish-Island-Hurghada.jpeg\",\"width\":743,\"height\":605,\"caption\":\"Magawish Island Hurghada\"},{\"@type\":\"BreadcrumbList\",\"@id\":\"https:\/\/hurghadalovers.com\/fi\/tours\/yksityinen-pikaveneen-vuokraus-paratiisisaarelle\/#breadcrumb\",\"itemListElement\":[{\"@type\":\"ListItem\",\"position\":1,\"name\":\"Home\",\"item\":\"https:\/\/hurghadalovers.com\/fi\/\"},{\"@type\":\"ListItem\",\"position\":2,\"name\":\"Shop\",\"item\":\"https:\/\/hurghadalovers.com\/fi\/shop-3\/\"},{\"@type\":\"ListItem\",\"position\":3,\"name\":\"Yksityinen pikaveneen vuokraus Paratiisisaarelle\"}]},{\"@type\":\"WebSite\",\"@id\":\"https:\/\/hurghadalovers.com\/fi\/#website\",\"url\":\"https:\/\/hurghadalovers.com\/fi\/\",\"name\":\"Hurghada Excursions & Day Trips | Booking Best Prices Tours\",\"description\":\"Hurghada Lovers - Best Tour Operator - Excursions &amp; Things to do for Family Day Trips with kids and Couples Romantic. Unique .Hidden gems\",\"publisher\":{\"@id\":\"https:\/\/hurghadalovers.com\/fi\/#organization\"},\"alternateName\":\"Hurghada Excursions\",\"potentialAction\":[{\"@type\":\"SearchAction\",\"target\":{\"@type\":\"EntryPoint\",\"urlTemplate\":\"https:\/\/hurghadalovers.com\/fi\/?s={search_term_string}\"},\"query-input\":{\"@type\":\"PropertyValueSpecification\",\"valueRequired\":true,\"valueName\":\"search_term_string\"}}],\"inLanguage\":\"fi\"},{\"@type\":[\"Organization\",\"Place\",\"TravelAgency\"],\"@id\":\"https:\/\/hurghadalovers.com\/fi\/#organization\",\"name\":\"Hurghada Excursions\",\"url\":\"https:\/\/hurghadalovers.com\/fi\/\",\"logo\":{\"@id\":\"https:\/\/hurghadalovers.com\/fi\/tours\/yksityinen-pikaveneen-vuokraus-paratiisisaarelle\/#local-main-organization-logo\"},\"image\":{\"@id\":\"https:\/\/hurghadalovers.com\/fi\/tours\/yksityinen-pikaveneen-vuokraus-paratiisisaarelle\/#local-main-organization-logo\"},\"sameAs\":[\"https:\/\/www.facebook.com\/Hurghadaloversegypt\"],\"address\":{\"@id\":\"https:\/\/hurghadalovers.com\/fi\/tours\/yksityinen-pikaveneen-vuokraus-paratiisisaarelle\/#local-main-place-address\"},\"telephone\":[\"00201112596434\"],\"contactPoint\":{\"@type\":\"ContactPoint\",\"telephone\":\"00201112596434\",\"email\":\"weyouface@gmail.com\"},\"openingHoursSpecification\":{\"@type\":\"OpeningHoursSpecification\",\"dayOfWeek\":[\"Monday\",\"Tuesday\",\"Wednesday\",\"Thursday\",\"Friday\",\"Saturday\",\"Sunday\"],\"opens\":\"00:00\",\"closes\":\"23:59\"},\"email\":\"weyouface@gmail.com\",\"areaServed\":\"Luxor, Hurghada, El Gouna, Aswan, Sharm El Sheikh, Giza, Alexandria, Marsa Alam, Quseir, Soma Bay, Sahl Hasheesh, Red Sea, Makadi Bay, Cairo\",\"priceRange\":\"$\",\"currenciesAccepted\":\"euro\",\"paymentAccepted\":\"cash on site\"},{\"@type\":\"PostalAddress\",\"@id\":\"https:\/\/hurghadalovers.com\/fi\/tours\/yksityinen-pikaveneen-vuokraus-paratiisisaarelle\/#local-main-place-address\",\"streetAddress\":\"17 Banks street, Alkawther area, top nbk bank\",\"addressLocality\":\"hurghada\",\"postalCode\":\"84511\",\"addressRegion\":\"red sea\",\"addressCountry\":\"EG\"},{\"@type\":\"ImageObject\",\"inLanguage\":\"fi\",\"@id\":\"https:\/\/hurghadalovers.com\/fi\/tours\/yksityinen-pikaveneen-vuokraus-paratiisisaarelle\/#local-main-organization-logo\",\"url\":\"https:\/\/hurghadalovers.com\/wp-content\/uploads\/2019\/10\/hurghada-excursions-logo.png\",\"contentUrl\":\"https:\/\/hurghadalovers.com\/wp-content\/uploads\/2019\/10\/hurghada-excursions-logo.png\",\"width\":272,\"height\":90,\"caption\":\"Hurghada Excursions\"}]}<\/script>\n<meta property=\"product:brand\" content=\"Hurghada Snorklaaminen\" \/>\n<meta property=\"product:price:amount\" content=\"200\" \/>\n<meta property=\"product:price:currency\" content=\"EUR\" \/>\n<meta property=\"og:availability\" content=\"instock\" \/>\n<meta property=\"product:availability\" content=\"instock\" \/>\n<meta property=\"product:retailer_item_id\" content=\"Snorkeling122024\" \/>\n<meta property=\"product:condition\" content=\"new\" \/>\n<meta name=\"geo.placename\" content=\"hurghada\" \/>\n<meta name=\"geo.region\" content=\"Egypti\" \/>\n<!-- \/ Yoast SEO Premium plugin. -->","yoast_head_json":{"title":"Yksityinen pikaveneen vuokraus Paratiisisaarelle Hurghadasta","description":"Yksityinen pikaveneen vuokraus Paratiisisaarelle Hurghadasta lippuineen, snorklauksineen ja kuljetuksineen | ainutlaatuinen kokemus, jossa on enemm\u00e4n yksityisyytt\u00e4 ja ylellisyytt\u00e4....","robots":{"index":"index","follow":"follow","max-snippet":"max-snippet:-1","max-image-preview":"max-image-preview:large","max-video-preview":"max-video-preview:-1"},"canonical":"https:\/\/hurghadalovers.com\/fi\/tours\/yksityinen-pikaveneen-vuokraus-paratiisisaarelle\/","og_locale":"fi_FI","og_type":"article","og_title":"Yksityinen pikaveneen vuokraus Paratiisisaarelle","og_description":"Yksityinen pikaveneen vuokraus Paratiisisaarelle Hurghadasta lippuineen, snorklauksineen ja kuljetuksineen | ainutlaatuinen kokemus, jossa on enemm\u00e4n yksityisyytt\u00e4 ja ylellisyytt\u00e4....","og_url":"https:\/\/hurghadalovers.com\/fi\/tours\/yksityinen-pikaveneen-vuokraus-paratiisisaarelle\/","og_site_name":"Hurghada Excursions &amp; Day Trips | Booking Best Prices Tours","article_publisher":"https:\/\/www.facebook.com\/Hurghadaloversegypt","article_modified_time":"2026-02-08T12:58:09+00:00","og_image":[{"width":743,"height":605,"url":"https:\/\/hurghadalovers.com\/wp-content\/uploads\/2023\/08\/Magawish-Island-Hurghada.jpeg","type":"image\/jpeg"}],"twitter_card":"summary_large_image","twitter_misc":{"Hinta":"&euro;&nbsp;200","Saatavuus":"Varastossa"},"schema":{"@context":"https:\/\/schema.org","@graph":[{"@type":["WebPage","ItemPage"],"@id":"https:\/\/hurghadalovers.com\/fi\/tours\/yksityinen-pikaveneen-vuokraus-paratiisisaarelle\/","url":"https:\/\/hurghadalovers.com\/fi\/tours\/yksityinen-pikaveneen-vuokraus-paratiisisaarelle\/","name":"Yksityinen pikaveneen vuokraus Paratiisisaarelle Hurghadasta","isPartOf":{"@id":"https:\/\/hurghadalovers.com\/fi\/#website"},"primaryImageOfPage":{"@id":"https:\/\/hurghadalovers.com\/fi\/tours\/yksityinen-pikaveneen-vuokraus-paratiisisaarelle\/#primaryimage"},"image":{"@id":"https:\/\/hurghadalovers.com\/fi\/tours\/yksityinen-pikaveneen-vuokraus-paratiisisaarelle\/#primaryimage"},"thumbnailUrl":"https:\/\/hurghadalovers.com\/wp-content\/uploads\/2023\/08\/Magawish-Island-Hurghada.jpeg","datePublished":"2023-08-16T10:21:41+00:00","dateModified":"2026-02-08T12:58:09+00:00","description":"Yksityinen pikaveneen vuokraus Paratiisisaarelle Hurghadasta lippuineen, snorklauksineen ja kuljetuksineen | ainutlaatuinen kokemus, jossa on enemm\u00e4n yksityisyytt\u00e4 ja ylellisyytt\u00e4....","breadcrumb":{"@id":"https:\/\/hurghadalovers.com\/fi\/tours\/yksityinen-pikaveneen-vuokraus-paratiisisaarelle\/#breadcrumb"},"inLanguage":"fi","potentialAction":[{"@type":"ReadAction","target":["https:\/\/hurghadalovers.com\/fi\/tours\/yksityinen-pikaveneen-vuokraus-paratiisisaarelle\/"]}]},{"@type":"ImageObject","inLanguage":"fi","@id":"https:\/\/hurghadalovers.com\/fi\/tours\/yksityinen-pikaveneen-vuokraus-paratiisisaarelle\/#primaryimage","url":"https:\/\/hurghadalovers.com\/wp-content\/uploads\/2023\/08\/Magawish-Island-Hurghada.jpeg","contentUrl":"https:\/\/hurghadalovers.com\/wp-content\/uploads\/2023\/08\/Magawish-Island-Hurghada.jpeg","width":743,"height":605,"caption":"Magawish Island Hurghada"},{"@type":"BreadcrumbList","@id":"https:\/\/hurghadalovers.com\/fi\/tours\/yksityinen-pikaveneen-vuokraus-paratiisisaarelle\/#breadcrumb","itemListElement":[{"@type":"ListItem","position":1,"name":"Home","item":"https:\/\/hurghadalovers.com\/fi\/"},{"@type":"ListItem","position":2,"name":"Shop","item":"https:\/\/hurghadalovers.com\/fi\/shop-3\/"},{"@type":"ListItem","position":3,"name":"Yksityinen pikaveneen vuokraus Paratiisisaarelle"}]},{"@type":"WebSite","@id":"https:\/\/hurghadalovers.com\/fi\/#website","url":"https:\/\/hurghadalovers.com\/fi\/","name":"Hurghada Excursions & Day Trips | Booking Best Prices Tours","description":"Hurghada Lovers - Best Tour Operator - Excursions &amp; Things to do for Family Day Trips with kids and Couples Romantic. Unique .Hidden gems","publisher":{"@id":"https:\/\/hurghadalovers.com\/fi\/#organization"},"alternateName":"Hurghada Excursions","potentialAction":[{"@type":"SearchAction","target":{"@type":"EntryPoint","urlTemplate":"https:\/\/hurghadalovers.com\/fi\/?s={search_term_string}"},"query-input":{"@type":"PropertyValueSpecification","valueRequired":true,"valueName":"search_term_string"}}],"inLanguage":"fi"},{"@type":["Organization","Place","TravelAgency"],"@id":"https:\/\/hurghadalovers.com\/fi\/#organization","name":"Hurghada Excursions","url":"https:\/\/hurghadalovers.com\/fi\/","logo":{"@id":"https:\/\/hurghadalovers.com\/fi\/tours\/yksityinen-pikaveneen-vuokraus-paratiisisaarelle\/#local-main-organization-logo"},"image":{"@id":"https:\/\/hurghadalovers.com\/fi\/tours\/yksityinen-pikaveneen-vuokraus-paratiisisaarelle\/#local-main-organization-logo"},"sameAs":["https:\/\/www.facebook.com\/Hurghadaloversegypt"],"address":{"@id":"https:\/\/hurghadalovers.com\/fi\/tours\/yksityinen-pikaveneen-vuokraus-paratiisisaarelle\/#local-main-place-address"},"telephone":["00201112596434"],"contactPoint":{"@type":"ContactPoint","telephone":"00201112596434","email":"weyouface@gmail.com"},"openingHoursSpecification":{"@type":"OpeningHoursSpecification","dayOfWeek":["Monday","Tuesday","Wednesday","Thursday","Friday","Saturday","Sunday"],"opens":"00:00","closes":"23:59"},"email":"weyouface@gmail.com","areaServed":"Luxor, Hurghada, El Gouna, Aswan, Sharm El Sheikh, Giza, Alexandria, Marsa Alam, Quseir, Soma Bay, Sahl Hasheesh, Red Sea, Makadi Bay, Cairo","priceRange":"$","currenciesAccepted":"euro","paymentAccepted":"cash on site"},{"@type":"PostalAddress","@id":"https:\/\/hurghadalovers.com\/fi\/tours\/yksityinen-pikaveneen-vuokraus-paratiisisaarelle\/#local-main-place-address","streetAddress":"17 Banks street, Alkawther area, top nbk bank","addressLocality":"hurghada","postalCode":"84511","addressRegion":"red sea","addressCountry":"EG"},{"@type":"ImageObject","inLanguage":"fi","@id":"https:\/\/hurghadalovers.com\/fi\/tours\/yksityinen-pikaveneen-vuokraus-paratiisisaarelle\/#local-main-organization-logo","url":"https:\/\/hurghadalovers.com\/wp-content\/uploads\/2019\/10\/hurghada-excursions-logo.png","contentUrl":"https:\/\/hurghadalovers.com\/wp-content\/uploads\/2019\/10\/hurghada-excursions-logo.png","width":272,"height":90,"caption":"Hurghada Excursions"}]},"product_brand":"Hurghada Snorklaaminen","product_price_amount":"200","product_price_currency":"EUR","og_availability":"instock","product_availability":"instock","product_retailer_item_id":"Snorkeling122024","product_condition":"new","geo.placename":"hurghada","geo.region":"Egypti"},"_links":{"self":[{"href":"https:\/\/hurghadalovers.com\/fi\/wp-json\/wp\/v2\/product\/380860","targetHints":{"allow":["GET"]}}],"collection":[{"href":"https:\/\/hurghadalovers.com\/fi\/wp-json\/wp\/v2\/product"}],"about":[{"href":"https:\/\/hurghadalovers.com\/fi\/wp-json\/wp\/v2\/types\/product"}],"wp:featuredmedia":[{"embeddable":true,"href":"https:\/\/hurghadalovers.com\/fi\/wp-json\/wp\/v2\/media\/932219"}],"wp:attachment":[{"href":"https:\/\/hurghadalovers.com\/fi\/wp-json\/wp\/v2\/media?parent=380860"}],"wp:term":[{"taxonomy":"product_brand","embeddable":true,"href":"https:\/\/hurghadalovers.com\/fi\/wp-json\/wp\/v2\/product_brand?post=380860"},{"taxonomy":"product_cat","embeddable":true,"href":"https:\/\/hurghadalovers.com\/fi\/wp-json\/wp\/v2\/product_cat?post=380860"},{"taxonomy":"product_tag","embeddable":true,"href":"https:\/\/hurghadalovers.com\/fi\/wp-json\/wp\/v2\/product_tag?post=380860"}],"curies":[{"name":"wp","href":"https:\/\/api.w.org\/{rel}","templated":true}]}}