{"id":336803,"date":"2023-07-15T17:26:38","date_gmt":"2023-07-16T07:39:41","guid":{"rendered":"https:\/\/hurghadalovers.com\/shop\/Ei-luokiteltu\/yksityinen-pikavene-dolphin-house-hurghadasta-hurghada\/"},"modified":"2026-02-09T16:58:41","modified_gmt":"2026-02-09T16:58:41","slug":"yksityinen-pikaveneella-delfiinitaloon-hurghadasta","status":"publish","type":"product","link":"https:\/\/hurghadalovers.com\/fi\/tours\/yksityinen-pikaveneella-delfiinitaloon-hurghadasta\/","title":{"rendered":"Yksityinen pikavene Dolphin House Hurghadasta Hurghada"},"content":{"rendered":"<p><strong>Yksityinen pikavene Dolphin House Hurghadasta Hurghada<\/strong><\/p>\n<p>Varaukset 4h Dolphin Spotting &amp; Swimming with Dolphins + 2 Snorkeling Spots.<\/p>\n<h4><strong>Kohokohdat:<\/strong><\/h4>\n<ul>\n<li>Pikavene.<\/li>\n<li>Yksityinen kuljetus.<\/li>\n<li>Snorklausv\u00e4lineet.<\/li>\n<li>Vesi, virvoitusjuomat.<\/li>\n<li>Paikat Snorklaus House Reef.<\/li>\n<li>Dolphin House &amp; uinti delfiinien kanssa.<\/li>\n<\/ul>\n<h4><strong>Yksityiskohdat:<\/strong><\/h4>\n<ul>\n<li>Saatavuus: Joka p\u00e4iv\u00e4.<\/li>\n<li>Py\u00f6r\u00e4tuolilla p\u00e4\u00e4see.<\/li>\n<li>Kesto: Kesto: 04 tuntia<\/li>\n<li>Noutoaika Hurghadan hotelleista: klo 07:30 alkaen tai haluamallasi tavalla.<\/li>\n<li>L\u00e4ht\u00f6 Hurghada-hotelliin: klo 18:00 tai haluamallasi tavalla.<\/li>\n<\/ul>\n<h3><strong>Varaa nyt ja maksa my\u00f6hemmin:<\/strong><\/h3>\n<p>K\u00e4teinen paikan p\u00e4\u00e4ll\u00e4 Mr. Tamerille&#8221; tai voi j\u00e4rjest\u00e4\u00e4 tapaamisajan hotellissa&#8221;.<\/p>\n<p>Maksu Egyptin puntina, dollareina, euroina tai Englannin puntina.<\/p>\n<p>&nbsp;<\/p>\n<h3><strong>Peruutusehdot:<\/strong><\/h3>\n<p>peruutus enint\u00e4\u00e4n 24 tuntia etuk\u00e4teen.<\/p>\n<p>&nbsp;<\/p>\n<h4><strong>Sis\u00e4lt\u00e4\u00e4 &#8211; Mit\u00e4 Yksityinen pikavene Dolphin House sis\u00e4lt\u00e4\u00e4?<\/strong><\/h4>\n<ol>\n<li>Yksityinen kuljetus Hurghadan hotelleista &#8221;Hotel pick up and drop off&#8221;.<\/li>\n<li>Snorkkeliopas.<\/li>\n<li>Kaikki verot, sis\u00e4\u00e4np\u00e4\u00e4symaksut ja k\u00e4sittelymaksut.<\/li>\n<li>Kivenn\u00e4isvesi + Cola + Maito + Kahvi\/tee.<\/li>\n<li>  2 -3 snorklauspistett\u00e4.<\/li>\n<li>Snorklausv\u00e4lineet &#8221;Naamarit, pelastusliivit ja uintiuimarit&#8221;.<\/li>\n<\/ol>\n<h4><strong>Poikkeukset &#8211; Sis\u00e4ltyyk\u00f6 pikaveneen vuokraus Hurghadasta?<\/strong><\/h4>\n<ul>\n<li>Juomarahat &#8221;oppaan juomarahat&#8221;.<\/li>\n<li>Juomat Paradise Island -ravintolassa Island.<\/li>\n<li>Ruoka ja lounas &#8221; voi lis\u00e4t\u00e4 ylim\u00e4\u00e4r\u00e4ist\u00e4 kuten haluat&#8221;<\/li>\n<li>Valokuvaus matkan tai voi peruuttaa Valokuvaus mies matkan kanssa.<\/li>\n<li>Tarjoamme vuokraa uimapuvut &amp; uimapuvut naisille, miehille, lapsille kaikki koko&#8221; 5$ per yksi&#8221;.<\/li>\n<\/ul>\n<h3><strong>Yksityinen pikavene Dolphin House Hurghada Hinnat:<\/strong><\/h3>\n<p><strong>4hr = 200$<\/strong><\/p>\n<p>&nbsp;<\/p>\n","protected":false},"excerpt":{"rendered":"<p>Yksityinen pikavene Dolphin House Hurghada | Varaus 4hr Dolphin Spotting &amp; uinti delfiinien kanssa + 2 snorklauspistett\u00e4 ja kuljetus&#8230;<\/p>\n","protected":false},"featured_media":995802,"template":"","meta":{"_joinchat":[]},"product_brand":[],"product_cat":[36656],"product_tag":[],"class_list":{"0":"post-336803","1":"product","2":"type-product","3":"status-publish","4":"has-post-thumbnail","6":"product_cat-kierrokset","7":"tour_category-hurghada-snorkeling-trips-fi","8":"tour_category-hurghada-excursions-fi","10":"first","11":"instock","12":"sale","13":"shipping-taxable","14":"purchasable","15":"product-type-tour"},"yoast_head":"<!-- This site is optimized with the Yoast SEO Premium plugin v26.9 (Yoast SEO v27.2) - https:\/\/yoast.com\/product\/yoast-seo-premium-wordpress\/ -->\n<title>Yksityinen pikavene Dolphin House Hurghadasta Hurghada<\/title>\n<meta name=\"description\" content=\"Yksityinen pikavene Dolphin House Hurghada | Varaus 4hr Dolphin Spotting &amp; uinti delfiinien kanssa + 2 snorklauspistett\u00e4 ja kuljetus...\" \/>\n<meta name=\"robots\" content=\"index, follow, max-snippet:-1, max-image-preview:large, max-video-preview:-1\" \/>\n<link rel=\"canonical\" href=\"https:\/\/hurghadalovers.com\/fi\/tours\/yksityinen-pikaveneella-delfiinitaloon-hurghadasta\/\" \/>\n<meta property=\"og:locale\" content=\"fi_FI\" \/>\n<meta property=\"og:type\" content=\"article\" \/>\n<meta property=\"og:title\" content=\"Yksityinen pikavene Dolphin House Hurghadasta Hurghada\" \/>\n<meta property=\"og:description\" content=\"Yksityinen pikavene Dolphin House Hurghada | Varaus 4hr Dolphin Spotting &amp; uinti delfiinien kanssa + 2 snorklauspistett\u00e4 ja kuljetus...\" \/>\n<meta property=\"og:url\" content=\"https:\/\/hurghadalovers.com\/fi\/tours\/yksityinen-pikaveneella-delfiinitaloon-hurghadasta\/\" \/>\n<meta property=\"og:site_name\" content=\"Hurghada Excursions &amp; Day Trips | Booking Best Prices Tours\" \/>\n<meta property=\"article:publisher\" content=\"https:\/\/www.facebook.com\/Hurghadaloversegypt\" \/>\n<meta property=\"article:modified_time\" content=\"2026-02-09T16:58:41+00:00\" \/>\n<meta property=\"og:image\" content=\"https:\/\/hurghadalovers.com\/wp-content\/uploads\/2023\/07\/Green-Turtles-Abu-Dabbab-Marsa-aLam.jpg\" \/>\n\t<meta property=\"og:image:width\" content=\"1111\" \/>\n\t<meta property=\"og:image:height\" content=\"940\" \/>\n\t<meta property=\"og:image:type\" content=\"image\/jpeg\" \/>\n<meta name=\"twitter:card\" content=\"summary_large_image\" \/>\n<meta name=\"twitter:label1\" content=\"Hinta\" \/>\n\t<meta name=\"twitter:data1\" content=\"&euro;&nbsp;80\" \/>\n\t<meta name=\"twitter:label2\" content=\"Saatavuus\" \/>\n\t<meta name=\"twitter:data2\" content=\"Varastossa\" \/>\n<script type=\"application\/ld+json\" class=\"yoast-schema-graph\">{\"@context\":\"https:\/\/schema.org\",\"@graph\":[{\"@type\":[\"WebPage\",\"ItemPage\"],\"@id\":\"https:\/\/hurghadalovers.com\/fi\/tours\/yksityinen-pikaveneella-delfiinitaloon-hurghadasta\/\",\"url\":\"https:\/\/hurghadalovers.com\/fi\/tours\/yksityinen-pikaveneella-delfiinitaloon-hurghadasta\/\",\"name\":\"Yksityinen pikavene Dolphin House Hurghadasta Hurghada\",\"isPartOf\":{\"@id\":\"https:\/\/hurghadalovers.com\/fi\/#website\"},\"primaryImageOfPage\":{\"@id\":\"https:\/\/hurghadalovers.com\/fi\/tours\/yksityinen-pikaveneella-delfiinitaloon-hurghadasta\/#primaryimage\"},\"image\":{\"@id\":\"https:\/\/hurghadalovers.com\/fi\/tours\/yksityinen-pikaveneella-delfiinitaloon-hurghadasta\/#primaryimage\"},\"thumbnailUrl\":\"https:\/\/hurghadalovers.com\/wp-content\/uploads\/2023\/07\/Green-Turtles-Abu-Dabbab-Marsa-aLam.jpg\",\"datePublished\":\"2023-07-16T07:39:41+00:00\",\"dateModified\":\"2026-02-09T16:58:41+00:00\",\"description\":\"Yksityinen pikavene Dolphin House Hurghada | Varaus 4hr Dolphin Spotting & uinti delfiinien kanssa + 2 snorklauspistett\u00e4 ja kuljetus...\",\"breadcrumb\":{\"@id\":\"https:\/\/hurghadalovers.com\/fi\/tours\/yksityinen-pikaveneella-delfiinitaloon-hurghadasta\/#breadcrumb\"},\"inLanguage\":\"fi\",\"potentialAction\":[{\"@type\":\"ReadAction\",\"target\":[\"https:\/\/hurghadalovers.com\/fi\/tours\/yksityinen-pikaveneella-delfiinitaloon-hurghadasta\/\"]}]},{\"@type\":\"ImageObject\",\"inLanguage\":\"fi\",\"@id\":\"https:\/\/hurghadalovers.com\/fi\/tours\/yksityinen-pikaveneella-delfiinitaloon-hurghadasta\/#primaryimage\",\"url\":\"https:\/\/hurghadalovers.com\/wp-content\/uploads\/2023\/07\/Green-Turtles-Abu-Dabbab-Marsa-aLam.jpg\",\"contentUrl\":\"https:\/\/hurghadalovers.com\/wp-content\/uploads\/2023\/07\/Green-Turtles-Abu-Dabbab-Marsa-aLam.jpg\",\"width\":1111,\"height\":940,\"caption\":\"Green Turtles Abu Dabbab Marsa aLam\"},{\"@type\":\"BreadcrumbList\",\"@id\":\"https:\/\/hurghadalovers.com\/fi\/tours\/yksityinen-pikaveneella-delfiinitaloon-hurghadasta\/#breadcrumb\",\"itemListElement\":[{\"@type\":\"ListItem\",\"position\":1,\"name\":\"Home\",\"item\":\"https:\/\/hurghadalovers.com\/fi\/\"},{\"@type\":\"ListItem\",\"position\":2,\"name\":\"Shop\",\"item\":\"https:\/\/hurghadalovers.com\/fi\/shop-3\/\"},{\"@type\":\"ListItem\",\"position\":3,\"name\":\"Yksityinen pikavene Dolphin House Hurghadasta Hurghada\"}]},{\"@type\":\"WebSite\",\"@id\":\"https:\/\/hurghadalovers.com\/fi\/#website\",\"url\":\"https:\/\/hurghadalovers.com\/fi\/\",\"name\":\"Hurghada Excursions & Day Trips | Booking Best Prices Tours\",\"description\":\"Hurghada Lovers - Best Tour Operator - Excursions &amp; Things to do for Family Day Trips with kids and Couples Romantic. Unique .Hidden gems\",\"publisher\":{\"@id\":\"https:\/\/hurghadalovers.com\/fi\/#organization\"},\"alternateName\":\"Hurghada Excursions\",\"potentialAction\":[{\"@type\":\"SearchAction\",\"target\":{\"@type\":\"EntryPoint\",\"urlTemplate\":\"https:\/\/hurghadalovers.com\/fi\/?s={search_term_string}\"},\"query-input\":{\"@type\":\"PropertyValueSpecification\",\"valueRequired\":true,\"valueName\":\"search_term_string\"}}],\"inLanguage\":\"fi\"},{\"@type\":[\"Organization\",\"Place\",\"TravelAgency\"],\"@id\":\"https:\/\/hurghadalovers.com\/fi\/#organization\",\"name\":\"Hurghada Excursions\",\"url\":\"https:\/\/hurghadalovers.com\/fi\/\",\"logo\":{\"@id\":\"https:\/\/hurghadalovers.com\/fi\/tours\/yksityinen-pikaveneella-delfiinitaloon-hurghadasta\/#local-main-organization-logo\"},\"image\":{\"@id\":\"https:\/\/hurghadalovers.com\/fi\/tours\/yksityinen-pikaveneella-delfiinitaloon-hurghadasta\/#local-main-organization-logo\"},\"sameAs\":[\"https:\/\/www.facebook.com\/Hurghadaloversegypt\"],\"address\":{\"@id\":\"https:\/\/hurghadalovers.com\/fi\/tours\/yksityinen-pikaveneella-delfiinitaloon-hurghadasta\/#local-main-place-address\"},\"telephone\":[\"00201112596434\"],\"contactPoint\":{\"@type\":\"ContactPoint\",\"telephone\":\"00201112596434\",\"email\":\"weyouface@gmail.com\"},\"openingHoursSpecification\":{\"@type\":\"OpeningHoursSpecification\",\"dayOfWeek\":[\"Monday\",\"Tuesday\",\"Wednesday\",\"Thursday\",\"Friday\",\"Saturday\",\"Sunday\"],\"opens\":\"00:00\",\"closes\":\"23:59\"},\"email\":\"weyouface@gmail.com\",\"areaServed\":\"Luxor, Hurghada, El Gouna, Aswan, Sharm El Sheikh, Giza, Alexandria, Marsa Alam, Quseir, Soma Bay, Sahl Hasheesh, Red Sea, Makadi Bay, Cairo\",\"priceRange\":\"$\",\"currenciesAccepted\":\"euro\",\"paymentAccepted\":\"cash on site\"},{\"@type\":\"PostalAddress\",\"@id\":\"https:\/\/hurghadalovers.com\/fi\/tours\/yksityinen-pikaveneella-delfiinitaloon-hurghadasta\/#local-main-place-address\",\"streetAddress\":\"17 Banks street, Alkawther area, top nbk bank\",\"addressLocality\":\"hurghada\",\"postalCode\":\"84511\",\"addressRegion\":\"red sea\",\"addressCountry\":\"EG\"},{\"@type\":\"ImageObject\",\"inLanguage\":\"fi\",\"@id\":\"https:\/\/hurghadalovers.com\/fi\/tours\/yksityinen-pikaveneella-delfiinitaloon-hurghadasta\/#local-main-organization-logo\",\"url\":\"https:\/\/hurghadalovers.com\/wp-content\/uploads\/2019\/10\/hurghada-excursions-logo.png\",\"contentUrl\":\"https:\/\/hurghadalovers.com\/wp-content\/uploads\/2019\/10\/hurghada-excursions-logo.png\",\"width\":272,\"height\":90,\"caption\":\"Hurghada Excursions\"}]}<\/script>\n<meta property=\"product:brand\" content=\"Hurghada Snorklaaminen\" \/>\n<meta property=\"product:price:amount\" content=\"80\" \/>\n<meta property=\"product:price:currency\" content=\"EUR\" \/>\n<meta property=\"og:availability\" content=\"instock\" \/>\n<meta property=\"product:availability\" content=\"instock\" \/>\n<meta property=\"product:retailer_item_id\" content=\"SpeedBoat9494\" \/>\n<meta property=\"product:condition\" content=\"new\" \/>\n<meta name=\"geo.placename\" content=\"hurghada\" \/>\n<meta name=\"geo.region\" content=\"Egypti\" \/>\n<!-- \/ Yoast SEO Premium plugin. -->","yoast_head_json":{"title":"Yksityinen pikavene Dolphin House Hurghadasta Hurghada","description":"Yksityinen pikavene Dolphin House Hurghada | Varaus 4hr Dolphin Spotting & uinti delfiinien kanssa + 2 snorklauspistett\u00e4 ja kuljetus...","robots":{"index":"index","follow":"follow","max-snippet":"max-snippet:-1","max-image-preview":"max-image-preview:large","max-video-preview":"max-video-preview:-1"},"canonical":"https:\/\/hurghadalovers.com\/fi\/tours\/yksityinen-pikaveneella-delfiinitaloon-hurghadasta\/","og_locale":"fi_FI","og_type":"article","og_title":"Yksityinen pikavene Dolphin House Hurghadasta Hurghada","og_description":"Yksityinen pikavene Dolphin House Hurghada | Varaus 4hr Dolphin Spotting & uinti delfiinien kanssa + 2 snorklauspistett\u00e4 ja kuljetus...","og_url":"https:\/\/hurghadalovers.com\/fi\/tours\/yksityinen-pikaveneella-delfiinitaloon-hurghadasta\/","og_site_name":"Hurghada Excursions &amp; Day Trips | Booking Best Prices Tours","article_publisher":"https:\/\/www.facebook.com\/Hurghadaloversegypt","article_modified_time":"2026-02-09T16:58:41+00:00","og_image":[{"width":1111,"height":940,"url":"https:\/\/hurghadalovers.com\/wp-content\/uploads\/2023\/07\/Green-Turtles-Abu-Dabbab-Marsa-aLam.jpg","type":"image\/jpeg"}],"twitter_card":"summary_large_image","twitter_misc":{"Hinta":"&euro;&nbsp;80","Saatavuus":"Varastossa"},"schema":{"@context":"https:\/\/schema.org","@graph":[{"@type":["WebPage","ItemPage"],"@id":"https:\/\/hurghadalovers.com\/fi\/tours\/yksityinen-pikaveneella-delfiinitaloon-hurghadasta\/","url":"https:\/\/hurghadalovers.com\/fi\/tours\/yksityinen-pikaveneella-delfiinitaloon-hurghadasta\/","name":"Yksityinen pikavene Dolphin House Hurghadasta Hurghada","isPartOf":{"@id":"https:\/\/hurghadalovers.com\/fi\/#website"},"primaryImageOfPage":{"@id":"https:\/\/hurghadalovers.com\/fi\/tours\/yksityinen-pikaveneella-delfiinitaloon-hurghadasta\/#primaryimage"},"image":{"@id":"https:\/\/hurghadalovers.com\/fi\/tours\/yksityinen-pikaveneella-delfiinitaloon-hurghadasta\/#primaryimage"},"thumbnailUrl":"https:\/\/hurghadalovers.com\/wp-content\/uploads\/2023\/07\/Green-Turtles-Abu-Dabbab-Marsa-aLam.jpg","datePublished":"2023-07-16T07:39:41+00:00","dateModified":"2026-02-09T16:58:41+00:00","description":"Yksityinen pikavene Dolphin House Hurghada | Varaus 4hr Dolphin Spotting & uinti delfiinien kanssa + 2 snorklauspistett\u00e4 ja kuljetus...","breadcrumb":{"@id":"https:\/\/hurghadalovers.com\/fi\/tours\/yksityinen-pikaveneella-delfiinitaloon-hurghadasta\/#breadcrumb"},"inLanguage":"fi","potentialAction":[{"@type":"ReadAction","target":["https:\/\/hurghadalovers.com\/fi\/tours\/yksityinen-pikaveneella-delfiinitaloon-hurghadasta\/"]}]},{"@type":"ImageObject","inLanguage":"fi","@id":"https:\/\/hurghadalovers.com\/fi\/tours\/yksityinen-pikaveneella-delfiinitaloon-hurghadasta\/#primaryimage","url":"https:\/\/hurghadalovers.com\/wp-content\/uploads\/2023\/07\/Green-Turtles-Abu-Dabbab-Marsa-aLam.jpg","contentUrl":"https:\/\/hurghadalovers.com\/wp-content\/uploads\/2023\/07\/Green-Turtles-Abu-Dabbab-Marsa-aLam.jpg","width":1111,"height":940,"caption":"Green Turtles Abu Dabbab Marsa aLam"},{"@type":"BreadcrumbList","@id":"https:\/\/hurghadalovers.com\/fi\/tours\/yksityinen-pikaveneella-delfiinitaloon-hurghadasta\/#breadcrumb","itemListElement":[{"@type":"ListItem","position":1,"name":"Home","item":"https:\/\/hurghadalovers.com\/fi\/"},{"@type":"ListItem","position":2,"name":"Shop","item":"https:\/\/hurghadalovers.com\/fi\/shop-3\/"},{"@type":"ListItem","position":3,"name":"Yksityinen pikavene Dolphin House Hurghadasta Hurghada"}]},{"@type":"WebSite","@id":"https:\/\/hurghadalovers.com\/fi\/#website","url":"https:\/\/hurghadalovers.com\/fi\/","name":"Hurghada Excursions & Day Trips | Booking Best Prices Tours","description":"Hurghada Lovers - Best Tour Operator - Excursions &amp; Things to do for Family Day Trips with kids and Couples Romantic. Unique .Hidden gems","publisher":{"@id":"https:\/\/hurghadalovers.com\/fi\/#organization"},"alternateName":"Hurghada Excursions","potentialAction":[{"@type":"SearchAction","target":{"@type":"EntryPoint","urlTemplate":"https:\/\/hurghadalovers.com\/fi\/?s={search_term_string}"},"query-input":{"@type":"PropertyValueSpecification","valueRequired":true,"valueName":"search_term_string"}}],"inLanguage":"fi"},{"@type":["Organization","Place","TravelAgency"],"@id":"https:\/\/hurghadalovers.com\/fi\/#organization","name":"Hurghada Excursions","url":"https:\/\/hurghadalovers.com\/fi\/","logo":{"@id":"https:\/\/hurghadalovers.com\/fi\/tours\/yksityinen-pikaveneella-delfiinitaloon-hurghadasta\/#local-main-organization-logo"},"image":{"@id":"https:\/\/hurghadalovers.com\/fi\/tours\/yksityinen-pikaveneella-delfiinitaloon-hurghadasta\/#local-main-organization-logo"},"sameAs":["https:\/\/www.facebook.com\/Hurghadaloversegypt"],"address":{"@id":"https:\/\/hurghadalovers.com\/fi\/tours\/yksityinen-pikaveneella-delfiinitaloon-hurghadasta\/#local-main-place-address"},"telephone":["00201112596434"],"contactPoint":{"@type":"ContactPoint","telephone":"00201112596434","email":"weyouface@gmail.com"},"openingHoursSpecification":{"@type":"OpeningHoursSpecification","dayOfWeek":["Monday","Tuesday","Wednesday","Thursday","Friday","Saturday","Sunday"],"opens":"00:00","closes":"23:59"},"email":"weyouface@gmail.com","areaServed":"Luxor, Hurghada, El Gouna, Aswan, Sharm El Sheikh, Giza, Alexandria, Marsa Alam, Quseir, Soma Bay, Sahl Hasheesh, Red Sea, Makadi Bay, Cairo","priceRange":"$","currenciesAccepted":"euro","paymentAccepted":"cash on site"},{"@type":"PostalAddress","@id":"https:\/\/hurghadalovers.com\/fi\/tours\/yksityinen-pikaveneella-delfiinitaloon-hurghadasta\/#local-main-place-address","streetAddress":"17 Banks street, Alkawther area, top nbk bank","addressLocality":"hurghada","postalCode":"84511","addressRegion":"red sea","addressCountry":"EG"},{"@type":"ImageObject","inLanguage":"fi","@id":"https:\/\/hurghadalovers.com\/fi\/tours\/yksityinen-pikaveneella-delfiinitaloon-hurghadasta\/#local-main-organization-logo","url":"https:\/\/hurghadalovers.com\/wp-content\/uploads\/2019\/10\/hurghada-excursions-logo.png","contentUrl":"https:\/\/hurghadalovers.com\/wp-content\/uploads\/2019\/10\/hurghada-excursions-logo.png","width":272,"height":90,"caption":"Hurghada Excursions"}]},"product_brand":"Hurghada Snorklaaminen","product_price_amount":"80","product_price_currency":"EUR","og_availability":"instock","product_availability":"instock","product_retailer_item_id":"SpeedBoat9494","product_condition":"new","geo.placename":"hurghada","geo.region":"Egypti"},"_links":{"self":[{"href":"https:\/\/hurghadalovers.com\/fi\/wp-json\/wp\/v2\/product\/336803","targetHints":{"allow":["GET"]}}],"collection":[{"href":"https:\/\/hurghadalovers.com\/fi\/wp-json\/wp\/v2\/product"}],"about":[{"href":"https:\/\/hurghadalovers.com\/fi\/wp-json\/wp\/v2\/types\/product"}],"wp:featuredmedia":[{"embeddable":true,"href":"https:\/\/hurghadalovers.com\/fi\/wp-json\/wp\/v2\/media\/995802"}],"wp:attachment":[{"href":"https:\/\/hurghadalovers.com\/fi\/wp-json\/wp\/v2\/media?parent=336803"}],"wp:term":[{"taxonomy":"product_brand","embeddable":true,"href":"https:\/\/hurghadalovers.com\/fi\/wp-json\/wp\/v2\/product_brand?post=336803"},{"taxonomy":"product_cat","embeddable":true,"href":"https:\/\/hurghadalovers.com\/fi\/wp-json\/wp\/v2\/product_cat?post=336803"},{"taxonomy":"product_tag","embeddable":true,"href":"https:\/\/hurghadalovers.com\/fi\/wp-json\/wp\/v2\/product_tag?post=336803"}],"curies":[{"name":"wp","href":"https:\/\/api.w.org\/{rel}","templated":true}]}}