{"id":395188,"date":"2023-09-03T14:18:30","date_gmt":"2023-09-03T14:24:07","guid":{"rendered":"https:\/\/hurghadalovers.com\/shop\/maaratlemata\/el-gouna-laevaharterid-paradiisisaarele\/"},"modified":"2026-02-08T01:24:56","modified_gmt":"2026-02-08T01:24:56","slug":"el-gouna-boat-charters-to-paradise-island","status":"publish","type":"product","link":"https:\/\/hurghadalovers.com\/et\/tours\/el-gouna-boat-charters-to-paradise-island\/","title":{"rendered":"El Gouna laevaharterid Paradiisisaarele"},"content":{"rendered":"<p>El Gouna laevaharterid Paradiisisaarele | Privaatsed luksusjahid koos snorgeldamise, veespordi, l\u00f5unas\u00f6\u00f6gi ja transfeeriga.<\/p>\n<p style=\"text-align: center;\"><span style=\"color: #00ccff;\">K\u00f5ige ilusamad El Gouna <strong>peres\u00f5bralikud tegevused<\/strong>, tegevused <strong>koos lastega<\/strong>, pension\u00e4rid, <strong>mesin\u00e4dalad<\/strong> ja <strong>paar<\/strong>.<\/span><\/p>\n<p>Broneerimine V\u00e4ike <strong>Jahirent<\/strong> alates 3 kuni 6 inimest v\u00f5i Luxury Big <strong>Boat Rent<\/strong> alates 8 kuni 35 inimest koos Transfeer goto ujumine Best <strong>House riff Spot<\/strong> ja Saty 2-4 tundi parim Beach <strong>Giftun Island<\/strong> &#8220;Paradise Beach&#8221;.<\/p>\n<p>&nbsp;<\/p>\n<p><strong>T\u00e4hts\u00fcndmused:<\/strong><\/p>\n<ul>\n<li>2 Spots Snorkeling House Reef.<\/li>\n<li>2-4 tundi Paradise Islandi rannas.<\/li>\n<li>Veesport &#8220;Banana ja Quattro&#8221;.<\/li>\n<\/ul>\n<p><strong>\u00dcksikasjad:<\/strong><\/p>\n<ul>\n<li>Ringk\u00e4igu k\u00e4ttesaadavus: Iga p\u00e4ev.<\/li>\n<li>Ekskursiooni t\u00fc\u00fcp: Privaatne.<\/li>\n<li>Kohalej\u00f5udmise aeg: Alates 07:30 hommikul.<\/li>\n<li>V\u00e4ljas\u00f5idu aeg: 17:00.<\/li>\n<li>Ligip\u00e4\u00e4setav ratastooliga.<\/li>\n<li>Kestus: 8 tundi.<\/li>\n<\/ul>\n<p><strong>Broneeri n\u00fc\u00fcd ja maksa hiljem:<\/strong><\/p>\n<ul>\n<li>Sularaha kohapeal juhile.<\/li>\n<li>Maksmine Egiptuse naelades, $, \u20ac v\u00f5i \u00a3.<\/li>\n<\/ul>\n<p><strong>T\u00fchistamispoliitika:<\/strong><\/p>\n<ul>\n<li>t\u00fchistate kuni 24 tundi ette.<\/li>\n<li>Kui keegi teie perekonnast t\u00fchistab hommikul, maksab 50% kuludest.<\/li>\n<\/ul>\n<p><strong>Mis on lisatud?<\/strong><\/p>\n<ul>\n<li>Transfeer El Gouna hotellidest &#8220;Hotel pick up and drop off&#8221;.<\/li>\n<li>K\u00f5ik maksud, sissep\u00e4\u00e4sutasud ja k\u00e4itlemistasud.<\/li>\n<li>Reisijuht.<\/li>\n<li>Mineraalvesi + Cola + piim + kohv\/tee.<\/li>\n<li>2 Snorgeldamise koht.<\/li>\n<li>Snorkeldamisvarustus &#8220;Maskid ja ujumisriistad&#8221;.<\/li>\n<li>2-4 tundi <strong>Paradise Islandi<\/strong> <strong>rannas<\/strong>.<\/li>\n<li>VIP-buffet l\u00f5unas\u00f6\u00f6k paadil.<\/li>\n<li>P\u00e4\u00e4stevestid.<\/li>\n<\/ul>\n<p><strong>V\u00e4ljaarvamised?<\/strong><\/p>\n<ul>\n<li>Jootraha.<\/li>\n<li>Joogid restoranis The Paradise Island.<\/li>\n<li>Fotograafia ja fotod reisi jaoks.<\/li>\n<li>Pakume rentida ujumisriided ja ujumisriided naistele, meestele, lastele k\u00f5ik suurused &#8221; 5$ \u00fche kohta&#8221;.<\/li>\n<li>K\u00f5ik lisad, mida ei ole mainitud.<\/li>\n<\/ul>\n<p><strong>Hinnad:<\/strong><\/p>\n<ul>\n<li><strong>V\u00e4ike jaht Charter 3 kuni 6 inimest = alates 420$<\/strong><\/li>\n<li><strong>Luksuslik suurpaadi rent alates 8 kuni 35 inimesest = alates 770$<\/strong><\/li>\n<\/ul>\n<p><strong>  Arvustused:<\/strong><\/p>\n<p>vaadata meie Google Map Arvamused kui parim <a href=\"https:\/\/g.page\/r\/CUeYvkngP3wkEBM\/review\">reisikorraldaja Hurghada<\/a> online <a href=\"https:\/\/hurghadalovers.com\/\">Hurghada<\/a> Egiptus.<\/p>\n<p><strong>Broneerimine:<\/strong><\/p>\n<p>Saada hotell + toa number + fotopassid WhatsAppi: <strong>+201112596434<\/strong><\/p>\n<p>Kui te v\u00e4lja Egiptus Broneerimine n\u00fc\u00fcd online ja kinnitada, kui saabumine Hotel.<\/p>\n<p>&nbsp;<\/p>\n<p>&nbsp;<\/p>\n","protected":false},"excerpt":{"rendered":"<p>El Gouna laevaharterid Paradiisisaarele | Privaatsed luksusjahid koos snorgeldamise, veespordi, l\u00f5unas\u00f6\u00f6gi ja transfeeriga.<\/p>\n<p style=\"text-align: center;\"><span style=\"color: #00ccff;\">K\u00f5ige ilusamad El Gouna <strong>peres\u00f5bralikud tegevused<\/strong>, <strong>Mida teha koos lastega<\/strong><\/span><\/p>\n","protected":false},"featured_media":394993,"template":"","meta":{"_joinchat":[]},"product_brand":[],"product_cat":[36652],"product_tag":[],"class_list":{"0":"post-395188","1":"product","2":"type-product","3":"status-publish","4":"has-post-thumbnail","6":"product_cat-ekskursioonid","7":"tour_category-el-gouna-ekskursioonid","8":"tour_category-el-gouna-snorkeling-et","10":"first","11":"instock","12":"sale","13":"shipping-taxable","14":"purchasable","15":"product-type-tour"},"yoast_head":"<!-- This site is optimized with the Yoast SEO Premium plugin v26.9 (Yoast SEO v27.2) - https:\/\/yoast.com\/product\/yoast-seo-premium-wordpress\/ -->\n<title>El Gouna laevaharterid Paradiisisaarele | Luksusjahtide tellimine<\/title>\n<meta name=\"description\" content=\"El Gouna laevaharterid Paradiisisaarele | Privaatsed luksusjahid koos snorgeldamise, veespordi, l\u00f5unas\u00f6\u00f6gi ja transfeeriga. K\u00f5ige ilusam El Gouna peres\u00f5bralik\" \/>\n<meta name=\"robots\" content=\"index, follow, max-snippet:-1, max-image-preview:large, max-video-preview:-1\" \/>\n<link rel=\"canonical\" href=\"https:\/\/hurghadalovers.com\/et\/tours\/el-gouna-boat-charters-to-paradise-island\/\" \/>\n<meta property=\"og:locale\" content=\"et_EE\" \/>\n<meta property=\"og:type\" content=\"article\" \/>\n<meta property=\"og:title\" content=\"El Gouna laevaharterid Paradiisisaarele\" \/>\n<meta property=\"og:description\" content=\"El Gouna laevaharterid Paradiisisaarele | Privaatsed luksusjahid koos snorgeldamise, veespordi, l\u00f5unas\u00f6\u00f6gi ja transfeeriga. K\u00f5ige ilusam El Gouna peres\u00f5bralik\" \/>\n<meta property=\"og:url\" content=\"https:\/\/hurghadalovers.com\/et\/tours\/el-gouna-boat-charters-to-paradise-island\/\" \/>\n<meta property=\"og:site_name\" content=\"Hurghada Excursions &amp; Day Trips | Booking Best Prices Tours\" \/>\n<meta property=\"article:publisher\" content=\"https:\/\/www.facebook.com\/Hurghadaloversegypt\" \/>\n<meta property=\"article:modified_time\" content=\"2026-02-08T01:24:56+00:00\" \/>\n<meta property=\"og:image\" content=\"https:\/\/hurghadalovers.com\/wp-content\/uploads\/2023\/09\/El-Gouna-Boat-Charters-to-Paradise-Island.jpeg\" \/>\n\t<meta property=\"og:image:width\" content=\"1156\" \/>\n\t<meta property=\"og:image:height\" content=\"867\" \/>\n\t<meta property=\"og:image:type\" content=\"image\/jpeg\" \/>\n<meta name=\"twitter:card\" content=\"summary_large_image\" \/>\n<meta name=\"twitter:label1\" content=\"Price\" \/>\n\t<meta name=\"twitter:data1\" content=\"&euro;&nbsp;420\" \/>\n\t<meta name=\"twitter:label2\" content=\"Availability\" \/>\n\t<meta name=\"twitter:data2\" content=\"In stock\" \/>\n<script type=\"application\/ld+json\" class=\"yoast-schema-graph\">{\"@context\":\"https:\/\/schema.org\",\"@graph\":[{\"@type\":[\"WebPage\",\"ItemPage\"],\"@id\":\"https:\/\/hurghadalovers.com\/et\/tours\/el-gouna-boat-charters-to-paradise-island\/\",\"url\":\"https:\/\/hurghadalovers.com\/et\/tours\/el-gouna-boat-charters-to-paradise-island\/\",\"name\":\"El Gouna laevaharterid Paradiisisaarele | Luksusjahtide tellimine\",\"isPartOf\":{\"@id\":\"https:\/\/hurghadalovers.com\/et\/#website\"},\"primaryImageOfPage\":{\"@id\":\"https:\/\/hurghadalovers.com\/et\/tours\/el-gouna-boat-charters-to-paradise-island\/#primaryimage\"},\"image\":{\"@id\":\"https:\/\/hurghadalovers.com\/et\/tours\/el-gouna-boat-charters-to-paradise-island\/#primaryimage\"},\"thumbnailUrl\":\"https:\/\/hurghadalovers.com\/wp-content\/uploads\/2023\/09\/El-Gouna-Boat-Charters-to-Paradise-Island.jpeg\",\"datePublished\":\"2023-09-03T14:24:07+00:00\",\"dateModified\":\"2026-02-08T01:24:56+00:00\",\"description\":\"El Gouna laevaharterid Paradiisisaarele | Privaatsed luksusjahid koos snorgeldamise, veespordi, l\u00f5unas\u00f6\u00f6gi ja transfeeriga. K\u00f5ige ilusam El Gouna peres\u00f5bralik\",\"breadcrumb\":{\"@id\":\"https:\/\/hurghadalovers.com\/et\/tours\/el-gouna-boat-charters-to-paradise-island\/#breadcrumb\"},\"inLanguage\":\"et\",\"potentialAction\":[{\"@type\":\"ReadAction\",\"target\":[\"https:\/\/hurghadalovers.com\/et\/tours\/el-gouna-boat-charters-to-paradise-island\/\"]}]},{\"@type\":\"ImageObject\",\"inLanguage\":\"et\",\"@id\":\"https:\/\/hurghadalovers.com\/et\/tours\/el-gouna-boat-charters-to-paradise-island\/#primaryimage\",\"url\":\"https:\/\/hurghadalovers.com\/wp-content\/uploads\/2023\/09\/El-Gouna-Boat-Charters-to-Paradise-Island.jpeg\",\"contentUrl\":\"https:\/\/hurghadalovers.com\/wp-content\/uploads\/2023\/09\/El-Gouna-Boat-Charters-to-Paradise-Island.jpeg\",\"width\":1156,\"height\":867,\"caption\":\"El Gouna laevaharterid Paradiisisaarele\"},{\"@type\":\"BreadcrumbList\",\"@id\":\"https:\/\/hurghadalovers.com\/et\/tours\/el-gouna-boat-charters-to-paradise-island\/#breadcrumb\",\"itemListElement\":[{\"@type\":\"ListItem\",\"position\":1,\"name\":\"Home\",\"item\":\"https:\/\/hurghadalovers.com\/et\/\"},{\"@type\":\"ListItem\",\"position\":2,\"name\":\"Shop\",\"item\":\"https:\/\/hurghadalovers.com\/et\/shop\/\"},{\"@type\":\"ListItem\",\"position\":3,\"name\":\"El Gouna laevaharterid Paradiisisaarele\"}]},{\"@type\":\"WebSite\",\"@id\":\"https:\/\/hurghadalovers.com\/et\/#website\",\"url\":\"https:\/\/hurghadalovers.com\/et\/\",\"name\":\"Hurghada Excursions & Day Trips | Booking Best Prices Tours\",\"description\":\"Hurghada Lovers - Best Tour Operator - Excursions &amp; Things to do for Family Day Trips with kids and Couples Romantic. Unique .Hidden gems\",\"publisher\":{\"@id\":\"https:\/\/hurghadalovers.com\/et\/#organization\"},\"alternateName\":\"Hurghada Excursions\",\"potentialAction\":[{\"@type\":\"SearchAction\",\"target\":{\"@type\":\"EntryPoint\",\"urlTemplate\":\"https:\/\/hurghadalovers.com\/et\/?s={search_term_string}\"},\"query-input\":{\"@type\":\"PropertyValueSpecification\",\"valueRequired\":true,\"valueName\":\"search_term_string\"}}],\"inLanguage\":\"et\"},{\"@type\":[\"Organization\",\"Place\",\"TravelAgency\"],\"@id\":\"https:\/\/hurghadalovers.com\/et\/#organization\",\"name\":\"Hurghada Excursions\",\"url\":\"https:\/\/hurghadalovers.com\/et\/\",\"logo\":{\"@id\":\"https:\/\/hurghadalovers.com\/et\/tours\/el-gouna-boat-charters-to-paradise-island\/#local-main-organization-logo\"},\"image\":{\"@id\":\"https:\/\/hurghadalovers.com\/et\/tours\/el-gouna-boat-charters-to-paradise-island\/#local-main-organization-logo\"},\"sameAs\":[\"https:\/\/www.facebook.com\/Hurghadaloversegypt\"],\"address\":{\"@id\":\"https:\/\/hurghadalovers.com\/et\/tours\/el-gouna-boat-charters-to-paradise-island\/#local-main-place-address\"},\"telephone\":[\"00201112596434\"],\"contactPoint\":{\"@type\":\"ContactPoint\",\"telephone\":\"00201112596434\",\"email\":\"weyouface@gmail.com\"},\"openingHoursSpecification\":{\"@type\":\"OpeningHoursSpecification\",\"dayOfWeek\":[\"Monday\",\"Tuesday\",\"Wednesday\",\"Thursday\",\"Friday\",\"Saturday\",\"Sunday\"],\"opens\":\"00:00\",\"closes\":\"23:59\"},\"email\":\"weyouface@gmail.com\",\"areaServed\":\"Luxor, Hurghada, El Gouna, Aswan, Sharm El Sheikh, Giza, Alexandria, Marsa Alam, Quseir, Soma Bay, Sahl Hasheesh, Red Sea, Makadi Bay, Cairo\",\"priceRange\":\"$\",\"currenciesAccepted\":\"euro\",\"paymentAccepted\":\"cash on site\"},{\"@type\":\"PostalAddress\",\"@id\":\"https:\/\/hurghadalovers.com\/et\/tours\/el-gouna-boat-charters-to-paradise-island\/#local-main-place-address\",\"streetAddress\":\"17 Banks street, Alkawther area, top nbk bank\",\"addressLocality\":\"hurghada\",\"postalCode\":\"84511\",\"addressRegion\":\"red sea\",\"addressCountry\":\"EG\"},{\"@type\":\"ImageObject\",\"inLanguage\":\"et\",\"@id\":\"https:\/\/hurghadalovers.com\/et\/tours\/el-gouna-boat-charters-to-paradise-island\/#local-main-organization-logo\",\"url\":\"https:\/\/hurghadalovers.com\/wp-content\/uploads\/2019\/10\/hurghada-excursions-logo.png\",\"contentUrl\":\"https:\/\/hurghadalovers.com\/wp-content\/uploads\/2019\/10\/hurghada-excursions-logo.png\",\"width\":272,\"height\":90,\"caption\":\"Hurghada Excursions\"}]}<\/script>\n<meta property=\"product:brand\" content=\"Ekskursioonid El Gounas\" \/>\n<meta property=\"product:price:amount\" content=\"420\" \/>\n<meta property=\"product:price:currency\" content=\"EUR\" \/>\n<meta property=\"og:availability\" content=\"instock\" \/>\n<meta property=\"product:availability\" content=\"instock\" \/>\n<meta property=\"product:retailer_item_id\" content=\"Gouna612024\" \/>\n<meta property=\"product:condition\" content=\"new\" \/>\n<meta name=\"geo.placename\" content=\"hurghada\" \/>\n<meta name=\"geo.region\" content=\"Egypt\" \/>\n<!-- \/ Yoast SEO Premium plugin. -->","yoast_head_json":{"title":"El Gouna laevaharterid Paradiisisaarele | Luksusjahtide tellimine","description":"El Gouna laevaharterid Paradiisisaarele | Privaatsed luksusjahid koos snorgeldamise, veespordi, l\u00f5unas\u00f6\u00f6gi ja transfeeriga. K\u00f5ige ilusam El Gouna peres\u00f5bralik","robots":{"index":"index","follow":"follow","max-snippet":"max-snippet:-1","max-image-preview":"max-image-preview:large","max-video-preview":"max-video-preview:-1"},"canonical":"https:\/\/hurghadalovers.com\/et\/tours\/el-gouna-boat-charters-to-paradise-island\/","og_locale":"et_EE","og_type":"article","og_title":"El Gouna laevaharterid Paradiisisaarele","og_description":"El Gouna laevaharterid Paradiisisaarele | Privaatsed luksusjahid koos snorgeldamise, veespordi, l\u00f5unas\u00f6\u00f6gi ja transfeeriga. K\u00f5ige ilusam El Gouna peres\u00f5bralik","og_url":"https:\/\/hurghadalovers.com\/et\/tours\/el-gouna-boat-charters-to-paradise-island\/","og_site_name":"Hurghada Excursions &amp; Day Trips | Booking Best Prices Tours","article_publisher":"https:\/\/www.facebook.com\/Hurghadaloversegypt","article_modified_time":"2026-02-08T01:24:56+00:00","og_image":[{"width":1156,"height":867,"url":"https:\/\/hurghadalovers.com\/wp-content\/uploads\/2023\/09\/El-Gouna-Boat-Charters-to-Paradise-Island.jpeg","type":"image\/jpeg"}],"twitter_card":"summary_large_image","twitter_misc":{"Price":"&euro;&nbsp;420","Availability":"In stock"},"schema":{"@context":"https:\/\/schema.org","@graph":[{"@type":["WebPage","ItemPage"],"@id":"https:\/\/hurghadalovers.com\/et\/tours\/el-gouna-boat-charters-to-paradise-island\/","url":"https:\/\/hurghadalovers.com\/et\/tours\/el-gouna-boat-charters-to-paradise-island\/","name":"El Gouna laevaharterid Paradiisisaarele | Luksusjahtide tellimine","isPartOf":{"@id":"https:\/\/hurghadalovers.com\/et\/#website"},"primaryImageOfPage":{"@id":"https:\/\/hurghadalovers.com\/et\/tours\/el-gouna-boat-charters-to-paradise-island\/#primaryimage"},"image":{"@id":"https:\/\/hurghadalovers.com\/et\/tours\/el-gouna-boat-charters-to-paradise-island\/#primaryimage"},"thumbnailUrl":"https:\/\/hurghadalovers.com\/wp-content\/uploads\/2023\/09\/El-Gouna-Boat-Charters-to-Paradise-Island.jpeg","datePublished":"2023-09-03T14:24:07+00:00","dateModified":"2026-02-08T01:24:56+00:00","description":"El Gouna laevaharterid Paradiisisaarele | Privaatsed luksusjahid koos snorgeldamise, veespordi, l\u00f5unas\u00f6\u00f6gi ja transfeeriga. K\u00f5ige ilusam El Gouna peres\u00f5bralik","breadcrumb":{"@id":"https:\/\/hurghadalovers.com\/et\/tours\/el-gouna-boat-charters-to-paradise-island\/#breadcrumb"},"inLanguage":"et","potentialAction":[{"@type":"ReadAction","target":["https:\/\/hurghadalovers.com\/et\/tours\/el-gouna-boat-charters-to-paradise-island\/"]}]},{"@type":"ImageObject","inLanguage":"et","@id":"https:\/\/hurghadalovers.com\/et\/tours\/el-gouna-boat-charters-to-paradise-island\/#primaryimage","url":"https:\/\/hurghadalovers.com\/wp-content\/uploads\/2023\/09\/El-Gouna-Boat-Charters-to-Paradise-Island.jpeg","contentUrl":"https:\/\/hurghadalovers.com\/wp-content\/uploads\/2023\/09\/El-Gouna-Boat-Charters-to-Paradise-Island.jpeg","width":1156,"height":867,"caption":"El Gouna laevaharterid Paradiisisaarele"},{"@type":"BreadcrumbList","@id":"https:\/\/hurghadalovers.com\/et\/tours\/el-gouna-boat-charters-to-paradise-island\/#breadcrumb","itemListElement":[{"@type":"ListItem","position":1,"name":"Home","item":"https:\/\/hurghadalovers.com\/et\/"},{"@type":"ListItem","position":2,"name":"Shop","item":"https:\/\/hurghadalovers.com\/et\/shop\/"},{"@type":"ListItem","position":3,"name":"El Gouna laevaharterid Paradiisisaarele"}]},{"@type":"WebSite","@id":"https:\/\/hurghadalovers.com\/et\/#website","url":"https:\/\/hurghadalovers.com\/et\/","name":"Hurghada Excursions & Day Trips | Booking Best Prices Tours","description":"Hurghada Lovers - Best Tour Operator - Excursions &amp; Things to do for Family Day Trips with kids and Couples Romantic. Unique .Hidden gems","publisher":{"@id":"https:\/\/hurghadalovers.com\/et\/#organization"},"alternateName":"Hurghada Excursions","potentialAction":[{"@type":"SearchAction","target":{"@type":"EntryPoint","urlTemplate":"https:\/\/hurghadalovers.com\/et\/?s={search_term_string}"},"query-input":{"@type":"PropertyValueSpecification","valueRequired":true,"valueName":"search_term_string"}}],"inLanguage":"et"},{"@type":["Organization","Place","TravelAgency"],"@id":"https:\/\/hurghadalovers.com\/et\/#organization","name":"Hurghada Excursions","url":"https:\/\/hurghadalovers.com\/et\/","logo":{"@id":"https:\/\/hurghadalovers.com\/et\/tours\/el-gouna-boat-charters-to-paradise-island\/#local-main-organization-logo"},"image":{"@id":"https:\/\/hurghadalovers.com\/et\/tours\/el-gouna-boat-charters-to-paradise-island\/#local-main-organization-logo"},"sameAs":["https:\/\/www.facebook.com\/Hurghadaloversegypt"],"address":{"@id":"https:\/\/hurghadalovers.com\/et\/tours\/el-gouna-boat-charters-to-paradise-island\/#local-main-place-address"},"telephone":["00201112596434"],"contactPoint":{"@type":"ContactPoint","telephone":"00201112596434","email":"weyouface@gmail.com"},"openingHoursSpecification":{"@type":"OpeningHoursSpecification","dayOfWeek":["Monday","Tuesday","Wednesday","Thursday","Friday","Saturday","Sunday"],"opens":"00:00","closes":"23:59"},"email":"weyouface@gmail.com","areaServed":"Luxor, Hurghada, El Gouna, Aswan, Sharm El Sheikh, Giza, Alexandria, Marsa Alam, Quseir, Soma Bay, Sahl Hasheesh, Red Sea, Makadi Bay, Cairo","priceRange":"$","currenciesAccepted":"euro","paymentAccepted":"cash on site"},{"@type":"PostalAddress","@id":"https:\/\/hurghadalovers.com\/et\/tours\/el-gouna-boat-charters-to-paradise-island\/#local-main-place-address","streetAddress":"17 Banks street, Alkawther area, top nbk bank","addressLocality":"hurghada","postalCode":"84511","addressRegion":"red sea","addressCountry":"EG"},{"@type":"ImageObject","inLanguage":"et","@id":"https:\/\/hurghadalovers.com\/et\/tours\/el-gouna-boat-charters-to-paradise-island\/#local-main-organization-logo","url":"https:\/\/hurghadalovers.com\/wp-content\/uploads\/2019\/10\/hurghada-excursions-logo.png","contentUrl":"https:\/\/hurghadalovers.com\/wp-content\/uploads\/2019\/10\/hurghada-excursions-logo.png","width":272,"height":90,"caption":"Hurghada Excursions"}]},"product_brand":"Ekskursioonid El Gounas","product_price_amount":"420","product_price_currency":"EUR","og_availability":"instock","product_availability":"instock","product_retailer_item_id":"Gouna612024","product_condition":"new","geo.placename":"hurghada","geo.region":"Egypt"},"_links":{"self":[{"href":"https:\/\/hurghadalovers.com\/et\/wp-json\/wp\/v2\/product\/395188","targetHints":{"allow":["GET"]}}],"collection":[{"href":"https:\/\/hurghadalovers.com\/et\/wp-json\/wp\/v2\/product"}],"about":[{"href":"https:\/\/hurghadalovers.com\/et\/wp-json\/wp\/v2\/types\/product"}],"wp:featuredmedia":[{"embeddable":true,"href":"https:\/\/hurghadalovers.com\/et\/wp-json\/wp\/v2\/media\/394993"}],"wp:attachment":[{"href":"https:\/\/hurghadalovers.com\/et\/wp-json\/wp\/v2\/media?parent=395188"}],"wp:term":[{"taxonomy":"product_brand","embeddable":true,"href":"https:\/\/hurghadalovers.com\/et\/wp-json\/wp\/v2\/product_brand?post=395188"},{"taxonomy":"product_cat","embeddable":true,"href":"https:\/\/hurghadalovers.com\/et\/wp-json\/wp\/v2\/product_cat?post=395188"},{"taxonomy":"product_tag","embeddable":true,"href":"https:\/\/hurghadalovers.com\/et\/wp-json\/wp\/v2\/product_tag?post=395188"}],"curies":[{"name":"wp","href":"https:\/\/api.w.org\/{rel}","templated":true}]}}