{"id":392172,"date":"2023-09-01T20:33:42","date_gmt":"2023-09-01T20:33:42","guid":{"rendered":"https:\/\/hurghadalovers.com\/shop\/maaratlemata\/paikeseloojangu-bussituur-sahl-hasheeshist\/"},"modified":"2026-02-07T18:07:38","modified_gmt":"2026-02-07T18:07:38","slug":"sunset-buggy-tour-from-sahl-hasheesh","status":"publish","type":"product","link":"https:\/\/hurghadalovers.com\/et\/tours\/sunset-buggy-tour-from-sahl-hasheesh\/","title":{"rendered":"P\u00e4ikeseloojangu bussituur Sahl Hasheeshist"},"content":{"rendered":"<p><strong>P\u00e4ikeseloojangu Buggy Tour <\/strong><strong>Sahl Hasheeshist<\/strong> beduiini k\u00fclla ja kaameliga s\u00f5itmine | <strong>Luksuslik seikluslik k\u00f5rbesafari<\/strong> peres\u00f5bralik lastele, paaridele ja pension\u00e4ridele koos privaatse transfeeriga | Polaris RZR s\u00f5it.<\/p>\n<p>&nbsp;<\/p>\n<p><strong>T\u00e4hts\u00fcndmused:<\/strong><\/p>\n<ol>\n<li>Dune Buggy Ride.<\/li>\n<li>Kaameliga s\u00f5itmine.<\/li>\n<li>Beduiini k\u00fcla.<\/li>\n<\/ol>\n<p><strong>P\u00e4ikeseloojangu bussituur alates <\/strong><strong>Sahl Hasheesh<\/strong> <strong>T\u00e4psemalt: Matkan kestus: 1:<\/strong><\/p>\n<ul>\n<li>Ringk\u00e4igu k\u00e4ttesaadavus: Iga p\u00e4ev.<\/li>\n<li>Ekskursiooni t\u00fc\u00fcp: Grupp v\u00f5i eraviisiline.<\/li>\n<li>Kohalej\u00f5udmise aeg: Alates 14:00.<\/li>\n<li>V\u00e4ljas\u00f5idu aeg: alates 19:00.<\/li>\n<li>Kestus: Kestus: 3 tundi.<\/li>\n<\/ul>\n<p><strong>Broneeri n\u00fc\u00fcd ja maksa hiljem:<\/strong><\/p>\n<ul>\n<li>Sularaha kohapeal juhile.<\/li>\n<li>Maksmine Egiptuse naelades, $, \u20ac v\u00f5i \u00a3.<\/li>\n<\/ul>\n<p><strong>T\u00fchistamispoliitika:<\/strong><\/p>\n<ul>\n<li>t\u00fchistate kuni 24 tundi ette.<\/li>\n<li>Kui keegi teie perekonnast t\u00fchistab hommikul, maksab 50% kuludest.<\/li>\n<\/ul>\n<p><strong>Mis on lisatud?<\/strong><\/p>\n<ul>\n<li>Transfeer Sahl Hasheesh Hotels &#8220;Hotel pick up and drop off&#8221;.<\/li>\n<li>K\u00f5ik maksud, sissep\u00e4\u00e4sutasud ja k\u00e4itlemistasud.<\/li>\n<li>\u00dclekanded.<\/li>\n<li>Reisijuht.<\/li>\n<li>Kiiver.<\/li>\n<\/ul>\n<p><strong>V\u00e4ljaarvamised?<\/strong><\/p>\n<ul>\n<li>Sall<\/li>\n<li>Kaitseprillid<\/li>\n<li>Jootraha.<\/li>\n<li>Fotograafia reisi jaoks.<\/li>\n<li>K\u00f5ik lisad, mida ei ole mainitud.<\/li>\n<\/ul>\n<p><strong>Hinnad:<\/strong><\/p>\n<p><strong>Hind = 90$ inimese kohta<\/strong>.<\/p>\n<p><strong>Arvustused:<\/strong><\/p>\n<p>vaadata meie Google Map Arvamused kui parim <a href=\"https:\/\/g.page\/r\/CUeYvkngP3wkEBM\/review\">reisikorraldaja Hurghada<\/a> online <a href=\"https:\/\/hurghadalovers.com\/\">Hurghada<\/a> Egiptus.<\/p>\n<p>&nbsp;<\/p>\n<p><strong>Broneerimine:<\/strong><\/p>\n<p>Saada hotell + toa number + fotopassid WhatsAppi: <strong>+201112596434<\/strong><\/p>\n<p>Kui te v\u00e4lja Egiptus Broneerimine n\u00fc\u00fcd online ja kinnitada, kui saabumine Hotel.<\/p>\n<p>&nbsp;<\/p>\n<p>&nbsp;<\/p>\n","protected":false},"excerpt":{"rendered":"<p><strong>P\u00e4ikeseloojangu Buggy Tour <\/strong><strong>Sahl Hasheeshist<\/strong> beduiini k\u00fclla ja kaameliga s\u00f5itmine | <strong>Luksuslik seikluslik k\u00f5rbesafari<\/strong> peres\u00f5bralik lastele, paaridele ja pension\u00e4ridele koos privaatse transfeeriga | Polaris RZR s\u00f5it.<\/p>\n","protected":false},"featured_media":953121,"template":"","meta":{"_joinchat":[]},"product_brand":[],"product_cat":[36652],"product_tag":[49922,49933,49939,49930,49905,53650,49918,53747,49913,49926,49910,53733,53688,53737,53745,53703,49937,53741],"class_list":{"0":"post-392172","1":"product","2":"type-product","3":"status-publish","4":"has-post-thumbnail","6":"product_cat-ekskursioonid","7":"product_tag-atv-sahl-hasheesh-et","8":"product_tag-beduiini-kula-sahl-hasheesh","9":"product_tag-buggy-tour-sahl-hasheesh-et","10":"product_tag-kaameliga-ratsutamine-sahl-hasheesh","11":"product_tag-korbesafari-sahl-hasheesh","12":"product_tag-perekondlikud-asjad-mida-teha-sahl-hasheeshist-alates","13":"product_tag-quad-biking-sahl-hasheesh-et","14":"product_tag-romantilised-asjad-mida-teha-sahl-hasheeshis","15":"product_tag-safari-sahara-sahl-hasheesh-et","16":"product_tag-safari-tour-sahl-hasheesh-et","17":"product_tag-sahl-hasheesh-buggy-safari-et","18":"product_tag-sahl-hasheesh-mida-teha","19":"product_tag-sahl-hasheesh-odavad-reisid-peredele","20":"product_tag-sahl-hasheesh-paevased-ekskursioonid","21":"product_tag-sahl-hasheesh-romantilised-ekskursioonid","22":"product_tag-sahl-hasheeshi-paevareisid","23":"product_tag-star-gazing-sahl-hasheesh-et","24":"product_tag-vaatamisvaarsused-sahl-hasheeshis","25":"tour_category-sahl-hasheesh-ekskursioonid","26":"tour_category-quad-tour-alates-sahl-hasheesh","28":"first","29":"instock","30":"sale","31":"shipping-taxable","32":"purchasable","33":"product-type-tour"},"yoast_head":"<!-- This site is optimized with the Yoast SEO Premium plugin v26.9 (Yoast SEO v27.2) - https:\/\/yoast.com\/product\/yoast-seo-premium-wordpress\/ -->\n<title>P\u00e4ikeseloojangu bussituur Sahl Hasheeshist<\/title>\n<meta name=\"description\" content=\"P\u00e4ikeseloojangu Buggy Tour Sahl Hasheeshist Beduiini k\u00fclla ja kaamelite s\u00f5it | Luksuslik seiklus k\u00f5rbesafari Peres\u00f5bralik lastele, paaridele ja pension\u00e4ridele.\" \/>\n<meta name=\"robots\" content=\"index, follow, max-snippet:-1, max-image-preview:large, max-video-preview:-1\" \/>\n<link rel=\"canonical\" href=\"https:\/\/hurghadalovers.com\/et\/tours\/sunset-buggy-tour-from-sahl-hasheesh\/\" \/>\n<meta property=\"og:locale\" content=\"et_EE\" \/>\n<meta property=\"og:type\" content=\"article\" \/>\n<meta property=\"og:title\" content=\"P\u00e4ikeseloojangu bussituur Sahl Hasheeshist\" \/>\n<meta property=\"og:description\" content=\"P\u00e4ikeseloojangu Buggy Tour Sahl Hasheeshist Beduiini k\u00fclla ja kaamelite s\u00f5it | Luksuslik seiklus k\u00f5rbesafari Peres\u00f5bralik lastele, paaridele ja pension\u00e4ridele.\" \/>\n<meta property=\"og:url\" content=\"https:\/\/hurghadalovers.com\/et\/tours\/sunset-buggy-tour-from-sahl-hasheesh\/\" \/>\n<meta property=\"og:site_name\" content=\"Hurghada Excursions &amp; Day Trips | Booking Best Prices Tours\" \/>\n<meta property=\"article:publisher\" content=\"https:\/\/www.facebook.com\/Hurghadaloversegypt\" \/>\n<meta property=\"article:modified_time\" content=\"2026-02-07T18:07:38+00:00\" \/>\n<meta property=\"og:image\" content=\"https:\/\/hurghadalovers.com\/wp-content\/uploads\/2023\/09\/buggy-tour-with-kids.jpeg\" \/>\n\t<meta property=\"og:image:width\" content=\"1156\" \/>\n\t<meta property=\"og:image:height\" content=\"521\" \/>\n\t<meta property=\"og:image:type\" content=\"image\/jpeg\" \/>\n<meta name=\"twitter:card\" content=\"summary_large_image\" \/>\n<meta name=\"twitter:label1\" content=\"Price\" \/>\n\t<meta name=\"twitter:data1\" content=\"&euro;&nbsp;105\" \/>\n\t<meta name=\"twitter:label2\" content=\"Availability\" \/>\n\t<meta name=\"twitter:data2\" content=\"In stock\" \/>\n<script type=\"application\/ld+json\" class=\"yoast-schema-graph\">{\"@context\":\"https:\/\/schema.org\",\"@graph\":[{\"@type\":[\"WebPage\",\"ItemPage\"],\"@id\":\"https:\/\/hurghadalovers.com\/et\/tours\/sunset-buggy-tour-from-sahl-hasheesh\/\",\"url\":\"https:\/\/hurghadalovers.com\/et\/tours\/sunset-buggy-tour-from-sahl-hasheesh\/\",\"name\":\"P\u00e4ikeseloojangu bussituur Sahl Hasheeshist\",\"isPartOf\":{\"@id\":\"https:\/\/hurghadalovers.com\/et\/#website\"},\"primaryImageOfPage\":{\"@id\":\"https:\/\/hurghadalovers.com\/et\/tours\/sunset-buggy-tour-from-sahl-hasheesh\/#primaryimage\"},\"image\":{\"@id\":\"https:\/\/hurghadalovers.com\/et\/tours\/sunset-buggy-tour-from-sahl-hasheesh\/#primaryimage\"},\"thumbnailUrl\":\"https:\/\/hurghadalovers.com\/wp-content\/uploads\/2023\/09\/buggy-tour-with-kids.jpeg\",\"datePublished\":\"2023-09-01T20:33:42+00:00\",\"dateModified\":\"2026-02-07T18:07:38+00:00\",\"description\":\"P\u00e4ikeseloojangu Buggy Tour Sahl Hasheeshist Beduiini k\u00fclla ja kaamelite s\u00f5it | Luksuslik seiklus k\u00f5rbesafari Peres\u00f5bralik lastele, paaridele ja pension\u00e4ridele.\",\"breadcrumb\":{\"@id\":\"https:\/\/hurghadalovers.com\/et\/tours\/sunset-buggy-tour-from-sahl-hasheesh\/#breadcrumb\"},\"inLanguage\":\"et\",\"potentialAction\":[{\"@type\":\"ReadAction\",\"target\":[\"https:\/\/hurghadalovers.com\/et\/tours\/sunset-buggy-tour-from-sahl-hasheesh\/\"]}]},{\"@type\":\"ImageObject\",\"inLanguage\":\"et\",\"@id\":\"https:\/\/hurghadalovers.com\/et\/tours\/sunset-buggy-tour-from-sahl-hasheesh\/#primaryimage\",\"url\":\"https:\/\/hurghadalovers.com\/wp-content\/uploads\/2023\/09\/buggy-tour-with-kids.jpeg\",\"contentUrl\":\"https:\/\/hurghadalovers.com\/wp-content\/uploads\/2023\/09\/buggy-tour-with-kids.jpeg\",\"width\":1156,\"height\":521,\"caption\":\"buggy tour with kids\"},{\"@type\":\"BreadcrumbList\",\"@id\":\"https:\/\/hurghadalovers.com\/et\/tours\/sunset-buggy-tour-from-sahl-hasheesh\/#breadcrumb\",\"itemListElement\":[{\"@type\":\"ListItem\",\"position\":1,\"name\":\"Home\",\"item\":\"https:\/\/hurghadalovers.com\/et\/\"},{\"@type\":\"ListItem\",\"position\":2,\"name\":\"Shop\",\"item\":\"https:\/\/hurghadalovers.com\/et\/shop\/\"},{\"@type\":\"ListItem\",\"position\":3,\"name\":\"P\u00e4ikeseloojangu bussituur Sahl Hasheeshist\"}]},{\"@type\":\"WebSite\",\"@id\":\"https:\/\/hurghadalovers.com\/et\/#website\",\"url\":\"https:\/\/hurghadalovers.com\/et\/\",\"name\":\"Hurghada Excursions & Day Trips | Booking Best Prices Tours\",\"description\":\"Hurghada Lovers - Best Tour Operator - Excursions &amp; Things to do for Family Day Trips with kids and Couples Romantic. Unique .Hidden gems\",\"publisher\":{\"@id\":\"https:\/\/hurghadalovers.com\/et\/#organization\"},\"alternateName\":\"Hurghada Excursions\",\"potentialAction\":[{\"@type\":\"SearchAction\",\"target\":{\"@type\":\"EntryPoint\",\"urlTemplate\":\"https:\/\/hurghadalovers.com\/et\/?s={search_term_string}\"},\"query-input\":{\"@type\":\"PropertyValueSpecification\",\"valueRequired\":true,\"valueName\":\"search_term_string\"}}],\"inLanguage\":\"et\"},{\"@type\":[\"Organization\",\"Place\",\"TravelAgency\"],\"@id\":\"https:\/\/hurghadalovers.com\/et\/#organization\",\"name\":\"Hurghada Excursions\",\"url\":\"https:\/\/hurghadalovers.com\/et\/\",\"logo\":{\"@id\":\"https:\/\/hurghadalovers.com\/et\/tours\/sunset-buggy-tour-from-sahl-hasheesh\/#local-main-organization-logo\"},\"image\":{\"@id\":\"https:\/\/hurghadalovers.com\/et\/tours\/sunset-buggy-tour-from-sahl-hasheesh\/#local-main-organization-logo\"},\"sameAs\":[\"https:\/\/www.facebook.com\/Hurghadaloversegypt\"],\"address\":{\"@id\":\"https:\/\/hurghadalovers.com\/et\/tours\/sunset-buggy-tour-from-sahl-hasheesh\/#local-main-place-address\"},\"telephone\":[\"00201112596434\"],\"contactPoint\":{\"@type\":\"ContactPoint\",\"telephone\":\"00201112596434\",\"email\":\"weyouface@gmail.com\"},\"openingHoursSpecification\":{\"@type\":\"OpeningHoursSpecification\",\"dayOfWeek\":[\"Monday\",\"Tuesday\",\"Wednesday\",\"Thursday\",\"Friday\",\"Saturday\",\"Sunday\"],\"opens\":\"00:00\",\"closes\":\"23:59\"},\"email\":\"weyouface@gmail.com\",\"areaServed\":\"Luxor, Hurghada, El Gouna, Aswan, Sharm El Sheikh, Giza, Alexandria, Marsa Alam, Quseir, Soma Bay, Sahl Hasheesh, Red Sea, Makadi Bay, Cairo\",\"priceRange\":\"$\",\"currenciesAccepted\":\"euro\",\"paymentAccepted\":\"cash on site\"},{\"@type\":\"PostalAddress\",\"@id\":\"https:\/\/hurghadalovers.com\/et\/tours\/sunset-buggy-tour-from-sahl-hasheesh\/#local-main-place-address\",\"streetAddress\":\"17 Banks street, Alkawther area, top nbk bank\",\"addressLocality\":\"hurghada\",\"postalCode\":\"84511\",\"addressRegion\":\"red sea\",\"addressCountry\":\"EG\"},{\"@type\":\"ImageObject\",\"inLanguage\":\"et\",\"@id\":\"https:\/\/hurghadalovers.com\/et\/tours\/sunset-buggy-tour-from-sahl-hasheesh\/#local-main-organization-logo\",\"url\":\"https:\/\/hurghadalovers.com\/wp-content\/uploads\/2019\/10\/hurghada-excursions-logo.png\",\"contentUrl\":\"https:\/\/hurghadalovers.com\/wp-content\/uploads\/2019\/10\/hurghada-excursions-logo.png\",\"width\":272,\"height\":90,\"caption\":\"Hurghada Excursions\"}]}<\/script>\n<meta property=\"product:brand\" content=\"Ekskursioonid in Sahl Hasheesh\" \/>\n<meta property=\"product:price:amount\" content=\"105\" \/>\n<meta property=\"product:price:currency\" content=\"EUR\" \/>\n<meta property=\"og:availability\" content=\"instock\" \/>\n<meta property=\"product:availability\" content=\"instock\" \/>\n<meta property=\"product:retailer_item_id\" content=\"SahlSafari022024\" \/>\n<meta property=\"product:condition\" content=\"new\" \/>\n<meta name=\"geo.placename\" content=\"hurghada\" \/>\n<meta name=\"geo.region\" content=\"Egypt\" \/>\n<!-- \/ Yoast SEO Premium plugin. -->","yoast_head_json":{"title":"P\u00e4ikeseloojangu bussituur Sahl Hasheeshist","description":"P\u00e4ikeseloojangu Buggy Tour Sahl Hasheeshist Beduiini k\u00fclla ja kaamelite s\u00f5it | Luksuslik seiklus k\u00f5rbesafari Peres\u00f5bralik lastele, paaridele ja pension\u00e4ridele.","robots":{"index":"index","follow":"follow","max-snippet":"max-snippet:-1","max-image-preview":"max-image-preview:large","max-video-preview":"max-video-preview:-1"},"canonical":"https:\/\/hurghadalovers.com\/et\/tours\/sunset-buggy-tour-from-sahl-hasheesh\/","og_locale":"et_EE","og_type":"article","og_title":"P\u00e4ikeseloojangu bussituur Sahl Hasheeshist","og_description":"P\u00e4ikeseloojangu Buggy Tour Sahl Hasheeshist Beduiini k\u00fclla ja kaamelite s\u00f5it | Luksuslik seiklus k\u00f5rbesafari Peres\u00f5bralik lastele, paaridele ja pension\u00e4ridele.","og_url":"https:\/\/hurghadalovers.com\/et\/tours\/sunset-buggy-tour-from-sahl-hasheesh\/","og_site_name":"Hurghada Excursions &amp; Day Trips | Booking Best Prices Tours","article_publisher":"https:\/\/www.facebook.com\/Hurghadaloversegypt","article_modified_time":"2026-02-07T18:07:38+00:00","og_image":[{"width":1156,"height":521,"url":"https:\/\/hurghadalovers.com\/wp-content\/uploads\/2023\/09\/buggy-tour-with-kids.jpeg","type":"image\/jpeg"}],"twitter_card":"summary_large_image","twitter_misc":{"Price":"&euro;&nbsp;105","Availability":"In stock"},"schema":{"@context":"https:\/\/schema.org","@graph":[{"@type":["WebPage","ItemPage"],"@id":"https:\/\/hurghadalovers.com\/et\/tours\/sunset-buggy-tour-from-sahl-hasheesh\/","url":"https:\/\/hurghadalovers.com\/et\/tours\/sunset-buggy-tour-from-sahl-hasheesh\/","name":"P\u00e4ikeseloojangu bussituur Sahl Hasheeshist","isPartOf":{"@id":"https:\/\/hurghadalovers.com\/et\/#website"},"primaryImageOfPage":{"@id":"https:\/\/hurghadalovers.com\/et\/tours\/sunset-buggy-tour-from-sahl-hasheesh\/#primaryimage"},"image":{"@id":"https:\/\/hurghadalovers.com\/et\/tours\/sunset-buggy-tour-from-sahl-hasheesh\/#primaryimage"},"thumbnailUrl":"https:\/\/hurghadalovers.com\/wp-content\/uploads\/2023\/09\/buggy-tour-with-kids.jpeg","datePublished":"2023-09-01T20:33:42+00:00","dateModified":"2026-02-07T18:07:38+00:00","description":"P\u00e4ikeseloojangu Buggy Tour Sahl Hasheeshist Beduiini k\u00fclla ja kaamelite s\u00f5it | Luksuslik seiklus k\u00f5rbesafari Peres\u00f5bralik lastele, paaridele ja pension\u00e4ridele.","breadcrumb":{"@id":"https:\/\/hurghadalovers.com\/et\/tours\/sunset-buggy-tour-from-sahl-hasheesh\/#breadcrumb"},"inLanguage":"et","potentialAction":[{"@type":"ReadAction","target":["https:\/\/hurghadalovers.com\/et\/tours\/sunset-buggy-tour-from-sahl-hasheesh\/"]}]},{"@type":"ImageObject","inLanguage":"et","@id":"https:\/\/hurghadalovers.com\/et\/tours\/sunset-buggy-tour-from-sahl-hasheesh\/#primaryimage","url":"https:\/\/hurghadalovers.com\/wp-content\/uploads\/2023\/09\/buggy-tour-with-kids.jpeg","contentUrl":"https:\/\/hurghadalovers.com\/wp-content\/uploads\/2023\/09\/buggy-tour-with-kids.jpeg","width":1156,"height":521,"caption":"buggy tour with kids"},{"@type":"BreadcrumbList","@id":"https:\/\/hurghadalovers.com\/et\/tours\/sunset-buggy-tour-from-sahl-hasheesh\/#breadcrumb","itemListElement":[{"@type":"ListItem","position":1,"name":"Home","item":"https:\/\/hurghadalovers.com\/et\/"},{"@type":"ListItem","position":2,"name":"Shop","item":"https:\/\/hurghadalovers.com\/et\/shop\/"},{"@type":"ListItem","position":3,"name":"P\u00e4ikeseloojangu bussituur Sahl Hasheeshist"}]},{"@type":"WebSite","@id":"https:\/\/hurghadalovers.com\/et\/#website","url":"https:\/\/hurghadalovers.com\/et\/","name":"Hurghada Excursions & Day Trips | Booking Best Prices Tours","description":"Hurghada Lovers - Best Tour Operator - Excursions &amp; Things to do for Family Day Trips with kids and Couples Romantic. Unique .Hidden gems","publisher":{"@id":"https:\/\/hurghadalovers.com\/et\/#organization"},"alternateName":"Hurghada Excursions","potentialAction":[{"@type":"SearchAction","target":{"@type":"EntryPoint","urlTemplate":"https:\/\/hurghadalovers.com\/et\/?s={search_term_string}"},"query-input":{"@type":"PropertyValueSpecification","valueRequired":true,"valueName":"search_term_string"}}],"inLanguage":"et"},{"@type":["Organization","Place","TravelAgency"],"@id":"https:\/\/hurghadalovers.com\/et\/#organization","name":"Hurghada Excursions","url":"https:\/\/hurghadalovers.com\/et\/","logo":{"@id":"https:\/\/hurghadalovers.com\/et\/tours\/sunset-buggy-tour-from-sahl-hasheesh\/#local-main-organization-logo"},"image":{"@id":"https:\/\/hurghadalovers.com\/et\/tours\/sunset-buggy-tour-from-sahl-hasheesh\/#local-main-organization-logo"},"sameAs":["https:\/\/www.facebook.com\/Hurghadaloversegypt"],"address":{"@id":"https:\/\/hurghadalovers.com\/et\/tours\/sunset-buggy-tour-from-sahl-hasheesh\/#local-main-place-address"},"telephone":["00201112596434"],"contactPoint":{"@type":"ContactPoint","telephone":"00201112596434","email":"weyouface@gmail.com"},"openingHoursSpecification":{"@type":"OpeningHoursSpecification","dayOfWeek":["Monday","Tuesday","Wednesday","Thursday","Friday","Saturday","Sunday"],"opens":"00:00","closes":"23:59"},"email":"weyouface@gmail.com","areaServed":"Luxor, Hurghada, El Gouna, Aswan, Sharm El Sheikh, Giza, Alexandria, Marsa Alam, Quseir, Soma Bay, Sahl Hasheesh, Red Sea, Makadi Bay, Cairo","priceRange":"$","currenciesAccepted":"euro","paymentAccepted":"cash on site"},{"@type":"PostalAddress","@id":"https:\/\/hurghadalovers.com\/et\/tours\/sunset-buggy-tour-from-sahl-hasheesh\/#local-main-place-address","streetAddress":"17 Banks street, Alkawther area, top nbk bank","addressLocality":"hurghada","postalCode":"84511","addressRegion":"red sea","addressCountry":"EG"},{"@type":"ImageObject","inLanguage":"et","@id":"https:\/\/hurghadalovers.com\/et\/tours\/sunset-buggy-tour-from-sahl-hasheesh\/#local-main-organization-logo","url":"https:\/\/hurghadalovers.com\/wp-content\/uploads\/2019\/10\/hurghada-excursions-logo.png","contentUrl":"https:\/\/hurghadalovers.com\/wp-content\/uploads\/2019\/10\/hurghada-excursions-logo.png","width":272,"height":90,"caption":"Hurghada Excursions"}]},"product_brand":"Ekskursioonid in Sahl Hasheesh","product_price_amount":"105","product_price_currency":"EUR","og_availability":"instock","product_availability":"instock","product_retailer_item_id":"SahlSafari022024","product_condition":"new","geo.placename":"hurghada","geo.region":"Egypt"},"_links":{"self":[{"href":"https:\/\/hurghadalovers.com\/et\/wp-json\/wp\/v2\/product\/392172","targetHints":{"allow":["GET"]}}],"collection":[{"href":"https:\/\/hurghadalovers.com\/et\/wp-json\/wp\/v2\/product"}],"about":[{"href":"https:\/\/hurghadalovers.com\/et\/wp-json\/wp\/v2\/types\/product"}],"wp:featuredmedia":[{"embeddable":true,"href":"https:\/\/hurghadalovers.com\/et\/wp-json\/wp\/v2\/media\/953121"}],"wp:attachment":[{"href":"https:\/\/hurghadalovers.com\/et\/wp-json\/wp\/v2\/media?parent=392172"}],"wp:term":[{"taxonomy":"product_brand","embeddable":true,"href":"https:\/\/hurghadalovers.com\/et\/wp-json\/wp\/v2\/product_brand?post=392172"},{"taxonomy":"product_cat","embeddable":true,"href":"https:\/\/hurghadalovers.com\/et\/wp-json\/wp\/v2\/product_cat?post=392172"},{"taxonomy":"product_tag","embeddable":true,"href":"https:\/\/hurghadalovers.com\/et\/wp-json\/wp\/v2\/product_tag?post=392172"}],"curies":[{"name":"wp","href":"https:\/\/api.w.org\/{rel}","templated":true}]}}