{"id":391749,"date":"2023-08-31T19:18:56","date_gmt":"2023-08-31T19:22:07","guid":{"rendered":"https:\/\/hurghadalovers.com\/shop\/maaratlemata\/sahl-hasheesh-kiirlaeva-rentimine-paradiisisaarele\/"},"modified":"2026-01-23T01:00:01","modified_gmt":"2026-01-23T01:00:01","slug":"sahl-hasheesh-kiirlaevade-uurimine-paradiisisaarele","status":"publish","type":"product","link":"https:\/\/hurghadalovers.com\/et\/tours\/sahl-hasheesh-kiirlaevade-uurimine-paradiisisaarele\/","title":{"rendered":"Sahl Hasheesh Kiirlaeva rentimine Paradiisisaarele"},"content":{"rendered":"<p><strong>Sahl Hasheesh<\/strong> <strong>kiirpaadi rentimine Paradise Islandile<\/strong> | Privaatsed luksuslikud kiirpaadid koos piletite, snorkeldamise ja transfeeriga.<\/p>\n<p style=\"text-align: center;\"><span style=\"color: #008080;\">K\u00f5ige ilusam Sahl Hasheesh <strong>Peres\u00f5bralikud tegevused<\/strong>, <strong>Asjad, mida teha koos lastega<\/strong>, pension\u00e4rid, <strong>mesin\u00e4dalad<\/strong> ja <strong>paar<\/strong>.<\/span><\/p>\n<p>Nautige erilist p\u00e4eva ja ainulaadset kogemust suurema <strong>privaatsuse<\/strong> ja <strong>luksusega<\/strong> ning minge koos pere ja s\u00f5pradega <strong>Giftuni saare<\/strong> k\u00f5ige ilusamatesse randadesse ja ujuge <strong>korallriffide<\/strong> k\u00f5ige kaunimates kohtades.<\/p>\n<p>Pakume broneerida ainult erasektori kiirpaadi rentimine <strong>Paradise<\/strong> <strong>Island<\/strong> koos piletid ja nautida rannas 4-5 tundi ja tagasi.<\/p>\n<p>&nbsp;<\/p>\n<p><strong>T\u00e4hts\u00fcndmused:<\/strong><\/p>\n<ul>\n<li>\u00fcks koht Snorkeling House Reef.<\/li>\n<li>2-5 tundi Paradise Islandi rannas.<\/li>\n<\/ul>\n<p><strong>\u00dcksikasjad:<\/strong><\/p>\n<ul>\n<li>Ringk\u00e4igu k\u00e4ttesaadavus: Iga p\u00e4ev.<\/li>\n<li>Ekskursiooni t\u00fc\u00fcp: Privaatne.<\/li>\n<li>Vastuv\u00f5tuaeg: algus kell 07:30 v\u00f5i 12:30.<\/li>\n<li>V\u00e4ljas\u00f5idu aeg: 13:00 v\u00f5i 18:00.<\/li>\n<li>Ligip\u00e4\u00e4setav ratastooliga.<\/li>\n<li>Kestus: 4-5 tundi.<\/li>\n<\/ul>\n<p><strong>Broneeri n\u00fc\u00fcd ja maksa hiljem:<\/strong><\/p>\n<ul>\n<li>Sularaha kohapeal juhile.<\/li>\n<li>Maksmine Egiptuse naelades, $, \u20ac v\u00f5i \u00a3.<\/li>\n<\/ul>\n<p><strong>T\u00fchistamispoliitika:<\/strong><\/p>\n<ul>\n<li>t\u00fchistate kuni 24 tundi ette.<\/li>\n<li>Kui keegi teie perekonnast t\u00fchistab hommikul, maksab 50% kuludest.<\/li>\n<\/ul>\n<p><strong>Mis on lisatud?<\/strong><\/p>\n<ul>\n<li>Transfeer Sahl Hasheesh Hotels &#8220;Hotel pick up and drop off&#8221;.<\/li>\n<li>K\u00f5ik maksud, sissep\u00e4\u00e4sutasud ja k\u00e4itlemistasud.<\/li>\n<li>Mineraalvesi + Cola.<\/li>\n<li>\u00fcks snorgeldamiskoht.<\/li>\n<li>Snorkeldamisvarustus &#8220;Maskid ja ujumisriistad&#8221;.<\/li>\n<li>2-5 tundi <strong>Paradise<\/strong> <strong>Islandi<\/strong> <strong>rannas<\/strong>.<\/li>\n<\/ul>\n<p><strong>V\u00e4ljaarvamised?<\/strong><\/p>\n<ul>\n<li>Jootraha.<\/li>\n<li>Drinks in Paradise Restaurant Island.<\/li>\n<li>K\u00f5ik lisad, mida ei ole mainitud.<\/li>\n<\/ul>\n<p><strong>Hinnad:<\/strong><\/p>\n<ul>\n<li>Kiirlaeva rentimine Paradiisisaarele koos piletitega &#8220;2 inimest&#8221; ja transfeer = 220$<\/li>\n<li>Kiirlaeva rentimine Paradiisisaarele koos piletitega &#8220;2 inimest&#8221;, snorgeldamine ja transfeer = 270$<\/li>\n<li><strong>Kuni 2 inimest lisapilet = 5$ inimese kohta.<\/strong><\/li>\n<\/ul>\n<p><strong>Arvustused:<\/strong><\/p>\n<p>vaadata meie Google Map Arvamused kui parim <a href=\"https:\/\/g.page\/r\/CUeYvkngP3wkEBM\/review\">reisikorraldaja Hurghada<\/a> online <a href=\"https:\/\/hurghadalovers.com\/\">Hurghada<\/a> Egiptus.<\/p>\n<p><strong>Broneerimine:<\/strong><\/p>\n<p>Saada hotell + toa number + fotopassid WhatsAppi: <strong>+201112596434<\/strong><\/p>\n<p>Kui te v\u00e4lja Egiptus Broneerimine n\u00fc\u00fcd online ja kinnitada, kui saabumine Hotel.<\/p>\n<p>&nbsp;<\/p>\n<p>&nbsp;<\/p>\n","protected":false},"excerpt":{"rendered":"<p><strong>Sahl Hasheesh<\/strong> <strong>kiirpaadi rentimine Paradise Islandile<\/strong> | Privaatsed luksuslikud kiirpaadid koos piletite, snorkeldamise ja transfeeriga. <span style=\"color: #008080;\">K\u00f5ige ilusamad Sahl Hasheeshi <strong>peres\u00f5bralikud tegevused<\/strong><\/span><\/p>\n","protected":false},"featured_media":391537,"template":"","meta":{"_joinchat":[]},"product_brand":[],"product_cat":[36652],"product_tag":[53765,53819,53844,53759,53832,53838,53815,53847,53811,53835,53747,49883,53841,53733,53737,53745,53804,53850,53823,53703,53808,53827,53741],"class_list":{"0":"post-391749","1":"product","2":"type-product","3":"status-publish","4":"has-post-thumbnail","6":"product_cat-ekskursioonid","7":"product_tag-asjad-mida-teha-koos-imikutega-sahl-hasheeshist","8":"product_tag-delfiinimaja-sahl-hasheesh","9":"product_tag-erapaat-sahl-hasheesh","10":"product_tag-family-fun-kohad-alates-sahl-hasheesh","11":"product_tag-giftuni-saar-sahl-hasheesh","12":"product_tag-kiirlaev-sahl-hasheesh","13":"product_tag-orange-bay-island-sahl-hasheesh-et","14":"product_tag-paadilaenutus-sahl-hasheesh","15":"product_tag-paradiisisaar-sahl-hasheesh","16":"product_tag-piraadipaat-sahl-hasheesh","17":"product_tag-romantilised-asjad-mida-teha-sahl-hasheeshis","18":"product_tag-romantilised-tegevused-paaridele-sahl-hasheeshis","19":"product_tag-sahl-hasheesh-boat-charters-et","20":"product_tag-sahl-hasheesh-mida-teha","21":"product_tag-sahl-hasheesh-paevased-ekskursioonid","22":"product_tag-sahl-hasheesh-romantilised-ekskursioonid","23":"product_tag-sahl-hasheesh-snorkeling-valjasoidud","24":"product_tag-sahl-hasheeshi-erapaadiretk","25":"product_tag-sahl-hasheeshi-paadiretked","26":"product_tag-sahl-hasheeshi-paevareisid","27":"product_tag-sukeldumine-sahl-hasheesh","28":"product_tag-ujumine-delfiinidega-sahl-hasheeshis","29":"product_tag-vaatamisvaarsused-sahl-hasheeshis","30":"tour_category-sahl-hasheesh-ekskursioonid","31":"tour_category-sahl-hasheesh-snorkeling-valjasoidud","33":"first","34":"instock","35":"sale","36":"shipping-taxable","37":"purchasable","38":"product-type-tour"},"yoast_head":"<!-- This site is optimized with the Yoast SEO Premium plugin v26.9 (Yoast SEO v27.2) - https:\/\/yoast.com\/product\/yoast-seo-premium-wordpress\/ -->\n<title>Sahl Hasheesh Kiirlaeva rentimine Paradiisisaarele<\/title>\n<meta name=\"description\" content=\"Sahl Hasheesh kiirpaadi rentimine Paradise Islandile | Privaatsed luksuslikud kiirpaadid koos piletite, snorkeldamise ja transfeeriga. Ilusad peres\u00f5bralikud tegevused\" \/>\n<meta name=\"robots\" content=\"index, follow, max-snippet:-1, max-image-preview:large, max-video-preview:-1\" \/>\n<link rel=\"canonical\" href=\"https:\/\/hurghadalovers.com\/et\/tours\/sahl-hasheesh-kiirlaevade-uurimine-paradiisisaarele\/\" \/>\n<meta property=\"og:locale\" content=\"et_EE\" \/>\n<meta property=\"og:type\" content=\"article\" \/>\n<meta property=\"og:title\" content=\"Sahl Hasheesh Kiirlaeva rentimine Paradiisisaarele\" \/>\n<meta property=\"og:description\" content=\"Sahl Hasheesh kiirpaadi rentimine Paradise Islandile | Privaatsed luksuslikud kiirpaadid koos piletite, snorkeldamise ja transfeeriga. Ilusad peres\u00f5bralikud tegevused\" \/>\n<meta property=\"og:url\" content=\"https:\/\/hurghadalovers.com\/et\/tours\/sahl-hasheesh-kiirlaevade-uurimine-paradiisisaarele\/\" \/>\n<meta property=\"og:site_name\" content=\"Hurghada Excursions &amp; Day Trips | Booking Best Prices Tours\" \/>\n<meta property=\"article:publisher\" content=\"https:\/\/www.facebook.com\/Hurghadaloversegypt\" \/>\n<meta property=\"article:modified_time\" content=\"2026-01-23T01:00:01+00:00\" \/>\n<meta property=\"og:image\" content=\"https:\/\/hurghadalovers.com\/wp-content\/uploads\/2023\/08\/Sahl-Hasheesh-Speedboat-Rental-to-Paradise-Island.jpeg\" \/>\n\t<meta property=\"og:image:width\" content=\"1156\" \/>\n\t<meta property=\"og:image:height\" content=\"867\" \/>\n\t<meta property=\"og:image:type\" content=\"image\/jpeg\" \/>\n<meta name=\"twitter:card\" content=\"summary_large_image\" \/>\n<meta name=\"twitter:label1\" content=\"Price\" \/>\n\t<meta name=\"twitter:data1\" content=\"&euro;&nbsp;220\" \/>\n\t<meta name=\"twitter:label2\" content=\"Availability\" \/>\n\t<meta name=\"twitter:data2\" content=\"In stock\" \/>\n<script type=\"application\/ld+json\" class=\"yoast-schema-graph\">{\"@context\":\"https:\/\/schema.org\",\"@graph\":[{\"@type\":[\"WebPage\",\"ItemPage\"],\"@id\":\"https:\/\/hurghadalovers.com\/et\/tours\/sahl-hasheesh-kiirlaevade-uurimine-paradiisisaarele\/\",\"url\":\"https:\/\/hurghadalovers.com\/et\/tours\/sahl-hasheesh-kiirlaevade-uurimine-paradiisisaarele\/\",\"name\":\"Sahl Hasheesh Kiirlaeva rentimine Paradiisisaarele\",\"isPartOf\":{\"@id\":\"https:\/\/hurghadalovers.com\/et\/#website\"},\"primaryImageOfPage\":{\"@id\":\"https:\/\/hurghadalovers.com\/et\/tours\/sahl-hasheesh-kiirlaevade-uurimine-paradiisisaarele\/#primaryimage\"},\"image\":{\"@id\":\"https:\/\/hurghadalovers.com\/et\/tours\/sahl-hasheesh-kiirlaevade-uurimine-paradiisisaarele\/#primaryimage\"},\"thumbnailUrl\":\"https:\/\/hurghadalovers.com\/wp-content\/uploads\/2023\/08\/Sahl-Hasheesh-Speedboat-Rental-to-Paradise-Island.jpeg\",\"datePublished\":\"2023-08-31T19:22:07+00:00\",\"dateModified\":\"2026-01-23T01:00:01+00:00\",\"description\":\"Sahl Hasheesh kiirpaadi rentimine Paradise Islandile | Privaatsed luksuslikud kiirpaadid koos piletite, snorkeldamise ja transfeeriga. Ilusad peres\u00f5bralikud tegevused\",\"breadcrumb\":{\"@id\":\"https:\/\/hurghadalovers.com\/et\/tours\/sahl-hasheesh-kiirlaevade-uurimine-paradiisisaarele\/#breadcrumb\"},\"inLanguage\":\"et\",\"potentialAction\":[{\"@type\":\"ReadAction\",\"target\":[\"https:\/\/hurghadalovers.com\/et\/tours\/sahl-hasheesh-kiirlaevade-uurimine-paradiisisaarele\/\"]}]},{\"@type\":\"ImageObject\",\"inLanguage\":\"et\",\"@id\":\"https:\/\/hurghadalovers.com\/et\/tours\/sahl-hasheesh-kiirlaevade-uurimine-paradiisisaarele\/#primaryimage\",\"url\":\"https:\/\/hurghadalovers.com\/wp-content\/uploads\/2023\/08\/Sahl-Hasheesh-Speedboat-Rental-to-Paradise-Island.jpeg\",\"contentUrl\":\"https:\/\/hurghadalovers.com\/wp-content\/uploads\/2023\/08\/Sahl-Hasheesh-Speedboat-Rental-to-Paradise-Island.jpeg\",\"width\":1156,\"height\":867,\"caption\":\"Sahl Hasheesh Kiirlaeva rentimine Paradiisisaarele\"},{\"@type\":\"BreadcrumbList\",\"@id\":\"https:\/\/hurghadalovers.com\/et\/tours\/sahl-hasheesh-kiirlaevade-uurimine-paradiisisaarele\/#breadcrumb\",\"itemListElement\":[{\"@type\":\"ListItem\",\"position\":1,\"name\":\"Home\",\"item\":\"https:\/\/hurghadalovers.com\/et\/\"},{\"@type\":\"ListItem\",\"position\":2,\"name\":\"Shop\",\"item\":\"https:\/\/hurghadalovers.com\/et\/shop\/\"},{\"@type\":\"ListItem\",\"position\":3,\"name\":\"Sahl Hasheesh Kiirlaeva rentimine Paradiisisaarele\"}]},{\"@type\":\"WebSite\",\"@id\":\"https:\/\/hurghadalovers.com\/et\/#website\",\"url\":\"https:\/\/hurghadalovers.com\/et\/\",\"name\":\"Hurghada Excursions & Day Trips | Booking Best Prices Tours\",\"description\":\"Hurghada Lovers - Best Tour Operator - Excursions &amp; Things to do for Family Day Trips with kids and Couples Romantic. Unique .Hidden gems\",\"publisher\":{\"@id\":\"https:\/\/hurghadalovers.com\/et\/#organization\"},\"alternateName\":\"Hurghada Excursions\",\"potentialAction\":[{\"@type\":\"SearchAction\",\"target\":{\"@type\":\"EntryPoint\",\"urlTemplate\":\"https:\/\/hurghadalovers.com\/et\/?s={search_term_string}\"},\"query-input\":{\"@type\":\"PropertyValueSpecification\",\"valueRequired\":true,\"valueName\":\"search_term_string\"}}],\"inLanguage\":\"et\"},{\"@type\":[\"Organization\",\"Place\",\"TravelAgency\"],\"@id\":\"https:\/\/hurghadalovers.com\/et\/#organization\",\"name\":\"Hurghada Excursions\",\"url\":\"https:\/\/hurghadalovers.com\/et\/\",\"logo\":{\"@id\":\"https:\/\/hurghadalovers.com\/et\/tours\/sahl-hasheesh-kiirlaevade-uurimine-paradiisisaarele\/#local-main-organization-logo\"},\"image\":{\"@id\":\"https:\/\/hurghadalovers.com\/et\/tours\/sahl-hasheesh-kiirlaevade-uurimine-paradiisisaarele\/#local-main-organization-logo\"},\"sameAs\":[\"https:\/\/www.facebook.com\/Hurghadaloversegypt\"],\"address\":{\"@id\":\"https:\/\/hurghadalovers.com\/et\/tours\/sahl-hasheesh-kiirlaevade-uurimine-paradiisisaarele\/#local-main-place-address\"},\"telephone\":[\"00201112596434\"],\"contactPoint\":{\"@type\":\"ContactPoint\",\"telephone\":\"00201112596434\",\"email\":\"weyouface@gmail.com\"},\"openingHoursSpecification\":{\"@type\":\"OpeningHoursSpecification\",\"dayOfWeek\":[\"Monday\",\"Tuesday\",\"Wednesday\",\"Thursday\",\"Friday\",\"Saturday\",\"Sunday\"],\"opens\":\"00:00\",\"closes\":\"23:59\"},\"email\":\"weyouface@gmail.com\",\"areaServed\":\"Luxor, Hurghada, El Gouna, Aswan, Sharm El Sheikh, Giza, Alexandria, Marsa Alam, Quseir, Soma Bay, Sahl Hasheesh, Red Sea, Makadi Bay, Cairo\",\"priceRange\":\"$\",\"currenciesAccepted\":\"euro\",\"paymentAccepted\":\"cash on site\"},{\"@type\":\"PostalAddress\",\"@id\":\"https:\/\/hurghadalovers.com\/et\/tours\/sahl-hasheesh-kiirlaevade-uurimine-paradiisisaarele\/#local-main-place-address\",\"streetAddress\":\"17 Banks street, Alkawther area, top nbk bank\",\"addressLocality\":\"hurghada\",\"postalCode\":\"84511\",\"addressRegion\":\"red sea\",\"addressCountry\":\"EG\"},{\"@type\":\"ImageObject\",\"inLanguage\":\"et\",\"@id\":\"https:\/\/hurghadalovers.com\/et\/tours\/sahl-hasheesh-kiirlaevade-uurimine-paradiisisaarele\/#local-main-organization-logo\",\"url\":\"https:\/\/hurghadalovers.com\/wp-content\/uploads\/2019\/10\/hurghada-excursions-logo.png\",\"contentUrl\":\"https:\/\/hurghadalovers.com\/wp-content\/uploads\/2019\/10\/hurghada-excursions-logo.png\",\"width\":272,\"height\":90,\"caption\":\"Hurghada Excursions\"}]}<\/script>\n<meta property=\"product:brand\" content=\"Ekskursioonid in Sahl Hasheesh\" \/>\n<meta property=\"product:price:amount\" content=\"220\" \/>\n<meta property=\"product:price:currency\" content=\"EUR\" \/>\n<meta property=\"og:availability\" content=\"instock\" \/>\n<meta property=\"product:availability\" content=\"instock\" \/>\n<meta property=\"product:retailer_item_id\" content=\"Sahl442024\" \/>\n<meta property=\"product:condition\" content=\"new\" \/>\n<meta name=\"geo.placename\" content=\"hurghada\" \/>\n<meta name=\"geo.region\" content=\"Egypt\" \/>\n<!-- \/ Yoast SEO Premium plugin. -->","yoast_head_json":{"title":"Sahl Hasheesh Kiirlaeva rentimine Paradiisisaarele","description":"Sahl Hasheesh kiirpaadi rentimine Paradise Islandile | Privaatsed luksuslikud kiirpaadid koos piletite, snorkeldamise ja transfeeriga. Ilusad peres\u00f5bralikud tegevused","robots":{"index":"index","follow":"follow","max-snippet":"max-snippet:-1","max-image-preview":"max-image-preview:large","max-video-preview":"max-video-preview:-1"},"canonical":"https:\/\/hurghadalovers.com\/et\/tours\/sahl-hasheesh-kiirlaevade-uurimine-paradiisisaarele\/","og_locale":"et_EE","og_type":"article","og_title":"Sahl Hasheesh Kiirlaeva rentimine Paradiisisaarele","og_description":"Sahl Hasheesh kiirpaadi rentimine Paradise Islandile | Privaatsed luksuslikud kiirpaadid koos piletite, snorkeldamise ja transfeeriga. Ilusad peres\u00f5bralikud tegevused","og_url":"https:\/\/hurghadalovers.com\/et\/tours\/sahl-hasheesh-kiirlaevade-uurimine-paradiisisaarele\/","og_site_name":"Hurghada Excursions &amp; Day Trips | Booking Best Prices Tours","article_publisher":"https:\/\/www.facebook.com\/Hurghadaloversegypt","article_modified_time":"2026-01-23T01:00:01+00:00","og_image":[{"width":1156,"height":867,"url":"https:\/\/hurghadalovers.com\/wp-content\/uploads\/2023\/08\/Sahl-Hasheesh-Speedboat-Rental-to-Paradise-Island.jpeg","type":"image\/jpeg"}],"twitter_card":"summary_large_image","twitter_misc":{"Price":"&euro;&nbsp;220","Availability":"In stock"},"schema":{"@context":"https:\/\/schema.org","@graph":[{"@type":["WebPage","ItemPage"],"@id":"https:\/\/hurghadalovers.com\/et\/tours\/sahl-hasheesh-kiirlaevade-uurimine-paradiisisaarele\/","url":"https:\/\/hurghadalovers.com\/et\/tours\/sahl-hasheesh-kiirlaevade-uurimine-paradiisisaarele\/","name":"Sahl Hasheesh Kiirlaeva rentimine Paradiisisaarele","isPartOf":{"@id":"https:\/\/hurghadalovers.com\/et\/#website"},"primaryImageOfPage":{"@id":"https:\/\/hurghadalovers.com\/et\/tours\/sahl-hasheesh-kiirlaevade-uurimine-paradiisisaarele\/#primaryimage"},"image":{"@id":"https:\/\/hurghadalovers.com\/et\/tours\/sahl-hasheesh-kiirlaevade-uurimine-paradiisisaarele\/#primaryimage"},"thumbnailUrl":"https:\/\/hurghadalovers.com\/wp-content\/uploads\/2023\/08\/Sahl-Hasheesh-Speedboat-Rental-to-Paradise-Island.jpeg","datePublished":"2023-08-31T19:22:07+00:00","dateModified":"2026-01-23T01:00:01+00:00","description":"Sahl Hasheesh kiirpaadi rentimine Paradise Islandile | Privaatsed luksuslikud kiirpaadid koos piletite, snorkeldamise ja transfeeriga. Ilusad peres\u00f5bralikud tegevused","breadcrumb":{"@id":"https:\/\/hurghadalovers.com\/et\/tours\/sahl-hasheesh-kiirlaevade-uurimine-paradiisisaarele\/#breadcrumb"},"inLanguage":"et","potentialAction":[{"@type":"ReadAction","target":["https:\/\/hurghadalovers.com\/et\/tours\/sahl-hasheesh-kiirlaevade-uurimine-paradiisisaarele\/"]}]},{"@type":"ImageObject","inLanguage":"et","@id":"https:\/\/hurghadalovers.com\/et\/tours\/sahl-hasheesh-kiirlaevade-uurimine-paradiisisaarele\/#primaryimage","url":"https:\/\/hurghadalovers.com\/wp-content\/uploads\/2023\/08\/Sahl-Hasheesh-Speedboat-Rental-to-Paradise-Island.jpeg","contentUrl":"https:\/\/hurghadalovers.com\/wp-content\/uploads\/2023\/08\/Sahl-Hasheesh-Speedboat-Rental-to-Paradise-Island.jpeg","width":1156,"height":867,"caption":"Sahl Hasheesh Kiirlaeva rentimine Paradiisisaarele"},{"@type":"BreadcrumbList","@id":"https:\/\/hurghadalovers.com\/et\/tours\/sahl-hasheesh-kiirlaevade-uurimine-paradiisisaarele\/#breadcrumb","itemListElement":[{"@type":"ListItem","position":1,"name":"Home","item":"https:\/\/hurghadalovers.com\/et\/"},{"@type":"ListItem","position":2,"name":"Shop","item":"https:\/\/hurghadalovers.com\/et\/shop\/"},{"@type":"ListItem","position":3,"name":"Sahl Hasheesh Kiirlaeva rentimine Paradiisisaarele"}]},{"@type":"WebSite","@id":"https:\/\/hurghadalovers.com\/et\/#website","url":"https:\/\/hurghadalovers.com\/et\/","name":"Hurghada Excursions & Day Trips | Booking Best Prices Tours","description":"Hurghada Lovers - Best Tour Operator - Excursions &amp; Things to do for Family Day Trips with kids and Couples Romantic. Unique .Hidden gems","publisher":{"@id":"https:\/\/hurghadalovers.com\/et\/#organization"},"alternateName":"Hurghada Excursions","potentialAction":[{"@type":"SearchAction","target":{"@type":"EntryPoint","urlTemplate":"https:\/\/hurghadalovers.com\/et\/?s={search_term_string}"},"query-input":{"@type":"PropertyValueSpecification","valueRequired":true,"valueName":"search_term_string"}}],"inLanguage":"et"},{"@type":["Organization","Place","TravelAgency"],"@id":"https:\/\/hurghadalovers.com\/et\/#organization","name":"Hurghada Excursions","url":"https:\/\/hurghadalovers.com\/et\/","logo":{"@id":"https:\/\/hurghadalovers.com\/et\/tours\/sahl-hasheesh-kiirlaevade-uurimine-paradiisisaarele\/#local-main-organization-logo"},"image":{"@id":"https:\/\/hurghadalovers.com\/et\/tours\/sahl-hasheesh-kiirlaevade-uurimine-paradiisisaarele\/#local-main-organization-logo"},"sameAs":["https:\/\/www.facebook.com\/Hurghadaloversegypt"],"address":{"@id":"https:\/\/hurghadalovers.com\/et\/tours\/sahl-hasheesh-kiirlaevade-uurimine-paradiisisaarele\/#local-main-place-address"},"telephone":["00201112596434"],"contactPoint":{"@type":"ContactPoint","telephone":"00201112596434","email":"weyouface@gmail.com"},"openingHoursSpecification":{"@type":"OpeningHoursSpecification","dayOfWeek":["Monday","Tuesday","Wednesday","Thursday","Friday","Saturday","Sunday"],"opens":"00:00","closes":"23:59"},"email":"weyouface@gmail.com","areaServed":"Luxor, Hurghada, El Gouna, Aswan, Sharm El Sheikh, Giza, Alexandria, Marsa Alam, Quseir, Soma Bay, Sahl Hasheesh, Red Sea, Makadi Bay, Cairo","priceRange":"$","currenciesAccepted":"euro","paymentAccepted":"cash on site"},{"@type":"PostalAddress","@id":"https:\/\/hurghadalovers.com\/et\/tours\/sahl-hasheesh-kiirlaevade-uurimine-paradiisisaarele\/#local-main-place-address","streetAddress":"17 Banks street, Alkawther area, top nbk bank","addressLocality":"hurghada","postalCode":"84511","addressRegion":"red sea","addressCountry":"EG"},{"@type":"ImageObject","inLanguage":"et","@id":"https:\/\/hurghadalovers.com\/et\/tours\/sahl-hasheesh-kiirlaevade-uurimine-paradiisisaarele\/#local-main-organization-logo","url":"https:\/\/hurghadalovers.com\/wp-content\/uploads\/2019\/10\/hurghada-excursions-logo.png","contentUrl":"https:\/\/hurghadalovers.com\/wp-content\/uploads\/2019\/10\/hurghada-excursions-logo.png","width":272,"height":90,"caption":"Hurghada Excursions"}]},"product_brand":"Ekskursioonid in Sahl Hasheesh","product_price_amount":"220","product_price_currency":"EUR","og_availability":"instock","product_availability":"instock","product_retailer_item_id":"Sahl442024","product_condition":"new","geo.placename":"hurghada","geo.region":"Egypt"},"_links":{"self":[{"href":"https:\/\/hurghadalovers.com\/et\/wp-json\/wp\/v2\/product\/391749","targetHints":{"allow":["GET"]}}],"collection":[{"href":"https:\/\/hurghadalovers.com\/et\/wp-json\/wp\/v2\/product"}],"about":[{"href":"https:\/\/hurghadalovers.com\/et\/wp-json\/wp\/v2\/types\/product"}],"wp:featuredmedia":[{"embeddable":true,"href":"https:\/\/hurghadalovers.com\/et\/wp-json\/wp\/v2\/media\/391537"}],"wp:attachment":[{"href":"https:\/\/hurghadalovers.com\/et\/wp-json\/wp\/v2\/media?parent=391749"}],"wp:term":[{"taxonomy":"product_brand","embeddable":true,"href":"https:\/\/hurghadalovers.com\/et\/wp-json\/wp\/v2\/product_brand?post=391749"},{"taxonomy":"product_cat","embeddable":true,"href":"https:\/\/hurghadalovers.com\/et\/wp-json\/wp\/v2\/product_cat?post=391749"},{"taxonomy":"product_tag","embeddable":true,"href":"https:\/\/hurghadalovers.com\/et\/wp-json\/wp\/v2\/product_tag?post=391749"}],"curies":[{"name":"wp","href":"https:\/\/api.w.org\/{rel}","templated":true}]}}