{"id":391407,"date":"2023-08-31T18:20:00","date_gmt":"2023-08-31T18:22:52","guid":{"rendered":"https:\/\/hurghadalovers.com\/shop\/maaratlemata\/piraadid-purjepaat-orange-bay-island-alates-sahl-hasheesh\/"},"modified":"2026-02-09T08:10:53","modified_gmt":"2026-02-09T08:10:53","slug":"piraadid-purjekas-purjekas-purjekas-oranzile-saarele-sahl-hasheesh","status":"publish","type":"product","link":"https:\/\/hurghadalovers.com\/et\/tours\/piraadid-purjekas-purjekas-purjekas-oranzile-saarele-sahl-hasheesh\/","title":{"rendered":"Piraadid Purjepaat Orange Bay Island alates Sahl Hasheesh"},"content":{"rendered":"<p><strong>Piraatide purjepaat <\/strong><strong>Sahl Hasheeshist<\/strong> <strong>Orange Bay saarele <\/strong> koos VIP-l\u00f5unas\u00f6\u00f6giga.<\/p>\n<p>Kui otsite k\u00f5ige  <strong>luksuslik purjekas<\/strong>, et veeta eriline terve p\u00e4ev ja nautida rohkem  <strong>privaatsus<\/strong>, heaolu ja  <strong>luksus<\/strong>, s\u00fc\u00fca k\u00f5ige ilusamaid maitsvaid toite, krevette ja mereande, ujuda k\u00f5ige ilusama  <strong>korallrahu kohapeal<\/strong> ja minna k\u00f5ige ilusamad rannad  <strong>Giftun Island<\/strong>, liitu meiega n\u00fc\u00fcd&#8230;<\/p>\n<p style=\"text-align: center;\"><span style=\"color: #008000;\">K\u00f5ige ilusam Sahl Hasheesh <strong>Peres\u00f5bralikud tegevused<\/strong>, <strong>Asjad, mida teha koos lastega<\/strong>, pension\u00e4rid, <strong>mesin\u00e4dalad<\/strong> ja <strong>paar<\/strong>.<\/span><\/p>\n<p>&nbsp;<\/p>\n<p><strong>T\u00e4hts\u00fcndmused:<\/strong><\/p>\n<ul>\n<li>\u00dcks koht Snorkeling House Reef.<\/li>\n<li>1 tund Orange Bay Islandi rannas.<\/li>\n<\/ul>\n<p><strong>Piraadid Purjepaat Orange Bay Island alates <\/strong><strong>Sahl Hasheesh<\/strong> <strong>\u00dcksikasjad:<\/strong><\/p>\n<ul>\n<li>Ringk\u00e4igu k\u00e4ttesaadavus: Iga p\u00e4ev.<\/li>\n<li>Ekskursiooni t\u00fc\u00fcp: Grupp.<\/li>\n<li>Kohalej\u00f5udmise aeg: Alates 07:30 hommikul.<\/li>\n<li>V\u00e4ljas\u00f5idu aeg: 15:00.<\/li>\n<li>Ligip\u00e4\u00e4setav ratastooliga.<\/li>\n<li>Kestus: Kestus: 6 tundi.<\/li>\n<\/ul>\n<p><strong>Broneeri n\u00fc\u00fcd ja maksa hiljem:<\/strong><\/p>\n<ul>\n<li>Sularaha kohapeal juhile.<\/li>\n<li>Maksmine Egiptuse naelades, $, \u20ac v\u00f5i \u00a3.<\/li>\n<\/ul>\n<p><strong>T\u00fchistamispoliitika:<\/strong><\/p>\n<ul>\n<li>t\u00fchistate kuni 24 tundi ette.<\/li>\n<li>Kui keegi teie perekonnast t\u00fchistab hommikul, maksab 50% kuludest.<\/li>\n<\/ul>\n<p><strong>Mis on lisatud?<\/strong><\/p>\n<ul>\n<li>Transfeer Sahl Hasheesh Hotels &#8220;Hotel pick up and drop off&#8221;.<\/li>\n<li>K\u00f5ik maksud, sissep\u00e4\u00e4sutasud ja k\u00e4itlemistasud.<\/li>\n<li>Reisijuht.<\/li>\n<li>Mineraalvesi + Cola + piim + kohv\/tee.<\/li>\n<li>1 snorgeldamiskoht.<\/li>\n<li>Snorkeldamisvarustus &#8220;Maskid ja ujumisriistad&#8221;.<\/li>\n<li>1 tund <strong>Orange Bay Islandi<\/strong> <strong>rannas<\/strong>.<\/li>\n<li>VIP-buffet l\u00f5unas\u00f6\u00f6k laeval &#8220;Meresupp \/ 3 t\u00fc\u00fcpi v\u00e4rsket salatit \/ riis, pasta, kartul \/ krevetid, kalamarid, kala, kana ja kofta \/ hooajalised v\u00e4rsked puuviljad&#8221;.<\/li>\n<li>P\u00e4\u00e4stevestid.<\/li>\n<\/ul>\n<p><strong>V\u00e4ljaarvamised?<\/strong><\/p>\n<ul>\n<li>Jootraha.<\/li>\n<li>Joogid restoranis The Orange Bay Island.<\/li>\n<li>Fotograafia ja fotod reisi jaoks.<\/li>\n<li>Pakume rentida ujumisriided ja ujumisriided naistele, meestele, lastele k\u00f5ik suurused &#8221; 5$ \u00fche kohta&#8221;.<\/li>\n<li>K\u00f5ik lisad, mida ei ole mainitud.<\/li>\n<\/ul>\n<p><strong>Hinnad:<\/strong><\/p>\n<ul>\n<li><strong>T\u00e4iskasvanute hind = 90$ inimese kohta<\/strong>.<\/li>\n<li>Hind lastele &#8220;3-10&#8221; = 50%.<\/li>\n<li>lastele &#8220;0-3&#8221; = tasuta.<\/li>\n<\/ul>\n<p><strong>Arvustused:<\/strong><\/p>\n<p>vaadata meie Google Map Arvamused kui parim <a href=\"https:\/\/g.page\/r\/CUeYvkngP3wkEBM\/review\">reisikorraldaja Hurghada<\/a> online <a href=\"https:\/\/hurghadalovers.com\/\">Hurghada<\/a> Egiptus.<\/p>\n<p><strong>Broneerimine:<\/strong><\/p>\n<p>Saada hotell + toa number + fotopassid WhatsAppi: <strong>+201112596434<\/strong><\/p>\n<p>Kui te v\u00e4lja Egiptus Broneerimine n\u00fc\u00fcd online ja kinnitada, kui saabumine Hotel.<\/p>\n<p>&nbsp;<\/p>\n<p>&nbsp;<\/p>\n","protected":false},"excerpt":{"rendered":"<p><strong>Piraatide purjepaat <\/strong><strong>Sahl Hasheeshist<\/strong> <strong>Orange Bay saarele <\/strong> koos VIP-l\u00f5unas\u00f6\u00f6giga. Kui otsite k\u00f5ige <strong>luksuslikumat purjekat<\/strong>, et veeta eriline terve p\u00e4ev<\/p>\n","protected":false},"featured_media":391212,"template":"","meta":{"_joinchat":[]},"product_brand":[],"product_cat":[36652],"product_tag":[53819,53844,53832,53838,49873,53768,53815,53847,49888,49878,53811,53650,53835,53841,53804,53850,53823,53808,49893,49866,53827],"class_list":{"0":"post-391407","1":"product","2":"type-product","3":"status-publish","4":"has-post-thumbnail","6":"product_cat-ekskursioonid","7":"product_tag-delfiinimaja-sahl-hasheesh","8":"product_tag-erapaat-sahl-hasheesh","9":"product_tag-giftuni-saar-sahl-hasheesh","10":"product_tag-kiirlaev-sahl-hasheesh","11":"product_tag-kohad-mida-kulastada-sahl-hasheeshis","12":"product_tag-odavad-perepaevad-sahl-hasheeshist-valja","13":"product_tag-orange-bay-island-sahl-hasheesh-et","14":"product_tag-paadilaenutus-sahl-hasheesh","15":"product_tag-paaride-siseuritused-sahl-hasheeshis","16":"product_tag-paevased-ekskursioonid-sahl-hasheeshist","17":"product_tag-paradiisisaar-sahl-hasheesh","18":"product_tag-perekondlikud-asjad-mida-teha-sahl-hasheeshist-alates","19":"product_tag-piraadipaat-sahl-hasheesh","20":"product_tag-sahl-hasheesh-boat-charters-et","21":"product_tag-sahl-hasheesh-snorkeling-valjasoidud","22":"product_tag-sahl-hasheeshi-erapaadiretk","23":"product_tag-sahl-hasheeshi-paadiretked","24":"product_tag-sukeldumine-sahl-hasheesh","25":"product_tag-tegevused-2-aastastele-lastele-alates-sahl-hasheeshist","26":"product_tag-uhepaevareisid-sahl-hasheeshist","27":"product_tag-ujumine-delfiinidega-sahl-hasheeshis","28":"tour_category-sahl-hasheesh-ekskursioonid","29":"tour_category-sahl-hasheesh-snorkeling-valjasoidud","31":"first","32":"instock","33":"sale","34":"shipping-taxable","35":"purchasable","36":"product-type-tour"},"yoast_head":"<!-- This site is optimized with the Yoast SEO Premium plugin v26.9 (Yoast SEO v27.2) - https:\/\/yoast.com\/product\/yoast-seo-premium-wordpress\/ -->\n<title>Piraadid Purjepaat Orange Bay Island alates Sahl Hasheesh<\/title>\n<meta name=\"description\" content=\"Piraatide purjepaat Sahl Hasheeshist Orange Bay saarele koos VIP-l\u00f5unas\u00f6\u00f6giga. Kui otsite k\u00f5ige luksuslikumat purjekat, et veeta eriline terve p\u00e4ev\" \/>\n<meta name=\"robots\" content=\"index, follow, max-snippet:-1, max-image-preview:large, max-video-preview:-1\" \/>\n<link rel=\"canonical\" href=\"https:\/\/hurghadalovers.com\/et\/tours\/piraadid-purjekas-purjekas-purjekas-oranzile-saarele-sahl-hasheesh\/\" \/>\n<meta property=\"og:locale\" content=\"et_EE\" \/>\n<meta property=\"og:type\" content=\"article\" \/>\n<meta property=\"og:title\" content=\"Piraadid Purjepaat Orange Bay Island alates Sahl Hasheesh\" \/>\n<meta property=\"og:description\" content=\"Piraatide purjepaat Sahl Hasheeshist Orange Bay saarele koos VIP-l\u00f5unas\u00f6\u00f6giga. Kui otsite k\u00f5ige luksuslikumat purjekat, et veeta eriline terve p\u00e4ev\" \/>\n<meta property=\"og:url\" content=\"https:\/\/hurghadalovers.com\/et\/tours\/piraadid-purjekas-purjekas-purjekas-oranzile-saarele-sahl-hasheesh\/\" \/>\n<meta property=\"og:site_name\" content=\"Hurghada Excursions &amp; Day Trips | Booking Best Prices Tours\" \/>\n<meta property=\"article:publisher\" content=\"https:\/\/www.facebook.com\/Hurghadaloversegypt\" \/>\n<meta property=\"article:modified_time\" content=\"2026-02-09T08:10:53+00:00\" \/>\n<meta property=\"og:image\" content=\"https:\/\/hurghadalovers.com\/wp-content\/uploads\/2023\/08\/Pirates-Sailing-Boat-to-Orange-bay-Island-from-Sahl-Hasheesh.jpeg\" \/>\n\t<meta property=\"og:image:width\" content=\"1156\" \/>\n\t<meta property=\"og:image:height\" content=\"867\" \/>\n\t<meta property=\"og:image:type\" content=\"image\/jpeg\" \/>\n<meta name=\"twitter:card\" content=\"summary_large_image\" \/>\n<meta name=\"twitter:label1\" content=\"Price\" \/>\n\t<meta name=\"twitter:data1\" content=\"&euro;&nbsp;90\" \/>\n\t<meta name=\"twitter:label2\" content=\"Availability\" \/>\n\t<meta name=\"twitter:data2\" content=\"In stock\" \/>\n<script type=\"application\/ld+json\" class=\"yoast-schema-graph\">{\"@context\":\"https:\/\/schema.org\",\"@graph\":[{\"@type\":[\"WebPage\",\"ItemPage\"],\"@id\":\"https:\/\/hurghadalovers.com\/et\/tours\/piraadid-purjekas-purjekas-purjekas-oranzile-saarele-sahl-hasheesh\/\",\"url\":\"https:\/\/hurghadalovers.com\/et\/tours\/piraadid-purjekas-purjekas-purjekas-oranzile-saarele-sahl-hasheesh\/\",\"name\":\"Piraadid Purjepaat Orange Bay Island alates Sahl Hasheesh\",\"isPartOf\":{\"@id\":\"https:\/\/hurghadalovers.com\/et\/#website\"},\"primaryImageOfPage\":{\"@id\":\"https:\/\/hurghadalovers.com\/et\/tours\/piraadid-purjekas-purjekas-purjekas-oranzile-saarele-sahl-hasheesh\/#primaryimage\"},\"image\":{\"@id\":\"https:\/\/hurghadalovers.com\/et\/tours\/piraadid-purjekas-purjekas-purjekas-oranzile-saarele-sahl-hasheesh\/#primaryimage\"},\"thumbnailUrl\":\"https:\/\/hurghadalovers.com\/wp-content\/uploads\/2023\/08\/Pirates-Sailing-Boat-to-Orange-bay-Island-from-Sahl-Hasheesh.jpeg\",\"datePublished\":\"2023-08-31T18:22:52+00:00\",\"dateModified\":\"2026-02-09T08:10:53+00:00\",\"description\":\"Piraatide purjepaat Sahl Hasheeshist Orange Bay saarele koos VIP-l\u00f5unas\u00f6\u00f6giga. Kui otsite k\u00f5ige luksuslikumat purjekat, et veeta eriline terve p\u00e4ev\",\"breadcrumb\":{\"@id\":\"https:\/\/hurghadalovers.com\/et\/tours\/piraadid-purjekas-purjekas-purjekas-oranzile-saarele-sahl-hasheesh\/#breadcrumb\"},\"inLanguage\":\"et\",\"potentialAction\":[{\"@type\":\"ReadAction\",\"target\":[\"https:\/\/hurghadalovers.com\/et\/tours\/piraadid-purjekas-purjekas-purjekas-oranzile-saarele-sahl-hasheesh\/\"]}]},{\"@type\":\"ImageObject\",\"inLanguage\":\"et\",\"@id\":\"https:\/\/hurghadalovers.com\/et\/tours\/piraadid-purjekas-purjekas-purjekas-oranzile-saarele-sahl-hasheesh\/#primaryimage\",\"url\":\"https:\/\/hurghadalovers.com\/wp-content\/uploads\/2023\/08\/Pirates-Sailing-Boat-to-Orange-bay-Island-from-Sahl-Hasheesh.jpeg\",\"contentUrl\":\"https:\/\/hurghadalovers.com\/wp-content\/uploads\/2023\/08\/Pirates-Sailing-Boat-to-Orange-bay-Island-from-Sahl-Hasheesh.jpeg\",\"width\":1156,\"height\":867,\"caption\":\"Piraadid Purjepaat Orange Bay Island alates Sahl Hasheesh\"},{\"@type\":\"BreadcrumbList\",\"@id\":\"https:\/\/hurghadalovers.com\/et\/tours\/piraadid-purjekas-purjekas-purjekas-oranzile-saarele-sahl-hasheesh\/#breadcrumb\",\"itemListElement\":[{\"@type\":\"ListItem\",\"position\":1,\"name\":\"Home\",\"item\":\"https:\/\/hurghadalovers.com\/et\/\"},{\"@type\":\"ListItem\",\"position\":2,\"name\":\"Shop\",\"item\":\"https:\/\/hurghadalovers.com\/et\/shop\/\"},{\"@type\":\"ListItem\",\"position\":3,\"name\":\"Piraadid Purjepaat Orange Bay Island alates Sahl Hasheesh\"}]},{\"@type\":\"WebSite\",\"@id\":\"https:\/\/hurghadalovers.com\/et\/#website\",\"url\":\"https:\/\/hurghadalovers.com\/et\/\",\"name\":\"Hurghada Excursions & Day Trips | Booking Best Prices Tours\",\"description\":\"Hurghada Lovers - Best Tour Operator - Excursions &amp; Things to do for Family Day Trips with kids and Couples Romantic. Unique .Hidden gems\",\"publisher\":{\"@id\":\"https:\/\/hurghadalovers.com\/et\/#organization\"},\"alternateName\":\"Hurghada Excursions\",\"potentialAction\":[{\"@type\":\"SearchAction\",\"target\":{\"@type\":\"EntryPoint\",\"urlTemplate\":\"https:\/\/hurghadalovers.com\/et\/?s={search_term_string}\"},\"query-input\":{\"@type\":\"PropertyValueSpecification\",\"valueRequired\":true,\"valueName\":\"search_term_string\"}}],\"inLanguage\":\"et\"},{\"@type\":[\"Organization\",\"Place\",\"TravelAgency\"],\"@id\":\"https:\/\/hurghadalovers.com\/et\/#organization\",\"name\":\"Hurghada Excursions\",\"url\":\"https:\/\/hurghadalovers.com\/et\/\",\"logo\":{\"@id\":\"https:\/\/hurghadalovers.com\/et\/tours\/piraadid-purjekas-purjekas-purjekas-oranzile-saarele-sahl-hasheesh\/#local-main-organization-logo\"},\"image\":{\"@id\":\"https:\/\/hurghadalovers.com\/et\/tours\/piraadid-purjekas-purjekas-purjekas-oranzile-saarele-sahl-hasheesh\/#local-main-organization-logo\"},\"sameAs\":[\"https:\/\/www.facebook.com\/Hurghadaloversegypt\"],\"address\":{\"@id\":\"https:\/\/hurghadalovers.com\/et\/tours\/piraadid-purjekas-purjekas-purjekas-oranzile-saarele-sahl-hasheesh\/#local-main-place-address\"},\"telephone\":[\"00201112596434\"],\"contactPoint\":{\"@type\":\"ContactPoint\",\"telephone\":\"00201112596434\",\"email\":\"weyouface@gmail.com\"},\"openingHoursSpecification\":{\"@type\":\"OpeningHoursSpecification\",\"dayOfWeek\":[\"Monday\",\"Tuesday\",\"Wednesday\",\"Thursday\",\"Friday\",\"Saturday\",\"Sunday\"],\"opens\":\"00:00\",\"closes\":\"23:59\"},\"email\":\"weyouface@gmail.com\",\"areaServed\":\"Luxor, Hurghada, El Gouna, Aswan, Sharm El Sheikh, Giza, Alexandria, Marsa Alam, Quseir, Soma Bay, Sahl Hasheesh, Red Sea, Makadi Bay, Cairo\",\"priceRange\":\"$\",\"currenciesAccepted\":\"euro\",\"paymentAccepted\":\"cash on site\"},{\"@type\":\"PostalAddress\",\"@id\":\"https:\/\/hurghadalovers.com\/et\/tours\/piraadid-purjekas-purjekas-purjekas-oranzile-saarele-sahl-hasheesh\/#local-main-place-address\",\"streetAddress\":\"17 Banks street, Alkawther area, top nbk bank\",\"addressLocality\":\"hurghada\",\"postalCode\":\"84511\",\"addressRegion\":\"red sea\",\"addressCountry\":\"EG\"},{\"@type\":\"ImageObject\",\"inLanguage\":\"et\",\"@id\":\"https:\/\/hurghadalovers.com\/et\/tours\/piraadid-purjekas-purjekas-purjekas-oranzile-saarele-sahl-hasheesh\/#local-main-organization-logo\",\"url\":\"https:\/\/hurghadalovers.com\/wp-content\/uploads\/2019\/10\/hurghada-excursions-logo.png\",\"contentUrl\":\"https:\/\/hurghadalovers.com\/wp-content\/uploads\/2019\/10\/hurghada-excursions-logo.png\",\"width\":272,\"height\":90,\"caption\":\"Hurghada Excursions\"}]}<\/script>\n<meta property=\"product:brand\" content=\"Ekskursioonid in Sahl Hasheesh\" \/>\n<meta property=\"product:price:amount\" content=\"90\" \/>\n<meta property=\"product:price:currency\" content=\"EUR\" \/>\n<meta property=\"og:availability\" content=\"instock\" \/>\n<meta property=\"product:availability\" content=\"instock\" \/>\n<meta property=\"product:retailer_item_id\" content=\"Sahl342024\" \/>\n<meta property=\"product:condition\" content=\"new\" \/>\n<meta name=\"geo.placename\" content=\"hurghada\" \/>\n<meta name=\"geo.region\" content=\"Egypt\" \/>\n<!-- \/ Yoast SEO Premium plugin. -->","yoast_head_json":{"title":"Piraadid Purjepaat Orange Bay Island alates Sahl Hasheesh","description":"Piraatide purjepaat Sahl Hasheeshist Orange Bay saarele koos VIP-l\u00f5unas\u00f6\u00f6giga. Kui otsite k\u00f5ige luksuslikumat purjekat, et veeta eriline terve p\u00e4ev","robots":{"index":"index","follow":"follow","max-snippet":"max-snippet:-1","max-image-preview":"max-image-preview:large","max-video-preview":"max-video-preview:-1"},"canonical":"https:\/\/hurghadalovers.com\/et\/tours\/piraadid-purjekas-purjekas-purjekas-oranzile-saarele-sahl-hasheesh\/","og_locale":"et_EE","og_type":"article","og_title":"Piraadid Purjepaat Orange Bay Island alates Sahl Hasheesh","og_description":"Piraatide purjepaat Sahl Hasheeshist Orange Bay saarele koos VIP-l\u00f5unas\u00f6\u00f6giga. Kui otsite k\u00f5ige luksuslikumat purjekat, et veeta eriline terve p\u00e4ev","og_url":"https:\/\/hurghadalovers.com\/et\/tours\/piraadid-purjekas-purjekas-purjekas-oranzile-saarele-sahl-hasheesh\/","og_site_name":"Hurghada Excursions &amp; Day Trips | Booking Best Prices Tours","article_publisher":"https:\/\/www.facebook.com\/Hurghadaloversegypt","article_modified_time":"2026-02-09T08:10:53+00:00","og_image":[{"width":1156,"height":867,"url":"https:\/\/hurghadalovers.com\/wp-content\/uploads\/2023\/08\/Pirates-Sailing-Boat-to-Orange-bay-Island-from-Sahl-Hasheesh.jpeg","type":"image\/jpeg"}],"twitter_card":"summary_large_image","twitter_misc":{"Price":"&euro;&nbsp;90","Availability":"In stock"},"schema":{"@context":"https:\/\/schema.org","@graph":[{"@type":["WebPage","ItemPage"],"@id":"https:\/\/hurghadalovers.com\/et\/tours\/piraadid-purjekas-purjekas-purjekas-oranzile-saarele-sahl-hasheesh\/","url":"https:\/\/hurghadalovers.com\/et\/tours\/piraadid-purjekas-purjekas-purjekas-oranzile-saarele-sahl-hasheesh\/","name":"Piraadid Purjepaat Orange Bay Island alates Sahl Hasheesh","isPartOf":{"@id":"https:\/\/hurghadalovers.com\/et\/#website"},"primaryImageOfPage":{"@id":"https:\/\/hurghadalovers.com\/et\/tours\/piraadid-purjekas-purjekas-purjekas-oranzile-saarele-sahl-hasheesh\/#primaryimage"},"image":{"@id":"https:\/\/hurghadalovers.com\/et\/tours\/piraadid-purjekas-purjekas-purjekas-oranzile-saarele-sahl-hasheesh\/#primaryimage"},"thumbnailUrl":"https:\/\/hurghadalovers.com\/wp-content\/uploads\/2023\/08\/Pirates-Sailing-Boat-to-Orange-bay-Island-from-Sahl-Hasheesh.jpeg","datePublished":"2023-08-31T18:22:52+00:00","dateModified":"2026-02-09T08:10:53+00:00","description":"Piraatide purjepaat Sahl Hasheeshist Orange Bay saarele koos VIP-l\u00f5unas\u00f6\u00f6giga. Kui otsite k\u00f5ige luksuslikumat purjekat, et veeta eriline terve p\u00e4ev","breadcrumb":{"@id":"https:\/\/hurghadalovers.com\/et\/tours\/piraadid-purjekas-purjekas-purjekas-oranzile-saarele-sahl-hasheesh\/#breadcrumb"},"inLanguage":"et","potentialAction":[{"@type":"ReadAction","target":["https:\/\/hurghadalovers.com\/et\/tours\/piraadid-purjekas-purjekas-purjekas-oranzile-saarele-sahl-hasheesh\/"]}]},{"@type":"ImageObject","inLanguage":"et","@id":"https:\/\/hurghadalovers.com\/et\/tours\/piraadid-purjekas-purjekas-purjekas-oranzile-saarele-sahl-hasheesh\/#primaryimage","url":"https:\/\/hurghadalovers.com\/wp-content\/uploads\/2023\/08\/Pirates-Sailing-Boat-to-Orange-bay-Island-from-Sahl-Hasheesh.jpeg","contentUrl":"https:\/\/hurghadalovers.com\/wp-content\/uploads\/2023\/08\/Pirates-Sailing-Boat-to-Orange-bay-Island-from-Sahl-Hasheesh.jpeg","width":1156,"height":867,"caption":"Piraadid Purjepaat Orange Bay Island alates Sahl Hasheesh"},{"@type":"BreadcrumbList","@id":"https:\/\/hurghadalovers.com\/et\/tours\/piraadid-purjekas-purjekas-purjekas-oranzile-saarele-sahl-hasheesh\/#breadcrumb","itemListElement":[{"@type":"ListItem","position":1,"name":"Home","item":"https:\/\/hurghadalovers.com\/et\/"},{"@type":"ListItem","position":2,"name":"Shop","item":"https:\/\/hurghadalovers.com\/et\/shop\/"},{"@type":"ListItem","position":3,"name":"Piraadid Purjepaat Orange Bay Island alates Sahl Hasheesh"}]},{"@type":"WebSite","@id":"https:\/\/hurghadalovers.com\/et\/#website","url":"https:\/\/hurghadalovers.com\/et\/","name":"Hurghada Excursions & Day Trips | Booking Best Prices Tours","description":"Hurghada Lovers - Best Tour Operator - Excursions &amp; Things to do for Family Day Trips with kids and Couples Romantic. Unique .Hidden gems","publisher":{"@id":"https:\/\/hurghadalovers.com\/et\/#organization"},"alternateName":"Hurghada Excursions","potentialAction":[{"@type":"SearchAction","target":{"@type":"EntryPoint","urlTemplate":"https:\/\/hurghadalovers.com\/et\/?s={search_term_string}"},"query-input":{"@type":"PropertyValueSpecification","valueRequired":true,"valueName":"search_term_string"}}],"inLanguage":"et"},{"@type":["Organization","Place","TravelAgency"],"@id":"https:\/\/hurghadalovers.com\/et\/#organization","name":"Hurghada Excursions","url":"https:\/\/hurghadalovers.com\/et\/","logo":{"@id":"https:\/\/hurghadalovers.com\/et\/tours\/piraadid-purjekas-purjekas-purjekas-oranzile-saarele-sahl-hasheesh\/#local-main-organization-logo"},"image":{"@id":"https:\/\/hurghadalovers.com\/et\/tours\/piraadid-purjekas-purjekas-purjekas-oranzile-saarele-sahl-hasheesh\/#local-main-organization-logo"},"sameAs":["https:\/\/www.facebook.com\/Hurghadaloversegypt"],"address":{"@id":"https:\/\/hurghadalovers.com\/et\/tours\/piraadid-purjekas-purjekas-purjekas-oranzile-saarele-sahl-hasheesh\/#local-main-place-address"},"telephone":["00201112596434"],"contactPoint":{"@type":"ContactPoint","telephone":"00201112596434","email":"weyouface@gmail.com"},"openingHoursSpecification":{"@type":"OpeningHoursSpecification","dayOfWeek":["Monday","Tuesday","Wednesday","Thursday","Friday","Saturday","Sunday"],"opens":"00:00","closes":"23:59"},"email":"weyouface@gmail.com","areaServed":"Luxor, Hurghada, El Gouna, Aswan, Sharm El Sheikh, Giza, Alexandria, Marsa Alam, Quseir, Soma Bay, Sahl Hasheesh, Red Sea, Makadi Bay, Cairo","priceRange":"$","currenciesAccepted":"euro","paymentAccepted":"cash on site"},{"@type":"PostalAddress","@id":"https:\/\/hurghadalovers.com\/et\/tours\/piraadid-purjekas-purjekas-purjekas-oranzile-saarele-sahl-hasheesh\/#local-main-place-address","streetAddress":"17 Banks street, Alkawther area, top nbk bank","addressLocality":"hurghada","postalCode":"84511","addressRegion":"red sea","addressCountry":"EG"},{"@type":"ImageObject","inLanguage":"et","@id":"https:\/\/hurghadalovers.com\/et\/tours\/piraadid-purjekas-purjekas-purjekas-oranzile-saarele-sahl-hasheesh\/#local-main-organization-logo","url":"https:\/\/hurghadalovers.com\/wp-content\/uploads\/2019\/10\/hurghada-excursions-logo.png","contentUrl":"https:\/\/hurghadalovers.com\/wp-content\/uploads\/2019\/10\/hurghada-excursions-logo.png","width":272,"height":90,"caption":"Hurghada Excursions"}]},"product_brand":"Ekskursioonid in Sahl Hasheesh","product_price_amount":"90","product_price_currency":"EUR","og_availability":"instock","product_availability":"instock","product_retailer_item_id":"Sahl342024","product_condition":"new","geo.placename":"hurghada","geo.region":"Egypt"},"_links":{"self":[{"href":"https:\/\/hurghadalovers.com\/et\/wp-json\/wp\/v2\/product\/391407","targetHints":{"allow":["GET"]}}],"collection":[{"href":"https:\/\/hurghadalovers.com\/et\/wp-json\/wp\/v2\/product"}],"about":[{"href":"https:\/\/hurghadalovers.com\/et\/wp-json\/wp\/v2\/types\/product"}],"wp:featuredmedia":[{"embeddable":true,"href":"https:\/\/hurghadalovers.com\/et\/wp-json\/wp\/v2\/media\/391212"}],"wp:attachment":[{"href":"https:\/\/hurghadalovers.com\/et\/wp-json\/wp\/v2\/media?parent=391407"}],"wp:term":[{"taxonomy":"product_brand","embeddable":true,"href":"https:\/\/hurghadalovers.com\/et\/wp-json\/wp\/v2\/product_brand?post=391407"},{"taxonomy":"product_cat","embeddable":true,"href":"https:\/\/hurghadalovers.com\/et\/wp-json\/wp\/v2\/product_cat?post=391407"},{"taxonomy":"product_tag","embeddable":true,"href":"https:\/\/hurghadalovers.com\/et\/wp-json\/wp\/v2\/product_tag?post=391407"}],"curies":[{"name":"wp","href":"https:\/\/api.w.org\/{rel}","templated":true}]}}