{"id":386641,"date":"2023-08-29T16:07:19","date_gmt":"2023-08-29T16:09:44","guid":{"rendered":"https:\/\/hurghadalovers.com\/shop\/maaratlemata\/makadi-bay-eraviisiline-paevareis-islami-kairosse\/"},"modified":"2025-12-31T14:48:51","modified_gmt":"2025-12-31T14:48:51","slug":"makadi-bay-privaatne-paevane-reis-islami-kairosse","status":"publish","type":"product","link":"https:\/\/hurghadalovers.com\/et\/tours\/makadi-bay-privaatne-paevane-reis-islami-kairosse\/","title":{"rendered":"Makadi Bay eraviisiline p\u00e4evareis islami Kairosse"},"content":{"rendered":"<p><strong>Makadi Bay eraviisiline p\u00e4evareis islami Kairosse<\/strong> koos eraviisilise giidi, piletite ja l\u00f5unas\u00f6\u00f6giga.<\/p>\n<p>Eriline p\u00e4evane ekskursioon, et k\u00fclastada islami m\u00e4lestusm\u00e4rke vanas Kairos ja \u00f5ppida Egiptuse ajaloolise p\u00e4randi mo\u0161eede ehitamise saladusi.<\/p>\n<p>&nbsp;<\/p>\n<p><strong>T\u00e4hts\u00fcndmused:<\/strong><\/p>\n<ul>\n<li>Khan Al-Khalili<\/li>\n<li>Kairo tsitadell &#8220;Saladini tsitadell&#8221;<\/li>\n<li>Muhammad Ali mo\u0161ee.<\/li>\n<li>Sultan Hassani mo\u0161ee ja madrasa.<\/li>\n<li>Al Rifai mo\u0161ee.<\/li>\n<li>Ibn Tuluni mo\u0161ee<\/li>\n<li>Bab Zuweila.<\/li>\n<li>L\u00f5unas\u00f6\u00f6k restoranis.<\/li>\n<\/ul>\n<p><strong>Eraldi p\u00e4evane reis islami Kairosse alates <\/strong><strong>Makadi Bay<\/strong> <strong>T\u00e4psemalt: Ekskursioon Makai Cairopiasse, mis toimub alates 1. augustist 2006:<\/strong><\/p>\n<ul>\n<li>Ringk\u00e4igu k\u00e4ttesaadavus: Iga p\u00e4ev.<\/li>\n<li>Ekskursiooni t\u00fc\u00fcp: S\u00f5iduauto v\u00f5i v\u00e4ikebussiga.<\/li>\n<li>Kohalej\u00f5udmise aeg: Alates 01:30 hommikul.<\/li>\n<li>K\u00fcsides Hotel saada oma hommikus\u00f6\u00f6gikotti koos Sinuga Hommikul.<\/li>\n<li>V\u00e4ljas\u00f5idu aeg: 21:30.<\/li>\n<li>Ligip\u00e4\u00e4setav ratastooliga.<\/li>\n<li>Kestus: 22 tundi.<\/li>\n<\/ul>\n<p><strong>Broneeri n\u00fc\u00fcd ja maksa hiljem:<\/strong><\/p>\n<ul>\n<li>Sularaha kohapeal juhile.<\/li>\n<li>Maksmine Egiptuse naelades, $, \u20ac v\u00f5i \u00a3.<\/li>\n<\/ul>\n<p><strong>T\u00fchistamispoliitika:<\/strong><\/p>\n<ul>\n<li>t\u00fchistate kuni 24 tundi ette.<\/li>\n<li>Kui keegi teie perekonnast t\u00fchistab hommikul, maksab 50% kuludest.<\/li>\n<\/ul>\n<p><strong>Mis on lisatud?<\/strong><\/p>\n<ul>\n<li>Transfeer Makadi Bay Hotels &#8220;Hotel pick up and drop off&#8221;.<\/li>\n<li>K\u00f5ik maksud, sissep\u00e4\u00e4sutasud ja k\u00e4itlemistasud.<\/li>\n<li>\u00dclekanded.<\/li>\n<li>Reisijuht.<\/li>\n<li>Joogid.<\/li>\n<li>L\u00f5unas\u00f6\u00f6k restoranis.<\/li>\n<\/ul>\n<p><strong>V\u00e4ljaarvamised?<\/strong><\/p>\n<ul>\n<li>Jootraha.<\/li>\n<li>Felucca reis &#8220;Paadi kruiis&#8221; 35 min= 10$.<\/li>\n<li>K\u00f5ik lisad, mida ei ole mainitud.<\/li>\n<\/ul>\n<p><strong>Hinnad:<\/strong><\/p>\n<ul>\n<li><strong>T\u00e4iskasvanute hind = alates 160$ inimese kohta<\/strong>.<\/li>\n<li>Hind lastele &#8220;5-12&#8221; = 50%.<\/li>\n<li>lastele &#8220;0-5&#8221; = tasuta.<\/li>\n<\/ul>\n<p><strong>Arvustused:<\/strong><\/p>\n<p>vaadata meie Google Map Arvamused kui parim <a href=\"https:\/\/g.page\/r\/CUeYvkngP3wkEBM\/review\">reisikorraldaja Hurghada<\/a> online <a href=\"https:\/\/hurghadalovers.com\/\">Hurghada<\/a> Egiptus.<\/p>\n<p>&nbsp;<\/p>\n<p><strong>Broneerimine:<\/strong><\/p>\n<p>Saada hotell + toa number + fotopassid WhatsAppi: <strong>+201112596434<\/strong><\/p>\n<p>Kui te v\u00e4lja Egiptus Broneerimine n\u00fc\u00fcd online ja kinnitada, kui saabumine Hotel.<\/p>\n","protected":false},"excerpt":{"rendered":"<p>Makadi Bay Eraldi p\u00e4evane ekskursioon islami Kairosse koos eraviisilise giidi, piletite ja l\u00f5unas\u00f6\u00f6giga.Eriline p\u00e4evane ekskursioon, et k\u00fclastada islami m\u00e4lestusm\u00e4rke vanas Kairos ja&#8230;<\/p>\n","protected":false},"featured_media":386582,"template":"","meta":{"_joinchat":[]},"product_brand":[],"product_cat":[36652],"product_tag":[],"class_list":{"0":"post-386641","1":"product","2":"type-product","3":"status-publish","4":"has-post-thumbnail","6":"product_cat-ekskursioonid","7":"tour_category-makadi-laht-ekskursioonid","8":"tour_category-makadi-laht-kuni-puramiidide-ekskursioonid","10":"first","11":"instock","12":"sale","13":"shipping-taxable","14":"purchasable","15":"product-type-tour"},"yoast_head":"<!-- This site is optimized with the Yoast SEO Premium plugin v26.9 (Yoast SEO v27.2) - https:\/\/yoast.com\/product\/yoast-seo-premium-wordpress\/ -->\n<title>Makadi Bay eraviisiline p\u00e4evareis islami Kairosse<\/title>\n<meta name=\"description\" content=\"Makadi Bay Eraldi p\u00e4evane ekskursioon islami Kairosse koos eraviisilise giidi, piletite ja l\u00f5unas\u00f6\u00f6giga.Eriline p\u00e4evane ekskursioon, et k\u00fclastada islami m\u00e4lestusm\u00e4rke vanas Kairos ja muud\" \/>\n<meta name=\"robots\" content=\"index, follow, max-snippet:-1, max-image-preview:large, max-video-preview:-1\" \/>\n<link rel=\"canonical\" href=\"https:\/\/hurghadalovers.com\/et\/tours\/makadi-bay-privaatne-paevane-reis-islami-kairosse\/\" \/>\n<meta property=\"og:locale\" content=\"et_EE\" \/>\n<meta property=\"og:type\" content=\"article\" \/>\n<meta property=\"og:title\" content=\"Makadi Bay eraviisiline p\u00e4evareis islami Kairosse\" \/>\n<meta property=\"og:description\" content=\"Makadi Bay Eraldi p\u00e4evane ekskursioon islami Kairosse koos eraviisilise giidi, piletite ja l\u00f5unas\u00f6\u00f6giga.Eriline p\u00e4evane ekskursioon, et k\u00fclastada islami m\u00e4lestusm\u00e4rke vanas Kairos ja muud\" \/>\n<meta property=\"og:url\" content=\"https:\/\/hurghadalovers.com\/et\/tours\/makadi-bay-privaatne-paevane-reis-islami-kairosse\/\" \/>\n<meta property=\"og:site_name\" content=\"Hurghada Excursions &amp; Day Trips | Booking Best Prices Tours\" \/>\n<meta property=\"article:publisher\" content=\"https:\/\/www.facebook.com\/Hurghadaloversegypt\" \/>\n<meta property=\"article:modified_time\" content=\"2025-12-31T14:48:51+00:00\" \/>\n<meta property=\"og:image\" content=\"https:\/\/hurghadalovers.com\/wp-content\/uploads\/2023\/08\/Makadi-Bay-Private-Day-Trip-to-Islamic-Cairo.jpeg\" \/>\n\t<meta property=\"og:image:width\" content=\"1536\" \/>\n\t<meta property=\"og:image:height\" content=\"881\" \/>\n\t<meta property=\"og:image:type\" content=\"image\/jpeg\" \/>\n<meta name=\"twitter:card\" content=\"summary_large_image\" \/>\n<meta name=\"twitter:label1\" content=\"Price\" \/>\n\t<meta name=\"twitter:data1\" content=\"&euro;&nbsp;200\" \/>\n\t<meta name=\"twitter:label2\" content=\"Availability\" \/>\n\t<meta name=\"twitter:data2\" content=\"In stock\" \/>\n<script type=\"application\/ld+json\" class=\"yoast-schema-graph\">{\"@context\":\"https:\/\/schema.org\",\"@graph\":[{\"@type\":[\"WebPage\",\"ItemPage\"],\"@id\":\"https:\/\/hurghadalovers.com\/et\/tours\/makadi-bay-privaatne-paevane-reis-islami-kairosse\/\",\"url\":\"https:\/\/hurghadalovers.com\/et\/tours\/makadi-bay-privaatne-paevane-reis-islami-kairosse\/\",\"name\":\"Makadi Bay eraviisiline p\u00e4evareis islami Kairosse\",\"isPartOf\":{\"@id\":\"https:\/\/hurghadalovers.com\/et\/#website\"},\"primaryImageOfPage\":{\"@id\":\"https:\/\/hurghadalovers.com\/et\/tours\/makadi-bay-privaatne-paevane-reis-islami-kairosse\/#primaryimage\"},\"image\":{\"@id\":\"https:\/\/hurghadalovers.com\/et\/tours\/makadi-bay-privaatne-paevane-reis-islami-kairosse\/#primaryimage\"},\"thumbnailUrl\":\"https:\/\/hurghadalovers.com\/wp-content\/uploads\/2023\/08\/Makadi-Bay-Private-Day-Trip-to-Islamic-Cairo.jpeg\",\"datePublished\":\"2023-08-29T16:09:44+00:00\",\"dateModified\":\"2025-12-31T14:48:51+00:00\",\"description\":\"Makadi Bay Eraldi p\u00e4evane ekskursioon islami Kairosse koos eraviisilise giidi, piletite ja l\u00f5unas\u00f6\u00f6giga.Eriline p\u00e4evane ekskursioon, et k\u00fclastada islami m\u00e4lestusm\u00e4rke vanas Kairos ja muud\",\"breadcrumb\":{\"@id\":\"https:\/\/hurghadalovers.com\/et\/tours\/makadi-bay-privaatne-paevane-reis-islami-kairosse\/#breadcrumb\"},\"inLanguage\":\"et\",\"potentialAction\":[{\"@type\":\"ReadAction\",\"target\":[\"https:\/\/hurghadalovers.com\/et\/tours\/makadi-bay-privaatne-paevane-reis-islami-kairosse\/\"]}]},{\"@type\":\"ImageObject\",\"inLanguage\":\"et\",\"@id\":\"https:\/\/hurghadalovers.com\/et\/tours\/makadi-bay-privaatne-paevane-reis-islami-kairosse\/#primaryimage\",\"url\":\"https:\/\/hurghadalovers.com\/wp-content\/uploads\/2023\/08\/Makadi-Bay-Private-Day-Trip-to-Islamic-Cairo.jpeg\",\"contentUrl\":\"https:\/\/hurghadalovers.com\/wp-content\/uploads\/2023\/08\/Makadi-Bay-Private-Day-Trip-to-Islamic-Cairo.jpeg\",\"width\":1536,\"height\":881,\"caption\":\"Makadi Bay Private Day Trip to Islamic Cairo\"},{\"@type\":\"BreadcrumbList\",\"@id\":\"https:\/\/hurghadalovers.com\/et\/tours\/makadi-bay-privaatne-paevane-reis-islami-kairosse\/#breadcrumb\",\"itemListElement\":[{\"@type\":\"ListItem\",\"position\":1,\"name\":\"Home\",\"item\":\"https:\/\/hurghadalovers.com\/et\/\"},{\"@type\":\"ListItem\",\"position\":2,\"name\":\"Shop\",\"item\":\"https:\/\/hurghadalovers.com\/et\/shop\/\"},{\"@type\":\"ListItem\",\"position\":3,\"name\":\"Makadi Bay eraviisiline p\u00e4evareis islami Kairosse\"}]},{\"@type\":\"WebSite\",\"@id\":\"https:\/\/hurghadalovers.com\/et\/#website\",\"url\":\"https:\/\/hurghadalovers.com\/et\/\",\"name\":\"Hurghada Excursions & Day Trips | Booking Best Prices Tours\",\"description\":\"Hurghada Lovers - Best Tour Operator - Excursions &amp; Things to do for Family Day Trips with kids and Couples Romantic. Unique .Hidden gems\",\"publisher\":{\"@id\":\"https:\/\/hurghadalovers.com\/et\/#organization\"},\"alternateName\":\"Hurghada Excursions\",\"potentialAction\":[{\"@type\":\"SearchAction\",\"target\":{\"@type\":\"EntryPoint\",\"urlTemplate\":\"https:\/\/hurghadalovers.com\/et\/?s={search_term_string}\"},\"query-input\":{\"@type\":\"PropertyValueSpecification\",\"valueRequired\":true,\"valueName\":\"search_term_string\"}}],\"inLanguage\":\"et\"},{\"@type\":[\"Organization\",\"Place\",\"TravelAgency\"],\"@id\":\"https:\/\/hurghadalovers.com\/et\/#organization\",\"name\":\"Hurghada Excursions\",\"url\":\"https:\/\/hurghadalovers.com\/et\/\",\"logo\":{\"@id\":\"https:\/\/hurghadalovers.com\/et\/tours\/makadi-bay-privaatne-paevane-reis-islami-kairosse\/#local-main-organization-logo\"},\"image\":{\"@id\":\"https:\/\/hurghadalovers.com\/et\/tours\/makadi-bay-privaatne-paevane-reis-islami-kairosse\/#local-main-organization-logo\"},\"sameAs\":[\"https:\/\/www.facebook.com\/Hurghadaloversegypt\"],\"address\":{\"@id\":\"https:\/\/hurghadalovers.com\/et\/tours\/makadi-bay-privaatne-paevane-reis-islami-kairosse\/#local-main-place-address\"},\"telephone\":[\"00201112596434\"],\"contactPoint\":{\"@type\":\"ContactPoint\",\"telephone\":\"00201112596434\",\"email\":\"weyouface@gmail.com\"},\"openingHoursSpecification\":{\"@type\":\"OpeningHoursSpecification\",\"dayOfWeek\":[\"Monday\",\"Tuesday\",\"Wednesday\",\"Thursday\",\"Friday\",\"Saturday\",\"Sunday\"],\"opens\":\"00:00\",\"closes\":\"23:59\"},\"email\":\"weyouface@gmail.com\",\"areaServed\":\"Luxor, Hurghada, El Gouna, Aswan, Sharm El Sheikh, Giza, Alexandria, Marsa Alam, Quseir, Soma Bay, Sahl Hasheesh, Red Sea, Makadi Bay, Cairo\",\"priceRange\":\"$\",\"currenciesAccepted\":\"euro\",\"paymentAccepted\":\"cash on site\"},{\"@type\":\"PostalAddress\",\"@id\":\"https:\/\/hurghadalovers.com\/et\/tours\/makadi-bay-privaatne-paevane-reis-islami-kairosse\/#local-main-place-address\",\"streetAddress\":\"17 Banks street, Alkawther area, top nbk bank\",\"addressLocality\":\"hurghada\",\"postalCode\":\"84511\",\"addressRegion\":\"red sea\",\"addressCountry\":\"EG\"},{\"@type\":\"ImageObject\",\"inLanguage\":\"et\",\"@id\":\"https:\/\/hurghadalovers.com\/et\/tours\/makadi-bay-privaatne-paevane-reis-islami-kairosse\/#local-main-organization-logo\",\"url\":\"https:\/\/hurghadalovers.com\/wp-content\/uploads\/2019\/10\/hurghada-excursions-logo.png\",\"contentUrl\":\"https:\/\/hurghadalovers.com\/wp-content\/uploads\/2019\/10\/hurghada-excursions-logo.png\",\"width\":272,\"height\":90,\"caption\":\"Hurghada Excursions\"}]}<\/script>\n<meta property=\"product:brand\" content=\"Ekskursioonid in Makadi Bay\" \/>\n<meta property=\"product:price:amount\" content=\"200\" \/>\n<meta property=\"product:price:currency\" content=\"EUR\" \/>\n<meta property=\"og:availability\" content=\"instock\" \/>\n<meta property=\"product:availability\" content=\"instock\" \/>\n<meta property=\"product:retailer_item_id\" content=\"MakadiBay042024\" \/>\n<meta property=\"product:condition\" content=\"new\" \/>\n<meta name=\"geo.placename\" content=\"hurghada\" \/>\n<meta name=\"geo.region\" content=\"Egypt\" \/>\n<!-- \/ Yoast SEO Premium plugin. -->","yoast_head_json":{"title":"Makadi Bay eraviisiline p\u00e4evareis islami Kairosse","description":"Makadi Bay Eraldi p\u00e4evane ekskursioon islami Kairosse koos eraviisilise giidi, piletite ja l\u00f5unas\u00f6\u00f6giga.Eriline p\u00e4evane ekskursioon, et k\u00fclastada islami m\u00e4lestusm\u00e4rke vanas Kairos ja muud","robots":{"index":"index","follow":"follow","max-snippet":"max-snippet:-1","max-image-preview":"max-image-preview:large","max-video-preview":"max-video-preview:-1"},"canonical":"https:\/\/hurghadalovers.com\/et\/tours\/makadi-bay-privaatne-paevane-reis-islami-kairosse\/","og_locale":"et_EE","og_type":"article","og_title":"Makadi Bay eraviisiline p\u00e4evareis islami Kairosse","og_description":"Makadi Bay Eraldi p\u00e4evane ekskursioon islami Kairosse koos eraviisilise giidi, piletite ja l\u00f5unas\u00f6\u00f6giga.Eriline p\u00e4evane ekskursioon, et k\u00fclastada islami m\u00e4lestusm\u00e4rke vanas Kairos ja muud","og_url":"https:\/\/hurghadalovers.com\/et\/tours\/makadi-bay-privaatne-paevane-reis-islami-kairosse\/","og_site_name":"Hurghada Excursions &amp; Day Trips | Booking Best Prices Tours","article_publisher":"https:\/\/www.facebook.com\/Hurghadaloversegypt","article_modified_time":"2025-12-31T14:48:51+00:00","og_image":[{"width":1536,"height":881,"url":"https:\/\/hurghadalovers.com\/wp-content\/uploads\/2023\/08\/Makadi-Bay-Private-Day-Trip-to-Islamic-Cairo.jpeg","type":"image\/jpeg"}],"twitter_card":"summary_large_image","twitter_misc":{"Price":"&euro;&nbsp;200","Availability":"In stock"},"schema":{"@context":"https:\/\/schema.org","@graph":[{"@type":["WebPage","ItemPage"],"@id":"https:\/\/hurghadalovers.com\/et\/tours\/makadi-bay-privaatne-paevane-reis-islami-kairosse\/","url":"https:\/\/hurghadalovers.com\/et\/tours\/makadi-bay-privaatne-paevane-reis-islami-kairosse\/","name":"Makadi Bay eraviisiline p\u00e4evareis islami Kairosse","isPartOf":{"@id":"https:\/\/hurghadalovers.com\/et\/#website"},"primaryImageOfPage":{"@id":"https:\/\/hurghadalovers.com\/et\/tours\/makadi-bay-privaatne-paevane-reis-islami-kairosse\/#primaryimage"},"image":{"@id":"https:\/\/hurghadalovers.com\/et\/tours\/makadi-bay-privaatne-paevane-reis-islami-kairosse\/#primaryimage"},"thumbnailUrl":"https:\/\/hurghadalovers.com\/wp-content\/uploads\/2023\/08\/Makadi-Bay-Private-Day-Trip-to-Islamic-Cairo.jpeg","datePublished":"2023-08-29T16:09:44+00:00","dateModified":"2025-12-31T14:48:51+00:00","description":"Makadi Bay Eraldi p\u00e4evane ekskursioon islami Kairosse koos eraviisilise giidi, piletite ja l\u00f5unas\u00f6\u00f6giga.Eriline p\u00e4evane ekskursioon, et k\u00fclastada islami m\u00e4lestusm\u00e4rke vanas Kairos ja muud","breadcrumb":{"@id":"https:\/\/hurghadalovers.com\/et\/tours\/makadi-bay-privaatne-paevane-reis-islami-kairosse\/#breadcrumb"},"inLanguage":"et","potentialAction":[{"@type":"ReadAction","target":["https:\/\/hurghadalovers.com\/et\/tours\/makadi-bay-privaatne-paevane-reis-islami-kairosse\/"]}]},{"@type":"ImageObject","inLanguage":"et","@id":"https:\/\/hurghadalovers.com\/et\/tours\/makadi-bay-privaatne-paevane-reis-islami-kairosse\/#primaryimage","url":"https:\/\/hurghadalovers.com\/wp-content\/uploads\/2023\/08\/Makadi-Bay-Private-Day-Trip-to-Islamic-Cairo.jpeg","contentUrl":"https:\/\/hurghadalovers.com\/wp-content\/uploads\/2023\/08\/Makadi-Bay-Private-Day-Trip-to-Islamic-Cairo.jpeg","width":1536,"height":881,"caption":"Makadi Bay Private Day Trip to Islamic Cairo"},{"@type":"BreadcrumbList","@id":"https:\/\/hurghadalovers.com\/et\/tours\/makadi-bay-privaatne-paevane-reis-islami-kairosse\/#breadcrumb","itemListElement":[{"@type":"ListItem","position":1,"name":"Home","item":"https:\/\/hurghadalovers.com\/et\/"},{"@type":"ListItem","position":2,"name":"Shop","item":"https:\/\/hurghadalovers.com\/et\/shop\/"},{"@type":"ListItem","position":3,"name":"Makadi Bay eraviisiline p\u00e4evareis islami Kairosse"}]},{"@type":"WebSite","@id":"https:\/\/hurghadalovers.com\/et\/#website","url":"https:\/\/hurghadalovers.com\/et\/","name":"Hurghada Excursions & Day Trips | Booking Best Prices Tours","description":"Hurghada Lovers - Best Tour Operator - Excursions &amp; Things to do for Family Day Trips with kids and Couples Romantic. Unique .Hidden gems","publisher":{"@id":"https:\/\/hurghadalovers.com\/et\/#organization"},"alternateName":"Hurghada Excursions","potentialAction":[{"@type":"SearchAction","target":{"@type":"EntryPoint","urlTemplate":"https:\/\/hurghadalovers.com\/et\/?s={search_term_string}"},"query-input":{"@type":"PropertyValueSpecification","valueRequired":true,"valueName":"search_term_string"}}],"inLanguage":"et"},{"@type":["Organization","Place","TravelAgency"],"@id":"https:\/\/hurghadalovers.com\/et\/#organization","name":"Hurghada Excursions","url":"https:\/\/hurghadalovers.com\/et\/","logo":{"@id":"https:\/\/hurghadalovers.com\/et\/tours\/makadi-bay-privaatne-paevane-reis-islami-kairosse\/#local-main-organization-logo"},"image":{"@id":"https:\/\/hurghadalovers.com\/et\/tours\/makadi-bay-privaatne-paevane-reis-islami-kairosse\/#local-main-organization-logo"},"sameAs":["https:\/\/www.facebook.com\/Hurghadaloversegypt"],"address":{"@id":"https:\/\/hurghadalovers.com\/et\/tours\/makadi-bay-privaatne-paevane-reis-islami-kairosse\/#local-main-place-address"},"telephone":["00201112596434"],"contactPoint":{"@type":"ContactPoint","telephone":"00201112596434","email":"weyouface@gmail.com"},"openingHoursSpecification":{"@type":"OpeningHoursSpecification","dayOfWeek":["Monday","Tuesday","Wednesday","Thursday","Friday","Saturday","Sunday"],"opens":"00:00","closes":"23:59"},"email":"weyouface@gmail.com","areaServed":"Luxor, Hurghada, El Gouna, Aswan, Sharm El Sheikh, Giza, Alexandria, Marsa Alam, Quseir, Soma Bay, Sahl Hasheesh, Red Sea, Makadi Bay, Cairo","priceRange":"$","currenciesAccepted":"euro","paymentAccepted":"cash on site"},{"@type":"PostalAddress","@id":"https:\/\/hurghadalovers.com\/et\/tours\/makadi-bay-privaatne-paevane-reis-islami-kairosse\/#local-main-place-address","streetAddress":"17 Banks street, Alkawther area, top nbk bank","addressLocality":"hurghada","postalCode":"84511","addressRegion":"red sea","addressCountry":"EG"},{"@type":"ImageObject","inLanguage":"et","@id":"https:\/\/hurghadalovers.com\/et\/tours\/makadi-bay-privaatne-paevane-reis-islami-kairosse\/#local-main-organization-logo","url":"https:\/\/hurghadalovers.com\/wp-content\/uploads\/2019\/10\/hurghada-excursions-logo.png","contentUrl":"https:\/\/hurghadalovers.com\/wp-content\/uploads\/2019\/10\/hurghada-excursions-logo.png","width":272,"height":90,"caption":"Hurghada Excursions"}]},"product_brand":"Ekskursioonid in Makadi Bay","product_price_amount":"200","product_price_currency":"EUR","og_availability":"instock","product_availability":"instock","product_retailer_item_id":"MakadiBay042024","product_condition":"new","geo.placename":"hurghada","geo.region":"Egypt"},"_links":{"self":[{"href":"https:\/\/hurghadalovers.com\/et\/wp-json\/wp\/v2\/product\/386641","targetHints":{"allow":["GET"]}}],"collection":[{"href":"https:\/\/hurghadalovers.com\/et\/wp-json\/wp\/v2\/product"}],"about":[{"href":"https:\/\/hurghadalovers.com\/et\/wp-json\/wp\/v2\/types\/product"}],"wp:featuredmedia":[{"embeddable":true,"href":"https:\/\/hurghadalovers.com\/et\/wp-json\/wp\/v2\/media\/386582"}],"wp:attachment":[{"href":"https:\/\/hurghadalovers.com\/et\/wp-json\/wp\/v2\/media?parent=386641"}],"wp:term":[{"taxonomy":"product_brand","embeddable":true,"href":"https:\/\/hurghadalovers.com\/et\/wp-json\/wp\/v2\/product_brand?post=386641"},{"taxonomy":"product_cat","embeddable":true,"href":"https:\/\/hurghadalovers.com\/et\/wp-json\/wp\/v2\/product_cat?post=386641"},{"taxonomy":"product_tag","embeddable":true,"href":"https:\/\/hurghadalovers.com\/et\/wp-json\/wp\/v2\/product_tag?post=386641"}],"curies":[{"name":"wp","href":"https:\/\/api.w.org\/{rel}","templated":true}]}}