{"id":385515,"date":"2023-08-27T14:18:06","date_gmt":"2023-08-27T14:20:30","guid":{"rendered":"https:\/\/hurghadalovers.com\/shop\/maaratlemata\/privaatne-super-jeep-safari-reis-soma-bayst\/"},"modified":"2026-02-09T20:48:30","modified_gmt":"2026-02-09T20:48:30","slug":"privaatne-super-jeep-safari-reis-soma-bayst","status":"publish","type":"product","link":"https:\/\/hurghadalovers.com\/et\/tours\/privaatne-super-jeep-safari-reis-soma-bayst\/","title":{"rendered":"Privaatne Super Jeep Safari reis Soma Bayst"},"content":{"rendered":"<p><strong>Privaatne Super Jeep Safari reis <\/strong><strong>Soma lahest<\/strong> koos ATV Quad Bike, Spider Car ja 4\u00d74 autoga Beduiini k\u00fclla koos kaameliga, seej\u00e4rel BBQ \u00f5htus\u00f6\u00f6k + traditsiooniline show.<\/p>\n<p style=\"text-align: center;\"><span style=\"color: #ff6600;\">Parimad asjad, mida Soma lahes teha <strong>peres\u00f5bralikuks lastega<\/strong>, <strong>pension\u00e4ridele<\/strong> ja <strong>romantilistele<\/strong> ja <strong>paaridele mesin\u00e4dalateks<\/strong><\/span><\/p>\n<p>&nbsp;<\/p>\n<p><strong>T\u00e4hts\u00fcndmused:<\/strong><\/p>\n<ol>\n<li>4\u00d74 Jeep Auto.<\/li>\n<li>Quad Bike Ride.<\/li>\n<li>\u00c4mblikauto.<\/li>\n<li>Kaameliga s\u00f5itmine.<\/li>\n<li>Beduiini k\u00fcla.<\/li>\n<li>Grill\u00f5htus\u00f6\u00f6k.<\/li>\n<li>Oriental Show.<\/li>\n<\/ol>\n<p><strong>\u00dcksikasjad:<\/strong><\/p>\n<ul>\n<li>Ringk\u00e4igu k\u00e4ttesaadavus: Iga p\u00e4ev.<\/li>\n<li>Ekskursiooni t\u00fc\u00fcp: Privaatne.<\/li>\n<li>Vastuv\u00f5tuaeg: Alates 11:45 hommikul..<\/li>\n<li>V\u00e4ljas\u00f5idu aeg: 19:00.<\/li>\n<li>Kestus: Kestus: 7 tundi.<\/li>\n<\/ul>\n<p><strong>Broneeri n\u00fc\u00fcd ja maksa hiljem:<\/strong><\/p>\n<ul>\n<li>Sularaha kohapeal juhile.<\/li>\n<li>Maksmine Egiptuse naelades, $, \u20ac v\u00f5i \u00a3.<\/li>\n<\/ul>\n<p><strong>T\u00fchistamispoliitika:<\/strong><\/p>\n<ul>\n<li>t\u00fchistate kuni 24 tundi ette.<\/li>\n<li>Kui keegi teie perekonnast t\u00fchistab hommikul, maksab 50% kuludest.<\/li>\n<\/ul>\n<p><strong>Mis on lisatud?<\/strong><\/p>\n<ul>\n<li>Transfeer Soma bay Hotels &#8220;Hotel pick up and drop off&#8221;.<\/li>\n<li>K\u00f5ik maksud, sissep\u00e4\u00e4sutasud ja k\u00e4itlemistasud.<\/li>\n<li>\u00dclekanded.<\/li>\n<li>Reisijuht.<\/li>\n<li>Kiiver.<\/li>\n<\/ul>\n<p><strong>V\u00e4ljaarvamised?<\/strong><\/p>\n<ul>\n<li>Sall<\/li>\n<li>Kaitseprillid<\/li>\n<li>Jootraha.<\/li>\n<li>Fotograafia reisi jaoks.<\/li>\n<li>K\u00f5ik lisad, mida ei ole mainitud.<\/li>\n<\/ul>\n<p><strong>Hinnad:<\/strong><\/p>\n<ul>\n<li><strong>T\u00e4iskasvanute hind = <\/strong><strong>55$ inimese kohta<\/strong>.<\/li>\n<li>Hind lastele &#8220;5-12&#8221; = 50%.<\/li>\n<li>lastele &#8220;0-5&#8221; = tasuta.<\/li>\n<\/ul>\n<p><strong>Arvustused:<\/strong><\/p>\n<p>vaadata meie Google Map Arvamused kui parim <a href=\"https:\/\/g.page\/r\/CUeYvkngP3wkEBM\/review\">reisikorraldaja Hurghada<\/a> online <a href=\"https:\/\/hurghadalovers.com\/\">Hurghada<\/a> Egiptus.<\/p>\n<p><strong>Broneerimine:<\/strong><\/p>\n<p>Saada hotell + toa number + fotopassid WhatsAppi: <strong>+201112596434<\/strong><\/p>\n<p>Kui te v\u00e4lja Egiptus Broneerimine n\u00fc\u00fcd online ja kinnitada, kui saabumine Hotel.<\/p>\n<p>&nbsp;<\/p>\n<p>&nbsp;<\/p>\n","protected":false},"excerpt":{"rendered":"<p><strong>Privaatne Super Jeep Safari reis <\/strong><strong>Soma lahest<\/strong> koos ATV Quad Bike, Spider Car ja 4\u00d74 autoga Beduiini k\u00fclla koos kaameliga, seej\u00e4rel BBQ \u00f5htus\u00f6\u00f6k + traditsiooniline show.<\/p>\n","protected":false},"featured_media":953148,"template":"","meta":{"_joinchat":[]},"product_brand":[],"product_cat":[36652],"product_tag":[55519,55546,55680,49365,55651,55537,55479,55156,55471,55511,55644,55527,55486,55176,55183,55423,55430,55169,55674,55495,55162,55690,55684],"class_list":{"0":"post-385515","1":"product","2":"type-product","3":"status-publish","4":"has-post-thumbnail","6":"product_cat-ekskursioonid","7":"product_tag-atv-soma-bay-et","8":"product_tag-beduiini-kula-soma-bay","9":"product_tag-buggy-tour-soma-bay-et","10":"product_tag-indoor-couples-activities-soma-bay","11":"product_tag-jeep-safari-soma-bay-et-2","12":"product_tag-kaameliga-ratsutamine-soma-bay","13":"product_tag-korbesafari-soma-bay","14":"product_tag-odavad-perepaevad-soma-bayst","15":"product_tag-paaride-siseruumides-toimuvad-tegevused-soma-bay","16":"product_tag-quad-biking-soma-bay-et","17":"product_tag-romantilised-tegevused-paaridele-soma-bays","18":"product_tag-safari-tour-soma-bay-et","19":"product_tag-soma-bay-buggy-safari-et","20":"product_tag-soma-bay-lapsesobralikud-ekskursioonid","21":"product_tag-soma-bay-laste-tegevused","22":"product_tag-soma-bay-mida-teha","23":"product_tag-soma-bay-paevased-ekskursioonid","24":"product_tag-soma-bay-peresobralikud-tegevused","25":"product_tag-super-safari-soma-bay-et","26":"product_tag-tahtede-vaatamine-soma-bay","27":"product_tag-tegevused-2-aastastele-lastele-alates-soma-bayst","28":"product_tag-uhepaevased-valjasoidud-soma-bayst","29":"product_tag-vaatamisvaarsused-soma-bays","30":"tour_category-soma-lahe-ekskursioonid","31":"tour_category-quad-tour-alates-soma-bay","33":"first","34":"instock","35":"sale","36":"shipping-taxable","37":"purchasable","38":"product-type-tour"},"yoast_head":"<!-- This site is optimized with the Yoast SEO Premium plugin v26.9 (Yoast SEO v27.2) - https:\/\/yoast.com\/product\/yoast-seo-premium-wordpress\/ -->\n<title>Privaatne Super Jeep Safari reis Soma lahest koos ATV-ga<\/title>\n<meta name=\"description\" content=\"Privaatne Super Jeep Safari s\u00f5it Soma lahelt koos ATV Quad Bike, Spider Car ja 4\u00d74 autoga Beduiini k\u00fclla koos kaameliga, seej\u00e4rel BBQ \u00f5htus\u00f6\u00f6k + show.\" \/>\n<meta name=\"robots\" content=\"index, follow, max-snippet:-1, max-image-preview:large, max-video-preview:-1\" \/>\n<link rel=\"canonical\" href=\"https:\/\/hurghadalovers.com\/et\/tours\/privaatne-super-jeep-safari-reis-soma-bayst\/\" \/>\n<meta property=\"og:locale\" content=\"et_EE\" \/>\n<meta property=\"og:type\" content=\"article\" \/>\n<meta property=\"og:title\" content=\"Privaatne Super Jeep Safari reis Soma Bayst\" \/>\n<meta property=\"og:description\" content=\"Privaatne Super Jeep Safari s\u00f5it Soma lahelt koos ATV Quad Bike, Spider Car ja 4\u00d74 autoga Beduiini k\u00fclla koos kaameliga, seej\u00e4rel BBQ \u00f5htus\u00f6\u00f6k + show.\" \/>\n<meta property=\"og:url\" content=\"https:\/\/hurghadalovers.com\/et\/tours\/privaatne-super-jeep-safari-reis-soma-bayst\/\" \/>\n<meta property=\"og:site_name\" content=\"Hurghada Excursions &amp; Day Trips | Booking Best Prices Tours\" \/>\n<meta property=\"article:publisher\" content=\"https:\/\/www.facebook.com\/Hurghadaloversegypt\" \/>\n<meta property=\"article:modified_time\" content=\"2026-02-09T20:48:30+00:00\" \/>\n<meta property=\"og:image\" content=\"https:\/\/hurghadalovers.com\/wp-content\/uploads\/2023\/09\/EL-Gouna-Safari-Sahara-Jeep-Tour-2025.jpeg\" \/>\n\t<meta property=\"og:image:width\" content=\"1156\" \/>\n\t<meta property=\"og:image:height\" content=\"521\" \/>\n\t<meta property=\"og:image:type\" content=\"image\/jpeg\" \/>\n<meta name=\"twitter:card\" content=\"summary_large_image\" \/>\n<meta name=\"twitter:label1\" content=\"Price\" \/>\n\t<meta name=\"twitter:data1\" content=\"&euro;&nbsp;160\" \/>\n\t<meta name=\"twitter:label2\" content=\"Availability\" \/>\n\t<meta name=\"twitter:data2\" content=\"In stock\" \/>\n<script type=\"application\/ld+json\" class=\"yoast-schema-graph\">{\"@context\":\"https:\/\/schema.org\",\"@graph\":[{\"@type\":[\"WebPage\",\"ItemPage\"],\"@id\":\"https:\/\/hurghadalovers.com\/et\/tours\/privaatne-super-jeep-safari-reis-soma-bayst\/\",\"url\":\"https:\/\/hurghadalovers.com\/et\/tours\/privaatne-super-jeep-safari-reis-soma-bayst\/\",\"name\":\"Privaatne Super Jeep Safari reis Soma lahest koos ATV-ga\",\"isPartOf\":{\"@id\":\"https:\/\/hurghadalovers.com\/et\/#website\"},\"primaryImageOfPage\":{\"@id\":\"https:\/\/hurghadalovers.com\/et\/tours\/privaatne-super-jeep-safari-reis-soma-bayst\/#primaryimage\"},\"image\":{\"@id\":\"https:\/\/hurghadalovers.com\/et\/tours\/privaatne-super-jeep-safari-reis-soma-bayst\/#primaryimage\"},\"thumbnailUrl\":\"https:\/\/hurghadalovers.com\/wp-content\/uploads\/2023\/09\/EL-Gouna-Safari-Sahara-Jeep-Tour-2025.jpeg\",\"datePublished\":\"2023-08-27T14:20:30+00:00\",\"dateModified\":\"2026-02-09T20:48:30+00:00\",\"description\":\"Privaatne Super Jeep Safari s\u00f5it Soma lahelt koos ATV Quad Bike, Spider Car ja 4\u00d74 autoga Beduiini k\u00fclla koos kaameliga, seej\u00e4rel BBQ \u00f5htus\u00f6\u00f6k + show.\",\"breadcrumb\":{\"@id\":\"https:\/\/hurghadalovers.com\/et\/tours\/privaatne-super-jeep-safari-reis-soma-bayst\/#breadcrumb\"},\"inLanguage\":\"et\",\"potentialAction\":[{\"@type\":\"ReadAction\",\"target\":[\"https:\/\/hurghadalovers.com\/et\/tours\/privaatne-super-jeep-safari-reis-soma-bayst\/\"]}]},{\"@type\":\"ImageObject\",\"inLanguage\":\"et\",\"@id\":\"https:\/\/hurghadalovers.com\/et\/tours\/privaatne-super-jeep-safari-reis-soma-bayst\/#primaryimage\",\"url\":\"https:\/\/hurghadalovers.com\/wp-content\/uploads\/2023\/09\/EL-Gouna-Safari-Sahara-Jeep-Tour-2025.jpeg\",\"contentUrl\":\"https:\/\/hurghadalovers.com\/wp-content\/uploads\/2023\/09\/EL-Gouna-Safari-Sahara-Jeep-Tour-2025.jpeg\",\"width\":1156,\"height\":521,\"caption\":\"EL Gouna Safari Sahara Jeep Tour 2025\"},{\"@type\":\"BreadcrumbList\",\"@id\":\"https:\/\/hurghadalovers.com\/et\/tours\/privaatne-super-jeep-safari-reis-soma-bayst\/#breadcrumb\",\"itemListElement\":[{\"@type\":\"ListItem\",\"position\":1,\"name\":\"Home\",\"item\":\"https:\/\/hurghadalovers.com\/et\/\"},{\"@type\":\"ListItem\",\"position\":2,\"name\":\"Shop\",\"item\":\"https:\/\/hurghadalovers.com\/et\/shop\/\"},{\"@type\":\"ListItem\",\"position\":3,\"name\":\"Privaatne Super Jeep Safari reis Soma Bayst\"}]},{\"@type\":\"WebSite\",\"@id\":\"https:\/\/hurghadalovers.com\/et\/#website\",\"url\":\"https:\/\/hurghadalovers.com\/et\/\",\"name\":\"Hurghada Excursions & Day Trips | Booking Best Prices Tours\",\"description\":\"Hurghada Lovers - Best Tour Operator - Excursions &amp; Things to do for Family Day Trips with kids and Couples Romantic. Unique .Hidden gems\",\"publisher\":{\"@id\":\"https:\/\/hurghadalovers.com\/et\/#organization\"},\"alternateName\":\"Hurghada Excursions\",\"potentialAction\":[{\"@type\":\"SearchAction\",\"target\":{\"@type\":\"EntryPoint\",\"urlTemplate\":\"https:\/\/hurghadalovers.com\/et\/?s={search_term_string}\"},\"query-input\":{\"@type\":\"PropertyValueSpecification\",\"valueRequired\":true,\"valueName\":\"search_term_string\"}}],\"inLanguage\":\"et\"},{\"@type\":[\"Organization\",\"Place\",\"TravelAgency\"],\"@id\":\"https:\/\/hurghadalovers.com\/et\/#organization\",\"name\":\"Hurghada Excursions\",\"url\":\"https:\/\/hurghadalovers.com\/et\/\",\"logo\":{\"@id\":\"https:\/\/hurghadalovers.com\/et\/tours\/privaatne-super-jeep-safari-reis-soma-bayst\/#local-main-organization-logo\"},\"image\":{\"@id\":\"https:\/\/hurghadalovers.com\/et\/tours\/privaatne-super-jeep-safari-reis-soma-bayst\/#local-main-organization-logo\"},\"sameAs\":[\"https:\/\/www.facebook.com\/Hurghadaloversegypt\"],\"address\":{\"@id\":\"https:\/\/hurghadalovers.com\/et\/tours\/privaatne-super-jeep-safari-reis-soma-bayst\/#local-main-place-address\"},\"telephone\":[\"00201112596434\"],\"contactPoint\":{\"@type\":\"ContactPoint\",\"telephone\":\"00201112596434\",\"email\":\"weyouface@gmail.com\"},\"openingHoursSpecification\":{\"@type\":\"OpeningHoursSpecification\",\"dayOfWeek\":[\"Monday\",\"Tuesday\",\"Wednesday\",\"Thursday\",\"Friday\",\"Saturday\",\"Sunday\"],\"opens\":\"00:00\",\"closes\":\"23:59\"},\"email\":\"weyouface@gmail.com\",\"areaServed\":\"Luxor, Hurghada, El Gouna, Aswan, Sharm El Sheikh, Giza, Alexandria, Marsa Alam, Quseir, Soma Bay, Sahl Hasheesh, Red Sea, Makadi Bay, Cairo\",\"priceRange\":\"$\",\"currenciesAccepted\":\"euro\",\"paymentAccepted\":\"cash on site\"},{\"@type\":\"PostalAddress\",\"@id\":\"https:\/\/hurghadalovers.com\/et\/tours\/privaatne-super-jeep-safari-reis-soma-bayst\/#local-main-place-address\",\"streetAddress\":\"17 Banks street, Alkawther area, top nbk bank\",\"addressLocality\":\"hurghada\",\"postalCode\":\"84511\",\"addressRegion\":\"red sea\",\"addressCountry\":\"EG\"},{\"@type\":\"ImageObject\",\"inLanguage\":\"et\",\"@id\":\"https:\/\/hurghadalovers.com\/et\/tours\/privaatne-super-jeep-safari-reis-soma-bayst\/#local-main-organization-logo\",\"url\":\"https:\/\/hurghadalovers.com\/wp-content\/uploads\/2019\/10\/hurghada-excursions-logo.png\",\"contentUrl\":\"https:\/\/hurghadalovers.com\/wp-content\/uploads\/2019\/10\/hurghada-excursions-logo.png\",\"width\":272,\"height\":90,\"caption\":\"Hurghada Excursions\"}]}<\/script>\n<meta property=\"product:brand\" content=\"Ekskursioonid in Soma Bay\" \/>\n<meta property=\"product:price:amount\" content=\"160\" \/>\n<meta property=\"product:price:currency\" content=\"EUR\" \/>\n<meta property=\"og:availability\" content=\"instock\" \/>\n<meta property=\"product:availability\" content=\"instock\" \/>\n<meta property=\"product:retailer_item_id\" content=\"SafariSomabay062024\" \/>\n<meta property=\"product:condition\" content=\"new\" \/>\n<meta name=\"geo.placename\" content=\"hurghada\" \/>\n<meta name=\"geo.region\" content=\"Egypt\" \/>\n<!-- \/ Yoast SEO Premium plugin. -->","yoast_head_json":{"title":"Privaatne Super Jeep Safari reis Soma lahest koos ATV-ga","description":"Privaatne Super Jeep Safari s\u00f5it Soma lahelt koos ATV Quad Bike, Spider Car ja 4\u00d74 autoga Beduiini k\u00fclla koos kaameliga, seej\u00e4rel BBQ \u00f5htus\u00f6\u00f6k + show.","robots":{"index":"index","follow":"follow","max-snippet":"max-snippet:-1","max-image-preview":"max-image-preview:large","max-video-preview":"max-video-preview:-1"},"canonical":"https:\/\/hurghadalovers.com\/et\/tours\/privaatne-super-jeep-safari-reis-soma-bayst\/","og_locale":"et_EE","og_type":"article","og_title":"Privaatne Super Jeep Safari reis Soma Bayst","og_description":"Privaatne Super Jeep Safari s\u00f5it Soma lahelt koos ATV Quad Bike, Spider Car ja 4\u00d74 autoga Beduiini k\u00fclla koos kaameliga, seej\u00e4rel BBQ \u00f5htus\u00f6\u00f6k + show.","og_url":"https:\/\/hurghadalovers.com\/et\/tours\/privaatne-super-jeep-safari-reis-soma-bayst\/","og_site_name":"Hurghada Excursions &amp; Day Trips | Booking Best Prices Tours","article_publisher":"https:\/\/www.facebook.com\/Hurghadaloversegypt","article_modified_time":"2026-02-09T20:48:30+00:00","og_image":[{"width":1156,"height":521,"url":"https:\/\/hurghadalovers.com\/wp-content\/uploads\/2023\/09\/EL-Gouna-Safari-Sahara-Jeep-Tour-2025.jpeg","type":"image\/jpeg"}],"twitter_card":"summary_large_image","twitter_misc":{"Price":"&euro;&nbsp;160","Availability":"In stock"},"schema":{"@context":"https:\/\/schema.org","@graph":[{"@type":["WebPage","ItemPage"],"@id":"https:\/\/hurghadalovers.com\/et\/tours\/privaatne-super-jeep-safari-reis-soma-bayst\/","url":"https:\/\/hurghadalovers.com\/et\/tours\/privaatne-super-jeep-safari-reis-soma-bayst\/","name":"Privaatne Super Jeep Safari reis Soma lahest koos ATV-ga","isPartOf":{"@id":"https:\/\/hurghadalovers.com\/et\/#website"},"primaryImageOfPage":{"@id":"https:\/\/hurghadalovers.com\/et\/tours\/privaatne-super-jeep-safari-reis-soma-bayst\/#primaryimage"},"image":{"@id":"https:\/\/hurghadalovers.com\/et\/tours\/privaatne-super-jeep-safari-reis-soma-bayst\/#primaryimage"},"thumbnailUrl":"https:\/\/hurghadalovers.com\/wp-content\/uploads\/2023\/09\/EL-Gouna-Safari-Sahara-Jeep-Tour-2025.jpeg","datePublished":"2023-08-27T14:20:30+00:00","dateModified":"2026-02-09T20:48:30+00:00","description":"Privaatne Super Jeep Safari s\u00f5it Soma lahelt koos ATV Quad Bike, Spider Car ja 4\u00d74 autoga Beduiini k\u00fclla koos kaameliga, seej\u00e4rel BBQ \u00f5htus\u00f6\u00f6k + show.","breadcrumb":{"@id":"https:\/\/hurghadalovers.com\/et\/tours\/privaatne-super-jeep-safari-reis-soma-bayst\/#breadcrumb"},"inLanguage":"et","potentialAction":[{"@type":"ReadAction","target":["https:\/\/hurghadalovers.com\/et\/tours\/privaatne-super-jeep-safari-reis-soma-bayst\/"]}]},{"@type":"ImageObject","inLanguage":"et","@id":"https:\/\/hurghadalovers.com\/et\/tours\/privaatne-super-jeep-safari-reis-soma-bayst\/#primaryimage","url":"https:\/\/hurghadalovers.com\/wp-content\/uploads\/2023\/09\/EL-Gouna-Safari-Sahara-Jeep-Tour-2025.jpeg","contentUrl":"https:\/\/hurghadalovers.com\/wp-content\/uploads\/2023\/09\/EL-Gouna-Safari-Sahara-Jeep-Tour-2025.jpeg","width":1156,"height":521,"caption":"EL Gouna Safari Sahara Jeep Tour 2025"},{"@type":"BreadcrumbList","@id":"https:\/\/hurghadalovers.com\/et\/tours\/privaatne-super-jeep-safari-reis-soma-bayst\/#breadcrumb","itemListElement":[{"@type":"ListItem","position":1,"name":"Home","item":"https:\/\/hurghadalovers.com\/et\/"},{"@type":"ListItem","position":2,"name":"Shop","item":"https:\/\/hurghadalovers.com\/et\/shop\/"},{"@type":"ListItem","position":3,"name":"Privaatne Super Jeep Safari reis Soma Bayst"}]},{"@type":"WebSite","@id":"https:\/\/hurghadalovers.com\/et\/#website","url":"https:\/\/hurghadalovers.com\/et\/","name":"Hurghada Excursions & Day Trips | Booking Best Prices Tours","description":"Hurghada Lovers - Best Tour Operator - Excursions &amp; Things to do for Family Day Trips with kids and Couples Romantic. Unique .Hidden gems","publisher":{"@id":"https:\/\/hurghadalovers.com\/et\/#organization"},"alternateName":"Hurghada Excursions","potentialAction":[{"@type":"SearchAction","target":{"@type":"EntryPoint","urlTemplate":"https:\/\/hurghadalovers.com\/et\/?s={search_term_string}"},"query-input":{"@type":"PropertyValueSpecification","valueRequired":true,"valueName":"search_term_string"}}],"inLanguage":"et"},{"@type":["Organization","Place","TravelAgency"],"@id":"https:\/\/hurghadalovers.com\/et\/#organization","name":"Hurghada Excursions","url":"https:\/\/hurghadalovers.com\/et\/","logo":{"@id":"https:\/\/hurghadalovers.com\/et\/tours\/privaatne-super-jeep-safari-reis-soma-bayst\/#local-main-organization-logo"},"image":{"@id":"https:\/\/hurghadalovers.com\/et\/tours\/privaatne-super-jeep-safari-reis-soma-bayst\/#local-main-organization-logo"},"sameAs":["https:\/\/www.facebook.com\/Hurghadaloversegypt"],"address":{"@id":"https:\/\/hurghadalovers.com\/et\/tours\/privaatne-super-jeep-safari-reis-soma-bayst\/#local-main-place-address"},"telephone":["00201112596434"],"contactPoint":{"@type":"ContactPoint","telephone":"00201112596434","email":"weyouface@gmail.com"},"openingHoursSpecification":{"@type":"OpeningHoursSpecification","dayOfWeek":["Monday","Tuesday","Wednesday","Thursday","Friday","Saturday","Sunday"],"opens":"00:00","closes":"23:59"},"email":"weyouface@gmail.com","areaServed":"Luxor, Hurghada, El Gouna, Aswan, Sharm El Sheikh, Giza, Alexandria, Marsa Alam, Quseir, Soma Bay, Sahl Hasheesh, Red Sea, Makadi Bay, Cairo","priceRange":"$","currenciesAccepted":"euro","paymentAccepted":"cash on site"},{"@type":"PostalAddress","@id":"https:\/\/hurghadalovers.com\/et\/tours\/privaatne-super-jeep-safari-reis-soma-bayst\/#local-main-place-address","streetAddress":"17 Banks street, Alkawther area, top nbk bank","addressLocality":"hurghada","postalCode":"84511","addressRegion":"red sea","addressCountry":"EG"},{"@type":"ImageObject","inLanguage":"et","@id":"https:\/\/hurghadalovers.com\/et\/tours\/privaatne-super-jeep-safari-reis-soma-bayst\/#local-main-organization-logo","url":"https:\/\/hurghadalovers.com\/wp-content\/uploads\/2019\/10\/hurghada-excursions-logo.png","contentUrl":"https:\/\/hurghadalovers.com\/wp-content\/uploads\/2019\/10\/hurghada-excursions-logo.png","width":272,"height":90,"caption":"Hurghada Excursions"}]},"product_brand":"Ekskursioonid in Soma Bay","product_price_amount":"160","product_price_currency":"EUR","og_availability":"instock","product_availability":"instock","product_retailer_item_id":"SafariSomabay062024","product_condition":"new","geo.placename":"hurghada","geo.region":"Egypt"},"_links":{"self":[{"href":"https:\/\/hurghadalovers.com\/et\/wp-json\/wp\/v2\/product\/385515","targetHints":{"allow":["GET"]}}],"collection":[{"href":"https:\/\/hurghadalovers.com\/et\/wp-json\/wp\/v2\/product"}],"about":[{"href":"https:\/\/hurghadalovers.com\/et\/wp-json\/wp\/v2\/types\/product"}],"wp:featuredmedia":[{"embeddable":true,"href":"https:\/\/hurghadalovers.com\/et\/wp-json\/wp\/v2\/media\/953148"}],"wp:attachment":[{"href":"https:\/\/hurghadalovers.com\/et\/wp-json\/wp\/v2\/media?parent=385515"}],"wp:term":[{"taxonomy":"product_brand","embeddable":true,"href":"https:\/\/hurghadalovers.com\/et\/wp-json\/wp\/v2\/product_brand?post=385515"},{"taxonomy":"product_cat","embeddable":true,"href":"https:\/\/hurghadalovers.com\/et\/wp-json\/wp\/v2\/product_cat?post=385515"},{"taxonomy":"product_tag","embeddable":true,"href":"https:\/\/hurghadalovers.com\/et\/wp-json\/wp\/v2\/product_tag?post=385515"}],"curies":[{"name":"wp","href":"https:\/\/api.w.org\/{rel}","templated":true}]}}