{"id":385164,"date":"2023-08-27T11:39:09","date_gmt":"2023-08-27T11:39:09","guid":{"rendered":"https:\/\/hurghadalovers.com\/shop\/maaratlemata\/piraadid-purjepaat-orange-bay-island-soma-bayst\/"},"modified":"2026-02-08T23:43:16","modified_gmt":"2026-02-08T23:43:16","slug":"piraadid-purjekas-purjekas-oranzile-saarele-soma-saarelt","status":"publish","type":"product","link":"https:\/\/hurghadalovers.com\/et\/tours\/piraadid-purjekas-purjekas-oranzile-saarele-soma-saarelt\/","title":{"rendered":"Piraadid Purjepaat Orange Bay Island Soma Bayst"},"content":{"rendered":"<p><strong>Piraatide purjepaat Orange Bay saarele <\/strong><strong>Soma lahelt<\/strong> koos VIP-l\u00f5unas\u00f6\u00f6giga.<\/p>\n<p>Kui otsite k\u00f5ige  <strong>luksuslik purjekas<\/strong>, et veeta eriline terve p\u00e4ev ja nautida rohkem  <strong>privaatsus<\/strong>, heaolu ja  <strong>luksus<\/strong>, s\u00fc\u00fca k\u00f5ige ilusamaid maitsvaid toite, krevette ja mereande, ujuda k\u00f5ige ilusama  <strong>korallrahu kohapeal<\/strong> ja minna k\u00f5ige ilusamad rannad  <strong>Giftun Island<\/strong>, liitu meiega n\u00fc\u00fcd&#8230;<\/p>\n<p style=\"text-align: center;\"><span style=\"color: #00ccff;\">K\u00f5ige ilusam Soma laht <strong>Peres\u00f5bralikud tegevused<\/strong>, <strong>Asjad, mida teha koos lastega<\/strong>, pension\u00e4rid, <strong>mesin\u00e4dalad<\/strong> ja <strong>paar<\/strong>.<\/span><\/p>\n<p>&nbsp;<\/p>\n<p><strong>T\u00e4hts\u00fcndmused:<\/strong><\/p>\n<ul>\n<li>\u00dcks koht Snorkeling House Reef.<\/li>\n<li>1 tund Orange Bay Islandi rannas.<\/li>\n<\/ul>\n<p><strong>Piraadid Purjepaat Orange Bay Island alates <\/strong><strong>Soma laht<\/strong> <strong>\u00dcksikasjad:<\/strong><\/p>\n<ul>\n<li>Ringk\u00e4igu k\u00e4ttesaadavus: Iga p\u00e4ev.<\/li>\n<li>Ekskursiooni t\u00fc\u00fcp: Grupp.<\/li>\n<li>Kohalej\u00f5udmise aeg: Alates 07:30 hommikul.<\/li>\n<li>V\u00e4ljas\u00f5idu aeg: 15:00.<\/li>\n<li>Ligip\u00e4\u00e4setav ratastooliga.<\/li>\n<li>Kestus: Kestus: 6 tundi.<\/li>\n<\/ul>\n<p><strong>Broneeri n\u00fc\u00fcd ja maksa hiljem:<\/strong><\/p>\n<ul>\n<li>Sularaha kohapeal juhile.<\/li>\n<li>Maksmine Egiptuse naelades, $, \u20ac v\u00f5i \u00a3.<\/li>\n<\/ul>\n<p><strong>T\u00fchistamispoliitika:<\/strong><\/p>\n<ul>\n<li>t\u00fchistate kuni 24 tundi ette.<\/li>\n<li>Kui keegi teie perekonnast t\u00fchistab hommikul, maksab 50% kuludest.<\/li>\n<\/ul>\n<p><strong>Mis on lisatud?<\/strong><\/p>\n<ul>\n<li>Transfeer Soma bay Hotels &#8220;Hotel pick up and drop off&#8221;.<\/li>\n<li>K\u00f5ik maksud, sissep\u00e4\u00e4sutasud ja k\u00e4itlemistasud.<\/li>\n<li>Reisijuht.<\/li>\n<li>Mineraalvesi + Cola + piim + kohv\/tee.<\/li>\n<li>1 snorgeldamiskoht.<\/li>\n<li>Snorkeldamisvarustus &#8220;Maskid ja ujumisriistad&#8221;.<\/li>\n<li>1 tund <strong>Orange Bay Islandi<\/strong> <strong>rannas<\/strong>.<\/li>\n<li>VIP-buffet l\u00f5unas\u00f6\u00f6k laeval &#8220;Meresupp \/ 3 t\u00fc\u00fcpi v\u00e4rsket salatit \/ riis, pasta, kartul \/ krevetid, kalamarid, kala, kana ja kofta \/ hooajalised v\u00e4rsked puuviljad&#8221;.<\/li>\n<li>P\u00e4\u00e4stevestid.<\/li>\n<\/ul>\n<p><strong>V\u00e4ljaarvamised?<\/strong><\/p>\n<ul>\n<li>Jootraha.<\/li>\n<li>Joogid restoranis The Orange Bay Island.<\/li>\n<li>Fotograafia ja fotod reisi jaoks.<\/li>\n<li>Pakume rentida ujumisriided ja ujumisriided naistele, meestele, lastele k\u00f5ik suurused &#8221; 5$ \u00fche kohta&#8221;.<\/li>\n<li>K\u00f5ik lisad, mida ei ole mainitud.<\/li>\n<\/ul>\n<p><strong>Hinnad:<\/strong><\/p>\n<ul>\n<li><strong>T\u00e4iskasvanute hind = <\/strong><strong>90$ inimese kohta<\/strong>.<\/li>\n<li>Hind lastele &#8220;3-10&#8221; = 50%.<\/li>\n<li>lastele &#8220;0-3&#8221; = tasuta.<\/li>\n<\/ul>\n<p><strong>Arvustused:<\/strong><\/p>\n<p>vaadata meie Google Map Arvamused kui parim <a href=\"https:\/\/g.page\/r\/CUeYvkngP3wkEBM\/review\">reisikorraldaja Hurghada<\/a> online <a href=\"https:\/\/hurghadalovers.com\/\">Hurghada<\/a> Egiptus.<\/p>\n<p><strong>Broneerimine:<\/strong><\/p>\n<p>Saada hotell + toa number + fotopassid WhatsAppi: <strong>+201112596434<\/strong><\/p>\n<p>Kui te v\u00e4lja Egiptus Broneerimine n\u00fc\u00fcd online ja kinnitada, kui saabumine Hotel.<\/p>\n<p>&nbsp;<\/p>\n<p>&nbsp;<\/p>\n","protected":false},"excerpt":{"rendered":"<p>Piraatide purjepaat Orange bay Island Soma bay koos VIP l\u00f5unas\u00f6\u00f6giga. luksuslik purjekas. ilus korallrahu koht. krevetid ja mereannid ja muud&#8230;<\/p>\n","protected":false},"featured_media":385114,"template":"","meta":{"_joinchat":[]},"product_brand":[],"product_cat":[36652],"product_tag":[55254,55233,55216,55221,55663,55277,55239,55471,55270,55261,55644,55227,55247,55423,55204,55430,55190,55197,55667,55210],"class_list":{"0":"post-385164","1":"product","2":"type-product","3":"status-publish","4":"has-post-thumbnail","6":"product_cat-ekskursioonid","7":"product_tag-delfiinimaja-soma-bay","8":"product_tag-eraldiseisev-paat-soma-bay","9":"product_tag-giftuni-saar-soma-bay","10":"product_tag-kiirlaev-soma-bay","11":"product_tag-lobusad-peretegevused-soma-bayst","12":"product_tag-orange-bay-island-soma-bay-et","13":"product_tag-paadilaenutus-soma-bay","14":"product_tag-paaride-siseruumides-toimuvad-tegevused-soma-bay","15":"product_tag-paradiisisaar-soma-bay","16":"product_tag-piraadipaat-soma-bay","17":"product_tag-romantilised-tegevused-paaridele-soma-bays","18":"product_tag-soma-bay-boat-charters-et","19":"product_tag-soma-bay-erapaadiretk","20":"product_tag-soma-bay-mida-teha","21":"product_tag-soma-bay-paadiretked","22":"product_tag-soma-bay-paevased-ekskursioonid","23":"product_tag-soma-bay-snorkeling-valjasoidud","24":"product_tag-sukeldumine-soma-bay","25":"product_tag-tegevused-teens-alates-soma-bay","26":"product_tag-ujumine-delfiinidega-soma-bay","27":"tour_category-soma-lahe-ekskursioonid","28":"tour_category-soma-bay-snorkeling-et","30":"first","31":"instock","32":"sale","33":"shipping-taxable","34":"purchasable","35":"product-type-tour"},"yoast_head":"<!-- This site is optimized with the Yoast SEO Premium plugin v26.9 (Yoast SEO v27.2) - https:\/\/yoast.com\/product\/yoast-seo-premium-wordpress\/ -->\n<title>Piraadid Purjepaat Orange Bay Island Soma Bayst<\/title>\n<meta name=\"description\" content=\"Piraatide purjepaat Orange bay Island Soma bay koos VIP l\u00f5unas\u00f6\u00f6giga. luksuslik purjekas. ilus korallrahu koht. krevetid ja mereannid ja muud...\" \/>\n<meta name=\"robots\" content=\"index, follow, max-snippet:-1, max-image-preview:large, max-video-preview:-1\" \/>\n<link rel=\"canonical\" href=\"https:\/\/hurghadalovers.com\/et\/tours\/piraadid-purjekas-purjekas-oranzile-saarele-soma-saarelt\/\" \/>\n<meta property=\"og:locale\" content=\"et_EE\" \/>\n<meta property=\"og:type\" content=\"article\" \/>\n<meta property=\"og:title\" content=\"Piraadid Purjepaat Orange Bay Island Soma Bayst\" \/>\n<meta property=\"og:description\" content=\"Piraatide purjepaat Orange bay Island Soma bay koos VIP l\u00f5unas\u00f6\u00f6giga. luksuslik purjekas. ilus korallrahu koht. krevetid ja mereannid ja muud...\" \/>\n<meta property=\"og:url\" content=\"https:\/\/hurghadalovers.com\/et\/tours\/piraadid-purjekas-purjekas-oranzile-saarele-soma-saarelt\/\" \/>\n<meta property=\"og:site_name\" content=\"Hurghada Excursions &amp; Day Trips | Booking Best Prices Tours\" \/>\n<meta property=\"article:publisher\" content=\"https:\/\/www.facebook.com\/Hurghadaloversegypt\" \/>\n<meta property=\"article:modified_time\" content=\"2026-02-08T23:43:16+00:00\" \/>\n<meta property=\"og:image\" content=\"https:\/\/hurghadalovers.com\/wp-content\/uploads\/2023\/08\/Pirates-Sailing-Boat-to-Orange-bay-Island-from-Soma-bay.jpeg\" \/>\n\t<meta property=\"og:image:width\" content=\"1156\" \/>\n\t<meta property=\"og:image:height\" content=\"867\" \/>\n\t<meta property=\"og:image:type\" content=\"image\/jpeg\" \/>\n<meta name=\"twitter:card\" content=\"summary_large_image\" \/>\n<meta name=\"twitter:label1\" content=\"Price\" \/>\n\t<meta name=\"twitter:data1\" content=\"&euro;&nbsp;90\" \/>\n\t<meta name=\"twitter:label2\" content=\"Availability\" \/>\n\t<meta name=\"twitter:data2\" content=\"In stock\" \/>\n<script type=\"application\/ld+json\" class=\"yoast-schema-graph\">{\"@context\":\"https:\/\/schema.org\",\"@graph\":[{\"@type\":[\"WebPage\",\"ItemPage\"],\"@id\":\"https:\/\/hurghadalovers.com\/et\/tours\/piraadid-purjekas-purjekas-oranzile-saarele-soma-saarelt\/\",\"url\":\"https:\/\/hurghadalovers.com\/et\/tours\/piraadid-purjekas-purjekas-oranzile-saarele-soma-saarelt\/\",\"name\":\"Piraadid Purjepaat Orange Bay Island Soma Bayst\",\"isPartOf\":{\"@id\":\"https:\/\/hurghadalovers.com\/et\/#website\"},\"primaryImageOfPage\":{\"@id\":\"https:\/\/hurghadalovers.com\/et\/tours\/piraadid-purjekas-purjekas-oranzile-saarele-soma-saarelt\/#primaryimage\"},\"image\":{\"@id\":\"https:\/\/hurghadalovers.com\/et\/tours\/piraadid-purjekas-purjekas-oranzile-saarele-soma-saarelt\/#primaryimage\"},\"thumbnailUrl\":\"https:\/\/hurghadalovers.com\/wp-content\/uploads\/2023\/08\/Pirates-Sailing-Boat-to-Orange-bay-Island-from-Soma-bay.jpeg\",\"datePublished\":\"2023-08-27T11:39:09+00:00\",\"dateModified\":\"2026-02-08T23:43:16+00:00\",\"description\":\"Piraatide purjepaat Orange bay Island Soma bay koos VIP l\u00f5unas\u00f6\u00f6giga. luksuslik purjekas. ilus korallrahu koht. krevetid ja mereannid ja muud...\",\"breadcrumb\":{\"@id\":\"https:\/\/hurghadalovers.com\/et\/tours\/piraadid-purjekas-purjekas-oranzile-saarele-soma-saarelt\/#breadcrumb\"},\"inLanguage\":\"et\",\"potentialAction\":[{\"@type\":\"ReadAction\",\"target\":[\"https:\/\/hurghadalovers.com\/et\/tours\/piraadid-purjekas-purjekas-oranzile-saarele-soma-saarelt\/\"]}]},{\"@type\":\"ImageObject\",\"inLanguage\":\"et\",\"@id\":\"https:\/\/hurghadalovers.com\/et\/tours\/piraadid-purjekas-purjekas-oranzile-saarele-soma-saarelt\/#primaryimage\",\"url\":\"https:\/\/hurghadalovers.com\/wp-content\/uploads\/2023\/08\/Pirates-Sailing-Boat-to-Orange-bay-Island-from-Soma-bay.jpeg\",\"contentUrl\":\"https:\/\/hurghadalovers.com\/wp-content\/uploads\/2023\/08\/Pirates-Sailing-Boat-to-Orange-bay-Island-from-Soma-bay.jpeg\",\"width\":1156,\"height\":867,\"caption\":\"Pirates Sailing Boat to Orange bay Island from Soma bay with VIP Lunch.\"},{\"@type\":\"BreadcrumbList\",\"@id\":\"https:\/\/hurghadalovers.com\/et\/tours\/piraadid-purjekas-purjekas-oranzile-saarele-soma-saarelt\/#breadcrumb\",\"itemListElement\":[{\"@type\":\"ListItem\",\"position\":1,\"name\":\"Home\",\"item\":\"https:\/\/hurghadalovers.com\/et\/\"},{\"@type\":\"ListItem\",\"position\":2,\"name\":\"Shop\",\"item\":\"https:\/\/hurghadalovers.com\/et\/shop\/\"},{\"@type\":\"ListItem\",\"position\":3,\"name\":\"Piraadid Purjepaat Orange Bay Island Soma Bayst\"}]},{\"@type\":\"WebSite\",\"@id\":\"https:\/\/hurghadalovers.com\/et\/#website\",\"url\":\"https:\/\/hurghadalovers.com\/et\/\",\"name\":\"Hurghada Excursions & Day Trips | Booking Best Prices Tours\",\"description\":\"Hurghada Lovers - Best Tour Operator - Excursions &amp; Things to do for Family Day Trips with kids and Couples Romantic. Unique .Hidden gems\",\"publisher\":{\"@id\":\"https:\/\/hurghadalovers.com\/et\/#organization\"},\"alternateName\":\"Hurghada Excursions\",\"potentialAction\":[{\"@type\":\"SearchAction\",\"target\":{\"@type\":\"EntryPoint\",\"urlTemplate\":\"https:\/\/hurghadalovers.com\/et\/?s={search_term_string}\"},\"query-input\":{\"@type\":\"PropertyValueSpecification\",\"valueRequired\":true,\"valueName\":\"search_term_string\"}}],\"inLanguage\":\"et\"},{\"@type\":[\"Organization\",\"Place\",\"TravelAgency\"],\"@id\":\"https:\/\/hurghadalovers.com\/et\/#organization\",\"name\":\"Hurghada Excursions\",\"url\":\"https:\/\/hurghadalovers.com\/et\/\",\"logo\":{\"@id\":\"https:\/\/hurghadalovers.com\/et\/tours\/piraadid-purjekas-purjekas-oranzile-saarele-soma-saarelt\/#local-main-organization-logo\"},\"image\":{\"@id\":\"https:\/\/hurghadalovers.com\/et\/tours\/piraadid-purjekas-purjekas-oranzile-saarele-soma-saarelt\/#local-main-organization-logo\"},\"sameAs\":[\"https:\/\/www.facebook.com\/Hurghadaloversegypt\"],\"address\":{\"@id\":\"https:\/\/hurghadalovers.com\/et\/tours\/piraadid-purjekas-purjekas-oranzile-saarele-soma-saarelt\/#local-main-place-address\"},\"telephone\":[\"00201112596434\"],\"contactPoint\":{\"@type\":\"ContactPoint\",\"telephone\":\"00201112596434\",\"email\":\"weyouface@gmail.com\"},\"openingHoursSpecification\":{\"@type\":\"OpeningHoursSpecification\",\"dayOfWeek\":[\"Monday\",\"Tuesday\",\"Wednesday\",\"Thursday\",\"Friday\",\"Saturday\",\"Sunday\"],\"opens\":\"00:00\",\"closes\":\"23:59\"},\"email\":\"weyouface@gmail.com\",\"areaServed\":\"Luxor, Hurghada, El Gouna, Aswan, Sharm El Sheikh, Giza, Alexandria, Marsa Alam, Quseir, Soma Bay, Sahl Hasheesh, Red Sea, Makadi Bay, Cairo\",\"priceRange\":\"$\",\"currenciesAccepted\":\"euro\",\"paymentAccepted\":\"cash on site\"},{\"@type\":\"PostalAddress\",\"@id\":\"https:\/\/hurghadalovers.com\/et\/tours\/piraadid-purjekas-purjekas-oranzile-saarele-soma-saarelt\/#local-main-place-address\",\"streetAddress\":\"17 Banks street, Alkawther area, top nbk bank\",\"addressLocality\":\"hurghada\",\"postalCode\":\"84511\",\"addressRegion\":\"red sea\",\"addressCountry\":\"EG\"},{\"@type\":\"ImageObject\",\"inLanguage\":\"et\",\"@id\":\"https:\/\/hurghadalovers.com\/et\/tours\/piraadid-purjekas-purjekas-oranzile-saarele-soma-saarelt\/#local-main-organization-logo\",\"url\":\"https:\/\/hurghadalovers.com\/wp-content\/uploads\/2019\/10\/hurghada-excursions-logo.png\",\"contentUrl\":\"https:\/\/hurghadalovers.com\/wp-content\/uploads\/2019\/10\/hurghada-excursions-logo.png\",\"width\":272,\"height\":90,\"caption\":\"Hurghada Excursions\"}]}<\/script>\n<meta property=\"product:brand\" content=\"Ekskursioonid in Soma Bay\" \/>\n<meta property=\"product:price:amount\" content=\"90\" \/>\n<meta property=\"product:price:currency\" content=\"EUR\" \/>\n<meta property=\"og:availability\" content=\"instock\" \/>\n<meta property=\"product:availability\" content=\"instock\" \/>\n<meta property=\"product:retailer_item_id\" content=\"PrivateSoma142024\" \/>\n<meta property=\"product:condition\" content=\"new\" \/>\n<meta name=\"geo.placename\" content=\"hurghada\" \/>\n<meta name=\"geo.region\" content=\"Egypt\" \/>\n<!-- \/ Yoast SEO Premium plugin. -->","yoast_head_json":{"title":"Piraadid Purjepaat Orange Bay Island Soma Bayst","description":"Piraatide purjepaat Orange bay Island Soma bay koos VIP l\u00f5unas\u00f6\u00f6giga. luksuslik purjekas. ilus korallrahu koht. krevetid ja mereannid ja muud...","robots":{"index":"index","follow":"follow","max-snippet":"max-snippet:-1","max-image-preview":"max-image-preview:large","max-video-preview":"max-video-preview:-1"},"canonical":"https:\/\/hurghadalovers.com\/et\/tours\/piraadid-purjekas-purjekas-oranzile-saarele-soma-saarelt\/","og_locale":"et_EE","og_type":"article","og_title":"Piraadid Purjepaat Orange Bay Island Soma Bayst","og_description":"Piraatide purjepaat Orange bay Island Soma bay koos VIP l\u00f5unas\u00f6\u00f6giga. luksuslik purjekas. ilus korallrahu koht. krevetid ja mereannid ja muud...","og_url":"https:\/\/hurghadalovers.com\/et\/tours\/piraadid-purjekas-purjekas-oranzile-saarele-soma-saarelt\/","og_site_name":"Hurghada Excursions &amp; Day Trips | Booking Best Prices Tours","article_publisher":"https:\/\/www.facebook.com\/Hurghadaloversegypt","article_modified_time":"2026-02-08T23:43:16+00:00","og_image":[{"width":1156,"height":867,"url":"https:\/\/hurghadalovers.com\/wp-content\/uploads\/2023\/08\/Pirates-Sailing-Boat-to-Orange-bay-Island-from-Soma-bay.jpeg","type":"image\/jpeg"}],"twitter_card":"summary_large_image","twitter_misc":{"Price":"&euro;&nbsp;90","Availability":"In stock"},"schema":{"@context":"https:\/\/schema.org","@graph":[{"@type":["WebPage","ItemPage"],"@id":"https:\/\/hurghadalovers.com\/et\/tours\/piraadid-purjekas-purjekas-oranzile-saarele-soma-saarelt\/","url":"https:\/\/hurghadalovers.com\/et\/tours\/piraadid-purjekas-purjekas-oranzile-saarele-soma-saarelt\/","name":"Piraadid Purjepaat Orange Bay Island Soma Bayst","isPartOf":{"@id":"https:\/\/hurghadalovers.com\/et\/#website"},"primaryImageOfPage":{"@id":"https:\/\/hurghadalovers.com\/et\/tours\/piraadid-purjekas-purjekas-oranzile-saarele-soma-saarelt\/#primaryimage"},"image":{"@id":"https:\/\/hurghadalovers.com\/et\/tours\/piraadid-purjekas-purjekas-oranzile-saarele-soma-saarelt\/#primaryimage"},"thumbnailUrl":"https:\/\/hurghadalovers.com\/wp-content\/uploads\/2023\/08\/Pirates-Sailing-Boat-to-Orange-bay-Island-from-Soma-bay.jpeg","datePublished":"2023-08-27T11:39:09+00:00","dateModified":"2026-02-08T23:43:16+00:00","description":"Piraatide purjepaat Orange bay Island Soma bay koos VIP l\u00f5unas\u00f6\u00f6giga. luksuslik purjekas. ilus korallrahu koht. krevetid ja mereannid ja muud...","breadcrumb":{"@id":"https:\/\/hurghadalovers.com\/et\/tours\/piraadid-purjekas-purjekas-oranzile-saarele-soma-saarelt\/#breadcrumb"},"inLanguage":"et","potentialAction":[{"@type":"ReadAction","target":["https:\/\/hurghadalovers.com\/et\/tours\/piraadid-purjekas-purjekas-oranzile-saarele-soma-saarelt\/"]}]},{"@type":"ImageObject","inLanguage":"et","@id":"https:\/\/hurghadalovers.com\/et\/tours\/piraadid-purjekas-purjekas-oranzile-saarele-soma-saarelt\/#primaryimage","url":"https:\/\/hurghadalovers.com\/wp-content\/uploads\/2023\/08\/Pirates-Sailing-Boat-to-Orange-bay-Island-from-Soma-bay.jpeg","contentUrl":"https:\/\/hurghadalovers.com\/wp-content\/uploads\/2023\/08\/Pirates-Sailing-Boat-to-Orange-bay-Island-from-Soma-bay.jpeg","width":1156,"height":867,"caption":"Pirates Sailing Boat to Orange bay Island from Soma bay with VIP Lunch."},{"@type":"BreadcrumbList","@id":"https:\/\/hurghadalovers.com\/et\/tours\/piraadid-purjekas-purjekas-oranzile-saarele-soma-saarelt\/#breadcrumb","itemListElement":[{"@type":"ListItem","position":1,"name":"Home","item":"https:\/\/hurghadalovers.com\/et\/"},{"@type":"ListItem","position":2,"name":"Shop","item":"https:\/\/hurghadalovers.com\/et\/shop\/"},{"@type":"ListItem","position":3,"name":"Piraadid Purjepaat Orange Bay Island Soma Bayst"}]},{"@type":"WebSite","@id":"https:\/\/hurghadalovers.com\/et\/#website","url":"https:\/\/hurghadalovers.com\/et\/","name":"Hurghada Excursions & Day Trips | Booking Best Prices Tours","description":"Hurghada Lovers - Best Tour Operator - Excursions &amp; Things to do for Family Day Trips with kids and Couples Romantic. Unique .Hidden gems","publisher":{"@id":"https:\/\/hurghadalovers.com\/et\/#organization"},"alternateName":"Hurghada Excursions","potentialAction":[{"@type":"SearchAction","target":{"@type":"EntryPoint","urlTemplate":"https:\/\/hurghadalovers.com\/et\/?s={search_term_string}"},"query-input":{"@type":"PropertyValueSpecification","valueRequired":true,"valueName":"search_term_string"}}],"inLanguage":"et"},{"@type":["Organization","Place","TravelAgency"],"@id":"https:\/\/hurghadalovers.com\/et\/#organization","name":"Hurghada Excursions","url":"https:\/\/hurghadalovers.com\/et\/","logo":{"@id":"https:\/\/hurghadalovers.com\/et\/tours\/piraadid-purjekas-purjekas-oranzile-saarele-soma-saarelt\/#local-main-organization-logo"},"image":{"@id":"https:\/\/hurghadalovers.com\/et\/tours\/piraadid-purjekas-purjekas-oranzile-saarele-soma-saarelt\/#local-main-organization-logo"},"sameAs":["https:\/\/www.facebook.com\/Hurghadaloversegypt"],"address":{"@id":"https:\/\/hurghadalovers.com\/et\/tours\/piraadid-purjekas-purjekas-oranzile-saarele-soma-saarelt\/#local-main-place-address"},"telephone":["00201112596434"],"contactPoint":{"@type":"ContactPoint","telephone":"00201112596434","email":"weyouface@gmail.com"},"openingHoursSpecification":{"@type":"OpeningHoursSpecification","dayOfWeek":["Monday","Tuesday","Wednesday","Thursday","Friday","Saturday","Sunday"],"opens":"00:00","closes":"23:59"},"email":"weyouface@gmail.com","areaServed":"Luxor, Hurghada, El Gouna, Aswan, Sharm El Sheikh, Giza, Alexandria, Marsa Alam, Quseir, Soma Bay, Sahl Hasheesh, Red Sea, Makadi Bay, Cairo","priceRange":"$","currenciesAccepted":"euro","paymentAccepted":"cash on site"},{"@type":"PostalAddress","@id":"https:\/\/hurghadalovers.com\/et\/tours\/piraadid-purjekas-purjekas-oranzile-saarele-soma-saarelt\/#local-main-place-address","streetAddress":"17 Banks street, Alkawther area, top nbk bank","addressLocality":"hurghada","postalCode":"84511","addressRegion":"red sea","addressCountry":"EG"},{"@type":"ImageObject","inLanguage":"et","@id":"https:\/\/hurghadalovers.com\/et\/tours\/piraadid-purjekas-purjekas-oranzile-saarele-soma-saarelt\/#local-main-organization-logo","url":"https:\/\/hurghadalovers.com\/wp-content\/uploads\/2019\/10\/hurghada-excursions-logo.png","contentUrl":"https:\/\/hurghadalovers.com\/wp-content\/uploads\/2019\/10\/hurghada-excursions-logo.png","width":272,"height":90,"caption":"Hurghada Excursions"}]},"product_brand":"Ekskursioonid in Soma Bay","product_price_amount":"90","product_price_currency":"EUR","og_availability":"instock","product_availability":"instock","product_retailer_item_id":"PrivateSoma142024","product_condition":"new","geo.placename":"hurghada","geo.region":"Egypt"},"_links":{"self":[{"href":"https:\/\/hurghadalovers.com\/et\/wp-json\/wp\/v2\/product\/385164","targetHints":{"allow":["GET"]}}],"collection":[{"href":"https:\/\/hurghadalovers.com\/et\/wp-json\/wp\/v2\/product"}],"about":[{"href":"https:\/\/hurghadalovers.com\/et\/wp-json\/wp\/v2\/types\/product"}],"wp:featuredmedia":[{"embeddable":true,"href":"https:\/\/hurghadalovers.com\/et\/wp-json\/wp\/v2\/media\/385114"}],"wp:attachment":[{"href":"https:\/\/hurghadalovers.com\/et\/wp-json\/wp\/v2\/media?parent=385164"}],"wp:term":[{"taxonomy":"product_brand","embeddable":true,"href":"https:\/\/hurghadalovers.com\/et\/wp-json\/wp\/v2\/product_brand?post=385164"},{"taxonomy":"product_cat","embeddable":true,"href":"https:\/\/hurghadalovers.com\/et\/wp-json\/wp\/v2\/product_cat?post=385164"},{"taxonomy":"product_tag","embeddable":true,"href":"https:\/\/hurghadalovers.com\/et\/wp-json\/wp\/v2\/product_tag?post=385164"}],"curies":[{"name":"wp","href":"https:\/\/api.w.org\/{rel}","templated":true}]}}