{"id":384755,"date":"2023-08-27T10:12:44","date_gmt":"2023-08-27T10:12:44","guid":{"rendered":"https:\/\/hurghadalovers.com\/shop\/maaratlemata\/soma-bay-kiirlaeva-rentimine-delfiinide-majja-ja-snorkeldamine\/"},"modified":"2026-02-09T01:36:45","modified_gmt":"2026-02-09T01:36:45","slug":"soma-bay-kiirlaev-renting-to-dolphin-house-snorkeling","status":"publish","type":"product","link":"https:\/\/hurghadalovers.com\/et\/tours\/soma-bay-kiirlaev-renting-to-dolphin-house-snorkeling\/","title":{"rendered":"Soma bay Kiirlaeva rentimine delfiinide majja ja snorkeldamine"},"content":{"rendered":"<p><strong>Soma bay Kiirlaeva rentimine delfiinide majja <\/strong><strong> ja snorgeldamine<\/strong> <strong>koos delfiinidega + snorgeldamiskohad <\/strong><strong>koos<\/strong> piletite, jookide ja transfeeriga.<\/p>\n<p style=\"text-align: center;\"><span style=\"color: #00ccff;\">K\u00f5ige ilusam Soma laht <strong>Peres\u00f5bralikud tegevused<\/strong>, <strong>Asjad, mida teha koos lastega<\/strong>, pension\u00e4rid, <strong>mesin\u00e4dalad<\/strong> ja <strong>paar<\/strong>.<\/span><\/p>\n<p><strong>T\u00e4hts\u00fcndmused:<\/strong><\/p>\n<ul>\n<li>\u00dcks koht snorgeldamine ja delfiinide vaatlemine.<\/li>\n<li>\u00fcks koht Snorkeling House Reef.<\/li>\n<\/ul>\n<p><strong>\u00dcksikasjad:<\/strong><\/p>\n<ul>\n<li>Ringk\u00e4igu k\u00e4ttesaadavus: Iga p\u00e4ev.<\/li>\n<li>Ekskursiooni t\u00fc\u00fcp: Privaatne.<\/li>\n<li>Vastuv\u00f5tuaeg: algus kell 07:30 v\u00f5i 12:00.<\/li>\n<li>V\u00e4ljas\u00f5idu aeg: 13:00 v\u00f5i 18:00.<\/li>\n<li>Ligip\u00e4\u00e4setav ratastooliga.<\/li>\n<li>Kestus: 4-5 tundi.<\/li>\n<\/ul>\n<p><strong>Broneeri n\u00fc\u00fcd ja maksa hiljem:<\/strong><\/p>\n<ul>\n<li>Sularaha kohapeal juhile.<\/li>\n<li>Maksmine Egiptuse naelades, $, \u20ac v\u00f5i \u00a3.<\/li>\n<\/ul>\n<p><strong>T\u00fchistamispoliitika:<\/strong><\/p>\n<ul>\n<li>t\u00fchistate kuni 24 tundi ette.<\/li>\n<li>Kui keegi teie perekonnast t\u00fchistab hommikul, maksab 50% kuludest.<\/li>\n<\/ul>\n<p><strong>Mis on lisatud?<\/strong><\/p>\n<ul>\n<li>Transfeer Soma bay Hotels &#8220;Hotel pick up and drop off&#8221;.<\/li>\n<li>K\u00f5ik maksud, sissep\u00e4\u00e4sutasud ja k\u00e4itlemistasud.<\/li>\n<li>Mineraalvesi + Cola.<\/li>\n<li>\u00fcks snorgeldamiskoht.<\/li>\n<li>\u00dcks koht snorgeldamine ja delfiinide vaatlemine.<\/li>\n<li>Snorkeldamisvarustus &#8220;Maskid ja ujumisriistad&#8221;.<\/li>\n<\/ul>\n<p><strong>V\u00e4ljaarvamised?<\/strong><\/p>\n<ul>\n<li>Jootraha.<\/li>\n<li>Joogid restoranis The Orange Bay Island.<\/li>\n<li>K\u00f5ik lisad, mida ei ole mainitud.<\/li>\n<\/ul>\n<p><strong>Hinnad:<\/strong><\/p>\n<ul>\n<li><strong>piletid &#8220;2 inimest&#8221;= 2<\/strong><strong>20$.<\/strong><\/li>\n<li><strong>Kuni 2 inimest lisapilet = 5$ inimese kohta.<\/strong><\/li>\n<\/ul>\n<p><strong>Arvustused:<\/strong><\/p>\n<p>vaadata meie Google Map Arvamused kui parim <a href=\"https:\/\/g.page\/r\/CUeYvkngP3wkEBM\/review\">reisikorraldaja Hurghada<\/a> online <a href=\"https:\/\/hurghadalovers.com\/\">Hurghada<\/a> Egiptus.<\/p>\n<p>&nbsp;<\/p>\n<p><strong>Broneerimine:<\/strong><\/p>\n<p>Saada hotell + toa number + fotopassid WhatsAppi: <strong>+201112596434<\/strong><\/p>\n<p>Kui te v\u00e4lja Egiptus Broneerimine n\u00fc\u00fcd online ja kinnitada, kui saabumine Hotel.<\/p>\n<p>&nbsp;<\/p>\n<p>&nbsp;<\/p>\n","protected":false},"excerpt":{"rendered":"<p><strong>Soma bay Kiirlaeva rentimine delfiinide majja <\/strong><strong> ja snorgeldamine<\/strong> <strong>koos delfiinidega + snorgeldamiskohad <\/strong><strong>koos<\/strong> piletite, jookide ja transfeeriga.<\/p>\n<p style=\"text-align: center;\"><span style=\"color: #00ccff;\">K\u00f5ige ilusam Soma laht <strong>Peres\u00f5bralikud tegevused<\/strong>, <strong>Asjad, mida teha koos lastega<\/strong>, pension\u00e4rid, <strong>mesin\u00e4dalad<\/strong> ja <strong>paar<\/strong>.<\/span><\/p>\n<p>&nbsp;<\/p>\n","protected":false},"featured_media":486282,"template":"","meta":{"_joinchat":[]},"product_brand":[],"product_cat":[36652],"product_tag":[55254,55233,55216,55221,55630,55277,55239,55639,55270,55261,55461,55227,55247,55176,55183,55204,55169,55657,55190,55197,55162,55210],"class_list":{"0":"post-384755","1":"product","2":"type-product","3":"status-publish","4":"has-post-thumbnail","6":"product_cat-ekskursioonid","7":"product_tag-delfiinimaja-soma-bay","8":"product_tag-eraldiseisev-paat-soma-bay","9":"product_tag-giftuni-saar-soma-bay","10":"product_tag-kiirlaev-soma-bay","11":"product_tag-kohad-mida-kulastada-soma-bay","12":"product_tag-orange-bay-island-soma-bay-et","13":"product_tag-paadilaenutus-soma-bay","14":"product_tag-paevased-ekskursioonid-soma-bayst-et","15":"product_tag-paradiisisaar-soma-bay","16":"product_tag-piraadipaat-soma-bay","17":"product_tag-romantilised-asjad-mida-teha-soma-bays","18":"product_tag-soma-bay-boat-charters-et","19":"product_tag-soma-bay-erapaadiretk","20":"product_tag-soma-bay-lapsesobralikud-ekskursioonid","21":"product_tag-soma-bay-laste-tegevused","22":"product_tag-soma-bay-paadiretked","23":"product_tag-soma-bay-peresobralikud-tegevused","24":"product_tag-soma-bay-romantilised-ekskursioonid","25":"product_tag-soma-bay-snorkeling-valjasoidud","26":"product_tag-sukeldumine-soma-bay","27":"product_tag-tegevused-2-aastastele-lastele-alates-soma-bayst","28":"product_tag-ujumine-delfiinidega-soma-bay","29":"tour_category-soma-lahe-ekskursioonid","30":"tour_category-soma-bay-snorkeling-et","32":"first","33":"instock","34":"sale","35":"shipping-taxable","36":"purchasable","37":"product-type-tour"},"yoast_head":"<!-- This site is optimized with the Yoast SEO Premium plugin v26.9 (Yoast SEO v27.2) - https:\/\/yoast.com\/product\/yoast-seo-premium-wordpress\/ -->\n<title>Soma bay Kiirlaeva rentimine delfiinide majja ja snorkeldamine<\/title>\n<meta name=\"description\" content=\"Soma bay Kiirlaeva rentimine delfiinide majja ja snorgeldamine koos delfiinidega + snorgeldamiskohad koos piletite, jookide ja transfeeriga.\" \/>\n<meta name=\"robots\" content=\"index, follow, max-snippet:-1, max-image-preview:large, max-video-preview:-1\" \/>\n<link rel=\"canonical\" href=\"https:\/\/hurghadalovers.com\/et\/tours\/soma-bay-kiirlaev-renting-to-dolphin-house-snorkeling\/\" \/>\n<meta property=\"og:locale\" content=\"et_EE\" \/>\n<meta property=\"og:type\" content=\"article\" \/>\n<meta property=\"og:title\" content=\"Soma bay Kiirlaeva rentimine delfiinide majja ja snorkeldamine\" \/>\n<meta property=\"og:description\" content=\"Soma bay Kiirlaeva rentimine delfiinide majja ja snorgeldamine koos delfiinidega + snorgeldamiskohad koos piletite, jookide ja transfeeriga.\" \/>\n<meta property=\"og:url\" content=\"https:\/\/hurghadalovers.com\/et\/tours\/soma-bay-kiirlaev-renting-to-dolphin-house-snorkeling\/\" \/>\n<meta property=\"og:site_name\" content=\"Hurghada Excursions &amp; Day Trips | Booking Best Prices Tours\" \/>\n<meta property=\"article:publisher\" content=\"https:\/\/www.facebook.com\/Hurghadaloversegypt\" \/>\n<meta property=\"article:modified_time\" content=\"2026-02-09T01:36:45+00:00\" \/>\n<meta property=\"og:image\" content=\"https:\/\/hurghadalovers.com\/wp-content\/uploads\/2025\/07\/Abu-Minqar-Hurghada-Trips-by-speedboat-All-inclusive-2028.jpeg\" \/>\n\t<meta property=\"og:image:width\" content=\"1156\" \/>\n\t<meta property=\"og:image:height\" content=\"867\" \/>\n\t<meta property=\"og:image:type\" content=\"image\/jpeg\" \/>\n<meta name=\"twitter:card\" content=\"summary_large_image\" \/>\n<meta name=\"twitter:label1\" content=\"Price\" \/>\n\t<meta name=\"twitter:data1\" content=\"&euro;&nbsp;250\" \/>\n\t<meta name=\"twitter:label2\" content=\"Availability\" \/>\n\t<meta name=\"twitter:data2\" content=\"In stock\" \/>\n<script type=\"application\/ld+json\" class=\"yoast-schema-graph\">{\"@context\":\"https:\/\/schema.org\",\"@graph\":[{\"@type\":[\"WebPage\",\"ItemPage\"],\"@id\":\"https:\/\/hurghadalovers.com\/et\/tours\/soma-bay-kiirlaev-renting-to-dolphin-house-snorkeling\/\",\"url\":\"https:\/\/hurghadalovers.com\/et\/tours\/soma-bay-kiirlaev-renting-to-dolphin-house-snorkeling\/\",\"name\":\"Soma bay Kiirlaeva rentimine delfiinide majja ja snorkeldamine\",\"isPartOf\":{\"@id\":\"https:\/\/hurghadalovers.com\/et\/#website\"},\"primaryImageOfPage\":{\"@id\":\"https:\/\/hurghadalovers.com\/et\/tours\/soma-bay-kiirlaev-renting-to-dolphin-house-snorkeling\/#primaryimage\"},\"image\":{\"@id\":\"https:\/\/hurghadalovers.com\/et\/tours\/soma-bay-kiirlaev-renting-to-dolphin-house-snorkeling\/#primaryimage\"},\"thumbnailUrl\":\"https:\/\/hurghadalovers.com\/wp-content\/uploads\/2025\/07\/Abu-Minqar-Hurghada-Trips-by-speedboat-All-inclusive-2028.jpeg\",\"datePublished\":\"2023-08-27T10:12:44+00:00\",\"dateModified\":\"2026-02-09T01:36:45+00:00\",\"description\":\"Soma bay Kiirlaeva rentimine delfiinide majja ja snorgeldamine koos delfiinidega + snorgeldamiskohad koos piletite, jookide ja transfeeriga.\",\"breadcrumb\":{\"@id\":\"https:\/\/hurghadalovers.com\/et\/tours\/soma-bay-kiirlaev-renting-to-dolphin-house-snorkeling\/#breadcrumb\"},\"inLanguage\":\"et\",\"potentialAction\":[{\"@type\":\"ReadAction\",\"target\":[\"https:\/\/hurghadalovers.com\/et\/tours\/soma-bay-kiirlaev-renting-to-dolphin-house-snorkeling\/\"]}]},{\"@type\":\"ImageObject\",\"inLanguage\":\"et\",\"@id\":\"https:\/\/hurghadalovers.com\/et\/tours\/soma-bay-kiirlaev-renting-to-dolphin-house-snorkeling\/#primaryimage\",\"url\":\"https:\/\/hurghadalovers.com\/wp-content\/uploads\/2025\/07\/Abu-Minqar-Hurghada-Trips-by-speedboat-All-inclusive-2028.jpeg\",\"contentUrl\":\"https:\/\/hurghadalovers.com\/wp-content\/uploads\/2025\/07\/Abu-Minqar-Hurghada-Trips-by-speedboat-All-inclusive-2028.jpeg\",\"width\":1156,\"height\":867,\"caption\":\"Abu Minqar Hurghada Trips by speedboat All inclusive 2028\"},{\"@type\":\"BreadcrumbList\",\"@id\":\"https:\/\/hurghadalovers.com\/et\/tours\/soma-bay-kiirlaev-renting-to-dolphin-house-snorkeling\/#breadcrumb\",\"itemListElement\":[{\"@type\":\"ListItem\",\"position\":1,\"name\":\"Home\",\"item\":\"https:\/\/hurghadalovers.com\/et\/\"},{\"@type\":\"ListItem\",\"position\":2,\"name\":\"Shop\",\"item\":\"https:\/\/hurghadalovers.com\/et\/shop\/\"},{\"@type\":\"ListItem\",\"position\":3,\"name\":\"Soma bay Kiirlaeva rentimine delfiinide majja ja snorkeldamine\"}]},{\"@type\":\"WebSite\",\"@id\":\"https:\/\/hurghadalovers.com\/et\/#website\",\"url\":\"https:\/\/hurghadalovers.com\/et\/\",\"name\":\"Hurghada Excursions & Day Trips | Booking Best Prices Tours\",\"description\":\"Hurghada Lovers - Best Tour Operator - Excursions &amp; Things to do for Family Day Trips with kids and Couples Romantic. Unique .Hidden gems\",\"publisher\":{\"@id\":\"https:\/\/hurghadalovers.com\/et\/#organization\"},\"alternateName\":\"Hurghada Excursions\",\"potentialAction\":[{\"@type\":\"SearchAction\",\"target\":{\"@type\":\"EntryPoint\",\"urlTemplate\":\"https:\/\/hurghadalovers.com\/et\/?s={search_term_string}\"},\"query-input\":{\"@type\":\"PropertyValueSpecification\",\"valueRequired\":true,\"valueName\":\"search_term_string\"}}],\"inLanguage\":\"et\"},{\"@type\":[\"Organization\",\"Place\",\"TravelAgency\"],\"@id\":\"https:\/\/hurghadalovers.com\/et\/#organization\",\"name\":\"Hurghada Excursions\",\"url\":\"https:\/\/hurghadalovers.com\/et\/\",\"logo\":{\"@id\":\"https:\/\/hurghadalovers.com\/et\/tours\/soma-bay-kiirlaev-renting-to-dolphin-house-snorkeling\/#local-main-organization-logo\"},\"image\":{\"@id\":\"https:\/\/hurghadalovers.com\/et\/tours\/soma-bay-kiirlaev-renting-to-dolphin-house-snorkeling\/#local-main-organization-logo\"},\"sameAs\":[\"https:\/\/www.facebook.com\/Hurghadaloversegypt\"],\"address\":{\"@id\":\"https:\/\/hurghadalovers.com\/et\/tours\/soma-bay-kiirlaev-renting-to-dolphin-house-snorkeling\/#local-main-place-address\"},\"telephone\":[\"00201112596434\"],\"contactPoint\":{\"@type\":\"ContactPoint\",\"telephone\":\"00201112596434\",\"email\":\"weyouface@gmail.com\"},\"openingHoursSpecification\":{\"@type\":\"OpeningHoursSpecification\",\"dayOfWeek\":[\"Monday\",\"Tuesday\",\"Wednesday\",\"Thursday\",\"Friday\",\"Saturday\",\"Sunday\"],\"opens\":\"00:00\",\"closes\":\"23:59\"},\"email\":\"weyouface@gmail.com\",\"areaServed\":\"Luxor, Hurghada, El Gouna, Aswan, Sharm El Sheikh, Giza, Alexandria, Marsa Alam, Quseir, Soma Bay, Sahl Hasheesh, Red Sea, Makadi Bay, Cairo\",\"priceRange\":\"$\",\"currenciesAccepted\":\"euro\",\"paymentAccepted\":\"cash on site\"},{\"@type\":\"PostalAddress\",\"@id\":\"https:\/\/hurghadalovers.com\/et\/tours\/soma-bay-kiirlaev-renting-to-dolphin-house-snorkeling\/#local-main-place-address\",\"streetAddress\":\"17 Banks street, Alkawther area, top nbk bank\",\"addressLocality\":\"hurghada\",\"postalCode\":\"84511\",\"addressRegion\":\"red sea\",\"addressCountry\":\"EG\"},{\"@type\":\"ImageObject\",\"inLanguage\":\"et\",\"@id\":\"https:\/\/hurghadalovers.com\/et\/tours\/soma-bay-kiirlaev-renting-to-dolphin-house-snorkeling\/#local-main-organization-logo\",\"url\":\"https:\/\/hurghadalovers.com\/wp-content\/uploads\/2019\/10\/hurghada-excursions-logo.png\",\"contentUrl\":\"https:\/\/hurghadalovers.com\/wp-content\/uploads\/2019\/10\/hurghada-excursions-logo.png\",\"width\":272,\"height\":90,\"caption\":\"Hurghada Excursions\"}]}<\/script>\n<meta property=\"product:brand\" content=\"Ekskursioonid in Soma Bay\" \/>\n<meta property=\"product:price:amount\" content=\"250\" \/>\n<meta property=\"product:price:currency\" content=\"EUR\" \/>\n<meta property=\"og:availability\" content=\"instock\" \/>\n<meta property=\"product:availability\" content=\"instock\" \/>\n<meta property=\"product:retailer_item_id\" content=\"PrivateSoma072024\" \/>\n<meta property=\"product:condition\" content=\"new\" \/>\n<meta name=\"geo.placename\" content=\"hurghada\" \/>\n<meta name=\"geo.region\" content=\"Egypt\" \/>\n<!-- \/ Yoast SEO Premium plugin. -->","yoast_head_json":{"title":"Soma bay Kiirlaeva rentimine delfiinide majja ja snorkeldamine","description":"Soma bay Kiirlaeva rentimine delfiinide majja ja snorgeldamine koos delfiinidega + snorgeldamiskohad koos piletite, jookide ja transfeeriga.","robots":{"index":"index","follow":"follow","max-snippet":"max-snippet:-1","max-image-preview":"max-image-preview:large","max-video-preview":"max-video-preview:-1"},"canonical":"https:\/\/hurghadalovers.com\/et\/tours\/soma-bay-kiirlaev-renting-to-dolphin-house-snorkeling\/","og_locale":"et_EE","og_type":"article","og_title":"Soma bay Kiirlaeva rentimine delfiinide majja ja snorkeldamine","og_description":"Soma bay Kiirlaeva rentimine delfiinide majja ja snorgeldamine koos delfiinidega + snorgeldamiskohad koos piletite, jookide ja transfeeriga.","og_url":"https:\/\/hurghadalovers.com\/et\/tours\/soma-bay-kiirlaev-renting-to-dolphin-house-snorkeling\/","og_site_name":"Hurghada Excursions &amp; Day Trips | Booking Best Prices Tours","article_publisher":"https:\/\/www.facebook.com\/Hurghadaloversegypt","article_modified_time":"2026-02-09T01:36:45+00:00","og_image":[{"width":1156,"height":867,"url":"https:\/\/hurghadalovers.com\/wp-content\/uploads\/2025\/07\/Abu-Minqar-Hurghada-Trips-by-speedboat-All-inclusive-2028.jpeg","type":"image\/jpeg"}],"twitter_card":"summary_large_image","twitter_misc":{"Price":"&euro;&nbsp;250","Availability":"In stock"},"schema":{"@context":"https:\/\/schema.org","@graph":[{"@type":["WebPage","ItemPage"],"@id":"https:\/\/hurghadalovers.com\/et\/tours\/soma-bay-kiirlaev-renting-to-dolphin-house-snorkeling\/","url":"https:\/\/hurghadalovers.com\/et\/tours\/soma-bay-kiirlaev-renting-to-dolphin-house-snorkeling\/","name":"Soma bay Kiirlaeva rentimine delfiinide majja ja snorkeldamine","isPartOf":{"@id":"https:\/\/hurghadalovers.com\/et\/#website"},"primaryImageOfPage":{"@id":"https:\/\/hurghadalovers.com\/et\/tours\/soma-bay-kiirlaev-renting-to-dolphin-house-snorkeling\/#primaryimage"},"image":{"@id":"https:\/\/hurghadalovers.com\/et\/tours\/soma-bay-kiirlaev-renting-to-dolphin-house-snorkeling\/#primaryimage"},"thumbnailUrl":"https:\/\/hurghadalovers.com\/wp-content\/uploads\/2025\/07\/Abu-Minqar-Hurghada-Trips-by-speedboat-All-inclusive-2028.jpeg","datePublished":"2023-08-27T10:12:44+00:00","dateModified":"2026-02-09T01:36:45+00:00","description":"Soma bay Kiirlaeva rentimine delfiinide majja ja snorgeldamine koos delfiinidega + snorgeldamiskohad koos piletite, jookide ja transfeeriga.","breadcrumb":{"@id":"https:\/\/hurghadalovers.com\/et\/tours\/soma-bay-kiirlaev-renting-to-dolphin-house-snorkeling\/#breadcrumb"},"inLanguage":"et","potentialAction":[{"@type":"ReadAction","target":["https:\/\/hurghadalovers.com\/et\/tours\/soma-bay-kiirlaev-renting-to-dolphin-house-snorkeling\/"]}]},{"@type":"ImageObject","inLanguage":"et","@id":"https:\/\/hurghadalovers.com\/et\/tours\/soma-bay-kiirlaev-renting-to-dolphin-house-snorkeling\/#primaryimage","url":"https:\/\/hurghadalovers.com\/wp-content\/uploads\/2025\/07\/Abu-Minqar-Hurghada-Trips-by-speedboat-All-inclusive-2028.jpeg","contentUrl":"https:\/\/hurghadalovers.com\/wp-content\/uploads\/2025\/07\/Abu-Minqar-Hurghada-Trips-by-speedboat-All-inclusive-2028.jpeg","width":1156,"height":867,"caption":"Abu Minqar Hurghada Trips by speedboat All inclusive 2028"},{"@type":"BreadcrumbList","@id":"https:\/\/hurghadalovers.com\/et\/tours\/soma-bay-kiirlaev-renting-to-dolphin-house-snorkeling\/#breadcrumb","itemListElement":[{"@type":"ListItem","position":1,"name":"Home","item":"https:\/\/hurghadalovers.com\/et\/"},{"@type":"ListItem","position":2,"name":"Shop","item":"https:\/\/hurghadalovers.com\/et\/shop\/"},{"@type":"ListItem","position":3,"name":"Soma bay Kiirlaeva rentimine delfiinide majja ja snorkeldamine"}]},{"@type":"WebSite","@id":"https:\/\/hurghadalovers.com\/et\/#website","url":"https:\/\/hurghadalovers.com\/et\/","name":"Hurghada Excursions & Day Trips | Booking Best Prices Tours","description":"Hurghada Lovers - Best Tour Operator - Excursions &amp; Things to do for Family Day Trips with kids and Couples Romantic. Unique .Hidden gems","publisher":{"@id":"https:\/\/hurghadalovers.com\/et\/#organization"},"alternateName":"Hurghada Excursions","potentialAction":[{"@type":"SearchAction","target":{"@type":"EntryPoint","urlTemplate":"https:\/\/hurghadalovers.com\/et\/?s={search_term_string}"},"query-input":{"@type":"PropertyValueSpecification","valueRequired":true,"valueName":"search_term_string"}}],"inLanguage":"et"},{"@type":["Organization","Place","TravelAgency"],"@id":"https:\/\/hurghadalovers.com\/et\/#organization","name":"Hurghada Excursions","url":"https:\/\/hurghadalovers.com\/et\/","logo":{"@id":"https:\/\/hurghadalovers.com\/et\/tours\/soma-bay-kiirlaev-renting-to-dolphin-house-snorkeling\/#local-main-organization-logo"},"image":{"@id":"https:\/\/hurghadalovers.com\/et\/tours\/soma-bay-kiirlaev-renting-to-dolphin-house-snorkeling\/#local-main-organization-logo"},"sameAs":["https:\/\/www.facebook.com\/Hurghadaloversegypt"],"address":{"@id":"https:\/\/hurghadalovers.com\/et\/tours\/soma-bay-kiirlaev-renting-to-dolphin-house-snorkeling\/#local-main-place-address"},"telephone":["00201112596434"],"contactPoint":{"@type":"ContactPoint","telephone":"00201112596434","email":"weyouface@gmail.com"},"openingHoursSpecification":{"@type":"OpeningHoursSpecification","dayOfWeek":["Monday","Tuesday","Wednesday","Thursday","Friday","Saturday","Sunday"],"opens":"00:00","closes":"23:59"},"email":"weyouface@gmail.com","areaServed":"Luxor, Hurghada, El Gouna, Aswan, Sharm El Sheikh, Giza, Alexandria, Marsa Alam, Quseir, Soma Bay, Sahl Hasheesh, Red Sea, Makadi Bay, Cairo","priceRange":"$","currenciesAccepted":"euro","paymentAccepted":"cash on site"},{"@type":"PostalAddress","@id":"https:\/\/hurghadalovers.com\/et\/tours\/soma-bay-kiirlaev-renting-to-dolphin-house-snorkeling\/#local-main-place-address","streetAddress":"17 Banks street, Alkawther area, top nbk bank","addressLocality":"hurghada","postalCode":"84511","addressRegion":"red sea","addressCountry":"EG"},{"@type":"ImageObject","inLanguage":"et","@id":"https:\/\/hurghadalovers.com\/et\/tours\/soma-bay-kiirlaev-renting-to-dolphin-house-snorkeling\/#local-main-organization-logo","url":"https:\/\/hurghadalovers.com\/wp-content\/uploads\/2019\/10\/hurghada-excursions-logo.png","contentUrl":"https:\/\/hurghadalovers.com\/wp-content\/uploads\/2019\/10\/hurghada-excursions-logo.png","width":272,"height":90,"caption":"Hurghada Excursions"}]},"product_brand":"Ekskursioonid in Soma Bay","product_price_amount":"250","product_price_currency":"EUR","og_availability":"instock","product_availability":"instock","product_retailer_item_id":"PrivateSoma072024","product_condition":"new","geo.placename":"hurghada","geo.region":"Egypt"},"_links":{"self":[{"href":"https:\/\/hurghadalovers.com\/et\/wp-json\/wp\/v2\/product\/384755","targetHints":{"allow":["GET"]}}],"collection":[{"href":"https:\/\/hurghadalovers.com\/et\/wp-json\/wp\/v2\/product"}],"about":[{"href":"https:\/\/hurghadalovers.com\/et\/wp-json\/wp\/v2\/types\/product"}],"wp:featuredmedia":[{"embeddable":true,"href":"https:\/\/hurghadalovers.com\/et\/wp-json\/wp\/v2\/media\/486282"}],"wp:attachment":[{"href":"https:\/\/hurghadalovers.com\/et\/wp-json\/wp\/v2\/media?parent=384755"}],"wp:term":[{"taxonomy":"product_brand","embeddable":true,"href":"https:\/\/hurghadalovers.com\/et\/wp-json\/wp\/v2\/product_brand?post=384755"},{"taxonomy":"product_cat","embeddable":true,"href":"https:\/\/hurghadalovers.com\/et\/wp-json\/wp\/v2\/product_cat?post=384755"},{"taxonomy":"product_tag","embeddable":true,"href":"https:\/\/hurghadalovers.com\/et\/wp-json\/wp\/v2\/product_tag?post=384755"}],"curies":[{"name":"wp","href":"https:\/\/api.w.org\/{rel}","templated":true}]}}