{"id":383771,"date":"2023-08-26T15:26:29","date_gmt":"2023-08-26T15:26:29","guid":{"rendered":"https:\/\/hurghadalovers.com\/shop\/maaratlemata\/privaatne-soma-bay-ekskursioonid-luxorisse-ja-aswanisse-2-paeva\/"},"modified":"2026-02-08T19:48:25","modified_gmt":"2026-02-08T19:48:25","slug":"privaatne-soma-bay-excursions-to-luxor-aswan-2-days","status":"publish","type":"product","link":"https:\/\/hurghadalovers.com\/et\/tours\/privaatne-soma-bay-excursions-to-luxor-aswan-2-days\/","title":{"rendered":"Privaatne Soma bay Ekskursioonid Luxorisse ja Aswanisse &#8211; 2 p\u00e4eva"},"content":{"rendered":"<p><strong>Privaatne <\/strong><strong>Soma bay<\/strong> <strong>ekskursioon Luxorisse<\/strong> ja Aswanisse &#8211; 2 p\u00e4eva koos eraviisilise giidi, piletite ja l\u00f5unas\u00f6\u00f6giga.<\/p>\n<p>Avasta vaaraode kuningate saladused kahep\u00e4evase ekskursiooni k\u00e4igus iidse Luxori ja Assuani linna vaatamisv\u00e4\u00e4rsuste juurde ning \u00f5pi tundma Egiptuse iidse tsivilisatsiooni fakte ja ajalugu, kuningas Tutanhamoni, kuningas Ramses II saladusi ja palju muud.<\/p>\n<p><strong>T\u00e4hts\u00fcndmused:<\/strong><\/p>\n<ul>\n<li>Karnaki tempel.<\/li>\n<li>Memnoni kolossid.<\/li>\n<li>Hatshepsuti surnuaia tempel.<\/li>\n<li>3 hauakambrit Kuningate orus .<\/li>\n<li>Philae tempel.<\/li>\n<li>L\u00f5petamata obelisk.<\/li>\n<li>K\u00f5rge tamm.<\/li>\n<li>L\u00f5unas\u00f6\u00f6k restoranis &#8220;Taimetoitlaste toit on saadaval&#8221;.<\/li>\n<\/ul>\n<p><strong>Eraldi <\/strong><strong>Soma laht<\/strong> <strong>Ekskursioonid Luxorisse ja Aswanisse Detailid:<\/strong><\/p>\n<ul>\n<li>Ringk\u00e4igu k\u00e4ttesaadavus: Iga p\u00e4ev.<\/li>\n<li>Ekskursiooni t\u00fc\u00fcp: S\u00f5iduauto v\u00f5i v\u00e4ikebussiga.<\/li>\n<li>Kohalej\u00f5udmise aeg: Alates 05:30 hommikul.<\/li>\n<li>K\u00fcsides Hotel saada oma hommikus\u00f6\u00f6gikotti koos Sinuga Hommikul.<\/li>\n<li>V\u00e4ljas\u00f5idu aeg: 19:00.<\/li>\n<li>Ligip\u00e4\u00e4setav ratastooliga.<\/li>\n<li>Kestus: 2 p\u00e4eva \/ 1 \u00f6\u00f6.<\/li>\n<\/ul>\n<p><strong>Broneeri n\u00fc\u00fcd ja maksa hiljem:<\/strong><\/p>\n<ul>\n<li>Sularaha kohapeal juhile.<\/li>\n<li>Maksmine Egiptuse naelades, $, \u20ac v\u00f5i \u00a3.<\/li>\n<\/ul>\n<p><strong>T\u00fchistamispoliitika:<\/strong><\/p>\n<ul>\n<li>t\u00fchistate kuni 24 tundi ette.<\/li>\n<li>Kui keegi teie perekonnast t\u00fchistab hommikul, maksab 50% kuludest.<\/li>\n<\/ul>\n<p><strong>Mis on lisatud?<\/strong><\/p>\n<ul>\n<li>Transfeer Soma bay Hotels &#8220;Hotel pick up and drop off&#8221;.<\/li>\n<li>K\u00f5ik maksud, sissep\u00e4\u00e4sutasud ja k\u00e4itlemistasud.<\/li>\n<li>\u00dclekanded.<\/li>\n<li>Reisijuht.<\/li>\n<li>\u00dcks \u00f6\u00f6 hotellis koos hommikus\u00f6\u00f6giga.<\/li>\n<li>Joogid.<\/li>\n<li>2 Aeg l\u00f5unas\u00f6\u00f6k restoranis.<\/li>\n<\/ul>\n<p><strong>V\u00e4ljaarvamised?<\/strong><\/p>\n<ul>\n<li>Jootraha.<\/li>\n<li>K\u00f5ik lisad, mida ei ole mainitud.<\/li>\n<\/ul>\n<p><strong>Hinnad:<\/strong><\/p>\n<ul>\n<li><strong>T\u00e4iskasvanute hind = alates<\/strong><strong>280$ inimese kohta<\/strong>.<\/li>\n<li>Hind lastele &#8220;5-12&#8221; = 50%.<\/li>\n<li>lastele &#8220;0-5&#8221; = tasuta.<\/li>\n<\/ul>\n<p><strong>Arvustused:<\/strong><\/p>\n<p>vaadata meie Google Map Arvamused kui parim <a href=\"https:\/\/g.page\/r\/CUeYvkngP3wkEBM\/review\">reisikorraldaja Hurghada<\/a> online <a href=\"https:\/\/hurghadalovers.com\/\">Hurghada<\/a> Egiptus.<\/p>\n<p><strong>Broneerimine:<\/strong><\/p>\n<p>Saada hotell + toa number + fotopassid WhatsAppi: <strong>+201112596434<\/strong><\/p>\n<p>Kui te v\u00e4lja Egiptus Broneerimine n\u00fc\u00fcd online ja kinnitada, kui saabumine Hotel.<\/p>\n<p>&nbsp;<\/p>\n<p>&nbsp;<\/p>\n","protected":false},"excerpt":{"rendered":"<p>Privaatne Soma bay Ekskursioonid Luxorisse ja Aswanisse &#8211; 2 p\u00e4eva koos eraviisilise giidi, piletite ja l\u00f5unas\u00f6\u00f6giga. Avastage vaaraode kuningate saladused&#8230; Kuningas Tutanhamon, kuningas Ramses II<\/p>\n","protected":false},"featured_media":491900,"template":"","meta":{"_joinchat":[]},"product_brand":[],"product_cat":[36652],"product_tag":[55150,55339,55316,51699,55303,55292,55555,55578,55156,55445,55332,55564,55404,55298,55284,55423,55416,55410,55570,55310,55322,55327],"class_list":{"0":"post-383771","1":"product","2":"type-product","3":"status-publish","4":"has-post-thumbnail","6":"product_cat-ekskursioonid","7":"product_tag-asjad-mida-teha-koos-imikutega-soma-bayst","8":"product_tag-kuumohupall-soma-bay","9":"product_tag-luxori-ekskursioon-soma-bayst","10":"product_tag-luxori-eraviisilised-ekskursioonid","11":"product_tag-luxori-paevane-ekskursioon-soma-bayst","12":"product_tag-luxori-reis-soma-bayst","13":"product_tag-mida-teha-soma-bays","14":"product_tag-mida-teha-soma-bays-paaridele","15":"product_tag-odavad-perepaevad-soma-bayst","16":"product_tag-perekond-asjad-mida-teha-soma-bayst","17":"product_tag-privaatne-luxori-ekskursioon-soma-bayst","18":"product_tag-romantiline-asju-teha-alates-soma-bay","19":"product_tag-soma-bay-ekskursioonid","20":"product_tag-soma-bay-ja-luxor-vaheline-buss","21":"product_tag-soma-bay-luxorisse-paevane-reis","22":"product_tag-soma-bay-mida-teha","23":"product_tag-soma-bay-paevased-valjasoidud","24":"product_tag-soma-bay-tegevused","25":"product_tag-soma-bay-tegevused-paaridele","26":"product_tag-soma-bay-tours-luxorisse","27":"product_tag-soma-bayst-kuningate-orgu","28":"product_tag-transfeer-luxor-soma-bay","29":"tour_category-soma-lahe-ekskursioonid","30":"tour_category-soma-bay-to-luxor-tours","32":"first","33":"instock","34":"sale","35":"shipping-taxable","36":"purchasable","37":"product-type-tour"},"yoast_head":"<!-- This site is optimized with the Yoast SEO Premium plugin v26.9 (Yoast SEO v27.2) - https:\/\/yoast.com\/product\/yoast-seo-premium-wordpress\/ -->\n<title>Privaatne Soma bay Ekskursioonid Luxorisse ja Aswanisse - 2 p\u00e4eva<\/title>\n<meta name=\"description\" content=\"Privaatne Soma bay Ekskursioonid Luxorisse ja Aswanisse - 2 p\u00e4eva koos eraviisilise giidi, piletite ja l\u00f5unas\u00f6\u00f6giga. Avastage vaaraode kuningate saladused...\" \/>\n<meta name=\"robots\" content=\"index, follow, max-snippet:-1, max-image-preview:large, max-video-preview:-1\" \/>\n<link rel=\"canonical\" href=\"https:\/\/hurghadalovers.com\/et\/tours\/privaatne-soma-bay-excursions-to-luxor-aswan-2-days\/\" \/>\n<meta property=\"og:locale\" content=\"et_EE\" \/>\n<meta property=\"og:type\" content=\"article\" \/>\n<meta property=\"og:title\" content=\"Privaatne Soma bay Ekskursioonid Luxorisse ja Aswanisse - 2 p\u00e4eva\" \/>\n<meta property=\"og:description\" content=\"Privaatne Soma bay Ekskursioonid Luxorisse ja Aswanisse - 2 p\u00e4eva koos eraviisilise giidi, piletite ja l\u00f5unas\u00f6\u00f6giga. Avastage vaaraode kuningate saladused...\" \/>\n<meta property=\"og:url\" content=\"https:\/\/hurghadalovers.com\/et\/tours\/privaatne-soma-bay-excursions-to-luxor-aswan-2-days\/\" \/>\n<meta property=\"og:site_name\" content=\"Hurghada Excursions &amp; Day Trips | Booking Best Prices Tours\" \/>\n<meta property=\"article:publisher\" content=\"https:\/\/www.facebook.com\/Hurghadaloversegypt\" \/>\n<meta property=\"article:modified_time\" content=\"2026-02-08T19:48:25+00:00\" \/>\n<meta property=\"og:image\" content=\"https:\/\/hurghadalovers.com\/wp-content\/uploads\/2023\/08\/Mazos-grupes-dienos-ekskursija-i-Luksora-is-Hurgados.jpeg\" \/>\n\t<meta property=\"og:image:width\" content=\"960\" \/>\n\t<meta property=\"og:image:height\" content=\"1280\" \/>\n\t<meta property=\"og:image:type\" content=\"image\/jpeg\" \/>\n<meta name=\"twitter:card\" content=\"summary_large_image\" \/>\n<meta name=\"twitter:label1\" content=\"Price\" \/>\n\t<meta name=\"twitter:data1\" content=\"&euro;&nbsp;400\" \/>\n\t<meta name=\"twitter:label2\" content=\"Availability\" \/>\n\t<meta name=\"twitter:data2\" content=\"In stock\" \/>\n<script type=\"application\/ld+json\" class=\"yoast-schema-graph\">{\"@context\":\"https:\/\/schema.org\",\"@graph\":[{\"@type\":[\"WebPage\",\"ItemPage\"],\"@id\":\"https:\/\/hurghadalovers.com\/et\/tours\/privaatne-soma-bay-excursions-to-luxor-aswan-2-days\/\",\"url\":\"https:\/\/hurghadalovers.com\/et\/tours\/privaatne-soma-bay-excursions-to-luxor-aswan-2-days\/\",\"name\":\"Privaatne Soma bay Ekskursioonid Luxorisse ja Aswanisse - 2 p\u00e4eva\",\"isPartOf\":{\"@id\":\"https:\/\/hurghadalovers.com\/et\/#website\"},\"primaryImageOfPage\":{\"@id\":\"https:\/\/hurghadalovers.com\/et\/tours\/privaatne-soma-bay-excursions-to-luxor-aswan-2-days\/#primaryimage\"},\"image\":{\"@id\":\"https:\/\/hurghadalovers.com\/et\/tours\/privaatne-soma-bay-excursions-to-luxor-aswan-2-days\/#primaryimage\"},\"thumbnailUrl\":\"https:\/\/hurghadalovers.com\/wp-content\/uploads\/2023\/08\/Mazos-grupes-dienos-ekskursija-i-Luksora-is-Hurgados.jpeg\",\"datePublished\":\"2023-08-26T15:26:29+00:00\",\"dateModified\":\"2026-02-08T19:48:25+00:00\",\"description\":\"Privaatne Soma bay Ekskursioonid Luxorisse ja Aswanisse - 2 p\u00e4eva koos eraviisilise giidi, piletite ja l\u00f5unas\u00f6\u00f6giga. Avastage vaaraode kuningate saladused...\",\"breadcrumb\":{\"@id\":\"https:\/\/hurghadalovers.com\/et\/tours\/privaatne-soma-bay-excursions-to-luxor-aswan-2-days\/#breadcrumb\"},\"inLanguage\":\"et\",\"potentialAction\":[{\"@type\":\"ReadAction\",\"target\":[\"https:\/\/hurghadalovers.com\/et\/tours\/privaatne-soma-bay-excursions-to-luxor-aswan-2-days\/\"]}]},{\"@type\":\"ImageObject\",\"inLanguage\":\"et\",\"@id\":\"https:\/\/hurghadalovers.com\/et\/tours\/privaatne-soma-bay-excursions-to-luxor-aswan-2-days\/#primaryimage\",\"url\":\"https:\/\/hurghadalovers.com\/wp-content\/uploads\/2023\/08\/Mazos-grupes-dienos-ekskursija-i-Luksora-is-Hurgados.jpeg\",\"contentUrl\":\"https:\/\/hurghadalovers.com\/wp-content\/uploads\/2023\/08\/Mazos-grupes-dienos-ekskursija-i-Luksora-is-Hurgados.jpeg\",\"width\":960,\"height\":1280,\"caption\":\"Maz\u030cos grupe\u0307s dienos ekskursija i\u0328 Luksora\u0328 is\u030c Hurgados\"},{\"@type\":\"BreadcrumbList\",\"@id\":\"https:\/\/hurghadalovers.com\/et\/tours\/privaatne-soma-bay-excursions-to-luxor-aswan-2-days\/#breadcrumb\",\"itemListElement\":[{\"@type\":\"ListItem\",\"position\":1,\"name\":\"Home\",\"item\":\"https:\/\/hurghadalovers.com\/et\/\"},{\"@type\":\"ListItem\",\"position\":2,\"name\":\"Shop\",\"item\":\"https:\/\/hurghadalovers.com\/et\/shop\/\"},{\"@type\":\"ListItem\",\"position\":3,\"name\":\"Privaatne Soma bay Ekskursioonid Luxorisse ja Aswanisse &#8211; 2 p\u00e4eva\"}]},{\"@type\":\"WebSite\",\"@id\":\"https:\/\/hurghadalovers.com\/et\/#website\",\"url\":\"https:\/\/hurghadalovers.com\/et\/\",\"name\":\"Hurghada Excursions & Day Trips | Booking Best Prices Tours\",\"description\":\"Hurghada Lovers - Best Tour Operator - Excursions &amp; Things to do for Family Day Trips with kids and Couples Romantic. Unique .Hidden gems\",\"publisher\":{\"@id\":\"https:\/\/hurghadalovers.com\/et\/#organization\"},\"alternateName\":\"Hurghada Excursions\",\"potentialAction\":[{\"@type\":\"SearchAction\",\"target\":{\"@type\":\"EntryPoint\",\"urlTemplate\":\"https:\/\/hurghadalovers.com\/et\/?s={search_term_string}\"},\"query-input\":{\"@type\":\"PropertyValueSpecification\",\"valueRequired\":true,\"valueName\":\"search_term_string\"}}],\"inLanguage\":\"et\"},{\"@type\":[\"Organization\",\"Place\",\"TravelAgency\"],\"@id\":\"https:\/\/hurghadalovers.com\/et\/#organization\",\"name\":\"Hurghada Excursions\",\"url\":\"https:\/\/hurghadalovers.com\/et\/\",\"logo\":{\"@id\":\"https:\/\/hurghadalovers.com\/et\/tours\/privaatne-soma-bay-excursions-to-luxor-aswan-2-days\/#local-main-organization-logo\"},\"image\":{\"@id\":\"https:\/\/hurghadalovers.com\/et\/tours\/privaatne-soma-bay-excursions-to-luxor-aswan-2-days\/#local-main-organization-logo\"},\"sameAs\":[\"https:\/\/www.facebook.com\/Hurghadaloversegypt\"],\"address\":{\"@id\":\"https:\/\/hurghadalovers.com\/et\/tours\/privaatne-soma-bay-excursions-to-luxor-aswan-2-days\/#local-main-place-address\"},\"telephone\":[\"00201112596434\"],\"contactPoint\":{\"@type\":\"ContactPoint\",\"telephone\":\"00201112596434\",\"email\":\"weyouface@gmail.com\"},\"openingHoursSpecification\":{\"@type\":\"OpeningHoursSpecification\",\"dayOfWeek\":[\"Monday\",\"Tuesday\",\"Wednesday\",\"Thursday\",\"Friday\",\"Saturday\",\"Sunday\"],\"opens\":\"00:00\",\"closes\":\"23:59\"},\"email\":\"weyouface@gmail.com\",\"areaServed\":\"Luxor, Hurghada, El Gouna, Aswan, Sharm El Sheikh, Giza, Alexandria, Marsa Alam, Quseir, Soma Bay, Sahl Hasheesh, Red Sea, Makadi Bay, Cairo\",\"priceRange\":\"$\",\"currenciesAccepted\":\"euro\",\"paymentAccepted\":\"cash on site\"},{\"@type\":\"PostalAddress\",\"@id\":\"https:\/\/hurghadalovers.com\/et\/tours\/privaatne-soma-bay-excursions-to-luxor-aswan-2-days\/#local-main-place-address\",\"streetAddress\":\"17 Banks street, Alkawther area, top nbk bank\",\"addressLocality\":\"hurghada\",\"postalCode\":\"84511\",\"addressRegion\":\"red sea\",\"addressCountry\":\"EG\"},{\"@type\":\"ImageObject\",\"inLanguage\":\"et\",\"@id\":\"https:\/\/hurghadalovers.com\/et\/tours\/privaatne-soma-bay-excursions-to-luxor-aswan-2-days\/#local-main-organization-logo\",\"url\":\"https:\/\/hurghadalovers.com\/wp-content\/uploads\/2019\/10\/hurghada-excursions-logo.png\",\"contentUrl\":\"https:\/\/hurghadalovers.com\/wp-content\/uploads\/2019\/10\/hurghada-excursions-logo.png\",\"width\":272,\"height\":90,\"caption\":\"Hurghada Excursions\"}]}<\/script>\n<meta property=\"product:brand\" content=\"Ekskursioonid in Soma Bay\" \/>\n<meta property=\"product:price:amount\" content=\"400\" \/>\n<meta property=\"product:price:currency\" content=\"EUR\" \/>\n<meta property=\"og:availability\" content=\"instock\" \/>\n<meta property=\"product:availability\" content=\"instock\" \/>\n<meta property=\"product:retailer_item_id\" content=\"PrivateSoma022024\" \/>\n<meta property=\"product:condition\" content=\"new\" \/>\n<meta name=\"geo.placename\" content=\"hurghada\" \/>\n<meta name=\"geo.region\" content=\"Egypt\" \/>\n<!-- \/ Yoast SEO Premium plugin. -->","yoast_head_json":{"title":"Privaatne Soma bay Ekskursioonid Luxorisse ja Aswanisse - 2 p\u00e4eva","description":"Privaatne Soma bay Ekskursioonid Luxorisse ja Aswanisse - 2 p\u00e4eva koos eraviisilise giidi, piletite ja l\u00f5unas\u00f6\u00f6giga. Avastage vaaraode kuningate saladused...","robots":{"index":"index","follow":"follow","max-snippet":"max-snippet:-1","max-image-preview":"max-image-preview:large","max-video-preview":"max-video-preview:-1"},"canonical":"https:\/\/hurghadalovers.com\/et\/tours\/privaatne-soma-bay-excursions-to-luxor-aswan-2-days\/","og_locale":"et_EE","og_type":"article","og_title":"Privaatne Soma bay Ekskursioonid Luxorisse ja Aswanisse - 2 p\u00e4eva","og_description":"Privaatne Soma bay Ekskursioonid Luxorisse ja Aswanisse - 2 p\u00e4eva koos eraviisilise giidi, piletite ja l\u00f5unas\u00f6\u00f6giga. Avastage vaaraode kuningate saladused...","og_url":"https:\/\/hurghadalovers.com\/et\/tours\/privaatne-soma-bay-excursions-to-luxor-aswan-2-days\/","og_site_name":"Hurghada Excursions &amp; Day Trips | Booking Best Prices Tours","article_publisher":"https:\/\/www.facebook.com\/Hurghadaloversegypt","article_modified_time":"2026-02-08T19:48:25+00:00","og_image":[{"width":960,"height":1280,"url":"https:\/\/hurghadalovers.com\/wp-content\/uploads\/2023\/08\/Mazos-grupes-dienos-ekskursija-i-Luksora-is-Hurgados.jpeg","type":"image\/jpeg"}],"twitter_card":"summary_large_image","twitter_misc":{"Price":"&euro;&nbsp;400","Availability":"In stock"},"schema":{"@context":"https:\/\/schema.org","@graph":[{"@type":["WebPage","ItemPage"],"@id":"https:\/\/hurghadalovers.com\/et\/tours\/privaatne-soma-bay-excursions-to-luxor-aswan-2-days\/","url":"https:\/\/hurghadalovers.com\/et\/tours\/privaatne-soma-bay-excursions-to-luxor-aswan-2-days\/","name":"Privaatne Soma bay Ekskursioonid Luxorisse ja Aswanisse - 2 p\u00e4eva","isPartOf":{"@id":"https:\/\/hurghadalovers.com\/et\/#website"},"primaryImageOfPage":{"@id":"https:\/\/hurghadalovers.com\/et\/tours\/privaatne-soma-bay-excursions-to-luxor-aswan-2-days\/#primaryimage"},"image":{"@id":"https:\/\/hurghadalovers.com\/et\/tours\/privaatne-soma-bay-excursions-to-luxor-aswan-2-days\/#primaryimage"},"thumbnailUrl":"https:\/\/hurghadalovers.com\/wp-content\/uploads\/2023\/08\/Mazos-grupes-dienos-ekskursija-i-Luksora-is-Hurgados.jpeg","datePublished":"2023-08-26T15:26:29+00:00","dateModified":"2026-02-08T19:48:25+00:00","description":"Privaatne Soma bay Ekskursioonid Luxorisse ja Aswanisse - 2 p\u00e4eva koos eraviisilise giidi, piletite ja l\u00f5unas\u00f6\u00f6giga. Avastage vaaraode kuningate saladused...","breadcrumb":{"@id":"https:\/\/hurghadalovers.com\/et\/tours\/privaatne-soma-bay-excursions-to-luxor-aswan-2-days\/#breadcrumb"},"inLanguage":"et","potentialAction":[{"@type":"ReadAction","target":["https:\/\/hurghadalovers.com\/et\/tours\/privaatne-soma-bay-excursions-to-luxor-aswan-2-days\/"]}]},{"@type":"ImageObject","inLanguage":"et","@id":"https:\/\/hurghadalovers.com\/et\/tours\/privaatne-soma-bay-excursions-to-luxor-aswan-2-days\/#primaryimage","url":"https:\/\/hurghadalovers.com\/wp-content\/uploads\/2023\/08\/Mazos-grupes-dienos-ekskursija-i-Luksora-is-Hurgados.jpeg","contentUrl":"https:\/\/hurghadalovers.com\/wp-content\/uploads\/2023\/08\/Mazos-grupes-dienos-ekskursija-i-Luksora-is-Hurgados.jpeg","width":960,"height":1280,"caption":"Maz\u030cos grupe\u0307s dienos ekskursija i\u0328 Luksora\u0328 is\u030c Hurgados"},{"@type":"BreadcrumbList","@id":"https:\/\/hurghadalovers.com\/et\/tours\/privaatne-soma-bay-excursions-to-luxor-aswan-2-days\/#breadcrumb","itemListElement":[{"@type":"ListItem","position":1,"name":"Home","item":"https:\/\/hurghadalovers.com\/et\/"},{"@type":"ListItem","position":2,"name":"Shop","item":"https:\/\/hurghadalovers.com\/et\/shop\/"},{"@type":"ListItem","position":3,"name":"Privaatne Soma bay Ekskursioonid Luxorisse ja Aswanisse &#8211; 2 p\u00e4eva"}]},{"@type":"WebSite","@id":"https:\/\/hurghadalovers.com\/et\/#website","url":"https:\/\/hurghadalovers.com\/et\/","name":"Hurghada Excursions & Day Trips | Booking Best Prices Tours","description":"Hurghada Lovers - Best Tour Operator - Excursions &amp; Things to do for Family Day Trips with kids and Couples Romantic. Unique .Hidden gems","publisher":{"@id":"https:\/\/hurghadalovers.com\/et\/#organization"},"alternateName":"Hurghada Excursions","potentialAction":[{"@type":"SearchAction","target":{"@type":"EntryPoint","urlTemplate":"https:\/\/hurghadalovers.com\/et\/?s={search_term_string}"},"query-input":{"@type":"PropertyValueSpecification","valueRequired":true,"valueName":"search_term_string"}}],"inLanguage":"et"},{"@type":["Organization","Place","TravelAgency"],"@id":"https:\/\/hurghadalovers.com\/et\/#organization","name":"Hurghada Excursions","url":"https:\/\/hurghadalovers.com\/et\/","logo":{"@id":"https:\/\/hurghadalovers.com\/et\/tours\/privaatne-soma-bay-excursions-to-luxor-aswan-2-days\/#local-main-organization-logo"},"image":{"@id":"https:\/\/hurghadalovers.com\/et\/tours\/privaatne-soma-bay-excursions-to-luxor-aswan-2-days\/#local-main-organization-logo"},"sameAs":["https:\/\/www.facebook.com\/Hurghadaloversegypt"],"address":{"@id":"https:\/\/hurghadalovers.com\/et\/tours\/privaatne-soma-bay-excursions-to-luxor-aswan-2-days\/#local-main-place-address"},"telephone":["00201112596434"],"contactPoint":{"@type":"ContactPoint","telephone":"00201112596434","email":"weyouface@gmail.com"},"openingHoursSpecification":{"@type":"OpeningHoursSpecification","dayOfWeek":["Monday","Tuesday","Wednesday","Thursday","Friday","Saturday","Sunday"],"opens":"00:00","closes":"23:59"},"email":"weyouface@gmail.com","areaServed":"Luxor, Hurghada, El Gouna, Aswan, Sharm El Sheikh, Giza, Alexandria, Marsa Alam, Quseir, Soma Bay, Sahl Hasheesh, Red Sea, Makadi Bay, Cairo","priceRange":"$","currenciesAccepted":"euro","paymentAccepted":"cash on site"},{"@type":"PostalAddress","@id":"https:\/\/hurghadalovers.com\/et\/tours\/privaatne-soma-bay-excursions-to-luxor-aswan-2-days\/#local-main-place-address","streetAddress":"17 Banks street, Alkawther area, top nbk bank","addressLocality":"hurghada","postalCode":"84511","addressRegion":"red sea","addressCountry":"EG"},{"@type":"ImageObject","inLanguage":"et","@id":"https:\/\/hurghadalovers.com\/et\/tours\/privaatne-soma-bay-excursions-to-luxor-aswan-2-days\/#local-main-organization-logo","url":"https:\/\/hurghadalovers.com\/wp-content\/uploads\/2019\/10\/hurghada-excursions-logo.png","contentUrl":"https:\/\/hurghadalovers.com\/wp-content\/uploads\/2019\/10\/hurghada-excursions-logo.png","width":272,"height":90,"caption":"Hurghada Excursions"}]},"product_brand":"Ekskursioonid in Soma Bay","product_price_amount":"400","product_price_currency":"EUR","og_availability":"instock","product_availability":"instock","product_retailer_item_id":"PrivateSoma022024","product_condition":"new","geo.placename":"hurghada","geo.region":"Egypt"},"_links":{"self":[{"href":"https:\/\/hurghadalovers.com\/et\/wp-json\/wp\/v2\/product\/383771","targetHints":{"allow":["GET"]}}],"collection":[{"href":"https:\/\/hurghadalovers.com\/et\/wp-json\/wp\/v2\/product"}],"about":[{"href":"https:\/\/hurghadalovers.com\/et\/wp-json\/wp\/v2\/types\/product"}],"wp:featuredmedia":[{"embeddable":true,"href":"https:\/\/hurghadalovers.com\/et\/wp-json\/wp\/v2\/media\/491900"}],"wp:attachment":[{"href":"https:\/\/hurghadalovers.com\/et\/wp-json\/wp\/v2\/media?parent=383771"}],"wp:term":[{"taxonomy":"product_brand","embeddable":true,"href":"https:\/\/hurghadalovers.com\/et\/wp-json\/wp\/v2\/product_brand?post=383771"},{"taxonomy":"product_cat","embeddable":true,"href":"https:\/\/hurghadalovers.com\/et\/wp-json\/wp\/v2\/product_cat?post=383771"},{"taxonomy":"product_tag","embeddable":true,"href":"https:\/\/hurghadalovers.com\/et\/wp-json\/wp\/v2\/product_tag?post=383771"}],"curies":[{"name":"wp","href":"https:\/\/api.w.org\/{rel}","templated":true}]}}