{"id":383082,"date":"2023-08-26T09:22:14","date_gmt":"2023-08-26T09:22:14","guid":{"rendered":"https:\/\/hurghadalovers.com\/shop\/maaratlemata\/eratakso-soma-bay-takso-transfeer-soma-bay\/"},"modified":"2026-02-08T04:25:30","modified_gmt":"2026-02-08T04:25:30","slug":"era-soma-bay-taxi-transfeerid","status":"publish","type":"product","link":"https:\/\/hurghadalovers.com\/et\/tours\/era-soma-bay-taxi-transfeerid\/","title":{"rendered":"Eratakso Soma bay Takso Transfeer Soma bay"},"content":{"rendered":"<p><strong>Eraldi <\/strong><strong>Soma bay<\/strong> <strong>taksotransfeerid<\/strong> Luxorisse, Kairosse | Broneerimine Odavad hinnad Turismiteenused Transfeer Luxury Minivan ja Vip Car Marsa alam, EL Gouna, Makadi bay, Hurghada (HRG) Airport | Sularaha kohapeal.<\/p>\n<p><strong>\u00dcksikasjad:<\/strong><\/p>\n<ul>\n<li>Ekskursiooni t\u00fc\u00fcp: Luksuslik eraviisiline autoga v\u00f5i v\u00e4ikebussiga.<\/li>\n<li>Broneerimine Takso Auto, v\u00e4ikebuss, Saadavalolek: Iga p\u00e4ev.<\/li>\n<li>Ligip\u00e4\u00e4setav ratastooliga.<\/li>\n<li>Vastuv\u00f5tu aeg Soma laht Luxorisse: 05:00 hommikul.<\/li>\n<li>Soma lahest Kairosse j\u00f5udmise aeg: 12:30 hommikul.<\/li>\n<li>Vastuv\u00f5tuaeg Soma bay hotellidest Hurghada (HRG) lennujaama, Hurghada Marina: nagu soovite.<\/li>\n<\/ul>\n<p><strong>Broneeri n\u00fc\u00fcd ja maksa hiljem:<\/strong><\/p>\n<ul>\n<li>Sularaha kohapeal juhile.<\/li>\n<li>Maksmine Egiptuse naelades, $, \u20ac v\u00f5i \u00a3.<\/li>\n<\/ul>\n<p><strong>T\u00fchistamispoliitika:<\/strong><\/p>\n<ul>\n<li>t\u00fchistate kuni 24 tundi ette.<\/li>\n<li>Kui keegi teie perekonnast t\u00fchistab hommikul, maksab 50% kuludest.<\/li>\n<\/ul>\n<p><strong>Mis on lisatud?<\/strong><\/p>\n<ul>\n<li>Transfeer Soma bay Hotels &#8220;Hotel pick up and drop off&#8221;.<\/li>\n<li>K\u00f5ik maksud, sissep\u00e4\u00e4sutasud ja k\u00e4itlemistasud.<\/li>\n<li>\u00dclekanded.<\/li>\n<li>Joogid.<\/li>\n<\/ul>\n<p><strong>V\u00e4ljaarvamised?<\/strong><\/p>\n<ul>\n<li>Jootraha.<\/li>\n<\/ul>\n<p><strong>Eratransfeer <\/strong><strong>Soma laht<\/strong> <strong>Luxorisse:<\/strong><\/p>\n<p>Hind Takso\/ auto &#8221; 3 istekohta&#8221; = 170$ Hind \u00fche s\u00f5iduauto kohta.<\/p>\n<p>Hind v\u00e4ikebuss &#8220;8 istekohta&#8221; = 200$ Hind \u00fche eraisikutele m\u00f5eldud v\u00e4ikebussi kohta.<\/p>\n<p>Kaugus Soma lahe ja Luxori vahel = 300 km.<\/p>\n<p>Aeg Soma lahe ja Luxori vahel = 4 tundi.<\/p>\n<p>Seal 2 peatust &#8221; 20 min Break, 20 turistide kontrollpunktid Safaga&#8221;.<\/p>\n<p><strong> <\/strong><\/p>\n<p><strong>Eratransfeer <\/strong><strong>Soma laht<\/strong> <strong>Kairo, Giza p\u00fcramiidid:<\/strong><\/p>\n<p>Hind Takso\/ auto &#8220;3 istekohta&#8221; = 180$ Hind \u00fche s\u00f5iduauto kohta.<\/p>\n<p>Hind v\u00e4ikebuss &#8220;8 istekohta&#8221; = 220$ Hind \u00fche eraisikutele m\u00f5eldud v\u00e4ikebussi kohta.<\/p>\n<p>Kaugus Soma lahe ja Kairo vahel = 400 km.<\/p>\n<p>Aeg Soma lahe ja Kairo vahel = 7.30 tundi.<\/p>\n<p>Seal 3 peatust &#8221; 20 min Paus Saffron Ras Ghareb, 15-30 min Turistlik kontrollpunkt&#8221;<\/p>\n<p><strong>Eratransfeer <\/strong><strong>Soma laht<\/strong> <strong>Hurghada (HRG) lennujaamast v\u00f5i lennujaama:<\/strong><\/p>\n<p>Hind Takso\/ auto &#8221; 3 &#8211; 6 istekohta&#8221; = 30$ Hind \u00fche s\u00f5iduauto kohta.<\/p>\n<p>Hind v\u00e4ikebuss &#8220;12 istekohta&#8221; = 40$ Hind \u00fche eraisikutele m\u00f5eldud v\u00e4ikebussi kohta.<\/p>\n<p><strong> <\/strong><\/p>\n<p><strong>Eratransfeer <\/strong><strong>Soma laht<\/strong> <strong>Hurghada jahisadamasse:<\/strong><\/p>\n<p>Hind Takso\/ auto &#8221; 3 &#8211; 6 istekohta&#8221; 4h = 45$ Hind eraauto kohta.<\/p>\n<p>Hind v\u00e4ikebuss &#8220;12 istekohta&#8221; 4h = 75$ Hind \u00fche eraisiku v\u00e4ikebussi kohta.<\/p>\n<p><strong> <\/strong><\/p>\n<p><strong>Eratransfeer <\/strong><strong>Soma laht<\/strong> <strong>El Gouna hotellidesse:<\/strong><\/p>\n<p>Hind Takso\/ auto &#8221; 3 &#8211; 6 istekohta&#8221; = 55$ Hind s\u00f5iduauto kohta.<\/p>\n<p>Hind v\u00e4ikebuss &#8220;12 istekohta&#8221; = 70$ Hind \u00fche eraisikutele m\u00f5eldud v\u00e4ikebussi kohta.<\/p>\n<p>Kaugus Soma lahe ja El Gouna vahel = 90 km.<\/p>\n<p>Aeg Soma lahe ja El Gouna vahel = 70 min.<\/p>\n<p><strong>Eratakso <\/strong><strong>Soma laht<\/strong> <strong>alates Marsa Alam<\/strong><\/p>\n<p>pakume autosid ja bussi, et viia teid v\u00f5i teie gruppi Marsa Alamist mis tahes paleesse Punase mere Egiptuses.<\/p>\n<p><strong>Eratransfeerid Kairo lennujaama<\/strong><\/p>\n<p>kui teil on vaja minna Kairo lennujaama ja vaja transfeer Turism linnad Egiptus, v\u00f5ib usaldada meile anda teile luksus Eraautod Buss Limousine Service.<\/p>\n<p><strong>Takso alates <\/strong><strong>Soma bay<\/strong> <strong>kuni Marsa Alam<\/strong><\/p>\n<p>Kui te saabusite Hurghada lennujaama v\u00f5i oma asukohast vajate parimaid autosid v\u00f5i bussi Mars Alamisse v\u00f5i Mars Alamist Kairo v\u00f5i Luxori k\u00fclastamiseks, helistage meile kohe.<\/p>\n<p>1-3 inimest (individuaalne auto) = 90 $<\/p>\n<p>4-8 inimest (v\u00e4ikebuss) = 120 $<\/p>\n<p><strong>Arvustused:<\/strong><\/p>\n<p>vaadata meie Google Map Arvamused kui parim <a href=\"https:\/\/g.page\/r\/CUeYvkngP3wkEBM\/review\">reisikorraldaja Hurghada<\/a> online <a href=\"https:\/\/hurghadalovers.com\/\">Hurghada<\/a> Egiptus.<\/p>\n<p><strong>Broneerimine:<\/strong><\/p>\n<p>Saada hotell + toa number + fotopassid WhatsAppi: <strong>+201112596434<\/strong><\/p>\n<p>Kui te v\u00e4lja Egiptus Broneerimine n\u00fc\u00fcd online ja kinnitada, kui saabumine Hotel.<\/p>\n<p>&nbsp;<\/p>\n<p>&nbsp;<\/p>\n","protected":false},"excerpt":{"rendered":"<p><strong>Eraldi <\/strong><strong>Soma bay<\/strong> <strong>taksotransfeerid<\/strong> Luxorisse, Kairosse | Broneerimine Odavad hinnad Turismiteenused Transfeer Luxury Minivan ja Vip Car Marsa alam, EL Gouna, Makadi bay, Hurghada (HRG) Airport | Sularaha kohapeal.<\/p>\n","protected":false},"featured_media":454394,"template":"","meta":{"_joinchat":[]},"product_brand":[],"product_cat":[36652],"product_tag":[51718,55352,55555,55578,55445,55625,55616,55357,55564,55404,55345,55416,55371,55366,55410,55570,55612],"class_list":{"0":"post-383082","1":"product","2":"type-product","3":"status-publish","4":"has-post-thumbnail","6":"product_cat-ekskursioonid","7":"product_tag-kairo-eraviisilised-ekskursioonid","8":"product_tag-kairo-paevareis-soma-bayst","9":"product_tag-mida-teha-soma-bays","10":"product_tag-mida-teha-soma-bays-paaridele","11":"product_tag-perekond-asjad-mida-teha-soma-bayst","12":"product_tag-perepaevad-soma-bayst","13":"product_tag-peretegevused-soma-bayst","14":"product_tag-puramiidid-soma-bayst","15":"product_tag-romantiline-asju-teha-alates-soma-bay","16":"product_tag-soma-bay-ekskursioonid","17":"product_tag-soma-bay-kuni-puramiidid","18":"product_tag-soma-bay-paevased-valjasoidud","19":"product_tag-soma-bay-puramiidide-paevareis","20":"product_tag-soma-bay-reis-kairosse","21":"product_tag-soma-bay-tegevused","22":"product_tag-soma-bay-tegevused-paaridele","23":"product_tag-vaikelapse-tegevused-soma-bayst","24":"tour_category-soma-lahe-ekskursioonid","25":"tour_category-kairo-paevased-ekskursioonid-soma-bayst","27":"first","28":"instock","29":"sale","30":"shipping-taxable","31":"purchasable","32":"product-type-tour"},"yoast_head":"<!-- This site is optimized with the Yoast SEO Premium plugin v26.9 (Yoast SEO v27.2) - https:\/\/yoast.com\/product\/yoast-seo-premium-wordpress\/ -->\n<title>Eratransfeerid Soma bay taksoga Luxorisse, Kairosse | Luxury &amp; Vip | Luksus ja Vip<\/title>\n<meta name=\"description\" content=\"Eraldi Soma bay taksotransfeerid Luxorisse, Kairosse | Broneerimine Odavad hinnad Turismiteenused Transfeer Luxury Minivan ja Vip Car Marsa alam, EL Gouna...\" \/>\n<meta name=\"robots\" content=\"index, follow, max-snippet:-1, max-image-preview:large, max-video-preview:-1\" \/>\n<link rel=\"canonical\" href=\"https:\/\/hurghadalovers.com\/et\/tours\/era-soma-bay-taxi-transfeerid\/\" \/>\n<meta property=\"og:locale\" content=\"et_EE\" \/>\n<meta property=\"og:type\" content=\"article\" \/>\n<meta property=\"og:title\" content=\"Eratakso Soma bay Takso Transfeer Soma bay\" \/>\n<meta property=\"og:description\" content=\"Eraldi Soma bay taksotransfeerid Luxorisse, Kairosse | Broneerimine Odavad hinnad Turismiteenused Transfeer Luxury Minivan ja Vip Car Marsa alam, EL Gouna...\" \/>\n<meta property=\"og:url\" content=\"https:\/\/hurghadalovers.com\/et\/tours\/era-soma-bay-taxi-transfeerid\/\" \/>\n<meta property=\"og:site_name\" content=\"Hurghada Excursions &amp; Day Trips | Booking Best Prices Tours\" \/>\n<meta property=\"article:publisher\" content=\"https:\/\/www.facebook.com\/Hurghadaloversegypt\" \/>\n<meta property=\"article:modified_time\" content=\"2026-02-08T04:25:30+00:00\" \/>\n<meta property=\"og:image\" content=\"https:\/\/hurghadalovers.com\/wp-content\/uploads\/2023\/08\/Privater-Transfer-von-Soma-bay-2.jpeg\" \/>\n\t<meta property=\"og:image:width\" content=\"1156\" \/>\n\t<meta property=\"og:image:height\" content=\"867\" \/>\n\t<meta property=\"og:image:type\" content=\"image\/jpeg\" \/>\n<meta name=\"twitter:card\" content=\"summary_large_image\" \/>\n<meta name=\"twitter:label1\" content=\"Price\" \/>\n\t<meta name=\"twitter:data1\" content=\"&euro;&nbsp;30\" \/>\n\t<meta name=\"twitter:label2\" content=\"Availability\" \/>\n\t<meta name=\"twitter:data2\" content=\"In stock\" \/>\n<script type=\"application\/ld+json\" class=\"yoast-schema-graph\">{\"@context\":\"https:\/\/schema.org\",\"@graph\":[{\"@type\":[\"WebPage\",\"ItemPage\"],\"@id\":\"https:\/\/hurghadalovers.com\/et\/tours\/era-soma-bay-taxi-transfeerid\/\",\"url\":\"https:\/\/hurghadalovers.com\/et\/tours\/era-soma-bay-taxi-transfeerid\/\",\"name\":\"Eratransfeerid Soma bay taksoga Luxorisse, Kairosse | Luxury & Vip | Luksus ja Vip\",\"isPartOf\":{\"@id\":\"https:\/\/hurghadalovers.com\/et\/#website\"},\"primaryImageOfPage\":{\"@id\":\"https:\/\/hurghadalovers.com\/et\/tours\/era-soma-bay-taxi-transfeerid\/#primaryimage\"},\"image\":{\"@id\":\"https:\/\/hurghadalovers.com\/et\/tours\/era-soma-bay-taxi-transfeerid\/#primaryimage\"},\"thumbnailUrl\":\"https:\/\/hurghadalovers.com\/wp-content\/uploads\/2023\/08\/Privater-Transfer-von-Soma-bay-2.jpeg\",\"datePublished\":\"2023-08-26T09:22:14+00:00\",\"dateModified\":\"2026-02-08T04:25:30+00:00\",\"description\":\"Eraldi Soma bay taksotransfeerid Luxorisse, Kairosse | Broneerimine Odavad hinnad Turismiteenused Transfeer Luxury Minivan ja Vip Car Marsa alam, EL Gouna...\",\"breadcrumb\":{\"@id\":\"https:\/\/hurghadalovers.com\/et\/tours\/era-soma-bay-taxi-transfeerid\/#breadcrumb\"},\"inLanguage\":\"et\",\"potentialAction\":[{\"@type\":\"ReadAction\",\"target\":[\"https:\/\/hurghadalovers.com\/et\/tours\/era-soma-bay-taxi-transfeerid\/\"]}]},{\"@type\":\"ImageObject\",\"inLanguage\":\"et\",\"@id\":\"https:\/\/hurghadalovers.com\/et\/tours\/era-soma-bay-taxi-transfeerid\/#primaryimage\",\"url\":\"https:\/\/hurghadalovers.com\/wp-content\/uploads\/2023\/08\/Privater-Transfer-von-Soma-bay-2.jpeg\",\"contentUrl\":\"https:\/\/hurghadalovers.com\/wp-content\/uploads\/2023\/08\/Privater-Transfer-von-Soma-bay-2.jpeg\",\"width\":1156,\"height\":867,\"caption\":\"Privater Transfer von Soma Bay nach Luxor, Kairo\"},{\"@type\":\"BreadcrumbList\",\"@id\":\"https:\/\/hurghadalovers.com\/et\/tours\/era-soma-bay-taxi-transfeerid\/#breadcrumb\",\"itemListElement\":[{\"@type\":\"ListItem\",\"position\":1,\"name\":\"Home\",\"item\":\"https:\/\/hurghadalovers.com\/et\/\"},{\"@type\":\"ListItem\",\"position\":2,\"name\":\"Shop\",\"item\":\"https:\/\/hurghadalovers.com\/et\/shop\/\"},{\"@type\":\"ListItem\",\"position\":3,\"name\":\"Eratakso Soma bay Takso Transfeer Soma bay\"}]},{\"@type\":\"WebSite\",\"@id\":\"https:\/\/hurghadalovers.com\/et\/#website\",\"url\":\"https:\/\/hurghadalovers.com\/et\/\",\"name\":\"Hurghada Excursions & Day Trips | Booking Best Prices Tours\",\"description\":\"Hurghada Lovers - Best Tour Operator - Excursions &amp; Things to do for Family Day Trips with kids and Couples Romantic. Unique .Hidden gems\",\"publisher\":{\"@id\":\"https:\/\/hurghadalovers.com\/et\/#organization\"},\"alternateName\":\"Hurghada Excursions\",\"potentialAction\":[{\"@type\":\"SearchAction\",\"target\":{\"@type\":\"EntryPoint\",\"urlTemplate\":\"https:\/\/hurghadalovers.com\/et\/?s={search_term_string}\"},\"query-input\":{\"@type\":\"PropertyValueSpecification\",\"valueRequired\":true,\"valueName\":\"search_term_string\"}}],\"inLanguage\":\"et\"},{\"@type\":[\"Organization\",\"Place\",\"TravelAgency\"],\"@id\":\"https:\/\/hurghadalovers.com\/et\/#organization\",\"name\":\"Hurghada Excursions\",\"url\":\"https:\/\/hurghadalovers.com\/et\/\",\"logo\":{\"@id\":\"https:\/\/hurghadalovers.com\/et\/tours\/era-soma-bay-taxi-transfeerid\/#local-main-organization-logo\"},\"image\":{\"@id\":\"https:\/\/hurghadalovers.com\/et\/tours\/era-soma-bay-taxi-transfeerid\/#local-main-organization-logo\"},\"sameAs\":[\"https:\/\/www.facebook.com\/Hurghadaloversegypt\"],\"address\":{\"@id\":\"https:\/\/hurghadalovers.com\/et\/tours\/era-soma-bay-taxi-transfeerid\/#local-main-place-address\"},\"telephone\":[\"00201112596434\"],\"contactPoint\":{\"@type\":\"ContactPoint\",\"telephone\":\"00201112596434\",\"email\":\"weyouface@gmail.com\"},\"openingHoursSpecification\":{\"@type\":\"OpeningHoursSpecification\",\"dayOfWeek\":[\"Monday\",\"Tuesday\",\"Wednesday\",\"Thursday\",\"Friday\",\"Saturday\",\"Sunday\"],\"opens\":\"00:00\",\"closes\":\"23:59\"},\"email\":\"weyouface@gmail.com\",\"areaServed\":\"Luxor, Hurghada, El Gouna, Aswan, Sharm El Sheikh, Giza, Alexandria, Marsa Alam, Quseir, Soma Bay, Sahl Hasheesh, Red Sea, Makadi Bay, Cairo\",\"priceRange\":\"$\",\"currenciesAccepted\":\"euro\",\"paymentAccepted\":\"cash on site\"},{\"@type\":\"PostalAddress\",\"@id\":\"https:\/\/hurghadalovers.com\/et\/tours\/era-soma-bay-taxi-transfeerid\/#local-main-place-address\",\"streetAddress\":\"17 Banks street, Alkawther area, top nbk bank\",\"addressLocality\":\"hurghada\",\"postalCode\":\"84511\",\"addressRegion\":\"red sea\",\"addressCountry\":\"EG\"},{\"@type\":\"ImageObject\",\"inLanguage\":\"et\",\"@id\":\"https:\/\/hurghadalovers.com\/et\/tours\/era-soma-bay-taxi-transfeerid\/#local-main-organization-logo\",\"url\":\"https:\/\/hurghadalovers.com\/wp-content\/uploads\/2019\/10\/hurghada-excursions-logo.png\",\"contentUrl\":\"https:\/\/hurghadalovers.com\/wp-content\/uploads\/2019\/10\/hurghada-excursions-logo.png\",\"width\":272,\"height\":90,\"caption\":\"Hurghada Excursions\"}]}<\/script>\n<meta property=\"product:brand\" content=\"Ekskursioonid in Soma Bay\" \/>\n<meta property=\"product:price:amount\" content=\"30\" \/>\n<meta property=\"product:price:currency\" content=\"EUR\" \/>\n<meta property=\"og:availability\" content=\"instock\" \/>\n<meta property=\"product:availability\" content=\"instock\" \/>\n<meta property=\"product:retailer_item_id\" content=\"Somabay042024\" \/>\n<meta property=\"product:condition\" content=\"new\" \/>\n<meta name=\"geo.placename\" content=\"hurghada\" \/>\n<meta name=\"geo.region\" content=\"Egypt\" \/>\n<!-- \/ Yoast SEO Premium plugin. -->","yoast_head_json":{"title":"Eratransfeerid Soma bay taksoga Luxorisse, Kairosse | Luxury & Vip | Luksus ja Vip","description":"Eraldi Soma bay taksotransfeerid Luxorisse, Kairosse | Broneerimine Odavad hinnad Turismiteenused Transfeer Luxury Minivan ja Vip Car Marsa alam, EL Gouna...","robots":{"index":"index","follow":"follow","max-snippet":"max-snippet:-1","max-image-preview":"max-image-preview:large","max-video-preview":"max-video-preview:-1"},"canonical":"https:\/\/hurghadalovers.com\/et\/tours\/era-soma-bay-taxi-transfeerid\/","og_locale":"et_EE","og_type":"article","og_title":"Eratakso Soma bay Takso Transfeer Soma bay","og_description":"Eraldi Soma bay taksotransfeerid Luxorisse, Kairosse | Broneerimine Odavad hinnad Turismiteenused Transfeer Luxury Minivan ja Vip Car Marsa alam, EL Gouna...","og_url":"https:\/\/hurghadalovers.com\/et\/tours\/era-soma-bay-taxi-transfeerid\/","og_site_name":"Hurghada Excursions &amp; Day Trips | Booking Best Prices Tours","article_publisher":"https:\/\/www.facebook.com\/Hurghadaloversegypt","article_modified_time":"2026-02-08T04:25:30+00:00","og_image":[{"width":1156,"height":867,"url":"https:\/\/hurghadalovers.com\/wp-content\/uploads\/2023\/08\/Privater-Transfer-von-Soma-bay-2.jpeg","type":"image\/jpeg"}],"twitter_card":"summary_large_image","twitter_misc":{"Price":"&euro;&nbsp;30","Availability":"In stock"},"schema":{"@context":"https:\/\/schema.org","@graph":[{"@type":["WebPage","ItemPage"],"@id":"https:\/\/hurghadalovers.com\/et\/tours\/era-soma-bay-taxi-transfeerid\/","url":"https:\/\/hurghadalovers.com\/et\/tours\/era-soma-bay-taxi-transfeerid\/","name":"Eratransfeerid Soma bay taksoga Luxorisse, Kairosse | Luxury & Vip | Luksus ja Vip","isPartOf":{"@id":"https:\/\/hurghadalovers.com\/et\/#website"},"primaryImageOfPage":{"@id":"https:\/\/hurghadalovers.com\/et\/tours\/era-soma-bay-taxi-transfeerid\/#primaryimage"},"image":{"@id":"https:\/\/hurghadalovers.com\/et\/tours\/era-soma-bay-taxi-transfeerid\/#primaryimage"},"thumbnailUrl":"https:\/\/hurghadalovers.com\/wp-content\/uploads\/2023\/08\/Privater-Transfer-von-Soma-bay-2.jpeg","datePublished":"2023-08-26T09:22:14+00:00","dateModified":"2026-02-08T04:25:30+00:00","description":"Eraldi Soma bay taksotransfeerid Luxorisse, Kairosse | Broneerimine Odavad hinnad Turismiteenused Transfeer Luxury Minivan ja Vip Car Marsa alam, EL Gouna...","breadcrumb":{"@id":"https:\/\/hurghadalovers.com\/et\/tours\/era-soma-bay-taxi-transfeerid\/#breadcrumb"},"inLanguage":"et","potentialAction":[{"@type":"ReadAction","target":["https:\/\/hurghadalovers.com\/et\/tours\/era-soma-bay-taxi-transfeerid\/"]}]},{"@type":"ImageObject","inLanguage":"et","@id":"https:\/\/hurghadalovers.com\/et\/tours\/era-soma-bay-taxi-transfeerid\/#primaryimage","url":"https:\/\/hurghadalovers.com\/wp-content\/uploads\/2023\/08\/Privater-Transfer-von-Soma-bay-2.jpeg","contentUrl":"https:\/\/hurghadalovers.com\/wp-content\/uploads\/2023\/08\/Privater-Transfer-von-Soma-bay-2.jpeg","width":1156,"height":867,"caption":"Privater Transfer von Soma Bay nach Luxor, Kairo"},{"@type":"BreadcrumbList","@id":"https:\/\/hurghadalovers.com\/et\/tours\/era-soma-bay-taxi-transfeerid\/#breadcrumb","itemListElement":[{"@type":"ListItem","position":1,"name":"Home","item":"https:\/\/hurghadalovers.com\/et\/"},{"@type":"ListItem","position":2,"name":"Shop","item":"https:\/\/hurghadalovers.com\/et\/shop\/"},{"@type":"ListItem","position":3,"name":"Eratakso Soma bay Takso Transfeer Soma bay"}]},{"@type":"WebSite","@id":"https:\/\/hurghadalovers.com\/et\/#website","url":"https:\/\/hurghadalovers.com\/et\/","name":"Hurghada Excursions & Day Trips | Booking Best Prices Tours","description":"Hurghada Lovers - Best Tour Operator - Excursions &amp; Things to do for Family Day Trips with kids and Couples Romantic. Unique .Hidden gems","publisher":{"@id":"https:\/\/hurghadalovers.com\/et\/#organization"},"alternateName":"Hurghada Excursions","potentialAction":[{"@type":"SearchAction","target":{"@type":"EntryPoint","urlTemplate":"https:\/\/hurghadalovers.com\/et\/?s={search_term_string}"},"query-input":{"@type":"PropertyValueSpecification","valueRequired":true,"valueName":"search_term_string"}}],"inLanguage":"et"},{"@type":["Organization","Place","TravelAgency"],"@id":"https:\/\/hurghadalovers.com\/et\/#organization","name":"Hurghada Excursions","url":"https:\/\/hurghadalovers.com\/et\/","logo":{"@id":"https:\/\/hurghadalovers.com\/et\/tours\/era-soma-bay-taxi-transfeerid\/#local-main-organization-logo"},"image":{"@id":"https:\/\/hurghadalovers.com\/et\/tours\/era-soma-bay-taxi-transfeerid\/#local-main-organization-logo"},"sameAs":["https:\/\/www.facebook.com\/Hurghadaloversegypt"],"address":{"@id":"https:\/\/hurghadalovers.com\/et\/tours\/era-soma-bay-taxi-transfeerid\/#local-main-place-address"},"telephone":["00201112596434"],"contactPoint":{"@type":"ContactPoint","telephone":"00201112596434","email":"weyouface@gmail.com"},"openingHoursSpecification":{"@type":"OpeningHoursSpecification","dayOfWeek":["Monday","Tuesday","Wednesday","Thursday","Friday","Saturday","Sunday"],"opens":"00:00","closes":"23:59"},"email":"weyouface@gmail.com","areaServed":"Luxor, Hurghada, El Gouna, Aswan, Sharm El Sheikh, Giza, Alexandria, Marsa Alam, Quseir, Soma Bay, Sahl Hasheesh, Red Sea, Makadi Bay, Cairo","priceRange":"$","currenciesAccepted":"euro","paymentAccepted":"cash on site"},{"@type":"PostalAddress","@id":"https:\/\/hurghadalovers.com\/et\/tours\/era-soma-bay-taxi-transfeerid\/#local-main-place-address","streetAddress":"17 Banks street, Alkawther area, top nbk bank","addressLocality":"hurghada","postalCode":"84511","addressRegion":"red sea","addressCountry":"EG"},{"@type":"ImageObject","inLanguage":"et","@id":"https:\/\/hurghadalovers.com\/et\/tours\/era-soma-bay-taxi-transfeerid\/#local-main-organization-logo","url":"https:\/\/hurghadalovers.com\/wp-content\/uploads\/2019\/10\/hurghada-excursions-logo.png","contentUrl":"https:\/\/hurghadalovers.com\/wp-content\/uploads\/2019\/10\/hurghada-excursions-logo.png","width":272,"height":90,"caption":"Hurghada Excursions"}]},"product_brand":"Ekskursioonid in Soma Bay","product_price_amount":"30","product_price_currency":"EUR","og_availability":"instock","product_availability":"instock","product_retailer_item_id":"Somabay042024","product_condition":"new","geo.placename":"hurghada","geo.region":"Egypt"},"_links":{"self":[{"href":"https:\/\/hurghadalovers.com\/et\/wp-json\/wp\/v2\/product\/383082","targetHints":{"allow":["GET"]}}],"collection":[{"href":"https:\/\/hurghadalovers.com\/et\/wp-json\/wp\/v2\/product"}],"about":[{"href":"https:\/\/hurghadalovers.com\/et\/wp-json\/wp\/v2\/types\/product"}],"wp:featuredmedia":[{"embeddable":true,"href":"https:\/\/hurghadalovers.com\/et\/wp-json\/wp\/v2\/media\/454394"}],"wp:attachment":[{"href":"https:\/\/hurghadalovers.com\/et\/wp-json\/wp\/v2\/media?parent=383082"}],"wp:term":[{"taxonomy":"product_brand","embeddable":true,"href":"https:\/\/hurghadalovers.com\/et\/wp-json\/wp\/v2\/product_brand?post=383082"},{"taxonomy":"product_cat","embeddable":true,"href":"https:\/\/hurghadalovers.com\/et\/wp-json\/wp\/v2\/product_cat?post=383082"},{"taxonomy":"product_tag","embeddable":true,"href":"https:\/\/hurghadalovers.com\/et\/wp-json\/wp\/v2\/product_tag?post=383082"}],"curies":[{"name":"wp","href":"https:\/\/api.w.org\/{rel}","templated":true}]}}