{"id":382547,"date":"2023-08-23T09:34:18","date_gmt":"2023-08-23T09:34:18","guid":{"rendered":"https:\/\/hurghadalovers.com\/shop\/maaratlemata\/padi-avatud-vee-sukelduja-kursus-hurghadas\/"},"modified":"2026-02-10T07:58:25","modified_gmt":"2026-02-10T07:58:25","slug":"padi-avameresukelduja-kursus-hurghadas","status":"publish","type":"product","link":"https:\/\/hurghadalovers.com\/et\/tours\/padi-avameresukelduja-kursus-hurghadas\/","title":{"rendered":"PADI avatud vee sukelduja kursus Hurghadas"},"content":{"rendered":"<p><strong>PADI avatud vee sukelduja kursus Hurghadas<\/strong> &#8211; 3 p\u00e4eva | koos l\u00f5unas\u00f6\u00f6gi, jookide, sukeldumisvarustuse ja transfeeriga.<\/p>\n<p style=\"text-align: center;\"><strong>Luksuslik paat | Professionaalne sukeldumisinstruktor<\/strong><\/p>\n<p><strong>T\u00e4hts\u00fcndmused:<\/strong><\/p>\n<ul>\n<li>\u00d5ppige sukeldumise p\u00f5hit\u00f5desid<\/li>\n<li>\u00d5pi sukeldumisvarustust ja -tehnikaid<\/li>\n<li>Avatud vee harjutussessioonid<\/li>\n<li>Maksimaalne s\u00fcgavus 18m.<\/li>\n<li>Minimaalne vanus on 12 aastat.<\/li>\n<\/ul>\n<p><strong> <\/strong><\/p>\n<p><strong>\u00dcksikasjad:<\/strong><\/p>\n<ul>\n<li>Ringk\u00e4igu k\u00e4ttesaadavus: Iga p\u00e4ev.<\/li>\n<li>Ekskursiooni t\u00fc\u00fcp: Grupp v\u00f5i eraviisiline.<\/li>\n<li>Kohalej\u00f5udmise aeg: Alates 08:00 hommikul.<\/li>\n<li>V\u00e4ljas\u00f5idu aeg: 16:00.<\/li>\n<li>Ligip\u00e4\u00e4setav ratastooliga.<\/li>\n<li>Kestus: Kestus: 3 p\u00e4eva.<\/li>\n<\/ul>\n<p><strong>Broneeri n\u00fc\u00fcd ja maksa hiljem:<\/strong><\/p>\n<ul>\n<li>Sularaha kohapeal juhile.<\/li>\n<li>Maksmine Egiptuse naelades, $, \u20ac v\u00f5i \u00a3.<\/li>\n<\/ul>\n<p><strong>T\u00fchistamispoliitika:<\/strong><\/p>\n<ul>\n<li>t\u00fchistate kuni 24 tundi ette.<\/li>\n<li>Kui keegi teie perekonnast t\u00fchistab hommikul, maksab 50% kuludest.<\/li>\n<\/ul>\n<p><strong>Mis on lisatud?<\/strong><\/p>\n<ul>\n<li>Transfeer Hurghada hotellidest &#8220;Hotel pick up and drop off&#8221;.<\/li>\n<li>K\u00f5ik maksud, sissep\u00e4\u00e4sutasud ja k\u00e4itlemistasud.<\/li>\n<li>Mineraalvesi + Cola.<\/li>\n<li>Professionaalne sukeldumisinstruktor.<\/li>\n<li>Sukeldumisvarustus ja snorgeldamisvarustus &#8220;Maskid ja ujumisriistad&#8221;.<\/li>\n<li>VIP-buffet l\u00f5unas\u00f6\u00f6k paadil.<\/li>\n<li>P\u00e4\u00e4stevestid.<\/li>\n<\/ul>\n<p><strong>V\u00e4ljaarvamised?<\/strong><\/p>\n<ul>\n<li>Jootraha.<\/li>\n<li>Fotograafia ja fotod reisi jaoks.<\/li>\n<li>Pakume rentida ujumisriided ja ujumisriided naistele, meestele, lastele k\u00f5ik suurused &#8221; 5$ \u00fche kohta&#8221;.<\/li>\n<li>K\u00f5ik lisad, mida ei ole mainitud.<\/li>\n<li>PADI k\u00e4siraamat = 55$<\/li>\n<li>PADI Online sertifitseerimine = 55$<\/li>\n<li>K\u00e4siraamat + online sertifitseerimine = 100$.<\/li>\n<\/ul>\n<p><strong>Hinnad:<\/strong><\/p>\n<ul>\n<li><strong>T\u00e4iskasvanute hind = <\/strong><strong>250$<\/strong><strong> inimese kohta<\/strong>.<\/li>\n<\/ul>\n<p><strong>Me teeme kursusi:<\/strong><\/p>\n<ol>\n<li>PADI Scuba Diver kursus 2 p\u00e4eva = 200$<\/li>\n<li>PADI Bubblemaker kursus lastele | Kestus: 1 tund<br \/>\n= 60$<\/li>\n<li>PADI Advanced Open Water Diver kursus 2 p\u00e4eva = 190$<\/li>\n<li>PADI Rescue Diver kursus 4 p\u00e4eva = 260$<\/li>\n<\/ol>\n<p><strong>Arvustused:<\/strong><\/p>\n<p>vaadata meie Google Map Arvamused kui parim <a href=\"https:\/\/g.page\/r\/CUeYvkngP3wkEBM\/review\">reisikorraldaja Hurghada<\/a> online <a href=\"https:\/\/hurghadalovers.com\/\">Hurghada<\/a> Egiptus.<\/p>\n<p>&nbsp;<\/p>\n<p><strong>M\u00e4rkus:<\/strong><\/p>\n<p>Teeme ka ekskursiooni koos transfeeriga teie hotellist El Goua, Soma bay, Makadi bay, Sahl Hasheesh, Safaga lisakulu= 10$ inimese kohta.<\/p>\n<p>&nbsp;<\/p>\n<p><strong>Broneerimine:<\/strong><\/p>\n<p>Saada hotell + toa number + fotopassid WhatsAppi: <strong>+201112596434<\/strong><\/p>\n<p>Kui te v\u00e4lja Egiptus Broneerimine n\u00fc\u00fcd online ja kinnitada, kui saabumine Hotel.<\/p>\n","protected":false},"excerpt":{"rendered":"<p>PADI avatud vee sukelduja kursus Hurghadas &#8211; 3 p\u00e4eva | koos l\u00f5unas\u00f6\u00f6gi, jookide, sukeldumisvarustuse ja transfeeriga. \u00d5pi sukeldumise p\u00f5hit\u00f5desid&#8230;<\/p>\n","protected":false},"featured_media":931822,"template":"","meta":{"_joinchat":[]},"product_brand":[],"product_cat":[36652],"product_tag":[],"class_list":{"0":"post-382547","1":"product","2":"type-product","3":"status-publish","4":"has-post-thumbnail","6":"product_cat-ekskursioonid","7":"tour_category-hurghada-snorkeling-valjasoidud","8":"tour_category-hurghada-ekskursioonid","10":"first","11":"instock","12":"sale","13":"shipping-taxable","14":"purchasable","15":"product-type-tour"},"yoast_head":"<!-- This site is optimized with the Yoast SEO Premium plugin v26.9 (Yoast SEO v27.2) - https:\/\/yoast.com\/product\/yoast-seo-premium-wordpress\/ -->\n<title>PADI avatud vee sukelduja kursus Hurghadas<\/title>\n<meta name=\"description\" content=\"PADI avatud vee sukelduja kursus Hurghadas - 3 p\u00e4eva | koos l\u00f5unas\u00f6\u00f6gi, jookide, sukeldumisvarustuse ja transfeeriga. \u00d5pi sukeldumise p\u00f5hit\u00f5desid...\" \/>\n<meta name=\"robots\" content=\"index, follow, max-snippet:-1, max-image-preview:large, max-video-preview:-1\" \/>\n<link rel=\"canonical\" href=\"https:\/\/hurghadalovers.com\/et\/tours\/padi-avameresukelduja-kursus-hurghadas\/\" \/>\n<meta property=\"og:locale\" content=\"et_EE\" \/>\n<meta property=\"og:type\" content=\"article\" \/>\n<meta property=\"og:title\" content=\"PADI avatud vee sukelduja kursus Hurghadas\" \/>\n<meta property=\"og:description\" content=\"PADI avatud vee sukelduja kursus Hurghadas - 3 p\u00e4eva | koos l\u00f5unas\u00f6\u00f6gi, jookide, sukeldumisvarustuse ja transfeeriga. \u00d5pi sukeldumise p\u00f5hit\u00f5desid...\" \/>\n<meta property=\"og:url\" content=\"https:\/\/hurghadalovers.com\/et\/tours\/padi-avameresukelduja-kursus-hurghadas\/\" \/>\n<meta property=\"og:site_name\" content=\"Hurghada Excursions &amp; Day Trips | Booking Best Prices Tours\" \/>\n<meta property=\"article:publisher\" content=\"https:\/\/www.facebook.com\/Hurghadaloversegypt\" \/>\n<meta property=\"article:modified_time\" content=\"2026-02-10T07:58:25+00:00\" \/>\n<meta property=\"og:image\" content=\"https:\/\/hurghadalovers.com\/wp-content\/uploads\/2023\/08\/Hurghada-Diving-Course-2026.jpeg\" \/>\n\t<meta property=\"og:image:width\" content=\"849\" \/>\n\t<meta property=\"og:image:height\" content=\"717\" \/>\n\t<meta property=\"og:image:type\" content=\"image\/jpeg\" \/>\n<meta name=\"twitter:card\" content=\"summary_large_image\" \/>\n<meta name=\"twitter:label1\" content=\"Price\" \/>\n\t<meta name=\"twitter:data1\" content=\"&euro;&nbsp;290\" \/>\n\t<meta name=\"twitter:label2\" content=\"Availability\" \/>\n\t<meta name=\"twitter:data2\" content=\"In stock\" \/>\n<script type=\"application\/ld+json\" class=\"yoast-schema-graph\">{\"@context\":\"https:\/\/schema.org\",\"@graph\":[{\"@type\":[\"WebPage\",\"ItemPage\"],\"@id\":\"https:\/\/hurghadalovers.com\/et\/tours\/padi-avameresukelduja-kursus-hurghadas\/\",\"url\":\"https:\/\/hurghadalovers.com\/et\/tours\/padi-avameresukelduja-kursus-hurghadas\/\",\"name\":\"PADI avatud vee sukelduja kursus Hurghadas\",\"isPartOf\":{\"@id\":\"https:\/\/hurghadalovers.com\/et\/#website\"},\"primaryImageOfPage\":{\"@id\":\"https:\/\/hurghadalovers.com\/et\/tours\/padi-avameresukelduja-kursus-hurghadas\/#primaryimage\"},\"image\":{\"@id\":\"https:\/\/hurghadalovers.com\/et\/tours\/padi-avameresukelduja-kursus-hurghadas\/#primaryimage\"},\"thumbnailUrl\":\"https:\/\/hurghadalovers.com\/wp-content\/uploads\/2023\/08\/Hurghada-Diving-Course-2026.jpeg\",\"datePublished\":\"2023-08-23T09:34:18+00:00\",\"dateModified\":\"2026-02-10T07:58:25+00:00\",\"description\":\"PADI avatud vee sukelduja kursus Hurghadas - 3 p\u00e4eva | koos l\u00f5unas\u00f6\u00f6gi, jookide, sukeldumisvarustuse ja transfeeriga. \u00d5pi sukeldumise p\u00f5hit\u00f5desid...\",\"breadcrumb\":{\"@id\":\"https:\/\/hurghadalovers.com\/et\/tours\/padi-avameresukelduja-kursus-hurghadas\/#breadcrumb\"},\"inLanguage\":\"et\",\"potentialAction\":[{\"@type\":\"ReadAction\",\"target\":[\"https:\/\/hurghadalovers.com\/et\/tours\/padi-avameresukelduja-kursus-hurghadas\/\"]}]},{\"@type\":\"ImageObject\",\"inLanguage\":\"et\",\"@id\":\"https:\/\/hurghadalovers.com\/et\/tours\/padi-avameresukelduja-kursus-hurghadas\/#primaryimage\",\"url\":\"https:\/\/hurghadalovers.com\/wp-content\/uploads\/2023\/08\/Hurghada-Diving-Course-2026.jpeg\",\"contentUrl\":\"https:\/\/hurghadalovers.com\/wp-content\/uploads\/2023\/08\/Hurghada-Diving-Course-2026.jpeg\",\"width\":849,\"height\":717,\"caption\":\"Hurghada Diving Course 2026\"},{\"@type\":\"BreadcrumbList\",\"@id\":\"https:\/\/hurghadalovers.com\/et\/tours\/padi-avameresukelduja-kursus-hurghadas\/#breadcrumb\",\"itemListElement\":[{\"@type\":\"ListItem\",\"position\":1,\"name\":\"Home\",\"item\":\"https:\/\/hurghadalovers.com\/et\/\"},{\"@type\":\"ListItem\",\"position\":2,\"name\":\"Shop\",\"item\":\"https:\/\/hurghadalovers.com\/et\/shop\/\"},{\"@type\":\"ListItem\",\"position\":3,\"name\":\"PADI avatud vee sukelduja kursus Hurghadas\"}]},{\"@type\":\"WebSite\",\"@id\":\"https:\/\/hurghadalovers.com\/et\/#website\",\"url\":\"https:\/\/hurghadalovers.com\/et\/\",\"name\":\"Hurghada Excursions & Day Trips | Booking Best Prices Tours\",\"description\":\"Hurghada Lovers - Best Tour Operator - Excursions &amp; Things to do for Family Day Trips with kids and Couples Romantic. Unique .Hidden gems\",\"publisher\":{\"@id\":\"https:\/\/hurghadalovers.com\/et\/#organization\"},\"alternateName\":\"Hurghada Excursions\",\"potentialAction\":[{\"@type\":\"SearchAction\",\"target\":{\"@type\":\"EntryPoint\",\"urlTemplate\":\"https:\/\/hurghadalovers.com\/et\/?s={search_term_string}\"},\"query-input\":{\"@type\":\"PropertyValueSpecification\",\"valueRequired\":true,\"valueName\":\"search_term_string\"}}],\"inLanguage\":\"et\"},{\"@type\":[\"Organization\",\"Place\",\"TravelAgency\"],\"@id\":\"https:\/\/hurghadalovers.com\/et\/#organization\",\"name\":\"Hurghada Excursions\",\"url\":\"https:\/\/hurghadalovers.com\/et\/\",\"logo\":{\"@id\":\"https:\/\/hurghadalovers.com\/et\/tours\/padi-avameresukelduja-kursus-hurghadas\/#local-main-organization-logo\"},\"image\":{\"@id\":\"https:\/\/hurghadalovers.com\/et\/tours\/padi-avameresukelduja-kursus-hurghadas\/#local-main-organization-logo\"},\"sameAs\":[\"https:\/\/www.facebook.com\/Hurghadaloversegypt\"],\"address\":{\"@id\":\"https:\/\/hurghadalovers.com\/et\/tours\/padi-avameresukelduja-kursus-hurghadas\/#local-main-place-address\"},\"telephone\":[\"00201112596434\"],\"contactPoint\":{\"@type\":\"ContactPoint\",\"telephone\":\"00201112596434\",\"email\":\"weyouface@gmail.com\"},\"openingHoursSpecification\":{\"@type\":\"OpeningHoursSpecification\",\"dayOfWeek\":[\"Monday\",\"Tuesday\",\"Wednesday\",\"Thursday\",\"Friday\",\"Saturday\",\"Sunday\"],\"opens\":\"00:00\",\"closes\":\"23:59\"},\"email\":\"weyouface@gmail.com\",\"areaServed\":\"Luxor, Hurghada, El Gouna, Aswan, Sharm El Sheikh, Giza, Alexandria, Marsa Alam, Quseir, Soma Bay, Sahl Hasheesh, Red Sea, Makadi Bay, Cairo\",\"priceRange\":\"$\",\"currenciesAccepted\":\"euro\",\"paymentAccepted\":\"cash on site\"},{\"@type\":\"PostalAddress\",\"@id\":\"https:\/\/hurghadalovers.com\/et\/tours\/padi-avameresukelduja-kursus-hurghadas\/#local-main-place-address\",\"streetAddress\":\"17 Banks street, Alkawther area, top nbk bank\",\"addressLocality\":\"hurghada\",\"postalCode\":\"84511\",\"addressRegion\":\"red sea\",\"addressCountry\":\"EG\"},{\"@type\":\"ImageObject\",\"inLanguage\":\"et\",\"@id\":\"https:\/\/hurghadalovers.com\/et\/tours\/padi-avameresukelduja-kursus-hurghadas\/#local-main-organization-logo\",\"url\":\"https:\/\/hurghadalovers.com\/wp-content\/uploads\/2019\/10\/hurghada-excursions-logo.png\",\"contentUrl\":\"https:\/\/hurghadalovers.com\/wp-content\/uploads\/2019\/10\/hurghada-excursions-logo.png\",\"width\":272,\"height\":90,\"caption\":\"Hurghada Excursions\"}]}<\/script>\n<meta property=\"product:brand\" content=\"Hurghada Snorgeldamine\" \/>\n<meta property=\"product:price:amount\" content=\"290\" \/>\n<meta property=\"product:price:currency\" content=\"EUR\" \/>\n<meta property=\"og:availability\" content=\"instock\" \/>\n<meta property=\"product:availability\" content=\"instock\" \/>\n<meta property=\"product:retailer_item_id\" content=\"Diving042024\" \/>\n<meta property=\"product:condition\" content=\"new\" \/>\n<meta name=\"geo.placename\" content=\"hurghada\" \/>\n<meta name=\"geo.region\" content=\"Egypt\" \/>\n<!-- \/ Yoast SEO Premium plugin. -->","yoast_head_json":{"title":"PADI avatud vee sukelduja kursus Hurghadas","description":"PADI avatud vee sukelduja kursus Hurghadas - 3 p\u00e4eva | koos l\u00f5unas\u00f6\u00f6gi, jookide, sukeldumisvarustuse ja transfeeriga. \u00d5pi sukeldumise p\u00f5hit\u00f5desid...","robots":{"index":"index","follow":"follow","max-snippet":"max-snippet:-1","max-image-preview":"max-image-preview:large","max-video-preview":"max-video-preview:-1"},"canonical":"https:\/\/hurghadalovers.com\/et\/tours\/padi-avameresukelduja-kursus-hurghadas\/","og_locale":"et_EE","og_type":"article","og_title":"PADI avatud vee sukelduja kursus Hurghadas","og_description":"PADI avatud vee sukelduja kursus Hurghadas - 3 p\u00e4eva | koos l\u00f5unas\u00f6\u00f6gi, jookide, sukeldumisvarustuse ja transfeeriga. \u00d5pi sukeldumise p\u00f5hit\u00f5desid...","og_url":"https:\/\/hurghadalovers.com\/et\/tours\/padi-avameresukelduja-kursus-hurghadas\/","og_site_name":"Hurghada Excursions &amp; Day Trips | Booking Best Prices Tours","article_publisher":"https:\/\/www.facebook.com\/Hurghadaloversegypt","article_modified_time":"2026-02-10T07:58:25+00:00","og_image":[{"width":849,"height":717,"url":"https:\/\/hurghadalovers.com\/wp-content\/uploads\/2023\/08\/Hurghada-Diving-Course-2026.jpeg","type":"image\/jpeg"}],"twitter_card":"summary_large_image","twitter_misc":{"Price":"&euro;&nbsp;290","Availability":"In stock"},"schema":{"@context":"https:\/\/schema.org","@graph":[{"@type":["WebPage","ItemPage"],"@id":"https:\/\/hurghadalovers.com\/et\/tours\/padi-avameresukelduja-kursus-hurghadas\/","url":"https:\/\/hurghadalovers.com\/et\/tours\/padi-avameresukelduja-kursus-hurghadas\/","name":"PADI avatud vee sukelduja kursus Hurghadas","isPartOf":{"@id":"https:\/\/hurghadalovers.com\/et\/#website"},"primaryImageOfPage":{"@id":"https:\/\/hurghadalovers.com\/et\/tours\/padi-avameresukelduja-kursus-hurghadas\/#primaryimage"},"image":{"@id":"https:\/\/hurghadalovers.com\/et\/tours\/padi-avameresukelduja-kursus-hurghadas\/#primaryimage"},"thumbnailUrl":"https:\/\/hurghadalovers.com\/wp-content\/uploads\/2023\/08\/Hurghada-Diving-Course-2026.jpeg","datePublished":"2023-08-23T09:34:18+00:00","dateModified":"2026-02-10T07:58:25+00:00","description":"PADI avatud vee sukelduja kursus Hurghadas - 3 p\u00e4eva | koos l\u00f5unas\u00f6\u00f6gi, jookide, sukeldumisvarustuse ja transfeeriga. \u00d5pi sukeldumise p\u00f5hit\u00f5desid...","breadcrumb":{"@id":"https:\/\/hurghadalovers.com\/et\/tours\/padi-avameresukelduja-kursus-hurghadas\/#breadcrumb"},"inLanguage":"et","potentialAction":[{"@type":"ReadAction","target":["https:\/\/hurghadalovers.com\/et\/tours\/padi-avameresukelduja-kursus-hurghadas\/"]}]},{"@type":"ImageObject","inLanguage":"et","@id":"https:\/\/hurghadalovers.com\/et\/tours\/padi-avameresukelduja-kursus-hurghadas\/#primaryimage","url":"https:\/\/hurghadalovers.com\/wp-content\/uploads\/2023\/08\/Hurghada-Diving-Course-2026.jpeg","contentUrl":"https:\/\/hurghadalovers.com\/wp-content\/uploads\/2023\/08\/Hurghada-Diving-Course-2026.jpeg","width":849,"height":717,"caption":"Hurghada Diving Course 2026"},{"@type":"BreadcrumbList","@id":"https:\/\/hurghadalovers.com\/et\/tours\/padi-avameresukelduja-kursus-hurghadas\/#breadcrumb","itemListElement":[{"@type":"ListItem","position":1,"name":"Home","item":"https:\/\/hurghadalovers.com\/et\/"},{"@type":"ListItem","position":2,"name":"Shop","item":"https:\/\/hurghadalovers.com\/et\/shop\/"},{"@type":"ListItem","position":3,"name":"PADI avatud vee sukelduja kursus Hurghadas"}]},{"@type":"WebSite","@id":"https:\/\/hurghadalovers.com\/et\/#website","url":"https:\/\/hurghadalovers.com\/et\/","name":"Hurghada Excursions & Day Trips | Booking Best Prices Tours","description":"Hurghada Lovers - Best Tour Operator - Excursions &amp; Things to do for Family Day Trips with kids and Couples Romantic. Unique .Hidden gems","publisher":{"@id":"https:\/\/hurghadalovers.com\/et\/#organization"},"alternateName":"Hurghada Excursions","potentialAction":[{"@type":"SearchAction","target":{"@type":"EntryPoint","urlTemplate":"https:\/\/hurghadalovers.com\/et\/?s={search_term_string}"},"query-input":{"@type":"PropertyValueSpecification","valueRequired":true,"valueName":"search_term_string"}}],"inLanguage":"et"},{"@type":["Organization","Place","TravelAgency"],"@id":"https:\/\/hurghadalovers.com\/et\/#organization","name":"Hurghada Excursions","url":"https:\/\/hurghadalovers.com\/et\/","logo":{"@id":"https:\/\/hurghadalovers.com\/et\/tours\/padi-avameresukelduja-kursus-hurghadas\/#local-main-organization-logo"},"image":{"@id":"https:\/\/hurghadalovers.com\/et\/tours\/padi-avameresukelduja-kursus-hurghadas\/#local-main-organization-logo"},"sameAs":["https:\/\/www.facebook.com\/Hurghadaloversegypt"],"address":{"@id":"https:\/\/hurghadalovers.com\/et\/tours\/padi-avameresukelduja-kursus-hurghadas\/#local-main-place-address"},"telephone":["00201112596434"],"contactPoint":{"@type":"ContactPoint","telephone":"00201112596434","email":"weyouface@gmail.com"},"openingHoursSpecification":{"@type":"OpeningHoursSpecification","dayOfWeek":["Monday","Tuesday","Wednesday","Thursday","Friday","Saturday","Sunday"],"opens":"00:00","closes":"23:59"},"email":"weyouface@gmail.com","areaServed":"Luxor, Hurghada, El Gouna, Aswan, Sharm El Sheikh, Giza, Alexandria, Marsa Alam, Quseir, Soma Bay, Sahl Hasheesh, Red Sea, Makadi Bay, Cairo","priceRange":"$","currenciesAccepted":"euro","paymentAccepted":"cash on site"},{"@type":"PostalAddress","@id":"https:\/\/hurghadalovers.com\/et\/tours\/padi-avameresukelduja-kursus-hurghadas\/#local-main-place-address","streetAddress":"17 Banks street, Alkawther area, top nbk bank","addressLocality":"hurghada","postalCode":"84511","addressRegion":"red sea","addressCountry":"EG"},{"@type":"ImageObject","inLanguage":"et","@id":"https:\/\/hurghadalovers.com\/et\/tours\/padi-avameresukelduja-kursus-hurghadas\/#local-main-organization-logo","url":"https:\/\/hurghadalovers.com\/wp-content\/uploads\/2019\/10\/hurghada-excursions-logo.png","contentUrl":"https:\/\/hurghadalovers.com\/wp-content\/uploads\/2019\/10\/hurghada-excursions-logo.png","width":272,"height":90,"caption":"Hurghada Excursions"}]},"product_brand":"Hurghada Snorgeldamine","product_price_amount":"290","product_price_currency":"EUR","og_availability":"instock","product_availability":"instock","product_retailer_item_id":"Diving042024","product_condition":"new","geo.placename":"hurghada","geo.region":"Egypt"},"_links":{"self":[{"href":"https:\/\/hurghadalovers.com\/et\/wp-json\/wp\/v2\/product\/382547","targetHints":{"allow":["GET"]}}],"collection":[{"href":"https:\/\/hurghadalovers.com\/et\/wp-json\/wp\/v2\/product"}],"about":[{"href":"https:\/\/hurghadalovers.com\/et\/wp-json\/wp\/v2\/types\/product"}],"wp:featuredmedia":[{"embeddable":true,"href":"https:\/\/hurghadalovers.com\/et\/wp-json\/wp\/v2\/media\/931822"}],"wp:attachment":[{"href":"https:\/\/hurghadalovers.com\/et\/wp-json\/wp\/v2\/media?parent=382547"}],"wp:term":[{"taxonomy":"product_brand","embeddable":true,"href":"https:\/\/hurghadalovers.com\/et\/wp-json\/wp\/v2\/product_brand?post=382547"},{"taxonomy":"product_cat","embeddable":true,"href":"https:\/\/hurghadalovers.com\/et\/wp-json\/wp\/v2\/product_cat?post=382547"},{"taxonomy":"product_tag","embeddable":true,"href":"https:\/\/hurghadalovers.com\/et\/wp-json\/wp\/v2\/product_tag?post=382547"}],"curies":[{"name":"wp","href":"https:\/\/api.w.org\/{rel}","templated":true}]}}