{"id":380535,"date":"2025-07-01T10:00:42","date_gmt":"2023-08-15T12:10:18","guid":{"rendered":"https:\/\/hurghadalovers.com\/shop\/maaratlemata\/luksuslik-elite-orange-bay-saarereis-hurghadast\/"},"modified":"2026-02-08T04:56:18","modified_gmt":"2026-02-08T04:56:18","slug":"luxury-elite-orange-bay-island-trip-from-hurghada","status":"publish","type":"product","link":"https:\/\/hurghadalovers.com\/et\/tours\/luxury-elite-orange-bay-island-trip-from-hurghada\/","title":{"rendered":"Luksuslik Orange Bay saarereis Hurghada&#8217;st"},"content":{"rendered":"<p><strong>Luksuslik Orange Bay Island Trip alates Hurghada<\/strong> VIP Lunch ja erilised kohad peredele, rohkem privaatsust ja luksuslik luksus veeta kvaliteetset aega k\u00f5ige ilusamaid randu <strong>Giftun Island<\/strong> ja \u00fcks Best House riff Spots.<\/p>\n<p>&nbsp;<\/p>\n<p><strong>T\u00e4hts\u00fcndmused:<\/strong><\/p>\n<ul>\n<li>\u00dcks koht Snorkeling House Reef.<\/li>\n<li>1 tund Orange Bay Islandi rannas.<\/li>\n<li>Luksusjaht.<\/li>\n<\/ul>\n<p><strong>\u00dcksikasjad:<\/strong><\/p>\n<ul>\n<li>Ringk\u00e4igu k\u00e4ttesaadavus: Iga p\u00e4ev.<\/li>\n<li>Ekskursiooni t\u00fc\u00fcp: Grupp.<\/li>\n<li>Kohalej\u00f5udmise aeg: Alates 08:00 hommikul.<\/li>\n<li>V\u00e4ljas\u00f5idu aeg: 17:00.<\/li>\n<li>Ligip\u00e4\u00e4setav ratastooliga.<\/li>\n<li>Kestus: 8 tundi.<\/li>\n<\/ul>\n<p><strong>Broneeri n\u00fc\u00fcd ja maksa hiljem:<\/strong><\/p>\n<ul>\n<li>Sularaha kohapeal juhile.<\/li>\n<li>Maksmine Egiptuse naelades, $, \u20ac v\u00f5i \u00a3.<\/li>\n<\/ul>\n<p><strong>T\u00fchistamispoliitika:<\/strong><\/p>\n<ul>\n<li>t\u00fchistate kuni 24 tundi ette.<\/li>\n<li>Kui keegi teie perekonnast t\u00fchistab hommikul, maksab 50% kuludest.<\/li>\n<\/ul>\n<p><strong>Mis on lisatud?<\/strong><\/p>\n<ul>\n<li>Transfeer Hurghada hotellidest &#8220;Hotel pick up and drop off&#8221;.<\/li>\n<li>K\u00f5ik maksud, sissep\u00e4\u00e4sutasud ja k\u00e4itlemistasud.<\/li>\n<li>Reisijuht.<\/li>\n<li>Mineraalvesi + Cola + piim + kohv\/tee.<\/li>\n<li>1 snorgeldamiskoht.<\/li>\n<li>Snorkeldamisvarustus &#8220;Maskid ja ujumisriistad&#8221;.<\/li>\n<li>1 tund <strong>Orange Bay Islandi<\/strong> <strong>rannas<\/strong>.<\/li>\n<li>VIP-buffet l\u00f5unas\u00f6\u00f6k paadil.<\/li>\n<li>P\u00e4\u00e4stevestid.<\/li>\n<\/ul>\n<p><strong>V\u00e4ljaarvamised?<\/strong><\/p>\n<ul>\n<li>Jootraha.<\/li>\n<li>Joogid restoranis The Orange Bay Island.<\/li>\n<li>Fotograafia ja fotod reisi jaoks.<\/li>\n<li>Pakume rentida ujumisriided ja ujumisriided naistele, meestele, lastele k\u00f5ik suurused &#8221; 5$ \u00fche kohta&#8221;.<\/li>\n<li>K\u00f5ik lisad, mida ei ole mainitud.<\/li>\n<\/ul>\n<p><strong>Luksuslik Orange Bay saare reis Hurghada Hinnad:<\/strong><\/p>\n<ul>\n<li><strong>T\u00e4iskasvanute hind = <\/strong><strong>alates 40$<\/strong><strong> inimese kohta<\/strong>.<\/li>\n<li>Hind lastele &#8220;5-12&#8221; = 50%.<\/li>\n<li>lastele &#8220;0-5&#8221; = tasuta.<\/li>\n<\/ul>\n<p><strong>Arvustused:<\/strong><\/p>\n<p>vaadata meie Google Map Arvamused kui parim <a href=\"https:\/\/g.page\/r\/CUeYvkngP3wkEBM\/review\">reisikorraldaja Hurghada<\/a> online <a href=\"https:\/\/hurghadalovers.com\/\">Hurghada<\/a> Egiptus.<\/p>\n<p>&nbsp;<\/p>\n<p><strong>M\u00e4rkus:  <\/strong><\/p>\n<p>Teeme ka ekskursiooni koos transfeeriga teie hotellist El Goua, Soma bay, Makadi bay, Sahl Hasheesh, Safaga lisakulu= 10$ inimese kohta.<\/p>\n<p>&nbsp;<\/p>\n<p><strong>Broneerimine:<\/strong><\/p>\n<p>Saada hotell + toa number + fotopassid WhatsAppi: <strong>+201112596434<\/strong><\/p>\n<p>Kui te v\u00e4lja Egiptus Broneerimine n\u00fc\u00fcd online ja kinnitada, kui saabumine Hotel.<\/p>\n","protected":false},"excerpt":{"rendered":"<p>Luksuslik Elite Orange Bay Island Trip alates Hurghada VIP Lunch ja erilised kohad peredele, rohkem privaatsust ja luksuslikku luksust veeta kvaliteetset aega k\u00f5ige ilusamaid randu Giftun Island ja \u00fcks Best House riff Spot.<\/p>\n","protected":false},"featured_media":380426,"template":"","meta":{"_joinchat":[]},"product_brand":[],"product_cat":[36652],"product_tag":[51707,51711],"class_list":{"0":"post-380535","1":"product","2":"type-product","3":"status-publish","4":"has-post-thumbnail","6":"product_cat-ekskursioonid","7":"product_tag-egiptuse-luksusreisid","8":"product_tag-parimad-luksus-egiptus-tour-ettevotted","9":"tour_category-hurghada-snorkeling-valjasoidud","10":"tour_category-hurghada-ekskursioonid","12":"first","13":"instock","14":"sale","15":"shipping-taxable","16":"purchasable","17":"product-type-tour"},"yoast_head":"<!-- This site is optimized with the Yoast SEO Premium plugin v26.9 (Yoast SEO v27.2) - https:\/\/yoast.com\/product\/yoast-seo-premium-wordpress\/ -->\n<title>Luksuslik Orange Bay saarereis Hurghada&#039;st<\/title>\n<meta name=\"description\" content=\"Luksuslik Orange Bay saarereis Hurghadas koos VIP-l\u00f5unaga ja erilised kohad peredele, rohkem privaatsust ja luksuslikku luksust, et veeta kvaliteetset aega.\" \/>\n<meta name=\"robots\" content=\"index, follow, max-snippet:-1, max-image-preview:large, max-video-preview:-1\" \/>\n<link rel=\"canonical\" href=\"https:\/\/hurghadalovers.com\/et\/tours\/luxury-elite-orange-bay-island-trip-from-hurghada\/\" \/>\n<meta property=\"og:locale\" content=\"et_EE\" \/>\n<meta property=\"og:type\" content=\"article\" \/>\n<meta property=\"og:title\" content=\"Luksuslik Orange Bay saarereis Hurghada&#039;st\" \/>\n<meta property=\"og:description\" content=\"Luksuslik Orange Bay saarereis Hurghadas koos VIP-l\u00f5unaga ja erilised kohad peredele, rohkem privaatsust ja luksuslikku luksust, et veeta kvaliteetset aega.\" \/>\n<meta property=\"og:url\" content=\"https:\/\/hurghadalovers.com\/et\/tours\/luxury-elite-orange-bay-island-trip-from-hurghada\/\" \/>\n<meta property=\"og:site_name\" content=\"Hurghada Excursions &amp; Day Trips | Booking Best Prices Tours\" \/>\n<meta property=\"article:publisher\" content=\"https:\/\/www.facebook.com\/Hurghadaloversegypt\" \/>\n<meta property=\"article:modified_time\" content=\"2026-02-08T04:56:18+00:00\" \/>\n<meta property=\"og:image\" content=\"https:\/\/hurghadalovers.com\/wp-content\/uploads\/2023\/08\/Luxury-Elite-Orange-Bay-Island-Trip-from-Hurghada.jpeg\" \/>\n\t<meta property=\"og:image:width\" content=\"1156\" \/>\n\t<meta property=\"og:image:height\" content=\"867\" \/>\n\t<meta property=\"og:image:type\" content=\"image\/jpeg\" \/>\n<meta name=\"twitter:card\" content=\"summary_large_image\" \/>\n<meta name=\"twitter:label1\" content=\"Price\" \/>\n\t<meta name=\"twitter:data1\" content=\"&euro;&nbsp;40\" \/>\n\t<meta name=\"twitter:label2\" content=\"Availability\" \/>\n\t<meta name=\"twitter:data2\" content=\"In stock\" \/>\n<script type=\"application\/ld+json\" class=\"yoast-schema-graph\">{\"@context\":\"https:\/\/schema.org\",\"@graph\":[{\"@type\":[\"WebPage\",\"ItemPage\"],\"@id\":\"https:\/\/hurghadalovers.com\/et\/tours\/luxury-elite-orange-bay-island-trip-from-hurghada\/\",\"url\":\"https:\/\/hurghadalovers.com\/et\/tours\/luxury-elite-orange-bay-island-trip-from-hurghada\/\",\"name\":\"Luksuslik Orange Bay saarereis Hurghada'st\",\"isPartOf\":{\"@id\":\"https:\/\/hurghadalovers.com\/et\/#website\"},\"primaryImageOfPage\":{\"@id\":\"https:\/\/hurghadalovers.com\/et\/tours\/luxury-elite-orange-bay-island-trip-from-hurghada\/#primaryimage\"},\"image\":{\"@id\":\"https:\/\/hurghadalovers.com\/et\/tours\/luxury-elite-orange-bay-island-trip-from-hurghada\/#primaryimage\"},\"thumbnailUrl\":\"https:\/\/hurghadalovers.com\/wp-content\/uploads\/2023\/08\/Luxury-Elite-Orange-Bay-Island-Trip-from-Hurghada.jpeg\",\"datePublished\":\"2023-08-15T12:10:18+00:00\",\"dateModified\":\"2026-02-08T04:56:18+00:00\",\"description\":\"Luksuslik Orange Bay saarereis Hurghadas koos VIP-l\u00f5unaga ja erilised kohad peredele, rohkem privaatsust ja luksuslikku luksust, et veeta kvaliteetset aega.\",\"breadcrumb\":{\"@id\":\"https:\/\/hurghadalovers.com\/et\/tours\/luxury-elite-orange-bay-island-trip-from-hurghada\/#breadcrumb\"},\"inLanguage\":\"et\",\"potentialAction\":[{\"@type\":\"ReadAction\",\"target\":[\"https:\/\/hurghadalovers.com\/et\/tours\/luxury-elite-orange-bay-island-trip-from-hurghada\/\"]}]},{\"@type\":\"ImageObject\",\"inLanguage\":\"et\",\"@id\":\"https:\/\/hurghadalovers.com\/et\/tours\/luxury-elite-orange-bay-island-trip-from-hurghada\/#primaryimage\",\"url\":\"https:\/\/hurghadalovers.com\/wp-content\/uploads\/2023\/08\/Luxury-Elite-Orange-Bay-Island-Trip-from-Hurghada.jpeg\",\"contentUrl\":\"https:\/\/hurghadalovers.com\/wp-content\/uploads\/2023\/08\/Luxury-Elite-Orange-Bay-Island-Trip-from-Hurghada.jpeg\",\"width\":1156,\"height\":867,\"caption\":\"Luksuslik Elite Orange Bay saarereis Hurghada'st\"},{\"@type\":\"BreadcrumbList\",\"@id\":\"https:\/\/hurghadalovers.com\/et\/tours\/luxury-elite-orange-bay-island-trip-from-hurghada\/#breadcrumb\",\"itemListElement\":[{\"@type\":\"ListItem\",\"position\":1,\"name\":\"Home\",\"item\":\"https:\/\/hurghadalovers.com\/et\/\"},{\"@type\":\"ListItem\",\"position\":2,\"name\":\"Shop\",\"item\":\"https:\/\/hurghadalovers.com\/et\/shop\/\"},{\"@type\":\"ListItem\",\"position\":3,\"name\":\"Luksuslik Orange Bay saarereis Hurghada&#8217;st\"}]},{\"@type\":\"WebSite\",\"@id\":\"https:\/\/hurghadalovers.com\/et\/#website\",\"url\":\"https:\/\/hurghadalovers.com\/et\/\",\"name\":\"Hurghada Excursions & Day Trips | Booking Best Prices Tours\",\"description\":\"Hurghada Lovers - Best Tour Operator - Excursions &amp; Things to do for Family Day Trips with kids and Couples Romantic. Unique .Hidden gems\",\"publisher\":{\"@id\":\"https:\/\/hurghadalovers.com\/et\/#organization\"},\"alternateName\":\"Hurghada Excursions\",\"potentialAction\":[{\"@type\":\"SearchAction\",\"target\":{\"@type\":\"EntryPoint\",\"urlTemplate\":\"https:\/\/hurghadalovers.com\/et\/?s={search_term_string}\"},\"query-input\":{\"@type\":\"PropertyValueSpecification\",\"valueRequired\":true,\"valueName\":\"search_term_string\"}}],\"inLanguage\":\"et\"},{\"@type\":[\"Organization\",\"Place\",\"TravelAgency\"],\"@id\":\"https:\/\/hurghadalovers.com\/et\/#organization\",\"name\":\"Hurghada Excursions\",\"url\":\"https:\/\/hurghadalovers.com\/et\/\",\"logo\":{\"@id\":\"https:\/\/hurghadalovers.com\/et\/tours\/luxury-elite-orange-bay-island-trip-from-hurghada\/#local-main-organization-logo\"},\"image\":{\"@id\":\"https:\/\/hurghadalovers.com\/et\/tours\/luxury-elite-orange-bay-island-trip-from-hurghada\/#local-main-organization-logo\"},\"sameAs\":[\"https:\/\/www.facebook.com\/Hurghadaloversegypt\"],\"address\":{\"@id\":\"https:\/\/hurghadalovers.com\/et\/tours\/luxury-elite-orange-bay-island-trip-from-hurghada\/#local-main-place-address\"},\"telephone\":[\"00201112596434\"],\"contactPoint\":{\"@type\":\"ContactPoint\",\"telephone\":\"00201112596434\",\"email\":\"weyouface@gmail.com\"},\"openingHoursSpecification\":{\"@type\":\"OpeningHoursSpecification\",\"dayOfWeek\":[\"Monday\",\"Tuesday\",\"Wednesday\",\"Thursday\",\"Friday\",\"Saturday\",\"Sunday\"],\"opens\":\"00:00\",\"closes\":\"23:59\"},\"email\":\"weyouface@gmail.com\",\"areaServed\":\"Luxor, Hurghada, El Gouna, Aswan, Sharm El Sheikh, Giza, Alexandria, Marsa Alam, Quseir, Soma Bay, Sahl Hasheesh, Red Sea, Makadi Bay, Cairo\",\"priceRange\":\"$\",\"currenciesAccepted\":\"euro\",\"paymentAccepted\":\"cash on site\"},{\"@type\":\"PostalAddress\",\"@id\":\"https:\/\/hurghadalovers.com\/et\/tours\/luxury-elite-orange-bay-island-trip-from-hurghada\/#local-main-place-address\",\"streetAddress\":\"17 Banks street, Alkawther area, top nbk bank\",\"addressLocality\":\"hurghada\",\"postalCode\":\"84511\",\"addressRegion\":\"red sea\",\"addressCountry\":\"EG\"},{\"@type\":\"ImageObject\",\"inLanguage\":\"et\",\"@id\":\"https:\/\/hurghadalovers.com\/et\/tours\/luxury-elite-orange-bay-island-trip-from-hurghada\/#local-main-organization-logo\",\"url\":\"https:\/\/hurghadalovers.com\/wp-content\/uploads\/2019\/10\/hurghada-excursions-logo.png\",\"contentUrl\":\"https:\/\/hurghadalovers.com\/wp-content\/uploads\/2019\/10\/hurghada-excursions-logo.png\",\"width\":272,\"height\":90,\"caption\":\"Hurghada Excursions\"}]}<\/script>\n<meta property=\"product:brand\" content=\"Hurghada Snorgeldamine\" \/>\n<meta property=\"product:price:amount\" content=\"40\" \/>\n<meta property=\"product:price:currency\" content=\"EUR\" \/>\n<meta property=\"og:availability\" content=\"instock\" \/>\n<meta property=\"product:availability\" content=\"instock\" \/>\n<meta property=\"product:retailer_item_id\" content=\"Snorkeling022024\" \/>\n<meta property=\"product:condition\" content=\"new\" \/>\n<meta name=\"geo.placename\" content=\"hurghada\" \/>\n<meta name=\"geo.region\" content=\"Egypt\" \/>\n<!-- \/ Yoast SEO Premium plugin. -->","yoast_head_json":{"title":"Luksuslik Orange Bay saarereis Hurghada'st","description":"Luksuslik Orange Bay saarereis Hurghadas koos VIP-l\u00f5unaga ja erilised kohad peredele, rohkem privaatsust ja luksuslikku luksust, et veeta kvaliteetset aega.","robots":{"index":"index","follow":"follow","max-snippet":"max-snippet:-1","max-image-preview":"max-image-preview:large","max-video-preview":"max-video-preview:-1"},"canonical":"https:\/\/hurghadalovers.com\/et\/tours\/luxury-elite-orange-bay-island-trip-from-hurghada\/","og_locale":"et_EE","og_type":"article","og_title":"Luksuslik Orange Bay saarereis Hurghada'st","og_description":"Luksuslik Orange Bay saarereis Hurghadas koos VIP-l\u00f5unaga ja erilised kohad peredele, rohkem privaatsust ja luksuslikku luksust, et veeta kvaliteetset aega.","og_url":"https:\/\/hurghadalovers.com\/et\/tours\/luxury-elite-orange-bay-island-trip-from-hurghada\/","og_site_name":"Hurghada Excursions &amp; Day Trips | Booking Best Prices Tours","article_publisher":"https:\/\/www.facebook.com\/Hurghadaloversegypt","article_modified_time":"2026-02-08T04:56:18+00:00","og_image":[{"width":1156,"height":867,"url":"https:\/\/hurghadalovers.com\/wp-content\/uploads\/2023\/08\/Luxury-Elite-Orange-Bay-Island-Trip-from-Hurghada.jpeg","type":"image\/jpeg"}],"twitter_card":"summary_large_image","twitter_misc":{"Price":"&euro;&nbsp;40","Availability":"In stock"},"schema":{"@context":"https:\/\/schema.org","@graph":[{"@type":["WebPage","ItemPage"],"@id":"https:\/\/hurghadalovers.com\/et\/tours\/luxury-elite-orange-bay-island-trip-from-hurghada\/","url":"https:\/\/hurghadalovers.com\/et\/tours\/luxury-elite-orange-bay-island-trip-from-hurghada\/","name":"Luksuslik Orange Bay saarereis Hurghada'st","isPartOf":{"@id":"https:\/\/hurghadalovers.com\/et\/#website"},"primaryImageOfPage":{"@id":"https:\/\/hurghadalovers.com\/et\/tours\/luxury-elite-orange-bay-island-trip-from-hurghada\/#primaryimage"},"image":{"@id":"https:\/\/hurghadalovers.com\/et\/tours\/luxury-elite-orange-bay-island-trip-from-hurghada\/#primaryimage"},"thumbnailUrl":"https:\/\/hurghadalovers.com\/wp-content\/uploads\/2023\/08\/Luxury-Elite-Orange-Bay-Island-Trip-from-Hurghada.jpeg","datePublished":"2023-08-15T12:10:18+00:00","dateModified":"2026-02-08T04:56:18+00:00","description":"Luksuslik Orange Bay saarereis Hurghadas koos VIP-l\u00f5unaga ja erilised kohad peredele, rohkem privaatsust ja luksuslikku luksust, et veeta kvaliteetset aega.","breadcrumb":{"@id":"https:\/\/hurghadalovers.com\/et\/tours\/luxury-elite-orange-bay-island-trip-from-hurghada\/#breadcrumb"},"inLanguage":"et","potentialAction":[{"@type":"ReadAction","target":["https:\/\/hurghadalovers.com\/et\/tours\/luxury-elite-orange-bay-island-trip-from-hurghada\/"]}]},{"@type":"ImageObject","inLanguage":"et","@id":"https:\/\/hurghadalovers.com\/et\/tours\/luxury-elite-orange-bay-island-trip-from-hurghada\/#primaryimage","url":"https:\/\/hurghadalovers.com\/wp-content\/uploads\/2023\/08\/Luxury-Elite-Orange-Bay-Island-Trip-from-Hurghada.jpeg","contentUrl":"https:\/\/hurghadalovers.com\/wp-content\/uploads\/2023\/08\/Luxury-Elite-Orange-Bay-Island-Trip-from-Hurghada.jpeg","width":1156,"height":867,"caption":"Luksuslik Elite Orange Bay saarereis Hurghada'st"},{"@type":"BreadcrumbList","@id":"https:\/\/hurghadalovers.com\/et\/tours\/luxury-elite-orange-bay-island-trip-from-hurghada\/#breadcrumb","itemListElement":[{"@type":"ListItem","position":1,"name":"Home","item":"https:\/\/hurghadalovers.com\/et\/"},{"@type":"ListItem","position":2,"name":"Shop","item":"https:\/\/hurghadalovers.com\/et\/shop\/"},{"@type":"ListItem","position":3,"name":"Luksuslik Orange Bay saarereis Hurghada&#8217;st"}]},{"@type":"WebSite","@id":"https:\/\/hurghadalovers.com\/et\/#website","url":"https:\/\/hurghadalovers.com\/et\/","name":"Hurghada Excursions & Day Trips | Booking Best Prices Tours","description":"Hurghada Lovers - Best Tour Operator - Excursions &amp; Things to do for Family Day Trips with kids and Couples Romantic. Unique .Hidden gems","publisher":{"@id":"https:\/\/hurghadalovers.com\/et\/#organization"},"alternateName":"Hurghada Excursions","potentialAction":[{"@type":"SearchAction","target":{"@type":"EntryPoint","urlTemplate":"https:\/\/hurghadalovers.com\/et\/?s={search_term_string}"},"query-input":{"@type":"PropertyValueSpecification","valueRequired":true,"valueName":"search_term_string"}}],"inLanguage":"et"},{"@type":["Organization","Place","TravelAgency"],"@id":"https:\/\/hurghadalovers.com\/et\/#organization","name":"Hurghada Excursions","url":"https:\/\/hurghadalovers.com\/et\/","logo":{"@id":"https:\/\/hurghadalovers.com\/et\/tours\/luxury-elite-orange-bay-island-trip-from-hurghada\/#local-main-organization-logo"},"image":{"@id":"https:\/\/hurghadalovers.com\/et\/tours\/luxury-elite-orange-bay-island-trip-from-hurghada\/#local-main-organization-logo"},"sameAs":["https:\/\/www.facebook.com\/Hurghadaloversegypt"],"address":{"@id":"https:\/\/hurghadalovers.com\/et\/tours\/luxury-elite-orange-bay-island-trip-from-hurghada\/#local-main-place-address"},"telephone":["00201112596434"],"contactPoint":{"@type":"ContactPoint","telephone":"00201112596434","email":"weyouface@gmail.com"},"openingHoursSpecification":{"@type":"OpeningHoursSpecification","dayOfWeek":["Monday","Tuesday","Wednesday","Thursday","Friday","Saturday","Sunday"],"opens":"00:00","closes":"23:59"},"email":"weyouface@gmail.com","areaServed":"Luxor, Hurghada, El Gouna, Aswan, Sharm El Sheikh, Giza, Alexandria, Marsa Alam, Quseir, Soma Bay, Sahl Hasheesh, Red Sea, Makadi Bay, Cairo","priceRange":"$","currenciesAccepted":"euro","paymentAccepted":"cash on site"},{"@type":"PostalAddress","@id":"https:\/\/hurghadalovers.com\/et\/tours\/luxury-elite-orange-bay-island-trip-from-hurghada\/#local-main-place-address","streetAddress":"17 Banks street, Alkawther area, top nbk bank","addressLocality":"hurghada","postalCode":"84511","addressRegion":"red sea","addressCountry":"EG"},{"@type":"ImageObject","inLanguage":"et","@id":"https:\/\/hurghadalovers.com\/et\/tours\/luxury-elite-orange-bay-island-trip-from-hurghada\/#local-main-organization-logo","url":"https:\/\/hurghadalovers.com\/wp-content\/uploads\/2019\/10\/hurghada-excursions-logo.png","contentUrl":"https:\/\/hurghadalovers.com\/wp-content\/uploads\/2019\/10\/hurghada-excursions-logo.png","width":272,"height":90,"caption":"Hurghada Excursions"}]},"product_brand":"Hurghada Snorgeldamine","product_price_amount":"40","product_price_currency":"EUR","og_availability":"instock","product_availability":"instock","product_retailer_item_id":"Snorkeling022024","product_condition":"new","geo.placename":"hurghada","geo.region":"Egypt"},"_links":{"self":[{"href":"https:\/\/hurghadalovers.com\/et\/wp-json\/wp\/v2\/product\/380535","targetHints":{"allow":["GET"]}}],"collection":[{"href":"https:\/\/hurghadalovers.com\/et\/wp-json\/wp\/v2\/product"}],"about":[{"href":"https:\/\/hurghadalovers.com\/et\/wp-json\/wp\/v2\/types\/product"}],"wp:featuredmedia":[{"embeddable":true,"href":"https:\/\/hurghadalovers.com\/et\/wp-json\/wp\/v2\/media\/380426"}],"wp:attachment":[{"href":"https:\/\/hurghadalovers.com\/et\/wp-json\/wp\/v2\/media?parent=380535"}],"wp:term":[{"taxonomy":"product_brand","embeddable":true,"href":"https:\/\/hurghadalovers.com\/et\/wp-json\/wp\/v2\/product_brand?post=380535"},{"taxonomy":"product_cat","embeddable":true,"href":"https:\/\/hurghadalovers.com\/et\/wp-json\/wp\/v2\/product_cat?post=380535"},{"taxonomy":"product_tag","embeddable":true,"href":"https:\/\/hurghadalovers.com\/et\/wp-json\/wp\/v2\/product_tag?post=380535"}],"curies":[{"name":"wp","href":"https:\/\/api.w.org\/{rel}","templated":true}]}}