{"id":380146,"date":"2025-09-29T11:00:00","date_gmt":"2025-09-29T11:00:00","guid":{"rendered":"https:\/\/hurghadalovers.com\/shop\/maaratlemata\/paikeseloojangu-quad-biking-tour-korbesafari-hurghadast\/"},"modified":"2026-02-09T06:58:20","modified_gmt":"2026-02-09T06:58:20","slug":"paikeseloojangu-quad-biking-tour-from-hurghada","status":"publish","type":"product","link":"https:\/\/hurghadalovers.com\/et\/tours\/paikeseloojangu-quad-biking-tour-from-hurghada\/","title":{"rendered":"P\u00e4ikeseloojangu Quad Biking Tour k\u00f5rbesafari Hurghada&#8217;st"},"content":{"rendered":"<p><strong>P\u00e4ikeseloojangu Quad Biking Tour<\/strong> k\u00f5rbesafari Hurghada <strong>Beduiini k\u00fclas<\/strong> koos kaameliga.<\/p>\n<p>Kas ootate huviga <strong>p\u00e4ikeseloojangut m\u00e4gede<\/strong> ja tasandike <strong>taga<\/strong> ning s\u00f5pradega pildistamist? Liitu parimate <strong>safariretkedega<\/strong> beduiini k\u00fclla, <strong>s\u00f5ida kaameliga<\/strong>, vaata beduiinide elu, roni m\u00e4gedesse ja tee p\u00f5nevaid kogemusi k\u00f5rbes, et saada <strong>adrenaliin<\/strong> kehast v\u00e4lja.<\/p>\n<p style=\"text-align: center;\"><span style=\"color: #ff6600;\">Parimad asjad, mida teha Hurghada jaoks <span style=\"color: #993366;\"><br \/>\n  <strong>Romantiline<\/strong><br \/>\n<\/span> ja <strong><br \/>\n  <span style=\"color: #993366;\">Paaride mesin\u00e4dalad<\/span><br \/>\n<\/strong><\/span><\/p>\n<p><strong>T\u00e4hts\u00fcndmused:<\/strong><\/p>\n<ol>\n<li>Quad Bike Ride.<\/li>\n<li>Kaameliga s\u00f5itmine.<\/li>\n<li>Beduiini k\u00fcla.<\/li>\n<\/ol>\n<p><strong>P\u00e4ikeseloojangu Quad Biking Tour \u00fcksikasjad:<\/strong><\/p>\n<ul>\n<li>Ringk\u00e4igu k\u00e4ttesaadavus: Iga p\u00e4ev.<\/li>\n<li>Ekskursiooni t\u00fc\u00fcp: Grupp.<\/li>\n<li>Kohalej\u00f5udmise aeg: Algus kell 13:00.<\/li>\n<li>V\u00e4ljas\u00f5idu aeg: p\u00e4ikeseloojangu aeg.<\/li>\n<li>Kestus: Kestus: 3 tundi.<\/li>\n<\/ul>\n<p><strong>Broneeri n\u00fc\u00fcd ja maksa hiljem:<\/strong><\/p>\n<ul>\n<li>Sularaha kohapeal juhile.<\/li>\n<li>Maksmine Egiptuse naelades, $, \u20ac v\u00f5i \u00a3.<\/li>\n<\/ul>\n<p><strong>T\u00fchistamispoliitika:<\/strong><\/p>\n<ul>\n<li>t\u00fchistate kuni 24 tundi ette.<\/li>\n<li>Kui keegi teie perekonnast t\u00fchistab hommikul, maksab 50% kuludest.<\/li>\n<\/ul>\n<p><strong>Mis on lisatud?<\/strong><\/p>\n<ul>\n<li>Transfeer Hurghada hotellidest &#8220;Hotel pick up and drop off&#8221;.<\/li>\n<li>K\u00f5ik maksud, sissep\u00e4\u00e4sutasud ja k\u00e4itlemistasud.<\/li>\n<li>\u00dclekanded.<\/li>\n<li>Reisijuht.<\/li>\n<li>Kiiver.<\/li>\n<\/ul>\n<p><strong>V\u00e4ljaarvamised?<\/strong><\/p>\n<ul>\n<li>Sall<\/li>\n<li>Kaitseprillid<\/li>\n<li>Jootraha.<\/li>\n<li>Fotograafia reisi jaoks.<\/li>\n<li>K\u00f5ik lisad, mida ei ole mainitud.<strong> <\/strong><\/li>\n<\/ul>\n<p><strong>P\u00e4ikeseloojangu Quad Biking Tour hinnad:<\/strong><\/p>\n<ul>\n<li><strong>T\u00e4iskasvanute hind = <\/strong><strong>18$<\/strong><strong> inimese kohta<\/strong>.<\/li>\n<\/ul>\n<p><strong>Arvustused:<\/strong><\/p>\n<p>vaadata meie Google Map Arvamused kui parim <a href=\"https:\/\/g.page\/r\/CUeYvkngP3wkEBM\/review\">reisikorraldaja Hurghada<\/a> online <a href=\"https:\/\/hurghadalovers.com\/\">Hurghada<\/a> Egiptus.<\/p>\n<p>&nbsp;<\/p>\n<p><strong>M\u00e4rkus:  <\/strong><\/p>\n<p>Teeme ka ekskursiooni koos transfeeriga teie hotellist El Goua, Soma bay, Makadi bay, Sahl Hasheesh, Safaga lisakulu= 10$ inimese kohta.<\/p>\n<p>&nbsp;<\/p>\n<p><strong>Broneerimine:<\/strong><\/p>\n<p>Saada hotell + toa number + fotopassid WhatsAppi: <strong>+201112596434<\/strong><\/p>\n<p>Kui te v\u00e4lja Egiptus Broneerimine n\u00fc\u00fcd online ja kinnitada, kui saabumine Hotel.<\/p>\n","protected":false},"excerpt":{"rendered":"<p>P\u00e4ikeseloojangu Quad Biking Tour k\u00f5rbesafari Hurghada Beduiini k\u00fclas koos kaameliga. Parimad asjad, mida teha Hurghadas romantilise ja paaride mesin\u00e4dala jaoks ja rohkem&#8230;<\/p>\n","protected":false},"featured_media":486779,"template":"","meta":{"_joinchat":[]},"product_brand":[],"product_cat":[36652],"product_tag":[60105],"class_list":{"0":"post-380146","1":"product","2":"type-product","3":"status-publish","4":"has-post-thumbnail","6":"product_cat-ekskursioonid","7":"product_tag-hurghada-paevased-ekskursioonid","8":"tour_category-hurghada-ekskursioonid","9":"tour_category-quad-tour-alates-hurghada","11":"first","12":"instock","13":"sale","14":"shipping-taxable","15":"purchasable","16":"product-type-tour"},"yoast_head":"<!-- This site is optimized with the Yoast SEO Premium plugin v26.9 (Yoast SEO v27.2) - https:\/\/yoast.com\/product\/yoast-seo-premium-wordpress\/ -->\n<title>P\u00e4ikeseloojangu Quad Biking Tour k\u00f5rbesafari Hurghada&#039;st<\/title>\n<meta name=\"description\" content=\"P\u00e4ikeseloojangu Quad Biking Tour k\u00f5rbesafari Hurghada Beduiini k\u00fclas koos kaameliga. Parimad asjad, mida teha Hurghadas romantilisteks ja paaride mesin\u00e4dalateks\" \/>\n<meta name=\"robots\" content=\"index, follow, max-snippet:-1, max-image-preview:large, max-video-preview:-1\" \/>\n<link rel=\"canonical\" href=\"https:\/\/hurghadalovers.com\/et\/tours\/paikeseloojangu-quad-biking-tour-from-hurghada\/\" \/>\n<meta property=\"og:locale\" content=\"et_EE\" \/>\n<meta property=\"og:type\" content=\"article\" \/>\n<meta property=\"og:title\" content=\"P\u00e4ikeseloojangu Quad Biking Tour k\u00f5rbesafari Hurghada&#039;st\" \/>\n<meta property=\"og:description\" content=\"P\u00e4ikeseloojangu Quad Biking Tour k\u00f5rbesafari Hurghada Beduiini k\u00fclas koos kaameliga. Parimad asjad, mida teha Hurghadas romantilisteks ja paaride mesin\u00e4dalateks\" \/>\n<meta property=\"og:url\" content=\"https:\/\/hurghadalovers.com\/et\/tours\/paikeseloojangu-quad-biking-tour-from-hurghada\/\" \/>\n<meta property=\"og:site_name\" content=\"Hurghada Excursions &amp; Day Trips | Booking Best Prices Tours\" \/>\n<meta property=\"article:publisher\" content=\"https:\/\/www.facebook.com\/Hurghadaloversegypt\" \/>\n<meta property=\"article:modified_time\" content=\"2026-02-09T06:58:20+00:00\" \/>\n<meta property=\"og:image\" content=\"https:\/\/hurghadalovers.com\/wp-content\/uploads\/2023\/08\/Sunset-Quad-Biking-Hurghada-Tour.jpeg\" \/>\n\t<meta property=\"og:image:width\" content=\"1156\" \/>\n\t<meta property=\"og:image:height\" content=\"867\" \/>\n\t<meta property=\"og:image:type\" content=\"image\/jpeg\" \/>\n<meta name=\"twitter:card\" content=\"summary_large_image\" \/>\n<meta name=\"twitter:label1\" content=\"Price\" \/>\n\t<meta name=\"twitter:data1\" content=\"&euro;&nbsp;20\" \/>\n\t<meta name=\"twitter:label2\" content=\"Availability\" \/>\n\t<meta name=\"twitter:data2\" content=\"In stock\" \/>\n<script type=\"application\/ld+json\" class=\"yoast-schema-graph\">{\"@context\":\"https:\/\/schema.org\",\"@graph\":[{\"@type\":[\"WebPage\",\"ItemPage\"],\"@id\":\"https:\/\/hurghadalovers.com\/et\/tours\/paikeseloojangu-quad-biking-tour-from-hurghada\/\",\"url\":\"https:\/\/hurghadalovers.com\/et\/tours\/paikeseloojangu-quad-biking-tour-from-hurghada\/\",\"name\":\"P\u00e4ikeseloojangu Quad Biking Tour k\u00f5rbesafari Hurghada'st\",\"isPartOf\":{\"@id\":\"https:\/\/hurghadalovers.com\/et\/#website\"},\"primaryImageOfPage\":{\"@id\":\"https:\/\/hurghadalovers.com\/et\/tours\/paikeseloojangu-quad-biking-tour-from-hurghada\/#primaryimage\"},\"image\":{\"@id\":\"https:\/\/hurghadalovers.com\/et\/tours\/paikeseloojangu-quad-biking-tour-from-hurghada\/#primaryimage\"},\"thumbnailUrl\":\"https:\/\/hurghadalovers.com\/wp-content\/uploads\/2023\/08\/Sunset-Quad-Biking-Hurghada-Tour.jpeg\",\"datePublished\":\"2025-09-29T11:00:00+00:00\",\"dateModified\":\"2026-02-09T06:58:20+00:00\",\"description\":\"P\u00e4ikeseloojangu Quad Biking Tour k\u00f5rbesafari Hurghada Beduiini k\u00fclas koos kaameliga. Parimad asjad, mida teha Hurghadas romantilisteks ja paaride mesin\u00e4dalateks\",\"breadcrumb\":{\"@id\":\"https:\/\/hurghadalovers.com\/et\/tours\/paikeseloojangu-quad-biking-tour-from-hurghada\/#breadcrumb\"},\"inLanguage\":\"et\",\"potentialAction\":[{\"@type\":\"ReadAction\",\"target\":[\"https:\/\/hurghadalovers.com\/et\/tours\/paikeseloojangu-quad-biking-tour-from-hurghada\/\"]}]},{\"@type\":\"ImageObject\",\"inLanguage\":\"et\",\"@id\":\"https:\/\/hurghadalovers.com\/et\/tours\/paikeseloojangu-quad-biking-tour-from-hurghada\/#primaryimage\",\"url\":\"https:\/\/hurghadalovers.com\/wp-content\/uploads\/2023\/08\/Sunset-Quad-Biking-Hurghada-Tour.jpeg\",\"contentUrl\":\"https:\/\/hurghadalovers.com\/wp-content\/uploads\/2023\/08\/Sunset-Quad-Biking-Hurghada-Tour.jpeg\",\"width\":1156,\"height\":867,\"caption\":\"Sunset Quad Biking Hurghada Tour\"},{\"@type\":\"BreadcrumbList\",\"@id\":\"https:\/\/hurghadalovers.com\/et\/tours\/paikeseloojangu-quad-biking-tour-from-hurghada\/#breadcrumb\",\"itemListElement\":[{\"@type\":\"ListItem\",\"position\":1,\"name\":\"Home\",\"item\":\"https:\/\/hurghadalovers.com\/et\/\"},{\"@type\":\"ListItem\",\"position\":2,\"name\":\"Shop\",\"item\":\"https:\/\/hurghadalovers.com\/et\/shop\/\"},{\"@type\":\"ListItem\",\"position\":3,\"name\":\"P\u00e4ikeseloojangu Quad Biking Tour k\u00f5rbesafari Hurghada&#8217;st\"}]},{\"@type\":\"WebSite\",\"@id\":\"https:\/\/hurghadalovers.com\/et\/#website\",\"url\":\"https:\/\/hurghadalovers.com\/et\/\",\"name\":\"Hurghada Excursions & Day Trips | Booking Best Prices Tours\",\"description\":\"Hurghada Lovers - Best Tour Operator - Excursions &amp; Things to do for Family Day Trips with kids and Couples Romantic. Unique .Hidden gems\",\"publisher\":{\"@id\":\"https:\/\/hurghadalovers.com\/et\/#organization\"},\"alternateName\":\"Hurghada Excursions\",\"potentialAction\":[{\"@type\":\"SearchAction\",\"target\":{\"@type\":\"EntryPoint\",\"urlTemplate\":\"https:\/\/hurghadalovers.com\/et\/?s={search_term_string}\"},\"query-input\":{\"@type\":\"PropertyValueSpecification\",\"valueRequired\":true,\"valueName\":\"search_term_string\"}}],\"inLanguage\":\"et\"},{\"@type\":[\"Organization\",\"Place\",\"TravelAgency\"],\"@id\":\"https:\/\/hurghadalovers.com\/et\/#organization\",\"name\":\"Hurghada Excursions\",\"url\":\"https:\/\/hurghadalovers.com\/et\/\",\"logo\":{\"@id\":\"https:\/\/hurghadalovers.com\/et\/tours\/paikeseloojangu-quad-biking-tour-from-hurghada\/#local-main-organization-logo\"},\"image\":{\"@id\":\"https:\/\/hurghadalovers.com\/et\/tours\/paikeseloojangu-quad-biking-tour-from-hurghada\/#local-main-organization-logo\"},\"sameAs\":[\"https:\/\/www.facebook.com\/Hurghadaloversegypt\"],\"address\":{\"@id\":\"https:\/\/hurghadalovers.com\/et\/tours\/paikeseloojangu-quad-biking-tour-from-hurghada\/#local-main-place-address\"},\"telephone\":[\"00201112596434\"],\"contactPoint\":{\"@type\":\"ContactPoint\",\"telephone\":\"00201112596434\",\"email\":\"weyouface@gmail.com\"},\"openingHoursSpecification\":{\"@type\":\"OpeningHoursSpecification\",\"dayOfWeek\":[\"Monday\",\"Tuesday\",\"Wednesday\",\"Thursday\",\"Friday\",\"Saturday\",\"Sunday\"],\"opens\":\"00:00\",\"closes\":\"23:59\"},\"email\":\"weyouface@gmail.com\",\"areaServed\":\"Luxor, Hurghada, El Gouna, Aswan, Sharm El Sheikh, Giza, Alexandria, Marsa Alam, Quseir, Soma Bay, Sahl Hasheesh, Red Sea, Makadi Bay, Cairo\",\"priceRange\":\"$\",\"currenciesAccepted\":\"euro\",\"paymentAccepted\":\"cash on site\"},{\"@type\":\"PostalAddress\",\"@id\":\"https:\/\/hurghadalovers.com\/et\/tours\/paikeseloojangu-quad-biking-tour-from-hurghada\/#local-main-place-address\",\"streetAddress\":\"17 Banks street, Alkawther area, top nbk bank\",\"addressLocality\":\"hurghada\",\"postalCode\":\"84511\",\"addressRegion\":\"red sea\",\"addressCountry\":\"EG\"},{\"@type\":\"ImageObject\",\"inLanguage\":\"et\",\"@id\":\"https:\/\/hurghadalovers.com\/et\/tours\/paikeseloojangu-quad-biking-tour-from-hurghada\/#local-main-organization-logo\",\"url\":\"https:\/\/hurghadalovers.com\/wp-content\/uploads\/2019\/10\/hurghada-excursions-logo.png\",\"contentUrl\":\"https:\/\/hurghadalovers.com\/wp-content\/uploads\/2019\/10\/hurghada-excursions-logo.png\",\"width\":272,\"height\":90,\"caption\":\"Hurghada Excursions\"}]}<\/script>\n<meta property=\"product:brand\" content=\"Mida teha Hurghada\" \/>\n<meta property=\"product:price:amount\" content=\"20\" \/>\n<meta property=\"product:price:currency\" content=\"EUR\" \/>\n<meta property=\"og:availability\" content=\"instock\" \/>\n<meta property=\"product:availability\" content=\"instock\" \/>\n<meta property=\"product:retailer_item_id\" content=\"Safari022024\" \/>\n<meta property=\"product:condition\" content=\"new\" \/>\n<meta name=\"geo.placename\" content=\"hurghada\" \/>\n<meta name=\"geo.region\" content=\"Egypt\" \/>\n<!-- \/ Yoast SEO Premium plugin. -->","yoast_head_json":{"title":"P\u00e4ikeseloojangu Quad Biking Tour k\u00f5rbesafari Hurghada'st","description":"P\u00e4ikeseloojangu Quad Biking Tour k\u00f5rbesafari Hurghada Beduiini k\u00fclas koos kaameliga. Parimad asjad, mida teha Hurghadas romantilisteks ja paaride mesin\u00e4dalateks","robots":{"index":"index","follow":"follow","max-snippet":"max-snippet:-1","max-image-preview":"max-image-preview:large","max-video-preview":"max-video-preview:-1"},"canonical":"https:\/\/hurghadalovers.com\/et\/tours\/paikeseloojangu-quad-biking-tour-from-hurghada\/","og_locale":"et_EE","og_type":"article","og_title":"P\u00e4ikeseloojangu Quad Biking Tour k\u00f5rbesafari Hurghada'st","og_description":"P\u00e4ikeseloojangu Quad Biking Tour k\u00f5rbesafari Hurghada Beduiini k\u00fclas koos kaameliga. Parimad asjad, mida teha Hurghadas romantilisteks ja paaride mesin\u00e4dalateks","og_url":"https:\/\/hurghadalovers.com\/et\/tours\/paikeseloojangu-quad-biking-tour-from-hurghada\/","og_site_name":"Hurghada Excursions &amp; Day Trips | Booking Best Prices Tours","article_publisher":"https:\/\/www.facebook.com\/Hurghadaloversegypt","article_modified_time":"2026-02-09T06:58:20+00:00","og_image":[{"width":1156,"height":867,"url":"https:\/\/hurghadalovers.com\/wp-content\/uploads\/2023\/08\/Sunset-Quad-Biking-Hurghada-Tour.jpeg","type":"image\/jpeg"}],"twitter_card":"summary_large_image","twitter_misc":{"Price":"&euro;&nbsp;20","Availability":"In stock"},"schema":{"@context":"https:\/\/schema.org","@graph":[{"@type":["WebPage","ItemPage"],"@id":"https:\/\/hurghadalovers.com\/et\/tours\/paikeseloojangu-quad-biking-tour-from-hurghada\/","url":"https:\/\/hurghadalovers.com\/et\/tours\/paikeseloojangu-quad-biking-tour-from-hurghada\/","name":"P\u00e4ikeseloojangu Quad Biking Tour k\u00f5rbesafari Hurghada'st","isPartOf":{"@id":"https:\/\/hurghadalovers.com\/et\/#website"},"primaryImageOfPage":{"@id":"https:\/\/hurghadalovers.com\/et\/tours\/paikeseloojangu-quad-biking-tour-from-hurghada\/#primaryimage"},"image":{"@id":"https:\/\/hurghadalovers.com\/et\/tours\/paikeseloojangu-quad-biking-tour-from-hurghada\/#primaryimage"},"thumbnailUrl":"https:\/\/hurghadalovers.com\/wp-content\/uploads\/2023\/08\/Sunset-Quad-Biking-Hurghada-Tour.jpeg","datePublished":"2025-09-29T11:00:00+00:00","dateModified":"2026-02-09T06:58:20+00:00","description":"P\u00e4ikeseloojangu Quad Biking Tour k\u00f5rbesafari Hurghada Beduiini k\u00fclas koos kaameliga. Parimad asjad, mida teha Hurghadas romantilisteks ja paaride mesin\u00e4dalateks","breadcrumb":{"@id":"https:\/\/hurghadalovers.com\/et\/tours\/paikeseloojangu-quad-biking-tour-from-hurghada\/#breadcrumb"},"inLanguage":"et","potentialAction":[{"@type":"ReadAction","target":["https:\/\/hurghadalovers.com\/et\/tours\/paikeseloojangu-quad-biking-tour-from-hurghada\/"]}]},{"@type":"ImageObject","inLanguage":"et","@id":"https:\/\/hurghadalovers.com\/et\/tours\/paikeseloojangu-quad-biking-tour-from-hurghada\/#primaryimage","url":"https:\/\/hurghadalovers.com\/wp-content\/uploads\/2023\/08\/Sunset-Quad-Biking-Hurghada-Tour.jpeg","contentUrl":"https:\/\/hurghadalovers.com\/wp-content\/uploads\/2023\/08\/Sunset-Quad-Biking-Hurghada-Tour.jpeg","width":1156,"height":867,"caption":"Sunset Quad Biking Hurghada Tour"},{"@type":"BreadcrumbList","@id":"https:\/\/hurghadalovers.com\/et\/tours\/paikeseloojangu-quad-biking-tour-from-hurghada\/#breadcrumb","itemListElement":[{"@type":"ListItem","position":1,"name":"Home","item":"https:\/\/hurghadalovers.com\/et\/"},{"@type":"ListItem","position":2,"name":"Shop","item":"https:\/\/hurghadalovers.com\/et\/shop\/"},{"@type":"ListItem","position":3,"name":"P\u00e4ikeseloojangu Quad Biking Tour k\u00f5rbesafari Hurghada&#8217;st"}]},{"@type":"WebSite","@id":"https:\/\/hurghadalovers.com\/et\/#website","url":"https:\/\/hurghadalovers.com\/et\/","name":"Hurghada Excursions & Day Trips | Booking Best Prices Tours","description":"Hurghada Lovers - Best Tour Operator - Excursions &amp; Things to do for Family Day Trips with kids and Couples Romantic. Unique .Hidden gems","publisher":{"@id":"https:\/\/hurghadalovers.com\/et\/#organization"},"alternateName":"Hurghada Excursions","potentialAction":[{"@type":"SearchAction","target":{"@type":"EntryPoint","urlTemplate":"https:\/\/hurghadalovers.com\/et\/?s={search_term_string}"},"query-input":{"@type":"PropertyValueSpecification","valueRequired":true,"valueName":"search_term_string"}}],"inLanguage":"et"},{"@type":["Organization","Place","TravelAgency"],"@id":"https:\/\/hurghadalovers.com\/et\/#organization","name":"Hurghada Excursions","url":"https:\/\/hurghadalovers.com\/et\/","logo":{"@id":"https:\/\/hurghadalovers.com\/et\/tours\/paikeseloojangu-quad-biking-tour-from-hurghada\/#local-main-organization-logo"},"image":{"@id":"https:\/\/hurghadalovers.com\/et\/tours\/paikeseloojangu-quad-biking-tour-from-hurghada\/#local-main-organization-logo"},"sameAs":["https:\/\/www.facebook.com\/Hurghadaloversegypt"],"address":{"@id":"https:\/\/hurghadalovers.com\/et\/tours\/paikeseloojangu-quad-biking-tour-from-hurghada\/#local-main-place-address"},"telephone":["00201112596434"],"contactPoint":{"@type":"ContactPoint","telephone":"00201112596434","email":"weyouface@gmail.com"},"openingHoursSpecification":{"@type":"OpeningHoursSpecification","dayOfWeek":["Monday","Tuesday","Wednesday","Thursday","Friday","Saturday","Sunday"],"opens":"00:00","closes":"23:59"},"email":"weyouface@gmail.com","areaServed":"Luxor, Hurghada, El Gouna, Aswan, Sharm El Sheikh, Giza, Alexandria, Marsa Alam, Quseir, Soma Bay, Sahl Hasheesh, Red Sea, Makadi Bay, Cairo","priceRange":"$","currenciesAccepted":"euro","paymentAccepted":"cash on site"},{"@type":"PostalAddress","@id":"https:\/\/hurghadalovers.com\/et\/tours\/paikeseloojangu-quad-biking-tour-from-hurghada\/#local-main-place-address","streetAddress":"17 Banks street, Alkawther area, top nbk bank","addressLocality":"hurghada","postalCode":"84511","addressRegion":"red sea","addressCountry":"EG"},{"@type":"ImageObject","inLanguage":"et","@id":"https:\/\/hurghadalovers.com\/et\/tours\/paikeseloojangu-quad-biking-tour-from-hurghada\/#local-main-organization-logo","url":"https:\/\/hurghadalovers.com\/wp-content\/uploads\/2019\/10\/hurghada-excursions-logo.png","contentUrl":"https:\/\/hurghadalovers.com\/wp-content\/uploads\/2019\/10\/hurghada-excursions-logo.png","width":272,"height":90,"caption":"Hurghada Excursions"}]},"product_brand":"Mida teha Hurghada","product_price_amount":"20","product_price_currency":"EUR","og_availability":"instock","product_availability":"instock","product_retailer_item_id":"Safari022024","product_condition":"new","geo.placename":"hurghada","geo.region":"Egypt"},"_links":{"self":[{"href":"https:\/\/hurghadalovers.com\/et\/wp-json\/wp\/v2\/product\/380146","targetHints":{"allow":["GET"]}}],"collection":[{"href":"https:\/\/hurghadalovers.com\/et\/wp-json\/wp\/v2\/product"}],"about":[{"href":"https:\/\/hurghadalovers.com\/et\/wp-json\/wp\/v2\/types\/product"}],"wp:featuredmedia":[{"embeddable":true,"href":"https:\/\/hurghadalovers.com\/et\/wp-json\/wp\/v2\/media\/486779"}],"wp:attachment":[{"href":"https:\/\/hurghadalovers.com\/et\/wp-json\/wp\/v2\/media?parent=380146"}],"wp:term":[{"taxonomy":"product_brand","embeddable":true,"href":"https:\/\/hurghadalovers.com\/et\/wp-json\/wp\/v2\/product_brand?post=380146"},{"taxonomy":"product_cat","embeddable":true,"href":"https:\/\/hurghadalovers.com\/et\/wp-json\/wp\/v2\/product_cat?post=380146"},{"taxonomy":"product_tag","embeddable":true,"href":"https:\/\/hurghadalovers.com\/et\/wp-json\/wp\/v2\/product_tag?post=380146"}],"curies":[{"name":"wp","href":"https:\/\/api.w.org\/{rel}","templated":true}]}}