{"id":379911,"date":"2023-08-13T11:41:59","date_gmt":"2023-08-13T11:41:59","guid":{"rendered":"https:\/\/hurghadalovers.com\/shop\/maaratlemata\/hurghada-ekskursioonid-luxorisse-ja-aswanisse-2-paeva\/"},"modified":"2026-02-09T17:11:59","modified_gmt":"2026-02-09T17:11:59","slug":"era-hurghada-ekskursioonid-luksor","status":"publish","type":"product","link":"https:\/\/hurghadalovers.com\/et\/tours\/era-hurghada-ekskursioonid-luksor\/","title":{"rendered":"Hurghada ekskursioonid Luxorisse ja Aswanisse &#8211; 2 p\u00e4eva"},"content":{"rendered":"<p><strong>Hurghada ekskursioonid Luxorisse<\/strong> ja Aswanisse &#8211; 2 p\u00e4eva koos eraviisilise giidi, piletite ja l\u00f5unas\u00f6\u00f6giga.<\/p>\n<p>&nbsp;<\/p>\n<p>Avasta vaaraode kuningate saladused kahep\u00e4evase ekskursiooni k\u00e4igus iidse Luxori ja Assuani linna vaatamisv\u00e4\u00e4rsuste juurde ning \u00f5pi tundma Egiptuse iidse tsivilisatsiooni fakte ja ajalugu, kuningas Tutanhamoni, kuningas Ramses II saladusi ja palju muud.<\/p>\n<p><strong>T\u00e4hts\u00fcndmused:<\/strong><\/p>\n<ul>\n<li>Karnaki tempel.<\/li>\n<li>Memnoni kolossid.<\/li>\n<li>Hatshepsuti surnuaia tempel.<\/li>\n<li>3 hauakambrit Kuningate orus .<\/li>\n<li>Philae tempel.<\/li>\n<li>L\u00f5petamata obelisk.<\/li>\n<li>K\u00f5rge tamm.<\/li>\n<li>L\u00f5unas\u00f6\u00f6k restoranis &#8220;Taimetoitlaste toit on saadaval&#8221;.<\/li>\n<\/ul>\n<p><strong>Eraldi Hurghada ekskursioonid Luxorisse ja Aswanisse Detailid:<\/strong><\/p>\n<ul>\n<li>Ringk\u00e4igu k\u00e4ttesaadavus: Iga p\u00e4ev.<\/li>\n<li>Ekskursiooni t\u00fc\u00fcp: S\u00f5iduauto v\u00f5i v\u00e4ikebussiga.<\/li>\n<li>Kohalej\u00f5udmise aeg: Alates 05:00 hommikul.<\/li>\n<li>K\u00fcsides Hotel saada oma hommikus\u00f6\u00f6gikotti koos Sinuga Hommikul.<\/li>\n<li>V\u00e4ljas\u00f5idu aeg: 19:00.<\/li>\n<li>Ligip\u00e4\u00e4setav ratastooliga.<\/li>\n<li>Kestus: 2 p\u00e4eva \/ 1 \u00f6\u00f6.<\/li>\n<\/ul>\n<p><strong>Broneeri n\u00fc\u00fcd ja maksa hiljem:<\/strong><\/p>\n<ul>\n<li>Sularaha kohapeal juhile.<\/li>\n<li>Maksmine Egiptuse naelades, $, \u20ac v\u00f5i \u00a3.<\/li>\n<\/ul>\n<p><strong>T\u00fchistamispoliitika:<\/strong><\/p>\n<ul>\n<li>t\u00fchistate kuni 24 tundi ette.<\/li>\n<li>Kui keegi teie perekonnast t\u00fchistab hommikul, maksab 50% kuludest.<\/li>\n<\/ul>\n<p><strong>Mis on lisatud?<\/strong><\/p>\n<ul>\n<li>Transfeer Hurghada hotellidest &#8220;Hotel pick up and drop off&#8221;.<\/li>\n<li>K\u00f5ik maksud, sissep\u00e4\u00e4sutasud ja k\u00e4itlemistasud.<\/li>\n<li>\u00dclekanded.<\/li>\n<li>Reisijuht.<\/li>\n<li>\u00dcks \u00f6\u00f6 hotellis koos hommikus\u00f6\u00f6giga.<\/li>\n<li>Joogid.<\/li>\n<li>2 Aeg l\u00f5unas\u00f6\u00f6k restoranis.<\/li>\n<\/ul>\n<p><strong>V\u00e4ljaarvamised?<\/strong><\/p>\n<ul>\n<li>Jootraha.<\/li>\n<li>K\u00f5ik lisad, mida ei ole mainitud.<\/li>\n<\/ul>\n<p><strong>Hurghada ekskursioonid Luxorisse ja Aswanisse Hinnad:<\/strong><\/p>\n<ul>\n<li><strong>T\u00e4iskasvanute hind = <\/strong><strong>alates 270$<\/strong><strong> inimese kohta<\/strong>.<\/li>\n<li>Hind lastele &#8220;5-12&#8221; = 50%.<\/li>\n<li>lastele &#8220;0-5&#8221; = tasuta.<\/li>\n<\/ul>\n<p><strong>Arvustused:<\/strong><\/p>\n<p>vaadata meie Google Map Arvamused kui parim <a href=\"https:\/\/g.page\/r\/CUeYvkngP3wkEBM\/review\">reisikorraldaja Hurghada<\/a> online <a href=\"https:\/\/hurghadalovers.com\/\">Hurghada<\/a> Egiptus.<\/p>\n<p>&nbsp;<\/p>\n<p><strong>M\u00e4rkus:  <\/strong><\/p>\n<p>Teeme ka ekskursiooni koos transfeeriga teie hotellist El Goua, Soma bay, Makadi bay, Sahl Hasheesh, Safaga lisakulu= 10$ inimese kohta.<\/p>\n<p>&nbsp;<\/p>\n<p><strong>Broneerimine:<\/strong><\/p>\n<p>Saada hotell + toa number + fotopassid WhatsAppi: <strong>+201112596434<\/strong><\/p>\n<p>Kui te v\u00e4lja Egiptus Broneerimine n\u00fc\u00fcd online ja kinnitada, kui saabumine Hotel.<\/p>\n","protected":false},"excerpt":{"rendered":"<p>Eraldi Hurghada ekskursioonid Luxorisse ja Aswanisse &#8211; 2 p\u00e4eva koos eraviisilise giidi, piletite ja l\u00f5unas\u00f6\u00f6giga, et k\u00fclastada Karnaki templit, Philae templit, Hat\u0161epsuti templit, Kuningate orgu ja muud&#8230;<\/p>\n","protected":false},"featured_media":492309,"template":"","meta":{"_joinchat":[]},"product_brand":[],"product_cat":[36652],"product_tag":[60132,60103,60105,60130,60121,60112,60116,60117,60125,60108],"class_list":{"0":"post-379911","1":"product","2":"type-product","3":"status-publish","4":"has-post-thumbnail","6":"product_cat-ekskursioonid","7":"product_tag-hurghada-luxor-paevareis","8":"product_tag-hurghada-ekskursioonid","9":"product_tag-hurghada-paevased-ekskursioonid","10":"product_tag-hurghada-tegevused-paaridele","11":"product_tag-lobusad-kohad-kuhu-minna-koos-perega-hurghadast","12":"product_tag-mida-teha-hurghadas","13":"product_tag-mida-teha-koos-lastega-hurghadas","14":"product_tag-perekondlikud-asjad-mida-teha-hurghadas","15":"product_tag-romantilised-asjad-mida-teha-hurghadas","16":"product_tag-uhepaevareisid-hurghada-linnast","17":"tour_category-hurghada-luxor-ekskursioonid","18":"tour_category-hurghada-ekskursioonid","20":"first","21":"instock","22":"sale","23":"shipping-taxable","24":"purchasable","25":"product-type-tour"},"yoast_head":"<!-- This site is optimized with the Yoast SEO Premium plugin v26.9 (Yoast SEO v27.2) - https:\/\/yoast.com\/product\/yoast-seo-premium-wordpress\/ -->\n<title>Hurghada ekskursioonid Luxorisse ja Aswanisse - 2 p\u00e4eva<\/title>\n<meta name=\"description\" content=\"Hurghada ekskursioonid Luxorisse ja Aswanisse - 2 p\u00e4eva koos eraviisilise giidi, piletite ja l\u00f5unas\u00f6\u00f6giga Karnaki templi, Philae, Kuningate oru ja muu k\u00fclastamiseks.\" \/>\n<meta name=\"robots\" content=\"index, follow, max-snippet:-1, max-image-preview:large, max-video-preview:-1\" \/>\n<link rel=\"canonical\" href=\"https:\/\/hurghadalovers.com\/et\/tours\/era-hurghada-ekskursioonid-luksor\/\" \/>\n<meta property=\"og:locale\" content=\"et_EE\" \/>\n<meta property=\"og:type\" content=\"article\" \/>\n<meta property=\"og:title\" content=\"Hurghada ekskursioonid Luxorisse ja Aswanisse - 2 p\u00e4eva\" \/>\n<meta property=\"og:description\" content=\"Hurghada ekskursioonid Luxorisse ja Aswanisse - 2 p\u00e4eva koos eraviisilise giidi, piletite ja l\u00f5unas\u00f6\u00f6giga Karnaki templi, Philae, Kuningate oru ja muu k\u00fclastamiseks.\" \/>\n<meta property=\"og:url\" content=\"https:\/\/hurghadalovers.com\/et\/tours\/era-hurghada-ekskursioonid-luksor\/\" \/>\n<meta property=\"og:site_name\" content=\"Hurghada Excursions &amp; Day Trips | Booking Best Prices Tours\" \/>\n<meta property=\"article:publisher\" content=\"https:\/\/www.facebook.com\/Hurghadaloversegypt\" \/>\n<meta property=\"article:modified_time\" content=\"2026-02-09T17:11:59+00:00\" \/>\n<meta property=\"og:image\" content=\"https:\/\/hurghadalovers.com\/wp-content\/uploads\/2023\/08\/\u042d\u043a\u0441\u043a\u0443\u0440\u0441\u0438\u044f-\u041b\u0443\u043a\u0441\u043e\u0440-\u043c\u0438\u043d\u0438-\u0433\u0440\u0443\u043f\u043f\u043e\u0439-\u0438\u0437-\u0425\u0443\u0440\u0433\u0430\u0434\u044b.jpeg\" \/>\n\t<meta property=\"og:image:width\" content=\"1600\" \/>\n\t<meta property=\"og:image:height\" content=\"698\" \/>\n\t<meta property=\"og:image:type\" content=\"image\/jpeg\" \/>\n<meta name=\"twitter:card\" content=\"summary_large_image\" \/>\n<meta name=\"twitter:label1\" content=\"Price\" \/>\n\t<meta name=\"twitter:data1\" content=\"&euro;&nbsp;400\" \/>\n\t<meta name=\"twitter:label2\" content=\"Availability\" \/>\n\t<meta name=\"twitter:data2\" content=\"In stock\" \/>\n<script type=\"application\/ld+json\" class=\"yoast-schema-graph\">{\"@context\":\"https:\/\/schema.org\",\"@graph\":[{\"@type\":[\"WebPage\",\"ItemPage\"],\"@id\":\"https:\/\/hurghadalovers.com\/et\/tours\/era-hurghada-ekskursioonid-luksor\/\",\"url\":\"https:\/\/hurghadalovers.com\/et\/tours\/era-hurghada-ekskursioonid-luksor\/\",\"name\":\"Hurghada ekskursioonid Luxorisse ja Aswanisse - 2 p\u00e4eva\",\"isPartOf\":{\"@id\":\"https:\/\/hurghadalovers.com\/et\/#website\"},\"primaryImageOfPage\":{\"@id\":\"https:\/\/hurghadalovers.com\/et\/tours\/era-hurghada-ekskursioonid-luksor\/#primaryimage\"},\"image\":{\"@id\":\"https:\/\/hurghadalovers.com\/et\/tours\/era-hurghada-ekskursioonid-luksor\/#primaryimage\"},\"thumbnailUrl\":\"https:\/\/hurghadalovers.com\/wp-content\/uploads\/2023\/08\/\u042d\u043a\u0441\u043a\u0443\u0440\u0441\u0438\u044f-\u041b\u0443\u043a\u0441\u043e\u0440-\u043c\u0438\u043d\u0438-\u0433\u0440\u0443\u043f\u043f\u043e\u0439-\u0438\u0437-\u0425\u0443\u0440\u0433\u0430\u0434\u044b.jpeg\",\"datePublished\":\"2023-08-13T11:41:59+00:00\",\"dateModified\":\"2026-02-09T17:11:59+00:00\",\"description\":\"Hurghada ekskursioonid Luxorisse ja Aswanisse - 2 p\u00e4eva koos eraviisilise giidi, piletite ja l\u00f5unas\u00f6\u00f6giga Karnaki templi, Philae, Kuningate oru ja muu k\u00fclastamiseks.\",\"breadcrumb\":{\"@id\":\"https:\/\/hurghadalovers.com\/et\/tours\/era-hurghada-ekskursioonid-luksor\/#breadcrumb\"},\"inLanguage\":\"et\",\"potentialAction\":[{\"@type\":\"ReadAction\",\"target\":[\"https:\/\/hurghadalovers.com\/et\/tours\/era-hurghada-ekskursioonid-luksor\/\"]}]},{\"@type\":\"ImageObject\",\"inLanguage\":\"et\",\"@id\":\"https:\/\/hurghadalovers.com\/et\/tours\/era-hurghada-ekskursioonid-luksor\/#primaryimage\",\"url\":\"https:\/\/hurghadalovers.com\/wp-content\/uploads\/2023\/08\/\u042d\u043a\u0441\u043a\u0443\u0440\u0441\u0438\u044f-\u041b\u0443\u043a\u0441\u043e\u0440-\u043c\u0438\u043d\u0438-\u0433\u0440\u0443\u043f\u043f\u043e\u0439-\u0438\u0437-\u0425\u0443\u0440\u0433\u0430\u0434\u044b.jpeg\",\"contentUrl\":\"https:\/\/hurghadalovers.com\/wp-content\/uploads\/2023\/08\/\u042d\u043a\u0441\u043a\u0443\u0440\u0441\u0438\u044f-\u041b\u0443\u043a\u0441\u043e\u0440-\u043c\u0438\u043d\u0438-\u0433\u0440\u0443\u043f\u043f\u043e\u0439-\u0438\u0437-\u0425\u0443\u0440\u0433\u0430\u0434\u044b.jpeg\",\"width\":1600,\"height\":698,\"caption\":\"\u042d\u043a\u0441\u043a\u0443\u0440\u0441\u0438\u044f \u041b\u0443\u043a\u0441\u043e\u0440 \u043c\u0438\u043d\u0438 \u0433\u0440\u0443\u043f\u043f\u043e\u0438\u0306 \u0438\u0437 \u0425\u0443\u0440\u0433\u0430\u0434\u044b\"},{\"@type\":\"BreadcrumbList\",\"@id\":\"https:\/\/hurghadalovers.com\/et\/tours\/era-hurghada-ekskursioonid-luksor\/#breadcrumb\",\"itemListElement\":[{\"@type\":\"ListItem\",\"position\":1,\"name\":\"Home\",\"item\":\"https:\/\/hurghadalovers.com\/et\/\"},{\"@type\":\"ListItem\",\"position\":2,\"name\":\"Shop\",\"item\":\"https:\/\/hurghadalovers.com\/et\/shop\/\"},{\"@type\":\"ListItem\",\"position\":3,\"name\":\"Hurghada ekskursioonid Luxorisse ja Aswanisse &#8211; 2 p\u00e4eva\"}]},{\"@type\":\"WebSite\",\"@id\":\"https:\/\/hurghadalovers.com\/et\/#website\",\"url\":\"https:\/\/hurghadalovers.com\/et\/\",\"name\":\"Hurghada Excursions & Day Trips | Booking Best Prices Tours\",\"description\":\"Hurghada Lovers - Best Tour Operator - Excursions &amp; Things to do for Family Day Trips with kids and Couples Romantic. Unique .Hidden gems\",\"publisher\":{\"@id\":\"https:\/\/hurghadalovers.com\/et\/#organization\"},\"alternateName\":\"Hurghada Excursions\",\"potentialAction\":[{\"@type\":\"SearchAction\",\"target\":{\"@type\":\"EntryPoint\",\"urlTemplate\":\"https:\/\/hurghadalovers.com\/et\/?s={search_term_string}\"},\"query-input\":{\"@type\":\"PropertyValueSpecification\",\"valueRequired\":true,\"valueName\":\"search_term_string\"}}],\"inLanguage\":\"et\"},{\"@type\":[\"Organization\",\"Place\",\"TravelAgency\"],\"@id\":\"https:\/\/hurghadalovers.com\/et\/#organization\",\"name\":\"Hurghada Excursions\",\"url\":\"https:\/\/hurghadalovers.com\/et\/\",\"logo\":{\"@id\":\"https:\/\/hurghadalovers.com\/et\/tours\/era-hurghada-ekskursioonid-luksor\/#local-main-organization-logo\"},\"image\":{\"@id\":\"https:\/\/hurghadalovers.com\/et\/tours\/era-hurghada-ekskursioonid-luksor\/#local-main-organization-logo\"},\"sameAs\":[\"https:\/\/www.facebook.com\/Hurghadaloversegypt\"],\"address\":{\"@id\":\"https:\/\/hurghadalovers.com\/et\/tours\/era-hurghada-ekskursioonid-luksor\/#local-main-place-address\"},\"telephone\":[\"00201112596434\"],\"contactPoint\":{\"@type\":\"ContactPoint\",\"telephone\":\"00201112596434\",\"email\":\"weyouface@gmail.com\"},\"openingHoursSpecification\":{\"@type\":\"OpeningHoursSpecification\",\"dayOfWeek\":[\"Monday\",\"Tuesday\",\"Wednesday\",\"Thursday\",\"Friday\",\"Saturday\",\"Sunday\"],\"opens\":\"00:00\",\"closes\":\"23:59\"},\"email\":\"weyouface@gmail.com\",\"areaServed\":\"Luxor, Hurghada, El Gouna, Aswan, Sharm El Sheikh, Giza, Alexandria, Marsa Alam, Quseir, Soma Bay, Sahl Hasheesh, Red Sea, Makadi Bay, Cairo\",\"priceRange\":\"$\",\"currenciesAccepted\":\"euro\",\"paymentAccepted\":\"cash on site\"},{\"@type\":\"PostalAddress\",\"@id\":\"https:\/\/hurghadalovers.com\/et\/tours\/era-hurghada-ekskursioonid-luksor\/#local-main-place-address\",\"streetAddress\":\"17 Banks street, Alkawther area, top nbk bank\",\"addressLocality\":\"hurghada\",\"postalCode\":\"84511\",\"addressRegion\":\"red sea\",\"addressCountry\":\"EG\"},{\"@type\":\"ImageObject\",\"inLanguage\":\"et\",\"@id\":\"https:\/\/hurghadalovers.com\/et\/tours\/era-hurghada-ekskursioonid-luksor\/#local-main-organization-logo\",\"url\":\"https:\/\/hurghadalovers.com\/wp-content\/uploads\/2019\/10\/hurghada-excursions-logo.png\",\"contentUrl\":\"https:\/\/hurghadalovers.com\/wp-content\/uploads\/2019\/10\/hurghada-excursions-logo.png\",\"width\":272,\"height\":90,\"caption\":\"Hurghada Excursions\"}]}<\/script>\n<meta property=\"product:brand\" content=\"Luxor Hurghadast\" \/>\n<meta property=\"product:price:amount\" content=\"400\" \/>\n<meta property=\"product:price:currency\" content=\"EUR\" \/>\n<meta property=\"og:availability\" content=\"instock\" \/>\n<meta property=\"product:availability\" content=\"instock\" \/>\n<meta property=\"product:retailer_item_id\" content=\"Private092024\" \/>\n<meta property=\"product:condition\" content=\"new\" \/>\n<meta name=\"geo.placename\" content=\"hurghada\" \/>\n<meta name=\"geo.region\" content=\"Egypt\" \/>\n<!-- \/ Yoast SEO Premium plugin. -->","yoast_head_json":{"title":"Hurghada ekskursioonid Luxorisse ja Aswanisse - 2 p\u00e4eva","description":"Hurghada ekskursioonid Luxorisse ja Aswanisse - 2 p\u00e4eva koos eraviisilise giidi, piletite ja l\u00f5unas\u00f6\u00f6giga Karnaki templi, Philae, Kuningate oru ja muu k\u00fclastamiseks.","robots":{"index":"index","follow":"follow","max-snippet":"max-snippet:-1","max-image-preview":"max-image-preview:large","max-video-preview":"max-video-preview:-1"},"canonical":"https:\/\/hurghadalovers.com\/et\/tours\/era-hurghada-ekskursioonid-luksor\/","og_locale":"et_EE","og_type":"article","og_title":"Hurghada ekskursioonid Luxorisse ja Aswanisse - 2 p\u00e4eva","og_description":"Hurghada ekskursioonid Luxorisse ja Aswanisse - 2 p\u00e4eva koos eraviisilise giidi, piletite ja l\u00f5unas\u00f6\u00f6giga Karnaki templi, Philae, Kuningate oru ja muu k\u00fclastamiseks.","og_url":"https:\/\/hurghadalovers.com\/et\/tours\/era-hurghada-ekskursioonid-luksor\/","og_site_name":"Hurghada Excursions &amp; Day Trips | Booking Best Prices Tours","article_publisher":"https:\/\/www.facebook.com\/Hurghadaloversegypt","article_modified_time":"2026-02-09T17:11:59+00:00","og_image":[{"width":1600,"height":698,"url":"https:\/\/hurghadalovers.com\/wp-content\/uploads\/2023\/08\/\u042d\u043a\u0441\u043a\u0443\u0440\u0441\u0438\u044f-\u041b\u0443\u043a\u0441\u043e\u0440-\u043c\u0438\u043d\u0438-\u0433\u0440\u0443\u043f\u043f\u043e\u0439-\u0438\u0437-\u0425\u0443\u0440\u0433\u0430\u0434\u044b.jpeg","type":"image\/jpeg"}],"twitter_card":"summary_large_image","twitter_misc":{"Price":"&euro;&nbsp;400","Availability":"In stock"},"schema":{"@context":"https:\/\/schema.org","@graph":[{"@type":["WebPage","ItemPage"],"@id":"https:\/\/hurghadalovers.com\/et\/tours\/era-hurghada-ekskursioonid-luksor\/","url":"https:\/\/hurghadalovers.com\/et\/tours\/era-hurghada-ekskursioonid-luksor\/","name":"Hurghada ekskursioonid Luxorisse ja Aswanisse - 2 p\u00e4eva","isPartOf":{"@id":"https:\/\/hurghadalovers.com\/et\/#website"},"primaryImageOfPage":{"@id":"https:\/\/hurghadalovers.com\/et\/tours\/era-hurghada-ekskursioonid-luksor\/#primaryimage"},"image":{"@id":"https:\/\/hurghadalovers.com\/et\/tours\/era-hurghada-ekskursioonid-luksor\/#primaryimage"},"thumbnailUrl":"https:\/\/hurghadalovers.com\/wp-content\/uploads\/2023\/08\/\u042d\u043a\u0441\u043a\u0443\u0440\u0441\u0438\u044f-\u041b\u0443\u043a\u0441\u043e\u0440-\u043c\u0438\u043d\u0438-\u0433\u0440\u0443\u043f\u043f\u043e\u0439-\u0438\u0437-\u0425\u0443\u0440\u0433\u0430\u0434\u044b.jpeg","datePublished":"2023-08-13T11:41:59+00:00","dateModified":"2026-02-09T17:11:59+00:00","description":"Hurghada ekskursioonid Luxorisse ja Aswanisse - 2 p\u00e4eva koos eraviisilise giidi, piletite ja l\u00f5unas\u00f6\u00f6giga Karnaki templi, Philae, Kuningate oru ja muu k\u00fclastamiseks.","breadcrumb":{"@id":"https:\/\/hurghadalovers.com\/et\/tours\/era-hurghada-ekskursioonid-luksor\/#breadcrumb"},"inLanguage":"et","potentialAction":[{"@type":"ReadAction","target":["https:\/\/hurghadalovers.com\/et\/tours\/era-hurghada-ekskursioonid-luksor\/"]}]},{"@type":"ImageObject","inLanguage":"et","@id":"https:\/\/hurghadalovers.com\/et\/tours\/era-hurghada-ekskursioonid-luksor\/#primaryimage","url":"https:\/\/hurghadalovers.com\/wp-content\/uploads\/2023\/08\/\u042d\u043a\u0441\u043a\u0443\u0440\u0441\u0438\u044f-\u041b\u0443\u043a\u0441\u043e\u0440-\u043c\u0438\u043d\u0438-\u0433\u0440\u0443\u043f\u043f\u043e\u0439-\u0438\u0437-\u0425\u0443\u0440\u0433\u0430\u0434\u044b.jpeg","contentUrl":"https:\/\/hurghadalovers.com\/wp-content\/uploads\/2023\/08\/\u042d\u043a\u0441\u043a\u0443\u0440\u0441\u0438\u044f-\u041b\u0443\u043a\u0441\u043e\u0440-\u043c\u0438\u043d\u0438-\u0433\u0440\u0443\u043f\u043f\u043e\u0439-\u0438\u0437-\u0425\u0443\u0440\u0433\u0430\u0434\u044b.jpeg","width":1600,"height":698,"caption":"\u042d\u043a\u0441\u043a\u0443\u0440\u0441\u0438\u044f \u041b\u0443\u043a\u0441\u043e\u0440 \u043c\u0438\u043d\u0438 \u0433\u0440\u0443\u043f\u043f\u043e\u0438\u0306 \u0438\u0437 \u0425\u0443\u0440\u0433\u0430\u0434\u044b"},{"@type":"BreadcrumbList","@id":"https:\/\/hurghadalovers.com\/et\/tours\/era-hurghada-ekskursioonid-luksor\/#breadcrumb","itemListElement":[{"@type":"ListItem","position":1,"name":"Home","item":"https:\/\/hurghadalovers.com\/et\/"},{"@type":"ListItem","position":2,"name":"Shop","item":"https:\/\/hurghadalovers.com\/et\/shop\/"},{"@type":"ListItem","position":3,"name":"Hurghada ekskursioonid Luxorisse ja Aswanisse &#8211; 2 p\u00e4eva"}]},{"@type":"WebSite","@id":"https:\/\/hurghadalovers.com\/et\/#website","url":"https:\/\/hurghadalovers.com\/et\/","name":"Hurghada Excursions & Day Trips | Booking Best Prices Tours","description":"Hurghada Lovers - Best Tour Operator - Excursions &amp; Things to do for Family Day Trips with kids and Couples Romantic. Unique .Hidden gems","publisher":{"@id":"https:\/\/hurghadalovers.com\/et\/#organization"},"alternateName":"Hurghada Excursions","potentialAction":[{"@type":"SearchAction","target":{"@type":"EntryPoint","urlTemplate":"https:\/\/hurghadalovers.com\/et\/?s={search_term_string}"},"query-input":{"@type":"PropertyValueSpecification","valueRequired":true,"valueName":"search_term_string"}}],"inLanguage":"et"},{"@type":["Organization","Place","TravelAgency"],"@id":"https:\/\/hurghadalovers.com\/et\/#organization","name":"Hurghada Excursions","url":"https:\/\/hurghadalovers.com\/et\/","logo":{"@id":"https:\/\/hurghadalovers.com\/et\/tours\/era-hurghada-ekskursioonid-luksor\/#local-main-organization-logo"},"image":{"@id":"https:\/\/hurghadalovers.com\/et\/tours\/era-hurghada-ekskursioonid-luksor\/#local-main-organization-logo"},"sameAs":["https:\/\/www.facebook.com\/Hurghadaloversegypt"],"address":{"@id":"https:\/\/hurghadalovers.com\/et\/tours\/era-hurghada-ekskursioonid-luksor\/#local-main-place-address"},"telephone":["00201112596434"],"contactPoint":{"@type":"ContactPoint","telephone":"00201112596434","email":"weyouface@gmail.com"},"openingHoursSpecification":{"@type":"OpeningHoursSpecification","dayOfWeek":["Monday","Tuesday","Wednesday","Thursday","Friday","Saturday","Sunday"],"opens":"00:00","closes":"23:59"},"email":"weyouface@gmail.com","areaServed":"Luxor, Hurghada, El Gouna, Aswan, Sharm El Sheikh, Giza, Alexandria, Marsa Alam, Quseir, Soma Bay, Sahl Hasheesh, Red Sea, Makadi Bay, Cairo","priceRange":"$","currenciesAccepted":"euro","paymentAccepted":"cash on site"},{"@type":"PostalAddress","@id":"https:\/\/hurghadalovers.com\/et\/tours\/era-hurghada-ekskursioonid-luksor\/#local-main-place-address","streetAddress":"17 Banks street, Alkawther area, top nbk bank","addressLocality":"hurghada","postalCode":"84511","addressRegion":"red sea","addressCountry":"EG"},{"@type":"ImageObject","inLanguage":"et","@id":"https:\/\/hurghadalovers.com\/et\/tours\/era-hurghada-ekskursioonid-luksor\/#local-main-organization-logo","url":"https:\/\/hurghadalovers.com\/wp-content\/uploads\/2019\/10\/hurghada-excursions-logo.png","contentUrl":"https:\/\/hurghadalovers.com\/wp-content\/uploads\/2019\/10\/hurghada-excursions-logo.png","width":272,"height":90,"caption":"Hurghada Excursions"}]},"product_brand":"Luxor Hurghadast","product_price_amount":"400","product_price_currency":"EUR","og_availability":"instock","product_availability":"instock","product_retailer_item_id":"Private092024","product_condition":"new","geo.placename":"hurghada","geo.region":"Egypt"},"_links":{"self":[{"href":"https:\/\/hurghadalovers.com\/et\/wp-json\/wp\/v2\/product\/379911","targetHints":{"allow":["GET"]}}],"collection":[{"href":"https:\/\/hurghadalovers.com\/et\/wp-json\/wp\/v2\/product"}],"about":[{"href":"https:\/\/hurghadalovers.com\/et\/wp-json\/wp\/v2\/types\/product"}],"wp:featuredmedia":[{"embeddable":true,"href":"https:\/\/hurghadalovers.com\/et\/wp-json\/wp\/v2\/media\/492309"}],"wp:attachment":[{"href":"https:\/\/hurghadalovers.com\/et\/wp-json\/wp\/v2\/media?parent=379911"}],"wp:term":[{"taxonomy":"product_brand","embeddable":true,"href":"https:\/\/hurghadalovers.com\/et\/wp-json\/wp\/v2\/product_brand?post=379911"},{"taxonomy":"product_cat","embeddable":true,"href":"https:\/\/hurghadalovers.com\/et\/wp-json\/wp\/v2\/product_cat?post=379911"},{"taxonomy":"product_tag","embeddable":true,"href":"https:\/\/hurghadalovers.com\/et\/wp-json\/wp\/v2\/product_tag?post=379911"}],"curies":[{"name":"wp","href":"https:\/\/api.w.org\/{rel}","templated":true}]}}