{"id":395785,"date":"2023-09-03T20:29:52","date_gmt":"2023-09-03T20:36:22","guid":{"rendered":"https:\/\/hurghadalovers.com\/shop\/sin categor\u00eda\/excursion-diaria-en-barco-para-practicar-submarinismo-desde-el-gouna\/"},"modified":"2026-02-08T15:13:30","modified_gmt":"2026-02-08T15:13:30","slug":"excursion-diaria-de-buceo-en-barco-desde-el-gouna","status":"publish","type":"product","link":"https:\/\/hurghadalovers.com\/es\/tours\/excursion-diaria-de-buceo-en-barco-desde-el-gouna\/","title":{"rendered":"Excursi\u00f3n diaria en barco para practicar submarinismo desde El Gouna"},"content":{"rendered":"<p><strong>Excursi\u00f3n diaria en barco de buceo desde <\/strong><strong>El Gouna<\/strong> | Buceadores certificados y profesionales | con almuerzo, bebidas, equipo de buceo y traslado.<\/p>\n<p style=\"text-align: center;\"><span style=\"color: #00ccff;\"><strong>Barco<\/strong> de lujo | <strong>Instructor de buceo profesional<\/strong> | <strong>Los mejores sitios de buceo y arrecifes<\/strong>, Mar Rojo.<\/span><\/p>\n<p><strong>Lo m\u00e1s destacado:<\/strong><\/p>\n<ul>\n<li>2 paradas de buceo.<\/li>\n<\/ul>\n<p><strong>Detalles:<\/strong><\/p>\n<ul>\n<li>Disponibilidad de visitas: Todos los d\u00edas.<\/li>\n<li>Tipo de visita: Grupo o Privado.<\/li>\n<li>Hora de recogida: A partir de las 07:30 A.M.<\/li>\n<li>Hora de recogida: 16:00.<\/li>\n<li>Accesible en silla de ruedas.<\/li>\n<li>Duraci\u00f3n: 7 hr.<\/li>\n<\/ul>\n<p><strong>Reserve ahora y pague despu\u00e9s:<\/strong><\/p>\n<ul>\n<li>Efectivo en el sitio para guiar.<\/li>\n<li>Pago en libras egipcias, $, \u20ac o \u00a3.<\/li>\n<\/ul>\n<p><strong>Pol\u00edtica de cancelaci\u00f3n:<\/strong><\/p>\n<ul>\n<li>Cancelar con 24 horas de antelaci\u00f3n.<\/li>\n<li>Cuando alguien de su familia cancele la ma\u00f1ana, pagar\u00e1 el 50% del coste.<\/li>\n<\/ul>\n<p><strong>\u00bfQu\u00e9 incluye?<\/strong><\/p>\n<ul>\n<li>Traslado desde los hoteles de El Gouna \u00abRecogida y entrega en el hotel\u00bb.<\/li>\n<li>Todos los impuestos, entradas y gastos de gesti\u00f3n.<\/li>\n<li>Agua mineral + Cola.<\/li>\n<li>Instructor profesional de buceo.<\/li>\n<li>Equipos de buceo y snorkel \u00abM\u00e1scaras y aletas\u00bb.<\/li>\n<li>Almuerzo buffet VIP en el barco.<\/li>\n<li>Chalecos salvavidas.<\/li>\n<\/ul>\n<p><strong>\u00bfExclusiones?<\/strong><\/p>\n<ul>\n<li>Propinas.<\/li>\n<li>Fotograf\u00eda y fotos del viaje.<\/li>\n<li>Ofrecemos alquiler de trajes de ba\u00f1o y trajes de ba\u00f1o para mujeres, hombres, ni\u00f1os de todos los tama\u00f1os \u00bb 5 $ por uno\u00bb.<\/li>\n<li>Cualquier extra no mencionado.<\/li>\n<li>Nitrox 12 L = 10$ por d\u00eda<\/li>\n<li>Nitrox 15 L = 10$ por d\u00eda<\/li>\n<li>Dep\u00f3sitos de 15 L (aire normal) = 10 $ al d\u00eda<\/li>\n<\/ul>\n<p><strong>Los precios:<\/strong><\/p>\n<ul>\n<li><strong>Precio adulto = 80 $ por persona<\/strong>.<\/li>\n<\/ul>\n<p><strong>Rese\u00f1as:<\/strong><\/p>\n<p>Compruebe nuestros comentarios de Google Map como Mejor <a href=\"https:\/\/g.page\/r\/CUeYvkngP3wkEBM\/review\">Tour Operador en<\/a> <a href=\"https:\/\/hurghadalovers.com\/\">Hurghada<\/a> en l\u00ednea en <a href=\"https:\/\/hurghadalovers.com\/\">Hurghada<\/a> Egipto.<\/p>\n<p><strong>Reserva:<\/strong><\/p>\n<p>Enviar hotel + N\u00famero de habitaci\u00f3n + Foto pasaportes a WhatsApp: <strong>+201112596434<\/strong><\/p>\n<p>Si usted fuera de Egipto Reserva ahora en l\u00ednea y confirmar a su llegada Hotel.<\/p>\n<p>&nbsp;<\/p>\n<p>&nbsp;<\/p>\n","protected":false},"excerpt":{"rendered":"<p><strong>Excursi\u00f3n diaria en barco de buceo desde <\/strong><strong>El Gouna<\/strong> | Buceadores certificados y profesionales | con almuerzo, bebidas, equipo de buceo y traslado.<\/p>\n<p style=\"text-align: center;\"><span style=\"color: #00ccff;\"><strong>Barco<\/strong> de lujo | <strong>Instructor de buceo profesional<\/strong> | <strong>Los mejores sitios de buceo y arrecifes<\/strong>, Mar Rojo.<\/span><\/p>\n<p>&nbsp;<\/p>\n","protected":false},"featured_media":395631,"template":"","meta":{"_joinchat":[]},"product_brand":[],"product_cat":[29871],"product_tag":[],"class_list":{"0":"post-395785","1":"product","2":"type-product","3":"status-publish","4":"has-post-thumbnail","6":"product_cat-egypt-tours-es","7":"tour_category-snorkel-en-el-gouna","8":"tour_category-cosas-que-hacer-en-el-gouna","10":"first","11":"instock","12":"sale","13":"shipping-taxable","14":"purchasable","15":"product-type-tour"},"yoast_head":"<!-- This site is optimized with the Yoast SEO Premium plugin v26.9 (Yoast SEO v27.2) - https:\/\/yoast.com\/product\/yoast-seo-premium-wordpress\/ -->\n<title>Excursi\u00f3n diaria en barco de buceo desde El Gouna | Certificado<\/title>\n<meta name=\"description\" content=\"Excursi\u00f3n diaria en barco de buceo desde El Gouna | Buceadores certificados y profesionales | con almuerzo, bebidas, equipo de buceo y traslado. Barco de lujo | Profesional\" \/>\n<meta name=\"robots\" content=\"index, follow, max-snippet:-1, max-image-preview:large, max-video-preview:-1\" \/>\n<link rel=\"canonical\" href=\"https:\/\/hurghadalovers.com\/es\/tours\/excursion-diaria-de-buceo-en-barco-desde-el-gouna\/\" \/>\n<meta property=\"og:locale\" content=\"es_ES\" \/>\n<meta property=\"og:type\" content=\"article\" \/>\n<meta property=\"og:title\" content=\"Excursi\u00f3n diaria en barco para practicar submarinismo desde El Gouna\" \/>\n<meta property=\"og:description\" content=\"Excursi\u00f3n diaria en barco de buceo desde El Gouna | Buceadores certificados y profesionales | con almuerzo, bebidas, equipo de buceo y traslado. Barco de lujo | Profesional\" \/>\n<meta property=\"og:url\" content=\"https:\/\/hurghadalovers.com\/es\/tours\/excursion-diaria-de-buceo-en-barco-desde-el-gouna\/\" \/>\n<meta property=\"og:site_name\" content=\"Hurghada Excursions &amp; Day Trips | Booking Best Prices Tours\" \/>\n<meta property=\"article:publisher\" content=\"https:\/\/www.facebook.com\/Hurghadaloversegypt\" \/>\n<meta property=\"article:modified_time\" content=\"2026-02-08T15:13:30+00:00\" \/>\n<meta property=\"og:image\" content=\"https:\/\/hurghadalovers.com\/wp-content\/uploads\/2023\/09\/Daily-Scuba-Diving-Boat-Trip-from-El-Gouna.png\" \/>\n\t<meta property=\"og:image:width\" content=\"907\" \/>\n\t<meta property=\"og:image:height\" content=\"594\" \/>\n\t<meta property=\"og:image:type\" content=\"image\/png\" \/>\n<meta name=\"twitter:card\" content=\"summary_large_image\" \/>\n<meta name=\"twitter:label1\" content=\"Precio\" \/>\n\t<meta name=\"twitter:data1\" content=\"&euro;&nbsp;80\" \/>\n\t<meta name=\"twitter:label2\" content=\"Disponibilidad\" \/>\n\t<meta name=\"twitter:data2\" content=\"Disponible\" \/>\n<script type=\"application\/ld+json\" class=\"yoast-schema-graph\">{\"@context\":\"https:\/\/schema.org\",\"@graph\":[{\"@type\":[\"WebPage\",\"ItemPage\"],\"@id\":\"https:\/\/hurghadalovers.com\/es\/tours\/excursion-diaria-de-buceo-en-barco-desde-el-gouna\/\",\"url\":\"https:\/\/hurghadalovers.com\/es\/tours\/excursion-diaria-de-buceo-en-barco-desde-el-gouna\/\",\"name\":\"Excursi\u00f3n diaria en barco de buceo desde El Gouna | Certificado\",\"isPartOf\":{\"@id\":\"https:\/\/hurghadalovers.com\/es\/#website\"},\"primaryImageOfPage\":{\"@id\":\"https:\/\/hurghadalovers.com\/es\/tours\/excursion-diaria-de-buceo-en-barco-desde-el-gouna\/#primaryimage\"},\"image\":{\"@id\":\"https:\/\/hurghadalovers.com\/es\/tours\/excursion-diaria-de-buceo-en-barco-desde-el-gouna\/#primaryimage\"},\"thumbnailUrl\":\"https:\/\/hurghadalovers.com\/wp-content\/uploads\/2023\/09\/Daily-Scuba-Diving-Boat-Trip-from-El-Gouna.png\",\"datePublished\":\"2023-09-03T20:36:22+00:00\",\"dateModified\":\"2026-02-08T15:13:30+00:00\",\"description\":\"Excursi\u00f3n diaria en barco de buceo desde El Gouna | Buceadores certificados y profesionales | con almuerzo, bebidas, equipo de buceo y traslado. Barco de lujo | Profesional\",\"breadcrumb\":{\"@id\":\"https:\/\/hurghadalovers.com\/es\/tours\/excursion-diaria-de-buceo-en-barco-desde-el-gouna\/#breadcrumb\"},\"inLanguage\":\"es\",\"potentialAction\":[{\"@type\":\"ReadAction\",\"target\":[\"https:\/\/hurghadalovers.com\/es\/tours\/excursion-diaria-de-buceo-en-barco-desde-el-gouna\/\"]}]},{\"@type\":\"ImageObject\",\"inLanguage\":\"es\",\"@id\":\"https:\/\/hurghadalovers.com\/es\/tours\/excursion-diaria-de-buceo-en-barco-desde-el-gouna\/#primaryimage\",\"url\":\"https:\/\/hurghadalovers.com\/wp-content\/uploads\/2023\/09\/Daily-Scuba-Diving-Boat-Trip-from-El-Gouna.png\",\"contentUrl\":\"https:\/\/hurghadalovers.com\/wp-content\/uploads\/2023\/09\/Daily-Scuba-Diving-Boat-Trip-from-El-Gouna.png\",\"width\":907,\"height\":594,\"caption\":\"Daily Scuba Diving Boat Trip from El Gouna\"},{\"@type\":\"BreadcrumbList\",\"@id\":\"https:\/\/hurghadalovers.com\/es\/tours\/excursion-diaria-de-buceo-en-barco-desde-el-gouna\/#breadcrumb\",\"itemListElement\":[{\"@type\":\"ListItem\",\"position\":1,\"name\":\"Home\",\"item\":\"https:\/\/hurghadalovers.com\/es\/\"},{\"@type\":\"ListItem\",\"position\":2,\"name\":\"Tienda\",\"item\":\"https:\/\/hurghadalovers.com\/es\/tienda\/\"},{\"@type\":\"ListItem\",\"position\":3,\"name\":\"Excursi\u00f3n diaria en barco para practicar submarinismo desde El Gouna\"}]},{\"@type\":\"WebSite\",\"@id\":\"https:\/\/hurghadalovers.com\/es\/#website\",\"url\":\"https:\/\/hurghadalovers.com\/es\/\",\"name\":\"Hurghada Excursions & Day Trips | Booking Best Prices Tours\",\"description\":\"Hurghada Lovers - Best Tour Operator - Excursions &amp; Things to do for Family Day Trips with kids and Couples Romantic. Unique .Hidden gems\",\"publisher\":{\"@id\":\"https:\/\/hurghadalovers.com\/es\/#organization\"},\"alternateName\":\"Hurghada Excursions\",\"potentialAction\":[{\"@type\":\"SearchAction\",\"target\":{\"@type\":\"EntryPoint\",\"urlTemplate\":\"https:\/\/hurghadalovers.com\/es\/?s={search_term_string}\"},\"query-input\":{\"@type\":\"PropertyValueSpecification\",\"valueRequired\":true,\"valueName\":\"search_term_string\"}}],\"inLanguage\":\"es\"},{\"@type\":[\"Organization\",\"Place\",\"TravelAgency\"],\"@id\":\"https:\/\/hurghadalovers.com\/es\/#organization\",\"name\":\"Hurghada Excursions\",\"url\":\"https:\/\/hurghadalovers.com\/es\/\",\"logo\":{\"@id\":\"https:\/\/hurghadalovers.com\/es\/tours\/excursion-diaria-de-buceo-en-barco-desde-el-gouna\/#local-main-organization-logo\"},\"image\":{\"@id\":\"https:\/\/hurghadalovers.com\/es\/tours\/excursion-diaria-de-buceo-en-barco-desde-el-gouna\/#local-main-organization-logo\"},\"sameAs\":[\"https:\/\/www.facebook.com\/Hurghadaloversegypt\"],\"address\":{\"@id\":\"https:\/\/hurghadalovers.com\/es\/tours\/excursion-diaria-de-buceo-en-barco-desde-el-gouna\/#local-main-place-address\"},\"telephone\":[\"00201112596434\"],\"contactPoint\":{\"@type\":\"ContactPoint\",\"telephone\":\"00201112596434\",\"email\":\"weyouface@gmail.com\"},\"openingHoursSpecification\":{\"@type\":\"OpeningHoursSpecification\",\"dayOfWeek\":[\"Monday\",\"Tuesday\",\"Wednesday\",\"Thursday\",\"Friday\",\"Saturday\",\"Sunday\"],\"opens\":\"00:00\",\"closes\":\"23:59\"},\"email\":\"weyouface@gmail.com\",\"areaServed\":\"Luxor, Hurghada, El Gouna, Aswan, Sharm El Sheikh, Giza, Alexandria, Marsa Alam, Quseir, Soma Bay, Sahl Hasheesh, Red Sea, Makadi Bay, Cairo\",\"priceRange\":\"$\",\"currenciesAccepted\":\"euro\",\"paymentAccepted\":\"cash on site\"},{\"@type\":\"PostalAddress\",\"@id\":\"https:\/\/hurghadalovers.com\/es\/tours\/excursion-diaria-de-buceo-en-barco-desde-el-gouna\/#local-main-place-address\",\"streetAddress\":\"17 Banks street, Alkawther area, top nbk bank\",\"addressLocality\":\"hurghada\",\"postalCode\":\"84511\",\"addressRegion\":\"red sea\",\"addressCountry\":\"EG\"},{\"@type\":\"ImageObject\",\"inLanguage\":\"es\",\"@id\":\"https:\/\/hurghadalovers.com\/es\/tours\/excursion-diaria-de-buceo-en-barco-desde-el-gouna\/#local-main-organization-logo\",\"url\":\"https:\/\/hurghadalovers.com\/wp-content\/uploads\/2019\/10\/hurghada-excursions-logo.png\",\"contentUrl\":\"https:\/\/hurghadalovers.com\/wp-content\/uploads\/2019\/10\/hurghada-excursions-logo.png\",\"width\":272,\"height\":90,\"caption\":\"Hurghada Excursions\"}]}<\/script>\n<meta property=\"product:brand\" content=\"Esn\u00f3rquel en El Gouna\" \/>\n<meta property=\"product:price:amount\" content=\"80\" \/>\n<meta property=\"product:price:currency\" content=\"EUR\" \/>\n<meta property=\"og:availability\" content=\"instock\" \/>\n<meta property=\"product:availability\" content=\"instock\" \/>\n<meta property=\"product:retailer_item_id\" content=\"Gouna812024\" \/>\n<meta property=\"product:condition\" content=\"new\" \/>\n<meta name=\"geo.placename\" content=\"hurghada\" \/>\n<meta name=\"geo.region\" content=\"Egipto\" \/>\n<!-- \/ Yoast SEO Premium plugin. -->","yoast_head_json":{"title":"Excursi\u00f3n diaria en barco de buceo desde El Gouna | Certificado","description":"Excursi\u00f3n diaria en barco de buceo desde El Gouna | Buceadores certificados y profesionales | con almuerzo, bebidas, equipo de buceo y traslado. Barco de lujo | Profesional","robots":{"index":"index","follow":"follow","max-snippet":"max-snippet:-1","max-image-preview":"max-image-preview:large","max-video-preview":"max-video-preview:-1"},"canonical":"https:\/\/hurghadalovers.com\/es\/tours\/excursion-diaria-de-buceo-en-barco-desde-el-gouna\/","og_locale":"es_ES","og_type":"article","og_title":"Excursi\u00f3n diaria en barco para practicar submarinismo desde El Gouna","og_description":"Excursi\u00f3n diaria en barco de buceo desde El Gouna | Buceadores certificados y profesionales | con almuerzo, bebidas, equipo de buceo y traslado. Barco de lujo | Profesional","og_url":"https:\/\/hurghadalovers.com\/es\/tours\/excursion-diaria-de-buceo-en-barco-desde-el-gouna\/","og_site_name":"Hurghada Excursions &amp; Day Trips | Booking Best Prices Tours","article_publisher":"https:\/\/www.facebook.com\/Hurghadaloversegypt","article_modified_time":"2026-02-08T15:13:30+00:00","og_image":[{"width":907,"height":594,"url":"https:\/\/hurghadalovers.com\/wp-content\/uploads\/2023\/09\/Daily-Scuba-Diving-Boat-Trip-from-El-Gouna.png","type":"image\/png"}],"twitter_card":"summary_large_image","twitter_misc":{"Precio":"&euro;&nbsp;80","Disponibilidad":"Disponible"},"schema":{"@context":"https:\/\/schema.org","@graph":[{"@type":["WebPage","ItemPage"],"@id":"https:\/\/hurghadalovers.com\/es\/tours\/excursion-diaria-de-buceo-en-barco-desde-el-gouna\/","url":"https:\/\/hurghadalovers.com\/es\/tours\/excursion-diaria-de-buceo-en-barco-desde-el-gouna\/","name":"Excursi\u00f3n diaria en barco de buceo desde El Gouna | Certificado","isPartOf":{"@id":"https:\/\/hurghadalovers.com\/es\/#website"},"primaryImageOfPage":{"@id":"https:\/\/hurghadalovers.com\/es\/tours\/excursion-diaria-de-buceo-en-barco-desde-el-gouna\/#primaryimage"},"image":{"@id":"https:\/\/hurghadalovers.com\/es\/tours\/excursion-diaria-de-buceo-en-barco-desde-el-gouna\/#primaryimage"},"thumbnailUrl":"https:\/\/hurghadalovers.com\/wp-content\/uploads\/2023\/09\/Daily-Scuba-Diving-Boat-Trip-from-El-Gouna.png","datePublished":"2023-09-03T20:36:22+00:00","dateModified":"2026-02-08T15:13:30+00:00","description":"Excursi\u00f3n diaria en barco de buceo desde El Gouna | Buceadores certificados y profesionales | con almuerzo, bebidas, equipo de buceo y traslado. Barco de lujo | Profesional","breadcrumb":{"@id":"https:\/\/hurghadalovers.com\/es\/tours\/excursion-diaria-de-buceo-en-barco-desde-el-gouna\/#breadcrumb"},"inLanguage":"es","potentialAction":[{"@type":"ReadAction","target":["https:\/\/hurghadalovers.com\/es\/tours\/excursion-diaria-de-buceo-en-barco-desde-el-gouna\/"]}]},{"@type":"ImageObject","inLanguage":"es","@id":"https:\/\/hurghadalovers.com\/es\/tours\/excursion-diaria-de-buceo-en-barco-desde-el-gouna\/#primaryimage","url":"https:\/\/hurghadalovers.com\/wp-content\/uploads\/2023\/09\/Daily-Scuba-Diving-Boat-Trip-from-El-Gouna.png","contentUrl":"https:\/\/hurghadalovers.com\/wp-content\/uploads\/2023\/09\/Daily-Scuba-Diving-Boat-Trip-from-El-Gouna.png","width":907,"height":594,"caption":"Daily Scuba Diving Boat Trip from El Gouna"},{"@type":"BreadcrumbList","@id":"https:\/\/hurghadalovers.com\/es\/tours\/excursion-diaria-de-buceo-en-barco-desde-el-gouna\/#breadcrumb","itemListElement":[{"@type":"ListItem","position":1,"name":"Home","item":"https:\/\/hurghadalovers.com\/es\/"},{"@type":"ListItem","position":2,"name":"Tienda","item":"https:\/\/hurghadalovers.com\/es\/tienda\/"},{"@type":"ListItem","position":3,"name":"Excursi\u00f3n diaria en barco para practicar submarinismo desde El Gouna"}]},{"@type":"WebSite","@id":"https:\/\/hurghadalovers.com\/es\/#website","url":"https:\/\/hurghadalovers.com\/es\/","name":"Hurghada Excursions & Day Trips | Booking Best Prices Tours","description":"Hurghada Lovers - Best Tour Operator - Excursions &amp; Things to do for Family Day Trips with kids and Couples Romantic. Unique .Hidden gems","publisher":{"@id":"https:\/\/hurghadalovers.com\/es\/#organization"},"alternateName":"Hurghada Excursions","potentialAction":[{"@type":"SearchAction","target":{"@type":"EntryPoint","urlTemplate":"https:\/\/hurghadalovers.com\/es\/?s={search_term_string}"},"query-input":{"@type":"PropertyValueSpecification","valueRequired":true,"valueName":"search_term_string"}}],"inLanguage":"es"},{"@type":["Organization","Place","TravelAgency"],"@id":"https:\/\/hurghadalovers.com\/es\/#organization","name":"Hurghada Excursions","url":"https:\/\/hurghadalovers.com\/es\/","logo":{"@id":"https:\/\/hurghadalovers.com\/es\/tours\/excursion-diaria-de-buceo-en-barco-desde-el-gouna\/#local-main-organization-logo"},"image":{"@id":"https:\/\/hurghadalovers.com\/es\/tours\/excursion-diaria-de-buceo-en-barco-desde-el-gouna\/#local-main-organization-logo"},"sameAs":["https:\/\/www.facebook.com\/Hurghadaloversegypt"],"address":{"@id":"https:\/\/hurghadalovers.com\/es\/tours\/excursion-diaria-de-buceo-en-barco-desde-el-gouna\/#local-main-place-address"},"telephone":["00201112596434"],"contactPoint":{"@type":"ContactPoint","telephone":"00201112596434","email":"weyouface@gmail.com"},"openingHoursSpecification":{"@type":"OpeningHoursSpecification","dayOfWeek":["Monday","Tuesday","Wednesday","Thursday","Friday","Saturday","Sunday"],"opens":"00:00","closes":"23:59"},"email":"weyouface@gmail.com","areaServed":"Luxor, Hurghada, El Gouna, Aswan, Sharm El Sheikh, Giza, Alexandria, Marsa Alam, Quseir, Soma Bay, Sahl Hasheesh, Red Sea, Makadi Bay, Cairo","priceRange":"$","currenciesAccepted":"euro","paymentAccepted":"cash on site"},{"@type":"PostalAddress","@id":"https:\/\/hurghadalovers.com\/es\/tours\/excursion-diaria-de-buceo-en-barco-desde-el-gouna\/#local-main-place-address","streetAddress":"17 Banks street, Alkawther area, top nbk bank","addressLocality":"hurghada","postalCode":"84511","addressRegion":"red sea","addressCountry":"EG"},{"@type":"ImageObject","inLanguage":"es","@id":"https:\/\/hurghadalovers.com\/es\/tours\/excursion-diaria-de-buceo-en-barco-desde-el-gouna\/#local-main-organization-logo","url":"https:\/\/hurghadalovers.com\/wp-content\/uploads\/2019\/10\/hurghada-excursions-logo.png","contentUrl":"https:\/\/hurghadalovers.com\/wp-content\/uploads\/2019\/10\/hurghada-excursions-logo.png","width":272,"height":90,"caption":"Hurghada Excursions"}]},"product_brand":"Esn\u00f3rquel en El Gouna","product_price_amount":"80","product_price_currency":"EUR","og_availability":"instock","product_availability":"instock","product_retailer_item_id":"Gouna812024","product_condition":"new","geo.placename":"hurghada","geo.region":"Egipto"},"_links":{"self":[{"href":"https:\/\/hurghadalovers.com\/es\/wp-json\/wp\/v2\/product\/395785","targetHints":{"allow":["GET"]}}],"collection":[{"href":"https:\/\/hurghadalovers.com\/es\/wp-json\/wp\/v2\/product"}],"about":[{"href":"https:\/\/hurghadalovers.com\/es\/wp-json\/wp\/v2\/types\/product"}],"wp:featuredmedia":[{"embeddable":true,"href":"https:\/\/hurghadalovers.com\/es\/wp-json\/wp\/v2\/media\/395631"}],"wp:attachment":[{"href":"https:\/\/hurghadalovers.com\/es\/wp-json\/wp\/v2\/media?parent=395785"}],"wp:term":[{"taxonomy":"product_brand","embeddable":true,"href":"https:\/\/hurghadalovers.com\/es\/wp-json\/wp\/v2\/product_brand?post=395785"},{"taxonomy":"product_cat","embeddable":true,"href":"https:\/\/hurghadalovers.com\/es\/wp-json\/wp\/v2\/product_cat?post=395785"},{"taxonomy":"product_tag","embeddable":true,"href":"https:\/\/hurghadalovers.com\/es\/wp-json\/wp\/v2\/product_tag?post=395785"}],"curies":[{"name":"wp","href":"https:\/\/api.w.org\/{rel}","templated":true}]}}