{"id":391954,"date":"2023-08-31T19:52:19","date_gmt":"2023-08-31T19:57:24","guid":{"rendered":"https:\/\/hurghadalovers.com\/shop\/sin categor\u00eda\/alquiler-de-lanchas-rapidas-de-sahl-hasheesh-a-la-isla-eden\/"},"modified":"2026-02-09T07:15:42","modified_gmt":"2026-02-09T07:15:42","slug":"sahl-hasheesh-alquiler-de-lanchas-a-la-isla-de-eden","status":"publish","type":"product","link":"https:\/\/hurghadalovers.com\/es\/tours\/sahl-hasheesh-alquiler-de-lanchas-a-la-isla-de-eden\/","title":{"rendered":"Alquiler de lanchas r\u00e1pidas de Sahl Hasheesh a la isla Ed\u00e9n"},"content":{"rendered":"<p><strong>Sahl Hasheesh<\/strong> <strong>Alquiler de lancha r\u00e1pida a la isla Ed\u00e9n | Lanchas r\u00e1pidas privadas <\/strong>de lujo con entradas y traslado | 8 horas de d\u00eda completo en la playa Ed\u00e9n con almuerzo buffet VIP en la playa con bebidas.<\/p>\n<p style=\"text-align: center;\"><span style=\"color: #008000;\">Lo m\u00e1s bonito de Sahl Hasheesh <strong>Actividades para<\/strong> <strong>hacer<\/strong> <strong>en familia<\/strong>, <strong>cosas que hacer con ni\u00f1os<\/strong>, <strong>luna de miel<\/strong> y <strong>en pareja<\/strong>.<\/span><\/p>\n<p>Disfrute de un d\u00eda especial y de una experiencia \u00fanica con m\u00e1s <strong>intimidad<\/strong> y <strong>lujo<\/strong>, y vaya con su familia y amigos a las playas m\u00e1s hermosas de <strong>la isla de Giftun<\/strong>.<\/p>\n<p><strong>Lo m\u00e1s destacado:<\/strong><\/p>\n<ul>\n<li>6-8 en la playa de Eden Island.<\/li>\n<li>Almuerzo buffet VIP en la playa.<\/li>\n<\/ul>\n<p><strong>Detalles:<\/strong><\/p>\n<ul>\n<li>Disponibilidad de visitas: Todos los d\u00edas.<\/li>\n<li>Tipo de excursi\u00f3n: Privado.<\/li>\n<li>Hora de recogida: A partir de las 07:30 A.M.<\/li>\n<li>Hora de recogida: 18:00.<\/li>\n<li>Accesible en silla de ruedas.<\/li>\n<li>Duraci\u00f3n: 8 hr.<\/li>\n<\/ul>\n<p><strong>Reserve ahora y pague despu\u00e9s:<\/strong><\/p>\n<ul>\n<li>Efectivo en el sitio para guiar.<\/li>\n<li>Pago en libras egipcias, $, \u20ac o \u00a3.<\/li>\n<\/ul>\n<p><strong>Pol\u00edtica de cancelaci\u00f3n:<\/strong><\/p>\n<ul>\n<li>Cancelar con 24 horas de antelaci\u00f3n.<\/li>\n<li>Cuando alguien de su familia cancele la ma\u00f1ana, pagar\u00e1 el 50% del coste.<\/li>\n<\/ul>\n<p><strong>\u00bfQu\u00e9 incluye?<\/strong><\/p>\n<ul>\n<li>Traslado desde los hoteles de Sahl Hasheesh \u00abRecogida y entrega en el hotel\u00bb.<\/li>\n<li>Todos los impuestos, entradas y gastos de gesti\u00f3n.<\/li>\n<li>Agua mineral + Cola.<\/li>\n<li>6-8 en la playa de Eden Island.<\/li>\n<\/ul>\n<p><strong>\u00bfExclusiones?<\/strong><\/p>\n<ul>\n<li>Propinas.<\/li>\n<li>Cualquier extra no mencionado.<\/li>\n<\/ul>\n<p><strong>Los precios:<\/strong><\/p>\n<ul>\n<li>Alquiler de lancha r\u00e1pida a la Isla Ed\u00e9n con billetes \u00ab2 personas\u00bb y traslado = 310$.<\/li>\n<li><strong>Hasta 2 personas Billete extra = 50$ por persona.<\/strong><\/li>\n<\/ul>\n<p><strong>Rese\u00f1as:<\/strong><\/p>\n<p>Compruebe nuestros comentarios de Google Map como Mejor <a href=\"https:\/\/g.page\/r\/CUeYvkngP3wkEBM\/review\">Tour Operador en<\/a> <a href=\"https:\/\/hurghadalovers.com\/\">Hurghada<\/a> en l\u00ednea en <a href=\"https:\/\/hurghadalovers.com\/\">Hurghada<\/a> Egipto.<\/p>\n<p><strong>Reserva:<\/strong><\/p>\n<p>Enviar hotel + N\u00famero de habitaci\u00f3n + Foto pasaportes a WhatsApp: <strong>+201112596434<\/strong><\/p>\n<p>Si usted fuera de Egipto Reserva ahora en l\u00ednea y confirmar a su llegada Hotel.<\/p>\n<p>&nbsp;<\/p>\n<p>&nbsp;<\/p>\n","protected":false},"excerpt":{"rendered":"<p><strong>Sahl Hasheesh<\/strong> <strong>Alquiler de lancha r\u00e1pida a la isla Ed\u00e9n | Lanchas r\u00e1pidas privadas <\/strong>de lujo con entradas y traslado | 8 horas de d\u00eda completo en la playa Ed\u00e9n con almuerzo buffet VIP en la playa con bebidas.<\/p>\n","protected":false},"featured_media":391825,"template":"","meta":{"_joinchat":[]},"product_brand":[],"product_cat":[29871],"product_tag":[52474,52489,52477,52518,52514,52517,52515,52507,52510,52459,52473,52478,52476,52511,52471,52509,52513,52508,52512,52516,52519,52506],"class_list":{"0":"post-391954","1":"product","2":"type-product","3":"status-publish","4":"has-post-thumbnail","6":"product_cat-egypt-tours-es","7":"product_tag-actividades-en-sahl-hasheesh","8":"product_tag-actividades-familiares-divertidas-en-sahl-hasheesh","9":"product_tag-actividades-para-parejas-en-sahl-hasheesh","10":"product_tag-alquiler-de-barcos-sahl-hasheesh","11":"product_tag-barco-pirata-sahl-hasheesh","12":"product_tag-barco-privado-sahl-hasheesh","13":"product_tag-barco-rapido-sahl-hasheesh","14":"product_tag-buceo-en-sahl-hasheesh","15":"product_tag-casa-de-los-delfines-sahl-hasheesh","16":"product_tag-cosas-que-hacer-en-familia-desde-sahl-hasheesh","17":"product_tag-cosas-que-hacer-en-sahl-hasheesh","18":"product_tag-cosas-que-hacer-en-sahl-hasheesh-en-pareja","19":"product_tag-cosas-romanticas-que-hacer-desde-sahl-hasheesh","20":"product_tag-excursiones-en-barco-por-sahl-hasheesh","21":"product_tag-excursiones-por-sahl-hasheesh","22":"product_tag-isla-de-la-bahia-de-orange-sahl-hasheesh","23":"product_tag-isla-giftun-sahl-hasheesh","24":"product_tag-isla-paraiso-sahl-hasheesh","25":"product_tag-nada-con-delfines-sahl-hasheesh","26":"product_tag-sahl-hasheesh-alquiler-de-barcos","27":"product_tag-sahl-hasheesh-excursion-privada-en-barco","28":"product_tag-viajes-de-snorkel-a-sahl-hasheesh","29":"tour_category-snorkel-en-sahl-hasheesh","30":"tour_category-cosas-que-hacer-en-sahl-hasheesh","32":"first","33":"instock","34":"sale","35":"shipping-taxable","36":"purchasable","37":"product-type-tour"},"yoast_head":"<!-- This site is optimized with the Yoast SEO Premium plugin v26.9 (Yoast SEO v27.2) - https:\/\/yoast.com\/product\/yoast-seo-premium-wordpress\/ -->\n<title>Sahl Hasheesh Alquiler de lancha r\u00e1pida a la isla Ed\u00e9n | Lujo privado<\/title>\n<meta name=\"description\" content=\"Sahl Hasheesh Alquiler de lancha r\u00e1pida a la Isla Ed\u00e9n | Lanchas r\u00e1pidas privadas de lujo con entradas, y traslado | 8hr D\u00eda completo en la playa Ed\u00e9n con almuerzo buffet VIP\" \/>\n<meta name=\"robots\" content=\"index, follow, max-snippet:-1, max-image-preview:large, max-video-preview:-1\" \/>\n<link rel=\"canonical\" href=\"https:\/\/hurghadalovers.com\/es\/tours\/sahl-hasheesh-alquiler-de-lanchas-a-la-isla-de-eden\/\" \/>\n<meta property=\"og:locale\" content=\"es_ES\" \/>\n<meta property=\"og:type\" content=\"article\" \/>\n<meta property=\"og:title\" content=\"Alquiler de lanchas r\u00e1pidas de Sahl Hasheesh a la isla Ed\u00e9n\" \/>\n<meta property=\"og:description\" content=\"Sahl Hasheesh Alquiler de lancha r\u00e1pida a la Isla Ed\u00e9n | Lanchas r\u00e1pidas privadas de lujo con entradas, y traslado | 8hr D\u00eda completo en la playa Ed\u00e9n con almuerzo buffet VIP\" \/>\n<meta property=\"og:url\" content=\"https:\/\/hurghadalovers.com\/es\/tours\/sahl-hasheesh-alquiler-de-lanchas-a-la-isla-de-eden\/\" \/>\n<meta property=\"og:site_name\" content=\"Hurghada Excursions &amp; Day Trips | Booking Best Prices Tours\" \/>\n<meta property=\"article:publisher\" content=\"https:\/\/www.facebook.com\/Hurghadaloversegypt\" \/>\n<meta property=\"article:modified_time\" content=\"2026-02-09T07:15:42+00:00\" \/>\n<meta property=\"og:image\" content=\"https:\/\/hurghadalovers.com\/wp-content\/uploads\/2023\/08\/Sahl-Hasheesh-Speedboat-Rental-to-Eden-Island.jpeg\" \/>\n\t<meta property=\"og:image:width\" content=\"1156\" \/>\n\t<meta property=\"og:image:height\" content=\"867\" \/>\n\t<meta property=\"og:image:type\" content=\"image\/jpeg\" \/>\n<meta name=\"twitter:card\" content=\"summary_large_image\" \/>\n<meta name=\"twitter:label1\" content=\"Precio\" \/>\n\t<meta name=\"twitter:data1\" content=\"&euro;&nbsp;310\" \/>\n\t<meta name=\"twitter:label2\" content=\"Disponibilidad\" \/>\n\t<meta name=\"twitter:data2\" content=\"Disponible\" \/>\n<script type=\"application\/ld+json\" class=\"yoast-schema-graph\">{\"@context\":\"https:\/\/schema.org\",\"@graph\":[{\"@type\":[\"WebPage\",\"ItemPage\"],\"@id\":\"https:\/\/hurghadalovers.com\/es\/tours\/sahl-hasheesh-alquiler-de-lanchas-a-la-isla-de-eden\/\",\"url\":\"https:\/\/hurghadalovers.com\/es\/tours\/sahl-hasheesh-alquiler-de-lanchas-a-la-isla-de-eden\/\",\"name\":\"Sahl Hasheesh Alquiler de lancha r\u00e1pida a la isla Ed\u00e9n | Lujo privado\",\"isPartOf\":{\"@id\":\"https:\/\/hurghadalovers.com\/es\/#website\"},\"primaryImageOfPage\":{\"@id\":\"https:\/\/hurghadalovers.com\/es\/tours\/sahl-hasheesh-alquiler-de-lanchas-a-la-isla-de-eden\/#primaryimage\"},\"image\":{\"@id\":\"https:\/\/hurghadalovers.com\/es\/tours\/sahl-hasheesh-alquiler-de-lanchas-a-la-isla-de-eden\/#primaryimage\"},\"thumbnailUrl\":\"https:\/\/hurghadalovers.com\/wp-content\/uploads\/2023\/08\/Sahl-Hasheesh-Speedboat-Rental-to-Eden-Island.jpeg\",\"datePublished\":\"2023-08-31T19:57:24+00:00\",\"dateModified\":\"2026-02-09T07:15:42+00:00\",\"description\":\"Sahl Hasheesh Alquiler de lancha r\u00e1pida a la Isla Ed\u00e9n | Lanchas r\u00e1pidas privadas de lujo con entradas, y traslado | 8hr D\u00eda completo en la playa Ed\u00e9n con almuerzo buffet VIP\",\"breadcrumb\":{\"@id\":\"https:\/\/hurghadalovers.com\/es\/tours\/sahl-hasheesh-alquiler-de-lanchas-a-la-isla-de-eden\/#breadcrumb\"},\"inLanguage\":\"es\",\"potentialAction\":[{\"@type\":\"ReadAction\",\"target\":[\"https:\/\/hurghadalovers.com\/es\/tours\/sahl-hasheesh-alquiler-de-lanchas-a-la-isla-de-eden\/\"]}]},{\"@type\":\"ImageObject\",\"inLanguage\":\"es\",\"@id\":\"https:\/\/hurghadalovers.com\/es\/tours\/sahl-hasheesh-alquiler-de-lanchas-a-la-isla-de-eden\/#primaryimage\",\"url\":\"https:\/\/hurghadalovers.com\/wp-content\/uploads\/2023\/08\/Sahl-Hasheesh-Speedboat-Rental-to-Eden-Island.jpeg\",\"contentUrl\":\"https:\/\/hurghadalovers.com\/wp-content\/uploads\/2023\/08\/Sahl-Hasheesh-Speedboat-Rental-to-Eden-Island.jpeg\",\"width\":1156,\"height\":867,\"caption\":\"Alquiler de lanchas r\u00e1pidas de Sahl Hasheesh a la isla Ed\u00e9n\"},{\"@type\":\"BreadcrumbList\",\"@id\":\"https:\/\/hurghadalovers.com\/es\/tours\/sahl-hasheesh-alquiler-de-lanchas-a-la-isla-de-eden\/#breadcrumb\",\"itemListElement\":[{\"@type\":\"ListItem\",\"position\":1,\"name\":\"Home\",\"item\":\"https:\/\/hurghadalovers.com\/es\/\"},{\"@type\":\"ListItem\",\"position\":2,\"name\":\"Tienda\",\"item\":\"https:\/\/hurghadalovers.com\/es\/tienda\/\"},{\"@type\":\"ListItem\",\"position\":3,\"name\":\"Alquiler de lanchas r\u00e1pidas de Sahl Hasheesh a la isla Ed\u00e9n\"}]},{\"@type\":\"WebSite\",\"@id\":\"https:\/\/hurghadalovers.com\/es\/#website\",\"url\":\"https:\/\/hurghadalovers.com\/es\/\",\"name\":\"Hurghada Excursions & Day Trips | Booking Best Prices Tours\",\"description\":\"Hurghada Lovers - Best Tour Operator - Excursions &amp; Things to do for Family Day Trips with kids and Couples Romantic. Unique .Hidden gems\",\"publisher\":{\"@id\":\"https:\/\/hurghadalovers.com\/es\/#organization\"},\"alternateName\":\"Hurghada Excursions\",\"potentialAction\":[{\"@type\":\"SearchAction\",\"target\":{\"@type\":\"EntryPoint\",\"urlTemplate\":\"https:\/\/hurghadalovers.com\/es\/?s={search_term_string}\"},\"query-input\":{\"@type\":\"PropertyValueSpecification\",\"valueRequired\":true,\"valueName\":\"search_term_string\"}}],\"inLanguage\":\"es\"},{\"@type\":[\"Organization\",\"Place\",\"TravelAgency\"],\"@id\":\"https:\/\/hurghadalovers.com\/es\/#organization\",\"name\":\"Hurghada Excursions\",\"url\":\"https:\/\/hurghadalovers.com\/es\/\",\"logo\":{\"@id\":\"https:\/\/hurghadalovers.com\/es\/tours\/sahl-hasheesh-alquiler-de-lanchas-a-la-isla-de-eden\/#local-main-organization-logo\"},\"image\":{\"@id\":\"https:\/\/hurghadalovers.com\/es\/tours\/sahl-hasheesh-alquiler-de-lanchas-a-la-isla-de-eden\/#local-main-organization-logo\"},\"sameAs\":[\"https:\/\/www.facebook.com\/Hurghadaloversegypt\"],\"address\":{\"@id\":\"https:\/\/hurghadalovers.com\/es\/tours\/sahl-hasheesh-alquiler-de-lanchas-a-la-isla-de-eden\/#local-main-place-address\"},\"telephone\":[\"00201112596434\"],\"contactPoint\":{\"@type\":\"ContactPoint\",\"telephone\":\"00201112596434\",\"email\":\"weyouface@gmail.com\"},\"openingHoursSpecification\":{\"@type\":\"OpeningHoursSpecification\",\"dayOfWeek\":[\"Monday\",\"Tuesday\",\"Wednesday\",\"Thursday\",\"Friday\",\"Saturday\",\"Sunday\"],\"opens\":\"00:00\",\"closes\":\"23:59\"},\"email\":\"weyouface@gmail.com\",\"areaServed\":\"Luxor, Hurghada, El Gouna, Aswan, Sharm El Sheikh, Giza, Alexandria, Marsa Alam, Quseir, Soma Bay, Sahl Hasheesh, Red Sea, Makadi Bay, Cairo\",\"priceRange\":\"$\",\"currenciesAccepted\":\"euro\",\"paymentAccepted\":\"cash on site\"},{\"@type\":\"PostalAddress\",\"@id\":\"https:\/\/hurghadalovers.com\/es\/tours\/sahl-hasheesh-alquiler-de-lanchas-a-la-isla-de-eden\/#local-main-place-address\",\"streetAddress\":\"17 Banks street, Alkawther area, top nbk bank\",\"addressLocality\":\"hurghada\",\"postalCode\":\"84511\",\"addressRegion\":\"red sea\",\"addressCountry\":\"EG\"},{\"@type\":\"ImageObject\",\"inLanguage\":\"es\",\"@id\":\"https:\/\/hurghadalovers.com\/es\/tours\/sahl-hasheesh-alquiler-de-lanchas-a-la-isla-de-eden\/#local-main-organization-logo\",\"url\":\"https:\/\/hurghadalovers.com\/wp-content\/uploads\/2019\/10\/hurghada-excursions-logo.png\",\"contentUrl\":\"https:\/\/hurghadalovers.com\/wp-content\/uploads\/2019\/10\/hurghada-excursions-logo.png\",\"width\":272,\"height\":90,\"caption\":\"Hurghada Excursions\"}]}<\/script>\n<meta property=\"product:brand\" content=\"Esn\u00f3rquel en Sahl Hasheesh\" \/>\n<meta property=\"product:price:amount\" content=\"310\" \/>\n<meta property=\"product:price:currency\" content=\"EUR\" \/>\n<meta property=\"og:availability\" content=\"instock\" \/>\n<meta property=\"product:availability\" content=\"instock\" \/>\n<meta property=\"product:retailer_item_id\" content=\"Sahl522024\" \/>\n<meta property=\"product:condition\" content=\"new\" \/>\n<meta name=\"geo.placename\" content=\"hurghada\" \/>\n<meta name=\"geo.region\" content=\"Egipto\" \/>\n<!-- \/ Yoast SEO Premium plugin. -->","yoast_head_json":{"title":"Sahl Hasheesh Alquiler de lancha r\u00e1pida a la isla Ed\u00e9n | Lujo privado","description":"Sahl Hasheesh Alquiler de lancha r\u00e1pida a la Isla Ed\u00e9n | Lanchas r\u00e1pidas privadas de lujo con entradas, y traslado | 8hr D\u00eda completo en la playa Ed\u00e9n con almuerzo buffet VIP","robots":{"index":"index","follow":"follow","max-snippet":"max-snippet:-1","max-image-preview":"max-image-preview:large","max-video-preview":"max-video-preview:-1"},"canonical":"https:\/\/hurghadalovers.com\/es\/tours\/sahl-hasheesh-alquiler-de-lanchas-a-la-isla-de-eden\/","og_locale":"es_ES","og_type":"article","og_title":"Alquiler de lanchas r\u00e1pidas de Sahl Hasheesh a la isla Ed\u00e9n","og_description":"Sahl Hasheesh Alquiler de lancha r\u00e1pida a la Isla Ed\u00e9n | Lanchas r\u00e1pidas privadas de lujo con entradas, y traslado | 8hr D\u00eda completo en la playa Ed\u00e9n con almuerzo buffet VIP","og_url":"https:\/\/hurghadalovers.com\/es\/tours\/sahl-hasheesh-alquiler-de-lanchas-a-la-isla-de-eden\/","og_site_name":"Hurghada Excursions &amp; Day Trips | Booking Best Prices Tours","article_publisher":"https:\/\/www.facebook.com\/Hurghadaloversegypt","article_modified_time":"2026-02-09T07:15:42+00:00","og_image":[{"width":1156,"height":867,"url":"https:\/\/hurghadalovers.com\/wp-content\/uploads\/2023\/08\/Sahl-Hasheesh-Speedboat-Rental-to-Eden-Island.jpeg","type":"image\/jpeg"}],"twitter_card":"summary_large_image","twitter_misc":{"Precio":"&euro;&nbsp;310","Disponibilidad":"Disponible"},"schema":{"@context":"https:\/\/schema.org","@graph":[{"@type":["WebPage","ItemPage"],"@id":"https:\/\/hurghadalovers.com\/es\/tours\/sahl-hasheesh-alquiler-de-lanchas-a-la-isla-de-eden\/","url":"https:\/\/hurghadalovers.com\/es\/tours\/sahl-hasheesh-alquiler-de-lanchas-a-la-isla-de-eden\/","name":"Sahl Hasheesh Alquiler de lancha r\u00e1pida a la isla Ed\u00e9n | Lujo privado","isPartOf":{"@id":"https:\/\/hurghadalovers.com\/es\/#website"},"primaryImageOfPage":{"@id":"https:\/\/hurghadalovers.com\/es\/tours\/sahl-hasheesh-alquiler-de-lanchas-a-la-isla-de-eden\/#primaryimage"},"image":{"@id":"https:\/\/hurghadalovers.com\/es\/tours\/sahl-hasheesh-alquiler-de-lanchas-a-la-isla-de-eden\/#primaryimage"},"thumbnailUrl":"https:\/\/hurghadalovers.com\/wp-content\/uploads\/2023\/08\/Sahl-Hasheesh-Speedboat-Rental-to-Eden-Island.jpeg","datePublished":"2023-08-31T19:57:24+00:00","dateModified":"2026-02-09T07:15:42+00:00","description":"Sahl Hasheesh Alquiler de lancha r\u00e1pida a la Isla Ed\u00e9n | Lanchas r\u00e1pidas privadas de lujo con entradas, y traslado | 8hr D\u00eda completo en la playa Ed\u00e9n con almuerzo buffet VIP","breadcrumb":{"@id":"https:\/\/hurghadalovers.com\/es\/tours\/sahl-hasheesh-alquiler-de-lanchas-a-la-isla-de-eden\/#breadcrumb"},"inLanguage":"es","potentialAction":[{"@type":"ReadAction","target":["https:\/\/hurghadalovers.com\/es\/tours\/sahl-hasheesh-alquiler-de-lanchas-a-la-isla-de-eden\/"]}]},{"@type":"ImageObject","inLanguage":"es","@id":"https:\/\/hurghadalovers.com\/es\/tours\/sahl-hasheesh-alquiler-de-lanchas-a-la-isla-de-eden\/#primaryimage","url":"https:\/\/hurghadalovers.com\/wp-content\/uploads\/2023\/08\/Sahl-Hasheesh-Speedboat-Rental-to-Eden-Island.jpeg","contentUrl":"https:\/\/hurghadalovers.com\/wp-content\/uploads\/2023\/08\/Sahl-Hasheesh-Speedboat-Rental-to-Eden-Island.jpeg","width":1156,"height":867,"caption":"Alquiler de lanchas r\u00e1pidas de Sahl Hasheesh a la isla Ed\u00e9n"},{"@type":"BreadcrumbList","@id":"https:\/\/hurghadalovers.com\/es\/tours\/sahl-hasheesh-alquiler-de-lanchas-a-la-isla-de-eden\/#breadcrumb","itemListElement":[{"@type":"ListItem","position":1,"name":"Home","item":"https:\/\/hurghadalovers.com\/es\/"},{"@type":"ListItem","position":2,"name":"Tienda","item":"https:\/\/hurghadalovers.com\/es\/tienda\/"},{"@type":"ListItem","position":3,"name":"Alquiler de lanchas r\u00e1pidas de Sahl Hasheesh a la isla Ed\u00e9n"}]},{"@type":"WebSite","@id":"https:\/\/hurghadalovers.com\/es\/#website","url":"https:\/\/hurghadalovers.com\/es\/","name":"Hurghada Excursions & Day Trips | Booking Best Prices Tours","description":"Hurghada Lovers - Best Tour Operator - Excursions &amp; Things to do for Family Day Trips with kids and Couples Romantic. Unique .Hidden gems","publisher":{"@id":"https:\/\/hurghadalovers.com\/es\/#organization"},"alternateName":"Hurghada Excursions","potentialAction":[{"@type":"SearchAction","target":{"@type":"EntryPoint","urlTemplate":"https:\/\/hurghadalovers.com\/es\/?s={search_term_string}"},"query-input":{"@type":"PropertyValueSpecification","valueRequired":true,"valueName":"search_term_string"}}],"inLanguage":"es"},{"@type":["Organization","Place","TravelAgency"],"@id":"https:\/\/hurghadalovers.com\/es\/#organization","name":"Hurghada Excursions","url":"https:\/\/hurghadalovers.com\/es\/","logo":{"@id":"https:\/\/hurghadalovers.com\/es\/tours\/sahl-hasheesh-alquiler-de-lanchas-a-la-isla-de-eden\/#local-main-organization-logo"},"image":{"@id":"https:\/\/hurghadalovers.com\/es\/tours\/sahl-hasheesh-alquiler-de-lanchas-a-la-isla-de-eden\/#local-main-organization-logo"},"sameAs":["https:\/\/www.facebook.com\/Hurghadaloversegypt"],"address":{"@id":"https:\/\/hurghadalovers.com\/es\/tours\/sahl-hasheesh-alquiler-de-lanchas-a-la-isla-de-eden\/#local-main-place-address"},"telephone":["00201112596434"],"contactPoint":{"@type":"ContactPoint","telephone":"00201112596434","email":"weyouface@gmail.com"},"openingHoursSpecification":{"@type":"OpeningHoursSpecification","dayOfWeek":["Monday","Tuesday","Wednesday","Thursday","Friday","Saturday","Sunday"],"opens":"00:00","closes":"23:59"},"email":"weyouface@gmail.com","areaServed":"Luxor, Hurghada, El Gouna, Aswan, Sharm El Sheikh, Giza, Alexandria, Marsa Alam, Quseir, Soma Bay, Sahl Hasheesh, Red Sea, Makadi Bay, Cairo","priceRange":"$","currenciesAccepted":"euro","paymentAccepted":"cash on site"},{"@type":"PostalAddress","@id":"https:\/\/hurghadalovers.com\/es\/tours\/sahl-hasheesh-alquiler-de-lanchas-a-la-isla-de-eden\/#local-main-place-address","streetAddress":"17 Banks street, Alkawther area, top nbk bank","addressLocality":"hurghada","postalCode":"84511","addressRegion":"red sea","addressCountry":"EG"},{"@type":"ImageObject","inLanguage":"es","@id":"https:\/\/hurghadalovers.com\/es\/tours\/sahl-hasheesh-alquiler-de-lanchas-a-la-isla-de-eden\/#local-main-organization-logo","url":"https:\/\/hurghadalovers.com\/wp-content\/uploads\/2019\/10\/hurghada-excursions-logo.png","contentUrl":"https:\/\/hurghadalovers.com\/wp-content\/uploads\/2019\/10\/hurghada-excursions-logo.png","width":272,"height":90,"caption":"Hurghada Excursions"}]},"product_brand":"Esn\u00f3rquel en Sahl Hasheesh","product_price_amount":"310","product_price_currency":"EUR","og_availability":"instock","product_availability":"instock","product_retailer_item_id":"Sahl522024","product_condition":"new","geo.placename":"hurghada","geo.region":"Egipto"},"_links":{"self":[{"href":"https:\/\/hurghadalovers.com\/es\/wp-json\/wp\/v2\/product\/391954","targetHints":{"allow":["GET"]}}],"collection":[{"href":"https:\/\/hurghadalovers.com\/es\/wp-json\/wp\/v2\/product"}],"about":[{"href":"https:\/\/hurghadalovers.com\/es\/wp-json\/wp\/v2\/types\/product"}],"wp:featuredmedia":[{"embeddable":true,"href":"https:\/\/hurghadalovers.com\/es\/wp-json\/wp\/v2\/media\/391825"}],"wp:attachment":[{"href":"https:\/\/hurghadalovers.com\/es\/wp-json\/wp\/v2\/media?parent=391954"}],"wp:term":[{"taxonomy":"product_brand","embeddable":true,"href":"https:\/\/hurghadalovers.com\/es\/wp-json\/wp\/v2\/product_brand?post=391954"},{"taxonomy":"product_cat","embeddable":true,"href":"https:\/\/hurghadalovers.com\/es\/wp-json\/wp\/v2\/product_cat?post=391954"},{"taxonomy":"product_tag","embeddable":true,"href":"https:\/\/hurghadalovers.com\/es\/wp-json\/wp\/v2\/product_tag?post=391954"}],"curies":[{"name":"wp","href":"https:\/\/api.w.org\/{rel}","templated":true}]}}