{"id":390794,"date":"2023-08-31T13:50:34","date_gmt":"2023-08-31T13:50:34","guid":{"rendered":"https:\/\/hurghadalovers.com\/shop\/sin categor\u00eda\/sahl-hasheesh-excursion-privada-de-dos-dias-a-luxor-con-viaje-en-globo-aerostatico\/"},"modified":"2026-02-07T16:05:13","modified_gmt":"2026-02-07T16:05:13","slug":"sahl-hasheesh-viaje-privado-de-dos-dias-con-viaje-en-globo-de-aire-caliente","status":"publish","type":"product","link":"https:\/\/hurghadalovers.com\/es\/tours\/sahl-hasheesh-viaje-privado-de-dos-dias-con-viaje-en-globo-de-aire-caliente\/","title":{"rendered":"Sahl Hasheesh Excursi\u00f3n Privada de Dos D\u00edas a Luxor con Viaje en Globo Aerost\u00e1tico"},"content":{"rendered":"<p><strong>Sahl Hasheesh<\/strong> <strong>Privado Luxor Viaje de dos d\u00edas con paseo en globo de aire<\/strong> caliente con gu\u00eda privado, entradas y almuerzo.<\/p>\n<p>Descubra los monumentos fara\u00f3nicos de la ciudad de Luxor desde las alturas montando en <strong>globo aer<\/strong> ost\u00e1tico al amanecer y conozca nuevos secretos de la vida de los reyes faraones y el secreto del <strong>rey Tutankam\u00f3n<\/strong> y mucho m\u00e1s a trav\u00e9s de una excursi\u00f3n especial de dos d\u00edas.<\/p>\n<p><strong>Lo m\u00e1s destacado:<\/strong><\/p>\n<ol>\n<li>Templo de Karnak.<\/li>\n<li>Templo de Luxor.<\/li>\n<li>Una noche de hotel.<\/li>\n<li>Paseo en globo aerost\u00e1tico.<\/li>\n<li>Colosos de Memnon.<\/li>\n<li>Templo de Hatshepsut.<\/li>\n<li>3 Tumbas en el Valle de los Reyes.<\/li>\n<li>Comida en el restaurante \u00abVegetarians Food is available\u00bb.<\/li>\n<\/ol>\n<p><strong>Viaje privado de dos d\u00edas a Luxor Detalles:<\/strong><\/p>\n<ul>\n<li>Disponibilidad de visitas: Todos los d\u00edas.<\/li>\n<li>Tipo de excursi\u00f3n: Privado en Coche o Minivan.<\/li>\n<li>Hora de recogida: A partir de las 05:00 A.M.<\/li>\n<li>Pidiendo Hotel obtener su bolsa de desayuno con usted por la ma\u00f1ana.<\/li>\n<li>Hora de recogida: 19:00.<\/li>\n<li>Accesible en silla de ruedas.<\/li>\n<li>Duraci\u00f3n: 2 d\u00edas \/ 1 noche.<\/li>\n<\/ul>\n<p><strong>Reserve ahora y pague despu\u00e9s:<\/strong><\/p>\n<ul>\n<li>Efectivo en el sitio para guiar.<\/li>\n<li>Pago en libras egipcias, $, \u20ac o \u00a3.<\/li>\n<\/ul>\n<p><strong>Pol\u00edtica de cancelaci\u00f3n:<\/strong><\/p>\n<ul>\n<li>Cancelar con 24 horas de antelaci\u00f3n.<\/li>\n<li>Cuando alguien de su familia cancele la ma\u00f1ana, pagar\u00e1 el 50% del coste.<\/li>\n<\/ul>\n<p><strong>\u00bfQu\u00e9 incluye?<\/strong><\/p>\n<ul>\n<li>Traslado desde los hoteles de Sahl Hasheesh \u00abRecogida y entrega en el hotel\u00bb.<\/li>\n<li>Todos los impuestos, entradas y gastos de gesti\u00f3n.<\/li>\n<li>Traslados.<\/li>\n<li>Paseo en globo aerost\u00e1tico.<\/li>\n<li>Gu\u00eda tur\u00edstico.<\/li>\n<li>Una noche de hotel con desayuno.<\/li>\n<li>Bebidas.<\/li>\n<li>2 Almuerzo en restaurante.<\/li>\n<\/ul>\n<p><strong>\u00bfExclusiones?<\/strong><\/p>\n<ul>\n<li>Propinas.<\/li>\n<li>Excursi\u00f3n en felucca \u00abCrucero en barco\u00bb Durante 35 min= 10$.<\/li>\n<li>Cualquier extra no mencionado.<\/li>\n<\/ul>\n<p><strong> <\/strong><\/p>\n<p><strong>se puede a\u00f1adir en el primer d\u00eda o puede relajarse en el hotel:<\/strong><\/p>\n<ul>\n<li>Felucca privada de 30 minutos en el r\u00edo Nilo.<\/li>\n<li>Museo de la momificaci\u00f3n.<\/li>\n<\/ul>\n<p><strong>puede a\u00f1adir en Segundo D\u00eda:<\/strong><\/p>\n<ul>\n<li>La reina Nefertiti en el Valle de las Reinas.<\/li>\n<li>De compras.<\/li>\n<\/ul>\n<p><strong> <\/strong><\/p>\n<p><strong>Los precios:<\/strong><\/p>\n<ul>\n<li><strong>Precio para adultos = desde 290 $ por persona<\/strong>.<\/li>\n<li>Precio para ni\u00f1os \u00ab5-12\u2033= 50%.<\/li>\n<li>para ni\u00f1os \u00ab0-5\u2033= Gratis.<\/li>\n<\/ul>\n<p><strong>Rese\u00f1as de Viaje privado de dos d\u00edas a Luxor:<\/strong><\/p>\n<p>Compruebe nuestros comentarios de Google Map como Mejor <a href=\"https:\/\/g.page\/r\/CUeYvkngP3wkEBM\/review\">Tour Operador en<\/a> <a href=\"https:\/\/hurghadalovers.com\/\">Hurghada<\/a> en l\u00ednea en <a href=\"https:\/\/hurghadalovers.com\/\">Hurghada<\/a> Egipto.<\/p>\n<p>&nbsp;<\/p>\n<p><strong>Reserva:<\/strong><\/p>\n<p>Enviar hotel + N\u00famero de habitaci\u00f3n + Foto pasaportes a WhatsApp: <strong>+201112596434<\/strong><\/p>\n<p>Si usted fuera de Egipto Reserva ahora en l\u00ednea y confirmar a su llegada Hotel.<\/p>\n<p>&nbsp;<\/p>\n<p>&nbsp;<\/p>\n","protected":false},"excerpt":{"rendered":"<p><strong>Sahl Hasheesh<\/strong> <strong>Privado Luxor Viaje de dos d\u00edas con paseo en globo de aire<\/strong> caliente con gu\u00eda privado, entradas y almuerzo. Descubra los monumentos fara\u00f3nicos de la ciudad de Luxor<\/p>\n","protected":false},"featured_media":390593,"template":"","meta":{"_joinchat":[]},"product_brand":[],"product_cat":[29871],"product_tag":[49855,49856,49854,52498,52459,52503,52497,52501,52499,52496,52504,49851,49853,52505,49852,50867,52486,52502,52495,52500],"class_list":{"0":"post-390794","1":"product","2":"type-product","3":"status-publish","4":"has-post-thumbnail","6":"product_cat-egypt-tours-es","7":"product_tag-actividades-en-pareja-en-interior-sahl-hasheesh","8":"product_tag-actividades-para-ninos-de-2-anos-en-sahl-hasheesh","9":"product_tag-actividades-romanticas-para-parejas-en-sahl-hasheesh","10":"product_tag-autobus-de-sahl-hasheesh-a-luxor","11":"product_tag-cosas-que-hacer-en-familia-desde-sahl-hasheesh","12":"product_tag-de-sahl-hasheesh-al-valle-de-los-reyes","13":"product_tag-excursion-a-luxor-desde-sahl-hasheesh","14":"product_tag-excursion-a-luxor-desde-sahl-hasheesh-es","15":"product_tag-excursion-de-un-dia-a-luxor-desde-sahl-hasheesh","16":"product_tag-excursion-de-un-dia-de-sahl-hasheesh-a-luxor","17":"product_tag-excursion-privada-a-luxor-desde-sahl-hasheesh","18":"product_tag-excursiones-de-un-dia-desde-sahl-hasheesh","19":"product_tag-excursiones-de-un-dia-desde-sahl-hasheesh-es","20":"product_tag-globo-aerostatico-sahl-hasheesh","21":"product_tag-lugares-para-visitar-en-sahl-hasheesh","22":"product_tag-luxor-visitas-privadas","23":"product_tag-que-ver-en-sahl-hasheesh","24":"product_tag-traslado-de-luxor-a-sahl-hasheesh","25":"product_tag-viajes-baratos-en-familia-desde-sahl-hasheesh","26":"product_tag-viajes-de-sahl-hasheesh-a-luxor","27":"tour_category-luxor-excursiones-de-un-dia-desde-sahl-hasheesh","28":"tour_category-cosas-que-hacer-en-sahl-hasheesh","30":"first","31":"instock","32":"sale","33":"shipping-taxable","34":"purchasable","35":"product-type-tour"},"yoast_head":"<!-- This site is optimized with the Yoast SEO Premium plugin v26.9 (Yoast SEO v27.2) - https:\/\/yoast.com\/product\/yoast-seo-premium-wordpress\/ -->\n<title>Sahl Hasheesh Private Luxor Viaje de dos d\u00edas con globo aerost\u00e1tico<\/title>\n<meta name=\"description\" content=\"Sahl Hasheesh Privado Luxor Viaje de dos d\u00edas con paseo en globo de aire caliente con gu\u00eda privado, entradas y almuerzo. Descubra los monumentos fara\u00f3nicos de la ciudad\" \/>\n<meta name=\"robots\" content=\"index, follow, max-snippet:-1, max-image-preview:large, max-video-preview:-1\" \/>\n<link rel=\"canonical\" href=\"https:\/\/hurghadalovers.com\/es\/tours\/sahl-hasheesh-viaje-privado-de-dos-dias-con-viaje-en-globo-de-aire-caliente\/\" \/>\n<meta property=\"og:locale\" content=\"es_ES\" \/>\n<meta property=\"og:type\" content=\"article\" \/>\n<meta property=\"og:title\" content=\"Sahl Hasheesh Excursi\u00f3n Privada de Dos D\u00edas a Luxor con Viaje en Globo Aerost\u00e1tico\" \/>\n<meta property=\"og:description\" content=\"Sahl Hasheesh Privado Luxor Viaje de dos d\u00edas con paseo en globo de aire caliente con gu\u00eda privado, entradas y almuerzo. Descubra los monumentos fara\u00f3nicos de la ciudad\" \/>\n<meta property=\"og:url\" content=\"https:\/\/hurghadalovers.com\/es\/tours\/sahl-hasheesh-viaje-privado-de-dos-dias-con-viaje-en-globo-de-aire-caliente\/\" \/>\n<meta property=\"og:site_name\" content=\"Hurghada Excursions &amp; Day Trips | Booking Best Prices Tours\" \/>\n<meta property=\"article:publisher\" content=\"https:\/\/www.facebook.com\/Hurghadaloversegypt\" \/>\n<meta property=\"article:modified_time\" content=\"2026-02-07T16:05:13+00:00\" \/>\n<meta property=\"og:image\" content=\"https:\/\/hurghadalovers.com\/wp-content\/uploads\/2023\/08\/Sahl-Hasheesh-Private-Luxor-Two-Days-Trip-with-Hot-Air-Balloon-Ride.jpeg\" \/>\n\t<meta property=\"og:image:width\" content=\"1536\" \/>\n\t<meta property=\"og:image:height\" content=\"830\" \/>\n\t<meta property=\"og:image:type\" content=\"image\/jpeg\" \/>\n<meta name=\"twitter:card\" content=\"summary_large_image\" \/>\n<meta name=\"twitter:label1\" content=\"Precio\" \/>\n\t<meta name=\"twitter:data1\" content=\"&euro;&nbsp;375\" \/>\n\t<meta name=\"twitter:label2\" content=\"Disponibilidad\" \/>\n\t<meta name=\"twitter:data2\" content=\"Disponible\" \/>\n<script type=\"application\/ld+json\" class=\"yoast-schema-graph\">{\"@context\":\"https:\/\/schema.org\",\"@graph\":[{\"@type\":[\"WebPage\",\"ItemPage\"],\"@id\":\"https:\/\/hurghadalovers.com\/es\/tours\/sahl-hasheesh-viaje-privado-de-dos-dias-con-viaje-en-globo-de-aire-caliente\/\",\"url\":\"https:\/\/hurghadalovers.com\/es\/tours\/sahl-hasheesh-viaje-privado-de-dos-dias-con-viaje-en-globo-de-aire-caliente\/\",\"name\":\"Sahl Hasheesh Private Luxor Viaje de dos d\u00edas con globo aerost\u00e1tico\",\"isPartOf\":{\"@id\":\"https:\/\/hurghadalovers.com\/es\/#website\"},\"primaryImageOfPage\":{\"@id\":\"https:\/\/hurghadalovers.com\/es\/tours\/sahl-hasheesh-viaje-privado-de-dos-dias-con-viaje-en-globo-de-aire-caliente\/#primaryimage\"},\"image\":{\"@id\":\"https:\/\/hurghadalovers.com\/es\/tours\/sahl-hasheesh-viaje-privado-de-dos-dias-con-viaje-en-globo-de-aire-caliente\/#primaryimage\"},\"thumbnailUrl\":\"https:\/\/hurghadalovers.com\/wp-content\/uploads\/2023\/08\/Sahl-Hasheesh-Private-Luxor-Two-Days-Trip-with-Hot-Air-Balloon-Ride.jpeg\",\"datePublished\":\"2023-08-31T13:50:34+00:00\",\"dateModified\":\"2026-02-07T16:05:13+00:00\",\"description\":\"Sahl Hasheesh Privado Luxor Viaje de dos d\u00edas con paseo en globo de aire caliente con gu\u00eda privado, entradas y almuerzo. Descubra los monumentos fara\u00f3nicos de la ciudad\",\"breadcrumb\":{\"@id\":\"https:\/\/hurghadalovers.com\/es\/tours\/sahl-hasheesh-viaje-privado-de-dos-dias-con-viaje-en-globo-de-aire-caliente\/#breadcrumb\"},\"inLanguage\":\"es\",\"potentialAction\":[{\"@type\":\"ReadAction\",\"target\":[\"https:\/\/hurghadalovers.com\/es\/tours\/sahl-hasheesh-viaje-privado-de-dos-dias-con-viaje-en-globo-de-aire-caliente\/\"]}]},{\"@type\":\"ImageObject\",\"inLanguage\":\"es\",\"@id\":\"https:\/\/hurghadalovers.com\/es\/tours\/sahl-hasheesh-viaje-privado-de-dos-dias-con-viaje-en-globo-de-aire-caliente\/#primaryimage\",\"url\":\"https:\/\/hurghadalovers.com\/wp-content\/uploads\/2023\/08\/Sahl-Hasheesh-Private-Luxor-Two-Days-Trip-with-Hot-Air-Balloon-Ride.jpeg\",\"contentUrl\":\"https:\/\/hurghadalovers.com\/wp-content\/uploads\/2023\/08\/Sahl-Hasheesh-Private-Luxor-Two-Days-Trip-with-Hot-Air-Balloon-Ride.jpeg\",\"width\":1536,\"height\":830,\"caption\":\"Sahl Hasheesh Excursi\u00f3n Privada de Dos D\u00edas a Luxor con Viaje en Globo Aerost\u00e1tico\"},{\"@type\":\"BreadcrumbList\",\"@id\":\"https:\/\/hurghadalovers.com\/es\/tours\/sahl-hasheesh-viaje-privado-de-dos-dias-con-viaje-en-globo-de-aire-caliente\/#breadcrumb\",\"itemListElement\":[{\"@type\":\"ListItem\",\"position\":1,\"name\":\"Home\",\"item\":\"https:\/\/hurghadalovers.com\/es\/\"},{\"@type\":\"ListItem\",\"position\":2,\"name\":\"Tienda\",\"item\":\"https:\/\/hurghadalovers.com\/es\/tienda\/\"},{\"@type\":\"ListItem\",\"position\":3,\"name\":\"Sahl Hasheesh Excursi\u00f3n Privada de Dos D\u00edas a Luxor con Viaje en Globo Aerost\u00e1tico\"}]},{\"@type\":\"WebSite\",\"@id\":\"https:\/\/hurghadalovers.com\/es\/#website\",\"url\":\"https:\/\/hurghadalovers.com\/es\/\",\"name\":\"Hurghada Excursions & Day Trips | Booking Best Prices Tours\",\"description\":\"Hurghada Lovers - Best Tour Operator - Excursions &amp; Things to do for Family Day Trips with kids and Couples Romantic. Unique .Hidden gems\",\"publisher\":{\"@id\":\"https:\/\/hurghadalovers.com\/es\/#organization\"},\"alternateName\":\"Hurghada Excursions\",\"potentialAction\":[{\"@type\":\"SearchAction\",\"target\":{\"@type\":\"EntryPoint\",\"urlTemplate\":\"https:\/\/hurghadalovers.com\/es\/?s={search_term_string}\"},\"query-input\":{\"@type\":\"PropertyValueSpecification\",\"valueRequired\":true,\"valueName\":\"search_term_string\"}}],\"inLanguage\":\"es\"},{\"@type\":[\"Organization\",\"Place\",\"TravelAgency\"],\"@id\":\"https:\/\/hurghadalovers.com\/es\/#organization\",\"name\":\"Hurghada Excursions\",\"url\":\"https:\/\/hurghadalovers.com\/es\/\",\"logo\":{\"@id\":\"https:\/\/hurghadalovers.com\/es\/tours\/sahl-hasheesh-viaje-privado-de-dos-dias-con-viaje-en-globo-de-aire-caliente\/#local-main-organization-logo\"},\"image\":{\"@id\":\"https:\/\/hurghadalovers.com\/es\/tours\/sahl-hasheesh-viaje-privado-de-dos-dias-con-viaje-en-globo-de-aire-caliente\/#local-main-organization-logo\"},\"sameAs\":[\"https:\/\/www.facebook.com\/Hurghadaloversegypt\"],\"address\":{\"@id\":\"https:\/\/hurghadalovers.com\/es\/tours\/sahl-hasheesh-viaje-privado-de-dos-dias-con-viaje-en-globo-de-aire-caliente\/#local-main-place-address\"},\"telephone\":[\"00201112596434\"],\"contactPoint\":{\"@type\":\"ContactPoint\",\"telephone\":\"00201112596434\",\"email\":\"weyouface@gmail.com\"},\"openingHoursSpecification\":{\"@type\":\"OpeningHoursSpecification\",\"dayOfWeek\":[\"Monday\",\"Tuesday\",\"Wednesday\",\"Thursday\",\"Friday\",\"Saturday\",\"Sunday\"],\"opens\":\"00:00\",\"closes\":\"23:59\"},\"email\":\"weyouface@gmail.com\",\"areaServed\":\"Luxor, Hurghada, El Gouna, Aswan, Sharm El Sheikh, Giza, Alexandria, Marsa Alam, Quseir, Soma Bay, Sahl Hasheesh, Red Sea, Makadi Bay, Cairo\",\"priceRange\":\"$\",\"currenciesAccepted\":\"euro\",\"paymentAccepted\":\"cash on site\"},{\"@type\":\"PostalAddress\",\"@id\":\"https:\/\/hurghadalovers.com\/es\/tours\/sahl-hasheesh-viaje-privado-de-dos-dias-con-viaje-en-globo-de-aire-caliente\/#local-main-place-address\",\"streetAddress\":\"17 Banks street, Alkawther area, top nbk bank\",\"addressLocality\":\"hurghada\",\"postalCode\":\"84511\",\"addressRegion\":\"red sea\",\"addressCountry\":\"EG\"},{\"@type\":\"ImageObject\",\"inLanguage\":\"es\",\"@id\":\"https:\/\/hurghadalovers.com\/es\/tours\/sahl-hasheesh-viaje-privado-de-dos-dias-con-viaje-en-globo-de-aire-caliente\/#local-main-organization-logo\",\"url\":\"https:\/\/hurghadalovers.com\/wp-content\/uploads\/2019\/10\/hurghada-excursions-logo.png\",\"contentUrl\":\"https:\/\/hurghadalovers.com\/wp-content\/uploads\/2019\/10\/hurghada-excursions-logo.png\",\"width\":272,\"height\":90,\"caption\":\"Hurghada Excursions\"}]}<\/script>\n<meta property=\"product:brand\" content=\"Excursiones de un d\u00eda de Sahl Hasheesh a Luxor\" \/>\n<meta property=\"product:price:amount\" content=\"375\" \/>\n<meta property=\"product:price:currency\" content=\"EUR\" \/>\n<meta property=\"og:availability\" content=\"instock\" \/>\n<meta property=\"product:availability\" content=\"instock\" \/>\n<meta property=\"product:retailer_item_id\" content=\"Sahl132024\" \/>\n<meta property=\"product:condition\" content=\"new\" \/>\n<meta name=\"geo.placename\" content=\"hurghada\" \/>\n<meta name=\"geo.region\" content=\"Egipto\" \/>\n<!-- \/ Yoast SEO Premium plugin. -->","yoast_head_json":{"title":"Sahl Hasheesh Private Luxor Viaje de dos d\u00edas con globo aerost\u00e1tico","description":"Sahl Hasheesh Privado Luxor Viaje de dos d\u00edas con paseo en globo de aire caliente con gu\u00eda privado, entradas y almuerzo. Descubra los monumentos fara\u00f3nicos de la ciudad","robots":{"index":"index","follow":"follow","max-snippet":"max-snippet:-1","max-image-preview":"max-image-preview:large","max-video-preview":"max-video-preview:-1"},"canonical":"https:\/\/hurghadalovers.com\/es\/tours\/sahl-hasheesh-viaje-privado-de-dos-dias-con-viaje-en-globo-de-aire-caliente\/","og_locale":"es_ES","og_type":"article","og_title":"Sahl Hasheesh Excursi\u00f3n Privada de Dos D\u00edas a Luxor con Viaje en Globo Aerost\u00e1tico","og_description":"Sahl Hasheesh Privado Luxor Viaje de dos d\u00edas con paseo en globo de aire caliente con gu\u00eda privado, entradas y almuerzo. Descubra los monumentos fara\u00f3nicos de la ciudad","og_url":"https:\/\/hurghadalovers.com\/es\/tours\/sahl-hasheesh-viaje-privado-de-dos-dias-con-viaje-en-globo-de-aire-caliente\/","og_site_name":"Hurghada Excursions &amp; Day Trips | Booking Best Prices Tours","article_publisher":"https:\/\/www.facebook.com\/Hurghadaloversegypt","article_modified_time":"2026-02-07T16:05:13+00:00","og_image":[{"width":1536,"height":830,"url":"https:\/\/hurghadalovers.com\/wp-content\/uploads\/2023\/08\/Sahl-Hasheesh-Private-Luxor-Two-Days-Trip-with-Hot-Air-Balloon-Ride.jpeg","type":"image\/jpeg"}],"twitter_card":"summary_large_image","twitter_misc":{"Precio":"&euro;&nbsp;375","Disponibilidad":"Disponible"},"schema":{"@context":"https:\/\/schema.org","@graph":[{"@type":["WebPage","ItemPage"],"@id":"https:\/\/hurghadalovers.com\/es\/tours\/sahl-hasheesh-viaje-privado-de-dos-dias-con-viaje-en-globo-de-aire-caliente\/","url":"https:\/\/hurghadalovers.com\/es\/tours\/sahl-hasheesh-viaje-privado-de-dos-dias-con-viaje-en-globo-de-aire-caliente\/","name":"Sahl Hasheesh Private Luxor Viaje de dos d\u00edas con globo aerost\u00e1tico","isPartOf":{"@id":"https:\/\/hurghadalovers.com\/es\/#website"},"primaryImageOfPage":{"@id":"https:\/\/hurghadalovers.com\/es\/tours\/sahl-hasheesh-viaje-privado-de-dos-dias-con-viaje-en-globo-de-aire-caliente\/#primaryimage"},"image":{"@id":"https:\/\/hurghadalovers.com\/es\/tours\/sahl-hasheesh-viaje-privado-de-dos-dias-con-viaje-en-globo-de-aire-caliente\/#primaryimage"},"thumbnailUrl":"https:\/\/hurghadalovers.com\/wp-content\/uploads\/2023\/08\/Sahl-Hasheesh-Private-Luxor-Two-Days-Trip-with-Hot-Air-Balloon-Ride.jpeg","datePublished":"2023-08-31T13:50:34+00:00","dateModified":"2026-02-07T16:05:13+00:00","description":"Sahl Hasheesh Privado Luxor Viaje de dos d\u00edas con paseo en globo de aire caliente con gu\u00eda privado, entradas y almuerzo. Descubra los monumentos fara\u00f3nicos de la ciudad","breadcrumb":{"@id":"https:\/\/hurghadalovers.com\/es\/tours\/sahl-hasheesh-viaje-privado-de-dos-dias-con-viaje-en-globo-de-aire-caliente\/#breadcrumb"},"inLanguage":"es","potentialAction":[{"@type":"ReadAction","target":["https:\/\/hurghadalovers.com\/es\/tours\/sahl-hasheesh-viaje-privado-de-dos-dias-con-viaje-en-globo-de-aire-caliente\/"]}]},{"@type":"ImageObject","inLanguage":"es","@id":"https:\/\/hurghadalovers.com\/es\/tours\/sahl-hasheesh-viaje-privado-de-dos-dias-con-viaje-en-globo-de-aire-caliente\/#primaryimage","url":"https:\/\/hurghadalovers.com\/wp-content\/uploads\/2023\/08\/Sahl-Hasheesh-Private-Luxor-Two-Days-Trip-with-Hot-Air-Balloon-Ride.jpeg","contentUrl":"https:\/\/hurghadalovers.com\/wp-content\/uploads\/2023\/08\/Sahl-Hasheesh-Private-Luxor-Two-Days-Trip-with-Hot-Air-Balloon-Ride.jpeg","width":1536,"height":830,"caption":"Sahl Hasheesh Excursi\u00f3n Privada de Dos D\u00edas a Luxor con Viaje en Globo Aerost\u00e1tico"},{"@type":"BreadcrumbList","@id":"https:\/\/hurghadalovers.com\/es\/tours\/sahl-hasheesh-viaje-privado-de-dos-dias-con-viaje-en-globo-de-aire-caliente\/#breadcrumb","itemListElement":[{"@type":"ListItem","position":1,"name":"Home","item":"https:\/\/hurghadalovers.com\/es\/"},{"@type":"ListItem","position":2,"name":"Tienda","item":"https:\/\/hurghadalovers.com\/es\/tienda\/"},{"@type":"ListItem","position":3,"name":"Sahl Hasheesh Excursi\u00f3n Privada de Dos D\u00edas a Luxor con Viaje en Globo Aerost\u00e1tico"}]},{"@type":"WebSite","@id":"https:\/\/hurghadalovers.com\/es\/#website","url":"https:\/\/hurghadalovers.com\/es\/","name":"Hurghada Excursions & Day Trips | Booking Best Prices Tours","description":"Hurghada Lovers - Best Tour Operator - Excursions &amp; Things to do for Family Day Trips with kids and Couples Romantic. Unique .Hidden gems","publisher":{"@id":"https:\/\/hurghadalovers.com\/es\/#organization"},"alternateName":"Hurghada Excursions","potentialAction":[{"@type":"SearchAction","target":{"@type":"EntryPoint","urlTemplate":"https:\/\/hurghadalovers.com\/es\/?s={search_term_string}"},"query-input":{"@type":"PropertyValueSpecification","valueRequired":true,"valueName":"search_term_string"}}],"inLanguage":"es"},{"@type":["Organization","Place","TravelAgency"],"@id":"https:\/\/hurghadalovers.com\/es\/#organization","name":"Hurghada Excursions","url":"https:\/\/hurghadalovers.com\/es\/","logo":{"@id":"https:\/\/hurghadalovers.com\/es\/tours\/sahl-hasheesh-viaje-privado-de-dos-dias-con-viaje-en-globo-de-aire-caliente\/#local-main-organization-logo"},"image":{"@id":"https:\/\/hurghadalovers.com\/es\/tours\/sahl-hasheesh-viaje-privado-de-dos-dias-con-viaje-en-globo-de-aire-caliente\/#local-main-organization-logo"},"sameAs":["https:\/\/www.facebook.com\/Hurghadaloversegypt"],"address":{"@id":"https:\/\/hurghadalovers.com\/es\/tours\/sahl-hasheesh-viaje-privado-de-dos-dias-con-viaje-en-globo-de-aire-caliente\/#local-main-place-address"},"telephone":["00201112596434"],"contactPoint":{"@type":"ContactPoint","telephone":"00201112596434","email":"weyouface@gmail.com"},"openingHoursSpecification":{"@type":"OpeningHoursSpecification","dayOfWeek":["Monday","Tuesday","Wednesday","Thursday","Friday","Saturday","Sunday"],"opens":"00:00","closes":"23:59"},"email":"weyouface@gmail.com","areaServed":"Luxor, Hurghada, El Gouna, Aswan, Sharm El Sheikh, Giza, Alexandria, Marsa Alam, Quseir, Soma Bay, Sahl Hasheesh, Red Sea, Makadi Bay, Cairo","priceRange":"$","currenciesAccepted":"euro","paymentAccepted":"cash on site"},{"@type":"PostalAddress","@id":"https:\/\/hurghadalovers.com\/es\/tours\/sahl-hasheesh-viaje-privado-de-dos-dias-con-viaje-en-globo-de-aire-caliente\/#local-main-place-address","streetAddress":"17 Banks street, Alkawther area, top nbk bank","addressLocality":"hurghada","postalCode":"84511","addressRegion":"red sea","addressCountry":"EG"},{"@type":"ImageObject","inLanguage":"es","@id":"https:\/\/hurghadalovers.com\/es\/tours\/sahl-hasheesh-viaje-privado-de-dos-dias-con-viaje-en-globo-de-aire-caliente\/#local-main-organization-logo","url":"https:\/\/hurghadalovers.com\/wp-content\/uploads\/2019\/10\/hurghada-excursions-logo.png","contentUrl":"https:\/\/hurghadalovers.com\/wp-content\/uploads\/2019\/10\/hurghada-excursions-logo.png","width":272,"height":90,"caption":"Hurghada Excursions"}]},"product_brand":"Excursiones de un d\u00eda de Sahl Hasheesh a Luxor","product_price_amount":"375","product_price_currency":"EUR","og_availability":"instock","product_availability":"instock","product_retailer_item_id":"Sahl132024","product_condition":"new","geo.placename":"hurghada","geo.region":"Egipto"},"_links":{"self":[{"href":"https:\/\/hurghadalovers.com\/es\/wp-json\/wp\/v2\/product\/390794","targetHints":{"allow":["GET"]}}],"collection":[{"href":"https:\/\/hurghadalovers.com\/es\/wp-json\/wp\/v2\/product"}],"about":[{"href":"https:\/\/hurghadalovers.com\/es\/wp-json\/wp\/v2\/types\/product"}],"wp:featuredmedia":[{"embeddable":true,"href":"https:\/\/hurghadalovers.com\/es\/wp-json\/wp\/v2\/media\/390593"}],"wp:attachment":[{"href":"https:\/\/hurghadalovers.com\/es\/wp-json\/wp\/v2\/media?parent=390794"}],"wp:term":[{"taxonomy":"product_brand","embeddable":true,"href":"https:\/\/hurghadalovers.com\/es\/wp-json\/wp\/v2\/product_brand?post=390794"},{"taxonomy":"product_cat","embeddable":true,"href":"https:\/\/hurghadalovers.com\/es\/wp-json\/wp\/v2\/product_cat?post=390794"},{"taxonomy":"product_tag","embeddable":true,"href":"https:\/\/hurghadalovers.com\/es\/wp-json\/wp\/v2\/product_tag?post=390794"}],"curies":[{"name":"wp","href":"https:\/\/api.w.org\/{rel}","templated":true}]}}