{"id":389328,"date":"2023-08-30T14:16:28","date_gmt":"2023-08-30T14:19:27","guid":{"rendered":"https:\/\/hurghadalovers.com\/shop\/sin categor\u00eda\/excursion-matinal-en-quad-por-la-bahia-de-makadi\/"},"modified":"2026-02-09T21:50:18","modified_gmt":"2026-02-09T21:50:18","slug":"makadi-bay-morning-quad-biking-tour","status":"publish","type":"product","link":"https:\/\/hurghadalovers.com\/es\/tours\/makadi-bay-morning-quad-biking-tour\/","title":{"rendered":"Excursi\u00f3n matinal en quad por la bah\u00eda de Makadi"},"content":{"rendered":"<p><strong>Excursi\u00f3n matinal en quad por la bah\u00eda de Makadi<\/strong> Safari por el desierto hasta <strong>un pueblo beduino<\/strong> con paseo en camello.<\/p>\n<p>\u00bfEst\u00e1 deseando ver <strong>las monta\u00f1as<\/strong> y mesetas y hacerse fotos con los amigos? \u00danase a los mejores <strong>viajes de safari<\/strong> al poblado beduino, <strong>monte en camello<\/strong>, observe la vida de los beduinos, escale monta\u00f1as y viva una emocionante experiencia en el desierto para descargar <strong>adrenalina<\/strong>.<\/p>\n<p style=\"text-align: center;\"><span style=\"color: #008080;\">Las mejores cosas que hacer en Makadi Bay para una <strong>luna de miel<\/strong> <strong>rom\u00e1ntica<\/strong> y en <strong>pareja<\/strong><\/span><\/p>\n<p><strong>Lo m\u00e1s destacado:<\/strong><\/p>\n<ol>\n<li>Paseo en quad.<\/li>\n<li>Paseo en camello.<\/li>\n<li>Pueblo beduino.<\/li>\n<\/ol>\n<p><strong>Por la ma\u00f1ana<\/strong> <strong>Detalles de la excursi\u00f3n en quad:<\/strong><\/p>\n<ul>\n<li>Disponibilidad de visitas: Todos los d\u00edas.<\/li>\n<li>Tipo de excursi\u00f3n: Grupo.<\/li>\n<li>Hora de recogida: A partir de las 07:30.<\/li>\n<li>Hora de salida: Hora de puesta de sol.<\/li>\n<li>Duraci\u00f3n: 3 hr.<\/li>\n<\/ul>\n<p><strong>Reserve ahora y pague despu\u00e9s:<\/strong><\/p>\n<ul>\n<li>Efectivo en el sitio para guiar.<\/li>\n<li>Pago en libras egipcias, $, \u20ac o \u00a3.<\/li>\n<\/ul>\n<p><strong>Pol\u00edtica de cancelaci\u00f3n:<\/strong><\/p>\n<ul>\n<li>Cancelar con 24 horas de antelaci\u00f3n.<\/li>\n<li>Cuando alguien de su familia cancele la ma\u00f1ana, pagar\u00e1 el 50% del coste.<\/li>\n<\/ul>\n<p><strong>\u00bfQu\u00e9 incluye?<\/strong><\/p>\n<ul>\n<li>Traslado desde los hoteles de Makadi Bay \u00abRecogida y entrega en el hotel\u00bb.<\/li>\n<li>Todos los impuestos, entradas y gastos de gesti\u00f3n.<\/li>\n<li>Traslados.<\/li>\n<li>Gu\u00eda tur\u00edstico.<\/li>\n<li>Casco.<\/li>\n<\/ul>\n<p><strong>\u00bfExclusiones?<\/strong><\/p>\n<ul>\n<li>Bufanda<\/li>\n<li>Gafas protectoras<\/li>\n<li>Propinas.<\/li>\n<li>Fotograf\u00eda para el viaje.<\/li>\n<li>Cualquier extra no mencionado.<strong> <\/strong><\/li>\n<\/ul>\n<p><strong>Los precios:<\/strong><\/p>\n<p><strong>Precio adulto = 30 $ por persona<\/strong>.<\/p>\n<p><strong>Rese\u00f1as:<\/strong><\/p>\n<p>Compruebe nuestros comentarios de Google Map como Mejor <a href=\"https:\/\/g.page\/r\/CUeYvkngP3wkEBM\/review\">Tour Operador en<\/a> <a href=\"https:\/\/hurghadalovers.com\/\">Hurghada<\/a> en l\u00ednea en <a href=\"https:\/\/hurghadalovers.com\/\">Hurghada<\/a> Egipto.<\/p>\n<p>&nbsp;<\/p>\n<p><strong>Reserva:<\/strong><\/p>\n<p>Enviar hotel + N\u00famero de habitaci\u00f3n + Foto pasaportes a WhatsApp: <strong>+201112596434<\/strong><\/p>\n<p>Si usted fuera de Egipto Reserva ahora en l\u00ednea y confirmar a su llegada Hotel.<\/p>\n<p>&nbsp;<\/p>\n<p>&nbsp;<\/p>\n","protected":false},"excerpt":{"rendered":"<p>Excursi\u00f3n matinal en quad por la bah\u00eda de Makadi Safari por el desierto hasta un pueblo beduino con paseo en camello. Las mejores cosas que hacer en Makadi Bay para una luna de miel rom\u00e1ntica y en pareja<\/p>\n","protected":false},"featured_media":995942,"template":"","meta":{"_joinchat":[]},"product_brand":[],"product_cat":[29871],"product_tag":[],"class_list":{"0":"post-389328","1":"product","2":"type-product","3":"status-publish","4":"has-post-thumbnail","6":"product_cat-egypt-tours-es","7":"tour_category-cosas-que-hacer-en-makadi-bay","8":"tour_category-el-quad-safari-en-makadi-bay","10":"first","11":"instock","12":"sale","13":"shipping-taxable","14":"purchasable","15":"product-type-tour"},"yoast_head":"<!-- This site is optimized with the Yoast SEO Premium plugin v26.9 (Yoast SEO v27.2) - https:\/\/yoast.com\/product\/yoast-seo-premium-wordpress\/ -->\n<title>Tour matutino en quad por la bah\u00eda de Makadi Safari por el desierto con beduinos<\/title>\n<meta name=\"description\" content=\"Excursi\u00f3n matinal en quad por la bah\u00eda de Makadi Safari por el desierto hasta un pueblo beduino con paseo en camello. Las mejores cosas que hacer en Makadi Bay para una luna de miel rom\u00e1ntica y en pareja\" \/>\n<meta name=\"robots\" content=\"index, follow, max-snippet:-1, max-image-preview:large, max-video-preview:-1\" \/>\n<link rel=\"canonical\" href=\"https:\/\/hurghadalovers.com\/es\/tours\/makadi-bay-morning-quad-biking-tour\/\" \/>\n<meta property=\"og:locale\" content=\"es_ES\" \/>\n<meta property=\"og:type\" content=\"article\" \/>\n<meta property=\"og:title\" content=\"Excursi\u00f3n matinal en quad por la bah\u00eda de Makadi\" \/>\n<meta property=\"og:description\" content=\"Excursi\u00f3n matinal en quad por la bah\u00eda de Makadi Safari por el desierto hasta un pueblo beduino con paseo en camello. Las mejores cosas que hacer en Makadi Bay para una luna de miel rom\u00e1ntica y en pareja\" \/>\n<meta property=\"og:url\" content=\"https:\/\/hurghadalovers.com\/es\/tours\/makadi-bay-morning-quad-biking-tour\/\" \/>\n<meta property=\"og:site_name\" content=\"Hurghada Excursions &amp; Day Trips | Booking Best Prices Tours\" \/>\n<meta property=\"article:publisher\" content=\"https:\/\/www.facebook.com\/Hurghadaloversegypt\" \/>\n<meta property=\"article:modified_time\" content=\"2026-02-09T21:50:18+00:00\" \/>\n<meta property=\"og:image\" content=\"https:\/\/hurghadalovers.com\/wp-content\/uploads\/2023\/08\/super-safari-hurghada-2025.jpeg\" \/>\n\t<meta property=\"og:image:width\" content=\"521\" \/>\n\t<meta property=\"og:image:height\" content=\"1156\" \/>\n\t<meta property=\"og:image:type\" content=\"image\/jpeg\" \/>\n<meta name=\"twitter:card\" content=\"summary_large_image\" \/>\n<meta name=\"twitter:label1\" content=\"Precio\" \/>\n\t<meta name=\"twitter:data1\" content=\"&euro;&nbsp;40\" \/>\n\t<meta name=\"twitter:label2\" content=\"Disponibilidad\" \/>\n\t<meta name=\"twitter:data2\" content=\"Disponible\" \/>\n<script type=\"application\/ld+json\" class=\"yoast-schema-graph\">{\"@context\":\"https:\/\/schema.org\",\"@graph\":[{\"@type\":[\"WebPage\",\"ItemPage\"],\"@id\":\"https:\/\/hurghadalovers.com\/es\/tours\/makadi-bay-morning-quad-biking-tour\/\",\"url\":\"https:\/\/hurghadalovers.com\/es\/tours\/makadi-bay-morning-quad-biking-tour\/\",\"name\":\"Tour matutino en quad por la bah\u00eda de Makadi Safari por el desierto con beduinos\",\"isPartOf\":{\"@id\":\"https:\/\/hurghadalovers.com\/es\/#website\"},\"primaryImageOfPage\":{\"@id\":\"https:\/\/hurghadalovers.com\/es\/tours\/makadi-bay-morning-quad-biking-tour\/#primaryimage\"},\"image\":{\"@id\":\"https:\/\/hurghadalovers.com\/es\/tours\/makadi-bay-morning-quad-biking-tour\/#primaryimage\"},\"thumbnailUrl\":\"https:\/\/hurghadalovers.com\/wp-content\/uploads\/2023\/08\/super-safari-hurghada-2025.jpeg\",\"datePublished\":\"2023-08-30T14:19:27+00:00\",\"dateModified\":\"2026-02-09T21:50:18+00:00\",\"description\":\"Excursi\u00f3n matinal en quad por la bah\u00eda de Makadi Safari por el desierto hasta un pueblo beduino con paseo en camello. Las mejores cosas que hacer en Makadi Bay para una luna de miel rom\u00e1ntica y en pareja\",\"breadcrumb\":{\"@id\":\"https:\/\/hurghadalovers.com\/es\/tours\/makadi-bay-morning-quad-biking-tour\/#breadcrumb\"},\"inLanguage\":\"es\",\"potentialAction\":[{\"@type\":\"ReadAction\",\"target\":[\"https:\/\/hurghadalovers.com\/es\/tours\/makadi-bay-morning-quad-biking-tour\/\"]}]},{\"@type\":\"ImageObject\",\"inLanguage\":\"es\",\"@id\":\"https:\/\/hurghadalovers.com\/es\/tours\/makadi-bay-morning-quad-biking-tour\/#primaryimage\",\"url\":\"https:\/\/hurghadalovers.com\/wp-content\/uploads\/2023\/08\/super-safari-hurghada-2025.jpeg\",\"contentUrl\":\"https:\/\/hurghadalovers.com\/wp-content\/uploads\/2023\/08\/super-safari-hurghada-2025.jpeg\",\"width\":521,\"height\":1156,\"caption\":\"super safari hurghada 2025\"},{\"@type\":\"BreadcrumbList\",\"@id\":\"https:\/\/hurghadalovers.com\/es\/tours\/makadi-bay-morning-quad-biking-tour\/#breadcrumb\",\"itemListElement\":[{\"@type\":\"ListItem\",\"position\":1,\"name\":\"Home\",\"item\":\"https:\/\/hurghadalovers.com\/es\/\"},{\"@type\":\"ListItem\",\"position\":2,\"name\":\"Tienda\",\"item\":\"https:\/\/hurghadalovers.com\/es\/tienda\/\"},{\"@type\":\"ListItem\",\"position\":3,\"name\":\"Excursi\u00f3n matinal en quad por la bah\u00eda de Makadi\"}]},{\"@type\":\"WebSite\",\"@id\":\"https:\/\/hurghadalovers.com\/es\/#website\",\"url\":\"https:\/\/hurghadalovers.com\/es\/\",\"name\":\"Hurghada Excursions & Day Trips | Booking Best Prices Tours\",\"description\":\"Hurghada Lovers - Best Tour Operator - Excursions &amp; Things to do for Family Day Trips with kids and Couples Romantic. Unique .Hidden gems\",\"publisher\":{\"@id\":\"https:\/\/hurghadalovers.com\/es\/#organization\"},\"alternateName\":\"Hurghada Excursions\",\"potentialAction\":[{\"@type\":\"SearchAction\",\"target\":{\"@type\":\"EntryPoint\",\"urlTemplate\":\"https:\/\/hurghadalovers.com\/es\/?s={search_term_string}\"},\"query-input\":{\"@type\":\"PropertyValueSpecification\",\"valueRequired\":true,\"valueName\":\"search_term_string\"}}],\"inLanguage\":\"es\"},{\"@type\":[\"Organization\",\"Place\",\"TravelAgency\"],\"@id\":\"https:\/\/hurghadalovers.com\/es\/#organization\",\"name\":\"Hurghada Excursions\",\"url\":\"https:\/\/hurghadalovers.com\/es\/\",\"logo\":{\"@id\":\"https:\/\/hurghadalovers.com\/es\/tours\/makadi-bay-morning-quad-biking-tour\/#local-main-organization-logo\"},\"image\":{\"@id\":\"https:\/\/hurghadalovers.com\/es\/tours\/makadi-bay-morning-quad-biking-tour\/#local-main-organization-logo\"},\"sameAs\":[\"https:\/\/www.facebook.com\/Hurghadaloversegypt\"],\"address\":{\"@id\":\"https:\/\/hurghadalovers.com\/es\/tours\/makadi-bay-morning-quad-biking-tour\/#local-main-place-address\"},\"telephone\":[\"00201112596434\"],\"contactPoint\":{\"@type\":\"ContactPoint\",\"telephone\":\"00201112596434\",\"email\":\"weyouface@gmail.com\"},\"openingHoursSpecification\":{\"@type\":\"OpeningHoursSpecification\",\"dayOfWeek\":[\"Monday\",\"Tuesday\",\"Wednesday\",\"Thursday\",\"Friday\",\"Saturday\",\"Sunday\"],\"opens\":\"00:00\",\"closes\":\"23:59\"},\"email\":\"weyouface@gmail.com\",\"areaServed\":\"Luxor, Hurghada, El Gouna, Aswan, Sharm El Sheikh, Giza, Alexandria, Marsa Alam, Quseir, Soma Bay, Sahl Hasheesh, Red Sea, Makadi Bay, Cairo\",\"priceRange\":\"$\",\"currenciesAccepted\":\"euro\",\"paymentAccepted\":\"cash on site\"},{\"@type\":\"PostalAddress\",\"@id\":\"https:\/\/hurghadalovers.com\/es\/tours\/makadi-bay-morning-quad-biking-tour\/#local-main-place-address\",\"streetAddress\":\"17 Banks street, Alkawther area, top nbk bank\",\"addressLocality\":\"hurghada\",\"postalCode\":\"84511\",\"addressRegion\":\"red sea\",\"addressCountry\":\"EG\"},{\"@type\":\"ImageObject\",\"inLanguage\":\"es\",\"@id\":\"https:\/\/hurghadalovers.com\/es\/tours\/makadi-bay-morning-quad-biking-tour\/#local-main-organization-logo\",\"url\":\"https:\/\/hurghadalovers.com\/wp-content\/uploads\/2019\/10\/hurghada-excursions-logo.png\",\"contentUrl\":\"https:\/\/hurghadalovers.com\/wp-content\/uploads\/2019\/10\/hurghada-excursions-logo.png\",\"width\":272,\"height\":90,\"caption\":\"Hurghada Excursions\"}]}<\/script>\n<meta property=\"product:brand\" content=\"Excursiones en Makadi bay\" \/>\n<meta property=\"product:price:amount\" content=\"40\" \/>\n<meta property=\"product:price:currency\" content=\"EUR\" \/>\n<meta property=\"og:availability\" content=\"instock\" \/>\n<meta property=\"product:availability\" content=\"instock\" \/>\n<meta property=\"product:retailer_item_id\" content=\"Makadi032024\" \/>\n<meta property=\"product:condition\" content=\"new\" \/>\n<meta name=\"geo.placename\" content=\"hurghada\" \/>\n<meta name=\"geo.region\" content=\"Egipto\" \/>\n<!-- \/ Yoast SEO Premium plugin. -->","yoast_head_json":{"title":"Tour matutino en quad por la bah\u00eda de Makadi Safari por el desierto con beduinos","description":"Excursi\u00f3n matinal en quad por la bah\u00eda de Makadi Safari por el desierto hasta un pueblo beduino con paseo en camello. Las mejores cosas que hacer en Makadi Bay para una luna de miel rom\u00e1ntica y en pareja","robots":{"index":"index","follow":"follow","max-snippet":"max-snippet:-1","max-image-preview":"max-image-preview:large","max-video-preview":"max-video-preview:-1"},"canonical":"https:\/\/hurghadalovers.com\/es\/tours\/makadi-bay-morning-quad-biking-tour\/","og_locale":"es_ES","og_type":"article","og_title":"Excursi\u00f3n matinal en quad por la bah\u00eda de Makadi","og_description":"Excursi\u00f3n matinal en quad por la bah\u00eda de Makadi Safari por el desierto hasta un pueblo beduino con paseo en camello. Las mejores cosas que hacer en Makadi Bay para una luna de miel rom\u00e1ntica y en pareja","og_url":"https:\/\/hurghadalovers.com\/es\/tours\/makadi-bay-morning-quad-biking-tour\/","og_site_name":"Hurghada Excursions &amp; Day Trips | Booking Best Prices Tours","article_publisher":"https:\/\/www.facebook.com\/Hurghadaloversegypt","article_modified_time":"2026-02-09T21:50:18+00:00","og_image":[{"width":521,"height":1156,"url":"https:\/\/hurghadalovers.com\/wp-content\/uploads\/2023\/08\/super-safari-hurghada-2025.jpeg","type":"image\/jpeg"}],"twitter_card":"summary_large_image","twitter_misc":{"Precio":"&euro;&nbsp;40","Disponibilidad":"Disponible"},"schema":{"@context":"https:\/\/schema.org","@graph":[{"@type":["WebPage","ItemPage"],"@id":"https:\/\/hurghadalovers.com\/es\/tours\/makadi-bay-morning-quad-biking-tour\/","url":"https:\/\/hurghadalovers.com\/es\/tours\/makadi-bay-morning-quad-biking-tour\/","name":"Tour matutino en quad por la bah\u00eda de Makadi Safari por el desierto con beduinos","isPartOf":{"@id":"https:\/\/hurghadalovers.com\/es\/#website"},"primaryImageOfPage":{"@id":"https:\/\/hurghadalovers.com\/es\/tours\/makadi-bay-morning-quad-biking-tour\/#primaryimage"},"image":{"@id":"https:\/\/hurghadalovers.com\/es\/tours\/makadi-bay-morning-quad-biking-tour\/#primaryimage"},"thumbnailUrl":"https:\/\/hurghadalovers.com\/wp-content\/uploads\/2023\/08\/super-safari-hurghada-2025.jpeg","datePublished":"2023-08-30T14:19:27+00:00","dateModified":"2026-02-09T21:50:18+00:00","description":"Excursi\u00f3n matinal en quad por la bah\u00eda de Makadi Safari por el desierto hasta un pueblo beduino con paseo en camello. Las mejores cosas que hacer en Makadi Bay para una luna de miel rom\u00e1ntica y en pareja","breadcrumb":{"@id":"https:\/\/hurghadalovers.com\/es\/tours\/makadi-bay-morning-quad-biking-tour\/#breadcrumb"},"inLanguage":"es","potentialAction":[{"@type":"ReadAction","target":["https:\/\/hurghadalovers.com\/es\/tours\/makadi-bay-morning-quad-biking-tour\/"]}]},{"@type":"ImageObject","inLanguage":"es","@id":"https:\/\/hurghadalovers.com\/es\/tours\/makadi-bay-morning-quad-biking-tour\/#primaryimage","url":"https:\/\/hurghadalovers.com\/wp-content\/uploads\/2023\/08\/super-safari-hurghada-2025.jpeg","contentUrl":"https:\/\/hurghadalovers.com\/wp-content\/uploads\/2023\/08\/super-safari-hurghada-2025.jpeg","width":521,"height":1156,"caption":"super safari hurghada 2025"},{"@type":"BreadcrumbList","@id":"https:\/\/hurghadalovers.com\/es\/tours\/makadi-bay-morning-quad-biking-tour\/#breadcrumb","itemListElement":[{"@type":"ListItem","position":1,"name":"Home","item":"https:\/\/hurghadalovers.com\/es\/"},{"@type":"ListItem","position":2,"name":"Tienda","item":"https:\/\/hurghadalovers.com\/es\/tienda\/"},{"@type":"ListItem","position":3,"name":"Excursi\u00f3n matinal en quad por la bah\u00eda de Makadi"}]},{"@type":"WebSite","@id":"https:\/\/hurghadalovers.com\/es\/#website","url":"https:\/\/hurghadalovers.com\/es\/","name":"Hurghada Excursions & Day Trips | Booking Best Prices Tours","description":"Hurghada Lovers - Best Tour Operator - Excursions &amp; Things to do for Family Day Trips with kids and Couples Romantic. Unique .Hidden gems","publisher":{"@id":"https:\/\/hurghadalovers.com\/es\/#organization"},"alternateName":"Hurghada Excursions","potentialAction":[{"@type":"SearchAction","target":{"@type":"EntryPoint","urlTemplate":"https:\/\/hurghadalovers.com\/es\/?s={search_term_string}"},"query-input":{"@type":"PropertyValueSpecification","valueRequired":true,"valueName":"search_term_string"}}],"inLanguage":"es"},{"@type":["Organization","Place","TravelAgency"],"@id":"https:\/\/hurghadalovers.com\/es\/#organization","name":"Hurghada Excursions","url":"https:\/\/hurghadalovers.com\/es\/","logo":{"@id":"https:\/\/hurghadalovers.com\/es\/tours\/makadi-bay-morning-quad-biking-tour\/#local-main-organization-logo"},"image":{"@id":"https:\/\/hurghadalovers.com\/es\/tours\/makadi-bay-morning-quad-biking-tour\/#local-main-organization-logo"},"sameAs":["https:\/\/www.facebook.com\/Hurghadaloversegypt"],"address":{"@id":"https:\/\/hurghadalovers.com\/es\/tours\/makadi-bay-morning-quad-biking-tour\/#local-main-place-address"},"telephone":["00201112596434"],"contactPoint":{"@type":"ContactPoint","telephone":"00201112596434","email":"weyouface@gmail.com"},"openingHoursSpecification":{"@type":"OpeningHoursSpecification","dayOfWeek":["Monday","Tuesday","Wednesday","Thursday","Friday","Saturday","Sunday"],"opens":"00:00","closes":"23:59"},"email":"weyouface@gmail.com","areaServed":"Luxor, Hurghada, El Gouna, Aswan, Sharm El Sheikh, Giza, Alexandria, Marsa Alam, Quseir, Soma Bay, Sahl Hasheesh, Red Sea, Makadi Bay, Cairo","priceRange":"$","currenciesAccepted":"euro","paymentAccepted":"cash on site"},{"@type":"PostalAddress","@id":"https:\/\/hurghadalovers.com\/es\/tours\/makadi-bay-morning-quad-biking-tour\/#local-main-place-address","streetAddress":"17 Banks street, Alkawther area, top nbk bank","addressLocality":"hurghada","postalCode":"84511","addressRegion":"red sea","addressCountry":"EG"},{"@type":"ImageObject","inLanguage":"es","@id":"https:\/\/hurghadalovers.com\/es\/tours\/makadi-bay-morning-quad-biking-tour\/#local-main-organization-logo","url":"https:\/\/hurghadalovers.com\/wp-content\/uploads\/2019\/10\/hurghada-excursions-logo.png","contentUrl":"https:\/\/hurghadalovers.com\/wp-content\/uploads\/2019\/10\/hurghada-excursions-logo.png","width":272,"height":90,"caption":"Hurghada Excursions"}]},"product_brand":"Excursiones en Makadi bay","product_price_amount":"40","product_price_currency":"EUR","og_availability":"instock","product_availability":"instock","product_retailer_item_id":"Makadi032024","product_condition":"new","geo.placename":"hurghada","geo.region":"Egipto"},"_links":{"self":[{"href":"https:\/\/hurghadalovers.com\/es\/wp-json\/wp\/v2\/product\/389328","targetHints":{"allow":["GET"]}}],"collection":[{"href":"https:\/\/hurghadalovers.com\/es\/wp-json\/wp\/v2\/product"}],"about":[{"href":"https:\/\/hurghadalovers.com\/es\/wp-json\/wp\/v2\/types\/product"}],"wp:featuredmedia":[{"embeddable":true,"href":"https:\/\/hurghadalovers.com\/es\/wp-json\/wp\/v2\/media\/995942"}],"wp:attachment":[{"href":"https:\/\/hurghadalovers.com\/es\/wp-json\/wp\/v2\/media?parent=389328"}],"wp:term":[{"taxonomy":"product_brand","embeddable":true,"href":"https:\/\/hurghadalovers.com\/es\/wp-json\/wp\/v2\/product_brand?post=389328"},{"taxonomy":"product_cat","embeddable":true,"href":"https:\/\/hurghadalovers.com\/es\/wp-json\/wp\/v2\/product_cat?post=389328"},{"taxonomy":"product_tag","embeddable":true,"href":"https:\/\/hurghadalovers.com\/es\/wp-json\/wp\/v2\/product_tag?post=389328"}],"curies":[{"name":"wp","href":"https:\/\/api.w.org\/{rel}","templated":true}]}}