{"id":387013,"date":"2023-08-29T18:22:14","date_gmt":"2023-08-29T18:26:41","guid":{"rendered":"https:\/\/hurghadalovers.com\/shop\/sin%20categor\u00eda\/bahia-de-makadi-excursion-privada-a-el-cairo-y-alejandria-2-dias\/"},"modified":"2026-02-08T20:31:59","modified_gmt":"2026-02-08T20:31:59","slug":"makadi-bay-private-cairo-alexandria-tour-2-days","status":"publish","type":"product","link":"https:\/\/hurghadalovers.com\/es\/tours\/makadi-bay-private-cairo-alexandria-tour-2-days\/","title":{"rendered":"Bah\u00eda de Makadi Excursi\u00f3n privada a El Cairo y Alejandr\u00eda &#8211; 2 d\u00edas"},"content":{"rendered":"<p><strong>Makadi Bay Tour Privado Cairo Alejandr\u00eda<\/strong> &#8211; 2 D\u00edas en coche, minivan con gu\u00eda privado.<\/p>\n<p style=\"text-align: center;\"><span style=\"color: #ff6600;\"><strong>Descubra los monumentos hist\u00f3ricos m\u00e1s importantes de Egipto<\/strong><\/span><\/p>\n<p><strong>Lo m\u00e1s destacado:<\/strong><\/p>\n<ol>\n<li>Pir\u00e1mides de Giza.<\/li>\n<li>Gran Esfinge.<\/li>\n<li>Templo del Valle.<\/li>\n<li>Museo Egipcio.<\/li>\n<li>Ciudadela Qayetbey en Alejandr\u00eda.<\/li>\n<li>Pilar Pompeyo<\/li>\n<li>Biblioteca de Alejandr\u00eda<\/li>\n<li>Catacumbas de Alejandr\u00eda.<\/li>\n<li>Palacio de Montazah en Alejandr\u00eda<\/li>\n<li>Comida en el restaurante \u00abVegetarians Food is available\u00bb.<\/li>\n<\/ol>\n<p><strong>Excursi\u00f3n privada a El Cairo y Alejandr\u00eda desde <\/strong><strong>Bah\u00eda de Makadi<\/strong> <strong>Detalles:<\/strong><\/p>\n<ul>\n<li>Disponibilidad de visitas: Todos los d\u00edas.<\/li>\n<li>Tipo de excursi\u00f3n: Privado en Coche o Minivan.<\/li>\n<li>Hora de recogida: A partir de la 01:00 A.M.<\/li>\n<li>Pidiendo Hotel obtener su bolsa de desayuno con usted por la ma\u00f1ana.<\/li>\n<li>Hora de recogida: 20:00.<\/li>\n<li>Accesible en silla de ruedas.<\/li>\n<li>Duraci\u00f3n: 2 d\u00edas \/ 1 noche.<\/li>\n<\/ul>\n<p><strong>Reserve ahora y pague despu\u00e9s:<\/strong><\/p>\n<ul>\n<li>Efectivo en el sitio para guiar.<\/li>\n<li>Pago en libras egipcias, $, \u20ac o \u00a3.<\/li>\n<\/ul>\n<p><strong>Pol\u00edtica de cancelaci\u00f3n:<\/strong><\/p>\n<ul>\n<li>Cancelar con 24 horas de antelaci\u00f3n.<\/li>\n<li>Cuando alguien de su familia cancele la ma\u00f1ana, pagar\u00e1 el 50% del coste.<\/li>\n<\/ul>\n<p><strong>\u00bfQu\u00e9 incluye?<\/strong><\/p>\n<ul>\n<li>Traslado desde los hoteles de Makadi Bay \u00abRecogida y entrega en el hotel\u00bb.<\/li>\n<li>Todos los impuestos, entradas y gastos de gesti\u00f3n.<\/li>\n<li>Traslados.<\/li>\n<li>Gu\u00eda tur\u00edstico.<\/li>\n<li>1 Noche en Hotel con un Desayuno.<\/li>\n<li>Bebidas.<\/li>\n<li>2 Almuerzo en restaurante.<\/li>\n<\/ul>\n<p><strong>\u00bfExclusiones?<\/strong><\/p>\n<ul>\n<li>Propinas.<\/li>\n<li>Excursi\u00f3n en felucca \u00abCrucero en barco\u00bb Durante 35 min= 10$.<\/li>\n<li>Cualquier extra no mencionado.<\/li>\n<\/ul>\n<h4><strong>Los precios:<\/strong><\/h4>\n<ul>\n<li><strong>Precio Adulto = desde 260$ por Persona<\/strong>.<\/li>\n<li>Precio para ni\u00f1os \u00ab5-12\u2033= 50%.<\/li>\n<li>para ni\u00f1os \u00ab0-5\u2033= Gratis.<\/li>\n<\/ul>\n<p>&nbsp;<\/p>\n<p><strong>Rese\u00f1as:<\/strong><\/p>\n<p>Compruebe nuestros comentarios de Google Map como Mejor <a href=\"https:\/\/g.page\/r\/CUeYvkngP3wkEBM\/review\">Tour Operador en<\/a> <a href=\"https:\/\/hurghadalovers.com\/\">Hurghada<\/a> en l\u00ednea en <a href=\"https:\/\/hurghadalovers.com\/\">Hurghada<\/a> Egipto.<\/p>\n<p><strong>Reserva:<\/strong><\/p>\n<p>Enviar hotel + N\u00famero de habitaci\u00f3n + Foto pasaportes a WhatsApp: <strong>+201112596434<\/strong><\/p>\n<p>Si usted fuera de Egipto Reserva ahora en l\u00ednea y confirmar a su llegada Hotel.<\/p>\n<p>&nbsp;<\/p>\n<p>&nbsp;<\/p>\n","protected":false},"excerpt":{"rendered":"<p><strong>Makadi Bay Tour Privado Cairo Alejandr\u00eda<\/strong> &#8211; 2 D\u00edas en coche, minivan con gu\u00eda privado.<\/p>\n<p style=\"text-align: center;\"><span style=\"color: #ff6600;\"><strong>  Descubra los monumentos hist\u00f3ricos m\u00e1s importantes de Egipto<\/strong><\/span><\/p>\n<p>&nbsp;<\/p>\n","protected":false},"featured_media":386961,"template":"","meta":{"_joinchat":[]},"product_brand":[],"product_cat":[29871],"product_tag":[],"class_list":{"0":"post-387013","1":"product","2":"type-product","3":"status-publish","4":"has-post-thumbnail","6":"product_cat-egypt-tours-es","7":"tour_category-el-cairo-excursiones-de-un-dia-desde-makadi-bay","8":"tour_category-cosas-que-hacer-en-makadi-bay","10":"first","11":"instock","12":"sale","13":"shipping-taxable","14":"purchasable","15":"product-type-tour"},"yoast_head":"<!-- This site is optimized with the Yoast SEO Premium plugin v26.9 (Yoast SEO v27.2) - https:\/\/yoast.com\/product\/yoast-seo-premium-wordpress\/ -->\n<title>Bah\u00eda de Makadi Excursi\u00f3n privada a El Cairo y Alejandr\u00eda - 2 d\u00edas<\/title>\n<meta name=\"description\" content=\"Makadi Bay Tour Privado Cairo Alejandr\u00eda - 2 D\u00edas en coche, minivan con gu\u00eda privado. Descubra los monumentos hist\u00f3ricos m\u00e1s importantes de Egipto\" \/>\n<meta name=\"robots\" content=\"index, follow, max-snippet:-1, max-image-preview:large, max-video-preview:-1\" \/>\n<link rel=\"canonical\" href=\"https:\/\/hurghadalovers.com\/es\/tours\/makadi-bay-private-cairo-alexandria-tour-2-days\/\" \/>\n<meta property=\"og:locale\" content=\"es_ES\" \/>\n<meta property=\"og:type\" content=\"article\" \/>\n<meta property=\"og:title\" content=\"Bah\u00eda de Makadi Excursi\u00f3n privada a El Cairo y Alejandr\u00eda - 2 d\u00edas\" \/>\n<meta property=\"og:description\" content=\"Makadi Bay Tour Privado Cairo Alejandr\u00eda - 2 D\u00edas en coche, minivan con gu\u00eda privado. Descubra los monumentos hist\u00f3ricos m\u00e1s importantes de Egipto\" \/>\n<meta property=\"og:url\" content=\"https:\/\/hurghadalovers.com\/es\/tours\/makadi-bay-private-cairo-alexandria-tour-2-days\/\" \/>\n<meta property=\"og:site_name\" content=\"Hurghada Excursions &amp; Day Trips | Booking Best Prices Tours\" \/>\n<meta property=\"article:publisher\" content=\"https:\/\/www.facebook.com\/Hurghadaloversegypt\" \/>\n<meta property=\"article:modified_time\" content=\"2026-02-08T20:31:59+00:00\" \/>\n<meta property=\"og:image\" content=\"https:\/\/hurghadalovers.com\/wp-content\/uploads\/2023\/08\/Makadi-Bay-Private-Cairo-Alexandria-Tour-1.jpeg\" \/>\n\t<meta property=\"og:image:width\" content=\"1536\" \/>\n\t<meta property=\"og:image:height\" content=\"888\" \/>\n\t<meta property=\"og:image:type\" content=\"image\/jpeg\" \/>\n<meta name=\"twitter:card\" content=\"summary_large_image\" \/>\n<meta name=\"twitter:label1\" content=\"Precio\" \/>\n\t<meta name=\"twitter:data1\" content=\"&euro;&nbsp;200\" \/>\n\t<meta name=\"twitter:label2\" content=\"Disponibilidad\" \/>\n\t<meta name=\"twitter:data2\" content=\"Disponible\" \/>\n<script type=\"application\/ld+json\" class=\"yoast-schema-graph\">{\"@context\":\"https:\/\/schema.org\",\"@graph\":[{\"@type\":[\"WebPage\",\"ItemPage\"],\"@id\":\"https:\/\/hurghadalovers.com\/es\/tours\/makadi-bay-private-cairo-alexandria-tour-2-days\/\",\"url\":\"https:\/\/hurghadalovers.com\/es\/tours\/makadi-bay-private-cairo-alexandria-tour-2-days\/\",\"name\":\"Bah\u00eda de Makadi Excursi\u00f3n privada a El Cairo y Alejandr\u00eda - 2 d\u00edas\",\"isPartOf\":{\"@id\":\"https:\/\/hurghadalovers.com\/es\/#website\"},\"primaryImageOfPage\":{\"@id\":\"https:\/\/hurghadalovers.com\/es\/tours\/makadi-bay-private-cairo-alexandria-tour-2-days\/#primaryimage\"},\"image\":{\"@id\":\"https:\/\/hurghadalovers.com\/es\/tours\/makadi-bay-private-cairo-alexandria-tour-2-days\/#primaryimage\"},\"thumbnailUrl\":\"https:\/\/hurghadalovers.com\/wp-content\/uploads\/2023\/08\/Makadi-Bay-Private-Cairo-Alexandria-Tour-1.jpeg\",\"datePublished\":\"2023-08-29T18:26:41+00:00\",\"dateModified\":\"2026-02-08T20:31:59+00:00\",\"description\":\"Makadi Bay Tour Privado Cairo Alejandr\u00eda - 2 D\u00edas en coche, minivan con gu\u00eda privado. Descubra los monumentos hist\u00f3ricos m\u00e1s importantes de Egipto\",\"breadcrumb\":{\"@id\":\"https:\/\/hurghadalovers.com\/es\/tours\/makadi-bay-private-cairo-alexandria-tour-2-days\/#breadcrumb\"},\"inLanguage\":\"es\",\"potentialAction\":[{\"@type\":\"ReadAction\",\"target\":[\"https:\/\/hurghadalovers.com\/es\/tours\/makadi-bay-private-cairo-alexandria-tour-2-days\/\"]}]},{\"@type\":\"ImageObject\",\"inLanguage\":\"es\",\"@id\":\"https:\/\/hurghadalovers.com\/es\/tours\/makadi-bay-private-cairo-alexandria-tour-2-days\/#primaryimage\",\"url\":\"https:\/\/hurghadalovers.com\/wp-content\/uploads\/2023\/08\/Makadi-Bay-Private-Cairo-Alexandria-Tour-1.jpeg\",\"contentUrl\":\"https:\/\/hurghadalovers.com\/wp-content\/uploads\/2023\/08\/Makadi-Bay-Private-Cairo-Alexandria-Tour-1.jpeg\",\"width\":1536,\"height\":888,\"caption\":\"Bah\u00eda de Makadi Excursi\u00f3n privada a El Cairo y Alejandr\u00eda\"},{\"@type\":\"BreadcrumbList\",\"@id\":\"https:\/\/hurghadalovers.com\/es\/tours\/makadi-bay-private-cairo-alexandria-tour-2-days\/#breadcrumb\",\"itemListElement\":[{\"@type\":\"ListItem\",\"position\":1,\"name\":\"Home\",\"item\":\"https:\/\/hurghadalovers.com\/es\/\"},{\"@type\":\"ListItem\",\"position\":2,\"name\":\"Tienda\",\"item\":\"https:\/\/hurghadalovers.com\/es\/tienda\/\"},{\"@type\":\"ListItem\",\"position\":3,\"name\":\"Bah\u00eda de Makadi Excursi\u00f3n privada a El Cairo y Alejandr\u00eda &#8211; 2 d\u00edas\"}]},{\"@type\":\"WebSite\",\"@id\":\"https:\/\/hurghadalovers.com\/es\/#website\",\"url\":\"https:\/\/hurghadalovers.com\/es\/\",\"name\":\"Hurghada Excursions & Day Trips | Booking Best Prices Tours\",\"description\":\"Hurghada Lovers - Best Tour Operator - Excursions &amp; Things to do for Family Day Trips with kids and Couples Romantic. Unique .Hidden gems\",\"publisher\":{\"@id\":\"https:\/\/hurghadalovers.com\/es\/#organization\"},\"alternateName\":\"Hurghada Excursions\",\"potentialAction\":[{\"@type\":\"SearchAction\",\"target\":{\"@type\":\"EntryPoint\",\"urlTemplate\":\"https:\/\/hurghadalovers.com\/es\/?s={search_term_string}\"},\"query-input\":{\"@type\":\"PropertyValueSpecification\",\"valueRequired\":true,\"valueName\":\"search_term_string\"}}],\"inLanguage\":\"es\"},{\"@type\":[\"Organization\",\"Place\",\"TravelAgency\"],\"@id\":\"https:\/\/hurghadalovers.com\/es\/#organization\",\"name\":\"Hurghada Excursions\",\"url\":\"https:\/\/hurghadalovers.com\/es\/\",\"logo\":{\"@id\":\"https:\/\/hurghadalovers.com\/es\/tours\/makadi-bay-private-cairo-alexandria-tour-2-days\/#local-main-organization-logo\"},\"image\":{\"@id\":\"https:\/\/hurghadalovers.com\/es\/tours\/makadi-bay-private-cairo-alexandria-tour-2-days\/#local-main-organization-logo\"},\"sameAs\":[\"https:\/\/www.facebook.com\/Hurghadaloversegypt\"],\"address\":{\"@id\":\"https:\/\/hurghadalovers.com\/es\/tours\/makadi-bay-private-cairo-alexandria-tour-2-days\/#local-main-place-address\"},\"telephone\":[\"00201112596434\"],\"contactPoint\":{\"@type\":\"ContactPoint\",\"telephone\":\"00201112596434\",\"email\":\"weyouface@gmail.com\"},\"openingHoursSpecification\":{\"@type\":\"OpeningHoursSpecification\",\"dayOfWeek\":[\"Monday\",\"Tuesday\",\"Wednesday\",\"Thursday\",\"Friday\",\"Saturday\",\"Sunday\"],\"opens\":\"00:00\",\"closes\":\"23:59\"},\"email\":\"weyouface@gmail.com\",\"areaServed\":\"Luxor, Hurghada, El Gouna, Aswan, Sharm El Sheikh, Giza, Alexandria, Marsa Alam, Quseir, Soma Bay, Sahl Hasheesh, Red Sea, Makadi Bay, Cairo\",\"priceRange\":\"$\",\"currenciesAccepted\":\"euro\",\"paymentAccepted\":\"cash on site\"},{\"@type\":\"PostalAddress\",\"@id\":\"https:\/\/hurghadalovers.com\/es\/tours\/makadi-bay-private-cairo-alexandria-tour-2-days\/#local-main-place-address\",\"streetAddress\":\"17 Banks street, Alkawther area, top nbk bank\",\"addressLocality\":\"hurghada\",\"postalCode\":\"84511\",\"addressRegion\":\"red sea\",\"addressCountry\":\"EG\"},{\"@type\":\"ImageObject\",\"inLanguage\":\"es\",\"@id\":\"https:\/\/hurghadalovers.com\/es\/tours\/makadi-bay-private-cairo-alexandria-tour-2-days\/#local-main-organization-logo\",\"url\":\"https:\/\/hurghadalovers.com\/wp-content\/uploads\/2019\/10\/hurghada-excursions-logo.png\",\"contentUrl\":\"https:\/\/hurghadalovers.com\/wp-content\/uploads\/2019\/10\/hurghada-excursions-logo.png\",\"width\":272,\"height\":90,\"caption\":\"Hurghada Excursions\"}]}<\/script>\n<meta property=\"product:brand\" content=\"Excursiones de un d\u00eda de Makadi bay a Pir\u00e1mides de Guiza\" \/>\n<meta property=\"product:price:amount\" content=\"200\" \/>\n<meta property=\"product:price:currency\" content=\"EUR\" \/>\n<meta property=\"og:availability\" content=\"instock\" \/>\n<meta property=\"product:availability\" content=\"instock\" \/>\n<meta property=\"product:retailer_item_id\" content=\"MakadiBay092024\" \/>\n<meta property=\"product:condition\" content=\"new\" \/>\n<meta name=\"geo.placename\" content=\"hurghada\" \/>\n<meta name=\"geo.region\" content=\"Egipto\" \/>\n<!-- \/ Yoast SEO Premium plugin. -->","yoast_head_json":{"title":"Bah\u00eda de Makadi Excursi\u00f3n privada a El Cairo y Alejandr\u00eda - 2 d\u00edas","description":"Makadi Bay Tour Privado Cairo Alejandr\u00eda - 2 D\u00edas en coche, minivan con gu\u00eda privado. Descubra los monumentos hist\u00f3ricos m\u00e1s importantes de Egipto","robots":{"index":"index","follow":"follow","max-snippet":"max-snippet:-1","max-image-preview":"max-image-preview:large","max-video-preview":"max-video-preview:-1"},"canonical":"https:\/\/hurghadalovers.com\/es\/tours\/makadi-bay-private-cairo-alexandria-tour-2-days\/","og_locale":"es_ES","og_type":"article","og_title":"Bah\u00eda de Makadi Excursi\u00f3n privada a El Cairo y Alejandr\u00eda - 2 d\u00edas","og_description":"Makadi Bay Tour Privado Cairo Alejandr\u00eda - 2 D\u00edas en coche, minivan con gu\u00eda privado. Descubra los monumentos hist\u00f3ricos m\u00e1s importantes de Egipto","og_url":"https:\/\/hurghadalovers.com\/es\/tours\/makadi-bay-private-cairo-alexandria-tour-2-days\/","og_site_name":"Hurghada Excursions &amp; Day Trips | Booking Best Prices Tours","article_publisher":"https:\/\/www.facebook.com\/Hurghadaloversegypt","article_modified_time":"2026-02-08T20:31:59+00:00","og_image":[{"width":1536,"height":888,"url":"https:\/\/hurghadalovers.com\/wp-content\/uploads\/2023\/08\/Makadi-Bay-Private-Cairo-Alexandria-Tour-1.jpeg","type":"image\/jpeg"}],"twitter_card":"summary_large_image","twitter_misc":{"Precio":"&euro;&nbsp;200","Disponibilidad":"Disponible"},"schema":{"@context":"https:\/\/schema.org","@graph":[{"@type":["WebPage","ItemPage"],"@id":"https:\/\/hurghadalovers.com\/es\/tours\/makadi-bay-private-cairo-alexandria-tour-2-days\/","url":"https:\/\/hurghadalovers.com\/es\/tours\/makadi-bay-private-cairo-alexandria-tour-2-days\/","name":"Bah\u00eda de Makadi Excursi\u00f3n privada a El Cairo y Alejandr\u00eda - 2 d\u00edas","isPartOf":{"@id":"https:\/\/hurghadalovers.com\/es\/#website"},"primaryImageOfPage":{"@id":"https:\/\/hurghadalovers.com\/es\/tours\/makadi-bay-private-cairo-alexandria-tour-2-days\/#primaryimage"},"image":{"@id":"https:\/\/hurghadalovers.com\/es\/tours\/makadi-bay-private-cairo-alexandria-tour-2-days\/#primaryimage"},"thumbnailUrl":"https:\/\/hurghadalovers.com\/wp-content\/uploads\/2023\/08\/Makadi-Bay-Private-Cairo-Alexandria-Tour-1.jpeg","datePublished":"2023-08-29T18:26:41+00:00","dateModified":"2026-02-08T20:31:59+00:00","description":"Makadi Bay Tour Privado Cairo Alejandr\u00eda - 2 D\u00edas en coche, minivan con gu\u00eda privado. Descubra los monumentos hist\u00f3ricos m\u00e1s importantes de Egipto","breadcrumb":{"@id":"https:\/\/hurghadalovers.com\/es\/tours\/makadi-bay-private-cairo-alexandria-tour-2-days\/#breadcrumb"},"inLanguage":"es","potentialAction":[{"@type":"ReadAction","target":["https:\/\/hurghadalovers.com\/es\/tours\/makadi-bay-private-cairo-alexandria-tour-2-days\/"]}]},{"@type":"ImageObject","inLanguage":"es","@id":"https:\/\/hurghadalovers.com\/es\/tours\/makadi-bay-private-cairo-alexandria-tour-2-days\/#primaryimage","url":"https:\/\/hurghadalovers.com\/wp-content\/uploads\/2023\/08\/Makadi-Bay-Private-Cairo-Alexandria-Tour-1.jpeg","contentUrl":"https:\/\/hurghadalovers.com\/wp-content\/uploads\/2023\/08\/Makadi-Bay-Private-Cairo-Alexandria-Tour-1.jpeg","width":1536,"height":888,"caption":"Bah\u00eda de Makadi Excursi\u00f3n privada a El Cairo y Alejandr\u00eda"},{"@type":"BreadcrumbList","@id":"https:\/\/hurghadalovers.com\/es\/tours\/makadi-bay-private-cairo-alexandria-tour-2-days\/#breadcrumb","itemListElement":[{"@type":"ListItem","position":1,"name":"Home","item":"https:\/\/hurghadalovers.com\/es\/"},{"@type":"ListItem","position":2,"name":"Tienda","item":"https:\/\/hurghadalovers.com\/es\/tienda\/"},{"@type":"ListItem","position":3,"name":"Bah\u00eda de Makadi Excursi\u00f3n privada a El Cairo y Alejandr\u00eda &#8211; 2 d\u00edas"}]},{"@type":"WebSite","@id":"https:\/\/hurghadalovers.com\/es\/#website","url":"https:\/\/hurghadalovers.com\/es\/","name":"Hurghada Excursions & Day Trips | Booking Best Prices Tours","description":"Hurghada Lovers - Best Tour Operator - Excursions &amp; Things to do for Family Day Trips with kids and Couples Romantic. Unique .Hidden gems","publisher":{"@id":"https:\/\/hurghadalovers.com\/es\/#organization"},"alternateName":"Hurghada Excursions","potentialAction":[{"@type":"SearchAction","target":{"@type":"EntryPoint","urlTemplate":"https:\/\/hurghadalovers.com\/es\/?s={search_term_string}"},"query-input":{"@type":"PropertyValueSpecification","valueRequired":true,"valueName":"search_term_string"}}],"inLanguage":"es"},{"@type":["Organization","Place","TravelAgency"],"@id":"https:\/\/hurghadalovers.com\/es\/#organization","name":"Hurghada Excursions","url":"https:\/\/hurghadalovers.com\/es\/","logo":{"@id":"https:\/\/hurghadalovers.com\/es\/tours\/makadi-bay-private-cairo-alexandria-tour-2-days\/#local-main-organization-logo"},"image":{"@id":"https:\/\/hurghadalovers.com\/es\/tours\/makadi-bay-private-cairo-alexandria-tour-2-days\/#local-main-organization-logo"},"sameAs":["https:\/\/www.facebook.com\/Hurghadaloversegypt"],"address":{"@id":"https:\/\/hurghadalovers.com\/es\/tours\/makadi-bay-private-cairo-alexandria-tour-2-days\/#local-main-place-address"},"telephone":["00201112596434"],"contactPoint":{"@type":"ContactPoint","telephone":"00201112596434","email":"weyouface@gmail.com"},"openingHoursSpecification":{"@type":"OpeningHoursSpecification","dayOfWeek":["Monday","Tuesday","Wednesday","Thursday","Friday","Saturday","Sunday"],"opens":"00:00","closes":"23:59"},"email":"weyouface@gmail.com","areaServed":"Luxor, Hurghada, El Gouna, Aswan, Sharm El Sheikh, Giza, Alexandria, Marsa Alam, Quseir, Soma Bay, Sahl Hasheesh, Red Sea, Makadi Bay, Cairo","priceRange":"$","currenciesAccepted":"euro","paymentAccepted":"cash on site"},{"@type":"PostalAddress","@id":"https:\/\/hurghadalovers.com\/es\/tours\/makadi-bay-private-cairo-alexandria-tour-2-days\/#local-main-place-address","streetAddress":"17 Banks street, Alkawther area, top nbk bank","addressLocality":"hurghada","postalCode":"84511","addressRegion":"red sea","addressCountry":"EG"},{"@type":"ImageObject","inLanguage":"es","@id":"https:\/\/hurghadalovers.com\/es\/tours\/makadi-bay-private-cairo-alexandria-tour-2-days\/#local-main-organization-logo","url":"https:\/\/hurghadalovers.com\/wp-content\/uploads\/2019\/10\/hurghada-excursions-logo.png","contentUrl":"https:\/\/hurghadalovers.com\/wp-content\/uploads\/2019\/10\/hurghada-excursions-logo.png","width":272,"height":90,"caption":"Hurghada Excursions"}]},"product_brand":"Excursiones de un d\u00eda de Makadi bay a Pir\u00e1mides de Guiza","product_price_amount":"200","product_price_currency":"EUR","og_availability":"instock","product_availability":"instock","product_retailer_item_id":"MakadiBay092024","product_condition":"new","geo.placename":"hurghada","geo.region":"Egipto"},"_links":{"self":[{"href":"https:\/\/hurghadalovers.com\/es\/wp-json\/wp\/v2\/product\/387013","targetHints":{"allow":["GET"]}}],"collection":[{"href":"https:\/\/hurghadalovers.com\/es\/wp-json\/wp\/v2\/product"}],"about":[{"href":"https:\/\/hurghadalovers.com\/es\/wp-json\/wp\/v2\/types\/product"}],"wp:featuredmedia":[{"embeddable":true,"href":"https:\/\/hurghadalovers.com\/es\/wp-json\/wp\/v2\/media\/386961"}],"wp:attachment":[{"href":"https:\/\/hurghadalovers.com\/es\/wp-json\/wp\/v2\/media?parent=387013"}],"wp:term":[{"taxonomy":"product_brand","embeddable":true,"href":"https:\/\/hurghadalovers.com\/es\/wp-json\/wp\/v2\/product_brand?post=387013"},{"taxonomy":"product_cat","embeddable":true,"href":"https:\/\/hurghadalovers.com\/es\/wp-json\/wp\/v2\/product_cat?post=387013"},{"taxonomy":"product_tag","embeddable":true,"href":"https:\/\/hurghadalovers.com\/es\/wp-json\/wp\/v2\/product_tag?post=387013"}],"curies":[{"name":"wp","href":"https:\/\/api.w.org\/{rel}","templated":true}]}}