{"id":385341,"date":"2023-08-27T13:39:06","date_gmt":"2023-08-27T13:49:03","guid":{"rendered":"https:\/\/hurghadalovers.com\/shop\/sin%20categor\u00eda\/excursiones-baratas-en-quad-desde-la-bahia-de-soma-2hr\/"},"modified":"2026-01-22T23:52:12","modified_gmt":"2026-01-22T23:52:12","slug":"rutas-en-quad-baratas-desde-bahia-soma","status":"publish","type":"product","link":"https:\/\/hurghadalovers.com\/es\/tours\/rutas-en-quad-baratas-desde-bahia-soma\/","title":{"rendered":"Excursiones baratas en quad desde la bah\u00eda de Soma &#8211; 2hr"},"content":{"rendered":"<p><strong>Quad Biking Tours baratos <\/strong><strong>desde la bah\u00eda de Soma<\/strong> con Traslado | 2hr Morning 4WD, ATV Or Quad Bike Safari Afternoon Off-Road in Desert.<\/p>\n<p style=\"text-align: center;\"><span style=\"color: #ff6600;\">Best Things to Do in Soma bay for <strong>Romantic<\/strong> and <strong>Couples Luna de miel | <\/strong> <strong>Safaris<\/strong> por el desierto <strong>con ni\u00f1os<\/strong> &amp; <strong>En familia<\/strong> &amp; Tercera edad.<\/span><\/p>\n<p>&nbsp;<\/p>\n<p><strong>Lo m\u00e1s destacado:<\/strong><\/p>\n<ol>\n<li>60 minutos en quad por el desierto.<\/li>\n<\/ol>\n<p><strong>Excursiones en quad baratas en <\/strong><strong>Bah\u00eda de Soma <\/strong><strong>Detalles:<\/strong><\/p>\n<ul>\n<li>Disponibilidad de visitas: Todos los d\u00edas.<\/li>\n<li>Tipo de visita: Grupo o Privado.<\/li>\n<li>Hora de recogida: A partir de las 08:00 A.M. \u00abElija su hora\u00bb.<\/li>\n<li>Hora de recogida: a partir de las 19:00.<\/li>\n<li>Duraci\u00f3n: 2 hr.<\/li>\n<\/ul>\n<p><strong>Reserve ahora y pague despu\u00e9s:<\/strong><\/p>\n<ul>\n<li>Efectivo en el sitio para guiar.<\/li>\n<li>Pago en libras egipcias, $, \u20ac o \u00a3.<\/li>\n<\/ul>\n<p><strong>Pol\u00edtica de cancelaci\u00f3n:<\/strong><\/p>\n<ul>\n<li>Cancelar con 24 horas de antelaci\u00f3n.<\/li>\n<li>Cuando alguien de su familia cancele la ma\u00f1ana, pagar\u00e1 el 50% del coste.<\/li>\n<\/ul>\n<p><strong>\u00bfQu\u00e9 incluye?<\/strong><\/p>\n<ul>\n<li>Traslado desde los hoteles de la bah\u00eda de Soma \u00abRecogida y entrega en el hotel\u00bb.<\/li>\n<li>Todos los impuestos, entradas y gastos de gesti\u00f3n.<\/li>\n<li>Traslados.<\/li>\n<li>Gu\u00eda tur\u00edstico.<\/li>\n<li>Casco.<\/li>\n<\/ul>\n<p><strong>\u00bfExclusiones?<\/strong><\/p>\n<ul>\n<li>Bufanda<\/li>\n<li>Gafas protectoras<\/li>\n<li>Propinas.<\/li>\n<li>Fotograf\u00eda para el viaje.<\/li>\n<li>Cualquier extra no mencionado.<\/li>\n<\/ul>\n<p><strong>Los precios:<\/strong><\/p>\n<ul>\n<li><strong>Precio Adulto = desde <\/strong><strong>25$<\/strong><strong> por Persona \/ 1hr<\/strong>.<\/li>\n<li>Precio para ni\u00f1os \u00ab5-12\u2033= 50%.<\/li>\n<li>para ni\u00f1os \u00ab0-5\u2033= Gratis.<\/li>\n<\/ul>\n<p><strong>Rese\u00f1as:<\/strong><\/p>\n<p>Compruebe nuestros comentarios de Google Map como Mejor <a href=\"https:\/\/g.page\/r\/CUeYvkngP3wkEBM\/review\">Tour Operador en<\/a> <a href=\"https:\/\/hurghadalovers.com\/\">Hurghada<\/a> en l\u00ednea en <a href=\"https:\/\/hurghadalovers.com\/\">Hurghada<\/a> Egipto.<\/p>\n<p><strong>Reserva:<\/strong><\/p>\n<p>Enviar hotel + N\u00famero de habitaci\u00f3n + Foto pasaportes a WhatsApp: <strong>+201112596434<\/strong><\/p>\n<p>Si usted fuera de Egipto Reserva ahora en l\u00ednea y confirmar a su llegada Hotel.<\/p>\n<p>&nbsp;<\/p>\n<p>&nbsp;<\/p>\n","protected":false},"excerpt":{"rendered":"<p><strong>Tours baratos en Quad <\/strong><strong>desde la bah\u00eda de Soma<\/strong> con traslado | 2hr por la ma\u00f1ana 4&#215;4, ATV o Quad Bike Safari Tarde Off-Road en el desierto. <span style=\"color: #ff6600;\"> <strong>Safaris por el desierto con ni\u00f1os<\/strong><\/span><\/p>\n","protected":false},"featured_media":385263,"template":"","meta":{"_joinchat":[]},"product_brand":[],"product_cat":[29871],"product_tag":[54508,54706,54713,54590,54538,54617,54550,54514,54504,54700,54584,54566,54563,54597,54579],"class_list":{"0":"post-385341","1":"product","2":"type-product","3":"status-publish","4":"has-post-thumbnail","6":"product_cat-egypt-tours-es","7":"product_tag-actividades-en-la-bahia-de-soma","8":"product_tag-actividades-familiares-divertidas-de-soma-bay","9":"product_tag-actividades-para-adolescentes-de-soma-bay","10":"product_tag-atv-bahia-de-soma","11":"product_tag-cosas-que-hacer-en-familia-desde-soma-bay-es","12":"product_tag-cosas-que-hacer-en-soma-bay","13":"product_tag-cosas-romanticas-que-hacer-en-soma-bay","14":"product_tag-excursiones-de-un-dia-a-la-bahia-de-soma","15":"product_tag-excursiones-por-la-bahia-de-soma","16":"product_tag-excursiones-romanticas-por-la-bahia-de-soma","17":"product_tag-quad-bahia-de-soma","18":"product_tag-safari-en-buggy-por-la-bahia-de-soma","19":"product_tag-safari-por-el-desierto-bahia-de-soma","20":"product_tag-safari-por-la-bahia-de-soma","21":"product_tag-safari-sahara-bahia-de-soma","22":"tour_category-cosas-que-hacer-en-soma-bay","23":"tour_category-el-quad-safari-en-soma-bay","25":"first","26":"instock","27":"sale","28":"shipping-taxable","29":"purchasable","30":"product-type-tour"},"yoast_head":"<!-- This site is optimized with the Yoast SEO Premium plugin v26.9 (Yoast SEO v27.2) - https:\/\/yoast.com\/product\/yoast-seo-premium-wordpress\/ -->\n<title>Excursiones baratas en quad desde Soma bay | 2hr Morning 4WD, ATV<\/title>\n<meta name=\"description\" content=\"Excursiones baratas en quad desde la bah\u00eda de Soma con traslado | Safari en 4x4, ATV o quad por la tarde | Safaris por el desierto con ni\u00f1os\" \/>\n<meta name=\"robots\" content=\"index, follow, max-snippet:-1, max-image-preview:large, max-video-preview:-1\" \/>\n<link rel=\"canonical\" href=\"https:\/\/hurghadalovers.com\/es\/tours\/rutas-en-quad-baratas-desde-bahia-soma\/\" \/>\n<meta property=\"og:locale\" content=\"es_ES\" \/>\n<meta property=\"og:type\" content=\"article\" \/>\n<meta property=\"og:title\" content=\"Excursiones baratas en quad desde la bah\u00eda de Soma - 2hr\" \/>\n<meta property=\"og:description\" content=\"Excursiones baratas en quad desde la bah\u00eda de Soma con traslado | Safari en 4x4, ATV o quad por la tarde | Safaris por el desierto con ni\u00f1os\" \/>\n<meta property=\"og:url\" content=\"https:\/\/hurghadalovers.com\/es\/tours\/rutas-en-quad-baratas-desde-bahia-soma\/\" \/>\n<meta property=\"og:site_name\" content=\"Hurghada Excursions &amp; Day Trips | Booking Best Prices Tours\" \/>\n<meta property=\"article:publisher\" content=\"https:\/\/www.facebook.com\/Hurghadaloversegypt\" \/>\n<meta property=\"article:modified_time\" content=\"2026-01-22T23:52:12+00:00\" \/>\n<meta property=\"og:image\" content=\"https:\/\/hurghadalovers.com\/wp-content\/uploads\/2023\/08\/Cheap-Quad-Biking-Tours-from-Soma-bay.jpeg\" \/>\n\t<meta property=\"og:image:width\" content=\"867\" \/>\n\t<meta property=\"og:image:height\" content=\"1156\" \/>\n\t<meta property=\"og:image:type\" content=\"image\/jpeg\" \/>\n<meta name=\"twitter:card\" content=\"summary_large_image\" \/>\n<meta name=\"twitter:label1\" content=\"Precio\" \/>\n\t<meta name=\"twitter:data1\" content=\"&euro;&nbsp;25\" \/>\n\t<meta name=\"twitter:label2\" content=\"Disponibilidad\" \/>\n\t<meta name=\"twitter:data2\" content=\"Disponible\" \/>\n<script type=\"application\/ld+json\" class=\"yoast-schema-graph\">{\"@context\":\"https:\/\/schema.org\",\"@graph\":[{\"@type\":[\"WebPage\",\"ItemPage\"],\"@id\":\"https:\/\/hurghadalovers.com\/es\/tours\/rutas-en-quad-baratas-desde-bahia-soma\/\",\"url\":\"https:\/\/hurghadalovers.com\/es\/tours\/rutas-en-quad-baratas-desde-bahia-soma\/\",\"name\":\"Excursiones baratas en quad desde Soma bay | 2hr Morning 4WD, ATV\",\"isPartOf\":{\"@id\":\"https:\/\/hurghadalovers.com\/es\/#website\"},\"primaryImageOfPage\":{\"@id\":\"https:\/\/hurghadalovers.com\/es\/tours\/rutas-en-quad-baratas-desde-bahia-soma\/#primaryimage\"},\"image\":{\"@id\":\"https:\/\/hurghadalovers.com\/es\/tours\/rutas-en-quad-baratas-desde-bahia-soma\/#primaryimage\"},\"thumbnailUrl\":\"https:\/\/hurghadalovers.com\/wp-content\/uploads\/2023\/08\/Cheap-Quad-Biking-Tours-from-Soma-bay.jpeg\",\"datePublished\":\"2023-08-27T13:49:03+00:00\",\"dateModified\":\"2026-01-22T23:52:12+00:00\",\"description\":\"Excursiones baratas en quad desde la bah\u00eda de Soma con traslado | Safari en 4x4, ATV o quad por la tarde | Safaris por el desierto con ni\u00f1os\",\"breadcrumb\":{\"@id\":\"https:\/\/hurghadalovers.com\/es\/tours\/rutas-en-quad-baratas-desde-bahia-soma\/#breadcrumb\"},\"inLanguage\":\"es\",\"potentialAction\":[{\"@type\":\"ReadAction\",\"target\":[\"https:\/\/hurghadalovers.com\/es\/tours\/rutas-en-quad-baratas-desde-bahia-soma\/\"]}]},{\"@type\":\"ImageObject\",\"inLanguage\":\"es\",\"@id\":\"https:\/\/hurghadalovers.com\/es\/tours\/rutas-en-quad-baratas-desde-bahia-soma\/#primaryimage\",\"url\":\"https:\/\/hurghadalovers.com\/wp-content\/uploads\/2023\/08\/Cheap-Quad-Biking-Tours-from-Soma-bay.jpeg\",\"contentUrl\":\"https:\/\/hurghadalovers.com\/wp-content\/uploads\/2023\/08\/Cheap-Quad-Biking-Tours-from-Soma-bay.jpeg\",\"width\":867,\"height\":1156,\"caption\":\"Cheap Quad Biking Tours from Soma bay | 2hr Morning 4WD, ATV Private Hurghada ATV Tour\"},{\"@type\":\"BreadcrumbList\",\"@id\":\"https:\/\/hurghadalovers.com\/es\/tours\/rutas-en-quad-baratas-desde-bahia-soma\/#breadcrumb\",\"itemListElement\":[{\"@type\":\"ListItem\",\"position\":1,\"name\":\"Home\",\"item\":\"https:\/\/hurghadalovers.com\/es\/\"},{\"@type\":\"ListItem\",\"position\":2,\"name\":\"Tienda\",\"item\":\"https:\/\/hurghadalovers.com\/es\/tienda\/\"},{\"@type\":\"ListItem\",\"position\":3,\"name\":\"Excursiones baratas en quad desde la bah\u00eda de Soma &#8211; 2hr\"}]},{\"@type\":\"WebSite\",\"@id\":\"https:\/\/hurghadalovers.com\/es\/#website\",\"url\":\"https:\/\/hurghadalovers.com\/es\/\",\"name\":\"Hurghada Excursions & Day Trips | Booking Best Prices Tours\",\"description\":\"Hurghada Lovers - Best Tour Operator - Excursions &amp; Things to do for Family Day Trips with kids and Couples Romantic. Unique .Hidden gems\",\"publisher\":{\"@id\":\"https:\/\/hurghadalovers.com\/es\/#organization\"},\"alternateName\":\"Hurghada Excursions\",\"potentialAction\":[{\"@type\":\"SearchAction\",\"target\":{\"@type\":\"EntryPoint\",\"urlTemplate\":\"https:\/\/hurghadalovers.com\/es\/?s={search_term_string}\"},\"query-input\":{\"@type\":\"PropertyValueSpecification\",\"valueRequired\":true,\"valueName\":\"search_term_string\"}}],\"inLanguage\":\"es\"},{\"@type\":[\"Organization\",\"Place\",\"TravelAgency\"],\"@id\":\"https:\/\/hurghadalovers.com\/es\/#organization\",\"name\":\"Hurghada Excursions\",\"url\":\"https:\/\/hurghadalovers.com\/es\/\",\"logo\":{\"@id\":\"https:\/\/hurghadalovers.com\/es\/tours\/rutas-en-quad-baratas-desde-bahia-soma\/#local-main-organization-logo\"},\"image\":{\"@id\":\"https:\/\/hurghadalovers.com\/es\/tours\/rutas-en-quad-baratas-desde-bahia-soma\/#local-main-organization-logo\"},\"sameAs\":[\"https:\/\/www.facebook.com\/Hurghadaloversegypt\"],\"address\":{\"@id\":\"https:\/\/hurghadalovers.com\/es\/tours\/rutas-en-quad-baratas-desde-bahia-soma\/#local-main-place-address\"},\"telephone\":[\"00201112596434\"],\"contactPoint\":{\"@type\":\"ContactPoint\",\"telephone\":\"00201112596434\",\"email\":\"weyouface@gmail.com\"},\"openingHoursSpecification\":{\"@type\":\"OpeningHoursSpecification\",\"dayOfWeek\":[\"Monday\",\"Tuesday\",\"Wednesday\",\"Thursday\",\"Friday\",\"Saturday\",\"Sunday\"],\"opens\":\"00:00\",\"closes\":\"23:59\"},\"email\":\"weyouface@gmail.com\",\"areaServed\":\"Luxor, Hurghada, El Gouna, Aswan, Sharm El Sheikh, Giza, Alexandria, Marsa Alam, Quseir, Soma Bay, Sahl Hasheesh, Red Sea, Makadi Bay, Cairo\",\"priceRange\":\"$\",\"currenciesAccepted\":\"euro\",\"paymentAccepted\":\"cash on site\"},{\"@type\":\"PostalAddress\",\"@id\":\"https:\/\/hurghadalovers.com\/es\/tours\/rutas-en-quad-baratas-desde-bahia-soma\/#local-main-place-address\",\"streetAddress\":\"17 Banks street, Alkawther area, top nbk bank\",\"addressLocality\":\"hurghada\",\"postalCode\":\"84511\",\"addressRegion\":\"red sea\",\"addressCountry\":\"EG\"},{\"@type\":\"ImageObject\",\"inLanguage\":\"es\",\"@id\":\"https:\/\/hurghadalovers.com\/es\/tours\/rutas-en-quad-baratas-desde-bahia-soma\/#local-main-organization-logo\",\"url\":\"https:\/\/hurghadalovers.com\/wp-content\/uploads\/2019\/10\/hurghada-excursions-logo.png\",\"contentUrl\":\"https:\/\/hurghadalovers.com\/wp-content\/uploads\/2019\/10\/hurghada-excursions-logo.png\",\"width\":272,\"height\":90,\"caption\":\"Hurghada Excursions\"}]}<\/script>\n<meta property=\"product:brand\" content=\"Excursiones en Soma bay\" \/>\n<meta property=\"product:price:amount\" content=\"25\" \/>\n<meta property=\"product:price:currency\" content=\"EUR\" \/>\n<meta property=\"og:availability\" content=\"instock\" \/>\n<meta property=\"product:availability\" content=\"instock\" \/>\n<meta property=\"product:retailer_item_id\" content=\"SafariSomabay012024\" \/>\n<meta property=\"product:condition\" content=\"new\" \/>\n<meta name=\"geo.placename\" content=\"hurghada\" \/>\n<meta name=\"geo.region\" content=\"Egipto\" \/>\n<!-- \/ Yoast SEO Premium plugin. -->","yoast_head_json":{"title":"Excursiones baratas en quad desde Soma bay | 2hr Morning 4WD, ATV","description":"Excursiones baratas en quad desde la bah\u00eda de Soma con traslado | Safari en 4x4, ATV o quad por la tarde | Safaris por el desierto con ni\u00f1os","robots":{"index":"index","follow":"follow","max-snippet":"max-snippet:-1","max-image-preview":"max-image-preview:large","max-video-preview":"max-video-preview:-1"},"canonical":"https:\/\/hurghadalovers.com\/es\/tours\/rutas-en-quad-baratas-desde-bahia-soma\/","og_locale":"es_ES","og_type":"article","og_title":"Excursiones baratas en quad desde la bah\u00eda de Soma - 2hr","og_description":"Excursiones baratas en quad desde la bah\u00eda de Soma con traslado | Safari en 4x4, ATV o quad por la tarde | Safaris por el desierto con ni\u00f1os","og_url":"https:\/\/hurghadalovers.com\/es\/tours\/rutas-en-quad-baratas-desde-bahia-soma\/","og_site_name":"Hurghada Excursions &amp; Day Trips | Booking Best Prices Tours","article_publisher":"https:\/\/www.facebook.com\/Hurghadaloversegypt","article_modified_time":"2026-01-22T23:52:12+00:00","og_image":[{"width":867,"height":1156,"url":"https:\/\/hurghadalovers.com\/wp-content\/uploads\/2023\/08\/Cheap-Quad-Biking-Tours-from-Soma-bay.jpeg","type":"image\/jpeg"}],"twitter_card":"summary_large_image","twitter_misc":{"Precio":"&euro;&nbsp;25","Disponibilidad":"Disponible"},"schema":{"@context":"https:\/\/schema.org","@graph":[{"@type":["WebPage","ItemPage"],"@id":"https:\/\/hurghadalovers.com\/es\/tours\/rutas-en-quad-baratas-desde-bahia-soma\/","url":"https:\/\/hurghadalovers.com\/es\/tours\/rutas-en-quad-baratas-desde-bahia-soma\/","name":"Excursiones baratas en quad desde Soma bay | 2hr Morning 4WD, ATV","isPartOf":{"@id":"https:\/\/hurghadalovers.com\/es\/#website"},"primaryImageOfPage":{"@id":"https:\/\/hurghadalovers.com\/es\/tours\/rutas-en-quad-baratas-desde-bahia-soma\/#primaryimage"},"image":{"@id":"https:\/\/hurghadalovers.com\/es\/tours\/rutas-en-quad-baratas-desde-bahia-soma\/#primaryimage"},"thumbnailUrl":"https:\/\/hurghadalovers.com\/wp-content\/uploads\/2023\/08\/Cheap-Quad-Biking-Tours-from-Soma-bay.jpeg","datePublished":"2023-08-27T13:49:03+00:00","dateModified":"2026-01-22T23:52:12+00:00","description":"Excursiones baratas en quad desde la bah\u00eda de Soma con traslado | Safari en 4x4, ATV o quad por la tarde | Safaris por el desierto con ni\u00f1os","breadcrumb":{"@id":"https:\/\/hurghadalovers.com\/es\/tours\/rutas-en-quad-baratas-desde-bahia-soma\/#breadcrumb"},"inLanguage":"es","potentialAction":[{"@type":"ReadAction","target":["https:\/\/hurghadalovers.com\/es\/tours\/rutas-en-quad-baratas-desde-bahia-soma\/"]}]},{"@type":"ImageObject","inLanguage":"es","@id":"https:\/\/hurghadalovers.com\/es\/tours\/rutas-en-quad-baratas-desde-bahia-soma\/#primaryimage","url":"https:\/\/hurghadalovers.com\/wp-content\/uploads\/2023\/08\/Cheap-Quad-Biking-Tours-from-Soma-bay.jpeg","contentUrl":"https:\/\/hurghadalovers.com\/wp-content\/uploads\/2023\/08\/Cheap-Quad-Biking-Tours-from-Soma-bay.jpeg","width":867,"height":1156,"caption":"Cheap Quad Biking Tours from Soma bay | 2hr Morning 4WD, ATV Private Hurghada ATV Tour"},{"@type":"BreadcrumbList","@id":"https:\/\/hurghadalovers.com\/es\/tours\/rutas-en-quad-baratas-desde-bahia-soma\/#breadcrumb","itemListElement":[{"@type":"ListItem","position":1,"name":"Home","item":"https:\/\/hurghadalovers.com\/es\/"},{"@type":"ListItem","position":2,"name":"Tienda","item":"https:\/\/hurghadalovers.com\/es\/tienda\/"},{"@type":"ListItem","position":3,"name":"Excursiones baratas en quad desde la bah\u00eda de Soma &#8211; 2hr"}]},{"@type":"WebSite","@id":"https:\/\/hurghadalovers.com\/es\/#website","url":"https:\/\/hurghadalovers.com\/es\/","name":"Hurghada Excursions & Day Trips | Booking Best Prices Tours","description":"Hurghada Lovers - Best Tour Operator - Excursions &amp; Things to do for Family Day Trips with kids and Couples Romantic. Unique .Hidden gems","publisher":{"@id":"https:\/\/hurghadalovers.com\/es\/#organization"},"alternateName":"Hurghada Excursions","potentialAction":[{"@type":"SearchAction","target":{"@type":"EntryPoint","urlTemplate":"https:\/\/hurghadalovers.com\/es\/?s={search_term_string}"},"query-input":{"@type":"PropertyValueSpecification","valueRequired":true,"valueName":"search_term_string"}}],"inLanguage":"es"},{"@type":["Organization","Place","TravelAgency"],"@id":"https:\/\/hurghadalovers.com\/es\/#organization","name":"Hurghada Excursions","url":"https:\/\/hurghadalovers.com\/es\/","logo":{"@id":"https:\/\/hurghadalovers.com\/es\/tours\/rutas-en-quad-baratas-desde-bahia-soma\/#local-main-organization-logo"},"image":{"@id":"https:\/\/hurghadalovers.com\/es\/tours\/rutas-en-quad-baratas-desde-bahia-soma\/#local-main-organization-logo"},"sameAs":["https:\/\/www.facebook.com\/Hurghadaloversegypt"],"address":{"@id":"https:\/\/hurghadalovers.com\/es\/tours\/rutas-en-quad-baratas-desde-bahia-soma\/#local-main-place-address"},"telephone":["00201112596434"],"contactPoint":{"@type":"ContactPoint","telephone":"00201112596434","email":"weyouface@gmail.com"},"openingHoursSpecification":{"@type":"OpeningHoursSpecification","dayOfWeek":["Monday","Tuesday","Wednesday","Thursday","Friday","Saturday","Sunday"],"opens":"00:00","closes":"23:59"},"email":"weyouface@gmail.com","areaServed":"Luxor, Hurghada, El Gouna, Aswan, Sharm El Sheikh, Giza, Alexandria, Marsa Alam, Quseir, Soma Bay, Sahl Hasheesh, Red Sea, Makadi Bay, Cairo","priceRange":"$","currenciesAccepted":"euro","paymentAccepted":"cash on site"},{"@type":"PostalAddress","@id":"https:\/\/hurghadalovers.com\/es\/tours\/rutas-en-quad-baratas-desde-bahia-soma\/#local-main-place-address","streetAddress":"17 Banks street, Alkawther area, top nbk bank","addressLocality":"hurghada","postalCode":"84511","addressRegion":"red sea","addressCountry":"EG"},{"@type":"ImageObject","inLanguage":"es","@id":"https:\/\/hurghadalovers.com\/es\/tours\/rutas-en-quad-baratas-desde-bahia-soma\/#local-main-organization-logo","url":"https:\/\/hurghadalovers.com\/wp-content\/uploads\/2019\/10\/hurghada-excursions-logo.png","contentUrl":"https:\/\/hurghadalovers.com\/wp-content\/uploads\/2019\/10\/hurghada-excursions-logo.png","width":272,"height":90,"caption":"Hurghada Excursions"}]},"product_brand":"Excursiones en Soma bay","product_price_amount":"25","product_price_currency":"EUR","og_availability":"instock","product_availability":"instock","product_retailer_item_id":"SafariSomabay012024","product_condition":"new","geo.placename":"hurghada","geo.region":"Egipto"},"_links":{"self":[{"href":"https:\/\/hurghadalovers.com\/es\/wp-json\/wp\/v2\/product\/385341","targetHints":{"allow":["GET"]}}],"collection":[{"href":"https:\/\/hurghadalovers.com\/es\/wp-json\/wp\/v2\/product"}],"about":[{"href":"https:\/\/hurghadalovers.com\/es\/wp-json\/wp\/v2\/types\/product"}],"wp:featuredmedia":[{"embeddable":true,"href":"https:\/\/hurghadalovers.com\/es\/wp-json\/wp\/v2\/media\/385263"}],"wp:attachment":[{"href":"https:\/\/hurghadalovers.com\/es\/wp-json\/wp\/v2\/media?parent=385341"}],"wp:term":[{"taxonomy":"product_brand","embeddable":true,"href":"https:\/\/hurghadalovers.com\/es\/wp-json\/wp\/v2\/product_brand?post=385341"},{"taxonomy":"product_cat","embeddable":true,"href":"https:\/\/hurghadalovers.com\/es\/wp-json\/wp\/v2\/product_cat?post=385341"},{"taxonomy":"product_tag","embeddable":true,"href":"https:\/\/hurghadalovers.com\/es\/wp-json\/wp\/v2\/product_tag?post=385341"}],"curies":[{"name":"wp","href":"https:\/\/api.w.org\/{rel}","templated":true}]}}