{"id":384164,"date":"2023-08-26T20:26:44","date_gmt":"2023-08-26T20:31:34","guid":{"rendered":"https:\/\/hurghadalovers.com\/shop\/sin categor\u00eda\/de-la-bahia-de-soma-a-luxor-excursion-de-un-dia-al-valle-de-las-reinas-en-autobus\/"},"modified":"2026-02-07T15:33:22","modified_gmt":"2026-02-07T15:33:22","slug":"soma-bay-to-luxor-day-trip-to-valley-of-the-queens","status":"publish","type":"product","link":"https:\/\/hurghadalovers.com\/es\/tours\/soma-bay-to-luxor-day-trip-to-valley-of-the-queens\/","title":{"rendered":"De la bah\u00eda de Soma a Luxor Excursi\u00f3n de un d\u00eda al Valle de las Reinas en autob\u00fas"},"content":{"rendered":"<p><strong>Bah\u00eda de Soma<\/strong> <strong>a Luxor Excursi\u00f3n de un d\u00eda al Valle de las Reinas en autob\u00fas<\/strong> con gu\u00eda privado, almuerzo, entradas y traslado para visitar el Templo de Karnak, el Templo de Hatshepsut, los Colosos de Memnon.<\/p>\n<p style=\"text-align: center;\"><span style=\"color: #993300;\"><strong>Descubra los secretos de la civilizaci\u00f3n fara\u00f3nica<\/strong><\/span><\/p>\n<p>&nbsp;<\/p>\n<p><strong>Lo m\u00e1s destacado:<\/strong><\/p>\n<ol>\n<li>Templo de Karnak.<\/li>\n<li>Comida en el restaurante \u00abVegetarians Food is available\u00bb.<\/li>\n<li>5min Felucca en el r\u00edo Nilo.<\/li>\n<li>Colosos de Memnon.<\/li>\n<li>Templo funerario de Hatshepsut.<\/li>\n<li>Valle de las Reinas.<\/li>\n<\/ol>\n<p><strong>Bah\u00eda de Soma<\/strong> <strong>A Luxor Excursi\u00f3n de un d\u00eda al Valle de las Reinas en autob\u00fas Detalles:<\/strong><\/p>\n<ul>\n<li>Disponibilidad de visitas: Todos los d\u00edas.<\/li>\n<li>Tipo de excursi\u00f3n: Grupo.<\/li>\n<li>Hora de recogida: A partir de las 05:00 A.M.<\/li>\n<li>Pidiendo Hotel obtener su bolsa de desayuno con usted por la ma\u00f1ana.<\/li>\n<li>Hora de recogida: 19:30.<\/li>\n<li>Accesible en silla de ruedas.<\/li>\n<li>Duraci\u00f3n: 20 hr.<\/li>\n<\/ul>\n<p><strong>Reserve ahora y pague despu\u00e9s:<\/strong><\/p>\n<ul>\n<li>Efectivo en el sitio para guiar.<\/li>\n<li>Pago en libras egipcias, $, \u20ac o \u00a3.<\/li>\n<\/ul>\n<p><strong>Pol\u00edtica de cancelaci\u00f3n:<\/strong><\/p>\n<ul>\n<li>Cancelar con 24 horas de antelaci\u00f3n.<\/li>\n<li>Cuando alguien de su familia cancele la ma\u00f1ana, pagar\u00e1 el 50% del coste.<\/li>\n<\/ul>\n<p><strong>\u00bfQu\u00e9 incluye?<\/strong><\/p>\n<ul>\n<li>Traslado desde los hoteles de la bah\u00eda de Soma \u00abRecogida y entrega en el hotel\u00bb.<\/li>\n<li>Todos los impuestos, billetes, entradas y gastos de gesti\u00f3n.<\/li>\n<li>Traslados.<\/li>\n<li>Gu\u00eda tur\u00edstico.<\/li>\n<li>Comida en restaurante.<\/li>\n<\/ul>\n<p><strong>\u00bfExclusiones?<\/strong><\/p>\n<ul>\n<li>Propinas.<\/li>\n<li>Excursi\u00f3n en felucca \u00abCrucero en barco\u00bb Durante 35 min= 10$.<\/li>\n<li>Cualquier extra no mencionado.<\/li>\n<\/ul>\n<p><strong>Los precios:<\/strong><\/p>\n<ul>\n<li><strong>Precio adulto = <\/strong><strong>65 $<\/strong><strong> por persona<\/strong>.<\/li>\n<li>Precio para ni\u00f1os \u00ab5-12\u2033= 50%.<\/li>\n<li>para ni\u00f1os \u00ab0-5\u2033= Gratis.<\/li>\n<\/ul>\n<p>&nbsp;<\/p>\n<p><strong>Rese\u00f1as:<\/strong><\/p>\n<p>Compruebe nuestros comentarios de Google Map como Mejor <a href=\"https:\/\/g.page\/r\/CUeYvkngP3wkEBM\/review\">Tour Operador en<\/a> <a href=\"https:\/\/hurghadalovers.com\/\">Hurghada<\/a> en l\u00ednea en <a href=\"https:\/\/hurghadalovers.com\/\">Hurghada<\/a> Egipto.<\/p>\n<p>&nbsp;<\/p>\n<p><strong>Reserva:<\/strong><\/p>\n<p>Enviar hotel + N\u00famero de habitaci\u00f3n + Foto pasaportes a WhatsApp: <strong>+201112596434<\/strong><\/p>\n<p>Si usted fuera de Egipto Reserva ahora en l\u00ednea y confirmar a su llegada Hotel.<\/p>\n<p>&nbsp;<\/p>\n<p>&nbsp;<\/p>\n","protected":false},"excerpt":{"rendered":"<p><strong>Bah\u00eda de Soma<\/strong> <strong>a Luxor Excursi\u00f3n de un d\u00eda al Valle de las Reinas en autob\u00fas<\/strong> con gu\u00eda privado, almuerzo, entradas y traslado para visitar el Templo de Karnak, el Templo de Hatshepsut, los Colosos de Memnon.<\/p>\n","protected":false},"featured_media":384113,"template":"","meta":{"_joinchat":[]},"product_brand":[],"product_cat":[29871],"product_tag":[54556,54665,54380,54688,54428,54728,49401,54671,54440,54424,54432,54420,54436,54734,54682,54676,54448],"class_list":{"0":"post-384164","1":"product","2":"type-product","3":"status-publish","4":"has-post-thumbnail","6":"product_cat-egypt-tours-es","7":"product_tag-actividades-en-pareja-bajo-techo-bahia-de-soma","8":"product_tag-actividades-familiares-de-soma-bay","9":"product_tag-actividades-infantiles-en-soma-bay","10":"product_tag-actividades-romanticas-para-parejas-en-la-bahia-de-soma","11":"product_tag-autobus-de-soma-bay-a-luxor","12":"product_tag-cosas-que-ver-en-la-bahia-de-soma","13":"product_tag-day-trips-from-soma-bay","14":"product_tag-dias-en-familia-desde-soma-bay","15":"product_tag-excursion-a-luxor-desde-soma-bay-es","16":"product_tag-excursion-a-luxor-desde-soma-bay","17":"product_tag-excursion-de-un-dia-a-luxor-desde-la-bahia-de-soma","18":"product_tag-excursion-de-un-dia-de-bahia-de-soma-a-luxor","19":"product_tag-excursiones-de-soma-bay-a-luxor","20":"product_tag-excursiones-de-un-dia-desde-soma-bay-es","21":"product_tag-excursiones-de-un-dia-desde-soma-bay","22":"product_tag-lugares-para-visitar-en-bahia-de-soma","23":"product_tag-traslado-de-luxor-a-soma-bay","24":"tour_category-luxor-excursiones-de-un-dia-desde-soma-bay","25":"tour_category-cosas-que-hacer-en-soma-bay","27":"first","28":"instock","29":"sale","30":"shipping-taxable","31":"purchasable","32":"product-type-tour"},"yoast_head":"<!-- This site is optimized with the Yoast SEO Premium plugin v26.9 (Yoast SEO v27.2) - https:\/\/yoast.com\/product\/yoast-seo-premium-wordpress\/ -->\n<title>De la bah\u00eda de Soma a Luxor Excursi\u00f3n de un d\u00eda al Valle de las Reinas en autob\u00fas<\/title>\n<meta name=\"description\" content=\"Excursi\u00f3n de un d\u00eda de la bah\u00eda de Soma a Luxor para visitar el Valle de las Reinas en autob\u00fas con gu\u00eda privado, almuerzo, entradas y traslado para visitar el templo de Karnak y el templo de Hatshepsut.\" \/>\n<meta name=\"robots\" content=\"index, follow, max-snippet:-1, max-image-preview:large, max-video-preview:-1\" \/>\n<link rel=\"canonical\" href=\"https:\/\/hurghadalovers.com\/es\/tours\/soma-bay-to-luxor-day-trip-to-valley-of-the-queens\/\" \/>\n<meta property=\"og:locale\" content=\"es_ES\" \/>\n<meta property=\"og:type\" content=\"article\" \/>\n<meta property=\"og:title\" content=\"De la bah\u00eda de Soma a Luxor Excursi\u00f3n de un d\u00eda al Valle de las Reinas en autob\u00fas\" \/>\n<meta property=\"og:description\" content=\"Excursi\u00f3n de un d\u00eda de la bah\u00eda de Soma a Luxor para visitar el Valle de las Reinas en autob\u00fas con gu\u00eda privado, almuerzo, entradas y traslado para visitar el templo de Karnak y el templo de Hatshepsut.\" \/>\n<meta property=\"og:url\" content=\"https:\/\/hurghadalovers.com\/es\/tours\/soma-bay-to-luxor-day-trip-to-valley-of-the-queens\/\" \/>\n<meta property=\"og:site_name\" content=\"Hurghada Excursions &amp; Day Trips | Booking Best Prices Tours\" \/>\n<meta property=\"article:publisher\" content=\"https:\/\/www.facebook.com\/Hurghadaloversegypt\" \/>\n<meta property=\"article:modified_time\" content=\"2026-02-07T15:33:22+00:00\" \/>\n<meta property=\"og:image\" content=\"https:\/\/hurghadalovers.com\/wp-content\/uploads\/2023\/08\/Soma-bay-To-Luxor-Day-Trip-to-Valley-of-The-Queens-by-Bus.jpeg\" \/>\n\t<meta property=\"og:image:width\" content=\"1536\" \/>\n\t<meta property=\"og:image:height\" content=\"1024\" \/>\n\t<meta property=\"og:image:type\" content=\"image\/jpeg\" \/>\n<meta name=\"twitter:card\" content=\"summary_large_image\" \/>\n<meta name=\"twitter:label1\" content=\"Precio\" \/>\n\t<meta name=\"twitter:data1\" content=\"&euro;&nbsp;65\" \/>\n\t<meta name=\"twitter:label2\" content=\"Disponibilidad\" \/>\n\t<meta name=\"twitter:data2\" content=\"Disponible\" \/>\n<script type=\"application\/ld+json\" class=\"yoast-schema-graph\">{\"@context\":\"https:\/\/schema.org\",\"@graph\":[{\"@type\":[\"WebPage\",\"ItemPage\"],\"@id\":\"https:\/\/hurghadalovers.com\/es\/tours\/soma-bay-to-luxor-day-trip-to-valley-of-the-queens\/\",\"url\":\"https:\/\/hurghadalovers.com\/es\/tours\/soma-bay-to-luxor-day-trip-to-valley-of-the-queens\/\",\"name\":\"De la bah\u00eda de Soma a Luxor Excursi\u00f3n de un d\u00eda al Valle de las Reinas en autob\u00fas\",\"isPartOf\":{\"@id\":\"https:\/\/hurghadalovers.com\/es\/#website\"},\"primaryImageOfPage\":{\"@id\":\"https:\/\/hurghadalovers.com\/es\/tours\/soma-bay-to-luxor-day-trip-to-valley-of-the-queens\/#primaryimage\"},\"image\":{\"@id\":\"https:\/\/hurghadalovers.com\/es\/tours\/soma-bay-to-luxor-day-trip-to-valley-of-the-queens\/#primaryimage\"},\"thumbnailUrl\":\"https:\/\/hurghadalovers.com\/wp-content\/uploads\/2023\/08\/Soma-bay-To-Luxor-Day-Trip-to-Valley-of-The-Queens-by-Bus.jpeg\",\"datePublished\":\"2023-08-26T20:31:34+00:00\",\"dateModified\":\"2026-02-07T15:33:22+00:00\",\"description\":\"Excursi\u00f3n de un d\u00eda de la bah\u00eda de Soma a Luxor para visitar el Valle de las Reinas en autob\u00fas con gu\u00eda privado, almuerzo, entradas y traslado para visitar el templo de Karnak y el templo de Hatshepsut.\",\"breadcrumb\":{\"@id\":\"https:\/\/hurghadalovers.com\/es\/tours\/soma-bay-to-luxor-day-trip-to-valley-of-the-queens\/#breadcrumb\"},\"inLanguage\":\"es\",\"potentialAction\":[{\"@type\":\"ReadAction\",\"target\":[\"https:\/\/hurghadalovers.com\/es\/tours\/soma-bay-to-luxor-day-trip-to-valley-of-the-queens\/\"]}]},{\"@type\":\"ImageObject\",\"inLanguage\":\"es\",\"@id\":\"https:\/\/hurghadalovers.com\/es\/tours\/soma-bay-to-luxor-day-trip-to-valley-of-the-queens\/#primaryimage\",\"url\":\"https:\/\/hurghadalovers.com\/wp-content\/uploads\/2023\/08\/Soma-bay-To-Luxor-Day-Trip-to-Valley-of-The-Queens-by-Bus.jpeg\",\"contentUrl\":\"https:\/\/hurghadalovers.com\/wp-content\/uploads\/2023\/08\/Soma-bay-To-Luxor-Day-Trip-to-Valley-of-The-Queens-by-Bus.jpeg\",\"width\":1536,\"height\":1024,\"caption\":\"De la bah\u00eda de Soma a Luxor Excursi\u00f3n de un d\u00eda al Valle de las Reinas en autob\u00fas\"},{\"@type\":\"BreadcrumbList\",\"@id\":\"https:\/\/hurghadalovers.com\/es\/tours\/soma-bay-to-luxor-day-trip-to-valley-of-the-queens\/#breadcrumb\",\"itemListElement\":[{\"@type\":\"ListItem\",\"position\":1,\"name\":\"Home\",\"item\":\"https:\/\/hurghadalovers.com\/es\/\"},{\"@type\":\"ListItem\",\"position\":2,\"name\":\"Tienda\",\"item\":\"https:\/\/hurghadalovers.com\/es\/tienda\/\"},{\"@type\":\"ListItem\",\"position\":3,\"name\":\"De la bah\u00eda de Soma a Luxor Excursi\u00f3n de un d\u00eda al Valle de las Reinas en autob\u00fas\"}]},{\"@type\":\"WebSite\",\"@id\":\"https:\/\/hurghadalovers.com\/es\/#website\",\"url\":\"https:\/\/hurghadalovers.com\/es\/\",\"name\":\"Hurghada Excursions & Day Trips | Booking Best Prices Tours\",\"description\":\"Hurghada Lovers - Best Tour Operator - Excursions &amp; Things to do for Family Day Trips with kids and Couples Romantic. Unique .Hidden gems\",\"publisher\":{\"@id\":\"https:\/\/hurghadalovers.com\/es\/#organization\"},\"alternateName\":\"Hurghada Excursions\",\"potentialAction\":[{\"@type\":\"SearchAction\",\"target\":{\"@type\":\"EntryPoint\",\"urlTemplate\":\"https:\/\/hurghadalovers.com\/es\/?s={search_term_string}\"},\"query-input\":{\"@type\":\"PropertyValueSpecification\",\"valueRequired\":true,\"valueName\":\"search_term_string\"}}],\"inLanguage\":\"es\"},{\"@type\":[\"Organization\",\"Place\",\"TravelAgency\"],\"@id\":\"https:\/\/hurghadalovers.com\/es\/#organization\",\"name\":\"Hurghada Excursions\",\"url\":\"https:\/\/hurghadalovers.com\/es\/\",\"logo\":{\"@id\":\"https:\/\/hurghadalovers.com\/es\/tours\/soma-bay-to-luxor-day-trip-to-valley-of-the-queens\/#local-main-organization-logo\"},\"image\":{\"@id\":\"https:\/\/hurghadalovers.com\/es\/tours\/soma-bay-to-luxor-day-trip-to-valley-of-the-queens\/#local-main-organization-logo\"},\"sameAs\":[\"https:\/\/www.facebook.com\/Hurghadaloversegypt\"],\"address\":{\"@id\":\"https:\/\/hurghadalovers.com\/es\/tours\/soma-bay-to-luxor-day-trip-to-valley-of-the-queens\/#local-main-place-address\"},\"telephone\":[\"00201112596434\"],\"contactPoint\":{\"@type\":\"ContactPoint\",\"telephone\":\"00201112596434\",\"email\":\"weyouface@gmail.com\"},\"openingHoursSpecification\":{\"@type\":\"OpeningHoursSpecification\",\"dayOfWeek\":[\"Monday\",\"Tuesday\",\"Wednesday\",\"Thursday\",\"Friday\",\"Saturday\",\"Sunday\"],\"opens\":\"00:00\",\"closes\":\"23:59\"},\"email\":\"weyouface@gmail.com\",\"areaServed\":\"Luxor, Hurghada, El Gouna, Aswan, Sharm El Sheikh, Giza, Alexandria, Marsa Alam, Quseir, Soma Bay, Sahl Hasheesh, Red Sea, Makadi Bay, Cairo\",\"priceRange\":\"$\",\"currenciesAccepted\":\"euro\",\"paymentAccepted\":\"cash on site\"},{\"@type\":\"PostalAddress\",\"@id\":\"https:\/\/hurghadalovers.com\/es\/tours\/soma-bay-to-luxor-day-trip-to-valley-of-the-queens\/#local-main-place-address\",\"streetAddress\":\"17 Banks street, Alkawther area, top nbk bank\",\"addressLocality\":\"hurghada\",\"postalCode\":\"84511\",\"addressRegion\":\"red sea\",\"addressCountry\":\"EG\"},{\"@type\":\"ImageObject\",\"inLanguage\":\"es\",\"@id\":\"https:\/\/hurghadalovers.com\/es\/tours\/soma-bay-to-luxor-day-trip-to-valley-of-the-queens\/#local-main-organization-logo\",\"url\":\"https:\/\/hurghadalovers.com\/wp-content\/uploads\/2019\/10\/hurghada-excursions-logo.png\",\"contentUrl\":\"https:\/\/hurghadalovers.com\/wp-content\/uploads\/2019\/10\/hurghada-excursions-logo.png\",\"width\":272,\"height\":90,\"caption\":\"Hurghada Excursions\"}]}<\/script>\n<meta property=\"product:brand\" content=\"Excursiones de un d\u00eda de Soma bay a Luxor\" \/>\n<meta property=\"product:price:amount\" content=\"65\" \/>\n<meta property=\"product:price:currency\" content=\"EUR\" \/>\n<meta property=\"og:availability\" content=\"instock\" \/>\n<meta property=\"product:availability\" content=\"instock\" \/>\n<meta property=\"product:retailer_item_id\" content=\"PrivateSomabay352024\" \/>\n<meta property=\"product:condition\" content=\"new\" \/>\n<meta name=\"geo.placename\" content=\"hurghada\" \/>\n<meta name=\"geo.region\" content=\"Egipto\" \/>\n<!-- \/ Yoast SEO Premium plugin. -->","yoast_head_json":{"title":"De la bah\u00eda de Soma a Luxor Excursi\u00f3n de un d\u00eda al Valle de las Reinas en autob\u00fas","description":"Excursi\u00f3n de un d\u00eda de la bah\u00eda de Soma a Luxor para visitar el Valle de las Reinas en autob\u00fas con gu\u00eda privado, almuerzo, entradas y traslado para visitar el templo de Karnak y el templo de Hatshepsut.","robots":{"index":"index","follow":"follow","max-snippet":"max-snippet:-1","max-image-preview":"max-image-preview:large","max-video-preview":"max-video-preview:-1"},"canonical":"https:\/\/hurghadalovers.com\/es\/tours\/soma-bay-to-luxor-day-trip-to-valley-of-the-queens\/","og_locale":"es_ES","og_type":"article","og_title":"De la bah\u00eda de Soma a Luxor Excursi\u00f3n de un d\u00eda al Valle de las Reinas en autob\u00fas","og_description":"Excursi\u00f3n de un d\u00eda de la bah\u00eda de Soma a Luxor para visitar el Valle de las Reinas en autob\u00fas con gu\u00eda privado, almuerzo, entradas y traslado para visitar el templo de Karnak y el templo de Hatshepsut.","og_url":"https:\/\/hurghadalovers.com\/es\/tours\/soma-bay-to-luxor-day-trip-to-valley-of-the-queens\/","og_site_name":"Hurghada Excursions &amp; Day Trips | Booking Best Prices Tours","article_publisher":"https:\/\/www.facebook.com\/Hurghadaloversegypt","article_modified_time":"2026-02-07T15:33:22+00:00","og_image":[{"width":1536,"height":1024,"url":"https:\/\/hurghadalovers.com\/wp-content\/uploads\/2023\/08\/Soma-bay-To-Luxor-Day-Trip-to-Valley-of-The-Queens-by-Bus.jpeg","type":"image\/jpeg"}],"twitter_card":"summary_large_image","twitter_misc":{"Precio":"&euro;&nbsp;65","Disponibilidad":"Disponible"},"schema":{"@context":"https:\/\/schema.org","@graph":[{"@type":["WebPage","ItemPage"],"@id":"https:\/\/hurghadalovers.com\/es\/tours\/soma-bay-to-luxor-day-trip-to-valley-of-the-queens\/","url":"https:\/\/hurghadalovers.com\/es\/tours\/soma-bay-to-luxor-day-trip-to-valley-of-the-queens\/","name":"De la bah\u00eda de Soma a Luxor Excursi\u00f3n de un d\u00eda al Valle de las Reinas en autob\u00fas","isPartOf":{"@id":"https:\/\/hurghadalovers.com\/es\/#website"},"primaryImageOfPage":{"@id":"https:\/\/hurghadalovers.com\/es\/tours\/soma-bay-to-luxor-day-trip-to-valley-of-the-queens\/#primaryimage"},"image":{"@id":"https:\/\/hurghadalovers.com\/es\/tours\/soma-bay-to-luxor-day-trip-to-valley-of-the-queens\/#primaryimage"},"thumbnailUrl":"https:\/\/hurghadalovers.com\/wp-content\/uploads\/2023\/08\/Soma-bay-To-Luxor-Day-Trip-to-Valley-of-The-Queens-by-Bus.jpeg","datePublished":"2023-08-26T20:31:34+00:00","dateModified":"2026-02-07T15:33:22+00:00","description":"Excursi\u00f3n de un d\u00eda de la bah\u00eda de Soma a Luxor para visitar el Valle de las Reinas en autob\u00fas con gu\u00eda privado, almuerzo, entradas y traslado para visitar el templo de Karnak y el templo de Hatshepsut.","breadcrumb":{"@id":"https:\/\/hurghadalovers.com\/es\/tours\/soma-bay-to-luxor-day-trip-to-valley-of-the-queens\/#breadcrumb"},"inLanguage":"es","potentialAction":[{"@type":"ReadAction","target":["https:\/\/hurghadalovers.com\/es\/tours\/soma-bay-to-luxor-day-trip-to-valley-of-the-queens\/"]}]},{"@type":"ImageObject","inLanguage":"es","@id":"https:\/\/hurghadalovers.com\/es\/tours\/soma-bay-to-luxor-day-trip-to-valley-of-the-queens\/#primaryimage","url":"https:\/\/hurghadalovers.com\/wp-content\/uploads\/2023\/08\/Soma-bay-To-Luxor-Day-Trip-to-Valley-of-The-Queens-by-Bus.jpeg","contentUrl":"https:\/\/hurghadalovers.com\/wp-content\/uploads\/2023\/08\/Soma-bay-To-Luxor-Day-Trip-to-Valley-of-The-Queens-by-Bus.jpeg","width":1536,"height":1024,"caption":"De la bah\u00eda de Soma a Luxor Excursi\u00f3n de un d\u00eda al Valle de las Reinas en autob\u00fas"},{"@type":"BreadcrumbList","@id":"https:\/\/hurghadalovers.com\/es\/tours\/soma-bay-to-luxor-day-trip-to-valley-of-the-queens\/#breadcrumb","itemListElement":[{"@type":"ListItem","position":1,"name":"Home","item":"https:\/\/hurghadalovers.com\/es\/"},{"@type":"ListItem","position":2,"name":"Tienda","item":"https:\/\/hurghadalovers.com\/es\/tienda\/"},{"@type":"ListItem","position":3,"name":"De la bah\u00eda de Soma a Luxor Excursi\u00f3n de un d\u00eda al Valle de las Reinas en autob\u00fas"}]},{"@type":"WebSite","@id":"https:\/\/hurghadalovers.com\/es\/#website","url":"https:\/\/hurghadalovers.com\/es\/","name":"Hurghada Excursions & Day Trips | Booking Best Prices Tours","description":"Hurghada Lovers - Best Tour Operator - Excursions &amp; Things to do for Family Day Trips with kids and Couples Romantic. Unique .Hidden gems","publisher":{"@id":"https:\/\/hurghadalovers.com\/es\/#organization"},"alternateName":"Hurghada Excursions","potentialAction":[{"@type":"SearchAction","target":{"@type":"EntryPoint","urlTemplate":"https:\/\/hurghadalovers.com\/es\/?s={search_term_string}"},"query-input":{"@type":"PropertyValueSpecification","valueRequired":true,"valueName":"search_term_string"}}],"inLanguage":"es"},{"@type":["Organization","Place","TravelAgency"],"@id":"https:\/\/hurghadalovers.com\/es\/#organization","name":"Hurghada Excursions","url":"https:\/\/hurghadalovers.com\/es\/","logo":{"@id":"https:\/\/hurghadalovers.com\/es\/tours\/soma-bay-to-luxor-day-trip-to-valley-of-the-queens\/#local-main-organization-logo"},"image":{"@id":"https:\/\/hurghadalovers.com\/es\/tours\/soma-bay-to-luxor-day-trip-to-valley-of-the-queens\/#local-main-organization-logo"},"sameAs":["https:\/\/www.facebook.com\/Hurghadaloversegypt"],"address":{"@id":"https:\/\/hurghadalovers.com\/es\/tours\/soma-bay-to-luxor-day-trip-to-valley-of-the-queens\/#local-main-place-address"},"telephone":["00201112596434"],"contactPoint":{"@type":"ContactPoint","telephone":"00201112596434","email":"weyouface@gmail.com"},"openingHoursSpecification":{"@type":"OpeningHoursSpecification","dayOfWeek":["Monday","Tuesday","Wednesday","Thursday","Friday","Saturday","Sunday"],"opens":"00:00","closes":"23:59"},"email":"weyouface@gmail.com","areaServed":"Luxor, Hurghada, El Gouna, Aswan, Sharm El Sheikh, Giza, Alexandria, Marsa Alam, Quseir, Soma Bay, Sahl Hasheesh, Red Sea, Makadi Bay, Cairo","priceRange":"$","currenciesAccepted":"euro","paymentAccepted":"cash on site"},{"@type":"PostalAddress","@id":"https:\/\/hurghadalovers.com\/es\/tours\/soma-bay-to-luxor-day-trip-to-valley-of-the-queens\/#local-main-place-address","streetAddress":"17 Banks street, Alkawther area, top nbk bank","addressLocality":"hurghada","postalCode":"84511","addressRegion":"red sea","addressCountry":"EG"},{"@type":"ImageObject","inLanguage":"es","@id":"https:\/\/hurghadalovers.com\/es\/tours\/soma-bay-to-luxor-day-trip-to-valley-of-the-queens\/#local-main-organization-logo","url":"https:\/\/hurghadalovers.com\/wp-content\/uploads\/2019\/10\/hurghada-excursions-logo.png","contentUrl":"https:\/\/hurghadalovers.com\/wp-content\/uploads\/2019\/10\/hurghada-excursions-logo.png","width":272,"height":90,"caption":"Hurghada Excursions"}]},"product_brand":"Excursiones de un d\u00eda de Soma bay a Luxor","product_price_amount":"65","product_price_currency":"EUR","og_availability":"instock","product_availability":"instock","product_retailer_item_id":"PrivateSomabay352024","product_condition":"new","geo.placename":"hurghada","geo.region":"Egipto"},"_links":{"self":[{"href":"https:\/\/hurghadalovers.com\/es\/wp-json\/wp\/v2\/product\/384164","targetHints":{"allow":["GET"]}}],"collection":[{"href":"https:\/\/hurghadalovers.com\/es\/wp-json\/wp\/v2\/product"}],"about":[{"href":"https:\/\/hurghadalovers.com\/es\/wp-json\/wp\/v2\/types\/product"}],"wp:featuredmedia":[{"embeddable":true,"href":"https:\/\/hurghadalovers.com\/es\/wp-json\/wp\/v2\/media\/384113"}],"wp:attachment":[{"href":"https:\/\/hurghadalovers.com\/es\/wp-json\/wp\/v2\/media?parent=384164"}],"wp:term":[{"taxonomy":"product_brand","embeddable":true,"href":"https:\/\/hurghadalovers.com\/es\/wp-json\/wp\/v2\/product_brand?post=384164"},{"taxonomy":"product_cat","embeddable":true,"href":"https:\/\/hurghadalovers.com\/es\/wp-json\/wp\/v2\/product_cat?post=384164"},{"taxonomy":"product_tag","embeddable":true,"href":"https:\/\/hurghadalovers.com\/es\/wp-json\/wp\/v2\/product_tag?post=384164"}],"curies":[{"name":"wp","href":"https:\/\/api.w.org\/{rel}","templated":true}]}}