{"id":383720,"date":"2023-08-26T15:17:06","date_gmt":"2023-08-26T15:17:06","guid":{"rendered":"https:\/\/hurghadalovers.com\/shop\/sin categor\u00eda\/soma-bay-tours-privados-a-luxor-y-aswan-3-dias\/"},"modified":"2026-02-09T08:40:30","modified_gmt":"2026-02-09T08:40:30","slug":"private-soma-bay-tours-to-luxor-aswan-3-days","status":"publish","type":"product","link":"https:\/\/hurghadalovers.com\/es\/tours\/private-soma-bay-tours-to-luxor-aswan-3-days\/","title":{"rendered":"Soma Bay Tours Privados a Luxor y Aswan &#8211; 3 D\u00edas"},"content":{"rendered":"<p><strong>Soma Bay <\/strong><strong>Tours<\/strong> <strong>Privados <\/strong><strong>a Luxor<\/strong> y Aswan &#8211; 3 D\u00edas con Gu\u00eda Privado, Entradas y Almuerzo.<\/p>\n<p>Un recorrido especial de 3 d\u00edas para todos los amantes de la antigua civilizaci\u00f3n de Egipto para descubrir nuevos datos y secretos sobre los reyes de los faraones y visitar los templos y tumbas reales m\u00e1s importantes de Luxor y Asu\u00e1n y mucho m\u00e1s.<\/p>\n<p>&nbsp;<\/p>\n<p><strong>Lo m\u00e1s destacado:<\/strong><\/p>\n<ul>\n<li>Templo de Karnak.<\/li>\n<li>Colosos de Memnon.<\/li>\n<li>Templo funerario de Hatshepsut.<\/li>\n<li>3 Tumbas en el Valle de los Reyes .<\/li>\n<li>El complejo del templo de Philae.<\/li>\n<li>El Obelisco Inacabado.<\/li>\n<li>Templo de Edfu.<\/li>\n<li>Templo de Kom Ombo.<\/li>\n<li>La Presa Alta.<\/li>\n<li>Templos de Abu Simbel.<\/li>\n<li>Comida en el restaurante \u00abVegetarians Food is available\u00bb.<\/li>\n<\/ul>\n<p><strong>Privado <\/strong><strong>Bah\u00eda de Soma <\/strong><strong>Excursiones a Luxor y Asu\u00e1n Detalles:<\/strong><\/p>\n<ul>\n<li>Disponibilidad de visitas: Todos los d\u00edas.<\/li>\n<li>Tipo de excursi\u00f3n: Privado en Coche o Minivan.<\/li>\n<li>Hora de recogida: A partir de las 05:30 A.M.<\/li>\n<li>Pidiendo Hotel obtener su bolsa de desayuno con usted por la ma\u00f1ana.<\/li>\n<li>Hora de recogida: 19:00.<\/li>\n<li>Accesible en silla de ruedas.<\/li>\n<li>Duraci\u00f3n: 3 d\u00edas \/ 2 noches.<\/li>\n<\/ul>\n<p><strong>Reserve ahora y pague despu\u00e9s:<\/strong><\/p>\n<ul>\n<li>Efectivo en el sitio para guiar.<\/li>\n<li>Pago en libras egipcias, $, \u20ac o \u00a3.<\/li>\n<\/ul>\n<p><strong>Pol\u00edtica de cancelaci\u00f3n:<\/strong><\/p>\n<ul>\n<li>Cancelar con 24 horas de antelaci\u00f3n.<\/li>\n<li>Cuando alguien de su familia cancele la ma\u00f1ana, pagar\u00e1 el 50% del coste.<\/li>\n<\/ul>\n<p><strong>\u00bfQu\u00e9 incluye?<\/strong><\/p>\n<ul>\n<li>Traslado desde los hoteles de la bah\u00eda de Soma \u00abRecogida y entrega en el hotel\u00bb.<\/li>\n<li>Todos los impuestos, entradas y gastos de gesti\u00f3n.<\/li>\n<li>Traslados.<\/li>\n<li>Gu\u00eda tur\u00edstico.<\/li>\n<li>2 Noches de Hotel con Desayuno.<\/li>\n<li>Bebidas.<\/li>\n<li>3 Almuerzo en restaurante.<\/li>\n<\/ul>\n<p><strong>\u00bfExclusiones?<\/strong><\/p>\n<ul>\n<li>Propinas.<\/li>\n<li>Excursi\u00f3n en felucca \u00abCrucero en barco\u00bb Durante 35 min= 10$.<\/li>\n<li>Cualquier extra no mencionado.<\/li>\n<\/ul>\n<p><strong>se puede a\u00f1adir en el primer d\u00eda o puede relajarse en el hotel:<\/strong><\/p>\n<ul>\n<li>Felucca privada de 30 minutos en el r\u00edo Nilo.<\/li>\n<li>Museo de la momificaci\u00f3n.<\/li>\n<\/ul>\n<p><strong>puede a\u00f1adir en Segundo D\u00eda:<\/strong><\/p>\n<ul>\n<li>La reina Nefertiti en el Valle de las Reinas.<\/li>\n<li>De compras.<\/li>\n<li>O visitar el templo de Dendera<\/li>\n<li>Paseo en globo aerost\u00e1tico.<\/li>\n<\/ul>\n<p><strong>Los precios:<\/strong><\/p>\n<ul>\n<li><strong>Precio Adulto = desde<\/strong><strong>520$ por Persona<\/strong>.<\/li>\n<li>Precio para ni\u00f1os \u00ab5-12\u2033= 50%.<\/li>\n<li>para ni\u00f1os \u00ab0-5\u2033= Gratis.<\/li>\n<\/ul>\n<p><strong>Rese\u00f1as:<\/strong><\/p>\n<p>Compruebe nuestros comentarios de Google Map como Mejor <a href=\"https:\/\/g.page\/r\/CUeYvkngP3wkEBM\/review\">Tour Operador en<\/a> <a href=\"https:\/\/hurghadalovers.com\/\">Hurghada<\/a> en l\u00ednea en <a href=\"https:\/\/hurghadalovers.com\/\">Hurghada<\/a> Egipto.<\/p>\n<p>&nbsp;<\/p>\n<p><strong>Reserva:<\/strong><\/p>\n<p>Enviar hotel + N\u00famero de habitaci\u00f3n + Foto pasaportes a WhatsApp: <strong>+201112596434<\/strong><\/p>\n<p>Si usted fuera de Egipto Reserva ahora en l\u00ednea y confirmar a su llegada Hotel.<\/p>\n<p>&nbsp;<\/p>\n<p>&nbsp;<\/p>\n","protected":false},"excerpt":{"rendered":"<p>Soma Bay Tours Privados a Luxor y Aswan &#8211; 3 D\u00edas con Gu\u00eda Privado, Entradas y Almuerzo. descubra nuevos datos y secretos sobre los reyes faraones<\/p>\n","protected":false},"featured_media":132040,"template":"","meta":{"_joinchat":[]},"product_brand":[],"product_cat":[29871],"product_tag":[54508,54713,54629,54428,54444,54519,54365,54617,54635,54622,54440,54424,54432,54420,54452,54436,54514,54504,54456,54368,50867,54448],"class_list":{"0":"post-383720","1":"product","2":"type-product","3":"status-publish","4":"has-post-thumbnail","6":"product_cat-egypt-tours-es","7":"product_tag-actividades-en-la-bahia-de-soma","8":"product_tag-actividades-para-adolescentes-de-soma-bay","9":"product_tag-actividades-para-parejas-en-soma-bay","10":"product_tag-autobus-de-soma-bay-a-luxor","11":"product_tag-bahia-de-soma-a-valle-de-los-reyes","12":"product_tag-bahia-de-soma-que-hacer","13":"product_tag-cosas-que-hacer-en-familia-desde-soma-bay","14":"product_tag-cosas-que-hacer-en-soma-bay","15":"product_tag-cosas-que-hacer-en-soma-bay-en-pareja","16":"product_tag-cosas-romanticas-que-hacer-desde-soma-bay","17":"product_tag-excursion-a-luxor-desde-soma-bay-es","18":"product_tag-excursion-a-luxor-desde-soma-bay","19":"product_tag-excursion-de-un-dia-a-luxor-desde-la-bahia-de-soma","20":"product_tag-excursion-de-un-dia-de-bahia-de-soma-a-luxor","21":"product_tag-excursion-privada-a-luxor-desde-soma-bay","22":"product_tag-excursiones-de-soma-bay-a-luxor","23":"product_tag-excursiones-de-un-dia-a-la-bahia-de-soma","24":"product_tag-excursiones-por-la-bahia-de-soma","25":"product_tag-globo-aerostatico-soma-bay","26":"product_tag-lugares-de-diversion-familiar-de-soma-bay","27":"product_tag-luxor-visitas-privadas","28":"product_tag-traslado-de-luxor-a-soma-bay","29":"tour_category-luxor-excursiones-de-un-dia-desde-soma-bay","30":"tour_category-cosas-que-hacer-en-soma-bay","32":"first","33":"instock","34":"sale","35":"shipping-taxable","36":"purchasable","37":"product-type-tour"},"yoast_head":"<!-- This site is optimized with the Yoast SEO Premium plugin v26.9 (Yoast SEO v27.2) - https:\/\/yoast.com\/product\/yoast-seo-premium-wordpress\/ -->\n<title>Soma Bay Tours Privados a Luxor y Aswan - 3 D\u00edas<\/title>\n<meta name=\"description\" content=\"Soma Bay Tours Privados a Luxor y Aswan - 3 D\u00edas con Gu\u00eda Privado, Entradas y Almuerzo. descubra nuevos datos y secretos sobre los reyes faraones\" \/>\n<meta name=\"robots\" content=\"index, follow, max-snippet:-1, max-image-preview:large, max-video-preview:-1\" \/>\n<link rel=\"canonical\" href=\"https:\/\/hurghadalovers.com\/es\/tours\/private-soma-bay-tours-to-luxor-aswan-3-days\/\" \/>\n<meta property=\"og:locale\" content=\"es_ES\" \/>\n<meta property=\"og:type\" content=\"article\" \/>\n<meta property=\"og:title\" content=\"Soma Bay Tours Privados a Luxor y Aswan - 3 D\u00edas\" \/>\n<meta property=\"og:description\" content=\"Soma Bay Tours Privados a Luxor y Aswan - 3 D\u00edas con Gu\u00eda Privado, Entradas y Almuerzo. descubra nuevos datos y secretos sobre los reyes faraones\" \/>\n<meta property=\"og:url\" content=\"https:\/\/hurghadalovers.com\/es\/tours\/private-soma-bay-tours-to-luxor-aswan-3-days\/\" \/>\n<meta property=\"og:site_name\" content=\"Hurghada Excursions &amp; Day Trips | Booking Best Prices Tours\" \/>\n<meta property=\"article:publisher\" content=\"https:\/\/www.facebook.com\/Hurghadaloversegypt\" \/>\n<meta property=\"article:modified_time\" content=\"2026-02-09T08:40:30+00:00\" \/>\n<meta property=\"og:image\" content=\"https:\/\/hurghadalovers.com\/wp-content\/uploads\/2022\/07\/Dagtrips-Aswan-vanuit-Sahl-Hasheesh-Egypte-De-Beste-Excursies-Abu-Simbel-Luxe-prive\u0301-met-de-bus-met-Nederlandstalige-gids.jpeg\" \/>\n\t<meta property=\"og:image:width\" content=\"1555\" \/>\n\t<meta property=\"og:image:height\" content=\"893\" \/>\n\t<meta property=\"og:image:type\" content=\"image\/jpeg\" \/>\n<meta name=\"twitter:card\" content=\"summary_large_image\" \/>\n<meta name=\"twitter:label1\" content=\"Precio\" \/>\n\t<meta name=\"twitter:data1\" content=\"&euro;&nbsp;550\" \/>\n\t<meta name=\"twitter:label2\" content=\"Disponibilidad\" \/>\n\t<meta name=\"twitter:data2\" content=\"Disponible\" \/>\n<script type=\"application\/ld+json\" class=\"yoast-schema-graph\">{\"@context\":\"https:\/\/schema.org\",\"@graph\":[{\"@type\":[\"WebPage\",\"ItemPage\"],\"@id\":\"https:\/\/hurghadalovers.com\/es\/tours\/private-soma-bay-tours-to-luxor-aswan-3-days\/\",\"url\":\"https:\/\/hurghadalovers.com\/es\/tours\/private-soma-bay-tours-to-luxor-aswan-3-days\/\",\"name\":\"Soma Bay Tours Privados a Luxor y Aswan - 3 D\u00edas\",\"isPartOf\":{\"@id\":\"https:\/\/hurghadalovers.com\/es\/#website\"},\"primaryImageOfPage\":{\"@id\":\"https:\/\/hurghadalovers.com\/es\/tours\/private-soma-bay-tours-to-luxor-aswan-3-days\/#primaryimage\"},\"image\":{\"@id\":\"https:\/\/hurghadalovers.com\/es\/tours\/private-soma-bay-tours-to-luxor-aswan-3-days\/#primaryimage\"},\"thumbnailUrl\":\"https:\/\/hurghadalovers.com\/wp-content\/uploads\/2022\/07\/Dagtrips-Aswan-vanuit-Sahl-Hasheesh-Egypte-De-Beste-Excursies-Abu-Simbel-Luxe-prive\u0301-met-de-bus-met-Nederlandstalige-gids.jpeg\",\"datePublished\":\"2023-08-26T15:17:06+00:00\",\"dateModified\":\"2026-02-09T08:40:30+00:00\",\"description\":\"Soma Bay Tours Privados a Luxor y Aswan - 3 D\u00edas con Gu\u00eda Privado, Entradas y Almuerzo. descubra nuevos datos y secretos sobre los reyes faraones\",\"breadcrumb\":{\"@id\":\"https:\/\/hurghadalovers.com\/es\/tours\/private-soma-bay-tours-to-luxor-aswan-3-days\/#breadcrumb\"},\"inLanguage\":\"es\",\"potentialAction\":[{\"@type\":\"ReadAction\",\"target\":[\"https:\/\/hurghadalovers.com\/es\/tours\/private-soma-bay-tours-to-luxor-aswan-3-days\/\"]}]},{\"@type\":\"ImageObject\",\"inLanguage\":\"es\",\"@id\":\"https:\/\/hurghadalovers.com\/es\/tours\/private-soma-bay-tours-to-luxor-aswan-3-days\/#primaryimage\",\"url\":\"https:\/\/hurghadalovers.com\/wp-content\/uploads\/2022\/07\/Dagtrips-Aswan-vanuit-Sahl-Hasheesh-Egypte-De-Beste-Excursies-Abu-Simbel-Luxe-prive\u0301-met-de-bus-met-Nederlandstalige-gids.jpeg\",\"contentUrl\":\"https:\/\/hurghadalovers.com\/wp-content\/uploads\/2022\/07\/Dagtrips-Aswan-vanuit-Sahl-Hasheesh-Egypte-De-Beste-Excursies-Abu-Simbel-Luxe-prive\u0301-met-de-bus-met-Nederlandstalige-gids.jpeg\",\"width\":1555,\"height\":893,\"caption\":\"Dagtrips Aswan vanuit Sahl Hasheesh Egypte | De Beste Excursies Abu Simbel Luxe priv\u00e9 \/ met de bus met Nederlandstalige gids.\"},{\"@type\":\"BreadcrumbList\",\"@id\":\"https:\/\/hurghadalovers.com\/es\/tours\/private-soma-bay-tours-to-luxor-aswan-3-days\/#breadcrumb\",\"itemListElement\":[{\"@type\":\"ListItem\",\"position\":1,\"name\":\"Home\",\"item\":\"https:\/\/hurghadalovers.com\/es\/\"},{\"@type\":\"ListItem\",\"position\":2,\"name\":\"Tienda\",\"item\":\"https:\/\/hurghadalovers.com\/es\/tienda\/\"},{\"@type\":\"ListItem\",\"position\":3,\"name\":\"Soma Bay Tours Privados a Luxor y Aswan &#8211; 3 D\u00edas\"}]},{\"@type\":\"WebSite\",\"@id\":\"https:\/\/hurghadalovers.com\/es\/#website\",\"url\":\"https:\/\/hurghadalovers.com\/es\/\",\"name\":\"Hurghada Excursions & Day Trips | Booking Best Prices Tours\",\"description\":\"Hurghada Lovers - Best Tour Operator - Excursions &amp; Things to do for Family Day Trips with kids and Couples Romantic. Unique .Hidden gems\",\"publisher\":{\"@id\":\"https:\/\/hurghadalovers.com\/es\/#organization\"},\"alternateName\":\"Hurghada Excursions\",\"potentialAction\":[{\"@type\":\"SearchAction\",\"target\":{\"@type\":\"EntryPoint\",\"urlTemplate\":\"https:\/\/hurghadalovers.com\/es\/?s={search_term_string}\"},\"query-input\":{\"@type\":\"PropertyValueSpecification\",\"valueRequired\":true,\"valueName\":\"search_term_string\"}}],\"inLanguage\":\"es\"},{\"@type\":[\"Organization\",\"Place\",\"TravelAgency\"],\"@id\":\"https:\/\/hurghadalovers.com\/es\/#organization\",\"name\":\"Hurghada Excursions\",\"url\":\"https:\/\/hurghadalovers.com\/es\/\",\"logo\":{\"@id\":\"https:\/\/hurghadalovers.com\/es\/tours\/private-soma-bay-tours-to-luxor-aswan-3-days\/#local-main-organization-logo\"},\"image\":{\"@id\":\"https:\/\/hurghadalovers.com\/es\/tours\/private-soma-bay-tours-to-luxor-aswan-3-days\/#local-main-organization-logo\"},\"sameAs\":[\"https:\/\/www.facebook.com\/Hurghadaloversegypt\"],\"address\":{\"@id\":\"https:\/\/hurghadalovers.com\/es\/tours\/private-soma-bay-tours-to-luxor-aswan-3-days\/#local-main-place-address\"},\"telephone\":[\"00201112596434\"],\"contactPoint\":{\"@type\":\"ContactPoint\",\"telephone\":\"00201112596434\",\"email\":\"weyouface@gmail.com\"},\"openingHoursSpecification\":{\"@type\":\"OpeningHoursSpecification\",\"dayOfWeek\":[\"Monday\",\"Tuesday\",\"Wednesday\",\"Thursday\",\"Friday\",\"Saturday\",\"Sunday\"],\"opens\":\"00:00\",\"closes\":\"23:59\"},\"email\":\"weyouface@gmail.com\",\"areaServed\":\"Luxor, Hurghada, El Gouna, Aswan, Sharm El Sheikh, Giza, Alexandria, Marsa Alam, Quseir, Soma Bay, Sahl Hasheesh, Red Sea, Makadi Bay, Cairo\",\"priceRange\":\"$\",\"currenciesAccepted\":\"euro\",\"paymentAccepted\":\"cash on site\"},{\"@type\":\"PostalAddress\",\"@id\":\"https:\/\/hurghadalovers.com\/es\/tours\/private-soma-bay-tours-to-luxor-aswan-3-days\/#local-main-place-address\",\"streetAddress\":\"17 Banks street, Alkawther area, top nbk bank\",\"addressLocality\":\"hurghada\",\"postalCode\":\"84511\",\"addressRegion\":\"red sea\",\"addressCountry\":\"EG\"},{\"@type\":\"ImageObject\",\"inLanguage\":\"es\",\"@id\":\"https:\/\/hurghadalovers.com\/es\/tours\/private-soma-bay-tours-to-luxor-aswan-3-days\/#local-main-organization-logo\",\"url\":\"https:\/\/hurghadalovers.com\/wp-content\/uploads\/2019\/10\/hurghada-excursions-logo.png\",\"contentUrl\":\"https:\/\/hurghadalovers.com\/wp-content\/uploads\/2019\/10\/hurghada-excursions-logo.png\",\"width\":272,\"height\":90,\"caption\":\"Hurghada Excursions\"}]}<\/script>\n<meta property=\"product:brand\" content=\"Excursiones de un d\u00eda de Soma bay a Luxor\" \/>\n<meta property=\"product:price:amount\" content=\"550\" \/>\n<meta property=\"product:price:currency\" content=\"EUR\" \/>\n<meta property=\"og:availability\" content=\"instock\" \/>\n<meta property=\"product:availability\" content=\"instock\" \/>\n<meta property=\"product:retailer_item_id\" content=\"PrivateSoma012024\" \/>\n<meta property=\"product:condition\" content=\"new\" \/>\n<meta name=\"geo.placename\" content=\"hurghada\" \/>\n<meta name=\"geo.region\" content=\"Egipto\" \/>\n<!-- \/ Yoast SEO Premium plugin. -->","yoast_head_json":{"title":"Soma Bay Tours Privados a Luxor y Aswan - 3 D\u00edas","description":"Soma Bay Tours Privados a Luxor y Aswan - 3 D\u00edas con Gu\u00eda Privado, Entradas y Almuerzo. descubra nuevos datos y secretos sobre los reyes faraones","robots":{"index":"index","follow":"follow","max-snippet":"max-snippet:-1","max-image-preview":"max-image-preview:large","max-video-preview":"max-video-preview:-1"},"canonical":"https:\/\/hurghadalovers.com\/es\/tours\/private-soma-bay-tours-to-luxor-aswan-3-days\/","og_locale":"es_ES","og_type":"article","og_title":"Soma Bay Tours Privados a Luxor y Aswan - 3 D\u00edas","og_description":"Soma Bay Tours Privados a Luxor y Aswan - 3 D\u00edas con Gu\u00eda Privado, Entradas y Almuerzo. descubra nuevos datos y secretos sobre los reyes faraones","og_url":"https:\/\/hurghadalovers.com\/es\/tours\/private-soma-bay-tours-to-luxor-aswan-3-days\/","og_site_name":"Hurghada Excursions &amp; Day Trips | Booking Best Prices Tours","article_publisher":"https:\/\/www.facebook.com\/Hurghadaloversegypt","article_modified_time":"2026-02-09T08:40:30+00:00","og_image":[{"width":1555,"height":893,"url":"https:\/\/hurghadalovers.com\/wp-content\/uploads\/2022\/07\/Dagtrips-Aswan-vanuit-Sahl-Hasheesh-Egypte-De-Beste-Excursies-Abu-Simbel-Luxe-prive\u0301-met-de-bus-met-Nederlandstalige-gids.jpeg","type":"image\/jpeg"}],"twitter_card":"summary_large_image","twitter_misc":{"Precio":"&euro;&nbsp;550","Disponibilidad":"Disponible"},"schema":{"@context":"https:\/\/schema.org","@graph":[{"@type":["WebPage","ItemPage"],"@id":"https:\/\/hurghadalovers.com\/es\/tours\/private-soma-bay-tours-to-luxor-aswan-3-days\/","url":"https:\/\/hurghadalovers.com\/es\/tours\/private-soma-bay-tours-to-luxor-aswan-3-days\/","name":"Soma Bay Tours Privados a Luxor y Aswan - 3 D\u00edas","isPartOf":{"@id":"https:\/\/hurghadalovers.com\/es\/#website"},"primaryImageOfPage":{"@id":"https:\/\/hurghadalovers.com\/es\/tours\/private-soma-bay-tours-to-luxor-aswan-3-days\/#primaryimage"},"image":{"@id":"https:\/\/hurghadalovers.com\/es\/tours\/private-soma-bay-tours-to-luxor-aswan-3-days\/#primaryimage"},"thumbnailUrl":"https:\/\/hurghadalovers.com\/wp-content\/uploads\/2022\/07\/Dagtrips-Aswan-vanuit-Sahl-Hasheesh-Egypte-De-Beste-Excursies-Abu-Simbel-Luxe-prive\u0301-met-de-bus-met-Nederlandstalige-gids.jpeg","datePublished":"2023-08-26T15:17:06+00:00","dateModified":"2026-02-09T08:40:30+00:00","description":"Soma Bay Tours Privados a Luxor y Aswan - 3 D\u00edas con Gu\u00eda Privado, Entradas y Almuerzo. descubra nuevos datos y secretos sobre los reyes faraones","breadcrumb":{"@id":"https:\/\/hurghadalovers.com\/es\/tours\/private-soma-bay-tours-to-luxor-aswan-3-days\/#breadcrumb"},"inLanguage":"es","potentialAction":[{"@type":"ReadAction","target":["https:\/\/hurghadalovers.com\/es\/tours\/private-soma-bay-tours-to-luxor-aswan-3-days\/"]}]},{"@type":"ImageObject","inLanguage":"es","@id":"https:\/\/hurghadalovers.com\/es\/tours\/private-soma-bay-tours-to-luxor-aswan-3-days\/#primaryimage","url":"https:\/\/hurghadalovers.com\/wp-content\/uploads\/2022\/07\/Dagtrips-Aswan-vanuit-Sahl-Hasheesh-Egypte-De-Beste-Excursies-Abu-Simbel-Luxe-prive\u0301-met-de-bus-met-Nederlandstalige-gids.jpeg","contentUrl":"https:\/\/hurghadalovers.com\/wp-content\/uploads\/2022\/07\/Dagtrips-Aswan-vanuit-Sahl-Hasheesh-Egypte-De-Beste-Excursies-Abu-Simbel-Luxe-prive\u0301-met-de-bus-met-Nederlandstalige-gids.jpeg","width":1555,"height":893,"caption":"Dagtrips Aswan vanuit Sahl Hasheesh Egypte | De Beste Excursies Abu Simbel Luxe priv\u00e9 \/ met de bus met Nederlandstalige gids."},{"@type":"BreadcrumbList","@id":"https:\/\/hurghadalovers.com\/es\/tours\/private-soma-bay-tours-to-luxor-aswan-3-days\/#breadcrumb","itemListElement":[{"@type":"ListItem","position":1,"name":"Home","item":"https:\/\/hurghadalovers.com\/es\/"},{"@type":"ListItem","position":2,"name":"Tienda","item":"https:\/\/hurghadalovers.com\/es\/tienda\/"},{"@type":"ListItem","position":3,"name":"Soma Bay Tours Privados a Luxor y Aswan &#8211; 3 D\u00edas"}]},{"@type":"WebSite","@id":"https:\/\/hurghadalovers.com\/es\/#website","url":"https:\/\/hurghadalovers.com\/es\/","name":"Hurghada Excursions & Day Trips | Booking Best Prices Tours","description":"Hurghada Lovers - Best Tour Operator - Excursions &amp; Things to do for Family Day Trips with kids and Couples Romantic. Unique .Hidden gems","publisher":{"@id":"https:\/\/hurghadalovers.com\/es\/#organization"},"alternateName":"Hurghada Excursions","potentialAction":[{"@type":"SearchAction","target":{"@type":"EntryPoint","urlTemplate":"https:\/\/hurghadalovers.com\/es\/?s={search_term_string}"},"query-input":{"@type":"PropertyValueSpecification","valueRequired":true,"valueName":"search_term_string"}}],"inLanguage":"es"},{"@type":["Organization","Place","TravelAgency"],"@id":"https:\/\/hurghadalovers.com\/es\/#organization","name":"Hurghada Excursions","url":"https:\/\/hurghadalovers.com\/es\/","logo":{"@id":"https:\/\/hurghadalovers.com\/es\/tours\/private-soma-bay-tours-to-luxor-aswan-3-days\/#local-main-organization-logo"},"image":{"@id":"https:\/\/hurghadalovers.com\/es\/tours\/private-soma-bay-tours-to-luxor-aswan-3-days\/#local-main-organization-logo"},"sameAs":["https:\/\/www.facebook.com\/Hurghadaloversegypt"],"address":{"@id":"https:\/\/hurghadalovers.com\/es\/tours\/private-soma-bay-tours-to-luxor-aswan-3-days\/#local-main-place-address"},"telephone":["00201112596434"],"contactPoint":{"@type":"ContactPoint","telephone":"00201112596434","email":"weyouface@gmail.com"},"openingHoursSpecification":{"@type":"OpeningHoursSpecification","dayOfWeek":["Monday","Tuesday","Wednesday","Thursday","Friday","Saturday","Sunday"],"opens":"00:00","closes":"23:59"},"email":"weyouface@gmail.com","areaServed":"Luxor, Hurghada, El Gouna, Aswan, Sharm El Sheikh, Giza, Alexandria, Marsa Alam, Quseir, Soma Bay, Sahl Hasheesh, Red Sea, Makadi Bay, Cairo","priceRange":"$","currenciesAccepted":"euro","paymentAccepted":"cash on site"},{"@type":"PostalAddress","@id":"https:\/\/hurghadalovers.com\/es\/tours\/private-soma-bay-tours-to-luxor-aswan-3-days\/#local-main-place-address","streetAddress":"17 Banks street, Alkawther area, top nbk bank","addressLocality":"hurghada","postalCode":"84511","addressRegion":"red sea","addressCountry":"EG"},{"@type":"ImageObject","inLanguage":"es","@id":"https:\/\/hurghadalovers.com\/es\/tours\/private-soma-bay-tours-to-luxor-aswan-3-days\/#local-main-organization-logo","url":"https:\/\/hurghadalovers.com\/wp-content\/uploads\/2019\/10\/hurghada-excursions-logo.png","contentUrl":"https:\/\/hurghadalovers.com\/wp-content\/uploads\/2019\/10\/hurghada-excursions-logo.png","width":272,"height":90,"caption":"Hurghada Excursions"}]},"product_brand":"Excursiones de un d\u00eda de Soma bay a Luxor","product_price_amount":"550","product_price_currency":"EUR","og_availability":"instock","product_availability":"instock","product_retailer_item_id":"PrivateSoma012024","product_condition":"new","geo.placename":"hurghada","geo.region":"Egipto"},"_links":{"self":[{"href":"https:\/\/hurghadalovers.com\/es\/wp-json\/wp\/v2\/product\/383720","targetHints":{"allow":["GET"]}}],"collection":[{"href":"https:\/\/hurghadalovers.com\/es\/wp-json\/wp\/v2\/product"}],"about":[{"href":"https:\/\/hurghadalovers.com\/es\/wp-json\/wp\/v2\/types\/product"}],"wp:featuredmedia":[{"embeddable":true,"href":"https:\/\/hurghadalovers.com\/es\/wp-json\/wp\/v2\/media\/132040"}],"wp:attachment":[{"href":"https:\/\/hurghadalovers.com\/es\/wp-json\/wp\/v2\/media?parent=383720"}],"wp:term":[{"taxonomy":"product_brand","embeddable":true,"href":"https:\/\/hurghadalovers.com\/es\/wp-json\/wp\/v2\/product_brand?post=383720"},{"taxonomy":"product_cat","embeddable":true,"href":"https:\/\/hurghadalovers.com\/es\/wp-json\/wp\/v2\/product_cat?post=383720"},{"taxonomy":"product_tag","embeddable":true,"href":"https:\/\/hurghadalovers.com\/es\/wp-json\/wp\/v2\/product_tag?post=383720"}],"curies":[{"name":"wp","href":"https:\/\/api.w.org\/{rel}","templated":true}]}}