{"id":381515,"date":"2023-08-20T09:09:10","date_gmt":"2023-08-20T09:48:06","guid":{"rendered":"https:\/\/hurghadalovers.com\/shop\/sin%20categor\u00eda\/excursion-de-un-dia-en-autobus-de-hurghada-a-luxor-valle-de-las-reinas\/"},"modified":"2026-02-09T17:33:24","modified_gmt":"2026-02-09T17:33:24","slug":"hurghada-a-luxor-viaje-de-dia-al-valle-de-las-reinas","status":"publish","type":"product","link":"https:\/\/hurghadalovers.com\/es\/tours\/hurghada-a-luxor-viaje-de-dia-al-valle-de-las-reinas\/","title":{"rendered":"Excursi\u00f3n de un d\u00eda en autob\u00fas de Hurghada a Luxor, Valle de las Reinas"},"content":{"rendered":"<p><strong>Hurghada a Luxor excursi\u00f3n de un d\u00eda al Valle de las Reinas en autob\u00fas<\/strong> con gu\u00eda privado, almuerzo, entradas y traslado para visitar el templo de Karnak, el templo de Hatshepsut, Colosos de Memnon.<\/p>\n<p style=\"text-align: center;\"><span style=\"color: #993300;\"><strong>Descubra los secretos de la civilizaci\u00f3n fara\u00f3nica<\/strong><\/span><\/p>\n<p>&nbsp;<\/p>\n<p><strong>Lo m\u00e1s destacado:<\/strong><\/p>\n<ol>\n<li>Templo de Karnak.<\/li>\n<li>Comida en el restaurante \u00abVegetarians Food is available\u00bb.<\/li>\n<li>5min Felucca en el r\u00edo Nilo.<\/li>\n<li>Colosos de Memnon.<\/li>\n<li>Templo funerario de Hatshepsut.<\/li>\n<li>Valle de las Reinas.<\/li>\n<\/ol>\n<p><strong>Hurghada a Luxor Excursi\u00f3n de un d\u00eda al Valle de las Reinas en autob\u00fas Detalles:<\/strong><\/p>\n<ul>\n<li>Disponibilidad de visitas: Todos los d\u00edas.<\/li>\n<li>Tipo de excursi\u00f3n: Grupo.<\/li>\n<li>Hora de recogida: A partir de las 04:30 A.M.<\/li>\n<li>Pidiendo Hotel obtener su bolsa de desayuno con usted por la ma\u00f1ana.<\/li>\n<li>Hora de recogida: 19:30.<\/li>\n<li>Accesible en silla de ruedas.<\/li>\n<li>Duraci\u00f3n: 20 hr.<\/li>\n<\/ul>\n<p><strong>Reserve ahora y pague despu\u00e9s:<\/strong><\/p>\n<ul>\n<li>Efectivo en el sitio para guiar.<\/li>\n<li>Pago en libras egipcias, $, \u20ac o \u00a3.<\/li>\n<\/ul>\n<p><strong>Pol\u00edtica de cancelaci\u00f3n:<\/strong><\/p>\n<ul>\n<li>Cancelar con 24 horas de antelaci\u00f3n.<\/li>\n<li>Cuando alguien de su familia cancele la ma\u00f1ana, pagar\u00e1 el 50% del coste.<\/li>\n<\/ul>\n<p><strong>\u00bfQu\u00e9 incluye?<\/strong><\/p>\n<ul>\n<li>Traslado desde los hoteles de Hurghada \u00abRecogida y entrega en el hotel\u00bb.<\/li>\n<li>Todos los impuestos, billetes, entradas y gastos de gesti\u00f3n.<\/li>\n<li>Traslados.<\/li>\n<li>Gu\u00eda tur\u00edstico.<\/li>\n<li>Comida en restaurante.<\/li>\n<\/ul>\n<p><strong>\u00bfExclusiones?<\/strong><\/p>\n<ul>\n<li>Propinas.<\/li>\n<li>Excursi\u00f3n en felucca \u00abCrucero en barco\u00bb Durante 35 min= 10$.<\/li>\n<li>Cualquier extra no mencionado.<\/li>\n<\/ul>\n<p><strong>Precios de la excursi\u00f3n de un d\u00eda de Hurghada a Luxor al Valle de las Reinas en autob\u00fas:<\/strong><\/p>\n<ul>\n<li><strong>Precio adulto = <\/strong><strong>53 $<\/strong><strong> por persona<\/strong>.<\/li>\n<li>Precio para ni\u00f1os \u00ab5-12\u2033= 50%.<\/li>\n<li>para ni\u00f1os \u00ab0-5\u2033= Gratis.<\/li>\n<\/ul>\n<p>&nbsp;<\/p>\n<p><strong>Rese\u00f1as:<\/strong><\/p>\n<p>Compruebe nuestros comentarios de Google Map como Mejor <a href=\"https:\/\/g.page\/r\/CUeYvkngP3wkEBM\/review\">Tour Operador en<\/a> <a href=\"https:\/\/hurghadalovers.com\/\">Hurghada<\/a> en l\u00ednea en <a href=\"https:\/\/hurghadalovers.com\/\">Hurghada<\/a> Egipto.<\/p>\n<p>&nbsp;<\/p>\n<p><strong>Nota:  <\/strong><\/p>\n<p>Realizamos tambi\u00e9n excursiones con traslado desde su hotel en El Goua, bah\u00eda de Soma, bah\u00eda de Makadi, Sahl Hasheesh, Safaga con coste extra= 10$ por persona.<\/p>\n<p>&nbsp;<\/p>\n<p><strong>Reserva:<\/strong><\/p>\n<p>Enviar hotel + N\u00famero de habitaci\u00f3n + Foto pasaportes a WhatsApp: <strong>+201112596434<\/strong><\/p>\n<p>Si usted fuera de Egipto Reserva ahora en l\u00ednea y confirmar a su llegada Hotel.<\/p>\n","protected":false},"excerpt":{"rendered":"<p>Hurghada a Luxor excursi\u00f3n de un d\u00eda al Valle de las Reinas en autob\u00fas con gu\u00eda privado, almuerzo, entradas y traslado para visitar el templo de Karnak, el templo de Hatshepsut, Colosos de Memnon.<\/p>\n","protected":false},"featured_media":381349,"template":"","meta":{"_joinchat":[]},"product_brand":[],"product_cat":[29871],"product_tag":[58610,58579,58587,58571,58602,58615,58563,58553,58542,58595],"class_list":{"0":"post-381515","1":"product","2":"type-product","3":"status-publish","4":"has-post-thumbnail","6":"product_cat-egypt-tours-es","7":"product_tag-actividades-para-parejas-en-hurghada","8":"product_tag-cosas-que-hacer-con-ninos-desde-hurghada","9":"product_tag-cosas-que-hacer-en-familia-desde-hurghada","10":"product_tag-cosas-que-hacer-en-hurghada","11":"product_tag-cosas-romanticas-que-hacer-desde-hurghada","12":"product_tag-excursion-de-un-dia-de-hurghada-a-luxor","13":"product_tag-excursiones-de-un-dia-desde-hurghada","14":"product_tag-excursiones-de-un-dia-en-hurghada","15":"product_tag-excursiones-en-hurghada","16":"product_tag-lugares-divertidos-para-ir-en-familia-desde-hurghada","17":"tour_category-hurghada-excursions-es","18":"tour_category-hurghada-to-luxor-trips-es","20":"first","21":"instock","22":"sale","23":"shipping-taxable","24":"purchasable","25":"product-type-tour"},"yoast_head":"<!-- This site is optimized with the Yoast SEO Premium plugin v26.9 (Yoast SEO v27.2) - https:\/\/yoast.com\/product\/yoast-seo-premium-wordpress\/ -->\n<title>Excursi\u00f3n de un d\u00eda en autob\u00fas de Hurghada a Luxor, Valle de las Reinas<\/title>\n<meta name=\"description\" content=\"Hurghada a Luxor excursi\u00f3n de un d\u00eda al Valle de las Reinas en autob\u00fas con gu\u00eda privado, almuerzo, entradas y traslado para visitar el templo de Karnak, Hatshepsut, Memnon.\" \/>\n<meta name=\"robots\" content=\"index, follow, max-snippet:-1, max-image-preview:large, max-video-preview:-1\" \/>\n<link rel=\"canonical\" href=\"https:\/\/hurghadalovers.com\/es\/tours\/hurghada-a-luxor-viaje-de-dia-al-valle-de-las-reinas\/\" \/>\n<meta property=\"og:locale\" content=\"es_ES\" \/>\n<meta property=\"og:type\" content=\"article\" \/>\n<meta property=\"og:title\" content=\"Excursi\u00f3n de un d\u00eda en autob\u00fas de Hurghada a Luxor, Valle de las Reinas\" \/>\n<meta property=\"og:description\" content=\"Hurghada a Luxor excursi\u00f3n de un d\u00eda al Valle de las Reinas en autob\u00fas con gu\u00eda privado, almuerzo, entradas y traslado para visitar el templo de Karnak, Hatshepsut, Memnon.\" \/>\n<meta property=\"og:url\" content=\"https:\/\/hurghadalovers.com\/es\/tours\/hurghada-a-luxor-viaje-de-dia-al-valle-de-las-reinas\/\" \/>\n<meta property=\"og:site_name\" content=\"Hurghada Excursions &amp; Day Trips | Booking Best Prices Tours\" \/>\n<meta property=\"article:publisher\" content=\"https:\/\/www.facebook.com\/Hurghadaloversegypt\" \/>\n<meta property=\"article:modified_time\" content=\"2026-02-09T17:33:24+00:00\" \/>\n<meta property=\"og:image\" content=\"https:\/\/hurghadalovers.com\/wp-content\/uploads\/2023\/08\/Hurghada-To-Luxor-Day-Trip-to-Valley-of-The-Queens-by-Bus.jpg\" \/>\n\t<meta property=\"og:image:width\" content=\"1555\" \/>\n\t<meta property=\"og:image:height\" content=\"1037\" \/>\n\t<meta property=\"og:image:type\" content=\"image\/jpeg\" \/>\n<meta name=\"twitter:card\" content=\"summary_large_image\" \/>\n<meta name=\"twitter:label1\" content=\"Precio\" \/>\n\t<meta name=\"twitter:data1\" content=\"&euro;&nbsp;55\" \/>\n\t<meta name=\"twitter:label2\" content=\"Disponibilidad\" \/>\n\t<meta name=\"twitter:data2\" content=\"Disponible\" \/>\n<script type=\"application\/ld+json\" class=\"yoast-schema-graph\">{\"@context\":\"https:\/\/schema.org\",\"@graph\":[{\"@type\":[\"WebPage\",\"ItemPage\"],\"@id\":\"https:\/\/hurghadalovers.com\/es\/tours\/hurghada-a-luxor-viaje-de-dia-al-valle-de-las-reinas\/\",\"url\":\"https:\/\/hurghadalovers.com\/es\/tours\/hurghada-a-luxor-viaje-de-dia-al-valle-de-las-reinas\/\",\"name\":\"Excursi\u00f3n de un d\u00eda en autob\u00fas de Hurghada a Luxor, Valle de las Reinas\",\"isPartOf\":{\"@id\":\"https:\/\/hurghadalovers.com\/es\/#website\"},\"primaryImageOfPage\":{\"@id\":\"https:\/\/hurghadalovers.com\/es\/tours\/hurghada-a-luxor-viaje-de-dia-al-valle-de-las-reinas\/#primaryimage\"},\"image\":{\"@id\":\"https:\/\/hurghadalovers.com\/es\/tours\/hurghada-a-luxor-viaje-de-dia-al-valle-de-las-reinas\/#primaryimage\"},\"thumbnailUrl\":\"https:\/\/hurghadalovers.com\/wp-content\/uploads\/2023\/08\/Hurghada-To-Luxor-Day-Trip-to-Valley-of-The-Queens-by-Bus.jpg\",\"datePublished\":\"2023-08-20T09:48:06+00:00\",\"dateModified\":\"2026-02-09T17:33:24+00:00\",\"description\":\"Hurghada a Luxor excursi\u00f3n de un d\u00eda al Valle de las Reinas en autob\u00fas con gu\u00eda privado, almuerzo, entradas y traslado para visitar el templo de Karnak, Hatshepsut, Memnon.\",\"breadcrumb\":{\"@id\":\"https:\/\/hurghadalovers.com\/es\/tours\/hurghada-a-luxor-viaje-de-dia-al-valle-de-las-reinas\/#breadcrumb\"},\"inLanguage\":\"es\",\"potentialAction\":[{\"@type\":\"ReadAction\",\"target\":[\"https:\/\/hurghadalovers.com\/es\/tours\/hurghada-a-luxor-viaje-de-dia-al-valle-de-las-reinas\/\"]}]},{\"@type\":\"ImageObject\",\"inLanguage\":\"es\",\"@id\":\"https:\/\/hurghadalovers.com\/es\/tours\/hurghada-a-luxor-viaje-de-dia-al-valle-de-las-reinas\/#primaryimage\",\"url\":\"https:\/\/hurghadalovers.com\/wp-content\/uploads\/2023\/08\/Hurghada-To-Luxor-Day-Trip-to-Valley-of-The-Queens-by-Bus.jpg\",\"contentUrl\":\"https:\/\/hurghadalovers.com\/wp-content\/uploads\/2023\/08\/Hurghada-To-Luxor-Day-Trip-to-Valley-of-The-Queens-by-Bus.jpg\",\"width\":1555,\"height\":1037,\"caption\":\"Hurghada To Luxor Day Trip to Valley of The Queens by Bus\"},{\"@type\":\"BreadcrumbList\",\"@id\":\"https:\/\/hurghadalovers.com\/es\/tours\/hurghada-a-luxor-viaje-de-dia-al-valle-de-las-reinas\/#breadcrumb\",\"itemListElement\":[{\"@type\":\"ListItem\",\"position\":1,\"name\":\"Home\",\"item\":\"https:\/\/hurghadalovers.com\/es\/\"},{\"@type\":\"ListItem\",\"position\":2,\"name\":\"Tienda\",\"item\":\"https:\/\/hurghadalovers.com\/es\/tienda\/\"},{\"@type\":\"ListItem\",\"position\":3,\"name\":\"Excursi\u00f3n de un d\u00eda en autob\u00fas de Hurghada a Luxor, Valle de las Reinas\"}]},{\"@type\":\"WebSite\",\"@id\":\"https:\/\/hurghadalovers.com\/es\/#website\",\"url\":\"https:\/\/hurghadalovers.com\/es\/\",\"name\":\"Hurghada Excursions & Day Trips | Booking Best Prices Tours\",\"description\":\"Hurghada Lovers - Best Tour Operator - Excursions &amp; Things to do for Family Day Trips with kids and Couples Romantic. Unique .Hidden gems\",\"publisher\":{\"@id\":\"https:\/\/hurghadalovers.com\/es\/#organization\"},\"alternateName\":\"Hurghada Excursions\",\"potentialAction\":[{\"@type\":\"SearchAction\",\"target\":{\"@type\":\"EntryPoint\",\"urlTemplate\":\"https:\/\/hurghadalovers.com\/es\/?s={search_term_string}\"},\"query-input\":{\"@type\":\"PropertyValueSpecification\",\"valueRequired\":true,\"valueName\":\"search_term_string\"}}],\"inLanguage\":\"es\"},{\"@type\":[\"Organization\",\"Place\",\"TravelAgency\"],\"@id\":\"https:\/\/hurghadalovers.com\/es\/#organization\",\"name\":\"Hurghada Excursions\",\"url\":\"https:\/\/hurghadalovers.com\/es\/\",\"logo\":{\"@id\":\"https:\/\/hurghadalovers.com\/es\/tours\/hurghada-a-luxor-viaje-de-dia-al-valle-de-las-reinas\/#local-main-organization-logo\"},\"image\":{\"@id\":\"https:\/\/hurghadalovers.com\/es\/tours\/hurghada-a-luxor-viaje-de-dia-al-valle-de-las-reinas\/#local-main-organization-logo\"},\"sameAs\":[\"https:\/\/www.facebook.com\/Hurghadaloversegypt\"],\"address\":{\"@id\":\"https:\/\/hurghadalovers.com\/es\/tours\/hurghada-a-luxor-viaje-de-dia-al-valle-de-las-reinas\/#local-main-place-address\"},\"telephone\":[\"00201112596434\"],\"contactPoint\":{\"@type\":\"ContactPoint\",\"telephone\":\"00201112596434\",\"email\":\"weyouface@gmail.com\"},\"openingHoursSpecification\":{\"@type\":\"OpeningHoursSpecification\",\"dayOfWeek\":[\"Monday\",\"Tuesday\",\"Wednesday\",\"Thursday\",\"Friday\",\"Saturday\",\"Sunday\"],\"opens\":\"00:00\",\"closes\":\"23:59\"},\"email\":\"weyouface@gmail.com\",\"areaServed\":\"Luxor, Hurghada, El Gouna, Aswan, Sharm El Sheikh, Giza, Alexandria, Marsa Alam, Quseir, Soma Bay, Sahl Hasheesh, Red Sea, Makadi Bay, Cairo\",\"priceRange\":\"$\",\"currenciesAccepted\":\"euro\",\"paymentAccepted\":\"cash on site\"},{\"@type\":\"PostalAddress\",\"@id\":\"https:\/\/hurghadalovers.com\/es\/tours\/hurghada-a-luxor-viaje-de-dia-al-valle-de-las-reinas\/#local-main-place-address\",\"streetAddress\":\"17 Banks street, Alkawther area, top nbk bank\",\"addressLocality\":\"hurghada\",\"postalCode\":\"84511\",\"addressRegion\":\"red sea\",\"addressCountry\":\"EG\"},{\"@type\":\"ImageObject\",\"inLanguage\":\"es\",\"@id\":\"https:\/\/hurghadalovers.com\/es\/tours\/hurghada-a-luxor-viaje-de-dia-al-valle-de-las-reinas\/#local-main-organization-logo\",\"url\":\"https:\/\/hurghadalovers.com\/wp-content\/uploads\/2019\/10\/hurghada-excursions-logo.png\",\"contentUrl\":\"https:\/\/hurghadalovers.com\/wp-content\/uploads\/2019\/10\/hurghada-excursions-logo.png\",\"width\":272,\"height\":90,\"caption\":\"Hurghada Excursions\"}]}<\/script>\n<meta property=\"product:brand\" content=\"Cosas que hacer en Hurghada Egipto\" \/>\n<meta property=\"product:price:amount\" content=\"55\" \/>\n<meta property=\"product:price:currency\" content=\"EUR\" \/>\n<meta property=\"og:availability\" content=\"instock\" \/>\n<meta property=\"product:availability\" content=\"instock\" \/>\n<meta property=\"product:retailer_item_id\" content=\"Luxor032024\" \/>\n<meta property=\"product:condition\" content=\"new\" \/>\n<meta name=\"geo.placename\" content=\"hurghada\" \/>\n<meta name=\"geo.region\" content=\"Egipto\" \/>\n<!-- \/ Yoast SEO Premium plugin. -->","yoast_head_json":{"title":"Excursi\u00f3n de un d\u00eda en autob\u00fas de Hurghada a Luxor, Valle de las Reinas","description":"Hurghada a Luxor excursi\u00f3n de un d\u00eda al Valle de las Reinas en autob\u00fas con gu\u00eda privado, almuerzo, entradas y traslado para visitar el templo de Karnak, Hatshepsut, Memnon.","robots":{"index":"index","follow":"follow","max-snippet":"max-snippet:-1","max-image-preview":"max-image-preview:large","max-video-preview":"max-video-preview:-1"},"canonical":"https:\/\/hurghadalovers.com\/es\/tours\/hurghada-a-luxor-viaje-de-dia-al-valle-de-las-reinas\/","og_locale":"es_ES","og_type":"article","og_title":"Excursi\u00f3n de un d\u00eda en autob\u00fas de Hurghada a Luxor, Valle de las Reinas","og_description":"Hurghada a Luxor excursi\u00f3n de un d\u00eda al Valle de las Reinas en autob\u00fas con gu\u00eda privado, almuerzo, entradas y traslado para visitar el templo de Karnak, Hatshepsut, Memnon.","og_url":"https:\/\/hurghadalovers.com\/es\/tours\/hurghada-a-luxor-viaje-de-dia-al-valle-de-las-reinas\/","og_site_name":"Hurghada Excursions &amp; Day Trips | Booking Best Prices Tours","article_publisher":"https:\/\/www.facebook.com\/Hurghadaloversegypt","article_modified_time":"2026-02-09T17:33:24+00:00","og_image":[{"width":1555,"height":1037,"url":"https:\/\/hurghadalovers.com\/wp-content\/uploads\/2023\/08\/Hurghada-To-Luxor-Day-Trip-to-Valley-of-The-Queens-by-Bus.jpg","type":"image\/jpeg"}],"twitter_card":"summary_large_image","twitter_misc":{"Precio":"&euro;&nbsp;55","Disponibilidad":"Disponible"},"schema":{"@context":"https:\/\/schema.org","@graph":[{"@type":["WebPage","ItemPage"],"@id":"https:\/\/hurghadalovers.com\/es\/tours\/hurghada-a-luxor-viaje-de-dia-al-valle-de-las-reinas\/","url":"https:\/\/hurghadalovers.com\/es\/tours\/hurghada-a-luxor-viaje-de-dia-al-valle-de-las-reinas\/","name":"Excursi\u00f3n de un d\u00eda en autob\u00fas de Hurghada a Luxor, Valle de las Reinas","isPartOf":{"@id":"https:\/\/hurghadalovers.com\/es\/#website"},"primaryImageOfPage":{"@id":"https:\/\/hurghadalovers.com\/es\/tours\/hurghada-a-luxor-viaje-de-dia-al-valle-de-las-reinas\/#primaryimage"},"image":{"@id":"https:\/\/hurghadalovers.com\/es\/tours\/hurghada-a-luxor-viaje-de-dia-al-valle-de-las-reinas\/#primaryimage"},"thumbnailUrl":"https:\/\/hurghadalovers.com\/wp-content\/uploads\/2023\/08\/Hurghada-To-Luxor-Day-Trip-to-Valley-of-The-Queens-by-Bus.jpg","datePublished":"2023-08-20T09:48:06+00:00","dateModified":"2026-02-09T17:33:24+00:00","description":"Hurghada a Luxor excursi\u00f3n de un d\u00eda al Valle de las Reinas en autob\u00fas con gu\u00eda privado, almuerzo, entradas y traslado para visitar el templo de Karnak, Hatshepsut, Memnon.","breadcrumb":{"@id":"https:\/\/hurghadalovers.com\/es\/tours\/hurghada-a-luxor-viaje-de-dia-al-valle-de-las-reinas\/#breadcrumb"},"inLanguage":"es","potentialAction":[{"@type":"ReadAction","target":["https:\/\/hurghadalovers.com\/es\/tours\/hurghada-a-luxor-viaje-de-dia-al-valle-de-las-reinas\/"]}]},{"@type":"ImageObject","inLanguage":"es","@id":"https:\/\/hurghadalovers.com\/es\/tours\/hurghada-a-luxor-viaje-de-dia-al-valle-de-las-reinas\/#primaryimage","url":"https:\/\/hurghadalovers.com\/wp-content\/uploads\/2023\/08\/Hurghada-To-Luxor-Day-Trip-to-Valley-of-The-Queens-by-Bus.jpg","contentUrl":"https:\/\/hurghadalovers.com\/wp-content\/uploads\/2023\/08\/Hurghada-To-Luxor-Day-Trip-to-Valley-of-The-Queens-by-Bus.jpg","width":1555,"height":1037,"caption":"Hurghada To Luxor Day Trip to Valley of The Queens by Bus"},{"@type":"BreadcrumbList","@id":"https:\/\/hurghadalovers.com\/es\/tours\/hurghada-a-luxor-viaje-de-dia-al-valle-de-las-reinas\/#breadcrumb","itemListElement":[{"@type":"ListItem","position":1,"name":"Home","item":"https:\/\/hurghadalovers.com\/es\/"},{"@type":"ListItem","position":2,"name":"Tienda","item":"https:\/\/hurghadalovers.com\/es\/tienda\/"},{"@type":"ListItem","position":3,"name":"Excursi\u00f3n de un d\u00eda en autob\u00fas de Hurghada a Luxor, Valle de las Reinas"}]},{"@type":"WebSite","@id":"https:\/\/hurghadalovers.com\/es\/#website","url":"https:\/\/hurghadalovers.com\/es\/","name":"Hurghada Excursions & Day Trips | Booking Best Prices Tours","description":"Hurghada Lovers - Best Tour Operator - Excursions &amp; Things to do for Family Day Trips with kids and Couples Romantic. Unique .Hidden gems","publisher":{"@id":"https:\/\/hurghadalovers.com\/es\/#organization"},"alternateName":"Hurghada Excursions","potentialAction":[{"@type":"SearchAction","target":{"@type":"EntryPoint","urlTemplate":"https:\/\/hurghadalovers.com\/es\/?s={search_term_string}"},"query-input":{"@type":"PropertyValueSpecification","valueRequired":true,"valueName":"search_term_string"}}],"inLanguage":"es"},{"@type":["Organization","Place","TravelAgency"],"@id":"https:\/\/hurghadalovers.com\/es\/#organization","name":"Hurghada Excursions","url":"https:\/\/hurghadalovers.com\/es\/","logo":{"@id":"https:\/\/hurghadalovers.com\/es\/tours\/hurghada-a-luxor-viaje-de-dia-al-valle-de-las-reinas\/#local-main-organization-logo"},"image":{"@id":"https:\/\/hurghadalovers.com\/es\/tours\/hurghada-a-luxor-viaje-de-dia-al-valle-de-las-reinas\/#local-main-organization-logo"},"sameAs":["https:\/\/www.facebook.com\/Hurghadaloversegypt"],"address":{"@id":"https:\/\/hurghadalovers.com\/es\/tours\/hurghada-a-luxor-viaje-de-dia-al-valle-de-las-reinas\/#local-main-place-address"},"telephone":["00201112596434"],"contactPoint":{"@type":"ContactPoint","telephone":"00201112596434","email":"weyouface@gmail.com"},"openingHoursSpecification":{"@type":"OpeningHoursSpecification","dayOfWeek":["Monday","Tuesday","Wednesday","Thursday","Friday","Saturday","Sunday"],"opens":"00:00","closes":"23:59"},"email":"weyouface@gmail.com","areaServed":"Luxor, Hurghada, El Gouna, Aswan, Sharm El Sheikh, Giza, Alexandria, Marsa Alam, Quseir, Soma Bay, Sahl Hasheesh, Red Sea, Makadi Bay, Cairo","priceRange":"$","currenciesAccepted":"euro","paymentAccepted":"cash on site"},{"@type":"PostalAddress","@id":"https:\/\/hurghadalovers.com\/es\/tours\/hurghada-a-luxor-viaje-de-dia-al-valle-de-las-reinas\/#local-main-place-address","streetAddress":"17 Banks street, Alkawther area, top nbk bank","addressLocality":"hurghada","postalCode":"84511","addressRegion":"red sea","addressCountry":"EG"},{"@type":"ImageObject","inLanguage":"es","@id":"https:\/\/hurghadalovers.com\/es\/tours\/hurghada-a-luxor-viaje-de-dia-al-valle-de-las-reinas\/#local-main-organization-logo","url":"https:\/\/hurghadalovers.com\/wp-content\/uploads\/2019\/10\/hurghada-excursions-logo.png","contentUrl":"https:\/\/hurghadalovers.com\/wp-content\/uploads\/2019\/10\/hurghada-excursions-logo.png","width":272,"height":90,"caption":"Hurghada Excursions"}]},"product_brand":"Cosas que hacer en Hurghada Egipto","product_price_amount":"55","product_price_currency":"EUR","og_availability":"instock","product_availability":"instock","product_retailer_item_id":"Luxor032024","product_condition":"new","geo.placename":"hurghada","geo.region":"Egipto"},"_links":{"self":[{"href":"https:\/\/hurghadalovers.com\/es\/wp-json\/wp\/v2\/product\/381515","targetHints":{"allow":["GET"]}}],"collection":[{"href":"https:\/\/hurghadalovers.com\/es\/wp-json\/wp\/v2\/product"}],"about":[{"href":"https:\/\/hurghadalovers.com\/es\/wp-json\/wp\/v2\/types\/product"}],"wp:featuredmedia":[{"embeddable":true,"href":"https:\/\/hurghadalovers.com\/es\/wp-json\/wp\/v2\/media\/381349"}],"wp:attachment":[{"href":"https:\/\/hurghadalovers.com\/es\/wp-json\/wp\/v2\/media?parent=381515"}],"wp:term":[{"taxonomy":"product_brand","embeddable":true,"href":"https:\/\/hurghadalovers.com\/es\/wp-json\/wp\/v2\/product_brand?post=381515"},{"taxonomy":"product_cat","embeddable":true,"href":"https:\/\/hurghadalovers.com\/es\/wp-json\/wp\/v2\/product_cat?post=381515"},{"taxonomy":"product_tag","embeddable":true,"href":"https:\/\/hurghadalovers.com\/es\/wp-json\/wp\/v2\/product_tag?post=381515"}],"curies":[{"name":"wp","href":"https:\/\/api.w.org\/{rel}","templated":true}]}}