{"id":381249,"date":"2023-08-19T11:35:23","date_gmt":"2023-08-19T11:35:23","guid":{"rendered":"https:\/\/hurghadalovers.com\/shop\/sin categor\u00eda\/taxi-privado-hurghada\/"},"modified":"2026-02-09T18:02:32","modified_gmt":"2026-02-09T18:02:32","slug":"traslados-taxi-hurghada-privados","status":"publish","type":"product","link":"https:\/\/hurghadalovers.com\/es\/tours\/traslados-taxi-hurghada-privados\/","title":{"rendered":"Taxi privado Hurghada"},"content":{"rendered":"<p><strong>Traslados Privados Hurghada Taxi<\/strong> a Luxor, El Cairo | Reserva Precios Baratos Servicio Tur\u00edstico Traslado en Minivan de Lujo y Coche Vip a Marsa alam, Soma bay, EL Gouna, Makadi bay, Hurghada (HRG) Aeropuerto | Efectivo en el sitio.<\/p>\n<p><strong>Detalles:<\/strong><\/p>\n<ul>\n<li>Tipo de excursi\u00f3n: Lujo Privado en Coche o Minivan.<\/li>\n<li>Reserva Taxi Coche, Monovolumen, Disponibilidad: Todos los d\u00edas.<\/li>\n<li>Accesible en silla de ruedas.<\/li>\n<li>Hora de recogida de Hurghada a Luxor: 04:30 A.M.<\/li>\n<li>Hora de recogida de Hurghada a El Cairo: 01:30 A.M.<\/li>\n<li>Hora de recogida de los hoteles de Hurghada al aeropuerto de Hurghada (HRG), Hurghada Marina: como usted quiera.<\/li>\n<li>\n<\/li>\n<\/ul>\n<p><strong>Reserve ahora y pague despu\u00e9s:<\/strong><\/p>\n<ul>\n<li>Efectivo en el sitio para guiar.<\/li>\n<li>Pago en libras egipcias, $, \u20ac o \u00a3.<\/li>\n<\/ul>\n<p><strong>Pol\u00edtica de cancelaci\u00f3n:<\/strong><\/p>\n<ul>\n<li>Cancelar con 24 horas de antelaci\u00f3n.<\/li>\n<li>Cuando alguien de su familia cancele la ma\u00f1ana, pagar\u00e1 el 50% del coste.<\/li>\n<\/ul>\n<p><strong>\u00bfQu\u00e9 incluye?<\/strong><\/p>\n<ul>\n<li>Traslado desde los hoteles de Hurghada \u00abRecogida y entrega en el hotel\u00bb.<\/li>\n<li>Todos los impuestos, entradas y gastos de gesti\u00f3n.<\/li>\n<li>Traslados.<\/li>\n<li>Bebidas.<\/li>\n<\/ul>\n<p><strong>\u00bfExclusiones?<\/strong><\/p>\n<ul>\n<li>Propinas.<\/li>\n<\/ul>\n<p><strong>Traslado privado de Hurghada a Luxor:<\/strong><\/p>\n<p>Precio Taxi\/ Coche \u00bb 3 Plazas\u00bb = 130$ Precio por Coche Privado.<\/p>\n<p>Precio Minivan \u00ab8 Plazas\u00bb = 175$ Precio por Minivan\/Minibus Privado.<\/p>\n<p>Distancia entre Hurghada y Luxor = 350 km<\/p>\n<p>Tiempo entre Hurghada y Luxor = 4.30 hr.<\/p>\n<p>Hay 2 paradas \u00bb 20 minutos de descanso, 20 puntos de control tur\u00edstico en Safaga\u00bb.<\/p>\n<p><strong> <\/strong><\/p>\n<p><strong>Traslado privado Hurghada a El Cairo, Pir\u00e1mides de Giza:<\/strong><\/p>\n<p>Precio Taxi\/ Coche \u00bb 3 Plazas\u00bb = 140$ Precio por Coche Privado.<\/p>\n<p>Precio Minivan \u00ab8 Plazas\u00bb = 200$ Precio por Minivan\/Minibus Privado.<\/p>\n<p>Distancia entre Hurghada y El Cairo = 450 km<\/p>\n<p>Duraci\u00f3n del trayecto entre Hurghada y El Cairo = 6.30 h<\/p>\n<p>Hay 3 paradas \u00bb 20 min Pausa en Azafr\u00e1n Ras Ghareb, 15-30 min Punto de control tur\u00edstico\u00bb.<\/p>\n<p><strong>Traslado Privado Hurghada desde o hacia el Aeropuerto Hurghada (HRG):<\/strong><\/p>\n<p>Precio Taxi\/ Coche \u00bb 3 &#8211; 6 Plazas\u00bb = 20$ Precio por Coche Privado.<\/p>\n<p>Precio Minivan \u00ab12 Plazas\u00bb = 30$ Precio por Minivan\/Minibus Privado.<\/p>\n<p><strong> <\/strong><\/p>\n<p><strong>Traslado privado Hurghada a Hurghada Marina:<\/strong><\/p>\n<p>Precio Taxi\/ Coche \u00bb 3 &#8211; 6 Plazas\u00bb 4hr = 30$ Precio por Coche Privado.<\/p>\n<p>Precio Minivan \u00ab12 Plazas\u00bb 4hr = 50$ Precio por Minivan\/Minibus Privado.<\/p>\n<p><strong> <\/strong><\/p>\n<p><strong>Traslado privado Hurghada a El Gouna Hoteles:<\/strong><\/p>\n<p>Precio Taxi\/ Coche \u00bb 3 &#8211; 6 Plazas\u00bb = 40$ Precio por Coche Privado.<\/p>\n<p>Precio Minivan \u00ab12 Plazas\u00bb = 55$ Precio por Minivan\/Minibus Privado.<\/p>\n<p>Distancia entre Hurghada y El Gouna = 40 km<\/p>\n<p>Tiempo entre Hurghada y El Gouna = 30 min.<\/p>\n<p><strong>Taxi privado Hurghada desde Marsa Alam<\/strong><\/p>\n<p>ofrecemos coches y autobuses para transferir usted o su grupo de Marsa Alam a cualquier palacio en el mar rojo Egipto.<\/p>\n<p><strong>Traslados privados al aeropuerto de El Cairo<\/strong><\/p>\n<p>si usted necesita ir al aeropuerto de El Cairo y la necesidad de transferencia a las ciudades de turismo de Egipto, puede confiar en nosotros para darle de lujo de coches privados de autobuses servicio de limusina.<\/p>\n<p><strong>Taxi de Hurghada a Sahl Hasheesh<\/strong><\/p>\n<p>Necesita el mejor precio para el transporte privado de cualquier formato para trasladarle desde el aeropuerto de Hurghada a los hoteles de Sahl Hashe o necesita un traslado desde el hotel a cualquier lugar, puede confiar en nosotros.<\/p>\n<p>1-3 personas (coche est\u00e1ndar) = precio a partir de 10 $.<\/p>\n<p>4-8 personas (minib\u00fas) = precio desde $ 23<\/p>\n<p><strong>Taxi de Hurghada a Marsa Alam<\/strong><\/p>\n<p>Si ha llegado al aeropuerto de Hurghada o desde su ubicaci\u00f3n necesita los mejores coches o un autob\u00fas desde o hacia Marte Alam para visitar El Cairo o Luxor, ll\u00e1menos ahora mismo<\/p>\n<p>1-3 pax (coche individual) = 84 $.<\/p>\n<p>4-8 personas (minib\u00fas) = 107 $.<\/p>\n<p><strong>Taxis de Aeropuerto de Hurghada a Bah\u00eda de Makadi<\/strong><\/p>\n<p>Ofrecemos los mejores precios de transferencia para usted solo o para un grupo de hoteles Makadi Bay y visitar las pir\u00e1mides de El Cairo Giza, o hacer un tour a la ciudad de Luxor.<\/p>\n<p>1-3 pax (coche est\u00e1ndar) = desde $ 10<\/p>\n<p>4-8 personas (minib\u00fas) = 23 $.<\/p>\n<p><strong>Taxi de Aeropuerto de Hurghada a Soma Bay<\/strong><\/p>\n<p>Si necesita coches privados de lujo, autobuses o una limusina para trasladarle a los hoteles de Soma Bay o cuando necesite hacer excursiones para visitar los lugares tur\u00edsticos de Egipto, reserve con nosotros ahora.<\/p>\n<p>1-3 pax (coche est\u00e1ndar) = $ 35<\/p>\n<p>4-8 personas (minib\u00fas) = 40 $.<\/p>\n<p>&nbsp;<\/p>\n<p>&nbsp;<\/p>\n<p><strong>Rese\u00f1as:<\/strong><\/p>\n<p>Compruebe nuestros comentarios de Google Map como Mejor <a href=\"https:\/\/g.page\/r\/CUeYvkngP3wkEBM\/review\">Tour Operador en<\/a> <a href=\"https:\/\/hurghadalovers.com\/\">Hurghada<\/a> en l\u00ednea en <a href=\"https:\/\/hurghadalovers.com\/\">Hurghada<\/a> Egipto.<\/p>\n<p>&nbsp;<\/p>\n<p><strong>Nota:  <\/strong><\/p>\n<p>Realizamos tambi\u00e9n excursiones con traslado desde su hotel en El Goua, bah\u00eda de Soma, bah\u00eda de Makadi, Sahl Hasheesh, Safaga con coste extra= 10$ por persona.<\/p>\n<p>&nbsp;<\/p>\n<p><strong>Reserva:<\/strong><\/p>\n<p>Enviar hotel + N\u00famero de habitaci\u00f3n + Foto pasaportes a WhatsApp: <strong>+201112596434<\/strong><\/p>\n<p>Si usted fuera de Egipto Reserva ahora en l\u00ednea y confirmar a su llegada Hotel.<\/p>\n","protected":false},"excerpt":{"rendered":"<p>Traslados Privados Hurghada Taxi a Luxor, El Cairo | Reserva Precios Baratos Servicio Tur\u00edstico Traslado en Minivan de Lujo y Coche Vip a Marsa alam, Soma bay, EL Gouna, Makadi bay, Hurghada (HRG) Aeropuerto | Efectivo en el sitio.<\/p>\n","protected":false},"featured_media":931095,"template":"","meta":{"_joinchat":[]},"product_brand":[],"product_cat":[29871],"product_tag":[],"class_list":{"0":"post-381249","1":"product","2":"type-product","3":"status-publish","4":"has-post-thumbnail","6":"product_cat-egypt-tours-es","7":"tour_category-hurghada-excursions-es","8":"tour_category-hurghada-to-luxor-trips-es","10":"first","11":"instock","12":"sale","13":"shipping-taxable","14":"purchasable","15":"product-type-tour"},"yoast_head":"<!-- This site is optimized with the Yoast SEO Premium plugin v26.9 (Yoast SEO v27.2) - https:\/\/yoast.com\/product\/yoast-seo-premium-wordpress\/ -->\n<title>Traslados privados en taxi de Hurghada a Luxor, El Cairo<\/title>\n<meta name=\"description\" content=\"Hurghada Taxi Privado Traslados a Luxor, El Cairo | Reserva Precios Baratos Servicio Tur\u00edstico Traslado en Minivan de Lujo y Coche Vip a Marsa alam, Soma bay...\" \/>\n<meta name=\"robots\" content=\"index, follow, max-snippet:-1, max-image-preview:large, max-video-preview:-1\" \/>\n<link rel=\"canonical\" href=\"https:\/\/hurghadalovers.com\/es\/tours\/traslados-taxi-hurghada-privados\/\" \/>\n<meta property=\"og:locale\" content=\"es_ES\" \/>\n<meta property=\"og:type\" content=\"article\" \/>\n<meta property=\"og:title\" content=\"Taxi privado Hurghada\" \/>\n<meta property=\"og:description\" content=\"Hurghada Taxi Privado Traslados a Luxor, El Cairo | Reserva Precios Baratos Servicio Tur\u00edstico Traslado en Minivan de Lujo y Coche Vip a Marsa alam, Soma bay...\" \/>\n<meta property=\"og:url\" content=\"https:\/\/hurghadalovers.com\/es\/tours\/traslados-taxi-hurghada-privados\/\" \/>\n<meta property=\"og:site_name\" content=\"Hurghada Excursions &amp; Day Trips | Booking Best Prices Tours\" \/>\n<meta property=\"article:publisher\" content=\"https:\/\/www.facebook.com\/Hurghadaloversegypt\" \/>\n<meta property=\"article:modified_time\" content=\"2026-02-09T18:02:32+00:00\" \/>\n<meta property=\"og:image\" content=\"https:\/\/hurghadalovers.com\/wp-content\/uploads\/2023\/08\/Private-Hurghada-Taxi-Transfers.jpeg\" \/>\n\t<meta property=\"og:image:width\" content=\"1600\" \/>\n\t<meta property=\"og:image:height\" content=\"1204\" \/>\n\t<meta property=\"og:image:type\" content=\"image\/jpeg\" \/>\n<meta name=\"twitter:card\" content=\"summary_large_image\" \/>\n<meta name=\"twitter:label1\" content=\"Precio\" \/>\n\t<meta name=\"twitter:data1\" content=\"&euro;&nbsp;20\" \/>\n\t<meta name=\"twitter:label2\" content=\"Disponibilidad\" \/>\n\t<meta name=\"twitter:data2\" content=\"Disponible\" \/>\n<script type=\"application\/ld+json\" class=\"yoast-schema-graph\">{\"@context\":\"https:\/\/schema.org\",\"@graph\":[{\"@type\":[\"WebPage\",\"ItemPage\"],\"@id\":\"https:\/\/hurghadalovers.com\/es\/tours\/traslados-taxi-hurghada-privados\/\",\"url\":\"https:\/\/hurghadalovers.com\/es\/tours\/traslados-taxi-hurghada-privados\/\",\"name\":\"Traslados privados en taxi de Hurghada a Luxor, El Cairo\",\"isPartOf\":{\"@id\":\"https:\/\/hurghadalovers.com\/es\/#website\"},\"primaryImageOfPage\":{\"@id\":\"https:\/\/hurghadalovers.com\/es\/tours\/traslados-taxi-hurghada-privados\/#primaryimage\"},\"image\":{\"@id\":\"https:\/\/hurghadalovers.com\/es\/tours\/traslados-taxi-hurghada-privados\/#primaryimage\"},\"thumbnailUrl\":\"https:\/\/hurghadalovers.com\/wp-content\/uploads\/2023\/08\/Private-Hurghada-Taxi-Transfers.jpeg\",\"datePublished\":\"2023-08-19T11:35:23+00:00\",\"dateModified\":\"2026-02-09T18:02:32+00:00\",\"description\":\"Hurghada Taxi Privado Traslados a Luxor, El Cairo | Reserva Precios Baratos Servicio Tur\u00edstico Traslado en Minivan de Lujo y Coche Vip a Marsa alam, Soma bay...\",\"breadcrumb\":{\"@id\":\"https:\/\/hurghadalovers.com\/es\/tours\/traslados-taxi-hurghada-privados\/#breadcrumb\"},\"inLanguage\":\"es\",\"potentialAction\":[{\"@type\":\"ReadAction\",\"target\":[\"https:\/\/hurghadalovers.com\/es\/tours\/traslados-taxi-hurghada-privados\/\"]}]},{\"@type\":\"ImageObject\",\"inLanguage\":\"es\",\"@id\":\"https:\/\/hurghadalovers.com\/es\/tours\/traslados-taxi-hurghada-privados\/#primaryimage\",\"url\":\"https:\/\/hurghadalovers.com\/wp-content\/uploads\/2023\/08\/Private-Hurghada-Taxi-Transfers.jpeg\",\"contentUrl\":\"https:\/\/hurghadalovers.com\/wp-content\/uploads\/2023\/08\/Private-Hurghada-Taxi-Transfers.jpeg\",\"width\":1600,\"height\":1204,\"caption\":\"Private Hurghada Taxi Transfers\"},{\"@type\":\"BreadcrumbList\",\"@id\":\"https:\/\/hurghadalovers.com\/es\/tours\/traslados-taxi-hurghada-privados\/#breadcrumb\",\"itemListElement\":[{\"@type\":\"ListItem\",\"position\":1,\"name\":\"Home\",\"item\":\"https:\/\/hurghadalovers.com\/es\/\"},{\"@type\":\"ListItem\",\"position\":2,\"name\":\"Tienda\",\"item\":\"https:\/\/hurghadalovers.com\/es\/tienda\/\"},{\"@type\":\"ListItem\",\"position\":3,\"name\":\"Taxi privado Hurghada\"}]},{\"@type\":\"WebSite\",\"@id\":\"https:\/\/hurghadalovers.com\/es\/#website\",\"url\":\"https:\/\/hurghadalovers.com\/es\/\",\"name\":\"Hurghada Excursions & Day Trips | Booking Best Prices Tours\",\"description\":\"Hurghada Lovers - Best Tour Operator - Excursions &amp; Things to do for Family Day Trips with kids and Couples Romantic. Unique .Hidden gems\",\"publisher\":{\"@id\":\"https:\/\/hurghadalovers.com\/es\/#organization\"},\"alternateName\":\"Hurghada Excursions\",\"potentialAction\":[{\"@type\":\"SearchAction\",\"target\":{\"@type\":\"EntryPoint\",\"urlTemplate\":\"https:\/\/hurghadalovers.com\/es\/?s={search_term_string}\"},\"query-input\":{\"@type\":\"PropertyValueSpecification\",\"valueRequired\":true,\"valueName\":\"search_term_string\"}}],\"inLanguage\":\"es\"},{\"@type\":[\"Organization\",\"Place\",\"TravelAgency\"],\"@id\":\"https:\/\/hurghadalovers.com\/es\/#organization\",\"name\":\"Hurghada Excursions\",\"url\":\"https:\/\/hurghadalovers.com\/es\/\",\"logo\":{\"@id\":\"https:\/\/hurghadalovers.com\/es\/tours\/traslados-taxi-hurghada-privados\/#local-main-organization-logo\"},\"image\":{\"@id\":\"https:\/\/hurghadalovers.com\/es\/tours\/traslados-taxi-hurghada-privados\/#local-main-organization-logo\"},\"sameAs\":[\"https:\/\/www.facebook.com\/Hurghadaloversegypt\"],\"address\":{\"@id\":\"https:\/\/hurghadalovers.com\/es\/tours\/traslados-taxi-hurghada-privados\/#local-main-place-address\"},\"telephone\":[\"00201112596434\"],\"contactPoint\":{\"@type\":\"ContactPoint\",\"telephone\":\"00201112596434\",\"email\":\"weyouface@gmail.com\"},\"openingHoursSpecification\":{\"@type\":\"OpeningHoursSpecification\",\"dayOfWeek\":[\"Monday\",\"Tuesday\",\"Wednesday\",\"Thursday\",\"Friday\",\"Saturday\",\"Sunday\"],\"opens\":\"00:00\",\"closes\":\"23:59\"},\"email\":\"weyouface@gmail.com\",\"areaServed\":\"Luxor, Hurghada, El Gouna, Aswan, Sharm El Sheikh, Giza, Alexandria, Marsa Alam, Quseir, Soma Bay, Sahl Hasheesh, Red Sea, Makadi Bay, Cairo\",\"priceRange\":\"$\",\"currenciesAccepted\":\"euro\",\"paymentAccepted\":\"cash on site\"},{\"@type\":\"PostalAddress\",\"@id\":\"https:\/\/hurghadalovers.com\/es\/tours\/traslados-taxi-hurghada-privados\/#local-main-place-address\",\"streetAddress\":\"17 Banks street, Alkawther area, top nbk bank\",\"addressLocality\":\"hurghada\",\"postalCode\":\"84511\",\"addressRegion\":\"red sea\",\"addressCountry\":\"EG\"},{\"@type\":\"ImageObject\",\"inLanguage\":\"es\",\"@id\":\"https:\/\/hurghadalovers.com\/es\/tours\/traslados-taxi-hurghada-privados\/#local-main-organization-logo\",\"url\":\"https:\/\/hurghadalovers.com\/wp-content\/uploads\/2019\/10\/hurghada-excursions-logo.png\",\"contentUrl\":\"https:\/\/hurghadalovers.com\/wp-content\/uploads\/2019\/10\/hurghada-excursions-logo.png\",\"width\":272,\"height\":90,\"caption\":\"Hurghada Excursions\"}]}<\/script>\n<meta property=\"product:brand\" content=\"Cosas que hacer en Hurghada Egipto\" \/>\n<meta property=\"product:price:amount\" content=\"20\" \/>\n<meta property=\"product:price:currency\" content=\"EUR\" \/>\n<meta property=\"og:availability\" content=\"instock\" \/>\n<meta property=\"product:availability\" content=\"instock\" \/>\n<meta property=\"product:retailer_item_id\" content=\"Transfers012024\" \/>\n<meta property=\"product:condition\" content=\"new\" \/>\n<meta name=\"geo.placename\" content=\"hurghada\" \/>\n<meta name=\"geo.region\" content=\"Egipto\" \/>\n<!-- \/ Yoast SEO Premium plugin. -->","yoast_head_json":{"title":"Traslados privados en taxi de Hurghada a Luxor, El Cairo","description":"Hurghada Taxi Privado Traslados a Luxor, El Cairo | Reserva Precios Baratos Servicio Tur\u00edstico Traslado en Minivan de Lujo y Coche Vip a Marsa alam, Soma bay...","robots":{"index":"index","follow":"follow","max-snippet":"max-snippet:-1","max-image-preview":"max-image-preview:large","max-video-preview":"max-video-preview:-1"},"canonical":"https:\/\/hurghadalovers.com\/es\/tours\/traslados-taxi-hurghada-privados\/","og_locale":"es_ES","og_type":"article","og_title":"Taxi privado Hurghada","og_description":"Hurghada Taxi Privado Traslados a Luxor, El Cairo | Reserva Precios Baratos Servicio Tur\u00edstico Traslado en Minivan de Lujo y Coche Vip a Marsa alam, Soma bay...","og_url":"https:\/\/hurghadalovers.com\/es\/tours\/traslados-taxi-hurghada-privados\/","og_site_name":"Hurghada Excursions &amp; Day Trips | Booking Best Prices Tours","article_publisher":"https:\/\/www.facebook.com\/Hurghadaloversegypt","article_modified_time":"2026-02-09T18:02:32+00:00","og_image":[{"width":1600,"height":1204,"url":"https:\/\/hurghadalovers.com\/wp-content\/uploads\/2023\/08\/Private-Hurghada-Taxi-Transfers.jpeg","type":"image\/jpeg"}],"twitter_card":"summary_large_image","twitter_misc":{"Precio":"&euro;&nbsp;20","Disponibilidad":"Disponible"},"schema":{"@context":"https:\/\/schema.org","@graph":[{"@type":["WebPage","ItemPage"],"@id":"https:\/\/hurghadalovers.com\/es\/tours\/traslados-taxi-hurghada-privados\/","url":"https:\/\/hurghadalovers.com\/es\/tours\/traslados-taxi-hurghada-privados\/","name":"Traslados privados en taxi de Hurghada a Luxor, El Cairo","isPartOf":{"@id":"https:\/\/hurghadalovers.com\/es\/#website"},"primaryImageOfPage":{"@id":"https:\/\/hurghadalovers.com\/es\/tours\/traslados-taxi-hurghada-privados\/#primaryimage"},"image":{"@id":"https:\/\/hurghadalovers.com\/es\/tours\/traslados-taxi-hurghada-privados\/#primaryimage"},"thumbnailUrl":"https:\/\/hurghadalovers.com\/wp-content\/uploads\/2023\/08\/Private-Hurghada-Taxi-Transfers.jpeg","datePublished":"2023-08-19T11:35:23+00:00","dateModified":"2026-02-09T18:02:32+00:00","description":"Hurghada Taxi Privado Traslados a Luxor, El Cairo | Reserva Precios Baratos Servicio Tur\u00edstico Traslado en Minivan de Lujo y Coche Vip a Marsa alam, Soma bay...","breadcrumb":{"@id":"https:\/\/hurghadalovers.com\/es\/tours\/traslados-taxi-hurghada-privados\/#breadcrumb"},"inLanguage":"es","potentialAction":[{"@type":"ReadAction","target":["https:\/\/hurghadalovers.com\/es\/tours\/traslados-taxi-hurghada-privados\/"]}]},{"@type":"ImageObject","inLanguage":"es","@id":"https:\/\/hurghadalovers.com\/es\/tours\/traslados-taxi-hurghada-privados\/#primaryimage","url":"https:\/\/hurghadalovers.com\/wp-content\/uploads\/2023\/08\/Private-Hurghada-Taxi-Transfers.jpeg","contentUrl":"https:\/\/hurghadalovers.com\/wp-content\/uploads\/2023\/08\/Private-Hurghada-Taxi-Transfers.jpeg","width":1600,"height":1204,"caption":"Private Hurghada Taxi Transfers"},{"@type":"BreadcrumbList","@id":"https:\/\/hurghadalovers.com\/es\/tours\/traslados-taxi-hurghada-privados\/#breadcrumb","itemListElement":[{"@type":"ListItem","position":1,"name":"Home","item":"https:\/\/hurghadalovers.com\/es\/"},{"@type":"ListItem","position":2,"name":"Tienda","item":"https:\/\/hurghadalovers.com\/es\/tienda\/"},{"@type":"ListItem","position":3,"name":"Taxi privado Hurghada"}]},{"@type":"WebSite","@id":"https:\/\/hurghadalovers.com\/es\/#website","url":"https:\/\/hurghadalovers.com\/es\/","name":"Hurghada Excursions & Day Trips | Booking Best Prices Tours","description":"Hurghada Lovers - Best Tour Operator - Excursions &amp; Things to do for Family Day Trips with kids and Couples Romantic. Unique .Hidden gems","publisher":{"@id":"https:\/\/hurghadalovers.com\/es\/#organization"},"alternateName":"Hurghada Excursions","potentialAction":[{"@type":"SearchAction","target":{"@type":"EntryPoint","urlTemplate":"https:\/\/hurghadalovers.com\/es\/?s={search_term_string}"},"query-input":{"@type":"PropertyValueSpecification","valueRequired":true,"valueName":"search_term_string"}}],"inLanguage":"es"},{"@type":["Organization","Place","TravelAgency"],"@id":"https:\/\/hurghadalovers.com\/es\/#organization","name":"Hurghada Excursions","url":"https:\/\/hurghadalovers.com\/es\/","logo":{"@id":"https:\/\/hurghadalovers.com\/es\/tours\/traslados-taxi-hurghada-privados\/#local-main-organization-logo"},"image":{"@id":"https:\/\/hurghadalovers.com\/es\/tours\/traslados-taxi-hurghada-privados\/#local-main-organization-logo"},"sameAs":["https:\/\/www.facebook.com\/Hurghadaloversegypt"],"address":{"@id":"https:\/\/hurghadalovers.com\/es\/tours\/traslados-taxi-hurghada-privados\/#local-main-place-address"},"telephone":["00201112596434"],"contactPoint":{"@type":"ContactPoint","telephone":"00201112596434","email":"weyouface@gmail.com"},"openingHoursSpecification":{"@type":"OpeningHoursSpecification","dayOfWeek":["Monday","Tuesday","Wednesday","Thursday","Friday","Saturday","Sunday"],"opens":"00:00","closes":"23:59"},"email":"weyouface@gmail.com","areaServed":"Luxor, Hurghada, El Gouna, Aswan, Sharm El Sheikh, Giza, Alexandria, Marsa Alam, Quseir, Soma Bay, Sahl Hasheesh, Red Sea, Makadi Bay, Cairo","priceRange":"$","currenciesAccepted":"euro","paymentAccepted":"cash on site"},{"@type":"PostalAddress","@id":"https:\/\/hurghadalovers.com\/es\/tours\/traslados-taxi-hurghada-privados\/#local-main-place-address","streetAddress":"17 Banks street, Alkawther area, top nbk bank","addressLocality":"hurghada","postalCode":"84511","addressRegion":"red sea","addressCountry":"EG"},{"@type":"ImageObject","inLanguage":"es","@id":"https:\/\/hurghadalovers.com\/es\/tours\/traslados-taxi-hurghada-privados\/#local-main-organization-logo","url":"https:\/\/hurghadalovers.com\/wp-content\/uploads\/2019\/10\/hurghada-excursions-logo.png","contentUrl":"https:\/\/hurghadalovers.com\/wp-content\/uploads\/2019\/10\/hurghada-excursions-logo.png","width":272,"height":90,"caption":"Hurghada Excursions"}]},"product_brand":"Cosas que hacer en Hurghada Egipto","product_price_amount":"20","product_price_currency":"EUR","og_availability":"instock","product_availability":"instock","product_retailer_item_id":"Transfers012024","product_condition":"new","geo.placename":"hurghada","geo.region":"Egipto"},"_links":{"self":[{"href":"https:\/\/hurghadalovers.com\/es\/wp-json\/wp\/v2\/product\/381249","targetHints":{"allow":["GET"]}}],"collection":[{"href":"https:\/\/hurghadalovers.com\/es\/wp-json\/wp\/v2\/product"}],"about":[{"href":"https:\/\/hurghadalovers.com\/es\/wp-json\/wp\/v2\/types\/product"}],"wp:featuredmedia":[{"embeddable":true,"href":"https:\/\/hurghadalovers.com\/es\/wp-json\/wp\/v2\/media\/931095"}],"wp:attachment":[{"href":"https:\/\/hurghadalovers.com\/es\/wp-json\/wp\/v2\/media?parent=381249"}],"wp:term":[{"taxonomy":"product_brand","embeddable":true,"href":"https:\/\/hurghadalovers.com\/es\/wp-json\/wp\/v2\/product_brand?post=381249"},{"taxonomy":"product_cat","embeddable":true,"href":"https:\/\/hurghadalovers.com\/es\/wp-json\/wp\/v2\/product_cat?post=381249"},{"taxonomy":"product_tag","embeddable":true,"href":"https:\/\/hurghadalovers.com\/es\/wp-json\/wp\/v2\/product_tag?post=381249"}],"curies":[{"name":"wp","href":"https:\/\/api.w.org\/{rel}","templated":true}]}}