{"id":379926,"date":"2023-08-13T11:41:59","date_gmt":"2023-08-13T11:41:59","guid":{"rendered":"https:\/\/hurghadalovers.com\/shop\/sin%20categor\u00eda\/excursiones-privadas-de-hurghada-a-luxor-y-asuan-2-dias\/"},"modified":"2026-02-09T17:11:59","modified_gmt":"2026-02-09T17:11:59","slug":"privado-hurghada-excursiones-a-luxor","status":"publish","type":"product","link":"https:\/\/hurghadalovers.com\/es\/tours\/privado-hurghada-excursiones-a-luxor\/","title":{"rendered":"Excursiones privadas de Hurghada a Luxor y Asu\u00e1n &#8211; 2 d\u00edas"},"content":{"rendered":"<p><strong>Excursiones privadas de Hurghada a Luxor<\/strong> y Asu\u00e1n &#8211; 2 d\u00edas con gu\u00eda privado, entradas y almuerzo.<\/p>\n<p>&nbsp;<\/p>\n<p>Descubra los secretos de los reyes faraones a trav\u00e9s de una excursi\u00f3n de dos d\u00edas a los lugares emblem\u00e1ticos de la antigua ciudad de Luxor y Asu\u00e1n, y conozca los hechos y la historia de la antigua civilizaci\u00f3n de Egipto, los secretos del rey Tutankam\u00f3n, el rey Rams\u00e9s II y mucho m\u00e1s.<\/p>\n<p><strong>Lo m\u00e1s destacado:<\/strong><\/p>\n<ul>\n<li>Templo de Karnak.<\/li>\n<li>Colosos de Memnon.<\/li>\n<li>Templo funerario de Hatshepsut.<\/li>\n<li>3 Tumbas en el Valle de los Reyes .<\/li>\n<li>El templo de Philae.<\/li>\n<li>El Obelisco Inacabado.<\/li>\n<li>La Presa Alta.<\/li>\n<li>Comida en el restaurante \u00abVegetarians Food is available\u00bb.<\/li>\n<\/ul>\n<p><strong>Excursiones privadas de Hurghada a Luxor y Asu\u00e1n Detalles:<\/strong><\/p>\n<ul>\n<li>Disponibilidad de visitas: Todos los d\u00edas.<\/li>\n<li>Tipo de excursi\u00f3n: Privado en Coche o Minivan.<\/li>\n<li>Hora de recogida: A partir de las 05:00 A.M.<\/li>\n<li>Pidiendo Hotel obtener su bolsa de desayuno con usted por la ma\u00f1ana.<\/li>\n<li>Hora de recogida: 19:00.<\/li>\n<li>Accesible en silla de ruedas.<\/li>\n<li>Duraci\u00f3n: 2 d\u00edas \/ 1 noche.<\/li>\n<\/ul>\n<p><strong>Reserve ahora y pague despu\u00e9s:<\/strong><\/p>\n<ul>\n<li>Efectivo en el sitio para guiar.<\/li>\n<li>Pago en libras egipcias, $, \u20ac o \u00a3.<\/li>\n<\/ul>\n<p><strong>Pol\u00edtica de cancelaci\u00f3n:<\/strong><\/p>\n<ul>\n<li>Cancelar con 24 horas de antelaci\u00f3n.<\/li>\n<li>Cuando alguien de su familia cancele la ma\u00f1ana, pagar\u00e1 el 50% del coste.<\/li>\n<\/ul>\n<p><strong>\u00bfQu\u00e9 incluye?<\/strong><\/p>\n<ul>\n<li>Traslado desde los hoteles de Hurghada \u00abRecogida y entrega en el hotel\u00bb.<\/li>\n<li>Todos los impuestos, entradas y gastos de gesti\u00f3n.<\/li>\n<li>Traslados.<\/li>\n<li>Gu\u00eda tur\u00edstico.<\/li>\n<li>Una noche de hotel con desayuno.<\/li>\n<li>Bebidas.<\/li>\n<li>2 Almuerzo en restaurante.<\/li>\n<\/ul>\n<p><strong>\u00bfExclusiones?<\/strong><\/p>\n<ul>\n<li>Propinas.<\/li>\n<li>Cualquier extra no mencionado.<\/li>\n<\/ul>\n<p><strong>Excursiones privadas de Hurghada a Luxor y Asu\u00e1n Precios:<\/strong><\/p>\n<ul>\n<li><strong>Precio Adulto = <\/strong><strong>desde 270$<\/strong><strong> por Persona<\/strong>.<\/li>\n<li>Precio para ni\u00f1os \u00ab5-12\u2033= 50%.<\/li>\n<li>para ni\u00f1os \u00ab0-5\u2033= Gratis.<\/li>\n<\/ul>\n<p><strong>Rese\u00f1as:<\/strong><\/p>\n<p>Compruebe nuestros comentarios de Google Map como Mejor <a href=\"https:\/\/g.page\/r\/CUeYvkngP3wkEBM\/review\">Tour Operador en<\/a> <a href=\"https:\/\/hurghadalovers.com\/\">Hurghada<\/a> en l\u00ednea en <a href=\"https:\/\/hurghadalovers.com\/\">Hurghada<\/a> Egipto.<\/p>\n<p>&nbsp;<\/p>\n<p><strong>Nota:  <\/strong><\/p>\n<p>Realizamos tambi\u00e9n excursiones con traslado desde su hotel en El Goua, bah\u00eda de Soma, bah\u00eda de Makadi, Sahl Hasheesh, Safaga con coste extra= 10$ por persona.<\/p>\n<p>&nbsp;<\/p>\n<p><strong>Reserva:<\/strong><\/p>\n<p>Enviar hotel + N\u00famero de habitaci\u00f3n + Foto pasaportes a WhatsApp: <strong>+201112596434<\/strong><\/p>\n<p>Si usted fuera de Egipto Reserva ahora en l\u00ednea y confirmar a su llegada Hotel.<\/p>\n","protected":false},"excerpt":{"rendered":"<p>Excursiones privadas de Hurghada a Luxor y Asu\u00e1n &#8211; 2 d\u00edas con gu\u00eda privado, entradas y almuerzo para visitar el Templo de Karnak, el Templo de Filae, el Templo de Hatshepsut, el Valle de los Reyes y m\u00e1s&#8230;<\/p>\n","protected":false},"featured_media":492309,"template":"","meta":{"_joinchat":[]},"product_brand":[],"product_cat":[29871],"product_tag":[58610,58579,58587,58571,58602,58615,58563,58553,58542,58595],"class_list":{"0":"post-379926","1":"product","2":"type-product","3":"status-publish","4":"has-post-thumbnail","6":"product_cat-egypt-tours-es","7":"product_tag-actividades-para-parejas-en-hurghada","8":"product_tag-cosas-que-hacer-con-ninos-desde-hurghada","9":"product_tag-cosas-que-hacer-en-familia-desde-hurghada","10":"product_tag-cosas-que-hacer-en-hurghada","11":"product_tag-cosas-romanticas-que-hacer-desde-hurghada","12":"product_tag-excursion-de-un-dia-de-hurghada-a-luxor","13":"product_tag-excursiones-de-un-dia-desde-hurghada","14":"product_tag-excursiones-de-un-dia-en-hurghada","15":"product_tag-excursiones-en-hurghada","16":"product_tag-lugares-divertidos-para-ir-en-familia-desde-hurghada","17":"tour_category-hurghada-excursions-es","18":"tour_category-hurghada-to-luxor-trips-es","20":"first","21":"instock","22":"sale","23":"shipping-taxable","24":"purchasable","25":"product-type-tour"},"yoast_head":"<!-- This site is optimized with the Yoast SEO Premium plugin v26.9 (Yoast SEO v27.2) - https:\/\/yoast.com\/product\/yoast-seo-premium-wordpress\/ -->\n<title>Excursiones privadas de Hurghada a Luxor y Asu\u00e1n - 2 d\u00edas<\/title>\n<meta name=\"description\" content=\"Excursiones privadas de Hurghada a Luxor y Asu\u00e1n - 2 d\u00edas con gu\u00eda privado, entradas y almuerzo para visitar el templo de Karnak, Philae, el Valle de los Reyes y mucho m\u00e1s.\" \/>\n<meta name=\"robots\" content=\"index, follow, max-snippet:-1, max-image-preview:large, max-video-preview:-1\" \/>\n<link rel=\"canonical\" href=\"https:\/\/hurghadalovers.com\/es\/tours\/privado-hurghada-excursiones-a-luxor\/\" \/>\n<meta property=\"og:locale\" content=\"es_ES\" \/>\n<meta property=\"og:type\" content=\"article\" \/>\n<meta property=\"og:title\" content=\"Excursiones privadas de Hurghada a Luxor y Asu\u00e1n - 2 d\u00edas\" \/>\n<meta property=\"og:description\" content=\"Excursiones privadas de Hurghada a Luxor y Asu\u00e1n - 2 d\u00edas con gu\u00eda privado, entradas y almuerzo para visitar el templo de Karnak, Philae, el Valle de los Reyes y mucho m\u00e1s.\" \/>\n<meta property=\"og:url\" content=\"https:\/\/hurghadalovers.com\/es\/tours\/privado-hurghada-excursiones-a-luxor\/\" \/>\n<meta property=\"og:site_name\" content=\"Hurghada Excursions &amp; Day Trips | Booking Best Prices Tours\" \/>\n<meta property=\"article:publisher\" content=\"https:\/\/www.facebook.com\/Hurghadaloversegypt\" \/>\n<meta property=\"article:modified_time\" content=\"2026-02-09T17:11:59+00:00\" \/>\n<meta property=\"og:image\" content=\"https:\/\/hurghadalovers.com\/wp-content\/uploads\/2023\/08\/\u042d\u043a\u0441\u043a\u0443\u0440\u0441\u0438\u044f-\u041b\u0443\u043a\u0441\u043e\u0440-\u043c\u0438\u043d\u0438-\u0433\u0440\u0443\u043f\u043f\u043e\u0439-\u0438\u0437-\u0425\u0443\u0440\u0433\u0430\u0434\u044b.jpeg\" \/>\n\t<meta property=\"og:image:width\" content=\"1600\" \/>\n\t<meta property=\"og:image:height\" content=\"698\" \/>\n\t<meta property=\"og:image:type\" content=\"image\/jpeg\" \/>\n<meta name=\"twitter:card\" content=\"summary_large_image\" \/>\n<meta name=\"twitter:label1\" content=\"Precio\" \/>\n\t<meta name=\"twitter:data1\" content=\"&euro;&nbsp;400\" \/>\n\t<meta name=\"twitter:label2\" content=\"Disponibilidad\" \/>\n\t<meta name=\"twitter:data2\" content=\"Disponible\" \/>\n<script type=\"application\/ld+json\" class=\"yoast-schema-graph\">{\"@context\":\"https:\/\/schema.org\",\"@graph\":[{\"@type\":[\"WebPage\",\"ItemPage\"],\"@id\":\"https:\/\/hurghadalovers.com\/es\/tours\/privado-hurghada-excursiones-a-luxor\/\",\"url\":\"https:\/\/hurghadalovers.com\/es\/tours\/privado-hurghada-excursiones-a-luxor\/\",\"name\":\"Excursiones privadas de Hurghada a Luxor y Asu\u00e1n - 2 d\u00edas\",\"isPartOf\":{\"@id\":\"https:\/\/hurghadalovers.com\/es\/#website\"},\"primaryImageOfPage\":{\"@id\":\"https:\/\/hurghadalovers.com\/es\/tours\/privado-hurghada-excursiones-a-luxor\/#primaryimage\"},\"image\":{\"@id\":\"https:\/\/hurghadalovers.com\/es\/tours\/privado-hurghada-excursiones-a-luxor\/#primaryimage\"},\"thumbnailUrl\":\"https:\/\/hurghadalovers.com\/wp-content\/uploads\/2023\/08\/\u042d\u043a\u0441\u043a\u0443\u0440\u0441\u0438\u044f-\u041b\u0443\u043a\u0441\u043e\u0440-\u043c\u0438\u043d\u0438-\u0433\u0440\u0443\u043f\u043f\u043e\u0439-\u0438\u0437-\u0425\u0443\u0440\u0433\u0430\u0434\u044b.jpeg\",\"datePublished\":\"2023-08-13T11:41:59+00:00\",\"dateModified\":\"2026-02-09T17:11:59+00:00\",\"description\":\"Excursiones privadas de Hurghada a Luxor y Asu\u00e1n - 2 d\u00edas con gu\u00eda privado, entradas y almuerzo para visitar el templo de Karnak, Philae, el Valle de los Reyes y mucho m\u00e1s.\",\"breadcrumb\":{\"@id\":\"https:\/\/hurghadalovers.com\/es\/tours\/privado-hurghada-excursiones-a-luxor\/#breadcrumb\"},\"inLanguage\":\"es\",\"potentialAction\":[{\"@type\":\"ReadAction\",\"target\":[\"https:\/\/hurghadalovers.com\/es\/tours\/privado-hurghada-excursiones-a-luxor\/\"]}]},{\"@type\":\"ImageObject\",\"inLanguage\":\"es\",\"@id\":\"https:\/\/hurghadalovers.com\/es\/tours\/privado-hurghada-excursiones-a-luxor\/#primaryimage\",\"url\":\"https:\/\/hurghadalovers.com\/wp-content\/uploads\/2023\/08\/\u042d\u043a\u0441\u043a\u0443\u0440\u0441\u0438\u044f-\u041b\u0443\u043a\u0441\u043e\u0440-\u043c\u0438\u043d\u0438-\u0433\u0440\u0443\u043f\u043f\u043e\u0439-\u0438\u0437-\u0425\u0443\u0440\u0433\u0430\u0434\u044b.jpeg\",\"contentUrl\":\"https:\/\/hurghadalovers.com\/wp-content\/uploads\/2023\/08\/\u042d\u043a\u0441\u043a\u0443\u0440\u0441\u0438\u044f-\u041b\u0443\u043a\u0441\u043e\u0440-\u043c\u0438\u043d\u0438-\u0433\u0440\u0443\u043f\u043f\u043e\u0439-\u0438\u0437-\u0425\u0443\u0440\u0433\u0430\u0434\u044b.jpeg\",\"width\":1600,\"height\":698,\"caption\":\"\u042d\u043a\u0441\u043a\u0443\u0440\u0441\u0438\u044f \u041b\u0443\u043a\u0441\u043e\u0440 \u043c\u0438\u043d\u0438 \u0433\u0440\u0443\u043f\u043f\u043e\u0438\u0306 \u0438\u0437 \u0425\u0443\u0440\u0433\u0430\u0434\u044b\"},{\"@type\":\"BreadcrumbList\",\"@id\":\"https:\/\/hurghadalovers.com\/es\/tours\/privado-hurghada-excursiones-a-luxor\/#breadcrumb\",\"itemListElement\":[{\"@type\":\"ListItem\",\"position\":1,\"name\":\"Home\",\"item\":\"https:\/\/hurghadalovers.com\/es\/\"},{\"@type\":\"ListItem\",\"position\":2,\"name\":\"Tienda\",\"item\":\"https:\/\/hurghadalovers.com\/es\/tienda\/\"},{\"@type\":\"ListItem\",\"position\":3,\"name\":\"Excursiones privadas de Hurghada a Luxor y Asu\u00e1n &#8211; 2 d\u00edas\"}]},{\"@type\":\"WebSite\",\"@id\":\"https:\/\/hurghadalovers.com\/es\/#website\",\"url\":\"https:\/\/hurghadalovers.com\/es\/\",\"name\":\"Hurghada Excursions & Day Trips | Booking Best Prices Tours\",\"description\":\"Hurghada Lovers - Best Tour Operator - Excursions &amp; Things to do for Family Day Trips with kids and Couples Romantic. Unique .Hidden gems\",\"publisher\":{\"@id\":\"https:\/\/hurghadalovers.com\/es\/#organization\"},\"alternateName\":\"Hurghada Excursions\",\"potentialAction\":[{\"@type\":\"SearchAction\",\"target\":{\"@type\":\"EntryPoint\",\"urlTemplate\":\"https:\/\/hurghadalovers.com\/es\/?s={search_term_string}\"},\"query-input\":{\"@type\":\"PropertyValueSpecification\",\"valueRequired\":true,\"valueName\":\"search_term_string\"}}],\"inLanguage\":\"es\"},{\"@type\":[\"Organization\",\"Place\",\"TravelAgency\"],\"@id\":\"https:\/\/hurghadalovers.com\/es\/#organization\",\"name\":\"Hurghada Excursions\",\"url\":\"https:\/\/hurghadalovers.com\/es\/\",\"logo\":{\"@id\":\"https:\/\/hurghadalovers.com\/es\/tours\/privado-hurghada-excursiones-a-luxor\/#local-main-organization-logo\"},\"image\":{\"@id\":\"https:\/\/hurghadalovers.com\/es\/tours\/privado-hurghada-excursiones-a-luxor\/#local-main-organization-logo\"},\"sameAs\":[\"https:\/\/www.facebook.com\/Hurghadaloversegypt\"],\"address\":{\"@id\":\"https:\/\/hurghadalovers.com\/es\/tours\/privado-hurghada-excursiones-a-luxor\/#local-main-place-address\"},\"telephone\":[\"00201112596434\"],\"contactPoint\":{\"@type\":\"ContactPoint\",\"telephone\":\"00201112596434\",\"email\":\"weyouface@gmail.com\"},\"openingHoursSpecification\":{\"@type\":\"OpeningHoursSpecification\",\"dayOfWeek\":[\"Monday\",\"Tuesday\",\"Wednesday\",\"Thursday\",\"Friday\",\"Saturday\",\"Sunday\"],\"opens\":\"00:00\",\"closes\":\"23:59\"},\"email\":\"weyouface@gmail.com\",\"areaServed\":\"Luxor, Hurghada, El Gouna, Aswan, Sharm El Sheikh, Giza, Alexandria, Marsa Alam, Quseir, Soma Bay, Sahl Hasheesh, Red Sea, Makadi Bay, Cairo\",\"priceRange\":\"$\",\"currenciesAccepted\":\"euro\",\"paymentAccepted\":\"cash on site\"},{\"@type\":\"PostalAddress\",\"@id\":\"https:\/\/hurghadalovers.com\/es\/tours\/privado-hurghada-excursiones-a-luxor\/#local-main-place-address\",\"streetAddress\":\"17 Banks street, Alkawther area, top nbk bank\",\"addressLocality\":\"hurghada\",\"postalCode\":\"84511\",\"addressRegion\":\"red sea\",\"addressCountry\":\"EG\"},{\"@type\":\"ImageObject\",\"inLanguage\":\"es\",\"@id\":\"https:\/\/hurghadalovers.com\/es\/tours\/privado-hurghada-excursiones-a-luxor\/#local-main-organization-logo\",\"url\":\"https:\/\/hurghadalovers.com\/wp-content\/uploads\/2019\/10\/hurghada-excursions-logo.png\",\"contentUrl\":\"https:\/\/hurghadalovers.com\/wp-content\/uploads\/2019\/10\/hurghada-excursions-logo.png\",\"width\":272,\"height\":90,\"caption\":\"Hurghada Excursions\"}]}<\/script>\n<meta property=\"product:brand\" content=\"Cosas que hacer en Hurghada Egipto\" \/>\n<meta property=\"product:price:amount\" content=\"400\" \/>\n<meta property=\"product:price:currency\" content=\"EUR\" \/>\n<meta property=\"og:availability\" content=\"instock\" \/>\n<meta property=\"product:availability\" content=\"instock\" \/>\n<meta property=\"product:retailer_item_id\" content=\"Private092024\" \/>\n<meta property=\"product:condition\" content=\"new\" \/>\n<meta name=\"geo.placename\" content=\"hurghada\" \/>\n<meta name=\"geo.region\" content=\"Egipto\" \/>\n<!-- \/ Yoast SEO Premium plugin. -->","yoast_head_json":{"title":"Excursiones privadas de Hurghada a Luxor y Asu\u00e1n - 2 d\u00edas","description":"Excursiones privadas de Hurghada a Luxor y Asu\u00e1n - 2 d\u00edas con gu\u00eda privado, entradas y almuerzo para visitar el templo de Karnak, Philae, el Valle de los Reyes y mucho m\u00e1s.","robots":{"index":"index","follow":"follow","max-snippet":"max-snippet:-1","max-image-preview":"max-image-preview:large","max-video-preview":"max-video-preview:-1"},"canonical":"https:\/\/hurghadalovers.com\/es\/tours\/privado-hurghada-excursiones-a-luxor\/","og_locale":"es_ES","og_type":"article","og_title":"Excursiones privadas de Hurghada a Luxor y Asu\u00e1n - 2 d\u00edas","og_description":"Excursiones privadas de Hurghada a Luxor y Asu\u00e1n - 2 d\u00edas con gu\u00eda privado, entradas y almuerzo para visitar el templo de Karnak, Philae, el Valle de los Reyes y mucho m\u00e1s.","og_url":"https:\/\/hurghadalovers.com\/es\/tours\/privado-hurghada-excursiones-a-luxor\/","og_site_name":"Hurghada Excursions &amp; Day Trips | Booking Best Prices Tours","article_publisher":"https:\/\/www.facebook.com\/Hurghadaloversegypt","article_modified_time":"2026-02-09T17:11:59+00:00","og_image":[{"width":1600,"height":698,"url":"https:\/\/hurghadalovers.com\/wp-content\/uploads\/2023\/08\/\u042d\u043a\u0441\u043a\u0443\u0440\u0441\u0438\u044f-\u041b\u0443\u043a\u0441\u043e\u0440-\u043c\u0438\u043d\u0438-\u0433\u0440\u0443\u043f\u043f\u043e\u0439-\u0438\u0437-\u0425\u0443\u0440\u0433\u0430\u0434\u044b.jpeg","type":"image\/jpeg"}],"twitter_card":"summary_large_image","twitter_misc":{"Precio":"&euro;&nbsp;400","Disponibilidad":"Disponible"},"schema":{"@context":"https:\/\/schema.org","@graph":[{"@type":["WebPage","ItemPage"],"@id":"https:\/\/hurghadalovers.com\/es\/tours\/privado-hurghada-excursiones-a-luxor\/","url":"https:\/\/hurghadalovers.com\/es\/tours\/privado-hurghada-excursiones-a-luxor\/","name":"Excursiones privadas de Hurghada a Luxor y Asu\u00e1n - 2 d\u00edas","isPartOf":{"@id":"https:\/\/hurghadalovers.com\/es\/#website"},"primaryImageOfPage":{"@id":"https:\/\/hurghadalovers.com\/es\/tours\/privado-hurghada-excursiones-a-luxor\/#primaryimage"},"image":{"@id":"https:\/\/hurghadalovers.com\/es\/tours\/privado-hurghada-excursiones-a-luxor\/#primaryimage"},"thumbnailUrl":"https:\/\/hurghadalovers.com\/wp-content\/uploads\/2023\/08\/\u042d\u043a\u0441\u043a\u0443\u0440\u0441\u0438\u044f-\u041b\u0443\u043a\u0441\u043e\u0440-\u043c\u0438\u043d\u0438-\u0433\u0440\u0443\u043f\u043f\u043e\u0439-\u0438\u0437-\u0425\u0443\u0440\u0433\u0430\u0434\u044b.jpeg","datePublished":"2023-08-13T11:41:59+00:00","dateModified":"2026-02-09T17:11:59+00:00","description":"Excursiones privadas de Hurghada a Luxor y Asu\u00e1n - 2 d\u00edas con gu\u00eda privado, entradas y almuerzo para visitar el templo de Karnak, Philae, el Valle de los Reyes y mucho m\u00e1s.","breadcrumb":{"@id":"https:\/\/hurghadalovers.com\/es\/tours\/privado-hurghada-excursiones-a-luxor\/#breadcrumb"},"inLanguage":"es","potentialAction":[{"@type":"ReadAction","target":["https:\/\/hurghadalovers.com\/es\/tours\/privado-hurghada-excursiones-a-luxor\/"]}]},{"@type":"ImageObject","inLanguage":"es","@id":"https:\/\/hurghadalovers.com\/es\/tours\/privado-hurghada-excursiones-a-luxor\/#primaryimage","url":"https:\/\/hurghadalovers.com\/wp-content\/uploads\/2023\/08\/\u042d\u043a\u0441\u043a\u0443\u0440\u0441\u0438\u044f-\u041b\u0443\u043a\u0441\u043e\u0440-\u043c\u0438\u043d\u0438-\u0433\u0440\u0443\u043f\u043f\u043e\u0439-\u0438\u0437-\u0425\u0443\u0440\u0433\u0430\u0434\u044b.jpeg","contentUrl":"https:\/\/hurghadalovers.com\/wp-content\/uploads\/2023\/08\/\u042d\u043a\u0441\u043a\u0443\u0440\u0441\u0438\u044f-\u041b\u0443\u043a\u0441\u043e\u0440-\u043c\u0438\u043d\u0438-\u0433\u0440\u0443\u043f\u043f\u043e\u0439-\u0438\u0437-\u0425\u0443\u0440\u0433\u0430\u0434\u044b.jpeg","width":1600,"height":698,"caption":"\u042d\u043a\u0441\u043a\u0443\u0440\u0441\u0438\u044f \u041b\u0443\u043a\u0441\u043e\u0440 \u043c\u0438\u043d\u0438 \u0433\u0440\u0443\u043f\u043f\u043e\u0438\u0306 \u0438\u0437 \u0425\u0443\u0440\u0433\u0430\u0434\u044b"},{"@type":"BreadcrumbList","@id":"https:\/\/hurghadalovers.com\/es\/tours\/privado-hurghada-excursiones-a-luxor\/#breadcrumb","itemListElement":[{"@type":"ListItem","position":1,"name":"Home","item":"https:\/\/hurghadalovers.com\/es\/"},{"@type":"ListItem","position":2,"name":"Tienda","item":"https:\/\/hurghadalovers.com\/es\/tienda\/"},{"@type":"ListItem","position":3,"name":"Excursiones privadas de Hurghada a Luxor y Asu\u00e1n &#8211; 2 d\u00edas"}]},{"@type":"WebSite","@id":"https:\/\/hurghadalovers.com\/es\/#website","url":"https:\/\/hurghadalovers.com\/es\/","name":"Hurghada Excursions & Day Trips | Booking Best Prices Tours","description":"Hurghada Lovers - Best Tour Operator - Excursions &amp; Things to do for Family Day Trips with kids and Couples Romantic. Unique .Hidden gems","publisher":{"@id":"https:\/\/hurghadalovers.com\/es\/#organization"},"alternateName":"Hurghada Excursions","potentialAction":[{"@type":"SearchAction","target":{"@type":"EntryPoint","urlTemplate":"https:\/\/hurghadalovers.com\/es\/?s={search_term_string}"},"query-input":{"@type":"PropertyValueSpecification","valueRequired":true,"valueName":"search_term_string"}}],"inLanguage":"es"},{"@type":["Organization","Place","TravelAgency"],"@id":"https:\/\/hurghadalovers.com\/es\/#organization","name":"Hurghada Excursions","url":"https:\/\/hurghadalovers.com\/es\/","logo":{"@id":"https:\/\/hurghadalovers.com\/es\/tours\/privado-hurghada-excursiones-a-luxor\/#local-main-organization-logo"},"image":{"@id":"https:\/\/hurghadalovers.com\/es\/tours\/privado-hurghada-excursiones-a-luxor\/#local-main-organization-logo"},"sameAs":["https:\/\/www.facebook.com\/Hurghadaloversegypt"],"address":{"@id":"https:\/\/hurghadalovers.com\/es\/tours\/privado-hurghada-excursiones-a-luxor\/#local-main-place-address"},"telephone":["00201112596434"],"contactPoint":{"@type":"ContactPoint","telephone":"00201112596434","email":"weyouface@gmail.com"},"openingHoursSpecification":{"@type":"OpeningHoursSpecification","dayOfWeek":["Monday","Tuesday","Wednesday","Thursday","Friday","Saturday","Sunday"],"opens":"00:00","closes":"23:59"},"email":"weyouface@gmail.com","areaServed":"Luxor, Hurghada, El Gouna, Aswan, Sharm El Sheikh, Giza, Alexandria, Marsa Alam, Quseir, Soma Bay, Sahl Hasheesh, Red Sea, Makadi Bay, Cairo","priceRange":"$","currenciesAccepted":"euro","paymentAccepted":"cash on site"},{"@type":"PostalAddress","@id":"https:\/\/hurghadalovers.com\/es\/tours\/privado-hurghada-excursiones-a-luxor\/#local-main-place-address","streetAddress":"17 Banks street, Alkawther area, top nbk bank","addressLocality":"hurghada","postalCode":"84511","addressRegion":"red sea","addressCountry":"EG"},{"@type":"ImageObject","inLanguage":"es","@id":"https:\/\/hurghadalovers.com\/es\/tours\/privado-hurghada-excursiones-a-luxor\/#local-main-organization-logo","url":"https:\/\/hurghadalovers.com\/wp-content\/uploads\/2019\/10\/hurghada-excursions-logo.png","contentUrl":"https:\/\/hurghadalovers.com\/wp-content\/uploads\/2019\/10\/hurghada-excursions-logo.png","width":272,"height":90,"caption":"Hurghada Excursions"}]},"product_brand":"Cosas que hacer en Hurghada Egipto","product_price_amount":"400","product_price_currency":"EUR","og_availability":"instock","product_availability":"instock","product_retailer_item_id":"Private092024","product_condition":"new","geo.placename":"hurghada","geo.region":"Egipto"},"_links":{"self":[{"href":"https:\/\/hurghadalovers.com\/es\/wp-json\/wp\/v2\/product\/379926","targetHints":{"allow":["GET"]}}],"collection":[{"href":"https:\/\/hurghadalovers.com\/es\/wp-json\/wp\/v2\/product"}],"about":[{"href":"https:\/\/hurghadalovers.com\/es\/wp-json\/wp\/v2\/types\/product"}],"wp:featuredmedia":[{"embeddable":true,"href":"https:\/\/hurghadalovers.com\/es\/wp-json\/wp\/v2\/media\/492309"}],"wp:attachment":[{"href":"https:\/\/hurghadalovers.com\/es\/wp-json\/wp\/v2\/media?parent=379926"}],"wp:term":[{"taxonomy":"product_brand","embeddable":true,"href":"https:\/\/hurghadalovers.com\/es\/wp-json\/wp\/v2\/product_brand?post=379926"},{"taxonomy":"product_cat","embeddable":true,"href":"https:\/\/hurghadalovers.com\/es\/wp-json\/wp\/v2\/product_cat?post=379926"},{"taxonomy":"product_tag","embeddable":true,"href":"https:\/\/hurghadalovers.com\/es\/wp-json\/wp\/v2\/product_tag?post=379926"}],"curies":[{"name":"wp","href":"https:\/\/api.w.org\/{rel}","templated":true}]}}