{"id":336790,"date":"2023-07-15T17:26:38","date_gmt":"2023-07-16T07:35:38","guid":{"rendered":"https:\/\/hurghadalovers.com\/shop\/sin%20categor\u00eda\/lancha-rapida-privada-a-dolphin-house-desde-hurghada\/"},"modified":"2026-02-09T16:58:41","modified_gmt":"2026-02-09T16:58:41","slug":"private-speedboat-to-dolphin-house-from-hurghada-es","status":"publish","type":"product","link":"https:\/\/hurghadalovers.com\/es\/tours\/private-speedboat-to-dolphin-house-from-hurghada-es\/","title":{"rendered":"Lancha r\u00e1pida privada a Dolphin House desde Hurghada"},"content":{"rendered":"<p><strong>Lancha r\u00e1pida privada a Dolphin House desde Hurghada<\/strong><\/p>\n<p>Reserva 4hr Dolphin Spotting &amp; Swimming with Dolphins + 2 Snorkeling Spots.<\/p>\n<h4><strong>Lo m\u00e1s destacado:<\/strong><\/h4>\n<ul>\n<li>Lancha r\u00e1pida.<\/li>\n<li>Traslado privado.<\/li>\n<li>Equipo de snorkel.<\/li>\n<li>Agua, refrescos.<\/li>\n<li>Spots Snorkeling House Reef.<\/li>\n<li>Casa de los delfines y nadar con delfines.<\/li>\n<\/ul>\n<h4><strong>Detalles:<\/strong><\/h4>\n<ul>\n<li>Disponibilidad: Todos los d\u00edas.<\/li>\n<li>Accesible en silla de ruedas.<\/li>\n<li>Duraci\u00f3n: 04 horas<\/li>\n<li>Hora de recogida en los hoteles de Hurghada: a partir de las 07:30 A.M. o como desee.<\/li>\n<li>Hora de recogida en el hotel de Hurghada: 18:00 o como desee.<\/li>\n<\/ul>\n<h3><strong>Reserve ahora y pague despu\u00e9s:<\/strong><\/h3>\n<p>Efectivo in situ al Sr. Tamer\u00bb o puede concertar hora de encuentro en el hotel\u00bb.<\/p>\n<p>Pago en libras egipcias, d\u00f3lares, euros o libras esterlinas.<\/p>\n<p>&nbsp;<\/p>\n<h3><strong>Pol\u00edtica de cancelaci\u00f3n:<\/strong><\/h3>\n<p>Cancelar con 24 horas de antelaci\u00f3n.<\/p>\n<p>&nbsp;<\/p>\n<h4><strong>Inclusiones &#8211; \u00bfQu\u00e9 incluye la lancha r\u00e1pida privada a Dolphin House?<\/strong><\/h4>\n<ol>\n<li>Traslado privado desde los hoteles de Hurghada \u00abRecogida y entrega en el hotel\u00bb.<\/li>\n<li>Gu\u00eda de snorkel.<\/li>\n<li>Todos los impuestos, entradas y gastos de gesti\u00f3n.<\/li>\n<li>Agua mineral + Cola + Leche + Caf\u00e9\/T\u00e9.<\/li>\n<li>2 -3 Puntos de snorkel.<\/li>\n<li>Equipo de snorkel \u00abM\u00e1scaras, chalecos salvavidas y aletas de nataci\u00f3n\u00bb.<\/li>\n<\/ol>\n<h4><strong>Exclusiones &#8211; \u00bfSe incluye el alquiler de lanchas r\u00e1pidas desde Hurghada?<\/strong><\/h4>\n<ul>\n<li>Propina \u00abPropina de gu\u00eda\u00bb.<\/li>\n<li>Bebidas en la isla del restaurante Paradise Island.<\/li>\n<li>Comida y almuerzo \u00bb puede a\u00f1adir extra a su gusto\u00bb<\/li>\n<li>Fotograf\u00eda para el viaje o puede cancelar Fotograf\u00eda hombre con viaje.<\/li>\n<li>Ofrecemos alquiler de trajes de ba\u00f1o y trajes de ba\u00f1o para mujeres, hombres, ni\u00f1os de todos los tama\u00f1os\u00bb 5 $ por uno\u00bb.<\/li>\n<\/ul>\n<h3><strong>Lancha r\u00e1pida privada a Dolphin House desde Hurghada Precios:<\/strong><\/h3>\n<p><strong>4hr = 200$.<\/strong><\/p>\n<p>&nbsp;<\/p>\n","protected":false},"excerpt":{"rendered":"<p>Lancha R\u00e1pida Privada a la Casa de los Delfines desde Hurghada | Reserva 4hr Avistamiento de Delfines y Nado con Delfines + 2 Puntos de Snorkel con Traslado&#8230;<\/p>\n","protected":false},"featured_media":995802,"template":"","meta":{"_joinchat":[]},"product_brand":[],"product_cat":[29871],"product_tag":[],"class_list":{"0":"post-336790","1":"product","2":"type-product","3":"status-publish","4":"has-post-thumbnail","6":"product_cat-egypt-tours-es","7":"tour_category-hurghada-excursions-es","8":"tour_category-hurghada-snorkeling-trips-es","10":"first","11":"instock","12":"sale","13":"shipping-taxable","14":"purchasable","15":"product-type-tour"},"yoast_head":"<!-- This site is optimized with the Yoast SEO Premium plugin v26.9 (Yoast SEO v27.2) - https:\/\/yoast.com\/product\/yoast-seo-premium-wordpress\/ -->\n<title>Lancha r\u00e1pida privada a Dolphin House desde Hurghada<\/title>\n<meta name=\"description\" content=\"Lancha R\u00e1pida Privada a la Casa de los Delfines desde Hurghada | Reserva 4hr Avistamiento de Delfines y Nado con Delfines + 2 Puntos de Snorkel con\" \/>\n<meta name=\"robots\" content=\"index, follow, max-snippet:-1, max-image-preview:large, max-video-preview:-1\" \/>\n<link rel=\"canonical\" href=\"https:\/\/hurghadalovers.com\/es\/tours\/private-speedboat-to-dolphin-house-from-hurghada-es\/\" \/>\n<meta property=\"og:locale\" content=\"es_ES\" \/>\n<meta property=\"og:type\" content=\"article\" \/>\n<meta property=\"og:title\" content=\"Lancha r\u00e1pida privada a Dolphin House desde Hurghada\" \/>\n<meta property=\"og:description\" content=\"Lancha R\u00e1pida Privada a la Casa de los Delfines desde Hurghada | Reserva 4hr Avistamiento de Delfines y Nado con Delfines + 2 Puntos de Snorkel con\" \/>\n<meta property=\"og:url\" content=\"https:\/\/hurghadalovers.com\/es\/tours\/private-speedboat-to-dolphin-house-from-hurghada-es\/\" \/>\n<meta property=\"og:site_name\" content=\"Hurghada Excursions &amp; Day Trips | Booking Best Prices Tours\" \/>\n<meta property=\"article:publisher\" content=\"https:\/\/www.facebook.com\/Hurghadaloversegypt\" \/>\n<meta property=\"article:modified_time\" content=\"2026-02-09T16:58:41+00:00\" \/>\n<meta property=\"og:image\" content=\"https:\/\/hurghadalovers.com\/wp-content\/uploads\/2023\/07\/Green-Turtles-Abu-Dabbab-Marsa-aLam.jpg\" \/>\n\t<meta property=\"og:image:width\" content=\"1111\" \/>\n\t<meta property=\"og:image:height\" content=\"940\" \/>\n\t<meta property=\"og:image:type\" content=\"image\/jpeg\" \/>\n<meta name=\"twitter:card\" content=\"summary_large_image\" \/>\n<meta name=\"twitter:label1\" content=\"Precio\" \/>\n\t<meta name=\"twitter:data1\" content=\"&euro;&nbsp;80\" \/>\n\t<meta name=\"twitter:label2\" content=\"Disponibilidad\" \/>\n\t<meta name=\"twitter:data2\" content=\"Disponible\" \/>\n<script type=\"application\/ld+json\" class=\"yoast-schema-graph\">{\"@context\":\"https:\/\/schema.org\",\"@graph\":[{\"@type\":[\"WebPage\",\"ItemPage\"],\"@id\":\"https:\/\/hurghadalovers.com\/es\/tours\/private-speedboat-to-dolphin-house-from-hurghada-es\/\",\"url\":\"https:\/\/hurghadalovers.com\/es\/tours\/private-speedboat-to-dolphin-house-from-hurghada-es\/\",\"name\":\"Lancha r\u00e1pida privada a Dolphin House desde Hurghada\",\"isPartOf\":{\"@id\":\"https:\/\/hurghadalovers.com\/es\/#website\"},\"primaryImageOfPage\":{\"@id\":\"https:\/\/hurghadalovers.com\/es\/tours\/private-speedboat-to-dolphin-house-from-hurghada-es\/#primaryimage\"},\"image\":{\"@id\":\"https:\/\/hurghadalovers.com\/es\/tours\/private-speedboat-to-dolphin-house-from-hurghada-es\/#primaryimage\"},\"thumbnailUrl\":\"https:\/\/hurghadalovers.com\/wp-content\/uploads\/2023\/07\/Green-Turtles-Abu-Dabbab-Marsa-aLam.jpg\",\"datePublished\":\"2023-07-16T07:35:38+00:00\",\"dateModified\":\"2026-02-09T16:58:41+00:00\",\"description\":\"Lancha R\u00e1pida Privada a la Casa de los Delfines desde Hurghada | Reserva 4hr Avistamiento de Delfines y Nado con Delfines + 2 Puntos de Snorkel con\",\"breadcrumb\":{\"@id\":\"https:\/\/hurghadalovers.com\/es\/tours\/private-speedboat-to-dolphin-house-from-hurghada-es\/#breadcrumb\"},\"inLanguage\":\"es\",\"potentialAction\":[{\"@type\":\"ReadAction\",\"target\":[\"https:\/\/hurghadalovers.com\/es\/tours\/private-speedboat-to-dolphin-house-from-hurghada-es\/\"]}]},{\"@type\":\"ImageObject\",\"inLanguage\":\"es\",\"@id\":\"https:\/\/hurghadalovers.com\/es\/tours\/private-speedboat-to-dolphin-house-from-hurghada-es\/#primaryimage\",\"url\":\"https:\/\/hurghadalovers.com\/wp-content\/uploads\/2023\/07\/Green-Turtles-Abu-Dabbab-Marsa-aLam.jpg\",\"contentUrl\":\"https:\/\/hurghadalovers.com\/wp-content\/uploads\/2023\/07\/Green-Turtles-Abu-Dabbab-Marsa-aLam.jpg\",\"width\":1111,\"height\":940,\"caption\":\"Green Turtles Abu Dabbab Marsa aLam\"},{\"@type\":\"BreadcrumbList\",\"@id\":\"https:\/\/hurghadalovers.com\/es\/tours\/private-speedboat-to-dolphin-house-from-hurghada-es\/#breadcrumb\",\"itemListElement\":[{\"@type\":\"ListItem\",\"position\":1,\"name\":\"Home\",\"item\":\"https:\/\/hurghadalovers.com\/es\/\"},{\"@type\":\"ListItem\",\"position\":2,\"name\":\"Tienda\",\"item\":\"https:\/\/hurghadalovers.com\/es\/tienda\/\"},{\"@type\":\"ListItem\",\"position\":3,\"name\":\"Lancha r\u00e1pida privada a Dolphin House desde Hurghada\"}]},{\"@type\":\"WebSite\",\"@id\":\"https:\/\/hurghadalovers.com\/es\/#website\",\"url\":\"https:\/\/hurghadalovers.com\/es\/\",\"name\":\"Hurghada Excursions & Day Trips | Booking Best Prices Tours\",\"description\":\"Hurghada Lovers - Best Tour Operator - Excursions &amp; Things to do for Family Day Trips with kids and Couples Romantic. Unique .Hidden gems\",\"publisher\":{\"@id\":\"https:\/\/hurghadalovers.com\/es\/#organization\"},\"alternateName\":\"Hurghada Excursions\",\"potentialAction\":[{\"@type\":\"SearchAction\",\"target\":{\"@type\":\"EntryPoint\",\"urlTemplate\":\"https:\/\/hurghadalovers.com\/es\/?s={search_term_string}\"},\"query-input\":{\"@type\":\"PropertyValueSpecification\",\"valueRequired\":true,\"valueName\":\"search_term_string\"}}],\"inLanguage\":\"es\"},{\"@type\":[\"Organization\",\"Place\",\"TravelAgency\"],\"@id\":\"https:\/\/hurghadalovers.com\/es\/#organization\",\"name\":\"Hurghada Excursions\",\"url\":\"https:\/\/hurghadalovers.com\/es\/\",\"logo\":{\"@id\":\"https:\/\/hurghadalovers.com\/es\/tours\/private-speedboat-to-dolphin-house-from-hurghada-es\/#local-main-organization-logo\"},\"image\":{\"@id\":\"https:\/\/hurghadalovers.com\/es\/tours\/private-speedboat-to-dolphin-house-from-hurghada-es\/#local-main-organization-logo\"},\"sameAs\":[\"https:\/\/www.facebook.com\/Hurghadaloversegypt\"],\"address\":{\"@id\":\"https:\/\/hurghadalovers.com\/es\/tours\/private-speedboat-to-dolphin-house-from-hurghada-es\/#local-main-place-address\"},\"telephone\":[\"00201112596434\"],\"contactPoint\":{\"@type\":\"ContactPoint\",\"telephone\":\"00201112596434\",\"email\":\"weyouface@gmail.com\"},\"openingHoursSpecification\":{\"@type\":\"OpeningHoursSpecification\",\"dayOfWeek\":[\"Monday\",\"Tuesday\",\"Wednesday\",\"Thursday\",\"Friday\",\"Saturday\",\"Sunday\"],\"opens\":\"00:00\",\"closes\":\"23:59\"},\"email\":\"weyouface@gmail.com\",\"areaServed\":\"Luxor, Hurghada, El Gouna, Aswan, Sharm El Sheikh, Giza, Alexandria, Marsa Alam, Quseir, Soma Bay, Sahl Hasheesh, Red Sea, Makadi Bay, Cairo\",\"priceRange\":\"$\",\"currenciesAccepted\":\"euro\",\"paymentAccepted\":\"cash on site\"},{\"@type\":\"PostalAddress\",\"@id\":\"https:\/\/hurghadalovers.com\/es\/tours\/private-speedboat-to-dolphin-house-from-hurghada-es\/#local-main-place-address\",\"streetAddress\":\"17 Banks street, Alkawther area, top nbk bank\",\"addressLocality\":\"hurghada\",\"postalCode\":\"84511\",\"addressRegion\":\"red sea\",\"addressCountry\":\"EG\"},{\"@type\":\"ImageObject\",\"inLanguage\":\"es\",\"@id\":\"https:\/\/hurghadalovers.com\/es\/tours\/private-speedboat-to-dolphin-house-from-hurghada-es\/#local-main-organization-logo\",\"url\":\"https:\/\/hurghadalovers.com\/wp-content\/uploads\/2019\/10\/hurghada-excursions-logo.png\",\"contentUrl\":\"https:\/\/hurghadalovers.com\/wp-content\/uploads\/2019\/10\/hurghada-excursions-logo.png\",\"width\":272,\"height\":90,\"caption\":\"Hurghada Excursions\"}]}<\/script>\n<meta property=\"product:brand\" content=\"Cosas que hacer en Hurghada Egipto\" \/>\n<meta property=\"product:price:amount\" content=\"80\" \/>\n<meta property=\"product:price:currency\" content=\"EUR\" \/>\n<meta property=\"og:availability\" content=\"instock\" \/>\n<meta property=\"product:availability\" content=\"instock\" \/>\n<meta property=\"product:retailer_item_id\" content=\"SpeedBoat9494\" \/>\n<meta property=\"product:condition\" content=\"new\" \/>\n<meta name=\"geo.placename\" content=\"hurghada\" \/>\n<meta name=\"geo.region\" content=\"Egipto\" \/>\n<!-- \/ Yoast SEO Premium plugin. -->","yoast_head_json":{"title":"Lancha r\u00e1pida privada a Dolphin House desde Hurghada","description":"Lancha R\u00e1pida Privada a la Casa de los Delfines desde Hurghada | Reserva 4hr Avistamiento de Delfines y Nado con Delfines + 2 Puntos de Snorkel con","robots":{"index":"index","follow":"follow","max-snippet":"max-snippet:-1","max-image-preview":"max-image-preview:large","max-video-preview":"max-video-preview:-1"},"canonical":"https:\/\/hurghadalovers.com\/es\/tours\/private-speedboat-to-dolphin-house-from-hurghada-es\/","og_locale":"es_ES","og_type":"article","og_title":"Lancha r\u00e1pida privada a Dolphin House desde Hurghada","og_description":"Lancha R\u00e1pida Privada a la Casa de los Delfines desde Hurghada | Reserva 4hr Avistamiento de Delfines y Nado con Delfines + 2 Puntos de Snorkel con","og_url":"https:\/\/hurghadalovers.com\/es\/tours\/private-speedboat-to-dolphin-house-from-hurghada-es\/","og_site_name":"Hurghada Excursions &amp; Day Trips | Booking Best Prices Tours","article_publisher":"https:\/\/www.facebook.com\/Hurghadaloversegypt","article_modified_time":"2026-02-09T16:58:41+00:00","og_image":[{"width":1111,"height":940,"url":"https:\/\/hurghadalovers.com\/wp-content\/uploads\/2023\/07\/Green-Turtles-Abu-Dabbab-Marsa-aLam.jpg","type":"image\/jpeg"}],"twitter_card":"summary_large_image","twitter_misc":{"Precio":"&euro;&nbsp;80","Disponibilidad":"Disponible"},"schema":{"@context":"https:\/\/schema.org","@graph":[{"@type":["WebPage","ItemPage"],"@id":"https:\/\/hurghadalovers.com\/es\/tours\/private-speedboat-to-dolphin-house-from-hurghada-es\/","url":"https:\/\/hurghadalovers.com\/es\/tours\/private-speedboat-to-dolphin-house-from-hurghada-es\/","name":"Lancha r\u00e1pida privada a Dolphin House desde Hurghada","isPartOf":{"@id":"https:\/\/hurghadalovers.com\/es\/#website"},"primaryImageOfPage":{"@id":"https:\/\/hurghadalovers.com\/es\/tours\/private-speedboat-to-dolphin-house-from-hurghada-es\/#primaryimage"},"image":{"@id":"https:\/\/hurghadalovers.com\/es\/tours\/private-speedboat-to-dolphin-house-from-hurghada-es\/#primaryimage"},"thumbnailUrl":"https:\/\/hurghadalovers.com\/wp-content\/uploads\/2023\/07\/Green-Turtles-Abu-Dabbab-Marsa-aLam.jpg","datePublished":"2023-07-16T07:35:38+00:00","dateModified":"2026-02-09T16:58:41+00:00","description":"Lancha R\u00e1pida Privada a la Casa de los Delfines desde Hurghada | Reserva 4hr Avistamiento de Delfines y Nado con Delfines + 2 Puntos de Snorkel con","breadcrumb":{"@id":"https:\/\/hurghadalovers.com\/es\/tours\/private-speedboat-to-dolphin-house-from-hurghada-es\/#breadcrumb"},"inLanguage":"es","potentialAction":[{"@type":"ReadAction","target":["https:\/\/hurghadalovers.com\/es\/tours\/private-speedboat-to-dolphin-house-from-hurghada-es\/"]}]},{"@type":"ImageObject","inLanguage":"es","@id":"https:\/\/hurghadalovers.com\/es\/tours\/private-speedboat-to-dolphin-house-from-hurghada-es\/#primaryimage","url":"https:\/\/hurghadalovers.com\/wp-content\/uploads\/2023\/07\/Green-Turtles-Abu-Dabbab-Marsa-aLam.jpg","contentUrl":"https:\/\/hurghadalovers.com\/wp-content\/uploads\/2023\/07\/Green-Turtles-Abu-Dabbab-Marsa-aLam.jpg","width":1111,"height":940,"caption":"Green Turtles Abu Dabbab Marsa aLam"},{"@type":"BreadcrumbList","@id":"https:\/\/hurghadalovers.com\/es\/tours\/private-speedboat-to-dolphin-house-from-hurghada-es\/#breadcrumb","itemListElement":[{"@type":"ListItem","position":1,"name":"Home","item":"https:\/\/hurghadalovers.com\/es\/"},{"@type":"ListItem","position":2,"name":"Tienda","item":"https:\/\/hurghadalovers.com\/es\/tienda\/"},{"@type":"ListItem","position":3,"name":"Lancha r\u00e1pida privada a Dolphin House desde Hurghada"}]},{"@type":"WebSite","@id":"https:\/\/hurghadalovers.com\/es\/#website","url":"https:\/\/hurghadalovers.com\/es\/","name":"Hurghada Excursions & Day Trips | Booking Best Prices Tours","description":"Hurghada Lovers - Best Tour Operator - Excursions &amp; Things to do for Family Day Trips with kids and Couples Romantic. Unique .Hidden gems","publisher":{"@id":"https:\/\/hurghadalovers.com\/es\/#organization"},"alternateName":"Hurghada Excursions","potentialAction":[{"@type":"SearchAction","target":{"@type":"EntryPoint","urlTemplate":"https:\/\/hurghadalovers.com\/es\/?s={search_term_string}"},"query-input":{"@type":"PropertyValueSpecification","valueRequired":true,"valueName":"search_term_string"}}],"inLanguage":"es"},{"@type":["Organization","Place","TravelAgency"],"@id":"https:\/\/hurghadalovers.com\/es\/#organization","name":"Hurghada Excursions","url":"https:\/\/hurghadalovers.com\/es\/","logo":{"@id":"https:\/\/hurghadalovers.com\/es\/tours\/private-speedboat-to-dolphin-house-from-hurghada-es\/#local-main-organization-logo"},"image":{"@id":"https:\/\/hurghadalovers.com\/es\/tours\/private-speedboat-to-dolphin-house-from-hurghada-es\/#local-main-organization-logo"},"sameAs":["https:\/\/www.facebook.com\/Hurghadaloversegypt"],"address":{"@id":"https:\/\/hurghadalovers.com\/es\/tours\/private-speedboat-to-dolphin-house-from-hurghada-es\/#local-main-place-address"},"telephone":["00201112596434"],"contactPoint":{"@type":"ContactPoint","telephone":"00201112596434","email":"weyouface@gmail.com"},"openingHoursSpecification":{"@type":"OpeningHoursSpecification","dayOfWeek":["Monday","Tuesday","Wednesday","Thursday","Friday","Saturday","Sunday"],"opens":"00:00","closes":"23:59"},"email":"weyouface@gmail.com","areaServed":"Luxor, Hurghada, El Gouna, Aswan, Sharm El Sheikh, Giza, Alexandria, Marsa Alam, Quseir, Soma Bay, Sahl Hasheesh, Red Sea, Makadi Bay, Cairo","priceRange":"$","currenciesAccepted":"euro","paymentAccepted":"cash on site"},{"@type":"PostalAddress","@id":"https:\/\/hurghadalovers.com\/es\/tours\/private-speedboat-to-dolphin-house-from-hurghada-es\/#local-main-place-address","streetAddress":"17 Banks street, Alkawther area, top nbk bank","addressLocality":"hurghada","postalCode":"84511","addressRegion":"red sea","addressCountry":"EG"},{"@type":"ImageObject","inLanguage":"es","@id":"https:\/\/hurghadalovers.com\/es\/tours\/private-speedboat-to-dolphin-house-from-hurghada-es\/#local-main-organization-logo","url":"https:\/\/hurghadalovers.com\/wp-content\/uploads\/2019\/10\/hurghada-excursions-logo.png","contentUrl":"https:\/\/hurghadalovers.com\/wp-content\/uploads\/2019\/10\/hurghada-excursions-logo.png","width":272,"height":90,"caption":"Hurghada Excursions"}]},"product_brand":"Cosas que hacer en Hurghada Egipto","product_price_amount":"80","product_price_currency":"EUR","og_availability":"instock","product_availability":"instock","product_retailer_item_id":"SpeedBoat9494","product_condition":"new","geo.placename":"hurghada","geo.region":"Egipto"},"_links":{"self":[{"href":"https:\/\/hurghadalovers.com\/es\/wp-json\/wp\/v2\/product\/336790","targetHints":{"allow":["GET"]}}],"collection":[{"href":"https:\/\/hurghadalovers.com\/es\/wp-json\/wp\/v2\/product"}],"about":[{"href":"https:\/\/hurghadalovers.com\/es\/wp-json\/wp\/v2\/types\/product"}],"wp:featuredmedia":[{"embeddable":true,"href":"https:\/\/hurghadalovers.com\/es\/wp-json\/wp\/v2\/media\/995802"}],"wp:attachment":[{"href":"https:\/\/hurghadalovers.com\/es\/wp-json\/wp\/v2\/media?parent=336790"}],"wp:term":[{"taxonomy":"product_brand","embeddable":true,"href":"https:\/\/hurghadalovers.com\/es\/wp-json\/wp\/v2\/product_brand?post=336790"},{"taxonomy":"product_cat","embeddable":true,"href":"https:\/\/hurghadalovers.com\/es\/wp-json\/wp\/v2\/product_cat?post=336790"},{"taxonomy":"product_tag","embeddable":true,"href":"https:\/\/hurghadalovers.com\/es\/wp-json\/wp\/v2\/product_tag?post=336790"}],"curies":[{"name":"wp","href":"https:\/\/api.w.org\/{rel}","templated":true}]}}