{"id":396434,"date":"2023-09-04T10:22:45","date_gmt":"2023-09-04T10:22:45","guid":{"rendered":"https:\/\/hurghadalovers.com\/shop\/unkategorisiert\/parasailing-el-gouna\/"},"modified":"2026-02-10T04:28:51","modified_gmt":"2026-02-10T04:28:51","slug":"parasailing-el-gouna","status":"publish","type":"product","link":"https:\/\/hurghadalovers.com\/de\/tours\/parasailing-el-gouna\/","title":{"rendered":"Parasailing-Tour ab El Gouna"},"content":{"rendered":"<p><strong>Parasailing-Tour ab El Gouna<\/strong> | Fallschirm-Abenteuerausflug am Nachmittag | Buchen Sie g\u00fcnstige Preise f\u00fcr Adrenalin- und (Gleitschirmfliegen) Paragliding-Aktivit\u00e4ten mit Transfer.<\/p>\n<p style=\"text-align: center;\"><span style=\"color: #ff0000;\">Beste <strong>Adrenalin-Aktivit\u00e4ten<\/strong> &amp; <strong>Abenteuerreise<\/strong> am Nachmittag<\/span><\/p>\n<p style=\"text-align: center;\"><span style=\"color: #ff0000;\">Beste Spa\u00dftouren f\u00fcr <strong>Familien mit Kindern<\/strong><\/span><\/p>\n<p style=\"text-align: center;\"><span style=\"color: #ff0000;\">Die besten Aktivit\u00e4ten in El Gouna f\u00fcr <strong>Romantiker und Paare<\/strong> in den Flitterwochen.<\/span><\/p>\n<p>&nbsp;<\/p>\n<p style=\"text-align: left;\"><strong>H\u00f6hepunkte:<\/strong><\/p>\n<ul>\n<li>Parasailing &amp; Fallschirm.<\/li>\n<li>Schnellboot.<\/li>\n<li>Privater Transfer.<\/li>\n<\/ul>\n<p><strong>Parasailing-Tour ab El Gouna Einzelheiten:<\/strong><\/p>\n<ul>\n<li>Verf\u00fcgbarkeit der Tour: Jeden Tag.<\/li>\n<li>Tour-Typ: Gruppe.<\/li>\n<li>Abholzeit: ab 10:00 Uhr, wie Sie gebucht haben.<\/li>\n<li>Abholzeit: wie Sie wollen.<\/li>\n<li>Dauer: 5-7 Min. Mit dem Fallschirm in den Himmel fliegen.<\/li>\n<\/ul>\n<p><strong>Jetzt reservieren und sp\u00e4ter bezahlen:<\/strong><\/p>\n<ul>\n<li>Bargeld vor Ort zu f\u00fchren.<\/li>\n<li>Zahlung in \u00e4gyptischen Pfund, $, \u20ac oder \u00a3.<\/li>\n<\/ul>\n<p><strong>Stornierungsbedingungen:<\/strong><\/p>\n<ul>\n<li>Sie k\u00f6nnen bis zu 24 Stunden im Voraus stornieren.<\/li>\n<li>Wenn jemand aus Ihrer Familie den Vormittag absagt, zahlen Sie 50 % der Kosten.<\/li>\n<\/ul>\n<p><strong>Was ist inbegriffen?<\/strong><\/p>\n<ul>\n<li>Transfer von El Gouna Hotels &#8220;Hotel abholen und zur\u00fcckbringen&#8221;.<\/li>\n<li>Alle Steuern, Eintrittsgelder und Bearbeitungsgeb\u00fchren.<\/li>\n<li>Fallschirm reiten.<\/li>\n<li>Mineralwasser.<\/li>\n<li>Schwimmwesten.<\/li>\n<\/ul>\n<p><strong>Ausnahmen?<\/strong><\/p>\n<ul>\n<li>Trinkgeld.<\/li>\n<li>Fotografie &amp; Fotos f\u00fcr die Reise.<\/li>\n<li>Alle nicht erw\u00e4hnten Extras.<\/li>\n<\/ul>\n<p><strong>Preise:<\/strong><\/p>\n<p><strong>Preis = 30$ pro Person mit Transfer<\/strong>.<\/p>\n<p><strong>Bewertungen:<\/strong><\/p>\n<p>\u00fcberpr\u00fcfen Sie unsere Google Map Bewertungen als bester <a href=\"https:\/\/g.page\/r\/CUeYvkngP3wkEBM\/review\">Reiseveranstalter in Hurghada<\/a> online in <a href=\"https:\/\/hurghadalovers.com\/\">Hurghada<\/a> \u00c4gypten.<\/p>\n<p>&nbsp;<\/p>\n<p><strong>Reservierung:<\/strong><\/p>\n<p>Senden Sie Hotel + Zimmernummer + Fotop\u00e4sse an WhatsApp: <strong>+201112596434<\/strong><\/p>\n<p>Wenn Sie aus \u00c4gypten Buchen Sie jetzt online und best\u00e4tigen Sie bei der Ankunft Hotel.<\/p>\n<p><span style=\"color: #00ccff;\">&#8212;&#8212;&#8211; | &#8212;&#8212;&#8212;&#8212;- | &#8212;&#8212;&#8212;&#8212;<\/span><\/p>\n<p><span style=\"color: #00ccff;\"><strong>Parasailing-Tour ab El Gouna<\/strong><\/span><\/p>\n<p>Erleben Sie den Nervenkitzel des Fallschirmspringens mit unserer privaten Autotransfer-Tour<\/p>\n<p>&nbsp;<\/p>\n<p><strong>Suchen Sie ein aufregendes Abenteuer voller Adrenalin und Spannung, anstatt in Ihrem Hotel in El Gounae\u00a0 am Strand zu faulenzen? <\/strong><\/p>\n<p>&nbsp;<\/p>\n<p>Begleiten Sie uns auf einer 7-10-min\u00fctigen Reise in den Himmel, um die Hotels, Stra\u00dfen und die ber\u00fchmten Inseln Giftun und Hurghada von oben zu sehen. Unsere Fallschirm-Reitaktivit\u00e4t ist perfekt f\u00fcr Paare, junge Erwachsene und sogar Kinder bis 5 Jahre.<\/p>\n<p>&nbsp;<\/p>\n<p>Wir bieten einen privaten Autotransfer von Ihrem Hotel in El Gounae\u00a0\u00a0 zum Startpunkt am neuen Yachthafen von Hurghada. Sie k\u00f6nnen den Fallschirmflug genie\u00dfen, w\u00e4hrend wir w\u00e4hrend der gesamten Reise f\u00fcr Ihre Sicherheit sorgen, bevor wir Sie zu Ihrem Hotel zur\u00fcckbringen.<\/p>\n<p>&nbsp;<\/p>\n<p>Der einzigartigste Aspekt unserer Fallschirmtour ab El Gounae\u00a0 ist, dass Sie nach Abschluss der Fallschirmtour im Wasser 20 Minuten lang sitzen und gehen k\u00f6nnen, um die luxuri\u00f6sen Marineyachten, Segelboote und Restaurants kostenlos zu beobachten. Wir bieten auch die M\u00f6glichkeit, w\u00e4hrend des Spaziergangs anzuhalten, um Fotos von den wichtigsten touristischen Orten und Stra\u00dfen in der Stadt Hurghada zu machen. Lassen Sie sich dieses unvergessliche Erlebnis nicht entgehen.<\/p>\n<p>&nbsp;<\/p>\n<p>Unser Team ist bestrebt, Ihre Sicherheit w\u00e4hrend der gesamten Reise zu gew\u00e4hrleisten. Wir bieten private Autotransfers von Ihrem Hotel zum Ausgangspunkt am Yachthafen und k\u00fcmmern uns um die gesamte Logistik, damit Sie sich auf den Spa\u00df konzentrieren k\u00f6nnen.<\/p>\n<p><span style=\"color: #00ccff;\">&#8212;&#8212;&#8211; | &#8212;&#8212;&#8212;&#8212;- | &#8212;&#8212;&#8212;&#8212;<\/span><\/p>\n<p><strong>Parasailing-Tour ab El Gouna Programm Beschreibung: <\/strong><\/p>\n<p>Wir bieten flexible Planungsoptionen, die Ihren Bed\u00fcrfnissen entsprechen, von fr\u00fch morgens bis 03:00 Uhr abends.<\/p>\n<p><strong>Abholung von Ihrem Hotel in El Gouna\u00a0 um 9:00 Uhr: <\/strong><\/p>\n<p>Die Fahrt von Ihrem Hotel in El Gouna\u00a0\u00a0 zum Yachthafen von Hurghada dauert etwa 45 Minuten.<\/p>\n<p>Zeitplan f\u00fcr das Fallschirm-Abenteuer um 10:00 Uhr :<\/p>\n<p>Hier ist ein Zeitplan, was Sie w\u00e4hrend Ihres Fallschirm-Abenteuers erwartent:<\/p>\n<ul>\n<li>Genie\u00dfen Sie den aufregenden Fallschirmflug, der f\u00fcr eine Person, Doppel- oder Dreibettzimmer verf\u00fcgbar ist.<\/li>\n<li>Erhalten Sie eine Anleitung zum Fliegen mit dem Fallschirm. Der Guide hilft Ihnen beim Anziehen einer Schwimmweste und beim Installieren der Fallschirmflugausr\u00fcstung zu Ihrer Sicherheit.<\/li>\n<li>Machen Sie atemberaubende Fotos von oben mit Ihrem Mobiltelefon oder mit der Unterst\u00fctzung eines Fotografen auf dem Boot.<\/li>\n<\/ul>\n<p><strong>R\u00fcckkehr zum El Gouna\u00a0 Hotel um 10:30 Uhr.<\/strong><\/p>\n<p><span style=\"color: #00ccff;\">&#8212;&#8212;&#8211; | &#8212;&#8212;&#8212;&#8212;- | &#8212;&#8212;&#8212;&#8212;<\/span><\/p>\n<p><strong><span style=\"color: #00ccff;\">Parasailing-Tour ab El Gouna<\/span><\/strong><\/p>\n<p>Gleitschirmfliegen vs. Parasailing: Was ist der Unterschied?<\/p>\n<p>Parasailing und Paragliding sind zwei aufregende Hurghada Aktivit\u00e4ten, aber wie unterscheiden sie sich?<\/p>\n<p>Hier sind einige h\u00e4ufig gestellte Fragen und die entsprechenden Antworten:<\/p>\n<ol>\n<li><strong>Was ist Parasailing?<\/strong> Es ist ein atemberaubender Freizeitsport, der Ihnen einen Adrenalinschub verleiht, w\u00e4hrend Sie in die Luft schweben.<\/li>\n<li><strong>Ist es sicher?<\/strong> Ja, solange die entsprechenden Sicherheitsma\u00dfnahmen getroffen werden. Jeder Einzelne wird mit einer Schwimmweste ausgestattet, und die st\u00e4rksten Seile und Ausr\u00fcstungen werden verwendet, um die Sicherheit zu gew\u00e4hrleisten.<\/li>\n<li><strong>Macht es Spa\u00df oder ist es gruselig? <\/strong>Parasailing ist eine unterhaltsame Aktivit\u00e4t, die f\u00fcr alle Altersgruppen geeignet ist und normalerweise nicht als be\u00e4ngstigend angesehen wird.<\/li>\n<li><strong>Wie hoch ist die Gewichtsgrenze beim Parasailing?<\/strong> Einzel- und Doppelfahrer haben eine Gewichtsbeschr\u00e4nkung von 150 kg.<\/li>\n<li><strong>Ist Parasailing sicherer als Fallschirmspringen?<\/strong> Parasailing gilt in der Regel als sicherer als Fallschirmspringen.<\/li>\n<li><strong>Wie lange dauert eine Parasailing-Session?<\/strong> Sie dauert in der Regel etwa 7-10 Minuten.<\/li>\n<li><strong>Darf man beim Parasailing telefonieren?<\/strong> Ja, Sie k\u00f6nnen Ihr Telefon beim Parasailing und Paragliding benutzen.<\/li>\n<li><strong>Wie schnell geht Parasailing?<\/strong> Beim Parasailing werden normalerweise Geschwindigkeiten von 15 mph oder 28 km\/h erreicht.<\/li>\n<li><strong>K\u00f6nnen Haie dich beim Parasailing erwischen?<\/strong> Es ist h\u00f6chst unwahrscheinlich, dass Parasailer Haie anziehen w\u00fcrden.<\/li>\n<li><strong>Kann man Parasailing machen, wenn man nicht schwimmen kann?<\/strong> Ja, Sie k\u00f6nnen trotzdem Parasailing betreiben, auch wenn Sie nicht schwimmen k\u00f6nnen, solange Sie die Sicherheitsanweisungen befolgen.<\/li>\n<\/ol>\n<p>Pr\u00fcfen\u00a0<a href=\"https:\/\/hurghadalovers.com\/de\/tour-category\/el-gouna-ausfluege\/\"><strong>EL Gouna Ausfl\u00fcge<\/strong><\/a> \u2013 <a href=\"https:\/\/hurghadalovers.com\/de\/tour-category\/aktivitaeten-el-gouna\/\"><strong>El Gouna Aktivit\u00e4ten<\/strong><\/a>:<\/p>\n<p>&nbsp;<\/p>\n","protected":false},"excerpt":{"rendered":"<p>Parasailing-Tour ab El Gouna | Fallschirm-Abenteuerausflug am Nachmittag | Buchen Sie g\u00fcnstige Preise f\u00fcr Adrenalin- und (Gleitschirmfliegen) Paragliding-Aktivit\u00e4ten mit Transfer.<\/p>\n","protected":false},"featured_media":396407,"template":"","meta":{"_joinchat":[]},"product_brand":[],"product_cat":[29817],"product_tag":[],"class_list":{"0":"post-396434","1":"product","2":"type-product","3":"status-publish","4":"has-post-thumbnail","6":"product_cat-touren","7":"tour_category-aktivitaeten-el-gouna","8":"tour_category-el-gouna-ausfluege","10":"first","11":"instock","12":"sale","13":"shipping-taxable","14":"purchasable","15":"product-type-tour"},"yoast_head":"<!-- This site is optimized with the Yoast SEO Premium plugin v26.9 (Yoast SEO v27.2) - https:\/\/yoast.com\/product\/yoast-seo-premium-wordpress\/ -->\n<title>Parasailing-Tour ab El Gouna | Fallschirm-Abenteuerausflug<\/title>\n<meta name=\"description\" content=\"Parasailing-Tour ab El Gouna | Fallschirm-Abenteuerausflug am Nachmittag | Buchen Sie g\u00fcnstige Preise f\u00fcr Adrenalin- und (Gleitschirmfliegen) Paragliding\" \/>\n<meta name=\"robots\" content=\"index, follow, max-snippet:-1, max-image-preview:large, max-video-preview:-1\" \/>\n<link rel=\"canonical\" href=\"https:\/\/hurghadalovers.com\/de\/tours\/parasailing-el-gouna\/\" \/>\n<meta property=\"og:locale\" content=\"de_DE\" \/>\n<meta property=\"og:type\" content=\"article\" \/>\n<meta property=\"og:title\" content=\"Parasailing-Tour ab El Gouna\" \/>\n<meta property=\"og:description\" content=\"Parasailing-Tour ab El Gouna | Fallschirm-Abenteuerausflug am Nachmittag | Buchen Sie g\u00fcnstige Preise f\u00fcr Adrenalin- und (Gleitschirmfliegen) Paragliding\" \/>\n<meta property=\"og:url\" content=\"https:\/\/hurghadalovers.com\/de\/tours\/parasailing-el-gouna\/\" \/>\n<meta property=\"og:site_name\" content=\"Hurghada Excursions &amp; Day Trips | Booking Best Prices Tours\" \/>\n<meta property=\"article:publisher\" content=\"https:\/\/www.facebook.com\/Hurghadaloversegypt\" \/>\n<meta property=\"article:modified_time\" content=\"2026-02-10T04:28:51+00:00\" \/>\n<meta property=\"og:image\" content=\"https:\/\/hurghadalovers.com\/wp-content\/uploads\/2023\/09\/Parasailing-El-Gouna.jpeg\" \/>\n\t<meta property=\"og:image:width\" content=\"1536\" \/>\n\t<meta property=\"og:image:height\" content=\"1018\" \/>\n\t<meta property=\"og:image:type\" content=\"image\/jpeg\" \/>\n<meta name=\"twitter:card\" content=\"summary_large_image\" \/>\n<meta name=\"twitter:label1\" content=\"Price\" \/>\n\t<meta name=\"twitter:data1\" content=\"&euro;&nbsp;35\" \/>\n\t<meta name=\"twitter:label2\" content=\"Availability\" \/>\n\t<meta name=\"twitter:data2\" content=\"In stock\" \/>\n<script type=\"application\/ld+json\" class=\"yoast-schema-graph\">{\"@context\":\"https:\/\/schema.org\",\"@graph\":[{\"@type\":[\"WebPage\",\"ItemPage\"],\"@id\":\"https:\/\/hurghadalovers.com\/de\/tours\/parasailing-el-gouna\/\",\"url\":\"https:\/\/hurghadalovers.com\/de\/tours\/parasailing-el-gouna\/\",\"name\":\"Parasailing-Tour ab El Gouna | Fallschirm-Abenteuerausflug\",\"isPartOf\":{\"@id\":\"https:\/\/hurghadalovers.com\/de\/#website\"},\"primaryImageOfPage\":{\"@id\":\"https:\/\/hurghadalovers.com\/de\/tours\/parasailing-el-gouna\/#primaryimage\"},\"image\":{\"@id\":\"https:\/\/hurghadalovers.com\/de\/tours\/parasailing-el-gouna\/#primaryimage\"},\"thumbnailUrl\":\"https:\/\/hurghadalovers.com\/wp-content\/uploads\/2023\/09\/Parasailing-El-Gouna.jpeg\",\"datePublished\":\"2023-09-04T10:22:45+00:00\",\"dateModified\":\"2026-02-10T04:28:51+00:00\",\"description\":\"Parasailing-Tour ab El Gouna | Fallschirm-Abenteuerausflug am Nachmittag | Buchen Sie g\u00fcnstige Preise f\u00fcr Adrenalin- und (Gleitschirmfliegen) Paragliding\",\"breadcrumb\":{\"@id\":\"https:\/\/hurghadalovers.com\/de\/tours\/parasailing-el-gouna\/#breadcrumb\"},\"inLanguage\":\"de-DE\",\"potentialAction\":[{\"@type\":\"ReadAction\",\"target\":[\"https:\/\/hurghadalovers.com\/de\/tours\/parasailing-el-gouna\/\"]}]},{\"@type\":\"ImageObject\",\"inLanguage\":\"de-DE\",\"@id\":\"https:\/\/hurghadalovers.com\/de\/tours\/parasailing-el-gouna\/#primaryimage\",\"url\":\"https:\/\/hurghadalovers.com\/wp-content\/uploads\/2023\/09\/Parasailing-El-Gouna.jpeg\",\"contentUrl\":\"https:\/\/hurghadalovers.com\/wp-content\/uploads\/2023\/09\/Parasailing-El-Gouna.jpeg\",\"width\":1536,\"height\":1018,\"caption\":\"Parasailing\u00a0El Gouna\"},{\"@type\":\"BreadcrumbList\",\"@id\":\"https:\/\/hurghadalovers.com\/de\/tours\/parasailing-el-gouna\/#breadcrumb\",\"itemListElement\":[{\"@type\":\"ListItem\",\"position\":1,\"name\":\"Home\",\"item\":\"https:\/\/hurghadalovers.com\/de\/\"},{\"@type\":\"ListItem\",\"position\":2,\"name\":\"Shop\",\"item\":\"https:\/\/hurghadalovers.com\/shop\/\"},{\"@type\":\"ListItem\",\"position\":3,\"name\":\"Parasailing-Tour ab El Gouna\"}]},{\"@type\":\"WebSite\",\"@id\":\"https:\/\/hurghadalovers.com\/de\/#website\",\"url\":\"https:\/\/hurghadalovers.com\/de\/\",\"name\":\"Hurghada Excursions & Day Trips | Booking Best Prices Tours\",\"description\":\"Hurghada Lovers - Best Tour Operator - Excursions &amp; Things to do for Family Day Trips with kids and Couples Romantic. Unique .Hidden gems\",\"publisher\":{\"@id\":\"https:\/\/hurghadalovers.com\/de\/#organization\"},\"alternateName\":\"Hurghada Excursions\",\"potentialAction\":[{\"@type\":\"SearchAction\",\"target\":{\"@type\":\"EntryPoint\",\"urlTemplate\":\"https:\/\/hurghadalovers.com\/de\/?s={search_term_string}\"},\"query-input\":{\"@type\":\"PropertyValueSpecification\",\"valueRequired\":true,\"valueName\":\"search_term_string\"}}],\"inLanguage\":\"de-DE\"},{\"@type\":[\"Organization\",\"Place\",\"TravelAgency\"],\"@id\":\"https:\/\/hurghadalovers.com\/de\/#organization\",\"name\":\"Hurghada Excursions\",\"url\":\"https:\/\/hurghadalovers.com\/de\/\",\"logo\":{\"@id\":\"https:\/\/hurghadalovers.com\/de\/tours\/parasailing-el-gouna\/#local-main-organization-logo\"},\"image\":{\"@id\":\"https:\/\/hurghadalovers.com\/de\/tours\/parasailing-el-gouna\/#local-main-organization-logo\"},\"sameAs\":[\"https:\/\/www.facebook.com\/Hurghadaloversegypt\"],\"address\":{\"@id\":\"https:\/\/hurghadalovers.com\/de\/tours\/parasailing-el-gouna\/#local-main-place-address\"},\"telephone\":[\"00201112596434\"],\"contactPoint\":{\"@type\":\"ContactPoint\",\"telephone\":\"00201112596434\",\"email\":\"weyouface@gmail.com\"},\"openingHoursSpecification\":{\"@type\":\"OpeningHoursSpecification\",\"dayOfWeek\":[\"Monday\",\"Tuesday\",\"Wednesday\",\"Thursday\",\"Friday\",\"Saturday\",\"Sunday\"],\"opens\":\"00:00\",\"closes\":\"23:59\"},\"email\":\"weyouface@gmail.com\",\"areaServed\":\"Luxor, Hurghada, El Gouna, Aswan, Sharm El Sheikh, Giza, Alexandria, Marsa Alam, Quseir, Soma Bay, Sahl Hasheesh, Red Sea, Makadi Bay, Cairo\",\"priceRange\":\"$\",\"currenciesAccepted\":\"euro\",\"paymentAccepted\":\"cash on site\"},{\"@type\":\"PostalAddress\",\"@id\":\"https:\/\/hurghadalovers.com\/de\/tours\/parasailing-el-gouna\/#local-main-place-address\",\"streetAddress\":\"17 Banks street, Alkawther area, top nbk bank\",\"addressLocality\":\"hurghada\",\"postalCode\":\"84511\",\"addressRegion\":\"red sea\",\"addressCountry\":\"EG\"},{\"@type\":\"ImageObject\",\"inLanguage\":\"de-DE\",\"@id\":\"https:\/\/hurghadalovers.com\/de\/tours\/parasailing-el-gouna\/#local-main-organization-logo\",\"url\":\"https:\/\/hurghadalovers.com\/wp-content\/uploads\/2019\/10\/hurghada-excursions-logo.png\",\"contentUrl\":\"https:\/\/hurghadalovers.com\/wp-content\/uploads\/2019\/10\/hurghada-excursions-logo.png\",\"width\":272,\"height\":90,\"caption\":\"Hurghada Excursions\"}]}<\/script>\n<meta property=\"product:brand\" content=\"El Gouna Aktivit\u00e4ten\" \/>\n<meta property=\"product:price:amount\" content=\"35\" \/>\n<meta property=\"product:price:currency\" content=\"EUR\" \/>\n<meta property=\"og:availability\" content=\"instock\" \/>\n<meta property=\"product:availability\" content=\"instock\" \/>\n<meta property=\"product:retailer_item_id\" content=\"Gouna9772024\" \/>\n<meta property=\"product:condition\" content=\"new\" \/>\n<meta name=\"geo.placename\" content=\"hurghada\" \/>\n<meta name=\"geo.region\" content=\"Egypt\" \/>\n<!-- \/ Yoast SEO Premium plugin. -->","yoast_head_json":{"title":"Parasailing-Tour ab El Gouna | Fallschirm-Abenteuerausflug","description":"Parasailing-Tour ab El Gouna | Fallschirm-Abenteuerausflug am Nachmittag | Buchen Sie g\u00fcnstige Preise f\u00fcr Adrenalin- und (Gleitschirmfliegen) Paragliding","robots":{"index":"index","follow":"follow","max-snippet":"max-snippet:-1","max-image-preview":"max-image-preview:large","max-video-preview":"max-video-preview:-1"},"canonical":"https:\/\/hurghadalovers.com\/de\/tours\/parasailing-el-gouna\/","og_locale":"de_DE","og_type":"article","og_title":"Parasailing-Tour ab El Gouna","og_description":"Parasailing-Tour ab El Gouna | Fallschirm-Abenteuerausflug am Nachmittag | Buchen Sie g\u00fcnstige Preise f\u00fcr Adrenalin- und (Gleitschirmfliegen) Paragliding","og_url":"https:\/\/hurghadalovers.com\/de\/tours\/parasailing-el-gouna\/","og_site_name":"Hurghada Excursions &amp; Day Trips | Booking Best Prices Tours","article_publisher":"https:\/\/www.facebook.com\/Hurghadaloversegypt","article_modified_time":"2026-02-10T04:28:51+00:00","og_image":[{"width":1536,"height":1018,"url":"https:\/\/hurghadalovers.com\/wp-content\/uploads\/2023\/09\/Parasailing-El-Gouna.jpeg","type":"image\/jpeg"}],"twitter_card":"summary_large_image","twitter_misc":{"Price":"&euro;&nbsp;35","Availability":"In stock"},"schema":{"@context":"https:\/\/schema.org","@graph":[{"@type":["WebPage","ItemPage"],"@id":"https:\/\/hurghadalovers.com\/de\/tours\/parasailing-el-gouna\/","url":"https:\/\/hurghadalovers.com\/de\/tours\/parasailing-el-gouna\/","name":"Parasailing-Tour ab El Gouna | Fallschirm-Abenteuerausflug","isPartOf":{"@id":"https:\/\/hurghadalovers.com\/de\/#website"},"primaryImageOfPage":{"@id":"https:\/\/hurghadalovers.com\/de\/tours\/parasailing-el-gouna\/#primaryimage"},"image":{"@id":"https:\/\/hurghadalovers.com\/de\/tours\/parasailing-el-gouna\/#primaryimage"},"thumbnailUrl":"https:\/\/hurghadalovers.com\/wp-content\/uploads\/2023\/09\/Parasailing-El-Gouna.jpeg","datePublished":"2023-09-04T10:22:45+00:00","dateModified":"2026-02-10T04:28:51+00:00","description":"Parasailing-Tour ab El Gouna | Fallschirm-Abenteuerausflug am Nachmittag | Buchen Sie g\u00fcnstige Preise f\u00fcr Adrenalin- und (Gleitschirmfliegen) Paragliding","breadcrumb":{"@id":"https:\/\/hurghadalovers.com\/de\/tours\/parasailing-el-gouna\/#breadcrumb"},"inLanguage":"de-DE","potentialAction":[{"@type":"ReadAction","target":["https:\/\/hurghadalovers.com\/de\/tours\/parasailing-el-gouna\/"]}]},{"@type":"ImageObject","inLanguage":"de-DE","@id":"https:\/\/hurghadalovers.com\/de\/tours\/parasailing-el-gouna\/#primaryimage","url":"https:\/\/hurghadalovers.com\/wp-content\/uploads\/2023\/09\/Parasailing-El-Gouna.jpeg","contentUrl":"https:\/\/hurghadalovers.com\/wp-content\/uploads\/2023\/09\/Parasailing-El-Gouna.jpeg","width":1536,"height":1018,"caption":"Parasailing\u00a0El Gouna"},{"@type":"BreadcrumbList","@id":"https:\/\/hurghadalovers.com\/de\/tours\/parasailing-el-gouna\/#breadcrumb","itemListElement":[{"@type":"ListItem","position":1,"name":"Home","item":"https:\/\/hurghadalovers.com\/de\/"},{"@type":"ListItem","position":2,"name":"Shop","item":"https:\/\/hurghadalovers.com\/shop\/"},{"@type":"ListItem","position":3,"name":"Parasailing-Tour ab El Gouna"}]},{"@type":"WebSite","@id":"https:\/\/hurghadalovers.com\/de\/#website","url":"https:\/\/hurghadalovers.com\/de\/","name":"Hurghada Excursions & Day Trips | Booking Best Prices Tours","description":"Hurghada Lovers - Best Tour Operator - Excursions &amp; Things to do for Family Day Trips with kids and Couples Romantic. Unique .Hidden gems","publisher":{"@id":"https:\/\/hurghadalovers.com\/de\/#organization"},"alternateName":"Hurghada Excursions","potentialAction":[{"@type":"SearchAction","target":{"@type":"EntryPoint","urlTemplate":"https:\/\/hurghadalovers.com\/de\/?s={search_term_string}"},"query-input":{"@type":"PropertyValueSpecification","valueRequired":true,"valueName":"search_term_string"}}],"inLanguage":"de-DE"},{"@type":["Organization","Place","TravelAgency"],"@id":"https:\/\/hurghadalovers.com\/de\/#organization","name":"Hurghada Excursions","url":"https:\/\/hurghadalovers.com\/de\/","logo":{"@id":"https:\/\/hurghadalovers.com\/de\/tours\/parasailing-el-gouna\/#local-main-organization-logo"},"image":{"@id":"https:\/\/hurghadalovers.com\/de\/tours\/parasailing-el-gouna\/#local-main-organization-logo"},"sameAs":["https:\/\/www.facebook.com\/Hurghadaloversegypt"],"address":{"@id":"https:\/\/hurghadalovers.com\/de\/tours\/parasailing-el-gouna\/#local-main-place-address"},"telephone":["00201112596434"],"contactPoint":{"@type":"ContactPoint","telephone":"00201112596434","email":"weyouface@gmail.com"},"openingHoursSpecification":{"@type":"OpeningHoursSpecification","dayOfWeek":["Monday","Tuesday","Wednesday","Thursday","Friday","Saturday","Sunday"],"opens":"00:00","closes":"23:59"},"email":"weyouface@gmail.com","areaServed":"Luxor, Hurghada, El Gouna, Aswan, Sharm El Sheikh, Giza, Alexandria, Marsa Alam, Quseir, Soma Bay, Sahl Hasheesh, Red Sea, Makadi Bay, Cairo","priceRange":"$","currenciesAccepted":"euro","paymentAccepted":"cash on site"},{"@type":"PostalAddress","@id":"https:\/\/hurghadalovers.com\/de\/tours\/parasailing-el-gouna\/#local-main-place-address","streetAddress":"17 Banks street, Alkawther area, top nbk bank","addressLocality":"hurghada","postalCode":"84511","addressRegion":"red sea","addressCountry":"EG"},{"@type":"ImageObject","inLanguage":"de-DE","@id":"https:\/\/hurghadalovers.com\/de\/tours\/parasailing-el-gouna\/#local-main-organization-logo","url":"https:\/\/hurghadalovers.com\/wp-content\/uploads\/2019\/10\/hurghada-excursions-logo.png","contentUrl":"https:\/\/hurghadalovers.com\/wp-content\/uploads\/2019\/10\/hurghada-excursions-logo.png","width":272,"height":90,"caption":"Hurghada Excursions"}]},"product_brand":"El Gouna Aktivit\u00e4ten","product_price_amount":"35","product_price_currency":"EUR","og_availability":"instock","product_availability":"instock","product_retailer_item_id":"Gouna9772024","product_condition":"new","geo.placename":"hurghada","geo.region":"Egypt"},"_links":{"self":[{"href":"https:\/\/hurghadalovers.com\/de\/wp-json\/wp\/v2\/product\/396434","targetHints":{"allow":["GET"]}}],"collection":[{"href":"https:\/\/hurghadalovers.com\/de\/wp-json\/wp\/v2\/product"}],"about":[{"href":"https:\/\/hurghadalovers.com\/de\/wp-json\/wp\/v2\/types\/product"}],"wp:featuredmedia":[{"embeddable":true,"href":"https:\/\/hurghadalovers.com\/de\/wp-json\/wp\/v2\/media\/396407"}],"wp:attachment":[{"href":"https:\/\/hurghadalovers.com\/de\/wp-json\/wp\/v2\/media?parent=396434"}],"wp:term":[{"taxonomy":"product_brand","embeddable":true,"href":"https:\/\/hurghadalovers.com\/de\/wp-json\/wp\/v2\/product_brand?post=396434"},{"taxonomy":"product_cat","embeddable":true,"href":"https:\/\/hurghadalovers.com\/de\/wp-json\/wp\/v2\/product_cat?post=396434"},{"taxonomy":"product_tag","embeddable":true,"href":"https:\/\/hurghadalovers.com\/de\/wp-json\/wp\/v2\/product_tag?post=396434"}],"curies":[{"name":"wp","href":"https:\/\/api.w.org\/{rel}","templated":true}]}}