{"id":396428,"date":"2023-09-04T10:18:44","date_gmt":"2023-09-04T10:18:44","guid":{"rendered":"https:\/\/hurghadalovers.com\/shop\/unkategorisiert\/el-gouna-wuestensafaris-mit-kindern\/"},"modified":"2026-02-08T08:32:12","modified_gmt":"2026-02-08T08:32:12","slug":"el-gouna-wuste-safaris-mit-kindern","status":"publish","type":"product","link":"https:\/\/hurghadalovers.com\/de\/tours\/el-gouna-wuste-safaris-mit-kindern\/","title":{"rendered":"EL Gouna W\u00fcstentour mit Kindern"},"content":{"rendered":"<p><strong>EL Gouna W\u00fcstentour mit Kindern &#8211; <a href=\"https:\/\/hurghadalovers.com\/de\/desert-safari-egypt-deutsch\/\">W\u00fcstensafari \u00c4gypten<\/a> mit Kindern ab <\/strong><strong>El Gouna<\/strong> Nachmittags | <strong>Mega Safari<\/strong> Familienfreundlich &amp; Senioren.<\/p>\n<p style=\"text-align: center;\"><span style=\"color: #ff0000;\">Die besten <strong>familienfreundlichen Aktivit\u00e4ten<\/strong> in El Gouna, <strong>Unternehmungen mit Kindern<\/strong> ab 2 Jahren<\/span><\/p>\n<p><strong>H\u00f6hepunkte:<\/strong><\/p>\n<ol>\n<li>45min ATV Quad Bike.<\/li>\n<li>20 min Spider Car.<\/li>\n<li>Show und BBQ-Dinner &#8220;Vegetarisches Essen ist verf\u00fcgbar&#8221;.<\/li>\n<\/ol>\n<p><span style=\"color: #ff6600;\"><strong>Mega-Safari-Tour ab El Gouna | EL Gouna W\u00fcstentour mit Kindern<\/strong><\/span><\/p>\n<p>Entdecken Sie die Mega-Safari-Abenteuertour \u2013 eine unterhaltsame und sichere Safari f\u00fcr die ganze Familie. Suchen Sie nach einer kinderfreundlichen und sicheren Safari-Tour?<\/p>\n<p>Der Mega-Safari-Familienausflug ist ein Muss f\u00fcr alle Eltern. Es ist ideal f\u00fcr Kinder im Alter von 3 bis 12 Jahren sowie f\u00fcr Senioren. Die W\u00fcstensafari-Abenteuertour beginnt um 15:15 Uhr, wo Sie 40 Minuten lang mit ATV-Quads in der Hurghada-W\u00fcste fahren, umgeben von Bergen und Hochebenen auf weichem Sand. Die Fahrt erfolgt bei mittleren Geschwindigkeiten und ohne Kurven auf der holprigen W\u00fcstenstra\u00dfe.<\/p>\n<p>Als n\u00e4chstes fahren Sie 20 Minuten lang mit den Spider Cars und tauchen mitten in die W\u00fcste ein. Wir haben Autos mit zwei Sitzen und vier Sitzen f\u00fcr Familien, damit Sie mit Familie und Freunden unvergessliche Fotos in der W\u00fcste machen k\u00f6nnen.<\/p>\n<p>Genie\u00dfen Sie nach der Fahrt eine besondere Abendparty und Show mit \u00e4gyptischem Bauchtanz, Folklore, Rock und nubischem Tanz. Wenn die Sonne untergeht, beginnt das Abendessen mit k\u00f6stlichen \u00e4gyptischen Gerichten und Speisen.<\/p>\n<p>Die Mega-Safari-Abenteuertour ab El Gouna\u00a0 ist ein wunderbares Erlebnis. Wir stellen Doppel-Quads f\u00fcr jede der beiden Personen zur Verf\u00fcgung, den Vater und den kleinen Sohn, die Mutter und den Sohn oder das kleine M\u00e4dchen, das das aufregende W\u00fcstensafari-Abenteuer am Roten Meer erleben m\u00f6chte. Unsere Priorit\u00e4t ist es, Sie zu sch\u00fctzen und qualitativ hochwertige Dienstleistungen zu einem vern\u00fcnftigen Preis anzubieten.<\/p>\n<p>Genie\u00dfen Sie einen privaten Transfer von El Gouna Hotels mit allem Komfort und Aufregung w\u00e4hrend der gesamten Reise.<\/p>\n<p><a href=\"https:\/\/hurghadalovers.com\/wp-content\/uploads\/2023\/08\/Soma-bay-Beduinendorf-Ausflug-5.jpeg\"><img loading=\"lazy\" decoding=\"async\" class=\"aligncenter size-full wp-image-453785\" src=\"https:\/\/hurghadalovers.com\/wp-content\/uploads\/2023\/08\/Soma-bay-Beduinendorf-Ausflug-5.jpeg\" alt=\"W\u00fcstensafari in Soma bay\" width=\"867\" height=\"1156\" srcset=\"https:\/\/hurghadalovers.com\/wp-content\/uploads\/2023\/08\/Soma-bay-Beduinendorf-Ausflug-5.jpeg 867w, https:\/\/hurghadalovers.com\/wp-content\/uploads\/2023\/08\/Soma-bay-Beduinendorf-Ausflug-5-225x300.jpeg 225w, https:\/\/hurghadalovers.com\/wp-content\/uploads\/2023\/08\/Soma-bay-Beduinendorf-Ausflug-5-768x1024.jpeg 768w, https:\/\/hurghadalovers.com\/wp-content\/uploads\/2023\/08\/Soma-bay-Beduinendorf-Ausflug-5-600x800.jpeg 600w\" sizes=\"auto, (max-width: 867px) 100vw, 867px\" \/><\/a><\/p>\n<p><strong>EL Gouna W\u00fcstentour mit Kindern Einzelheiten:<\/strong><\/p>\n<ul>\n<li>Verf\u00fcgbarkeit der Tour: Jeden Tag.<\/li>\n<li>Art der Tour: Gruppe oder Privat.<\/li>\n<li>Abholzeit: ab 15:00 Uhr.<\/li>\n<li>Abholzeit: 19:30 Uhr.<\/li>\n<li>Dauer: 4 Std.<\/li>\n<\/ul>\n<p><strong>Jetzt reservieren und sp\u00e4ter bezahlen:<\/strong><\/p>\n<ul>\n<li>Bargeld vor Ort zu f\u00fchren.<\/li>\n<li>Zahlung in \u00e4gyptischen Pfund, $, \u20ac oder \u00a3.<\/li>\n<\/ul>\n<p><strong>Stornierungsbedingungen:<\/strong><\/p>\n<ul>\n<li>Sie k\u00f6nnen bis zu 24 Stunden im Voraus stornieren.<\/li>\n<li>Wenn jemand aus Ihrer Familie den Vormittag absagt, zahlen Sie 50 % der Kosten.<\/li>\n<\/ul>\n<p><iframe loading=\"lazy\" title=\"YouTube video player\" src=\"https:\/\/www.youtube.com\/embed\/UPRA9p8x6yQ?si=m-EZgIsGxdIVgX4E\" width=\"560\" height=\"315\" frameborder=\"0\" allowfullscreen=\"allowfullscreen\"><\/iframe><\/p>\n<p><strong>Was ist inbegriffen?<\/strong><\/p>\n<ul>\n<li>Transfer von El Gouna Hotels &#8220;Hotel abholen und zur\u00fcckbringen&#8221;.<\/li>\n<li>Alle Steuern, Eintrittsgelder und Bearbeitungsgeb\u00fchren.<\/li>\n<li>\u00dcberweisungen.<\/li>\n<li>Reiseleiter.<\/li>\n<li>Helm.<\/li>\n<\/ul>\n<p><strong>Ausnahmen?<\/strong><\/p>\n<ul>\n<li>Halstuch<\/li>\n<li>Schutzbrille<\/li>\n<li>Trinkgeld.<\/li>\n<li>Fotografie f\u00fcr die Reise.<\/li>\n<li>Alle nicht erw\u00e4hnten Extras.<\/li>\n<\/ul>\n<p><strong>Preise EL Gouna W\u00fcstentour mit Kindern:<\/strong><\/p>\n<ul>\n<li><strong>Preis f\u00fcr Erwachsene = 35$ pro Person<\/strong>.<\/li>\n<li>Preis f\u00fcr Kinder &#8220;3-12\u2033= 50%.<\/li>\n<\/ul>\n<p><strong>Bewertungen:<\/strong><\/p>\n<p>\u00fcberpr\u00fcfen Sie unsere Google Map Bewertungen als bester <a href=\"https:\/\/g.page\/r\/CUeYvkngP3wkEBM\/review\">Reiseveranstalter in Hurghada<\/a> online in <a href=\"https:\/\/hurghadalovers.com\/\">Hurghada<\/a> \u00c4gypten.<\/p>\n<p>&nbsp;<\/p>\n<p><strong>Reservierung EL Gouna W\u00fcstentour mit Kindern:<\/strong><\/p>\n<p>Senden Sie Hotel + Zimmernummer + Fotop\u00e4sse an WhatsApp: <strong>+201112596434<\/strong><\/p>\n<p>Wenn Sie aus \u00c4gypten Buchen Sie jetzt online und best\u00e4tigen Sie bei der Ankunft Hotel.<\/p>\n<p><a href=\"https:\/\/hurghadalovers.com\/wp-content\/uploads\/2024\/03\/Wustensafari-Agypten-12.jpeg\"><img loading=\"lazy\" decoding=\"async\" class=\"aligncenter size-full wp-image-451896\" src=\"https:\/\/hurghadalovers.com\/wp-content\/uploads\/2024\/03\/Wustensafari-Agypten-12.jpeg\" alt=\"\" width=\"1232\" height=\"816\" srcset=\"https:\/\/hurghadalovers.com\/wp-content\/uploads\/2024\/03\/Wustensafari-Agypten-12.jpeg 1232w, https:\/\/hurghadalovers.com\/wp-content\/uploads\/2024\/03\/Wustensafari-Agypten-12-300x199.jpeg 300w, https:\/\/hurghadalovers.com\/wp-content\/uploads\/2024\/03\/Wustensafari-Agypten-12-1024x678.jpeg 1024w, https:\/\/hurghadalovers.com\/wp-content\/uploads\/2024\/03\/Wustensafari-Agypten-12-768x509.jpeg 768w, https:\/\/hurghadalovers.com\/wp-content\/uploads\/2024\/03\/Wustensafari-Agypten-12-600x397.jpeg 600w, https:\/\/hurghadalovers.com\/wp-content\/uploads\/2024\/03\/Wustensafari-Agypten-12-180x120.jpeg 180w\" sizes=\"auto, (max-width: 1232px) 100vw, 1232px\" \/><\/a><\/p>\n<p>Pr\u00fcfen <a href=\"https:\/\/hurghadalovers.com\/de\/tour-category\/el-gouna-ausfluege\/\"><strong>EL Gouna Ausfl\u00fcge<\/strong><\/a> &#8211; <a href=\"https:\/\/hurghadalovers.com\/de\/tour-category\/wuestensafari-in-el-gouna\/\"><strong>W\u00fcstensafari in El Gouna<\/strong><\/a>:<\/p>\n<ul>\n<li><a href=\"https:\/\/hurghadalovers.com\/de\/tours\/el-gouna-morgen-quad-biking-tour\/\">Morgen Quad Touren EL Gouna<\/a><\/li>\n<li><a href=\"https:\/\/hurghadalovers.com\/de\/tours\/el-gouna-sonnenuntergang-quad-biking-tour\/\">Sonnenuntergang Quad Fahren EL Gouna<\/a><\/li>\n<li><a href=\"https:\/\/hurghadalovers.com\/de\/tours\/el-gouna-privat-quad-bike-tour\/\">Privater Quad Touren EL Gouna<\/a><\/li>\n<li><a href=\"https:\/\/hurghadalovers.com\/de\/tours\/el-gouna-super-jeep-safari-trip\/\">EL Gouna Beduinendorf Ausflug<\/a><\/li>\n<li><a href=\"https:\/\/hurghadalovers.com\/de\/tours\/morgen-jeep-safari-trip-ab-el-gouna\/\">Morgen EL Gouna Beduinendorf Ausflug<\/a><\/li>\n<li><a href=\"https:\/\/hurghadalovers.com\/de\/tours\/el-gouna-privat-jeep-safari-trip\/\">Privater EL Gouna Beduinendorf Ausflug<\/a><\/li>\n<li>EL Gouna W\u00fcstentour mit Kindern<\/li>\n<li><a href=\"https:\/\/hurghadalovers.com\/de\/tours\/morgendliche-buggytour-von-el-gouna\/\">Morgen Buggy Fahren EL Gouna<\/a><\/li>\n<li><a href=\"https:\/\/hurghadalovers.com\/de\/tours\/sonnenuntergang-buggy-tour-aus-el-gouna\/\">Sonnenuntergang Buggy Fahren EL Gouna<\/a><\/li>\n<li><a href=\"https:\/\/hurghadalovers.com\/de\/tours\/preiswerte-quad-biking-touren-ab-el-gouna-2hr\/\">G\u00fcnstige EL Gouna Quad Mieten<\/a><\/li>\n<\/ul>\n<p><a href=\"https:\/\/hurghadalovers.com\/wp-content\/uploads\/2024\/03\/Wustensafari-Agypten-8.jpeg\"><img loading=\"lazy\" decoding=\"async\" class=\"aligncenter size-full wp-image-451977\" src=\"https:\/\/hurghadalovers.com\/wp-content\/uploads\/2024\/03\/Wustensafari-Agypten-8.jpeg\" alt=\"\" width=\"1232\" height=\"816\" srcset=\"https:\/\/hurghadalovers.com\/wp-content\/uploads\/2024\/03\/Wustensafari-Agypten-8.jpeg 1232w, https:\/\/hurghadalovers.com\/wp-content\/uploads\/2024\/03\/Wustensafari-Agypten-8-300x199.jpeg 300w, https:\/\/hurghadalovers.com\/wp-content\/uploads\/2024\/03\/Wustensafari-Agypten-8-1024x678.jpeg 1024w, https:\/\/hurghadalovers.com\/wp-content\/uploads\/2024\/03\/Wustensafari-Agypten-8-768x509.jpeg 768w, https:\/\/hurghadalovers.com\/wp-content\/uploads\/2024\/03\/Wustensafari-Agypten-8-600x397.jpeg 600w, https:\/\/hurghadalovers.com\/wp-content\/uploads\/2024\/03\/Wustensafari-Agypten-8-180x120.jpeg 180w\" sizes=\"auto, (max-width: 1232px) 100vw, 1232px\" \/><\/a><\/p>\n","protected":false},"excerpt":{"rendered":"<p><strong>EL Gouna W\u00fcstentour mit Kindern W\u00fcstensafaris mit Kindern ab <\/strong><strong>El Gouna<\/strong> Nachmittags | <strong>Mega Safari<\/strong> Familienfreundlich &amp; Senioren.<\/p>\n<p style=\"text-align: center;\"><span style=\"color: #ff0000;\">Die besten <strong>familienfreundlichen Aktivit\u00e4ten<\/strong> in El Gouna, <strong>Unternehmungen mit Kindern<\/strong> ab 2 Jahren<\/span><\/p>\n<p>&nbsp;<\/p>\n","protected":false},"featured_media":396261,"template":"","meta":{"_joinchat":[]},"product_brand":[],"product_cat":[29817],"product_tag":[58687,58693],"class_list":{"0":"post-396428","1":"product","2":"type-product","3":"status-publish","4":"has-post-thumbnail","6":"product_cat-touren","7":"product_tag-buggy-tour-el-gouna-de","8":"product_tag-safari-tour-el-gouna-de","9":"tour_category-el-gouna-ausfluege","10":"tour_category-wuestensafari-in-el-gouna","12":"first","13":"instock","14":"sale","15":"shipping-taxable","16":"purchasable","17":"product-type-tour"},"yoast_head":"<!-- This site is optimized with the Yoast SEO Premium plugin v26.9 (Yoast SEO v27.2) - https:\/\/yoast.com\/product\/yoast-seo-premium-wordpress\/ -->\n<title>EL Gouna W\u00fcstentour mit Kindern W\u00fcstensafaris<\/title>\n<meta name=\"description\" content=\"EL Gouna W\u00fcstentour mit Kindern Nachmittags | Mega Safari Familienfreundlich &amp; Senioren. Die besten familienfreundlichen Aktivit\u00e4ten, Unternehmungen\" \/>\n<meta name=\"robots\" content=\"index, follow, max-snippet:-1, max-image-preview:large, max-video-preview:-1\" \/>\n<link rel=\"canonical\" href=\"https:\/\/hurghadalovers.com\/de\/tours\/el-gouna-wuste-safaris-mit-kindern\/\" \/>\n<meta property=\"og:locale\" content=\"de_DE\" \/>\n<meta property=\"og:type\" content=\"article\" \/>\n<meta property=\"og:title\" content=\"EL Gouna W\u00fcstentour mit Kindern\" \/>\n<meta property=\"og:description\" content=\"EL Gouna W\u00fcstentour mit Kindern Nachmittags | Mega Safari Familienfreundlich &amp; Senioren. Die besten familienfreundlichen Aktivit\u00e4ten, Unternehmungen\" \/>\n<meta property=\"og:url\" content=\"https:\/\/hurghadalovers.com\/de\/tours\/el-gouna-wuste-safaris-mit-kindern\/\" \/>\n<meta property=\"og:site_name\" content=\"Hurghada Excursions &amp; Day Trips | Booking Best Prices Tours\" \/>\n<meta property=\"article:publisher\" content=\"https:\/\/www.facebook.com\/Hurghadaloversegypt\" \/>\n<meta property=\"article:modified_time\" content=\"2026-02-08T08:32:12+00:00\" \/>\n<meta property=\"og:image\" content=\"https:\/\/hurghadalovers.com\/wp-content\/uploads\/2023\/09\/El-Gouna-Desert-Safaris-with-Kids.jpeg\" \/>\n\t<meta property=\"og:image:width\" content=\"720\" \/>\n\t<meta property=\"og:image:height\" content=\"1280\" \/>\n\t<meta property=\"og:image:type\" content=\"image\/jpeg\" \/>\n<meta name=\"twitter:card\" content=\"summary_large_image\" \/>\n<meta name=\"twitter:label1\" content=\"Price\" \/>\n\t<meta name=\"twitter:data1\" content=\"&euro;&nbsp;40\" \/>\n\t<meta name=\"twitter:label2\" content=\"Availability\" \/>\n\t<meta name=\"twitter:data2\" content=\"In stock\" \/>\n<script type=\"application\/ld+json\" class=\"yoast-schema-graph\">{\"@context\":\"https:\/\/schema.org\",\"@graph\":[{\"@type\":[\"WebPage\",\"ItemPage\"],\"@id\":\"https:\/\/hurghadalovers.com\/de\/tours\/el-gouna-wuste-safaris-mit-kindern\/\",\"url\":\"https:\/\/hurghadalovers.com\/de\/tours\/el-gouna-wuste-safaris-mit-kindern\/\",\"name\":\"EL Gouna W\u00fcstentour mit Kindern W\u00fcstensafaris\",\"isPartOf\":{\"@id\":\"https:\/\/hurghadalovers.com\/de\/#website\"},\"primaryImageOfPage\":{\"@id\":\"https:\/\/hurghadalovers.com\/de\/tours\/el-gouna-wuste-safaris-mit-kindern\/#primaryimage\"},\"image\":{\"@id\":\"https:\/\/hurghadalovers.com\/de\/tours\/el-gouna-wuste-safaris-mit-kindern\/#primaryimage\"},\"thumbnailUrl\":\"https:\/\/hurghadalovers.com\/wp-content\/uploads\/2023\/09\/El-Gouna-Desert-Safaris-with-Kids.jpeg\",\"datePublished\":\"2023-09-04T10:18:44+00:00\",\"dateModified\":\"2026-02-08T08:32:12+00:00\",\"description\":\"EL Gouna W\u00fcstentour mit Kindern Nachmittags | Mega Safari Familienfreundlich & Senioren. Die besten familienfreundlichen Aktivit\u00e4ten, Unternehmungen\",\"breadcrumb\":{\"@id\":\"https:\/\/hurghadalovers.com\/de\/tours\/el-gouna-wuste-safaris-mit-kindern\/#breadcrumb\"},\"inLanguage\":\"de-DE\",\"potentialAction\":[{\"@type\":\"ReadAction\",\"target\":[\"https:\/\/hurghadalovers.com\/de\/tours\/el-gouna-wuste-safaris-mit-kindern\/\"]}]},{\"@type\":\"ImageObject\",\"inLanguage\":\"de-DE\",\"@id\":\"https:\/\/hurghadalovers.com\/de\/tours\/el-gouna-wuste-safaris-mit-kindern\/#primaryimage\",\"url\":\"https:\/\/hurghadalovers.com\/wp-content\/uploads\/2023\/09\/El-Gouna-Desert-Safaris-with-Kids.jpeg\",\"contentUrl\":\"https:\/\/hurghadalovers.com\/wp-content\/uploads\/2023\/09\/El-Gouna-Desert-Safaris-with-Kids.jpeg\",\"width\":720,\"height\":1280,\"caption\":\"El Gouna W\u00fcstensafaris mit Kindern\"},{\"@type\":\"BreadcrumbList\",\"@id\":\"https:\/\/hurghadalovers.com\/de\/tours\/el-gouna-wuste-safaris-mit-kindern\/#breadcrumb\",\"itemListElement\":[{\"@type\":\"ListItem\",\"position\":1,\"name\":\"Home\",\"item\":\"https:\/\/hurghadalovers.com\/de\/\"},{\"@type\":\"ListItem\",\"position\":2,\"name\":\"Shop\",\"item\":\"https:\/\/hurghadalovers.com\/shop\/\"},{\"@type\":\"ListItem\",\"position\":3,\"name\":\"EL Gouna W\u00fcstentour mit Kindern\"}]},{\"@type\":\"WebSite\",\"@id\":\"https:\/\/hurghadalovers.com\/de\/#website\",\"url\":\"https:\/\/hurghadalovers.com\/de\/\",\"name\":\"Hurghada Excursions & Day Trips | Booking Best Prices Tours\",\"description\":\"Hurghada Lovers - Best Tour Operator - Excursions &amp; Things to do for Family Day Trips with kids and Couples Romantic. Unique .Hidden gems\",\"publisher\":{\"@id\":\"https:\/\/hurghadalovers.com\/de\/#organization\"},\"alternateName\":\"Hurghada Excursions\",\"potentialAction\":[{\"@type\":\"SearchAction\",\"target\":{\"@type\":\"EntryPoint\",\"urlTemplate\":\"https:\/\/hurghadalovers.com\/de\/?s={search_term_string}\"},\"query-input\":{\"@type\":\"PropertyValueSpecification\",\"valueRequired\":true,\"valueName\":\"search_term_string\"}}],\"inLanguage\":\"de-DE\"},{\"@type\":[\"Organization\",\"Place\",\"TravelAgency\"],\"@id\":\"https:\/\/hurghadalovers.com\/de\/#organization\",\"name\":\"Hurghada Excursions\",\"url\":\"https:\/\/hurghadalovers.com\/de\/\",\"logo\":{\"@id\":\"https:\/\/hurghadalovers.com\/de\/tours\/el-gouna-wuste-safaris-mit-kindern\/#local-main-organization-logo\"},\"image\":{\"@id\":\"https:\/\/hurghadalovers.com\/de\/tours\/el-gouna-wuste-safaris-mit-kindern\/#local-main-organization-logo\"},\"sameAs\":[\"https:\/\/www.facebook.com\/Hurghadaloversegypt\"],\"address\":{\"@id\":\"https:\/\/hurghadalovers.com\/de\/tours\/el-gouna-wuste-safaris-mit-kindern\/#local-main-place-address\"},\"telephone\":[\"00201112596434\"],\"contactPoint\":{\"@type\":\"ContactPoint\",\"telephone\":\"00201112596434\",\"email\":\"weyouface@gmail.com\"},\"openingHoursSpecification\":{\"@type\":\"OpeningHoursSpecification\",\"dayOfWeek\":[\"Monday\",\"Tuesday\",\"Wednesday\",\"Thursday\",\"Friday\",\"Saturday\",\"Sunday\"],\"opens\":\"00:00\",\"closes\":\"23:59\"},\"email\":\"weyouface@gmail.com\",\"areaServed\":\"Luxor, Hurghada, El Gouna, Aswan, Sharm El Sheikh, Giza, Alexandria, Marsa Alam, Quseir, Soma Bay, Sahl Hasheesh, Red Sea, Makadi Bay, Cairo\",\"priceRange\":\"$\",\"currenciesAccepted\":\"euro\",\"paymentAccepted\":\"cash on site\"},{\"@type\":\"PostalAddress\",\"@id\":\"https:\/\/hurghadalovers.com\/de\/tours\/el-gouna-wuste-safaris-mit-kindern\/#local-main-place-address\",\"streetAddress\":\"17 Banks street, Alkawther area, top nbk bank\",\"addressLocality\":\"hurghada\",\"postalCode\":\"84511\",\"addressRegion\":\"red sea\",\"addressCountry\":\"EG\"},{\"@type\":\"ImageObject\",\"inLanguage\":\"de-DE\",\"@id\":\"https:\/\/hurghadalovers.com\/de\/tours\/el-gouna-wuste-safaris-mit-kindern\/#local-main-organization-logo\",\"url\":\"https:\/\/hurghadalovers.com\/wp-content\/uploads\/2019\/10\/hurghada-excursions-logo.png\",\"contentUrl\":\"https:\/\/hurghadalovers.com\/wp-content\/uploads\/2019\/10\/hurghada-excursions-logo.png\",\"width\":272,\"height\":90,\"caption\":\"Hurghada Excursions\"}]}<\/script>\n<meta property=\"og:video\" content=\"https:\/\/www.youtube.com\/embed\/UPRA9p8x6yQ\" \/>\n<meta property=\"og:video:type\" content=\"text\/html\" \/>\n<meta property=\"og:video:duration\" content=\"399\" \/>\n<meta property=\"og:video:width\" content=\"480\" \/>\n<meta property=\"og:video:height\" content=\"270\" \/>\n<meta property=\"ya:ovs:adult\" content=\"false\" \/>\n<meta property=\"ya:ovs:upload_date\" content=\"2023-09-04T10:18:44+00:00\" \/>\n<meta property=\"ya:ovs:allow_embed\" content=\"true\" \/>\n<meta property=\"product:brand\" content=\"EL Gouna Ausfl\u00fcge\" \/>\n<meta property=\"product:price:amount\" content=\"40\" \/>\n<meta property=\"product:price:currency\" content=\"EUR\" \/>\n<meta property=\"og:availability\" content=\"instock\" \/>\n<meta property=\"product:availability\" content=\"instock\" \/>\n<meta property=\"product:retailer_item_id\" content=\"Gouna992024\" \/>\n<meta property=\"product:condition\" content=\"new\" \/>\n<meta name=\"geo.placename\" content=\"hurghada\" \/>\n<meta name=\"geo.region\" content=\"Egypt\" \/>\n<!-- \/ Yoast SEO Premium plugin. -->","yoast_head_json":{"title":"EL Gouna W\u00fcstentour mit Kindern W\u00fcstensafaris","description":"EL Gouna W\u00fcstentour mit Kindern Nachmittags | Mega Safari Familienfreundlich & Senioren. Die besten familienfreundlichen Aktivit\u00e4ten, Unternehmungen","robots":{"index":"index","follow":"follow","max-snippet":"max-snippet:-1","max-image-preview":"max-image-preview:large","max-video-preview":"max-video-preview:-1"},"canonical":"https:\/\/hurghadalovers.com\/de\/tours\/el-gouna-wuste-safaris-mit-kindern\/","og_locale":"de_DE","og_type":"article","og_title":"EL Gouna W\u00fcstentour mit Kindern","og_description":"EL Gouna W\u00fcstentour mit Kindern Nachmittags | Mega Safari Familienfreundlich & Senioren. Die besten familienfreundlichen Aktivit\u00e4ten, Unternehmungen","og_url":"https:\/\/hurghadalovers.com\/de\/tours\/el-gouna-wuste-safaris-mit-kindern\/","og_site_name":"Hurghada Excursions &amp; Day Trips | Booking Best Prices Tours","article_publisher":"https:\/\/www.facebook.com\/Hurghadaloversegypt","article_modified_time":"2026-02-08T08:32:12+00:00","og_image":[{"width":720,"height":1280,"url":"https:\/\/hurghadalovers.com\/wp-content\/uploads\/2023\/09\/El-Gouna-Desert-Safaris-with-Kids.jpeg","type":"image\/jpeg"}],"twitter_card":"summary_large_image","twitter_misc":{"Price":"&euro;&nbsp;40","Availability":"In stock"},"schema":{"@context":"https:\/\/schema.org","@graph":[{"@type":["WebPage","ItemPage"],"@id":"https:\/\/hurghadalovers.com\/de\/tours\/el-gouna-wuste-safaris-mit-kindern\/","url":"https:\/\/hurghadalovers.com\/de\/tours\/el-gouna-wuste-safaris-mit-kindern\/","name":"EL Gouna W\u00fcstentour mit Kindern W\u00fcstensafaris","isPartOf":{"@id":"https:\/\/hurghadalovers.com\/de\/#website"},"primaryImageOfPage":{"@id":"https:\/\/hurghadalovers.com\/de\/tours\/el-gouna-wuste-safaris-mit-kindern\/#primaryimage"},"image":{"@id":"https:\/\/hurghadalovers.com\/de\/tours\/el-gouna-wuste-safaris-mit-kindern\/#primaryimage"},"thumbnailUrl":"https:\/\/hurghadalovers.com\/wp-content\/uploads\/2023\/09\/El-Gouna-Desert-Safaris-with-Kids.jpeg","datePublished":"2023-09-04T10:18:44+00:00","dateModified":"2026-02-08T08:32:12+00:00","description":"EL Gouna W\u00fcstentour mit Kindern Nachmittags | Mega Safari Familienfreundlich & Senioren. Die besten familienfreundlichen Aktivit\u00e4ten, Unternehmungen","breadcrumb":{"@id":"https:\/\/hurghadalovers.com\/de\/tours\/el-gouna-wuste-safaris-mit-kindern\/#breadcrumb"},"inLanguage":"de-DE","potentialAction":[{"@type":"ReadAction","target":["https:\/\/hurghadalovers.com\/de\/tours\/el-gouna-wuste-safaris-mit-kindern\/"]}]},{"@type":"ImageObject","inLanguage":"de-DE","@id":"https:\/\/hurghadalovers.com\/de\/tours\/el-gouna-wuste-safaris-mit-kindern\/#primaryimage","url":"https:\/\/hurghadalovers.com\/wp-content\/uploads\/2023\/09\/El-Gouna-Desert-Safaris-with-Kids.jpeg","contentUrl":"https:\/\/hurghadalovers.com\/wp-content\/uploads\/2023\/09\/El-Gouna-Desert-Safaris-with-Kids.jpeg","width":720,"height":1280,"caption":"El Gouna W\u00fcstensafaris mit Kindern"},{"@type":"BreadcrumbList","@id":"https:\/\/hurghadalovers.com\/de\/tours\/el-gouna-wuste-safaris-mit-kindern\/#breadcrumb","itemListElement":[{"@type":"ListItem","position":1,"name":"Home","item":"https:\/\/hurghadalovers.com\/de\/"},{"@type":"ListItem","position":2,"name":"Shop","item":"https:\/\/hurghadalovers.com\/shop\/"},{"@type":"ListItem","position":3,"name":"EL Gouna W\u00fcstentour mit Kindern"}]},{"@type":"WebSite","@id":"https:\/\/hurghadalovers.com\/de\/#website","url":"https:\/\/hurghadalovers.com\/de\/","name":"Hurghada Excursions & Day Trips | Booking Best Prices Tours","description":"Hurghada Lovers - Best Tour Operator - Excursions &amp; Things to do for Family Day Trips with kids and Couples Romantic. Unique .Hidden gems","publisher":{"@id":"https:\/\/hurghadalovers.com\/de\/#organization"},"alternateName":"Hurghada Excursions","potentialAction":[{"@type":"SearchAction","target":{"@type":"EntryPoint","urlTemplate":"https:\/\/hurghadalovers.com\/de\/?s={search_term_string}"},"query-input":{"@type":"PropertyValueSpecification","valueRequired":true,"valueName":"search_term_string"}}],"inLanguage":"de-DE"},{"@type":["Organization","Place","TravelAgency"],"@id":"https:\/\/hurghadalovers.com\/de\/#organization","name":"Hurghada Excursions","url":"https:\/\/hurghadalovers.com\/de\/","logo":{"@id":"https:\/\/hurghadalovers.com\/de\/tours\/el-gouna-wuste-safaris-mit-kindern\/#local-main-organization-logo"},"image":{"@id":"https:\/\/hurghadalovers.com\/de\/tours\/el-gouna-wuste-safaris-mit-kindern\/#local-main-organization-logo"},"sameAs":["https:\/\/www.facebook.com\/Hurghadaloversegypt"],"address":{"@id":"https:\/\/hurghadalovers.com\/de\/tours\/el-gouna-wuste-safaris-mit-kindern\/#local-main-place-address"},"telephone":["00201112596434"],"contactPoint":{"@type":"ContactPoint","telephone":"00201112596434","email":"weyouface@gmail.com"},"openingHoursSpecification":{"@type":"OpeningHoursSpecification","dayOfWeek":["Monday","Tuesday","Wednesday","Thursday","Friday","Saturday","Sunday"],"opens":"00:00","closes":"23:59"},"email":"weyouface@gmail.com","areaServed":"Luxor, Hurghada, El Gouna, Aswan, Sharm El Sheikh, Giza, Alexandria, Marsa Alam, Quseir, Soma Bay, Sahl Hasheesh, Red Sea, Makadi Bay, Cairo","priceRange":"$","currenciesAccepted":"euro","paymentAccepted":"cash on site"},{"@type":"PostalAddress","@id":"https:\/\/hurghadalovers.com\/de\/tours\/el-gouna-wuste-safaris-mit-kindern\/#local-main-place-address","streetAddress":"17 Banks street, Alkawther area, top nbk bank","addressLocality":"hurghada","postalCode":"84511","addressRegion":"red sea","addressCountry":"EG"},{"@type":"ImageObject","inLanguage":"de-DE","@id":"https:\/\/hurghadalovers.com\/de\/tours\/el-gouna-wuste-safaris-mit-kindern\/#local-main-organization-logo","url":"https:\/\/hurghadalovers.com\/wp-content\/uploads\/2019\/10\/hurghada-excursions-logo.png","contentUrl":"https:\/\/hurghadalovers.com\/wp-content\/uploads\/2019\/10\/hurghada-excursions-logo.png","width":272,"height":90,"caption":"Hurghada Excursions"}]},"og_video":"https:\/\/www.youtube.com\/embed\/UPRA9p8x6yQ","og_video_type":"text\/html","og_video_duration":"399","og_video_width":"480","og_video_height":"270","ya_ovs_adult":"false","ya_ovs_upload_date":"2023-09-04T10:18:44+00:00","ya_ovs_allow_embed":"true","product_brand":"EL Gouna Ausfl\u00fcge","product_price_amount":"40","product_price_currency":"EUR","og_availability":"instock","product_availability":"instock","product_retailer_item_id":"Gouna992024","product_condition":"new","geo.placename":"hurghada","geo.region":"Egypt"},"_links":{"self":[{"href":"https:\/\/hurghadalovers.com\/de\/wp-json\/wp\/v2\/product\/396428","targetHints":{"allow":["GET"]}}],"collection":[{"href":"https:\/\/hurghadalovers.com\/de\/wp-json\/wp\/v2\/product"}],"about":[{"href":"https:\/\/hurghadalovers.com\/de\/wp-json\/wp\/v2\/types\/product"}],"wp:featuredmedia":[{"embeddable":true,"href":"https:\/\/hurghadalovers.com\/de\/wp-json\/wp\/v2\/media\/396261"}],"wp:attachment":[{"href":"https:\/\/hurghadalovers.com\/de\/wp-json\/wp\/v2\/media?parent=396428"}],"wp:term":[{"taxonomy":"product_brand","embeddable":true,"href":"https:\/\/hurghadalovers.com\/de\/wp-json\/wp\/v2\/product_brand?post=396428"},{"taxonomy":"product_cat","embeddable":true,"href":"https:\/\/hurghadalovers.com\/de\/wp-json\/wp\/v2\/product_cat?post=396428"},{"taxonomy":"product_tag","embeddable":true,"href":"https:\/\/hurghadalovers.com\/de\/wp-json\/wp\/v2\/product_tag?post=396428"}],"curies":[{"name":"wp","href":"https:\/\/api.w.org\/{rel}","templated":true}]}}