{"id":396159,"date":"2023-09-04T09:41:09","date_gmt":"2023-09-04T09:41:09","guid":{"rendered":"https:\/\/hurghadalovers.com\/shop\/unkategorisiert\/el-gouna-private-jeep-safari-reise\/"},"modified":"2026-02-08T20:02:10","modified_gmt":"2026-02-08T20:02:10","slug":"el-gouna-privat-jeep-safari-trip","status":"publish","type":"product","link":"https:\/\/hurghadalovers.com\/de\/tours\/el-gouna-privat-jeep-safari-trip\/","title":{"rendered":"Privater EL Gouna Beduinendorf Ausflug"},"content":{"rendered":"<p>Privater EL Gouna Beduinendorf Ausflug-\u00a0 <strong>Privater Jeep-Safari <\/strong>mit ATV-Quad-Bike, Spider Car und 4\u00d74 Auto zum Beduinendorf mit Kamelritt und anschlie\u00dfendem BBQ-Dinner + traditioneller Show.<\/p>\n<p style=\"text-align: center;\"><span style=\"color: #ff0000;\">Die besten Aktivit\u00e4ten in El Gouna f\u00fcr <strong>Familien mit Kindern<\/strong>, <strong>Senioren<\/strong>, <strong>Romantiker<\/strong> und <strong>Paare in den Flitterwochen<\/strong><\/span><\/p>\n<p>&nbsp;<\/p>\n<p><strong>H\u00f6hepunkte:<\/strong><\/p>\n<ol>\n<li>4\u00d74 Jeep Auto.<\/li>\n<li>Quad-Fahrt.<\/li>\n<li>Spinnenwagen.<\/li>\n<li>Kamelritt.<\/li>\n<li>Beduinendorf.<\/li>\n<li>BBQ Abendessen.<\/li>\n<li>Orientalische Ausstellung.<\/li>\n<\/ol>\n<p><strong>Einzelheiten:<\/strong><\/p>\n<ul>\n<li>Verf\u00fcgbarkeit der Tour: Jeden Tag.<\/li>\n<li>Art der Tour: Privat.<\/li>\n<li>Abholzeit: Ab 11:45 Uhr.<\/li>\n<li>Abholzeit: 19:00 Uhr.<\/li>\n<li>Dauer: 7 Std.<\/li>\n<\/ul>\n<p><strong>Jetzt reservieren und sp\u00e4ter bezahlen:<\/strong><\/p>\n<ul>\n<li>Bargeld vor Ort zu f\u00fchren.<\/li>\n<li>Zahlung in \u00e4gyptischen Pfund, $, \u20ac oder \u00a3.<\/li>\n<\/ul>\n<p><strong>Stornierungsbedingungen:<\/strong><\/p>\n<ul>\n<li>Sie k\u00f6nnen bis zu 24 Stunden im Voraus stornieren.<\/li>\n<li>Wenn jemand aus Ihrer Familie den Vormittag absagt, zahlen Sie 50 % der Kosten.<\/li>\n<\/ul>\n<p><strong>Was ist inbegriffen?<\/strong><\/p>\n<ul>\n<li>Transfer von El Gouna Hotels &#8220;Hotel abholen und zur\u00fcckbringen&#8221;.<\/li>\n<li>Alle Steuern, Eintrittsgelder und Bearbeitungsgeb\u00fchren.<\/li>\n<li>\u00dcberweisungen.<\/li>\n<li>Reiseleiter.<\/li>\n<li>Helm.<\/li>\n<\/ul>\n<p><strong>Ausnahmen?<\/strong><\/p>\n<ul>\n<li>Halstuch<\/li>\n<li>Schutzbrille<\/li>\n<li>Trinkgeld.<\/li>\n<li>Fotografie f\u00fcr die Reise.<\/li>\n<li>Alle nicht erw\u00e4hnten Extras.<\/li>\n<\/ul>\n<p><strong>Preise:<\/strong><\/p>\n<ul>\n<li><strong>Preis f\u00fcr Erwachsene = 55$ pro Person<\/strong>.<\/li>\n<li>Preis f\u00fcr Kinder &#8220;5-12\u2033= 50%.<\/li>\n<li>f\u00fcr Kinder &#8220;0-5\u2033= Kostenlos.<\/li>\n<\/ul>\n<p><strong>Bewertungen:<\/strong><\/p>\n<p>\u00fcberpr\u00fcfen Sie unsere Google Map Bewertungen als bester <a href=\"https:\/\/g.page\/r\/CUeYvkngP3wkEBM\/review\">Reiseveranstalter in Hurghada<\/a> online in <a href=\"https:\/\/hurghadalovers.com\/\">Hurghada<\/a> \u00c4gypten.<\/p>\n<p><strong>Reservierung:<\/strong><\/p>\n<p>Senden Sie Hotel + Zimmernummer + Fotop\u00e4sse an WhatsApp: <strong>+201112596434<\/strong><\/p>\n<p>Wenn Sie aus \u00c4gypten Buchen Sie jetzt online und best\u00e4tigen Sie bei der Ankunft Hotel.<\/p>\n<h2><strong>EL Gouna W\u00fcstentour | Beste 6 Stunden Quad Fahren EL Gouna Safari<\/strong><\/h2>\n<p><strong>EL Gouna W\u00fcstentour \u00c4gypten &#8211; Die besten Quad Fahren &amp; Jeep Allradfahrzeug mit BBQ W\u00fcstensafari Touren, Sonnenuntergang Ausfl\u00fcge. Beduinendorf<\/strong><\/p>\n<p><strong>Beste Quad Fahren EL Gouna<\/strong>\u00a0Safari | 5 Stunden Quad Tour Durch Die W\u00fcste \u00c4gypten. Die besten W\u00fcstentour Preis &amp; Sonnenuntergang Ausfl\u00fcge Sahl Hasheesh El Gouna..<\/p>\n<ul>\n<li><strong>Quad Tour<\/strong> durch die W\u00fcste EL Gouna<\/li>\n<li>Erleben Sie einen faszinierenden Sonnenuntergang in der W\u00fcste<\/li>\n<li>Genie\u00dfen Sie einen Grillabend inklusive <strong>Bauchtanz<\/strong>&#8211; und <strong>Tanura<\/strong> Show<\/li>\n<li>Empfinden Sie Romantik pur unterm klaren Sternenhimmel<\/li>\n<\/ul>\n<h2><strong>EL Gouna W\u00fcstentour Unser Programm:<\/strong><\/h2>\n<ul>\n<li>Wir holen Sie von Ihrem Hotel in EL Gouna ab, um von dort zu unserer Quad Station zu fahren. Dort bekommen Sie eine kurze Einweisung in die Art und Weise des <strong>Quad.<\/strong><\/li>\n<li>Keine Angst, es ist kein F\u00fchrerschein erforderlich und die Handhabung des Quads, ganz simpel. Danach kann es losgehen mit der Fahrt durch die W\u00fcste. Sie folgen einem Tour Guide der Ihnen langsam vorausf\u00e4hrt.<\/li>\n<li>Er wird sich immer mal wieder umschauen, ob ihm auch alle folgen.:-)). Zwischenzeitlich haben Sie sich mit dem <strong>Quad fahren<\/strong> vertraut gemacht und k\u00f6nnen auch mal kurz \u201eGas geben\u201c, Sandd\u00fcne hoch, und wieder runter, das macht Spa\u00df.<\/li>\n<li>Am <strong>Beduinendorf<\/strong> angekommen, werden Sie mit einem <strong>Beduinentee<\/strong> begr\u00fc\u00dft, dem traditionellen Tee der W\u00fcstenbewohner. Entdecken Sie bei der Dorfbesichtigung die Lebensgewohnheiten der <strong>Beduinen<\/strong>.<\/li>\n<li>Genie\u00dfen Sie den fantastischen Sonnenuntergang in der W\u00fcste und freuen sich auf das Barbecue Dinner welches wir Ihnen w\u00e4hrend einer orientalischen Abendshow mit <strong>Bauchtanz<\/strong> und <strong>Tanura <\/strong>Tanz servieren.<\/li>\n<li>Unter dem romantischen Eindruck des klaren Sternenhimmels in der W\u00fcste treten wir unsere Heimfahrt wieder an und fahren Sie von unserem Quad Park wieder zur\u00fcck zu Ihrem Hotel.<\/li>\n<\/ul>\n<p><strong>Beste Quad Fahren EL Gouna Unser Service:<\/strong><\/p>\n<ul>\n<li>Hin- und R\u00fccktransfer zur Quad Station mit einem modernen klimatisierten Fahrzeug<\/li>\n<li><strong>Quad fahren, <\/strong>wir zeigen Ihnen wie es geht<\/li>\n<li>Besichtigung: <strong>Beduinendorf EL Gouna<\/strong><\/li>\n<li>Abendessen in Barbecue Form<\/li>\n<li>Alkoholfreies Erfrischungsgetr\u00e4nk<\/li>\n<li>Orientalische <strong>Bauchtanz <\/strong>&amp; Tanura Show<\/li>\n<li><strong>Sonnenuntergang <\/strong>in der W\u00fcste<\/li>\n<\/ul>\n<p><strong>Exklusive Kosten:<\/strong><\/p>\n<ul>\n<li>Pers\u00f6nliche Ausgaben<\/li>\n<\/ul>\n<h3><strong>\u00a0Tour Details:<\/strong><\/h3>\n<p><strong>Dauer:<\/strong> \u00a0\u00a0\u00a0\u00a0\u00a0\u00a0\u00a0\u00a05 Stunden<\/p>\n<p><strong>Typ:<\/strong> \u00a0\u00a0\u00a0\u00a0\u00a0\u00a0\u00a0\u00a0\u00a0\u00a0\u00a0\u00a0Gruppe<\/p>\n<p><strong>Start:<\/strong> \u00a0\u00a0\u00a0\u00a0\u00a0\u00a0\u00a0\u00a0\u00a0\u00a0T\u00e4glich<\/p>\n<p><strong>Treffpunkt:<\/strong> Ihr Hotelfoyer<\/p>\n<p><strong>Optionale Extras: Typ:<\/strong> als privat durchgef\u00fchrte Tour (mieten eines kompletten Bootes)<\/p>\n<p><strong>Mitzubringen:<\/strong><\/p>\n<ul>\n<li>\u00a0 \u00a0 \u00a0 \u00a0\u00a0\u00a0\u00a0 Kamera<\/li>\n<li>\u00a0 \u00a0 \u00a0 \u00a0\u00a0\u00a0\u00a0 Feste Schuhe (Turnschuhe)<\/li>\n<li>\u00a0 \u00a0 \u00a0 \u00a0 \u00a0 Tuch als Mundschutz und Kopfschutz<\/li>\n<li>\u00a0 \u00a0 \u00a0 \u00a0\u00a0\u00a0\u00a0 Sonnenbrille als Schutz gegen Sonnen und Sand<\/li>\n<li>\u00a0 \u00a0 \u00a0 \u00a0\u00a0\u00a0\u00a0 Gute Laune:- ))<\/li>\n<\/ul>\n<h3><strong>Buchung Beste Quad Fahren EL Gouna: Privater EL Gouna Beduinendorf Ausflug<\/strong><\/h3>\n<p>Ihre Buchung gilt als best\u00e4tigt mit Erhalt Ihrer Anzahlung<\/p>\n<p><strong>Quad Tour EL Gouna<\/strong>\u00a0das Abenteuererlebnis W\u00fcste. <strong>Beduinendorf EL Gouna<\/strong>\u00a0zu Besuch mit dem <strong>Quad<\/strong>. Die <strong>W\u00fcstenbewohner \u00c4gyptens<\/strong> hei\u00dfen Sie willkommen mit einem <strong>Beduinentee.<\/strong><\/p>\n<p>F\u00fcr alle EL Gouna\u00a0<strong>\u00c4gypten <\/strong>Urlauber: <strong>Quad fahren<\/strong> macht Spa\u00df<strong>! W\u00fcstenschiff :-)) &#8211; Kamelreiten <\/strong>inbegriffen<strong>!<\/strong><\/p>\n<p><strong>Quad-Sahara-W\u00fcste EL Gouna <\/strong>genug vom Sand? Wie w\u00e4re es zur Abk\u00fchlung mit <strong>Wassersport<\/strong>? Buchen Sie einen <strong>Schnorchelausflug EL Gouna! <\/strong>Die<strong> Wassertemperatur Rotes Meer <\/strong>l\u00e4dt zum Baden ein!<\/p>\n<p><strong>EL Gouna Quad Safari | Quad Tour EL Goun | Safari EL Gouna| Sonnenuntergang Hurghada|W\u00fcste Hurghada Quad fahren<\/strong><\/p>\n<p>Begleiten Sie uns auf unserer <strong>Quad Safari<\/strong> durch die <strong>W\u00fcste EL Gouna<\/strong>. Fahren Sie mit einem <strong>Quad<\/strong> bis zu dem <strong>Beduinendorf EL Gouna<\/strong>\u00a0in der<strong> Ostw\u00fcste <\/strong><strong>\u00c4gypten<\/strong>. Erleben Sie einen faszinierenden <strong>Sonnenuntergang<\/strong> bei einer Tasse <strong>Beduinentee<\/strong>.<\/p>\n<h3><strong>Privater EL Gouna Beduinendorf Ausflug W\u00fcstentour:<\/strong><\/h3>\n<p><strong>13:00 Uhr<br \/>\n<\/strong>Abholung von Ihrem Hotel.Genie\u00dfen Sie eine besondere Zeit, w\u00e4hrend Sie mit dem Jeep fahren und die W\u00fcstenpr\u00e4rien und Berge der EL Gouna-W\u00fcste auf dem Weg beobachten.<strong><br \/>\n13:30 Uhr<br \/>\n<\/strong>Der Zugang zur Quad-Bike-Station in EL Gouna und Quad-Fahren beginnt. H\u00f6ren Sie sich die Regeln f\u00fcr das Fahren von Quads im Gel\u00e4nde in der W\u00fcste und die Sicherheits- und Sicherheitstipps des Trip Advisors an.<br \/>\n<strong>14:30 Uhr<br \/>\n<\/strong>Ankunft im Beduinendorf<br \/>\nErfahren Sie mehr \u00fcber das Leben der Beduinen<br \/>\nTee und Mineralwasser trinken<br \/>\nein Hauch von Shisha<br \/>\nKamelritt<br \/>\nFotos machen<br \/>\nEssen Sie Brot und mehr<br \/>\n<strong>15:00 Uhr<br \/>\n<\/strong>Besuchen Sie den Park<br \/>\n15 Minuten auf einer Spinne reiten<br \/>\nTee und Mineralwasser trinken<br \/>\nein Hauch von Shisha<br \/>\n<strong>16:00 Uhr<br \/>\n<\/strong>Mittagsmahlzeit durch ein einzigartiges offenes Buffet mit 8 verschiedenen Salatsorten + Kofta + Pane Chicken + Wei\u00dfer und brauner Reis + Pommes mit gegrillten Tomaten + Softdrinks + Mineralwasser.<strong><br \/>\n16:45 Uhr<br \/>\n<\/strong>Genie\u00dfen Sie die Party, orientalische T\u00e4nze<br \/>\n<strong>18:00 Uhr<br \/>\n<\/strong>Kehren Sie zum Hotel zur\u00fcck.<\/p>\n<p>Pr\u00fcfen <a href=\"https:\/\/hurghadalovers.com\/de\/tour-category\/el-gouna-ausfluege\/\"><strong>EL Gouna Ausfl\u00fcge<\/strong><\/a> &#8211; <a href=\"https:\/\/hurghadalovers.com\/de\/tour-category\/wuestensafari-in-el-gouna\/\"><strong>W\u00fcstensafari in El Gouna<\/strong><\/a>:<\/p>\n<ul>\n<li><a href=\"https:\/\/hurghadalovers.com\/de\/tours\/el-gouna-morgen-quad-biking-tour\/\">Morgen Quad Touren EL Gouna<\/a><\/li>\n<li><a href=\"https:\/\/hurghadalovers.com\/de\/tours\/el-gouna-sonnenuntergang-quad-biking-tour\/\">Sonnenuntergang Quad Fahren EL Gouna<\/a><\/li>\n<li><a href=\"https:\/\/hurghadalovers.com\/de\/tours\/el-gouna-privat-quad-bike-tour\/\">Privater Quad Touren EL Gouna<\/a><\/li>\n<li><a href=\"https:\/\/hurghadalovers.com\/de\/tours\/el-gouna-super-jeep-safari-trip\/\">EL Gouna Beduinendorf Ausflug<\/a><\/li>\n<li><a href=\"https:\/\/hurghadalovers.com\/de\/tours\/morgen-jeep-safari-trip-ab-el-gouna\/\">Morgen EL Gouna Beduinendorf Ausflug<\/a><\/li>\n<li>Privater EL Gouna Beduinendorf Ausflug<\/li>\n<li><a href=\"https:\/\/hurghadalovers.com\/de\/tours\/el-gouna-wuste-safaris-mit-kindern\/\">EL Gouna W\u00fcstentour mit Kindern<\/a><\/li>\n<li><a href=\"https:\/\/hurghadalovers.com\/de\/tours\/morgendliche-buggytour-von-el-gouna\/\">Morgen Buggy Fahren EL Gouna<\/a><\/li>\n<li><a href=\"https:\/\/hurghadalovers.com\/de\/tours\/sonnenuntergang-buggy-tour-aus-el-gouna\/\">Sonnenuntergang Buggy Fahren EL Gouna<\/a><\/li>\n<li><a href=\"https:\/\/hurghadalovers.com\/de\/tours\/preiswerte-quad-biking-touren-ab-el-gouna-2hr\/\">G\u00fcnstige EL Gouna Quad Mieten<\/a><\/li>\n<\/ul>\n<p>&nbsp;<\/p>\n","protected":false},"excerpt":{"rendered":"<p>Privater EL Gouna Beduinendorf Ausflug mit ATV-Quad-Bike, Spider Car und 4\u00d74 Auto zum Beduinendorf mit Kamelritt und anschlie\u00dfendem BBQ-Dinner + traditioneller Show.<\/p>\n","protected":false},"featured_media":396006,"template":"","meta":{"_joinchat":[]},"product_brand":[],"product_cat":[29817],"product_tag":[58687,58693],"class_list":{"0":"post-396159","1":"product","2":"type-product","3":"status-publish","4":"has-post-thumbnail","6":"product_cat-touren","7":"product_tag-buggy-tour-el-gouna-de","8":"product_tag-safari-tour-el-gouna-de","9":"tour_category-el-gouna-ausfluege","10":"tour_category-wuestensafari-in-el-gouna","12":"first","13":"instock","14":"sale","15":"shipping-taxable","16":"purchasable","17":"product-type-tour"},"yoast_head":"<!-- This site is optimized with the Yoast SEO Premium plugin v26.9 (Yoast SEO v27.2) - https:\/\/yoast.com\/product\/yoast-seo-premium-wordpress\/ -->\n<title>Privater EL Gouna Beduinendorf Ausflug mit ATV-Quad-Bike<\/title>\n<meta name=\"description\" content=\"Privater EL Gouna Beduinendorf Ausflug mit ATV-Quad-Bike, Spider Car und 4\u00d74 Auto zum Beduinendorf mit Kamelritt und anschlie\u00dfendem BBQ-Dinner\" \/>\n<meta name=\"robots\" content=\"index, follow, max-snippet:-1, max-image-preview:large, max-video-preview:-1\" \/>\n<link rel=\"canonical\" href=\"https:\/\/hurghadalovers.com\/de\/tours\/el-gouna-privat-jeep-safari-trip\/\" \/>\n<meta property=\"og:locale\" content=\"de_DE\" \/>\n<meta property=\"og:type\" content=\"article\" \/>\n<meta property=\"og:title\" content=\"Privater EL Gouna Beduinendorf Ausflug\" \/>\n<meta property=\"og:description\" content=\"Privater EL Gouna Beduinendorf Ausflug mit ATV-Quad-Bike, Spider Car und 4\u00d74 Auto zum Beduinendorf mit Kamelritt und anschlie\u00dfendem BBQ-Dinner\" \/>\n<meta property=\"og:url\" content=\"https:\/\/hurghadalovers.com\/de\/tours\/el-gouna-privat-jeep-safari-trip\/\" \/>\n<meta property=\"og:site_name\" content=\"Hurghada Excursions &amp; Day Trips | Booking Best Prices Tours\" \/>\n<meta property=\"article:publisher\" content=\"https:\/\/www.facebook.com\/Hurghadaloversegypt\" \/>\n<meta property=\"article:modified_time\" content=\"2026-02-08T20:02:10+00:00\" \/>\n<meta property=\"og:image\" content=\"https:\/\/hurghadalovers.com\/wp-content\/uploads\/2023\/09\/El-Gouna-Private-Jeep-Safari-Trip.jpeg\" \/>\n\t<meta property=\"og:image:width\" content=\"1\" \/>\n\t<meta property=\"og:image:height\" content=\"1\" \/>\n\t<meta property=\"og:image:type\" content=\"image\/jpeg\" \/>\n<meta name=\"twitter:card\" content=\"summary_large_image\" \/>\n<meta name=\"twitter:label1\" content=\"Price\" \/>\n\t<meta name=\"twitter:data1\" content=\"&euro;&nbsp;170\" \/>\n\t<meta name=\"twitter:label2\" content=\"Availability\" \/>\n\t<meta name=\"twitter:data2\" content=\"In stock\" \/>\n<script type=\"application\/ld+json\" class=\"yoast-schema-graph\">{\"@context\":\"https:\/\/schema.org\",\"@graph\":[{\"@type\":[\"WebPage\",\"ItemPage\"],\"@id\":\"https:\/\/hurghadalovers.com\/de\/tours\/el-gouna-privat-jeep-safari-trip\/\",\"url\":\"https:\/\/hurghadalovers.com\/de\/tours\/el-gouna-privat-jeep-safari-trip\/\",\"name\":\"Privater EL Gouna Beduinendorf Ausflug mit ATV-Quad-Bike\",\"isPartOf\":{\"@id\":\"https:\/\/hurghadalovers.com\/de\/#website\"},\"primaryImageOfPage\":{\"@id\":\"https:\/\/hurghadalovers.com\/de\/tours\/el-gouna-privat-jeep-safari-trip\/#primaryimage\"},\"image\":{\"@id\":\"https:\/\/hurghadalovers.com\/de\/tours\/el-gouna-privat-jeep-safari-trip\/#primaryimage\"},\"thumbnailUrl\":\"https:\/\/hurghadalovers.com\/wp-content\/uploads\/2023\/09\/El-Gouna-Private-Jeep-Safari-Trip.jpeg\",\"datePublished\":\"2023-09-04T09:41:09+00:00\",\"dateModified\":\"2026-02-08T20:02:10+00:00\",\"description\":\"Privater EL Gouna Beduinendorf Ausflug mit ATV-Quad-Bike, Spider Car und 4\u00d74 Auto zum Beduinendorf mit Kamelritt und anschlie\u00dfendem BBQ-Dinner\",\"breadcrumb\":{\"@id\":\"https:\/\/hurghadalovers.com\/de\/tours\/el-gouna-privat-jeep-safari-trip\/#breadcrumb\"},\"inLanguage\":\"de-DE\",\"potentialAction\":[{\"@type\":\"ReadAction\",\"target\":[\"https:\/\/hurghadalovers.com\/de\/tours\/el-gouna-privat-jeep-safari-trip\/\"]}]},{\"@type\":\"ImageObject\",\"inLanguage\":\"de-DE\",\"@id\":\"https:\/\/hurghadalovers.com\/de\/tours\/el-gouna-privat-jeep-safari-trip\/#primaryimage\",\"url\":\"https:\/\/hurghadalovers.com\/wp-content\/uploads\/2023\/09\/El-Gouna-Private-Jeep-Safari-Trip.jpeg\",\"contentUrl\":\"https:\/\/hurghadalovers.com\/wp-content\/uploads\/2023\/09\/El-Gouna-Private-Jeep-Safari-Trip.jpeg\",\"caption\":\"El Gouna Private Jeep Safari Trip\"},{\"@type\":\"BreadcrumbList\",\"@id\":\"https:\/\/hurghadalovers.com\/de\/tours\/el-gouna-privat-jeep-safari-trip\/#breadcrumb\",\"itemListElement\":[{\"@type\":\"ListItem\",\"position\":1,\"name\":\"Home\",\"item\":\"https:\/\/hurghadalovers.com\/de\/\"},{\"@type\":\"ListItem\",\"position\":2,\"name\":\"Shop\",\"item\":\"https:\/\/hurghadalovers.com\/shop\/\"},{\"@type\":\"ListItem\",\"position\":3,\"name\":\"Privater EL Gouna Beduinendorf Ausflug\"}]},{\"@type\":\"WebSite\",\"@id\":\"https:\/\/hurghadalovers.com\/de\/#website\",\"url\":\"https:\/\/hurghadalovers.com\/de\/\",\"name\":\"Hurghada Excursions & Day Trips | Booking Best Prices Tours\",\"description\":\"Hurghada Lovers - Best Tour Operator - Excursions &amp; Things to do for Family Day Trips with kids and Couples Romantic. Unique .Hidden gems\",\"publisher\":{\"@id\":\"https:\/\/hurghadalovers.com\/de\/#organization\"},\"alternateName\":\"Hurghada Excursions\",\"potentialAction\":[{\"@type\":\"SearchAction\",\"target\":{\"@type\":\"EntryPoint\",\"urlTemplate\":\"https:\/\/hurghadalovers.com\/de\/?s={search_term_string}\"},\"query-input\":{\"@type\":\"PropertyValueSpecification\",\"valueRequired\":true,\"valueName\":\"search_term_string\"}}],\"inLanguage\":\"de-DE\"},{\"@type\":[\"Organization\",\"Place\",\"TravelAgency\"],\"@id\":\"https:\/\/hurghadalovers.com\/de\/#organization\",\"name\":\"Hurghada Excursions\",\"url\":\"https:\/\/hurghadalovers.com\/de\/\",\"logo\":{\"@id\":\"https:\/\/hurghadalovers.com\/de\/tours\/el-gouna-privat-jeep-safari-trip\/#local-main-organization-logo\"},\"image\":{\"@id\":\"https:\/\/hurghadalovers.com\/de\/tours\/el-gouna-privat-jeep-safari-trip\/#local-main-organization-logo\"},\"sameAs\":[\"https:\/\/www.facebook.com\/Hurghadaloversegypt\"],\"address\":{\"@id\":\"https:\/\/hurghadalovers.com\/de\/tours\/el-gouna-privat-jeep-safari-trip\/#local-main-place-address\"},\"telephone\":[\"00201112596434\"],\"contactPoint\":{\"@type\":\"ContactPoint\",\"telephone\":\"00201112596434\",\"email\":\"weyouface@gmail.com\"},\"openingHoursSpecification\":{\"@type\":\"OpeningHoursSpecification\",\"dayOfWeek\":[\"Monday\",\"Tuesday\",\"Wednesday\",\"Thursday\",\"Friday\",\"Saturday\",\"Sunday\"],\"opens\":\"00:00\",\"closes\":\"23:59\"},\"email\":\"weyouface@gmail.com\",\"areaServed\":\"Luxor, Hurghada, El Gouna, Aswan, Sharm El Sheikh, Giza, Alexandria, Marsa Alam, Quseir, Soma Bay, Sahl Hasheesh, Red Sea, Makadi Bay, Cairo\",\"priceRange\":\"$\",\"currenciesAccepted\":\"euro\",\"paymentAccepted\":\"cash on site\"},{\"@type\":\"PostalAddress\",\"@id\":\"https:\/\/hurghadalovers.com\/de\/tours\/el-gouna-privat-jeep-safari-trip\/#local-main-place-address\",\"streetAddress\":\"17 Banks street, Alkawther area, top nbk bank\",\"addressLocality\":\"hurghada\",\"postalCode\":\"84511\",\"addressRegion\":\"red sea\",\"addressCountry\":\"EG\"},{\"@type\":\"ImageObject\",\"inLanguage\":\"de-DE\",\"@id\":\"https:\/\/hurghadalovers.com\/de\/tours\/el-gouna-privat-jeep-safari-trip\/#local-main-organization-logo\",\"url\":\"https:\/\/hurghadalovers.com\/wp-content\/uploads\/2019\/10\/hurghada-excursions-logo.png\",\"contentUrl\":\"https:\/\/hurghadalovers.com\/wp-content\/uploads\/2019\/10\/hurghada-excursions-logo.png\",\"width\":272,\"height\":90,\"caption\":\"Hurghada Excursions\"}]}<\/script>\n<meta property=\"product:brand\" content=\"EL Gouna Ausfl\u00fcge\" \/>\n<meta property=\"product:price:amount\" content=\"170\" \/>\n<meta property=\"product:price:currency\" content=\"EUR\" \/>\n<meta property=\"og:availability\" content=\"instock\" \/>\n<meta property=\"product:availability\" content=\"instock\" \/>\n<meta property=\"product:retailer_item_id\" content=\"Gouna942024\" \/>\n<meta property=\"product:condition\" content=\"new\" \/>\n<meta name=\"geo.placename\" content=\"hurghada\" \/>\n<meta name=\"geo.region\" content=\"Egypt\" \/>\n<!-- \/ Yoast SEO Premium plugin. -->","yoast_head_json":{"title":"Privater EL Gouna Beduinendorf Ausflug mit ATV-Quad-Bike","description":"Privater EL Gouna Beduinendorf Ausflug mit ATV-Quad-Bike, Spider Car und 4\u00d74 Auto zum Beduinendorf mit Kamelritt und anschlie\u00dfendem BBQ-Dinner","robots":{"index":"index","follow":"follow","max-snippet":"max-snippet:-1","max-image-preview":"max-image-preview:large","max-video-preview":"max-video-preview:-1"},"canonical":"https:\/\/hurghadalovers.com\/de\/tours\/el-gouna-privat-jeep-safari-trip\/","og_locale":"de_DE","og_type":"article","og_title":"Privater EL Gouna Beduinendorf Ausflug","og_description":"Privater EL Gouna Beduinendorf Ausflug mit ATV-Quad-Bike, Spider Car und 4\u00d74 Auto zum Beduinendorf mit Kamelritt und anschlie\u00dfendem BBQ-Dinner","og_url":"https:\/\/hurghadalovers.com\/de\/tours\/el-gouna-privat-jeep-safari-trip\/","og_site_name":"Hurghada Excursions &amp; Day Trips | Booking Best Prices Tours","article_publisher":"https:\/\/www.facebook.com\/Hurghadaloversegypt","article_modified_time":"2026-02-08T20:02:10+00:00","og_image":[{"url":"https:\/\/hurghadalovers.com\/wp-content\/uploads\/2023\/09\/El-Gouna-Private-Jeep-Safari-Trip.jpeg","width":1,"height":1,"type":"image\/jpeg"}],"twitter_card":"summary_large_image","twitter_misc":{"Price":"&euro;&nbsp;170","Availability":"In stock"},"schema":{"@context":"https:\/\/schema.org","@graph":[{"@type":["WebPage","ItemPage"],"@id":"https:\/\/hurghadalovers.com\/de\/tours\/el-gouna-privat-jeep-safari-trip\/","url":"https:\/\/hurghadalovers.com\/de\/tours\/el-gouna-privat-jeep-safari-trip\/","name":"Privater EL Gouna Beduinendorf Ausflug mit ATV-Quad-Bike","isPartOf":{"@id":"https:\/\/hurghadalovers.com\/de\/#website"},"primaryImageOfPage":{"@id":"https:\/\/hurghadalovers.com\/de\/tours\/el-gouna-privat-jeep-safari-trip\/#primaryimage"},"image":{"@id":"https:\/\/hurghadalovers.com\/de\/tours\/el-gouna-privat-jeep-safari-trip\/#primaryimage"},"thumbnailUrl":"https:\/\/hurghadalovers.com\/wp-content\/uploads\/2023\/09\/El-Gouna-Private-Jeep-Safari-Trip.jpeg","datePublished":"2023-09-04T09:41:09+00:00","dateModified":"2026-02-08T20:02:10+00:00","description":"Privater EL Gouna Beduinendorf Ausflug mit ATV-Quad-Bike, Spider Car und 4\u00d74 Auto zum Beduinendorf mit Kamelritt und anschlie\u00dfendem BBQ-Dinner","breadcrumb":{"@id":"https:\/\/hurghadalovers.com\/de\/tours\/el-gouna-privat-jeep-safari-trip\/#breadcrumb"},"inLanguage":"de-DE","potentialAction":[{"@type":"ReadAction","target":["https:\/\/hurghadalovers.com\/de\/tours\/el-gouna-privat-jeep-safari-trip\/"]}]},{"@type":"ImageObject","inLanguage":"de-DE","@id":"https:\/\/hurghadalovers.com\/de\/tours\/el-gouna-privat-jeep-safari-trip\/#primaryimage","url":"https:\/\/hurghadalovers.com\/wp-content\/uploads\/2023\/09\/El-Gouna-Private-Jeep-Safari-Trip.jpeg","contentUrl":"https:\/\/hurghadalovers.com\/wp-content\/uploads\/2023\/09\/El-Gouna-Private-Jeep-Safari-Trip.jpeg","caption":"El Gouna Private Jeep Safari Trip"},{"@type":"BreadcrumbList","@id":"https:\/\/hurghadalovers.com\/de\/tours\/el-gouna-privat-jeep-safari-trip\/#breadcrumb","itemListElement":[{"@type":"ListItem","position":1,"name":"Home","item":"https:\/\/hurghadalovers.com\/de\/"},{"@type":"ListItem","position":2,"name":"Shop","item":"https:\/\/hurghadalovers.com\/shop\/"},{"@type":"ListItem","position":3,"name":"Privater EL Gouna Beduinendorf Ausflug"}]},{"@type":"WebSite","@id":"https:\/\/hurghadalovers.com\/de\/#website","url":"https:\/\/hurghadalovers.com\/de\/","name":"Hurghada Excursions & Day Trips | Booking Best Prices Tours","description":"Hurghada Lovers - Best Tour Operator - Excursions &amp; Things to do for Family Day Trips with kids and Couples Romantic. Unique .Hidden gems","publisher":{"@id":"https:\/\/hurghadalovers.com\/de\/#organization"},"alternateName":"Hurghada Excursions","potentialAction":[{"@type":"SearchAction","target":{"@type":"EntryPoint","urlTemplate":"https:\/\/hurghadalovers.com\/de\/?s={search_term_string}"},"query-input":{"@type":"PropertyValueSpecification","valueRequired":true,"valueName":"search_term_string"}}],"inLanguage":"de-DE"},{"@type":["Organization","Place","TravelAgency"],"@id":"https:\/\/hurghadalovers.com\/de\/#organization","name":"Hurghada Excursions","url":"https:\/\/hurghadalovers.com\/de\/","logo":{"@id":"https:\/\/hurghadalovers.com\/de\/tours\/el-gouna-privat-jeep-safari-trip\/#local-main-organization-logo"},"image":{"@id":"https:\/\/hurghadalovers.com\/de\/tours\/el-gouna-privat-jeep-safari-trip\/#local-main-organization-logo"},"sameAs":["https:\/\/www.facebook.com\/Hurghadaloversegypt"],"address":{"@id":"https:\/\/hurghadalovers.com\/de\/tours\/el-gouna-privat-jeep-safari-trip\/#local-main-place-address"},"telephone":["00201112596434"],"contactPoint":{"@type":"ContactPoint","telephone":"00201112596434","email":"weyouface@gmail.com"},"openingHoursSpecification":{"@type":"OpeningHoursSpecification","dayOfWeek":["Monday","Tuesday","Wednesday","Thursday","Friday","Saturday","Sunday"],"opens":"00:00","closes":"23:59"},"email":"weyouface@gmail.com","areaServed":"Luxor, Hurghada, El Gouna, Aswan, Sharm El Sheikh, Giza, Alexandria, Marsa Alam, Quseir, Soma Bay, Sahl Hasheesh, Red Sea, Makadi Bay, Cairo","priceRange":"$","currenciesAccepted":"euro","paymentAccepted":"cash on site"},{"@type":"PostalAddress","@id":"https:\/\/hurghadalovers.com\/de\/tours\/el-gouna-privat-jeep-safari-trip\/#local-main-place-address","streetAddress":"17 Banks street, Alkawther area, top nbk bank","addressLocality":"hurghada","postalCode":"84511","addressRegion":"red sea","addressCountry":"EG"},{"@type":"ImageObject","inLanguage":"de-DE","@id":"https:\/\/hurghadalovers.com\/de\/tours\/el-gouna-privat-jeep-safari-trip\/#local-main-organization-logo","url":"https:\/\/hurghadalovers.com\/wp-content\/uploads\/2019\/10\/hurghada-excursions-logo.png","contentUrl":"https:\/\/hurghadalovers.com\/wp-content\/uploads\/2019\/10\/hurghada-excursions-logo.png","width":272,"height":90,"caption":"Hurghada Excursions"}]},"product_brand":"EL Gouna Ausfl\u00fcge","product_price_amount":"170","product_price_currency":"EUR","og_availability":"instock","product_availability":"instock","product_retailer_item_id":"Gouna942024","product_condition":"new","geo.placename":"hurghada","geo.region":"Egypt"},"_links":{"self":[{"href":"https:\/\/hurghadalovers.com\/de\/wp-json\/wp\/v2\/product\/396159","targetHints":{"allow":["GET"]}}],"collection":[{"href":"https:\/\/hurghadalovers.com\/de\/wp-json\/wp\/v2\/product"}],"about":[{"href":"https:\/\/hurghadalovers.com\/de\/wp-json\/wp\/v2\/types\/product"}],"wp:featuredmedia":[{"embeddable":true,"href":"https:\/\/hurghadalovers.com\/de\/wp-json\/wp\/v2\/media\/396006"}],"wp:attachment":[{"href":"https:\/\/hurghadalovers.com\/de\/wp-json\/wp\/v2\/media?parent=396159"}],"wp:term":[{"taxonomy":"product_brand","embeddable":true,"href":"https:\/\/hurghadalovers.com\/de\/wp-json\/wp\/v2\/product_brand?post=396159"},{"taxonomy":"product_cat","embeddable":true,"href":"https:\/\/hurghadalovers.com\/de\/wp-json\/wp\/v2\/product_cat?post=396159"},{"taxonomy":"product_tag","embeddable":true,"href":"https:\/\/hurghadalovers.com\/de\/wp-json\/wp\/v2\/product_tag?post=396159"}],"curies":[{"name":"wp","href":"https:\/\/api.w.org\/{rel}","templated":true}]}}