{"id":396081,"date":"2023-09-04T09:30:37","date_gmt":"2023-09-04T09:30:37","guid":{"rendered":"https:\/\/hurghadalovers.com\/shop\/unkategorisiert\/sonnenuntergangs-buggy-tour-ab-el-gouna\/"},"modified":"2026-02-09T17:39:45","modified_gmt":"2026-02-09T17:39:45","slug":"sonnenuntergang-buggy-tour-aus-el-gouna","status":"publish","type":"product","link":"https:\/\/hurghadalovers.com\/de\/tours\/sonnenuntergang-buggy-tour-aus-el-gouna\/","title":{"rendered":"Sonnenuntergang Buggy Fahren EL Gouna"},"content":{"rendered":"<p><strong>Sonnenuntergang Buggy Fahren EL Gouna<\/strong> zum <a href=\"https:\/\/hurghadalovers.com\/de\/bedouin-life-in-egypt-desert\/\" target=\"_blank\" rel=\"noopener\">Beduinendorf<\/a> und <a href=\"https:\/\/hurghadalovers.com\/de\/camel-in-egypt\/\" target=\"_blank\" rel=\"noopener\">Kamelritt<\/a> | <strong>Luxus-Abenteuer-<a href=\"https:\/\/hurghadalovers.com\/de\/desert-safari-egypt-deutsch\/\">W\u00fcstensafari \u00c4gypten<\/a><\/strong>, familienfreundlich mit Kindern, Paaren und Senioren mit privatem Transfer | Polaris RZR-Fahrt.<\/p>\n<p><strong>H\u00f6hepunkte:<\/strong><\/p>\n<ol>\n<li>D\u00fcnen-Buggy-Fahrt.<\/li>\n<li>Kamelritt.<\/li>\n<li>Beduinendorf.<\/li>\n<\/ol>\n<p><span style=\"color: #ff6600;\"><strong>Buggy-Tour ab El Gouna | Sonnenuntergang Buggy Fahren EL Gouna<\/strong><\/span><\/p>\n<p>Auf der Suche nach einem einzigartigen und sicheren W\u00fcstenabenteuer f\u00fcr die ganze Familie, Paare oder Hochzeitsreisende oder junge Erwachsene?<\/p>\n<p>Erleben Sie unsere Luxus-D\u00fcnen-Buggy-Tour! Unsere leistungsstarken modernen Modelle \u2013 erh\u00e4ltlich mit 2 und 4 Sitzen \u2013 nehmen Sie mit auf ein 25 km langes Abenteuer durch die W\u00fcste zwischen den Bergen und f\u00fchren Sie zum Beduinendorf, wo Sie auf einem Kamel reiten und mehr \u00fcber das Leben der Beduinen erfahren k\u00f6nnen. Erklimmen Sie die obersten Plateaus f\u00fcr atemberaubende Ausblicke und eine eindringliche Erfahrung des W\u00fcstenlebens in \u00c4gypten.<\/p>\n<p>F\u00fcr Senioren und Familien mit kleinen Kindern empfehlen wir den Polaris RZR Safari Trip. Dies ist eine ausgezeichnete Option f\u00fcr diejenigen, die Schwierigkeiten haben, Quads \u00fcber lange Strecken zu fahren oder Kurven auf der Stra\u00dfe zu navigieren. Es ist eine sicherere Alternative und f\u00fcr Kinder im Alter von 3 bis 14 Jahren geeignet.<\/p>\n<p>Wenn Sie nach einer pers\u00f6nlicheren VIP-Safari-Tour suchen, haben wir genau das Richtige. Genie\u00dfen Sie morgens oder abends ein dreist\u00fcndiges Abenteuer mit einem atemberaubenden Sonnenuntergang, einem Besuch des Beduinengebiets und einem kulturellen Eintauchen in die Berge. Ein unvergessliches Erlebnis, das Sie sich nicht entgehen lassen sollten \u2013 perfekt f\u00fcr Familien und Freunde gleicherma\u00dfen!<\/p>\n<figure id=\"attachment_454005\" aria-describedby=\"caption-attachment-454005\" style=\"width: 1156px\" class=\"wp-caption aligncenter\"><a href=\"https:\/\/hurghadalovers.com\/wp-content\/uploads\/2023\/08\/Sonnenuntergang-Buggy-Fahren-Soma-bay.jpeg\"><img loading=\"lazy\" decoding=\"async\" class=\"size-full wp-image-454005\" src=\"https:\/\/hurghadalovers.com\/wp-content\/uploads\/2023\/08\/Sonnenuntergang-Buggy-Fahren-Soma-bay.jpeg\" alt=\"Sonnenuntergang Buggy Fahren Soma bay\" width=\"1156\" height=\"867\" srcset=\"https:\/\/hurghadalovers.com\/wp-content\/uploads\/2023\/08\/Sonnenuntergang-Buggy-Fahren-Soma-bay.jpeg 1156w, https:\/\/hurghadalovers.com\/wp-content\/uploads\/2023\/08\/Sonnenuntergang-Buggy-Fahren-Soma-bay-300x225.jpeg 300w, https:\/\/hurghadalovers.com\/wp-content\/uploads\/2023\/08\/Sonnenuntergang-Buggy-Fahren-Soma-bay-1024x768.jpeg 1024w, https:\/\/hurghadalovers.com\/wp-content\/uploads\/2023\/08\/Sonnenuntergang-Buggy-Fahren-Soma-bay-768x576.jpeg 768w, https:\/\/hurghadalovers.com\/wp-content\/uploads\/2023\/08\/Sonnenuntergang-Buggy-Fahren-Soma-bay-600x450.jpeg 600w\" sizes=\"auto, (max-width: 1156px) 100vw, 1156px\" \/><\/a><figcaption id=\"caption-attachment-454005\" class=\"wp-caption-text\">\u00a0<\/figcaption><\/figure>\n<p><strong>Sonnenuntergang Buggy Fahren EL Gouna Einzelheiten:<\/strong><\/p>\n<ul>\n<li>Verf\u00fcgbarkeit der Tour: Jeden Tag.<\/li>\n<li>Art der Tour: Gruppe oder Privat.<\/li>\n<li>Abholzeit: ab 14:00 Uhr.<\/li>\n<li>Abholzeit: ab 19:00 Uhr.<\/li>\n<li>Dauer: 3 Std.<\/li>\n<\/ul>\n<p><strong>Jetzt reservieren und sp\u00e4ter bezahlen:<\/strong><\/p>\n<ul>\n<li>Bargeld vor Ort zu f\u00fchren.<\/li>\n<li>Zahlung in \u00e4gyptischen Pfund, $, \u20ac oder \u00a3.<\/li>\n<\/ul>\n<p><strong>Stornierungsbedingungen:<\/strong><\/p>\n<ul>\n<li>Sie k\u00f6nnen bis zu 24 Stunden im Voraus stornieren.<\/li>\n<li>Wenn jemand aus Ihrer Familie den Vormittag absagt, zahlen Sie 50 % der Kosten.<\/li>\n<\/ul>\n<p><iframe loading=\"lazy\" title=\"YouTube video player\" src=\"https:\/\/www.youtube.com\/embed\/UPRA9p8x6yQ?si=zwtGmkmwrShA3cgG\" width=\"560\" height=\"315\" frameborder=\"0\" allowfullscreen=\"allowfullscreen\"><\/iframe><\/p>\n<p><strong>Was ist inbegriffen?<\/strong><\/p>\n<ul>\n<li>Transfer von El Gouna Hotels &#8220;Hotel abholen und zur\u00fcckbringen&#8221;.<\/li>\n<li>Alle Steuern, Eintrittsgelder und Bearbeitungsgeb\u00fchren.<\/li>\n<li>\u00dcberweisungen.<\/li>\n<li>Reiseleiter.<\/li>\n<li>Helm.<\/li>\n<\/ul>\n<p><strong>Ausnahmen?<\/strong><\/p>\n<ul>\n<li>Halstuch<\/li>\n<li>Schutzbrille<\/li>\n<li>Trinkgeld.<\/li>\n<li>Fotografie f\u00fcr die Reise.<\/li>\n<li>Alle nicht erw\u00e4hnten Extras.<\/li>\n<\/ul>\n<p><strong>Sonnenuntergang Buggy Fahren EL Gouna Preise:<\/strong><\/p>\n<p><strong>Preis = 90$ pro Person<\/strong>.<\/p>\n<p><strong>Sonnenuntergang Buggy Fahren EL Gouna Bewertungen:<\/strong><\/p>\n<p>\u00fcberpr\u00fcfen Sie unsere Google Map Bewertungen als bester <a href=\"https:\/\/g.page\/r\/CUeYvkngP3wkEBM\/review\">Reiseveranstalter in Hurghada<\/a> online in <a href=\"https:\/\/hurghadalovers.com\/\">Hurghada<\/a> \u00c4gypten.<\/p>\n<figure id=\"attachment_454086\" aria-describedby=\"caption-attachment-454086\" style=\"width: 1280px\" class=\"wp-caption aligncenter\"><a href=\"https:\/\/hurghadalovers.com\/wp-content\/uploads\/2023\/08\/Sonnenuntergang-Buggy-Fahren-Soma-bay-4.jpeg\"><img loading=\"lazy\" decoding=\"async\" class=\"size-full wp-image-454086\" src=\"https:\/\/hurghadalovers.com\/wp-content\/uploads\/2023\/08\/Sonnenuntergang-Buggy-Fahren-Soma-bay-4.jpeg\" alt=\"Sonnenuntergang Buggy Fahren Soma bay\" width=\"1280\" height=\"853\" srcset=\"https:\/\/hurghadalovers.com\/wp-content\/uploads\/2023\/08\/Sonnenuntergang-Buggy-Fahren-Soma-bay-4.jpeg 1280w, https:\/\/hurghadalovers.com\/wp-content\/uploads\/2023\/08\/Sonnenuntergang-Buggy-Fahren-Soma-bay-4-300x200.jpeg 300w, https:\/\/hurghadalovers.com\/wp-content\/uploads\/2023\/08\/Sonnenuntergang-Buggy-Fahren-Soma-bay-4-1024x682.jpeg 1024w, https:\/\/hurghadalovers.com\/wp-content\/uploads\/2023\/08\/Sonnenuntergang-Buggy-Fahren-Soma-bay-4-768x512.jpeg 768w, https:\/\/hurghadalovers.com\/wp-content\/uploads\/2023\/08\/Sonnenuntergang-Buggy-Fahren-Soma-bay-4-531x354.jpeg 531w, https:\/\/hurghadalovers.com\/wp-content\/uploads\/2023\/08\/Sonnenuntergang-Buggy-Fahren-Soma-bay-4-600x400.jpeg 600w, https:\/\/hurghadalovers.com\/wp-content\/uploads\/2023\/08\/Sonnenuntergang-Buggy-Fahren-Soma-bay-4-180x120.jpeg 180w\" sizes=\"auto, (max-width: 1280px) 100vw, 1280px\" \/><\/a><figcaption id=\"caption-attachment-454086\" class=\"wp-caption-text\">\u00a0<\/figcaption><\/figure>\n<p><strong>Reservierung:<\/strong><\/p>\n<p>Senden Sie Hotel + Zimmernummer + Fotop\u00e4sse an WhatsApp: <strong>+201112596434<\/strong><\/p>\n<p>Wenn Sie aus \u00c4gypten Buchen Sie jetzt online und best\u00e4tigen Sie bei der Ankunft Hotel.<\/p>\n<p>Pr\u00fcfen <a href=\"https:\/\/hurghadalovers.com\/de\/tour-category\/el-gouna-ausfluege\/\"><strong>EL Gouna Ausfl\u00fcge<\/strong><\/a> &#8211; <a href=\"https:\/\/hurghadalovers.com\/de\/tour-category\/wuestensafari-in-el-gouna\/\"><strong>W\u00fcstensafari in El Gouna<\/strong><\/a>:<\/p>\n<ul>\n<li><a href=\"https:\/\/hurghadalovers.com\/de\/tours\/el-gouna-morgen-quad-biking-tour\/\">Morgen Quad Touren EL Gouna<\/a><\/li>\n<li><a href=\"https:\/\/hurghadalovers.com\/de\/tours\/el-gouna-sonnenuntergang-quad-biking-tour\/\">Sonnenuntergang Quad Fahren EL Gouna<\/a><\/li>\n<li><a href=\"https:\/\/hurghadalovers.com\/de\/tours\/el-gouna-privat-quad-bike-tour\/\">Privater Quad Touren EL Gouna<\/a><\/li>\n<li><a href=\"https:\/\/hurghadalovers.com\/de\/tours\/el-gouna-super-jeep-safari-trip\/\">EL Gouna Beduinendorf Ausflug<\/a><\/li>\n<li><a href=\"https:\/\/hurghadalovers.com\/de\/tours\/morgen-jeep-safari-trip-ab-el-gouna\/\">Morgen EL Gouna Beduinendorf Ausflug<\/a><\/li>\n<li><a href=\"https:\/\/hurghadalovers.com\/de\/tours\/el-gouna-privat-jeep-safari-trip\/\">Privater EL Gouna Beduinendorf Ausflug<\/a><\/li>\n<li><a href=\"https:\/\/hurghadalovers.com\/de\/tours\/el-gouna-wuste-safaris-mit-kindern\/\">EL Gouna W\u00fcstentour mit Kindern<\/a><\/li>\n<li><a href=\"https:\/\/hurghadalovers.com\/de\/tours\/morgendliche-buggytour-von-el-gouna\/\">Morgen Buggy Fahren EL Gouna<\/a><\/li>\n<li><a href=\"https:\/\/hurghadalovers.com\/de\/tours\/preiswerte-quad-biking-touren-ab-el-gouna-2hr\/\">G\u00fcnstige EL Gouna Quad Mieten<\/a><\/li>\n<\/ul>\n<figure id=\"attachment_454059\" aria-describedby=\"caption-attachment-454059\" style=\"width: 1156px\" class=\"wp-caption aligncenter\"><a href=\"https:\/\/hurghadalovers.com\/wp-content\/uploads\/2023\/08\/Sonnenuntergang-Buggy-Fahren-Soma-bay-3.jpeg\"><img loading=\"lazy\" decoding=\"async\" class=\"size-full wp-image-454059\" src=\"https:\/\/hurghadalovers.com\/wp-content\/uploads\/2023\/08\/Sonnenuntergang-Buggy-Fahren-Soma-bay-3.jpeg\" alt=\"Sonnenuntergang Buggy Fahren Soma bay\" width=\"1156\" height=\"867\" srcset=\"https:\/\/hurghadalovers.com\/wp-content\/uploads\/2023\/08\/Sonnenuntergang-Buggy-Fahren-Soma-bay-3.jpeg 1156w, https:\/\/hurghadalovers.com\/wp-content\/uploads\/2023\/08\/Sonnenuntergang-Buggy-Fahren-Soma-bay-3-300x225.jpeg 300w, https:\/\/hurghadalovers.com\/wp-content\/uploads\/2023\/08\/Sonnenuntergang-Buggy-Fahren-Soma-bay-3-1024x768.jpeg 1024w, https:\/\/hurghadalovers.com\/wp-content\/uploads\/2023\/08\/Sonnenuntergang-Buggy-Fahren-Soma-bay-3-768x576.jpeg 768w, https:\/\/hurghadalovers.com\/wp-content\/uploads\/2023\/08\/Sonnenuntergang-Buggy-Fahren-Soma-bay-3-600x450.jpeg 600w\" sizes=\"auto, (max-width: 1156px) 100vw, 1156px\" \/><\/a><figcaption id=\"caption-attachment-454059\" class=\"wp-caption-text\">\u00a0<\/figcaption><\/figure>\n","protected":false},"excerpt":{"rendered":"<p>Sonnenuntergang Buggy Fahren EL Gouna zum Beduinendorf und Kamelritt | <strong>Luxus-Abenteuer-W\u00fcstensafari<\/strong>, familienfreundlich mit Kindern, Paaren und Senioren mit privatem Transfer | Polaris RZR-Fahrt.<\/p>\n<p>&nbsp;<\/p>\n","protected":false},"featured_media":395920,"template":"","meta":{"_joinchat":[]},"product_brand":[],"product_cat":[29817],"product_tag":[58687,58693],"class_list":{"0":"post-396081","1":"product","2":"type-product","3":"status-publish","4":"has-post-thumbnail","6":"product_cat-touren","7":"product_tag-buggy-tour-el-gouna-de","8":"product_tag-safari-tour-el-gouna-de","9":"tour_category-el-gouna-ausfluege","10":"tour_category-wuestensafari-in-el-gouna","12":"first","13":"instock","14":"sale","15":"shipping-taxable","16":"purchasable","17":"product-type-tour"},"yoast_head":"<!-- This site is optimized with the Yoast SEO Premium plugin v26.9 (Yoast SEO v27.2) - https:\/\/yoast.com\/product\/yoast-seo-premium-wordpress\/ -->\n<title>Sonnenuntergang Buggy Fahren EL Gouna zum Beduinendorf<\/title>\n<meta name=\"description\" content=\"Sonnenuntergang Buggy Fahren EL Gouna zum Beduinendorf und Kamelritt | Luxus Abenteuer W\u00fcstensafari Familienfreundlich mit Kindern, Paaren und Senioren\" \/>\n<meta name=\"robots\" content=\"index, follow, max-snippet:-1, max-image-preview:large, max-video-preview:-1\" \/>\n<link rel=\"canonical\" href=\"https:\/\/hurghadalovers.com\/de\/tours\/sonnenuntergang-buggy-tour-aus-el-gouna\/\" \/>\n<meta property=\"og:locale\" content=\"de_DE\" \/>\n<meta property=\"og:type\" content=\"article\" \/>\n<meta property=\"og:title\" content=\"Sonnenuntergang Buggy Fahren EL Gouna\" \/>\n<meta property=\"og:description\" content=\"Sonnenuntergang Buggy Fahren EL Gouna zum Beduinendorf und Kamelritt | Luxus Abenteuer W\u00fcstensafari Familienfreundlich mit Kindern, Paaren und Senioren\" \/>\n<meta property=\"og:url\" content=\"https:\/\/hurghadalovers.com\/de\/tours\/sonnenuntergang-buggy-tour-aus-el-gouna\/\" \/>\n<meta property=\"og:site_name\" content=\"Hurghada Excursions &amp; Day Trips | Booking Best Prices Tours\" \/>\n<meta property=\"article:publisher\" content=\"https:\/\/www.facebook.com\/Hurghadaloversegypt\" \/>\n<meta property=\"article:modified_time\" content=\"2026-02-09T17:39:45+00:00\" \/>\n<meta property=\"og:image\" content=\"https:\/\/hurghadalovers.com\/wp-content\/uploads\/2023\/09\/Sunset-Buggy-Tour-from-El-Gouna.jpeg\" \/>\n\t<meta property=\"og:image:width\" content=\"1\" \/>\n\t<meta property=\"og:image:height\" content=\"1\" \/>\n\t<meta property=\"og:image:type\" content=\"image\/jpeg\" \/>\n<meta name=\"twitter:card\" content=\"summary_large_image\" \/>\n<meta name=\"twitter:label1\" content=\"Price\" \/>\n\t<meta name=\"twitter:data1\" content=\"&euro;&nbsp;95\" \/>\n\t<meta name=\"twitter:label2\" content=\"Availability\" \/>\n\t<meta name=\"twitter:data2\" content=\"In stock\" \/>\n<script type=\"application\/ld+json\" class=\"yoast-schema-graph\">{\"@context\":\"https:\/\/schema.org\",\"@graph\":[{\"@type\":[\"WebPage\",\"ItemPage\"],\"@id\":\"https:\/\/hurghadalovers.com\/de\/tours\/sonnenuntergang-buggy-tour-aus-el-gouna\/\",\"url\":\"https:\/\/hurghadalovers.com\/de\/tours\/sonnenuntergang-buggy-tour-aus-el-gouna\/\",\"name\":\"Sonnenuntergang Buggy Fahren EL Gouna zum Beduinendorf\",\"isPartOf\":{\"@id\":\"https:\/\/hurghadalovers.com\/de\/#website\"},\"primaryImageOfPage\":{\"@id\":\"https:\/\/hurghadalovers.com\/de\/tours\/sonnenuntergang-buggy-tour-aus-el-gouna\/#primaryimage\"},\"image\":{\"@id\":\"https:\/\/hurghadalovers.com\/de\/tours\/sonnenuntergang-buggy-tour-aus-el-gouna\/#primaryimage\"},\"thumbnailUrl\":\"https:\/\/hurghadalovers.com\/wp-content\/uploads\/2023\/09\/Sunset-Buggy-Tour-from-El-Gouna.jpeg\",\"datePublished\":\"2023-09-04T09:30:37+00:00\",\"dateModified\":\"2026-02-09T17:39:45+00:00\",\"description\":\"Sonnenuntergang Buggy Fahren EL Gouna zum Beduinendorf und Kamelritt | Luxus Abenteuer W\u00fcstensafari Familienfreundlich mit Kindern, Paaren und Senioren\",\"breadcrumb\":{\"@id\":\"https:\/\/hurghadalovers.com\/de\/tours\/sonnenuntergang-buggy-tour-aus-el-gouna\/#breadcrumb\"},\"inLanguage\":\"de-DE\",\"potentialAction\":[{\"@type\":\"ReadAction\",\"target\":[\"https:\/\/hurghadalovers.com\/de\/tours\/sonnenuntergang-buggy-tour-aus-el-gouna\/\"]}]},{\"@type\":\"ImageObject\",\"inLanguage\":\"de-DE\",\"@id\":\"https:\/\/hurghadalovers.com\/de\/tours\/sonnenuntergang-buggy-tour-aus-el-gouna\/#primaryimage\",\"url\":\"https:\/\/hurghadalovers.com\/wp-content\/uploads\/2023\/09\/Sunset-Buggy-Tour-from-El-Gouna.jpeg\",\"contentUrl\":\"https:\/\/hurghadalovers.com\/wp-content\/uploads\/2023\/09\/Sunset-Buggy-Tour-from-El-Gouna.jpeg\",\"caption\":\"Sonnenuntergangs-Buggy-Tour ab El Gouna\"},{\"@type\":\"BreadcrumbList\",\"@id\":\"https:\/\/hurghadalovers.com\/de\/tours\/sonnenuntergang-buggy-tour-aus-el-gouna\/#breadcrumb\",\"itemListElement\":[{\"@type\":\"ListItem\",\"position\":1,\"name\":\"Home\",\"item\":\"https:\/\/hurghadalovers.com\/de\/\"},{\"@type\":\"ListItem\",\"position\":2,\"name\":\"Shop\",\"item\":\"https:\/\/hurghadalovers.com\/shop\/\"},{\"@type\":\"ListItem\",\"position\":3,\"name\":\"Sonnenuntergang Buggy Fahren EL Gouna\"}]},{\"@type\":\"WebSite\",\"@id\":\"https:\/\/hurghadalovers.com\/de\/#website\",\"url\":\"https:\/\/hurghadalovers.com\/de\/\",\"name\":\"Hurghada Excursions & Day Trips | Booking Best Prices Tours\",\"description\":\"Hurghada Lovers - Best Tour Operator - Excursions &amp; Things to do for Family Day Trips with kids and Couples Romantic. Unique .Hidden gems\",\"publisher\":{\"@id\":\"https:\/\/hurghadalovers.com\/de\/#organization\"},\"alternateName\":\"Hurghada Excursions\",\"potentialAction\":[{\"@type\":\"SearchAction\",\"target\":{\"@type\":\"EntryPoint\",\"urlTemplate\":\"https:\/\/hurghadalovers.com\/de\/?s={search_term_string}\"},\"query-input\":{\"@type\":\"PropertyValueSpecification\",\"valueRequired\":true,\"valueName\":\"search_term_string\"}}],\"inLanguage\":\"de-DE\"},{\"@type\":[\"Organization\",\"Place\",\"TravelAgency\"],\"@id\":\"https:\/\/hurghadalovers.com\/de\/#organization\",\"name\":\"Hurghada Excursions\",\"url\":\"https:\/\/hurghadalovers.com\/de\/\",\"logo\":{\"@id\":\"https:\/\/hurghadalovers.com\/de\/tours\/sonnenuntergang-buggy-tour-aus-el-gouna\/#local-main-organization-logo\"},\"image\":{\"@id\":\"https:\/\/hurghadalovers.com\/de\/tours\/sonnenuntergang-buggy-tour-aus-el-gouna\/#local-main-organization-logo\"},\"sameAs\":[\"https:\/\/www.facebook.com\/Hurghadaloversegypt\"],\"address\":{\"@id\":\"https:\/\/hurghadalovers.com\/de\/tours\/sonnenuntergang-buggy-tour-aus-el-gouna\/#local-main-place-address\"},\"telephone\":[\"00201112596434\"],\"contactPoint\":{\"@type\":\"ContactPoint\",\"telephone\":\"00201112596434\",\"email\":\"weyouface@gmail.com\"},\"openingHoursSpecification\":{\"@type\":\"OpeningHoursSpecification\",\"dayOfWeek\":[\"Monday\",\"Tuesday\",\"Wednesday\",\"Thursday\",\"Friday\",\"Saturday\",\"Sunday\"],\"opens\":\"00:00\",\"closes\":\"23:59\"},\"email\":\"weyouface@gmail.com\",\"areaServed\":\"Luxor, Hurghada, El Gouna, Aswan, Sharm El Sheikh, Giza, Alexandria, Marsa Alam, Quseir, Soma Bay, Sahl Hasheesh, Red Sea, Makadi Bay, Cairo\",\"priceRange\":\"$\",\"currenciesAccepted\":\"euro\",\"paymentAccepted\":\"cash on site\"},{\"@type\":\"PostalAddress\",\"@id\":\"https:\/\/hurghadalovers.com\/de\/tours\/sonnenuntergang-buggy-tour-aus-el-gouna\/#local-main-place-address\",\"streetAddress\":\"17 Banks street, Alkawther area, top nbk bank\",\"addressLocality\":\"hurghada\",\"postalCode\":\"84511\",\"addressRegion\":\"red sea\",\"addressCountry\":\"EG\"},{\"@type\":\"ImageObject\",\"inLanguage\":\"de-DE\",\"@id\":\"https:\/\/hurghadalovers.com\/de\/tours\/sonnenuntergang-buggy-tour-aus-el-gouna\/#local-main-organization-logo\",\"url\":\"https:\/\/hurghadalovers.com\/wp-content\/uploads\/2019\/10\/hurghada-excursions-logo.png\",\"contentUrl\":\"https:\/\/hurghadalovers.com\/wp-content\/uploads\/2019\/10\/hurghada-excursions-logo.png\",\"width\":272,\"height\":90,\"caption\":\"Hurghada Excursions\"}]}<\/script>\n<meta property=\"og:video\" content=\"https:\/\/www.youtube.com\/embed\/UPRA9p8x6yQ\" \/>\n<meta property=\"og:video:type\" content=\"text\/html\" \/>\n<meta property=\"og:video:duration\" content=\"399\" \/>\n<meta property=\"og:video:width\" content=\"480\" \/>\n<meta property=\"og:video:height\" content=\"270\" \/>\n<meta property=\"ya:ovs:adult\" content=\"false\" \/>\n<meta property=\"ya:ovs:upload_date\" content=\"2023-09-04T09:30:37+00:00\" \/>\n<meta property=\"ya:ovs:allow_embed\" content=\"true\" \/>\n<meta property=\"product:brand\" content=\"EL Gouna Ausfl\u00fcge\" \/>\n<meta property=\"product:price:amount\" content=\"95\" \/>\n<meta property=\"product:price:currency\" content=\"EUR\" \/>\n<meta property=\"og:availability\" content=\"instock\" \/>\n<meta property=\"product:availability\" content=\"instock\" \/>\n<meta property=\"product:retailer_item_id\" content=\"Gouna912024\" \/>\n<meta property=\"product:condition\" content=\"new\" \/>\n<meta name=\"geo.placename\" content=\"hurghada\" \/>\n<meta name=\"geo.region\" content=\"Egypt\" \/>\n<!-- \/ Yoast SEO Premium plugin. -->","yoast_head_json":{"title":"Sonnenuntergang Buggy Fahren EL Gouna zum Beduinendorf","description":"Sonnenuntergang Buggy Fahren EL Gouna zum Beduinendorf und Kamelritt | Luxus Abenteuer W\u00fcstensafari Familienfreundlich mit Kindern, Paaren und Senioren","robots":{"index":"index","follow":"follow","max-snippet":"max-snippet:-1","max-image-preview":"max-image-preview:large","max-video-preview":"max-video-preview:-1"},"canonical":"https:\/\/hurghadalovers.com\/de\/tours\/sonnenuntergang-buggy-tour-aus-el-gouna\/","og_locale":"de_DE","og_type":"article","og_title":"Sonnenuntergang Buggy Fahren EL Gouna","og_description":"Sonnenuntergang Buggy Fahren EL Gouna zum Beduinendorf und Kamelritt | Luxus Abenteuer W\u00fcstensafari Familienfreundlich mit Kindern, Paaren und Senioren","og_url":"https:\/\/hurghadalovers.com\/de\/tours\/sonnenuntergang-buggy-tour-aus-el-gouna\/","og_site_name":"Hurghada Excursions &amp; Day Trips | Booking Best Prices Tours","article_publisher":"https:\/\/www.facebook.com\/Hurghadaloversegypt","article_modified_time":"2026-02-09T17:39:45+00:00","og_image":[{"url":"https:\/\/hurghadalovers.com\/wp-content\/uploads\/2023\/09\/Sunset-Buggy-Tour-from-El-Gouna.jpeg","width":1,"height":1,"type":"image\/jpeg"}],"twitter_card":"summary_large_image","twitter_misc":{"Price":"&euro;&nbsp;95","Availability":"In stock"},"schema":{"@context":"https:\/\/schema.org","@graph":[{"@type":["WebPage","ItemPage"],"@id":"https:\/\/hurghadalovers.com\/de\/tours\/sonnenuntergang-buggy-tour-aus-el-gouna\/","url":"https:\/\/hurghadalovers.com\/de\/tours\/sonnenuntergang-buggy-tour-aus-el-gouna\/","name":"Sonnenuntergang Buggy Fahren EL Gouna zum Beduinendorf","isPartOf":{"@id":"https:\/\/hurghadalovers.com\/de\/#website"},"primaryImageOfPage":{"@id":"https:\/\/hurghadalovers.com\/de\/tours\/sonnenuntergang-buggy-tour-aus-el-gouna\/#primaryimage"},"image":{"@id":"https:\/\/hurghadalovers.com\/de\/tours\/sonnenuntergang-buggy-tour-aus-el-gouna\/#primaryimage"},"thumbnailUrl":"https:\/\/hurghadalovers.com\/wp-content\/uploads\/2023\/09\/Sunset-Buggy-Tour-from-El-Gouna.jpeg","datePublished":"2023-09-04T09:30:37+00:00","dateModified":"2026-02-09T17:39:45+00:00","description":"Sonnenuntergang Buggy Fahren EL Gouna zum Beduinendorf und Kamelritt | Luxus Abenteuer W\u00fcstensafari Familienfreundlich mit Kindern, Paaren und Senioren","breadcrumb":{"@id":"https:\/\/hurghadalovers.com\/de\/tours\/sonnenuntergang-buggy-tour-aus-el-gouna\/#breadcrumb"},"inLanguage":"de-DE","potentialAction":[{"@type":"ReadAction","target":["https:\/\/hurghadalovers.com\/de\/tours\/sonnenuntergang-buggy-tour-aus-el-gouna\/"]}]},{"@type":"ImageObject","inLanguage":"de-DE","@id":"https:\/\/hurghadalovers.com\/de\/tours\/sonnenuntergang-buggy-tour-aus-el-gouna\/#primaryimage","url":"https:\/\/hurghadalovers.com\/wp-content\/uploads\/2023\/09\/Sunset-Buggy-Tour-from-El-Gouna.jpeg","contentUrl":"https:\/\/hurghadalovers.com\/wp-content\/uploads\/2023\/09\/Sunset-Buggy-Tour-from-El-Gouna.jpeg","caption":"Sonnenuntergangs-Buggy-Tour ab El Gouna"},{"@type":"BreadcrumbList","@id":"https:\/\/hurghadalovers.com\/de\/tours\/sonnenuntergang-buggy-tour-aus-el-gouna\/#breadcrumb","itemListElement":[{"@type":"ListItem","position":1,"name":"Home","item":"https:\/\/hurghadalovers.com\/de\/"},{"@type":"ListItem","position":2,"name":"Shop","item":"https:\/\/hurghadalovers.com\/shop\/"},{"@type":"ListItem","position":3,"name":"Sonnenuntergang Buggy Fahren EL Gouna"}]},{"@type":"WebSite","@id":"https:\/\/hurghadalovers.com\/de\/#website","url":"https:\/\/hurghadalovers.com\/de\/","name":"Hurghada Excursions & Day Trips | Booking Best Prices Tours","description":"Hurghada Lovers - Best Tour Operator - Excursions &amp; Things to do for Family Day Trips with kids and Couples Romantic. Unique .Hidden gems","publisher":{"@id":"https:\/\/hurghadalovers.com\/de\/#organization"},"alternateName":"Hurghada Excursions","potentialAction":[{"@type":"SearchAction","target":{"@type":"EntryPoint","urlTemplate":"https:\/\/hurghadalovers.com\/de\/?s={search_term_string}"},"query-input":{"@type":"PropertyValueSpecification","valueRequired":true,"valueName":"search_term_string"}}],"inLanguage":"de-DE"},{"@type":["Organization","Place","TravelAgency"],"@id":"https:\/\/hurghadalovers.com\/de\/#organization","name":"Hurghada Excursions","url":"https:\/\/hurghadalovers.com\/de\/","logo":{"@id":"https:\/\/hurghadalovers.com\/de\/tours\/sonnenuntergang-buggy-tour-aus-el-gouna\/#local-main-organization-logo"},"image":{"@id":"https:\/\/hurghadalovers.com\/de\/tours\/sonnenuntergang-buggy-tour-aus-el-gouna\/#local-main-organization-logo"},"sameAs":["https:\/\/www.facebook.com\/Hurghadaloversegypt"],"address":{"@id":"https:\/\/hurghadalovers.com\/de\/tours\/sonnenuntergang-buggy-tour-aus-el-gouna\/#local-main-place-address"},"telephone":["00201112596434"],"contactPoint":{"@type":"ContactPoint","telephone":"00201112596434","email":"weyouface@gmail.com"},"openingHoursSpecification":{"@type":"OpeningHoursSpecification","dayOfWeek":["Monday","Tuesday","Wednesday","Thursday","Friday","Saturday","Sunday"],"opens":"00:00","closes":"23:59"},"email":"weyouface@gmail.com","areaServed":"Luxor, Hurghada, El Gouna, Aswan, Sharm El Sheikh, Giza, Alexandria, Marsa Alam, Quseir, Soma Bay, Sahl Hasheesh, Red Sea, Makadi Bay, Cairo","priceRange":"$","currenciesAccepted":"euro","paymentAccepted":"cash on site"},{"@type":"PostalAddress","@id":"https:\/\/hurghadalovers.com\/de\/tours\/sonnenuntergang-buggy-tour-aus-el-gouna\/#local-main-place-address","streetAddress":"17 Banks street, Alkawther area, top nbk bank","addressLocality":"hurghada","postalCode":"84511","addressRegion":"red sea","addressCountry":"EG"},{"@type":"ImageObject","inLanguage":"de-DE","@id":"https:\/\/hurghadalovers.com\/de\/tours\/sonnenuntergang-buggy-tour-aus-el-gouna\/#local-main-organization-logo","url":"https:\/\/hurghadalovers.com\/wp-content\/uploads\/2019\/10\/hurghada-excursions-logo.png","contentUrl":"https:\/\/hurghadalovers.com\/wp-content\/uploads\/2019\/10\/hurghada-excursions-logo.png","width":272,"height":90,"caption":"Hurghada Excursions"}]},"og_video":"https:\/\/www.youtube.com\/embed\/UPRA9p8x6yQ","og_video_type":"text\/html","og_video_duration":"399","og_video_width":"480","og_video_height":"270","ya_ovs_adult":"false","ya_ovs_upload_date":"2023-09-04T09:30:37+00:00","ya_ovs_allow_embed":"true","product_brand":"EL Gouna Ausfl\u00fcge","product_price_amount":"95","product_price_currency":"EUR","og_availability":"instock","product_availability":"instock","product_retailer_item_id":"Gouna912024","product_condition":"new","geo.placename":"hurghada","geo.region":"Egypt"},"_links":{"self":[{"href":"https:\/\/hurghadalovers.com\/de\/wp-json\/wp\/v2\/product\/396081","targetHints":{"allow":["GET"]}}],"collection":[{"href":"https:\/\/hurghadalovers.com\/de\/wp-json\/wp\/v2\/product"}],"about":[{"href":"https:\/\/hurghadalovers.com\/de\/wp-json\/wp\/v2\/types\/product"}],"wp:featuredmedia":[{"embeddable":true,"href":"https:\/\/hurghadalovers.com\/de\/wp-json\/wp\/v2\/media\/395920"}],"wp:attachment":[{"href":"https:\/\/hurghadalovers.com\/de\/wp-json\/wp\/v2\/media?parent=396081"}],"wp:term":[{"taxonomy":"product_brand","embeddable":true,"href":"https:\/\/hurghadalovers.com\/de\/wp-json\/wp\/v2\/product_brand?post=396081"},{"taxonomy":"product_cat","embeddable":true,"href":"https:\/\/hurghadalovers.com\/de\/wp-json\/wp\/v2\/product_cat?post=396081"},{"taxonomy":"product_tag","embeddable":true,"href":"https:\/\/hurghadalovers.com\/de\/wp-json\/wp\/v2\/product_tag?post=396081"}],"curies":[{"name":"wp","href":"https:\/\/api.w.org\/{rel}","templated":true}]}}