{"id":395249,"date":"2023-09-03T14:25:00","date_gmt":"2023-09-03T14:25:00","guid":{"rendered":"https:\/\/hurghadalovers.com\/shop\/unkategorisiert\/el-gouna-schnellbootvermietung-zur-insel-orange-bay\/"},"modified":"2026-02-09T20:23:23","modified_gmt":"2026-02-09T20:23:23","slug":"el-gouna-schnellboot-verleih-zur-orange-bay-insel","status":"publish","type":"product","link":"https:\/\/hurghadalovers.com\/de\/tours\/el-gouna-schnellboot-verleih-zur-orange-bay-insel\/","title":{"rendered":"EL Gouna Schnellbootverleih zur Orange Bay Insel"},"content":{"rendered":"<p><strong>EL Gouna Schnellbootverleih zur Orange Bay Insel | Privater Jetbootverleih &#8211; Speedboot-Abenteuer <\/strong>mit Tickets, Schnorcheln und Transfer.<\/p>\n<p>Genie\u00dfen Sie einen besonderen Tag und ein einzigartiges Erlebnis mit mehr <strong>Privatsph\u00e4re<\/strong> und <strong>Luxus<\/strong>, und fahren Sie mit Familie und Freunden zu den sch\u00f6nsten Str\u00e4nden von <strong>Giftun Insel<\/strong>\u00a0und schwimmen Sie an den sch\u00f6nsten Stellen der <strong>Korallenriffe<\/strong>.<\/p>\n<p>Wir bieten Buchung nur private Schnellbootvermietung zu <strong>Orange Bay Insel<\/strong>\u00a0mit Tickets und genie\u00dfen Sie den Strand f\u00fcr 4-5 Stunden und zur\u00fcck.<\/p>\n<p>&nbsp;<\/p>\n<p><strong>H\u00f6hepunkte:<\/strong><\/p>\n<ul>\n<li>ein Spot Schnorcheln Hausriff.<\/li>\n<li>2-5 Stunden am Orange Bay <strong>Insel<\/strong>.<\/li>\n<\/ul>\n<p><strong>Einzelheiten:<\/strong><\/p>\n<ul>\n<li>Verf\u00fcgbarkeit der Tour: Jeden Tag.<\/li>\n<li>Art der Tour: Privat.<\/li>\n<li>Abholzeit: Ab 07:30 Uhr oder ab 12:30 Uhr.<\/li>\n<li>Abholzeit: 13:00 oder 18:00 Uhr.<\/li>\n<li>F\u00fcr Rollstuhlfahrer zug\u00e4nglich.<\/li>\n<li>Dauer: 4 Std.<\/li>\n<\/ul>\n<p><strong>Jetzt reservieren und sp\u00e4ter bezahlen:<\/strong><\/p>\n<ul>\n<li>Bargeld vor Ort zu f\u00fchren.<\/li>\n<li>Zahlung in \u00e4gyptischen Pfund, $, \u20ac oder \u00a3.<\/li>\n<\/ul>\n<p><strong>Stornierungsbedingungen:<\/strong><\/p>\n<ul>\n<li>Sie k\u00f6nnen bis zu 24 Stunden im Voraus stornieren.<\/li>\n<li>Wenn jemand aus Ihrer Familie den Vormittag absagt, zahlen Sie 50 % der Kosten.<\/li>\n<\/ul>\n<p><strong>Was ist inbegriffen?<\/strong><\/p>\n<ul>\n<li>Transfer von El Gouna Hotels &#8220;Hotel abholen und zur\u00fcckbringen&#8221;.<\/li>\n<li>Alle Steuern, Eintrittsgelder und Bearbeitungsgeb\u00fchren.<\/li>\n<li>Mineralwasser + Cola.<\/li>\n<li>ein Schnorchelplatz.<\/li>\n<li>Schnorchelausr\u00fcstung &#8220;Masken und Schwimmflossen&#8221;.<\/li>\n<li>2-5 Stunden am <strong>Orange Bay Insel<\/strong>.<\/li>\n<\/ul>\n<p><strong>Ausnahmen?<\/strong><\/p>\n<ul>\n<li>Trinkgeld.<\/li>\n<li>Drinks im Orange Bay Restaurant <strong>Insel<\/strong>.<\/li>\n<li>Alle nicht erw\u00e4hnten Extras.<\/li>\n<\/ul>\n<p><strong>Preise:<\/strong><\/p>\n<ul>\n<li>Schnellbootmiete zur Orange Bay Insel mit Tickets &#8220;2 Personen&#8221; und Transfer = 220$<\/li>\n<li>Schnellbootmiete zur Orange Bay <strong>Insel<\/strong> mit Tickets &#8220;2 Personen&#8221;, Schnorcheln und Transfer = 270$<\/li>\n<li><strong>Bis 2 Personen Extra Ticket = 5$ pro Person.<\/strong><\/li>\n<\/ul>\n<p>&nbsp;<\/p>\n<p><strong>Bewertungen:<\/strong><\/p>\n<p>\u00fcberpr\u00fcfen Sie unsere Google Map Bewertungen als bester <a href=\"https:\/\/g.page\/r\/CUeYvkngP3wkEBM\/review\">Reiseveranstalter in Hurghada<\/a> online in <a href=\"https:\/\/hurghadalovers.com\/\">Hurghada<\/a> \u00c4gypten.<\/p>\n<p>&nbsp;<\/p>\n<p><strong>Reservierung:<\/strong><\/p>\n<p>Senden Sie Hotel + Zimmernummer + Fotop\u00e4sse an WhatsApp: <strong>+201112596434<\/strong><\/p>\n<p>Wenn Sie aus \u00c4gypten Buchen Sie jetzt online und best\u00e4tigen Sie bei der Ankunft Hotel.<\/p>\n<p>Pr\u00fcfen <a href=\"https:\/\/hurghadalovers.com\/de\/tour-category\/el-gouna-ausfluege\/\"><strong>EL Gouna Ausfl\u00fcge<\/strong><\/a> &#8211; <a href=\"https:\/\/hurghadalovers.com\/de\/tour-category\/el-gouna-schnorcheln\/\"><strong>Schnorcheln in El Gouna<\/strong><\/a>:<\/p>\n<ul>\n<li><a href=\"https:\/\/hurghadalovers.com\/de\/tours\/orange-bay-island-schnorchelausflug-ab-el-gouna\/\">Orange Bay Insel EL Gouna Schnorcheln Ausflug<\/a><\/li>\n<li><a href=\"https:\/\/hurghadalovers.com\/de\/tours\/paradiesische-insel-schnorcheln-reise-ab-el-gouna\/\">Paradise Insel EL Gouna Schnorcheln Ausflug<\/a><\/li>\n<li><a href=\"https:\/\/hurghadalovers.com\/de\/tours\/el-gouna-delphinhaus-schnorcheln-tagesausflug\/\">Delfin Tour EL Gouna<\/a> | Schnorcheln mit delfinen<\/li>\n<li><a href=\"https:\/\/hurghadalovers.com\/de\/tours\/luxus-orange-bay-insel-reise-ab-el-gouna\/\">Luxus-Bootsfahrt zur Orange Bay Insel von EL Gouna<\/a> | VIP Elite Ausflug<\/li>\n<li><a href=\"https:\/\/hurghadalovers.com\/de\/tours\/piraten-segelboot-zur-orange-bucht-insel-von-el-gouna\/\">Piraten-Segelboot zur Orangenbucht Insel von EL Gouna<\/a> Ausflug<\/li>\n<li><strong><a href=\"https:\/\/hurghadalovers.com\/de\/tours\/el-gouna-bootcharter-nach-orange-bay-island\/\">EL Gouna Bootsverleih zur Orange Bay Insel<\/a><\/strong> | Privater Boot mieten<\/li>\n<li><a href=\"https:\/\/hurghadalovers.com\/de\/tours\/el-gouna-bootcharter-zur-paradies-insel\/\">EL Gouna Bootsverleih zur Paradise Insel<\/a><\/li>\n<li><a href=\"https:\/\/hurghadalovers.com\/de\/tours\/el-gouna-bootcharter-zum-delfinhaus\/\">EL Gouna Bootsverleih zur Schnorcheln mit delfinen<\/a><\/li>\n<li><strong>EL Gouna Schnellbootverleih zur Orange Bay Insel<\/strong> | Privater Jetbootverleih &#8211; Speedboot-Abenteuer<\/li>\n<li><a href=\"https:\/\/hurghadalovers.com\/de\/tours\/el-gouna-schnellboot-vermietung-zur-paradies-insel\/\">EL Gouna Schnellbootverleih zur Paradise Insel<\/a><\/li>\n<li><a href=\"https:\/\/hurghadalovers.com\/de\/tours\/el-gouna-schnellboot-verleih-zur-orange-bay-paradies-insel\/\">EL Gouna Schnellbootverleih zur Orange Bay &amp; Paradise Insel<\/a><\/li>\n<li><a href=\"https:\/\/hurghadalovers.com\/de\/tours\/el-gouna-schnellboot-vermietung-zum-delfinhaus\/\">EL Gouna Schnellbootverleih zur Schnorcheln mit delfinen<\/a><\/li>\n<li><a href=\"https:\/\/hurghadalovers.com\/de\/tours\/el-gouna-schnellboot-vermietung-zum-delfinhaus-orange-bay-insel\/\">EL Gouna Schnellbootverleih zur Orange bay Insel &amp; Schnorcheln mit delfinen<\/a><\/li>\n<li><a href=\"https:\/\/hurghadalovers.com\/de\/tours\/el-gouna-schnellboot-vermietung-zur-delfinhaus-paradies-insel\/\">EL Gouna Schnellbootverleih zur Paradise Insel &amp; Schnorcheln mit delfinen<\/a><\/li>\n<li><a href=\"https:\/\/hurghadalovers.com\/de\/tours\/el-gouna-schnellboot-vermietung-nach-eden-inseln\/\">EL Gouna Schnellbootverleih zur Eden Insel<\/a><\/li>\n<li><a href=\"https:\/\/hurghadalovers.com\/de\/tours\/el-gouna-schnorcheln-boote-ausflug\/\">Bootsfahrten und Schnorcheln von EL Gouna<\/a><\/li>\n<li><a href=\"https:\/\/hurghadalovers.com\/de\/tours\/el-gouna-tauchen-boot-ausflug-fur-anfanger\/\">Tauchbootausflug f\u00fcr Anf\u00e4nger ab EL Gouna<\/a><\/li>\n<li><a href=\"https:\/\/hurghadalovers.com\/de\/tours\/tauchboot-tagesausflug-ab-el-gouna\/\">T\u00e4gliche Tauchfahrten f\u00fcr Fortgeschrittene ab EL Gouna<\/a><\/li>\n<li><a href=\"https:\/\/hurghadalovers.com\/de\/tours\/padi-offenwasser-tauchkurs-in-el-gouna\/\">EL Gouna PADI Open Water Diver Kurs<\/a> | Kurse F\u00fcr Das Tauchen<\/li>\n<\/ul>\n<p>&nbsp;<\/p>\n","protected":false},"excerpt":{"rendered":"<p><strong>EL Gouna Schnellbootverleih zur Orange Bay Insel | Privater Jetbootverleih &#8211; Speedboot-Abenteuer <\/strong>mit Tickets, Schnorcheln und Transfer.. Genie\u00dfen Sie einen besonderen Tag und ein einzigartiges Erlebnis mit mehr <strong>Privatsph\u00e4re<\/strong> und <strong>Luxus<\/strong><\/p>\n","protected":false},"featured_media":395428,"template":"","meta":{"_joinchat":[]},"product_brand":[],"product_cat":[29817],"product_tag":[58629,58616,58635,58622,58609],"class_list":{"0":"post-395249","1":"product","2":"type-product","3":"status-publish","4":"has-post-thumbnail","6":"product_cat-touren","7":"product_tag-bootsverleih-el-gouna","8":"product_tag-el-gouna-bootscharter","9":"product_tag-el-gouna-private-bootsfahrt","10":"product_tag-privatboot-el-gouna","11":"product_tag-schnellboot-el-gouna","12":"tour_category-el-gouna-ausfluege","13":"tour_category-el-gouna-schnorcheln","15":"first","16":"instock","17":"sale","18":"shipping-taxable","19":"purchasable","20":"product-type-tour"},"yoast_head":"<!-- This site is optimized with the Yoast SEO Premium plugin v26.9 (Yoast SEO v27.2) - https:\/\/yoast.com\/product\/yoast-seo-premium-wordpress\/ -->\n<title>EL Gouna Schnellbootverleih zur Orange Bay Insel<\/title>\n<meta name=\"description\" content=\"EL Gouna Schnellbootverleih zur Orange Bay Insel | Privater Jetbootverleih - Speedboot-Abenteuer mit Tickets, Schnorcheln und Transfer.\" \/>\n<meta name=\"robots\" content=\"index, follow, max-snippet:-1, max-image-preview:large, max-video-preview:-1\" \/>\n<link rel=\"canonical\" href=\"https:\/\/hurghadalovers.com\/de\/tours\/el-gouna-schnellboot-verleih-zur-orange-bay-insel\/\" \/>\n<meta property=\"og:locale\" content=\"de_DE\" \/>\n<meta property=\"og:type\" content=\"article\" \/>\n<meta property=\"og:title\" content=\"EL Gouna Schnellbootverleih zur Orange Bay Insel\" \/>\n<meta property=\"og:description\" content=\"EL Gouna Schnellbootverleih zur Orange Bay Insel | Privater Jetbootverleih - Speedboot-Abenteuer mit Tickets, Schnorcheln und Transfer.\" \/>\n<meta property=\"og:url\" content=\"https:\/\/hurghadalovers.com\/de\/tours\/el-gouna-schnellboot-verleih-zur-orange-bay-insel\/\" \/>\n<meta property=\"og:site_name\" content=\"Hurghada Excursions &amp; Day Trips | Booking Best Prices Tours\" \/>\n<meta property=\"article:publisher\" content=\"https:\/\/www.facebook.com\/Hurghadaloversegypt\" \/>\n<meta property=\"article:modified_time\" content=\"2026-02-09T20:23:23+00:00\" \/>\n<meta property=\"og:image\" content=\"https:\/\/hurghadalovers.com\/wp-content\/uploads\/2023\/09\/El-Gouna-Speedboat-Rental-to-Paradise-Island.jpeg\" \/>\n\t<meta property=\"og:image:width\" content=\"1156\" \/>\n\t<meta property=\"og:image:height\" content=\"867\" \/>\n\t<meta property=\"og:image:type\" content=\"image\/jpeg\" \/>\n<meta name=\"twitter:card\" content=\"summary_large_image\" \/>\n<meta name=\"twitter:label1\" content=\"Price\" \/>\n\t<meta name=\"twitter:data1\" content=\"&euro;&nbsp;240\" \/>\n\t<meta name=\"twitter:label2\" content=\"Availability\" \/>\n\t<meta name=\"twitter:data2\" content=\"In stock\" \/>\n<script type=\"application\/ld+json\" class=\"yoast-schema-graph\">{\"@context\":\"https:\/\/schema.org\",\"@graph\":[{\"@type\":[\"WebPage\",\"ItemPage\"],\"@id\":\"https:\/\/hurghadalovers.com\/de\/tours\/el-gouna-schnellboot-verleih-zur-orange-bay-insel\/\",\"url\":\"https:\/\/hurghadalovers.com\/de\/tours\/el-gouna-schnellboot-verleih-zur-orange-bay-insel\/\",\"name\":\"EL Gouna Schnellbootverleih zur Orange Bay Insel\",\"isPartOf\":{\"@id\":\"https:\/\/hurghadalovers.com\/de\/#website\"},\"primaryImageOfPage\":{\"@id\":\"https:\/\/hurghadalovers.com\/de\/tours\/el-gouna-schnellboot-verleih-zur-orange-bay-insel\/#primaryimage\"},\"image\":{\"@id\":\"https:\/\/hurghadalovers.com\/de\/tours\/el-gouna-schnellboot-verleih-zur-orange-bay-insel\/#primaryimage\"},\"thumbnailUrl\":\"https:\/\/hurghadalovers.com\/wp-content\/uploads\/2023\/09\/El-Gouna-Speedboat-Rental-to-Paradise-Island.jpeg\",\"datePublished\":\"2023-09-03T14:25:00+00:00\",\"dateModified\":\"2026-02-09T20:23:23+00:00\",\"description\":\"EL Gouna Schnellbootverleih zur Orange Bay Insel | Privater Jetbootverleih - Speedboot-Abenteuer mit Tickets, Schnorcheln und Transfer.\",\"breadcrumb\":{\"@id\":\"https:\/\/hurghadalovers.com\/de\/tours\/el-gouna-schnellboot-verleih-zur-orange-bay-insel\/#breadcrumb\"},\"inLanguage\":\"de-DE\",\"potentialAction\":[{\"@type\":\"ReadAction\",\"target\":[\"https:\/\/hurghadalovers.com\/de\/tours\/el-gouna-schnellboot-verleih-zur-orange-bay-insel\/\"]}]},{\"@type\":\"ImageObject\",\"inLanguage\":\"de-DE\",\"@id\":\"https:\/\/hurghadalovers.com\/de\/tours\/el-gouna-schnellboot-verleih-zur-orange-bay-insel\/#primaryimage\",\"url\":\"https:\/\/hurghadalovers.com\/wp-content\/uploads\/2023\/09\/El-Gouna-Speedboat-Rental-to-Paradise-Island.jpeg\",\"contentUrl\":\"https:\/\/hurghadalovers.com\/wp-content\/uploads\/2023\/09\/El-Gouna-Speedboat-Rental-to-Paradise-Island.jpeg\",\"width\":1156,\"height\":867,\"caption\":\"El Gouna Schnellbootvermietung zur Paradiesinsel\"},{\"@type\":\"BreadcrumbList\",\"@id\":\"https:\/\/hurghadalovers.com\/de\/tours\/el-gouna-schnellboot-verleih-zur-orange-bay-insel\/#breadcrumb\",\"itemListElement\":[{\"@type\":\"ListItem\",\"position\":1,\"name\":\"Home\",\"item\":\"https:\/\/hurghadalovers.com\/de\/\"},{\"@type\":\"ListItem\",\"position\":2,\"name\":\"Shop\",\"item\":\"https:\/\/hurghadalovers.com\/shop\/\"},{\"@type\":\"ListItem\",\"position\":3,\"name\":\"EL Gouna Schnellbootverleih zur Orange Bay Insel\"}]},{\"@type\":\"WebSite\",\"@id\":\"https:\/\/hurghadalovers.com\/de\/#website\",\"url\":\"https:\/\/hurghadalovers.com\/de\/\",\"name\":\"Hurghada Excursions & Day Trips | Booking Best Prices Tours\",\"description\":\"Hurghada Lovers - Best Tour Operator - Excursions &amp; Things to do for Family Day Trips with kids and Couples Romantic. Unique .Hidden gems\",\"publisher\":{\"@id\":\"https:\/\/hurghadalovers.com\/de\/#organization\"},\"alternateName\":\"Hurghada Excursions\",\"potentialAction\":[{\"@type\":\"SearchAction\",\"target\":{\"@type\":\"EntryPoint\",\"urlTemplate\":\"https:\/\/hurghadalovers.com\/de\/?s={search_term_string}\"},\"query-input\":{\"@type\":\"PropertyValueSpecification\",\"valueRequired\":true,\"valueName\":\"search_term_string\"}}],\"inLanguage\":\"de-DE\"},{\"@type\":[\"Organization\",\"Place\",\"TravelAgency\"],\"@id\":\"https:\/\/hurghadalovers.com\/de\/#organization\",\"name\":\"Hurghada Excursions\",\"url\":\"https:\/\/hurghadalovers.com\/de\/\",\"logo\":{\"@id\":\"https:\/\/hurghadalovers.com\/de\/tours\/el-gouna-schnellboot-verleih-zur-orange-bay-insel\/#local-main-organization-logo\"},\"image\":{\"@id\":\"https:\/\/hurghadalovers.com\/de\/tours\/el-gouna-schnellboot-verleih-zur-orange-bay-insel\/#local-main-organization-logo\"},\"sameAs\":[\"https:\/\/www.facebook.com\/Hurghadaloversegypt\"],\"address\":{\"@id\":\"https:\/\/hurghadalovers.com\/de\/tours\/el-gouna-schnellboot-verleih-zur-orange-bay-insel\/#local-main-place-address\"},\"telephone\":[\"00201112596434\"],\"contactPoint\":{\"@type\":\"ContactPoint\",\"telephone\":\"00201112596434\",\"email\":\"weyouface@gmail.com\"},\"openingHoursSpecification\":{\"@type\":\"OpeningHoursSpecification\",\"dayOfWeek\":[\"Monday\",\"Tuesday\",\"Wednesday\",\"Thursday\",\"Friday\",\"Saturday\",\"Sunday\"],\"opens\":\"00:00\",\"closes\":\"23:59\"},\"email\":\"weyouface@gmail.com\",\"areaServed\":\"Luxor, Hurghada, El Gouna, Aswan, Sharm El Sheikh, Giza, Alexandria, Marsa Alam, Quseir, Soma Bay, Sahl Hasheesh, Red Sea, Makadi Bay, Cairo\",\"priceRange\":\"$\",\"currenciesAccepted\":\"euro\",\"paymentAccepted\":\"cash on site\"},{\"@type\":\"PostalAddress\",\"@id\":\"https:\/\/hurghadalovers.com\/de\/tours\/el-gouna-schnellboot-verleih-zur-orange-bay-insel\/#local-main-place-address\",\"streetAddress\":\"17 Banks street, Alkawther area, top nbk bank\",\"addressLocality\":\"hurghada\",\"postalCode\":\"84511\",\"addressRegion\":\"red sea\",\"addressCountry\":\"EG\"},{\"@type\":\"ImageObject\",\"inLanguage\":\"de-DE\",\"@id\":\"https:\/\/hurghadalovers.com\/de\/tours\/el-gouna-schnellboot-verleih-zur-orange-bay-insel\/#local-main-organization-logo\",\"url\":\"https:\/\/hurghadalovers.com\/wp-content\/uploads\/2019\/10\/hurghada-excursions-logo.png\",\"contentUrl\":\"https:\/\/hurghadalovers.com\/wp-content\/uploads\/2019\/10\/hurghada-excursions-logo.png\",\"width\":272,\"height\":90,\"caption\":\"Hurghada Excursions\"}]}<\/script>\n<meta property=\"product:brand\" content=\"EL Gouna Ausfl\u00fcge\" \/>\n<meta property=\"product:price:amount\" content=\"240\" \/>\n<meta property=\"product:price:currency\" content=\"EUR\" \/>\n<meta property=\"og:availability\" content=\"instock\" \/>\n<meta property=\"product:availability\" content=\"instock\" \/>\n<meta property=\"product:retailer_item_id\" content=\"Gouna632024\" \/>\n<meta property=\"product:condition\" content=\"new\" \/>\n<meta name=\"geo.placename\" content=\"hurghada\" \/>\n<meta name=\"geo.region\" content=\"Egypt\" \/>\n<!-- \/ Yoast SEO Premium plugin. -->","yoast_head_json":{"title":"EL Gouna Schnellbootverleih zur Orange Bay Insel","description":"EL Gouna Schnellbootverleih zur Orange Bay Insel | Privater Jetbootverleih - Speedboot-Abenteuer mit Tickets, Schnorcheln und Transfer.","robots":{"index":"index","follow":"follow","max-snippet":"max-snippet:-1","max-image-preview":"max-image-preview:large","max-video-preview":"max-video-preview:-1"},"canonical":"https:\/\/hurghadalovers.com\/de\/tours\/el-gouna-schnellboot-verleih-zur-orange-bay-insel\/","og_locale":"de_DE","og_type":"article","og_title":"EL Gouna Schnellbootverleih zur Orange Bay Insel","og_description":"EL Gouna Schnellbootverleih zur Orange Bay Insel | Privater Jetbootverleih - Speedboot-Abenteuer mit Tickets, Schnorcheln und Transfer.","og_url":"https:\/\/hurghadalovers.com\/de\/tours\/el-gouna-schnellboot-verleih-zur-orange-bay-insel\/","og_site_name":"Hurghada Excursions &amp; Day Trips | Booking Best Prices Tours","article_publisher":"https:\/\/www.facebook.com\/Hurghadaloversegypt","article_modified_time":"2026-02-09T20:23:23+00:00","og_image":[{"width":1156,"height":867,"url":"https:\/\/hurghadalovers.com\/wp-content\/uploads\/2023\/09\/El-Gouna-Speedboat-Rental-to-Paradise-Island.jpeg","type":"image\/jpeg"}],"twitter_card":"summary_large_image","twitter_misc":{"Price":"&euro;&nbsp;240","Availability":"In stock"},"schema":{"@context":"https:\/\/schema.org","@graph":[{"@type":["WebPage","ItemPage"],"@id":"https:\/\/hurghadalovers.com\/de\/tours\/el-gouna-schnellboot-verleih-zur-orange-bay-insel\/","url":"https:\/\/hurghadalovers.com\/de\/tours\/el-gouna-schnellboot-verleih-zur-orange-bay-insel\/","name":"EL Gouna Schnellbootverleih zur Orange Bay Insel","isPartOf":{"@id":"https:\/\/hurghadalovers.com\/de\/#website"},"primaryImageOfPage":{"@id":"https:\/\/hurghadalovers.com\/de\/tours\/el-gouna-schnellboot-verleih-zur-orange-bay-insel\/#primaryimage"},"image":{"@id":"https:\/\/hurghadalovers.com\/de\/tours\/el-gouna-schnellboot-verleih-zur-orange-bay-insel\/#primaryimage"},"thumbnailUrl":"https:\/\/hurghadalovers.com\/wp-content\/uploads\/2023\/09\/El-Gouna-Speedboat-Rental-to-Paradise-Island.jpeg","datePublished":"2023-09-03T14:25:00+00:00","dateModified":"2026-02-09T20:23:23+00:00","description":"EL Gouna Schnellbootverleih zur Orange Bay Insel | Privater Jetbootverleih - Speedboot-Abenteuer mit Tickets, Schnorcheln und Transfer.","breadcrumb":{"@id":"https:\/\/hurghadalovers.com\/de\/tours\/el-gouna-schnellboot-verleih-zur-orange-bay-insel\/#breadcrumb"},"inLanguage":"de-DE","potentialAction":[{"@type":"ReadAction","target":["https:\/\/hurghadalovers.com\/de\/tours\/el-gouna-schnellboot-verleih-zur-orange-bay-insel\/"]}]},{"@type":"ImageObject","inLanguage":"de-DE","@id":"https:\/\/hurghadalovers.com\/de\/tours\/el-gouna-schnellboot-verleih-zur-orange-bay-insel\/#primaryimage","url":"https:\/\/hurghadalovers.com\/wp-content\/uploads\/2023\/09\/El-Gouna-Speedboat-Rental-to-Paradise-Island.jpeg","contentUrl":"https:\/\/hurghadalovers.com\/wp-content\/uploads\/2023\/09\/El-Gouna-Speedboat-Rental-to-Paradise-Island.jpeg","width":1156,"height":867,"caption":"El Gouna Schnellbootvermietung zur Paradiesinsel"},{"@type":"BreadcrumbList","@id":"https:\/\/hurghadalovers.com\/de\/tours\/el-gouna-schnellboot-verleih-zur-orange-bay-insel\/#breadcrumb","itemListElement":[{"@type":"ListItem","position":1,"name":"Home","item":"https:\/\/hurghadalovers.com\/de\/"},{"@type":"ListItem","position":2,"name":"Shop","item":"https:\/\/hurghadalovers.com\/shop\/"},{"@type":"ListItem","position":3,"name":"EL Gouna Schnellbootverleih zur Orange Bay Insel"}]},{"@type":"WebSite","@id":"https:\/\/hurghadalovers.com\/de\/#website","url":"https:\/\/hurghadalovers.com\/de\/","name":"Hurghada Excursions & Day Trips | Booking Best Prices Tours","description":"Hurghada Lovers - Best Tour Operator - Excursions &amp; Things to do for Family Day Trips with kids and Couples Romantic. Unique .Hidden gems","publisher":{"@id":"https:\/\/hurghadalovers.com\/de\/#organization"},"alternateName":"Hurghada Excursions","potentialAction":[{"@type":"SearchAction","target":{"@type":"EntryPoint","urlTemplate":"https:\/\/hurghadalovers.com\/de\/?s={search_term_string}"},"query-input":{"@type":"PropertyValueSpecification","valueRequired":true,"valueName":"search_term_string"}}],"inLanguage":"de-DE"},{"@type":["Organization","Place","TravelAgency"],"@id":"https:\/\/hurghadalovers.com\/de\/#organization","name":"Hurghada Excursions","url":"https:\/\/hurghadalovers.com\/de\/","logo":{"@id":"https:\/\/hurghadalovers.com\/de\/tours\/el-gouna-schnellboot-verleih-zur-orange-bay-insel\/#local-main-organization-logo"},"image":{"@id":"https:\/\/hurghadalovers.com\/de\/tours\/el-gouna-schnellboot-verleih-zur-orange-bay-insel\/#local-main-organization-logo"},"sameAs":["https:\/\/www.facebook.com\/Hurghadaloversegypt"],"address":{"@id":"https:\/\/hurghadalovers.com\/de\/tours\/el-gouna-schnellboot-verleih-zur-orange-bay-insel\/#local-main-place-address"},"telephone":["00201112596434"],"contactPoint":{"@type":"ContactPoint","telephone":"00201112596434","email":"weyouface@gmail.com"},"openingHoursSpecification":{"@type":"OpeningHoursSpecification","dayOfWeek":["Monday","Tuesday","Wednesday","Thursday","Friday","Saturday","Sunday"],"opens":"00:00","closes":"23:59"},"email":"weyouface@gmail.com","areaServed":"Luxor, Hurghada, El Gouna, Aswan, Sharm El Sheikh, Giza, Alexandria, Marsa Alam, Quseir, Soma Bay, Sahl Hasheesh, Red Sea, Makadi Bay, Cairo","priceRange":"$","currenciesAccepted":"euro","paymentAccepted":"cash on site"},{"@type":"PostalAddress","@id":"https:\/\/hurghadalovers.com\/de\/tours\/el-gouna-schnellboot-verleih-zur-orange-bay-insel\/#local-main-place-address","streetAddress":"17 Banks street, Alkawther area, top nbk bank","addressLocality":"hurghada","postalCode":"84511","addressRegion":"red sea","addressCountry":"EG"},{"@type":"ImageObject","inLanguage":"de-DE","@id":"https:\/\/hurghadalovers.com\/de\/tours\/el-gouna-schnellboot-verleih-zur-orange-bay-insel\/#local-main-organization-logo","url":"https:\/\/hurghadalovers.com\/wp-content\/uploads\/2019\/10\/hurghada-excursions-logo.png","contentUrl":"https:\/\/hurghadalovers.com\/wp-content\/uploads\/2019\/10\/hurghada-excursions-logo.png","width":272,"height":90,"caption":"Hurghada Excursions"}]},"product_brand":"EL Gouna Ausfl\u00fcge","product_price_amount":"240","product_price_currency":"EUR","og_availability":"instock","product_availability":"instock","product_retailer_item_id":"Gouna632024","product_condition":"new","geo.placename":"hurghada","geo.region":"Egypt"},"_links":{"self":[{"href":"https:\/\/hurghadalovers.com\/de\/wp-json\/wp\/v2\/product\/395249","targetHints":{"allow":["GET"]}}],"collection":[{"href":"https:\/\/hurghadalovers.com\/de\/wp-json\/wp\/v2\/product"}],"about":[{"href":"https:\/\/hurghadalovers.com\/de\/wp-json\/wp\/v2\/types\/product"}],"wp:featuredmedia":[{"embeddable":true,"href":"https:\/\/hurghadalovers.com\/de\/wp-json\/wp\/v2\/media\/395428"}],"wp:attachment":[{"href":"https:\/\/hurghadalovers.com\/de\/wp-json\/wp\/v2\/media?parent=395249"}],"wp:term":[{"taxonomy":"product_brand","embeddable":true,"href":"https:\/\/hurghadalovers.com\/de\/wp-json\/wp\/v2\/product_brand?post=395249"},{"taxonomy":"product_cat","embeddable":true,"href":"https:\/\/hurghadalovers.com\/de\/wp-json\/wp\/v2\/product_cat?post=395249"},{"taxonomy":"product_tag","embeddable":true,"href":"https:\/\/hurghadalovers.com\/de\/wp-json\/wp\/v2\/product_tag?post=395249"}],"curies":[{"name":"wp","href":"https:\/\/api.w.org\/{rel}","templated":true}]}}