{"id":394945,"date":"2023-09-03T11:58:29","date_gmt":"2023-09-03T12:01:59","guid":{"rendered":"https:\/\/hurghadalovers.com\/shop\/unkategorisiert\/el-gouna-private-tagestour-nach-dendera\/"},"modified":"2026-02-08T17:11:03","modified_gmt":"2026-02-08T17:11:03","slug":"el-gouna-privater-tagesausflug-nach-dendera","status":"publish","type":"product","link":"https:\/\/hurghadalovers.com\/de\/tours\/el-gouna-privater-tagesausflug-nach-dendera\/","title":{"rendered":"Privater Tagesausflug nach Dendera von EL Gouna"},"content":{"rendered":"<p><strong>Privater Tagesausflug nach Dendera von EL Gouna<\/strong> mit privatem F\u00fchrer, Eintrittskarten und Mittagessen.<\/p>\n<p>Eine kurze 9-st\u00fcndige Tagestour zur Entdeckung der Wunder und Geheimnisse beim Bau des <strong>Dendera-Tempels<\/strong> durch die Pharaonen, historische Fakten \u00fcber Inschriften, Graffiti und mehr.<\/p>\n<p style=\"text-align: center;\">\u00a0Entdecken Sie die Geheimnisse der <a href=\"https:\/\/hurghadalovers.com\/de\/pharaonen-koenige-aegypten\/\"><strong>Pharaonen<\/strong><\/a> im alten \u00c4gypten.<\/p>\n<p><strong>H\u00f6hepunkte:<\/strong><\/p>\n<ul>\n<li>Der Tempel der Hathor.<\/li>\n<li><a href=\"https:\/\/hurghadalovers.com\/de\/tempel-von-dendera-qena-aegypten\/\">Tempel von Dendera<\/a><\/li>\n<li>Der Tierkreis von Dendera.<\/li>\n<li>Der \u00e4gyptische Kalender.<\/li>\n<li>Die geheimnisvollen Krypten.<\/li>\n<li>Kleopatra VII.<\/li>\n<li>Mittagessen im Restaurant &#8220;Vegetarisches Essen ist m\u00f6glich&#8221;.<\/li>\n<\/ul>\n<p><strong>Privater Tagesausflug nach Dendera von EL Gouna Einzelheiten:<\/strong><\/p>\n<ul>\n<li>Verf\u00fcgbarkeit der Tour: Jeden Tag.<\/li>\n<li>Art der Tour: Privat mit Auto oder Minivan.<\/li>\n<li>Abholzeit: Ab 05:30 Uhr morgens.<\/li>\n<li>Asking Hotel erhalten Sie Ihr Fr\u00fchst\u00fcck Tasche mit Ihnen Morgen.<\/li>\n<li>Abholzeit: 16:00 Uhr.<\/li>\n<li>F\u00fcr Rollstuhlfahrer zug\u00e4nglich.<\/li>\n<li>Dauer: 10 Std.<\/li>\n<\/ul>\n<p><strong>Jetzt reservieren und sp\u00e4ter bezahlen:<\/strong><\/p>\n<ul>\n<li>Bargeld vor Ort zu f\u00fchren.<\/li>\n<li>Zahlung in \u00e4gyptischen Pfund, $, \u20ac oder \u00a3.<\/li>\n<\/ul>\n<p><strong>Stornierungsbedingungen:<\/strong><\/p>\n<ul>\n<li>Sie k\u00f6nnen bis zu 24 Stunden im Voraus stornieren.<\/li>\n<li>Wenn jemand aus Ihrer Familie den Vormittag absagt, zahlen Sie 50 % der Kosten.<\/li>\n<\/ul>\n<p><strong>Was ist inbegriffen?<\/strong><\/p>\n<ul>\n<li>Transfer von El Gouna Hotels &#8220;Hotel abholen und zur\u00fcckbringen&#8221;.<\/li>\n<li>Alle Steuern, Eintrittsgelder und Bearbeitungsgeb\u00fchren.<\/li>\n<li>\u00dcberweisungen.<\/li>\n<li>Reiseleiter.<\/li>\n<li>Die Getr\u00e4nke.<\/li>\n<li>Mittagessen im Restaurant.<\/li>\n<\/ul>\n<p><strong>Ausnahmen?<\/strong><\/p>\n<ul>\n<li>Trinkgeld.<\/li>\n<li>Alle nicht erw\u00e4hnten Extras.<\/li>\n<\/ul>\n<p><strong>Preise:<\/strong><\/p>\n<ul>\n<li><strong>Preis f\u00fcr Erwachsene = ab 100$ pro Person<\/strong>.<\/li>\n<li>Preis f\u00fcr Kinder &#8220;5-12\u2033= 50%.<\/li>\n<li>f\u00fcr Kinder &#8220;0-5\u2033= Kostenlos.<\/li>\n<\/ul>\n<p><strong>Bewertungen:<\/strong><\/p>\n<p>\u00fcberpr\u00fcfen Sie unsere Google Map Bewertungen als bester <a href=\"https:\/\/g.page\/r\/CUeYvkngP3wkEBM\/review\">Reiseveranstalter in Hurghada<\/a> online in <a href=\"https:\/\/hurghadalovers.com\/\">Hurghada<\/a> \u00c4gypten.<\/p>\n<p>&nbsp;<\/p>\n<p><strong>Reservierung:<\/strong><\/p>\n<p>Senden Sie Hotel + Zimmernummer + Fotop\u00e4sse an WhatsApp: <strong>+201112596434<\/strong><\/p>\n<p>Wenn Sie aus \u00c4gypten Buchen Sie jetzt online und best\u00e4tigen Sie bei der Ankunft Hotel.<\/p>\n<p><span style=\"color: #ff6600;\">\u2014\u2014\u2014\u2013 | \u2014\u2014\u2014\u2014\u2013 | \u2014\u2014\u2014\u2014\u2014\u2013<\/span><\/p>\n<p>Die ganzt\u00e4gige Luxor-Tour ab El Gouna\u00a0 ist ideal f\u00fcr Fotobegeisterte, die Fotos mit arch\u00e4ologischen Orten machen m\u00f6chten. Sie k\u00f6nnen zwischen den Obelisken und S\u00e4ulen der S\u00e4ulenhalle im Karnak-Tempel Fotos von sich selbst und mit Familie und Freunden machen und die Inschriften aus dem Leben der alten \u00c4gypter und der \u00e4gyptischen G\u00f6tter an den W\u00e4nden der Tempel und Pharaonengr\u00e4ber ohne Einschr\u00e4nkung betrachten .<\/p>\n<p>Pr\u00fcfen <a href=\"https:\/\/hurghadalovers.com\/de\/tour-category\/el-gouna-ausfluege\/\"><strong>EL Gouna Ausfl\u00fcge<\/strong><\/a> &#8211; <a href=\"https:\/\/hurghadalovers.com\/de\/tour-category\/luxor-tagesausfluege-von-el-gouna\/\"><strong>Luxor Tagesausfl\u00fcge von El Gouna<\/strong><\/a>:<\/p>\n<ul>\n<li><a href=\"https:\/\/hurghadalovers.com\/de\/tours\/privat-luxor-tour-aus-el-gouna\/\">Privater Ausflug nach Luxor von EL Gouna<\/a><\/li>\n<li><a href=\"https:\/\/hurghadalovers.com\/de\/tours\/tal-der-konige-tour-ab-el-gouna-mit-dem-bus\/\">Tagesausflug von EL Gouna zu den Tal der K\u00f6nige Luxor mit dem Bus<\/a><\/li>\n<li><a href=\"https:\/\/hurghadalovers.com\/de\/tours\/el-gouna-das-tal-der-konige-tagesausflug-mit-minivan-kleiner-gruppe\/\">Tagesausflug von EL Gouna zu den Tal der K\u00f6nige Luxor im Minivan<\/a><\/li>\n<li><a href=\"https:\/\/hurghadalovers.com\/de\/tours\/billige-el-gouna-ausfluge-nach-luxor-mit-dem-bus-ohne-tickets\/\">G\u00fcnstige Ausflug EL Gouna Luxor mit dem Bus ohne Tickets<\/a><\/li>\n<li><a href=\"https:\/\/hurghadalovers.com\/de\/tours\/billige-el-gouna-nach-luxor-tagesausfluge-mit-dem-bus\/\">G\u00fcnstige Luxor Ausflug von EL Gouna mit dem Bus<\/a><\/li>\n<li><a href=\"https:\/\/hurghadalovers.com\/de\/tours\/el-gouna-nach-luxor-tagesausflug-zum-tal-der-queens-mit-dem-bus\/\">Ausflug nach Luxor von EL Gouna nach Tal der K\u00f6niginnen<\/a> mit dem Bus<\/li>\n<li><a href=\"https:\/\/hurghadalovers.com\/de\/tours\/el-gouna-privat-luxus-oder-zwei-tage-reise-mit-heisluft-ballonfahrt\/\">Privater Luxor Tagesausflug mit Hei\u00dfluftballonfahrt von EL Gouna<\/a> &#8211; 2 Tage<\/li>\n<li><a href=\"https:\/\/hurghadalovers.com\/de\/tours\/ubernachtungsreise-nach-luxor-von-el-gouna-mit-privatem-guide\/\">Luxor zwei Tage privat Ausflug von EL Gouna<\/a> | \u00dcbernachtungsausflug<\/li>\n<li><a href=\"https:\/\/hurghadalovers.com\/de\/tours\/privat-dendera-und-abydos-von-el-gouna\/\">Privater Ausflug nach Abydos &amp; Dendera von EL Gouna<\/a><\/li>\n<li>Privater Tagesausflug nach Dendera von EL Gouna<\/li>\n<li><a href=\"https:\/\/hurghadalovers.com\/de\/tours\/privat-tagesausflug-von-el-gouna-abu-simbel-aswan-2-tage\/\">Privater Ausflug ab EL Gouna nach Assuan und Abu Simbel<\/a> \u2013 2 Tage<\/li>\n<li><a href=\"https:\/\/hurghadalovers.com\/de\/tours\/privat-el-gouna-ausfluge-nach-luxor-aswan-2-tage\/\">Privater Ausfl\u00fcge EL Gouna nach Luxor und Assuan<\/a> \u2013 2 Tage<\/li>\n<li><a href=\"https:\/\/hurghadalovers.com\/de\/tours\/privat-el-gouna-touren-nach-luxor-aswan-3-tage\/\">Privater Tagestour EL Gouna nach Luxor und Assuan, Abu Simbel<\/a> \u2013 3 Tage<\/li>\n<\/ul>\n<p>&nbsp;<\/p>\n","protected":false},"excerpt":{"rendered":"<p>Privater Tagesausflug nach Dendera von EL Gouna mit privatem F\u00fchrer, Eintrittskarten und Mittagessen. Eine kurze 9-st\u00fcndige Tagestour zur Entdeckung der Wunder und Geheimnisse des Baus<\/p>\n","protected":false},"featured_media":394778,"template":"","meta":{"_joinchat":[]},"product_brand":[],"product_cat":[29817],"product_tag":[51972,51968,51976,51992],"class_list":{"0":"post-394945","1":"product","2":"type-product","3":"status-publish","4":"has-post-thumbnail","6":"product_cat-touren","7":"product_tag-luxor-tagestour-von-makadi-bay-aus","8":"product_tag-makadi-bay-nach-luxor-bus","9":"product_tag-makadi-bay-touren-nach-luxor","10":"product_tag-transfer-von-luxor-nach-makadi-bay","11":"tour_category-el-gouna-ausfluege","12":"tour_category-luxor-tagesausfluege-von-el-gouna","14":"first","15":"instock","16":"sale","17":"shipping-taxable","18":"purchasable","19":"product-type-tour"},"yoast_head":"<!-- This site is optimized with the Yoast SEO Premium plugin v26.9 (Yoast SEO v27.2) - https:\/\/yoast.com\/product\/yoast-seo-premium-wordpress\/ -->\n<title>Privater Tagesausflug nach Dendera von EL Gouna<\/title>\n<meta name=\"description\" content=\"Privater Tagesausflug nach Dendera von EL Gouna mit privatem F\u00fchrer, Eintrittskarten und Mittagessen. Eine kurze 9-st\u00fcndige Tagestour zur\" \/>\n<meta name=\"robots\" content=\"index, follow, max-snippet:-1, max-image-preview:large, max-video-preview:-1\" \/>\n<link rel=\"canonical\" href=\"https:\/\/hurghadalovers.com\/de\/tours\/el-gouna-privater-tagesausflug-nach-dendera\/\" \/>\n<meta property=\"og:locale\" content=\"de_DE\" \/>\n<meta property=\"og:type\" content=\"article\" \/>\n<meta property=\"og:title\" content=\"Privater Tagesausflug nach Dendera von EL Gouna\" \/>\n<meta property=\"og:description\" content=\"Privater Tagesausflug nach Dendera von EL Gouna mit privatem F\u00fchrer, Eintrittskarten und Mittagessen. Eine kurze 9-st\u00fcndige Tagestour zur\" \/>\n<meta property=\"og:url\" content=\"https:\/\/hurghadalovers.com\/de\/tours\/el-gouna-privater-tagesausflug-nach-dendera\/\" \/>\n<meta property=\"og:site_name\" content=\"Hurghada Excursions &amp; Day Trips | Booking Best Prices Tours\" \/>\n<meta property=\"article:publisher\" content=\"https:\/\/www.facebook.com\/Hurghadaloversegypt\" \/>\n<meta property=\"article:modified_time\" content=\"2026-02-08T17:11:03+00:00\" \/>\n<meta property=\"og:image\" content=\"https:\/\/hurghadalovers.com\/wp-content\/uploads\/2023\/09\/El-Gouna-Private-Day-Tour-to-Dendera.jpeg\" \/>\n\t<meta property=\"og:image:width\" content=\"1536\" \/>\n\t<meta property=\"og:image:height\" content=\"1161\" \/>\n\t<meta property=\"og:image:type\" content=\"image\/jpeg\" \/>\n<meta name=\"twitter:card\" content=\"summary_large_image\" \/>\n<meta name=\"twitter:label1\" content=\"Price\" \/>\n\t<meta name=\"twitter:data1\" content=\"&euro;&nbsp;175\" \/>\n\t<meta name=\"twitter:label2\" content=\"Availability\" \/>\n\t<meta name=\"twitter:data2\" content=\"In stock\" \/>\n<script type=\"application\/ld+json\" class=\"yoast-schema-graph\">{\"@context\":\"https:\/\/schema.org\",\"@graph\":[{\"@type\":[\"WebPage\",\"ItemPage\"],\"@id\":\"https:\/\/hurghadalovers.com\/de\/tours\/el-gouna-privater-tagesausflug-nach-dendera\/\",\"url\":\"https:\/\/hurghadalovers.com\/de\/tours\/el-gouna-privater-tagesausflug-nach-dendera\/\",\"name\":\"Privater Tagesausflug nach Dendera von EL Gouna\",\"isPartOf\":{\"@id\":\"https:\/\/hurghadalovers.com\/de\/#website\"},\"primaryImageOfPage\":{\"@id\":\"https:\/\/hurghadalovers.com\/de\/tours\/el-gouna-privater-tagesausflug-nach-dendera\/#primaryimage\"},\"image\":{\"@id\":\"https:\/\/hurghadalovers.com\/de\/tours\/el-gouna-privater-tagesausflug-nach-dendera\/#primaryimage\"},\"thumbnailUrl\":\"https:\/\/hurghadalovers.com\/wp-content\/uploads\/2023\/09\/El-Gouna-Private-Day-Tour-to-Dendera.jpeg\",\"datePublished\":\"2023-09-03T12:01:59+00:00\",\"dateModified\":\"2026-02-08T17:11:03+00:00\",\"description\":\"Privater Tagesausflug nach Dendera von EL Gouna mit privatem F\u00fchrer, Eintrittskarten und Mittagessen. Eine kurze 9-st\u00fcndige Tagestour zur\",\"breadcrumb\":{\"@id\":\"https:\/\/hurghadalovers.com\/de\/tours\/el-gouna-privater-tagesausflug-nach-dendera\/#breadcrumb\"},\"inLanguage\":\"de-DE\",\"potentialAction\":[{\"@type\":\"ReadAction\",\"target\":[\"https:\/\/hurghadalovers.com\/de\/tours\/el-gouna-privater-tagesausflug-nach-dendera\/\"]}]},{\"@type\":\"ImageObject\",\"inLanguage\":\"de-DE\",\"@id\":\"https:\/\/hurghadalovers.com\/de\/tours\/el-gouna-privater-tagesausflug-nach-dendera\/#primaryimage\",\"url\":\"https:\/\/hurghadalovers.com\/wp-content\/uploads\/2023\/09\/El-Gouna-Private-Day-Tour-to-Dendera.jpeg\",\"contentUrl\":\"https:\/\/hurghadalovers.com\/wp-content\/uploads\/2023\/09\/El-Gouna-Private-Day-Tour-to-Dendera.jpeg\",\"width\":1536,\"height\":1161,\"caption\":\"El Gouna Private Tagestour nach Dendera\"},{\"@type\":\"BreadcrumbList\",\"@id\":\"https:\/\/hurghadalovers.com\/de\/tours\/el-gouna-privater-tagesausflug-nach-dendera\/#breadcrumb\",\"itemListElement\":[{\"@type\":\"ListItem\",\"position\":1,\"name\":\"Home\",\"item\":\"https:\/\/hurghadalovers.com\/de\/\"},{\"@type\":\"ListItem\",\"position\":2,\"name\":\"Shop\",\"item\":\"https:\/\/hurghadalovers.com\/shop\/\"},{\"@type\":\"ListItem\",\"position\":3,\"name\":\"Privater Tagesausflug nach Dendera von EL Gouna\"}]},{\"@type\":\"WebSite\",\"@id\":\"https:\/\/hurghadalovers.com\/de\/#website\",\"url\":\"https:\/\/hurghadalovers.com\/de\/\",\"name\":\"Hurghada Excursions & Day Trips | Booking Best Prices Tours\",\"description\":\"Hurghada Lovers - Best Tour Operator - Excursions &amp; Things to do for Family Day Trips with kids and Couples Romantic. Unique .Hidden gems\",\"publisher\":{\"@id\":\"https:\/\/hurghadalovers.com\/de\/#organization\"},\"alternateName\":\"Hurghada Excursions\",\"potentialAction\":[{\"@type\":\"SearchAction\",\"target\":{\"@type\":\"EntryPoint\",\"urlTemplate\":\"https:\/\/hurghadalovers.com\/de\/?s={search_term_string}\"},\"query-input\":{\"@type\":\"PropertyValueSpecification\",\"valueRequired\":true,\"valueName\":\"search_term_string\"}}],\"inLanguage\":\"de-DE\"},{\"@type\":[\"Organization\",\"Place\",\"TravelAgency\"],\"@id\":\"https:\/\/hurghadalovers.com\/de\/#organization\",\"name\":\"Hurghada Excursions\",\"url\":\"https:\/\/hurghadalovers.com\/de\/\",\"logo\":{\"@id\":\"https:\/\/hurghadalovers.com\/de\/tours\/el-gouna-privater-tagesausflug-nach-dendera\/#local-main-organization-logo\"},\"image\":{\"@id\":\"https:\/\/hurghadalovers.com\/de\/tours\/el-gouna-privater-tagesausflug-nach-dendera\/#local-main-organization-logo\"},\"sameAs\":[\"https:\/\/www.facebook.com\/Hurghadaloversegypt\"],\"address\":{\"@id\":\"https:\/\/hurghadalovers.com\/de\/tours\/el-gouna-privater-tagesausflug-nach-dendera\/#local-main-place-address\"},\"telephone\":[\"00201112596434\"],\"contactPoint\":{\"@type\":\"ContactPoint\",\"telephone\":\"00201112596434\",\"email\":\"weyouface@gmail.com\"},\"openingHoursSpecification\":{\"@type\":\"OpeningHoursSpecification\",\"dayOfWeek\":[\"Monday\",\"Tuesday\",\"Wednesday\",\"Thursday\",\"Friday\",\"Saturday\",\"Sunday\"],\"opens\":\"00:00\",\"closes\":\"23:59\"},\"email\":\"weyouface@gmail.com\",\"areaServed\":\"Luxor, Hurghada, El Gouna, Aswan, Sharm El Sheikh, Giza, Alexandria, Marsa Alam, Quseir, Soma Bay, Sahl Hasheesh, Red Sea, Makadi Bay, Cairo\",\"priceRange\":\"$\",\"currenciesAccepted\":\"euro\",\"paymentAccepted\":\"cash on site\"},{\"@type\":\"PostalAddress\",\"@id\":\"https:\/\/hurghadalovers.com\/de\/tours\/el-gouna-privater-tagesausflug-nach-dendera\/#local-main-place-address\",\"streetAddress\":\"17 Banks street, Alkawther area, top nbk bank\",\"addressLocality\":\"hurghada\",\"postalCode\":\"84511\",\"addressRegion\":\"red sea\",\"addressCountry\":\"EG\"},{\"@type\":\"ImageObject\",\"inLanguage\":\"de-DE\",\"@id\":\"https:\/\/hurghadalovers.com\/de\/tours\/el-gouna-privater-tagesausflug-nach-dendera\/#local-main-organization-logo\",\"url\":\"https:\/\/hurghadalovers.com\/wp-content\/uploads\/2019\/10\/hurghada-excursions-logo.png\",\"contentUrl\":\"https:\/\/hurghadalovers.com\/wp-content\/uploads\/2019\/10\/hurghada-excursions-logo.png\",\"width\":272,\"height\":90,\"caption\":\"Hurghada Excursions\"}]}<\/script>\n<meta property=\"product:brand\" content=\"EL Gouna Ausfl\u00fcge\" \/>\n<meta property=\"product:price:amount\" content=\"175\" \/>\n<meta property=\"product:price:currency\" content=\"EUR\" \/>\n<meta property=\"og:availability\" content=\"instock\" \/>\n<meta property=\"product:availability\" content=\"instock\" \/>\n<meta property=\"product:retailer_item_id\" content=\"Gouna492024\" \/>\n<meta property=\"product:condition\" content=\"new\" \/>\n<meta name=\"geo.placename\" content=\"hurghada\" \/>\n<meta name=\"geo.region\" content=\"Egypt\" \/>\n<!-- \/ Yoast SEO Premium plugin. -->","yoast_head_json":{"title":"Privater Tagesausflug nach Dendera von EL Gouna","description":"Privater Tagesausflug nach Dendera von EL Gouna mit privatem F\u00fchrer, Eintrittskarten und Mittagessen. Eine kurze 9-st\u00fcndige Tagestour zur","robots":{"index":"index","follow":"follow","max-snippet":"max-snippet:-1","max-image-preview":"max-image-preview:large","max-video-preview":"max-video-preview:-1"},"canonical":"https:\/\/hurghadalovers.com\/de\/tours\/el-gouna-privater-tagesausflug-nach-dendera\/","og_locale":"de_DE","og_type":"article","og_title":"Privater Tagesausflug nach Dendera von EL Gouna","og_description":"Privater Tagesausflug nach Dendera von EL Gouna mit privatem F\u00fchrer, Eintrittskarten und Mittagessen. Eine kurze 9-st\u00fcndige Tagestour zur","og_url":"https:\/\/hurghadalovers.com\/de\/tours\/el-gouna-privater-tagesausflug-nach-dendera\/","og_site_name":"Hurghada Excursions &amp; Day Trips | Booking Best Prices Tours","article_publisher":"https:\/\/www.facebook.com\/Hurghadaloversegypt","article_modified_time":"2026-02-08T17:11:03+00:00","og_image":[{"width":1536,"height":1161,"url":"https:\/\/hurghadalovers.com\/wp-content\/uploads\/2023\/09\/El-Gouna-Private-Day-Tour-to-Dendera.jpeg","type":"image\/jpeg"}],"twitter_card":"summary_large_image","twitter_misc":{"Price":"&euro;&nbsp;175","Availability":"In stock"},"schema":{"@context":"https:\/\/schema.org","@graph":[{"@type":["WebPage","ItemPage"],"@id":"https:\/\/hurghadalovers.com\/de\/tours\/el-gouna-privater-tagesausflug-nach-dendera\/","url":"https:\/\/hurghadalovers.com\/de\/tours\/el-gouna-privater-tagesausflug-nach-dendera\/","name":"Privater Tagesausflug nach Dendera von EL Gouna","isPartOf":{"@id":"https:\/\/hurghadalovers.com\/de\/#website"},"primaryImageOfPage":{"@id":"https:\/\/hurghadalovers.com\/de\/tours\/el-gouna-privater-tagesausflug-nach-dendera\/#primaryimage"},"image":{"@id":"https:\/\/hurghadalovers.com\/de\/tours\/el-gouna-privater-tagesausflug-nach-dendera\/#primaryimage"},"thumbnailUrl":"https:\/\/hurghadalovers.com\/wp-content\/uploads\/2023\/09\/El-Gouna-Private-Day-Tour-to-Dendera.jpeg","datePublished":"2023-09-03T12:01:59+00:00","dateModified":"2026-02-08T17:11:03+00:00","description":"Privater Tagesausflug nach Dendera von EL Gouna mit privatem F\u00fchrer, Eintrittskarten und Mittagessen. Eine kurze 9-st\u00fcndige Tagestour zur","breadcrumb":{"@id":"https:\/\/hurghadalovers.com\/de\/tours\/el-gouna-privater-tagesausflug-nach-dendera\/#breadcrumb"},"inLanguage":"de-DE","potentialAction":[{"@type":"ReadAction","target":["https:\/\/hurghadalovers.com\/de\/tours\/el-gouna-privater-tagesausflug-nach-dendera\/"]}]},{"@type":"ImageObject","inLanguage":"de-DE","@id":"https:\/\/hurghadalovers.com\/de\/tours\/el-gouna-privater-tagesausflug-nach-dendera\/#primaryimage","url":"https:\/\/hurghadalovers.com\/wp-content\/uploads\/2023\/09\/El-Gouna-Private-Day-Tour-to-Dendera.jpeg","contentUrl":"https:\/\/hurghadalovers.com\/wp-content\/uploads\/2023\/09\/El-Gouna-Private-Day-Tour-to-Dendera.jpeg","width":1536,"height":1161,"caption":"El Gouna Private Tagestour nach Dendera"},{"@type":"BreadcrumbList","@id":"https:\/\/hurghadalovers.com\/de\/tours\/el-gouna-privater-tagesausflug-nach-dendera\/#breadcrumb","itemListElement":[{"@type":"ListItem","position":1,"name":"Home","item":"https:\/\/hurghadalovers.com\/de\/"},{"@type":"ListItem","position":2,"name":"Shop","item":"https:\/\/hurghadalovers.com\/shop\/"},{"@type":"ListItem","position":3,"name":"Privater Tagesausflug nach Dendera von EL Gouna"}]},{"@type":"WebSite","@id":"https:\/\/hurghadalovers.com\/de\/#website","url":"https:\/\/hurghadalovers.com\/de\/","name":"Hurghada Excursions & Day Trips | Booking Best Prices Tours","description":"Hurghada Lovers - Best Tour Operator - Excursions &amp; Things to do for Family Day Trips with kids and Couples Romantic. Unique .Hidden gems","publisher":{"@id":"https:\/\/hurghadalovers.com\/de\/#organization"},"alternateName":"Hurghada Excursions","potentialAction":[{"@type":"SearchAction","target":{"@type":"EntryPoint","urlTemplate":"https:\/\/hurghadalovers.com\/de\/?s={search_term_string}"},"query-input":{"@type":"PropertyValueSpecification","valueRequired":true,"valueName":"search_term_string"}}],"inLanguage":"de-DE"},{"@type":["Organization","Place","TravelAgency"],"@id":"https:\/\/hurghadalovers.com\/de\/#organization","name":"Hurghada Excursions","url":"https:\/\/hurghadalovers.com\/de\/","logo":{"@id":"https:\/\/hurghadalovers.com\/de\/tours\/el-gouna-privater-tagesausflug-nach-dendera\/#local-main-organization-logo"},"image":{"@id":"https:\/\/hurghadalovers.com\/de\/tours\/el-gouna-privater-tagesausflug-nach-dendera\/#local-main-organization-logo"},"sameAs":["https:\/\/www.facebook.com\/Hurghadaloversegypt"],"address":{"@id":"https:\/\/hurghadalovers.com\/de\/tours\/el-gouna-privater-tagesausflug-nach-dendera\/#local-main-place-address"},"telephone":["00201112596434"],"contactPoint":{"@type":"ContactPoint","telephone":"00201112596434","email":"weyouface@gmail.com"},"openingHoursSpecification":{"@type":"OpeningHoursSpecification","dayOfWeek":["Monday","Tuesday","Wednesday","Thursday","Friday","Saturday","Sunday"],"opens":"00:00","closes":"23:59"},"email":"weyouface@gmail.com","areaServed":"Luxor, Hurghada, El Gouna, Aswan, Sharm El Sheikh, Giza, Alexandria, Marsa Alam, Quseir, Soma Bay, Sahl Hasheesh, Red Sea, Makadi Bay, Cairo","priceRange":"$","currenciesAccepted":"euro","paymentAccepted":"cash on site"},{"@type":"PostalAddress","@id":"https:\/\/hurghadalovers.com\/de\/tours\/el-gouna-privater-tagesausflug-nach-dendera\/#local-main-place-address","streetAddress":"17 Banks street, Alkawther area, top nbk bank","addressLocality":"hurghada","postalCode":"84511","addressRegion":"red sea","addressCountry":"EG"},{"@type":"ImageObject","inLanguage":"de-DE","@id":"https:\/\/hurghadalovers.com\/de\/tours\/el-gouna-privater-tagesausflug-nach-dendera\/#local-main-organization-logo","url":"https:\/\/hurghadalovers.com\/wp-content\/uploads\/2019\/10\/hurghada-excursions-logo.png","contentUrl":"https:\/\/hurghadalovers.com\/wp-content\/uploads\/2019\/10\/hurghada-excursions-logo.png","width":272,"height":90,"caption":"Hurghada Excursions"}]},"product_brand":"EL Gouna Ausfl\u00fcge","product_price_amount":"175","product_price_currency":"EUR","og_availability":"instock","product_availability":"instock","product_retailer_item_id":"Gouna492024","product_condition":"new","geo.placename":"hurghada","geo.region":"Egypt"},"_links":{"self":[{"href":"https:\/\/hurghadalovers.com\/de\/wp-json\/wp\/v2\/product\/394945","targetHints":{"allow":["GET"]}}],"collection":[{"href":"https:\/\/hurghadalovers.com\/de\/wp-json\/wp\/v2\/product"}],"about":[{"href":"https:\/\/hurghadalovers.com\/de\/wp-json\/wp\/v2\/types\/product"}],"wp:featuredmedia":[{"embeddable":true,"href":"https:\/\/hurghadalovers.com\/de\/wp-json\/wp\/v2\/media\/394778"}],"wp:attachment":[{"href":"https:\/\/hurghadalovers.com\/de\/wp-json\/wp\/v2\/media?parent=394945"}],"wp:term":[{"taxonomy":"product_brand","embeddable":true,"href":"https:\/\/hurghadalovers.com\/de\/wp-json\/wp\/v2\/product_brand?post=394945"},{"taxonomy":"product_cat","embeddable":true,"href":"https:\/\/hurghadalovers.com\/de\/wp-json\/wp\/v2\/product_cat?post=394945"},{"taxonomy":"product_tag","embeddable":true,"href":"https:\/\/hurghadalovers.com\/de\/wp-json\/wp\/v2\/product_tag?post=394945"}],"curies":[{"name":"wp","href":"https:\/\/api.w.org\/{rel}","templated":true}]}}