{"id":394879,"date":"2023-09-03T11:51:43","date_gmt":"2023-09-03T11:51:43","guid":{"rendered":"https:\/\/hurghadalovers.com\/shop\/unkategorisiert\/private-el-gouna-ausfluege-nach-luxor-und-assuan-2-tage\/"},"modified":"2026-02-08T08:56:07","modified_gmt":"2026-02-08T08:56:07","slug":"privat-el-gouna-ausfluge-nach-luxor-aswan-2-tage","status":"publish","type":"product","link":"https:\/\/hurghadalovers.com\/de\/tours\/privat-el-gouna-ausfluge-nach-luxor-aswan-2-tage\/","title":{"rendered":"Privater Ausfl\u00fcge EL Gouna nach Luxor und Assuan \u2013 2 Tage"},"content":{"rendered":"<p><strong>Privater Ausfl\u00fcge EL Gouna nach Luxor und Assuan<\/strong> \u2013 2 Tage mit privatem Reisef\u00fchrer, Tickets und Mittagessen.<\/p>\n<p>Entdecken Sie die Geheimnisse der Pharaonenk\u00f6nige auf einer zweit\u00e4gigen Tour zu den Sehensw\u00fcrdigkeiten der antiken St\u00e4dte Luxor und Assuan, und erfahren Sie mehr \u00fcber die Fakten und die Geschichte der antiken Zivilisation \u00c4gyptens, die Geheimnisse von K\u00f6nig Tutanchamun, K\u00f6nig Ramses II. und vieles mehr.<\/p>\n<p style=\"text-align: center;\">\u00a0Entdecken Sie die Geheimnisse der <a href=\"https:\/\/hurghadalovers.com\/de\/pharaonen-koenige-aegypten\/\"><strong>Pharaonen<\/strong><\/a> im alten \u00c4gypten.<\/p>\n<p><strong>H\u00f6hepunkte:<\/strong><\/p>\n<ul>\n<li><a href=\"https:\/\/hurghadalovers.com\/de\/karnak-tempel-luxor-aegypten\/\">Karnak-Tempel<\/a>.<\/li>\n<li><a href=\"https:\/\/hurghadalovers.com\/de\/die-kolosse-von-memnon-luxor\/\">Die Kolosse von Memnon<\/a>.<\/li>\n<li><a href=\"https:\/\/hurghadalovers.com\/de\/totentempel-der-hatschepsut-luxor\/\">Totentempel der Hatschepsut<\/a>.<\/li>\n<li>3 Gr\u00e4ber im <a href=\"https:\/\/hurghadalovers.com\/de\/tal-der-koenige-luxor-aegypten\/\"><strong>Tal der K\u00f6nige<\/strong><\/a> .<\/li>\n<li><a href=\"https:\/\/hurghadalovers.com\/de\/tempel-von-philae-assuan-aegypten\/\">Tempel von Philae<\/a>.<\/li>\n<li><a href=\"https:\/\/hurghadalovers.com\/de\/der-unvollendete-obelisk-in-assuan\/\">Der unvollendete Obelisk<\/a>.<\/li>\n<li>Der Hochdamm.<\/li>\n<li>Mittagessen im Restaurant &#8220;Vegetarisches Essen ist m\u00f6glich&#8221;.<\/li>\n<\/ul>\n<p><strong>Privater Ausfl\u00fcge EL Gouna nach Luxor und Assuan Details:<\/strong><\/p>\n<ul>\n<li>Verf\u00fcgbarkeit der Tour: Jeden Tag.<\/li>\n<li>Art der Tour: Privat mit Auto oder Minivan.<\/li>\n<li>Abholzeit: Ab 05:30 Uhr morgens.<\/li>\n<li>Asking Hotel erhalten Sie Ihr Fr\u00fchst\u00fcck Tasche mit Ihnen Morgen.<\/li>\n<li>Abholzeit: 19:00 Uhr.<\/li>\n<li>F\u00fcr Rollstuhlfahrer zug\u00e4nglich.<\/li>\n<li>Dauer: 2 Tage \/ 1 Nacht.<\/li>\n<\/ul>\n<p><strong>Jetzt reservieren und sp\u00e4ter bezahlen:<\/strong><\/p>\n<ul>\n<li>Bargeld vor Ort zu f\u00fchren.<\/li>\n<li>Zahlung in \u00e4gyptischen Pfund, $, \u20ac oder \u00a3.<\/li>\n<\/ul>\n<p><strong>Stornierungsbedingungen:<\/strong><\/p>\n<ul>\n<li>Sie k\u00f6nnen bis zu 24 Stunden im Voraus stornieren.<\/li>\n<li>Wenn jemand aus Ihrer Familie den Vormittag absagt, zahlen Sie 50 % der Kosten.<\/li>\n<\/ul>\n<p><strong>Was ist inbegriffen?<\/strong><\/p>\n<ul>\n<li>Transfer von El Gouna Hotels &#8220;Hotel abholen und zur\u00fcckbringen&#8221;.<\/li>\n<li>Alle Steuern, Eintrittsgelder und Bearbeitungsgeb\u00fchren.<\/li>\n<li>\u00dcberweisungen.<\/li>\n<li>Reiseleiter.<\/li>\n<li>Eine \u00dcbernachtung im Hotel mit Fr\u00fchst\u00fcck.<\/li>\n<li>Die Getr\u00e4nke.<\/li>\n<li>2 Mal Mittagessen im Restaurant.<\/li>\n<\/ul>\n<p><strong>Ausnahmen?<\/strong><\/p>\n<ul>\n<li>Trinkgeld.<\/li>\n<li>Alle nicht erw\u00e4hnten Extras.<\/li>\n<\/ul>\n<p><strong>Preise:<\/strong><\/p>\n<ul>\n<li><strong>Preis f\u00fcr Erwachsene = ab 280$ pro Person<\/strong>.<\/li>\n<li>Preis f\u00fcr Kinder &#8220;5-12\u2033= 50%.<\/li>\n<li>f\u00fcr Kinder &#8220;0-5\u2033= Kostenlos.<\/li>\n<\/ul>\n<p><strong>Bewertungen:<\/strong><\/p>\n<p>\u00fcberpr\u00fcfen Sie unsere Google Map Bewertungen als bester <a href=\"https:\/\/g.page\/r\/CUeYvkngP3wkEBM\/review\">Reiseveranstalter in Hurghada<\/a> online in <a href=\"https:\/\/hurghadalovers.com\/\">Hurghada<\/a> \u00c4gypten.<\/p>\n<p><strong>Reservierung:<\/strong><\/p>\n<p>Senden Sie Hotel + Zimmernummer + Fotop\u00e4sse an WhatsApp: <strong>+201112596434<\/strong><\/p>\n<p>Wenn Sie aus \u00c4gypten Buchen Sie jetzt online und best\u00e4tigen Sie bei der Ankunft Hotel.<\/p>\n<p><span style=\"color: #ff6600;\">\u2014\u2014\u2014\u2013 | \u2014\u2014\u2014\u2014\u2013 | \u2014\u2014\u2014\u2014\u2014\u2013<\/span><\/p>\n<p><strong>Jetzt w\u00fcrden wir uns freuen, Ihnen die Programmdetails der privaten Tour von El Gouna\u00a0 nach Luxor mitzuteilen:<\/strong><\/p>\n<p><strong>Erkundung des Karnak-Tempelkomplexes: Eine gef\u00fchrte Tour<\/strong><\/p>\n<p>Begeben Sie sich\u00a0auf eine Tour durch den Karnak-Tempelkomplex, wo Sie pharaonische Tempel, Zeichnungen, Inschriften, arch\u00e4ologische Statuen und vieles mehr entdecken werden. Ihr Reiseleiter wird Ihnen einen detaillierten \u00dcberblick \u00fcber den Komplex geben, der ungef\u00e4hr 60-90 Minuten in Anspruch nimmt.<\/p>\n<p><strong>Zu den Highlights der Tour geh\u00f6ren:<\/strong><\/p>\n<ul>\n<li>Der Heilige See<\/li>\n<li>Der Tempel von Ptah<\/li>\n<li>Festsaal von Thutmosis III<\/li>\n<li>Tempel der Mut<\/li>\n<li>Tempel von Chonsu<\/li>\n<li>Die Wei\u00dfe Kapelle<\/li>\n<\/ul>\n<p>W\u00e4hrend Sie diese St\u00e4tten erkunden, erfahren Sie mehr \u00fcber das alte Leben der Pharaonenk\u00f6nige wie K\u00f6nig Ramses III., K\u00f6nig Echnaton, K\u00f6nig Thutmosis III., K\u00f6nig Merneptah und K\u00f6nig Ramses II.<\/p>\n<p>Vergessen Sie nicht, den Moment festzuhalten, indem Sie Fotos und Videos mit Ihrem Mobiltelefon oder Ihrer Kamera aufnehmen.<\/p>\n<p>Pr\u00fcfen <a href=\"https:\/\/hurghadalovers.com\/de\/tour-category\/el-gouna-ausfluege\/\"><strong>EL Gouna Ausfl\u00fcge<\/strong><\/a> &#8211; <a href=\"https:\/\/hurghadalovers.com\/de\/tour-category\/luxor-tagesausfluege-von-el-gouna\/\"><strong>Luxor Tagesausfl\u00fcge von El Gouna<\/strong><\/a>:<\/p>\n<ul>\n<li><a href=\"https:\/\/hurghadalovers.com\/de\/tours\/privat-luxor-tour-aus-el-gouna\/\">Privater Ausflug nach Luxor von EL Gouna<\/a><\/li>\n<li><a href=\"https:\/\/hurghadalovers.com\/de\/tours\/tal-der-konige-tour-ab-el-gouna-mit-dem-bus\/\">Tagesausflug von EL Gouna zu den Tal der K\u00f6nige Luxor mit dem Bus<\/a><\/li>\n<li><a href=\"https:\/\/hurghadalovers.com\/de\/tours\/el-gouna-das-tal-der-konige-tagesausflug-mit-minivan-kleiner-gruppe\/\">Tagesausflug von EL Gouna zu den Tal der K\u00f6nige Luxor im Minivan<\/a><\/li>\n<li><a href=\"https:\/\/hurghadalovers.com\/de\/tours\/billige-el-gouna-ausfluge-nach-luxor-mit-dem-bus-ohne-tickets\/\">G\u00fcnstige Ausflug EL Gouna Luxor mit dem Bus ohne Tickets<\/a><\/li>\n<li><a href=\"https:\/\/hurghadalovers.com\/de\/tours\/billige-el-gouna-nach-luxor-tagesausfluge-mit-dem-bus\/\">G\u00fcnstige Luxor Ausflug von EL Gouna mit dem Bus<\/a><\/li>\n<li><a href=\"https:\/\/hurghadalovers.com\/de\/tours\/el-gouna-nach-luxor-tagesausflug-zum-tal-der-queens-mit-dem-bus\/\">Ausflug nach Luxor von EL Gouna nach Tal der K\u00f6niginnen<\/a> mit dem Bus<\/li>\n<li><a href=\"https:\/\/hurghadalovers.com\/de\/tours\/el-gouna-privat-luxus-oder-zwei-tage-reise-mit-heisluft-ballonfahrt\/\">Privater Luxor Tagesausflug mit Hei\u00dfluftballonfahrt von EL Gouna<\/a> &#8211; 2 Tage<\/li>\n<li><a href=\"https:\/\/hurghadalovers.com\/de\/tours\/ubernachtungsreise-nach-luxor-von-el-gouna-mit-privatem-guide\/\">Luxor zwei Tage privat Ausflug von EL Gouna<\/a> | \u00dcbernachtungsausflug<\/li>\n<li><a href=\"https:\/\/hurghadalovers.com\/de\/tours\/privat-dendera-und-abydos-von-el-gouna\/\">Privater Ausflug nach Abydos &amp; Dendera von EL Gouna<\/a><\/li>\n<li><a href=\"https:\/\/hurghadalovers.com\/de\/tours\/el-gouna-privater-tagesausflug-nach-dendera\/\">Privater Tagesausflug nach Dendera von EL Gouna<\/a><\/li>\n<li><a href=\"https:\/\/hurghadalovers.com\/de\/tours\/privat-tagesausflug-von-el-gouna-abu-simbel-aswan-2-tage\/\">Privater Ausflug ab EL Gouna nach Assuan und Abu Simbel<\/a> \u2013 2 Tage<\/li>\n<li>Privater Ausfl\u00fcge EL Gouna nach Luxor und Assuan \u2013 2 Tage<\/li>\n<li><a href=\"https:\/\/hurghadalovers.com\/de\/tours\/privat-el-gouna-touren-nach-luxor-aswan-3-tage\/\">Privater Tagestour EL Gouna nach Luxor und Assuan, Abu Simbel<\/a> \u2013 3 Tage<\/li>\n<\/ul>\n<p>&nbsp;<\/p>\n","protected":false},"excerpt":{"rendered":"<p>Privater Ausfl\u00fcge EL Gouna nach Luxor und Assuan \u2013 2 Tage mit privatem Reisef\u00fchrer, Tickets und Mittagessen. Entdecken Sie die Geheimnisse der K\u00f6nige der Pharaonen auf einer zweit\u00e4gigen Tour<\/p>\n","protected":false},"featured_media":394741,"template":"","meta":{"_joinchat":[]},"product_brand":[],"product_cat":[29817],"product_tag":[58806,58786,58794,58802,58785,58790,58798,58815,58781,58810],"class_list":{"0":"post-394879","1":"product","2":"type-product","3":"status-publish","4":"has-post-thumbnail","6":"product_cat-touren","7":"product_tag-el-gouna-tal-der-konige","8":"product_tag-el-gouna-nach-luxor-bus","9":"product_tag-el-gouna-touren-nach-luxor","10":"product_tag-heisluftballon-el-gouna","11":"product_tag-luxor-reise-ab-el-gouna","12":"product_tag-luxor-tagestour-ab-el-gouna","13":"product_tag-luxor-tour-ab-el-gouna","14":"product_tag-private-luxor-tour-ab-el-gouna","15":"product_tag-tagesausflug-von-el-gouna-nach-luxor","16":"product_tag-transfer-von-luxor-nach-el-gouna","17":"tour_category-el-gouna-ausfluege","18":"tour_category-luxor-tagesausfluege-von-el-gouna","20":"first","21":"instock","22":"sale","23":"shipping-taxable","24":"purchasable","25":"product-type-tour"},"yoast_head":"<!-- This site is optimized with the Yoast SEO Premium plugin v26.9 (Yoast SEO v27.2) - https:\/\/yoast.com\/product\/yoast-seo-premium-wordpress\/ -->\n<title>Privater Ausfl\u00fcge EL Gouna nach Luxor und Assuan \u2013 2 Tage<\/title>\n<meta name=\"description\" content=\"Privater Ausfl\u00fcge EL Gouna nach Luxor und Assuan \u2013 2 Tage mit privatem Reisef\u00fchrer, Tickets und Mittagessen. Entdecken Sie die Geheimnisse der K\u00f6nige\" \/>\n<meta name=\"robots\" content=\"index, follow, max-snippet:-1, max-image-preview:large, max-video-preview:-1\" \/>\n<link rel=\"canonical\" href=\"https:\/\/hurghadalovers.com\/de\/tours\/privat-el-gouna-ausfluge-nach-luxor-aswan-2-tage\/\" \/>\n<meta property=\"og:locale\" content=\"de_DE\" \/>\n<meta property=\"og:type\" content=\"article\" \/>\n<meta property=\"og:title\" content=\"Privater Ausfl\u00fcge EL Gouna nach Luxor und Assuan \u2013 2 Tage\" \/>\n<meta property=\"og:description\" content=\"Privater Ausfl\u00fcge EL Gouna nach Luxor und Assuan \u2013 2 Tage mit privatem Reisef\u00fchrer, Tickets und Mittagessen. Entdecken Sie die Geheimnisse der K\u00f6nige\" \/>\n<meta property=\"og:url\" content=\"https:\/\/hurghadalovers.com\/de\/tours\/privat-el-gouna-ausfluge-nach-luxor-aswan-2-tage\/\" \/>\n<meta property=\"og:site_name\" content=\"Hurghada Excursions &amp; Day Trips | Booking Best Prices Tours\" \/>\n<meta property=\"article:publisher\" content=\"https:\/\/www.facebook.com\/Hurghadaloversegypt\" \/>\n<meta property=\"article:modified_time\" content=\"2026-02-08T08:56:07+00:00\" \/>\n<meta property=\"og:image\" content=\"https:\/\/hurghadalovers.com\/wp-content\/uploads\/2023\/09\/Private-El-Gouna-Excursions-to-Luxor-Aswan.jpeg\" \/>\n\t<meta property=\"og:image:width\" content=\"1536\" \/>\n\t<meta property=\"og:image:height\" content=\"975\" \/>\n\t<meta property=\"og:image:type\" content=\"image\/jpeg\" \/>\n<meta name=\"twitter:card\" content=\"summary_large_image\" \/>\n<meta name=\"twitter:label1\" content=\"Price\" \/>\n\t<meta name=\"twitter:data1\" content=\"&euro;&nbsp;400\" \/>\n\t<meta name=\"twitter:label2\" content=\"Availability\" \/>\n\t<meta name=\"twitter:data2\" content=\"In stock\" \/>\n<script type=\"application\/ld+json\" class=\"yoast-schema-graph\">{\"@context\":\"https:\/\/schema.org\",\"@graph\":[{\"@type\":[\"WebPage\",\"ItemPage\"],\"@id\":\"https:\/\/hurghadalovers.com\/de\/tours\/privat-el-gouna-ausfluge-nach-luxor-aswan-2-tage\/\",\"url\":\"https:\/\/hurghadalovers.com\/de\/tours\/privat-el-gouna-ausfluge-nach-luxor-aswan-2-tage\/\",\"name\":\"Privater Ausfl\u00fcge EL Gouna nach Luxor und Assuan \u2013 2 Tage\",\"isPartOf\":{\"@id\":\"https:\/\/hurghadalovers.com\/de\/#website\"},\"primaryImageOfPage\":{\"@id\":\"https:\/\/hurghadalovers.com\/de\/tours\/privat-el-gouna-ausfluge-nach-luxor-aswan-2-tage\/#primaryimage\"},\"image\":{\"@id\":\"https:\/\/hurghadalovers.com\/de\/tours\/privat-el-gouna-ausfluge-nach-luxor-aswan-2-tage\/#primaryimage\"},\"thumbnailUrl\":\"https:\/\/hurghadalovers.com\/wp-content\/uploads\/2023\/09\/Private-El-Gouna-Excursions-to-Luxor-Aswan.jpeg\",\"datePublished\":\"2023-09-03T11:51:43+00:00\",\"dateModified\":\"2026-02-08T08:56:07+00:00\",\"description\":\"Privater Ausfl\u00fcge EL Gouna nach Luxor und Assuan \u2013 2 Tage mit privatem Reisef\u00fchrer, Tickets und Mittagessen. Entdecken Sie die Geheimnisse der K\u00f6nige\",\"breadcrumb\":{\"@id\":\"https:\/\/hurghadalovers.com\/de\/tours\/privat-el-gouna-ausfluge-nach-luxor-aswan-2-tage\/#breadcrumb\"},\"inLanguage\":\"de-DE\",\"potentialAction\":[{\"@type\":\"ReadAction\",\"target\":[\"https:\/\/hurghadalovers.com\/de\/tours\/privat-el-gouna-ausfluge-nach-luxor-aswan-2-tage\/\"]}]},{\"@type\":\"ImageObject\",\"inLanguage\":\"de-DE\",\"@id\":\"https:\/\/hurghadalovers.com\/de\/tours\/privat-el-gouna-ausfluge-nach-luxor-aswan-2-tage\/#primaryimage\",\"url\":\"https:\/\/hurghadalovers.com\/wp-content\/uploads\/2023\/09\/Private-El-Gouna-Excursions-to-Luxor-Aswan.jpeg\",\"contentUrl\":\"https:\/\/hurghadalovers.com\/wp-content\/uploads\/2023\/09\/Private-El-Gouna-Excursions-to-Luxor-Aswan.jpeg\",\"width\":1536,\"height\":975,\"caption\":\"Private El Gouna-Ausfl\u00fcge nach Luxor und Assuan Privater Ausfl\u00fcge Hurghada nach Luxor und Assuan Makadi Bay soma bay El Gouna Sahl Hasheesh\"},{\"@type\":\"BreadcrumbList\",\"@id\":\"https:\/\/hurghadalovers.com\/de\/tours\/privat-el-gouna-ausfluge-nach-luxor-aswan-2-tage\/#breadcrumb\",\"itemListElement\":[{\"@type\":\"ListItem\",\"position\":1,\"name\":\"Home\",\"item\":\"https:\/\/hurghadalovers.com\/de\/\"},{\"@type\":\"ListItem\",\"position\":2,\"name\":\"Shop\",\"item\":\"https:\/\/hurghadalovers.com\/shop\/\"},{\"@type\":\"ListItem\",\"position\":3,\"name\":\"Privater Ausfl\u00fcge EL Gouna nach Luxor und Assuan \u2013 2 Tage\"}]},{\"@type\":\"WebSite\",\"@id\":\"https:\/\/hurghadalovers.com\/de\/#website\",\"url\":\"https:\/\/hurghadalovers.com\/de\/\",\"name\":\"Hurghada Excursions & Day Trips | Booking Best Prices Tours\",\"description\":\"Hurghada Lovers - Best Tour Operator - Excursions &amp; Things to do for Family Day Trips with kids and Couples Romantic. Unique .Hidden gems\",\"publisher\":{\"@id\":\"https:\/\/hurghadalovers.com\/de\/#organization\"},\"alternateName\":\"Hurghada Excursions\",\"potentialAction\":[{\"@type\":\"SearchAction\",\"target\":{\"@type\":\"EntryPoint\",\"urlTemplate\":\"https:\/\/hurghadalovers.com\/de\/?s={search_term_string}\"},\"query-input\":{\"@type\":\"PropertyValueSpecification\",\"valueRequired\":true,\"valueName\":\"search_term_string\"}}],\"inLanguage\":\"de-DE\"},{\"@type\":[\"Organization\",\"Place\",\"TravelAgency\"],\"@id\":\"https:\/\/hurghadalovers.com\/de\/#organization\",\"name\":\"Hurghada Excursions\",\"url\":\"https:\/\/hurghadalovers.com\/de\/\",\"logo\":{\"@id\":\"https:\/\/hurghadalovers.com\/de\/tours\/privat-el-gouna-ausfluge-nach-luxor-aswan-2-tage\/#local-main-organization-logo\"},\"image\":{\"@id\":\"https:\/\/hurghadalovers.com\/de\/tours\/privat-el-gouna-ausfluge-nach-luxor-aswan-2-tage\/#local-main-organization-logo\"},\"sameAs\":[\"https:\/\/www.facebook.com\/Hurghadaloversegypt\"],\"address\":{\"@id\":\"https:\/\/hurghadalovers.com\/de\/tours\/privat-el-gouna-ausfluge-nach-luxor-aswan-2-tage\/#local-main-place-address\"},\"telephone\":[\"00201112596434\"],\"contactPoint\":{\"@type\":\"ContactPoint\",\"telephone\":\"00201112596434\",\"email\":\"weyouface@gmail.com\"},\"openingHoursSpecification\":{\"@type\":\"OpeningHoursSpecification\",\"dayOfWeek\":[\"Monday\",\"Tuesday\",\"Wednesday\",\"Thursday\",\"Friday\",\"Saturday\",\"Sunday\"],\"opens\":\"00:00\",\"closes\":\"23:59\"},\"email\":\"weyouface@gmail.com\",\"areaServed\":\"Luxor, Hurghada, El Gouna, Aswan, Sharm El Sheikh, Giza, Alexandria, Marsa Alam, Quseir, Soma Bay, Sahl Hasheesh, Red Sea, Makadi Bay, Cairo\",\"priceRange\":\"$\",\"currenciesAccepted\":\"euro\",\"paymentAccepted\":\"cash on site\"},{\"@type\":\"PostalAddress\",\"@id\":\"https:\/\/hurghadalovers.com\/de\/tours\/privat-el-gouna-ausfluge-nach-luxor-aswan-2-tage\/#local-main-place-address\",\"streetAddress\":\"17 Banks street, Alkawther area, top nbk bank\",\"addressLocality\":\"hurghada\",\"postalCode\":\"84511\",\"addressRegion\":\"red sea\",\"addressCountry\":\"EG\"},{\"@type\":\"ImageObject\",\"inLanguage\":\"de-DE\",\"@id\":\"https:\/\/hurghadalovers.com\/de\/tours\/privat-el-gouna-ausfluge-nach-luxor-aswan-2-tage\/#local-main-organization-logo\",\"url\":\"https:\/\/hurghadalovers.com\/wp-content\/uploads\/2019\/10\/hurghada-excursions-logo.png\",\"contentUrl\":\"https:\/\/hurghadalovers.com\/wp-content\/uploads\/2019\/10\/hurghada-excursions-logo.png\",\"width\":272,\"height\":90,\"caption\":\"Hurghada Excursions\"}]}<\/script>\n<meta property=\"product:brand\" content=\"EL Gouna Ausfl\u00fcge\" \/>\n<meta property=\"product:price:amount\" content=\"400\" \/>\n<meta property=\"product:price:currency\" content=\"EUR\" \/>\n<meta property=\"og:availability\" content=\"instock\" \/>\n<meta property=\"product:availability\" content=\"instock\" \/>\n<meta property=\"product:retailer_item_id\" content=\"Gouna482024\" \/>\n<meta property=\"product:condition\" content=\"new\" \/>\n<meta name=\"geo.placename\" content=\"hurghada\" \/>\n<meta name=\"geo.region\" content=\"Egypt\" \/>\n<!-- \/ Yoast SEO Premium plugin. -->","yoast_head_json":{"title":"Privater Ausfl\u00fcge EL Gouna nach Luxor und Assuan \u2013 2 Tage","description":"Privater Ausfl\u00fcge EL Gouna nach Luxor und Assuan \u2013 2 Tage mit privatem Reisef\u00fchrer, Tickets und Mittagessen. Entdecken Sie die Geheimnisse der K\u00f6nige","robots":{"index":"index","follow":"follow","max-snippet":"max-snippet:-1","max-image-preview":"max-image-preview:large","max-video-preview":"max-video-preview:-1"},"canonical":"https:\/\/hurghadalovers.com\/de\/tours\/privat-el-gouna-ausfluge-nach-luxor-aswan-2-tage\/","og_locale":"de_DE","og_type":"article","og_title":"Privater Ausfl\u00fcge EL Gouna nach Luxor und Assuan \u2013 2 Tage","og_description":"Privater Ausfl\u00fcge EL Gouna nach Luxor und Assuan \u2013 2 Tage mit privatem Reisef\u00fchrer, Tickets und Mittagessen. Entdecken Sie die Geheimnisse der K\u00f6nige","og_url":"https:\/\/hurghadalovers.com\/de\/tours\/privat-el-gouna-ausfluge-nach-luxor-aswan-2-tage\/","og_site_name":"Hurghada Excursions &amp; Day Trips | Booking Best Prices Tours","article_publisher":"https:\/\/www.facebook.com\/Hurghadaloversegypt","article_modified_time":"2026-02-08T08:56:07+00:00","og_image":[{"width":1536,"height":975,"url":"https:\/\/hurghadalovers.com\/wp-content\/uploads\/2023\/09\/Private-El-Gouna-Excursions-to-Luxor-Aswan.jpeg","type":"image\/jpeg"}],"twitter_card":"summary_large_image","twitter_misc":{"Price":"&euro;&nbsp;400","Availability":"In stock"},"schema":{"@context":"https:\/\/schema.org","@graph":[{"@type":["WebPage","ItemPage"],"@id":"https:\/\/hurghadalovers.com\/de\/tours\/privat-el-gouna-ausfluge-nach-luxor-aswan-2-tage\/","url":"https:\/\/hurghadalovers.com\/de\/tours\/privat-el-gouna-ausfluge-nach-luxor-aswan-2-tage\/","name":"Privater Ausfl\u00fcge EL Gouna nach Luxor und Assuan \u2013 2 Tage","isPartOf":{"@id":"https:\/\/hurghadalovers.com\/de\/#website"},"primaryImageOfPage":{"@id":"https:\/\/hurghadalovers.com\/de\/tours\/privat-el-gouna-ausfluge-nach-luxor-aswan-2-tage\/#primaryimage"},"image":{"@id":"https:\/\/hurghadalovers.com\/de\/tours\/privat-el-gouna-ausfluge-nach-luxor-aswan-2-tage\/#primaryimage"},"thumbnailUrl":"https:\/\/hurghadalovers.com\/wp-content\/uploads\/2023\/09\/Private-El-Gouna-Excursions-to-Luxor-Aswan.jpeg","datePublished":"2023-09-03T11:51:43+00:00","dateModified":"2026-02-08T08:56:07+00:00","description":"Privater Ausfl\u00fcge EL Gouna nach Luxor und Assuan \u2013 2 Tage mit privatem Reisef\u00fchrer, Tickets und Mittagessen. Entdecken Sie die Geheimnisse der K\u00f6nige","breadcrumb":{"@id":"https:\/\/hurghadalovers.com\/de\/tours\/privat-el-gouna-ausfluge-nach-luxor-aswan-2-tage\/#breadcrumb"},"inLanguage":"de-DE","potentialAction":[{"@type":"ReadAction","target":["https:\/\/hurghadalovers.com\/de\/tours\/privat-el-gouna-ausfluge-nach-luxor-aswan-2-tage\/"]}]},{"@type":"ImageObject","inLanguage":"de-DE","@id":"https:\/\/hurghadalovers.com\/de\/tours\/privat-el-gouna-ausfluge-nach-luxor-aswan-2-tage\/#primaryimage","url":"https:\/\/hurghadalovers.com\/wp-content\/uploads\/2023\/09\/Private-El-Gouna-Excursions-to-Luxor-Aswan.jpeg","contentUrl":"https:\/\/hurghadalovers.com\/wp-content\/uploads\/2023\/09\/Private-El-Gouna-Excursions-to-Luxor-Aswan.jpeg","width":1536,"height":975,"caption":"Private El Gouna-Ausfl\u00fcge nach Luxor und Assuan Privater Ausfl\u00fcge Hurghada nach Luxor und Assuan Makadi Bay soma bay El Gouna Sahl Hasheesh"},{"@type":"BreadcrumbList","@id":"https:\/\/hurghadalovers.com\/de\/tours\/privat-el-gouna-ausfluge-nach-luxor-aswan-2-tage\/#breadcrumb","itemListElement":[{"@type":"ListItem","position":1,"name":"Home","item":"https:\/\/hurghadalovers.com\/de\/"},{"@type":"ListItem","position":2,"name":"Shop","item":"https:\/\/hurghadalovers.com\/shop\/"},{"@type":"ListItem","position":3,"name":"Privater Ausfl\u00fcge EL Gouna nach Luxor und Assuan \u2013 2 Tage"}]},{"@type":"WebSite","@id":"https:\/\/hurghadalovers.com\/de\/#website","url":"https:\/\/hurghadalovers.com\/de\/","name":"Hurghada Excursions & Day Trips | Booking Best Prices Tours","description":"Hurghada Lovers - Best Tour Operator - Excursions &amp; Things to do for Family Day Trips with kids and Couples Romantic. Unique .Hidden gems","publisher":{"@id":"https:\/\/hurghadalovers.com\/de\/#organization"},"alternateName":"Hurghada Excursions","potentialAction":[{"@type":"SearchAction","target":{"@type":"EntryPoint","urlTemplate":"https:\/\/hurghadalovers.com\/de\/?s={search_term_string}"},"query-input":{"@type":"PropertyValueSpecification","valueRequired":true,"valueName":"search_term_string"}}],"inLanguage":"de-DE"},{"@type":["Organization","Place","TravelAgency"],"@id":"https:\/\/hurghadalovers.com\/de\/#organization","name":"Hurghada Excursions","url":"https:\/\/hurghadalovers.com\/de\/","logo":{"@id":"https:\/\/hurghadalovers.com\/de\/tours\/privat-el-gouna-ausfluge-nach-luxor-aswan-2-tage\/#local-main-organization-logo"},"image":{"@id":"https:\/\/hurghadalovers.com\/de\/tours\/privat-el-gouna-ausfluge-nach-luxor-aswan-2-tage\/#local-main-organization-logo"},"sameAs":["https:\/\/www.facebook.com\/Hurghadaloversegypt"],"address":{"@id":"https:\/\/hurghadalovers.com\/de\/tours\/privat-el-gouna-ausfluge-nach-luxor-aswan-2-tage\/#local-main-place-address"},"telephone":["00201112596434"],"contactPoint":{"@type":"ContactPoint","telephone":"00201112596434","email":"weyouface@gmail.com"},"openingHoursSpecification":{"@type":"OpeningHoursSpecification","dayOfWeek":["Monday","Tuesday","Wednesday","Thursday","Friday","Saturday","Sunday"],"opens":"00:00","closes":"23:59"},"email":"weyouface@gmail.com","areaServed":"Luxor, Hurghada, El Gouna, Aswan, Sharm El Sheikh, Giza, Alexandria, Marsa Alam, Quseir, Soma Bay, Sahl Hasheesh, Red Sea, Makadi Bay, Cairo","priceRange":"$","currenciesAccepted":"euro","paymentAccepted":"cash on site"},{"@type":"PostalAddress","@id":"https:\/\/hurghadalovers.com\/de\/tours\/privat-el-gouna-ausfluge-nach-luxor-aswan-2-tage\/#local-main-place-address","streetAddress":"17 Banks street, Alkawther area, top nbk bank","addressLocality":"hurghada","postalCode":"84511","addressRegion":"red sea","addressCountry":"EG"},{"@type":"ImageObject","inLanguage":"de-DE","@id":"https:\/\/hurghadalovers.com\/de\/tours\/privat-el-gouna-ausfluge-nach-luxor-aswan-2-tage\/#local-main-organization-logo","url":"https:\/\/hurghadalovers.com\/wp-content\/uploads\/2019\/10\/hurghada-excursions-logo.png","contentUrl":"https:\/\/hurghadalovers.com\/wp-content\/uploads\/2019\/10\/hurghada-excursions-logo.png","width":272,"height":90,"caption":"Hurghada Excursions"}]},"product_brand":"EL Gouna Ausfl\u00fcge","product_price_amount":"400","product_price_currency":"EUR","og_availability":"instock","product_availability":"instock","product_retailer_item_id":"Gouna482024","product_condition":"new","geo.placename":"hurghada","geo.region":"Egypt"},"_links":{"self":[{"href":"https:\/\/hurghadalovers.com\/de\/wp-json\/wp\/v2\/product\/394879","targetHints":{"allow":["GET"]}}],"collection":[{"href":"https:\/\/hurghadalovers.com\/de\/wp-json\/wp\/v2\/product"}],"about":[{"href":"https:\/\/hurghadalovers.com\/de\/wp-json\/wp\/v2\/types\/product"}],"wp:featuredmedia":[{"embeddable":true,"href":"https:\/\/hurghadalovers.com\/de\/wp-json\/wp\/v2\/media\/394741"}],"wp:attachment":[{"href":"https:\/\/hurghadalovers.com\/de\/wp-json\/wp\/v2\/media?parent=394879"}],"wp:term":[{"taxonomy":"product_brand","embeddable":true,"href":"https:\/\/hurghadalovers.com\/de\/wp-json\/wp\/v2\/product_brand?post=394879"},{"taxonomy":"product_cat","embeddable":true,"href":"https:\/\/hurghadalovers.com\/de\/wp-json\/wp\/v2\/product_cat?post=394879"},{"taxonomy":"product_tag","embeddable":true,"href":"https:\/\/hurghadalovers.com\/de\/wp-json\/wp\/v2\/product_tag?post=394879"}],"curies":[{"name":"wp","href":"https:\/\/api.w.org\/{rel}","templated":true}]}}