{"id":394055,"date":"2023-09-02T12:12:19","date_gmt":"2023-09-02T12:13:35","guid":{"rendered":"https:\/\/hurghadalovers.com\/shop\/unkategorisiert\/private-kairo-tour-von-el-gouna-zu-den-pyramiden-von-gizeh-sphinx-saqqara-und-dahshur\/"},"modified":"2026-02-08T18:48:09","modified_gmt":"2026-02-08T18:48:09","slug":"privat-kairo-tour-ab-el-gouna-zur-besichtigung-der-giza-pyramiden-sphinx-saqqara-dahshur","status":"publish","type":"product","link":"https:\/\/hurghadalovers.com\/de\/tours\/privat-kairo-tour-ab-el-gouna-zur-besichtigung-der-giza-pyramiden-sphinx-saqqara-dahshur\/","title":{"rendered":"Privater Ausflug Pyramiden \u00c4gypten EL Gouna nach Sphinx, Sakkara und Dahschur"},"content":{"rendered":"<p><strong>Privater Ausflug Pyramiden \u00c4gypten EL Gouna<\/strong> nach Sphinx, Sakkara und Dahschur mit privatem F\u00fchrer, Tickets und Mittagessen.<\/p>\n<p>Entdecken Sie die Geschichte der alt\u00e4gyptischen Zivilisation, die Geheimnisse der Pharaonen der vierten Dynastie und wie die Pyramiden erbaut wurden auf einer einzigartigen und unterhaltsamen Tagestour mit uns.<\/p>\n<p style=\"text-align: center;\">\u00a0Entdecken Sie die Geheimnisse der <a href=\"https:\/\/hurghadalovers.com\/de\/pharaonen-koenige-aegypten\/\"><strong>Pharaonen<\/strong><\/a> im alten \u00c4gypten.<\/p>\n<p><strong>H\u00f6hepunkte:<\/strong><\/p>\n<ul>\n<li>Besuchen Sie die <a href=\"https:\/\/hurghadalovers.com\/de\/pyramiden-von-gizeh-kairo\/\">Pyramiden von Gizeh<\/a>.<\/li>\n<li>Besuchen Sie die <a href=\"https:\/\/hurghadalovers.com\/de\/grosse-sphinx-gizeh-kairo-aegypten\/\">Gro\u00dfe Sphinx<\/a>.<\/li>\n<li>Besuchen Sie Saqqara <a href=\"https:\/\/hurghadalovers.com\/de\/djoser-pyramide-sakkara-kairo-aegypten\/\">Djoser-Pyramide<\/a>.<\/li>\n<li>Besuchen Sie Dahshur.<\/li>\n<li>Mittagessen im Restaurant.<\/li>\n<\/ul>\n<p><strong>Einzelheiten:<\/strong><\/p>\n<ul>\n<li>Verf\u00fcgbarkeit der Tour: Jeden Tag.<\/li>\n<li>Art der Tour: Privat mit Auto oder Minivan.<\/li>\n<li>Abholzeit: Ab 01:00 Uhr nachts.<\/li>\n<li>Asking Hotel erhalten Sie Ihr Fr\u00fchst\u00fcck Tasche mit Ihnen Morgen.<\/li>\n<li>Abholzeit: 22:30 Uhr.<\/li>\n<li>F\u00fcr Rollstuhlfahrer zug\u00e4nglich.<\/li>\n<li>Dauer: 22 Stunden<\/li>\n<\/ul>\n<p><strong>Jetzt reservieren und sp\u00e4ter bezahlen:<\/strong><\/p>\n<ul>\n<li>Bargeld vor Ort zu f\u00fchren.<\/li>\n<li>Zahlung in \u00e4gyptischen Pfund, $, \u20ac oder \u00a3.<\/li>\n<\/ul>\n<p><strong>Stornierungsbedingungen:<\/strong><\/p>\n<ul>\n<li>Sie k\u00f6nnen bis zu 24 Stunden im Voraus stornieren.<\/li>\n<li>Wenn jemand aus Ihrer Familie den Vormittag absagt, zahlen Sie 50 % der Kosten.<\/li>\n<\/ul>\n<p><strong>Was ist Privater Ausflug Pyramiden \u00c4gypten EL Gouna<\/strong>\u00a0<strong>Enthalten?<\/strong><\/p>\n<ul>\n<li>Transfer von El Gouna Hotels &#8220;Hotel abholen und zur\u00fcckbringen&#8221;.<\/li>\n<li>Alle Steuern, Eintrittsgelder und Bearbeitungsgeb\u00fchren.<\/li>\n<li>Reiseleiter.<\/li>\n<li>Mittagessen im Restaurant.<\/li>\n<\/ul>\n<p><strong>Ausnahmen?<\/strong><\/p>\n<ul>\n<li>Trinkgeld.<\/li>\n<li>Die Getr\u00e4nke.<\/li>\n<li>Feluccatour &#8220;Bootsfahrt&#8221; F\u00fcr 35 min= 10$.<\/li>\n<li>Pferdekutsche in der N\u00e4he der Pyramiden.<\/li>\n<li>Eintrittskarte f\u00fcr die Gro\u00dfe Pyramide des Cheops.<\/li>\n<li>Alle nicht erw\u00e4hnten Extras.<\/li>\n<\/ul>\n<p><strong>Preise:<\/strong><\/p>\n<ul>\n<li><strong>Preis f\u00fcr Erwachsene = ab 160$ pro Person<\/strong>.<\/li>\n<li>Preis f\u00fcr Kinder &#8220;5-12\u2033= 50%.<\/li>\n<li>f\u00fcr Kinder &#8220;0-5\u2033= Kostenlos.<\/li>\n<\/ul>\n<p><strong>Bewertungen:<\/strong><\/p>\n<p>\u00fcberpr\u00fcfen Sie unsere Google Map Bewertungen als bester <a href=\"https:\/\/g.page\/r\/CUeYvkngP3wkEBM\/review\">Reiseveranstalter in Hurghada<\/a> online in <a href=\"https:\/\/hurghadalovers.com\/\">Hurghada<\/a> \u00c4gypten.<\/p>\n<p><strong>Reservierung:<\/strong><\/p>\n<p>Senden Sie Hotel + Zimmernummer + Fotop\u00e4sse an WhatsApp: <strong>+201112596434<\/strong><\/p>\n<p>Wenn Sie aus \u00c4gypten Buchen Sie jetzt online und best\u00e4tigen Sie bei der Ankunft Hotel.<\/p>\n<p><span style=\"color: #ff6600;\">&#8212;&#8212;&#8212;&#8212; | &#8212;&#8212;&#8212;&#8212;- | &#8212;&#8212;&#8212;&#8212;-<\/span><\/p>\n<p>Die Tour beginnt mit einem Besuch des \u00c4gyptischen Museums auf dem Tahrir-Platz, gefolgt von einem Mittagessen und einem Besuch des Drei-Pyramiden-Komplexes, der Sphinx-Statue und der Gr\u00e4ber der Pyramidenbauer. Schlie\u00dfen Sie sich unserer Gruppe von Touristen aus der ganzen Welt an, die Ihre Leidenschaft f\u00fcr die Entdeckung der Geheimnisse der alt\u00e4gyptischen Zivilisation teilen.<\/p>\n<ol>\n<li>Zus\u00e4tzlich zu den Vorteilen von Gruppenreisen k\u00f6nnen Sie auch die pers\u00f6nliche Aufmerksamkeit eines privaten Reiseleiters genie\u00dfen, der die Tour auf Ihre speziellen Interessen und Bed\u00fcrfnisse zuschneiden kann.<\/li>\n<li>Da es in Kairo so viel zu sehen und zu tun gibt, bieten Tagesausfl\u00fcge eine bequeme und effiziente M\u00f6glichkeit, Ihre Zeit in dieser faszinierenden Stadt optimal zu nutzen.<\/li>\n<li>Egal, ob Sie ein Geschichtsinteressierter, ein Abenteurer oder einfach nur etwas Neues erleben m\u00f6chten, Tagesausfl\u00fcge nach Kairo bieten f\u00fcr jeden etwas.<\/li>\n<\/ol>\n<p>pr\u00fcfen <a href=\"https:\/\/hurghadalovers.com\/de\/tour-category\/kairo-tagesausfluege-von-el-gouna\/\"><strong>Kairo Tagesausfl\u00fcge von El Gouna<\/strong><\/a> &#8211; <a href=\"https:\/\/hurghadalovers.com\/de\/tour-category\/el-gouna-ausfluege\/\"><strong>EL Gouna Ausfl\u00fcge<\/strong><\/a>:<\/p>\n<ul>\n<li><a href=\"https:\/\/hurghadalovers.com\/de\/tours\/el-gouna-zu-pyramiden-tagesausflug-mit-dem-bus\/\">Tagesausflug von EL Gouna zu den Pyramiden mit dem Bus<\/a><\/li>\n<li><a href=\"https:\/\/hurghadalovers.com\/de\/tours\/tagesausfluge-von-el-gouna-zu-den-pyramiden-mit-dem-minivan-kleine-gruppe\/\">Tagesausflug Von EL Gouna Nach Kairo im Minivan<\/a><\/li>\n<li><a href=\"https:\/\/hurghadalovers.com\/de\/tours\/privat-tagesausflug-von-el-gouna-kaio\/\">Privater Ausflug nach Kairo von EL Gouna<\/a><\/li>\n<li><a href=\"https:\/\/hurghadalovers.com\/de\/tours\/privat-el-gouna-taxi-transfers\/\">Privater Transfer von EL Gouna<\/a><\/li>\n<li><a href=\"https:\/\/hurghadalovers.com\/de\/tours\/el-gouna-privat-kairo-alexandria-tour-2-tage\/\">Privater Kairo und Alexandria von EL Gouna<\/a> &#8211; 2 Tage<\/li>\n<li><a href=\"https:\/\/hurghadalovers.com\/de\/tours\/el-gouna-privater-tagesausflug-nach-sakkara-dahshur-memphis-agyptisches-museum\/\">Privater Tagesausflug EL Gouna Kairo<\/a> nach Sakkara Dahshur, Memphis, \u00c4gyptisches Museum<\/li>\n<li><a href=\"https:\/\/hurghadalovers.com\/de\/tours\/privat-el-gouna-ausfluge-zu-pyramiden\/\">Privater EL Gouna Pyramiden Ausflug<\/a> nach Pyramiden von Gizeh, El Rifai und der Sultan-Hassan-Moschee<\/li>\n<li><a href=\"https:\/\/hurghadalovers.com\/de\/tours\/privat-kairo-ubernachtungs-tour-ab-el-gouna\/\">Privater Ausflug von EL Gouna nach Kairo<\/a> &#8211; 2 Tage<\/li>\n<li><a href=\"https:\/\/hurghadalovers.com\/de\/tours\/privat-el-gouna-zu-den-pyramiden-von-giza-saqqara-und-islamisches-kairo\/\">Privater EL Gouna Pyramiden Tour<\/a> nach Sakkara, Sphinx und zum islamischen Kairo<\/li>\n<li><a href=\"https:\/\/hurghadalovers.com\/de\/tours\/el-gouna-privater-tagesausflug-nach-islamisch-kairo\/\">Privater Ausflug nach islamische Kairo Von EL Gouna<\/a><\/li>\n<li><a href=\"https:\/\/hurghadalovers.com\/de\/tours\/el-gouna-privater-tagesausflug-nach-kopen-kairo\/\">Privater Ausflug nach koptische Kairo Von EL Gouna<\/a><\/li>\n<li><a href=\"https:\/\/hurghadalovers.com\/de\/tours\/privat-tagesausflug-von-el-gouna-nach-kairo-luxor-2-tage\/\">Privater Ausflug von EL Gouna nach Luxor und Kairo<\/a> &#8211; 2 Tage<\/li>\n<li>Privater Ausflug Pyramiden \u00c4gypten EL Gouna nach Sphinx, Sakkara und Dahschur<\/li>\n<\/ul>\n<p>&nbsp;<\/p>\n","protected":false},"excerpt":{"rendered":"<p>Privater Ausflug Pyramiden \u00c4gypten EL Gouna nach Sphinx, Sakkara und Dahschur mit privatem F\u00fchrer, Tickets und Mittagessen. Entdecken Sie die Geschichte der alt\u00e4gyptischen Zivilisation, die Geheimnisse der Pharaonen<\/p>\n","protected":false},"featured_media":393894,"template":"","meta":{"_joinchat":[]},"product_brand":[],"product_cat":[29817],"product_tag":[],"class_list":{"0":"post-394055","1":"product","2":"type-product","3":"status-publish","4":"has-post-thumbnail","6":"product_cat-touren","7":"tour_category-el-gouna-ausfluege","8":"tour_category-kairo-tagesausfluege-von-el-gouna","10":"first","11":"instock","12":"sale","13":"shipping-taxable","14":"purchasable","15":"product-type-tour"},"yoast_head":"<!-- This site is optimized with the Yoast SEO Premium plugin v26.9 (Yoast SEO v27.2) - https:\/\/yoast.com\/product\/yoast-seo-premium-wordpress\/ -->\n<title>Privater Ausflug Pyramiden \u00c4gypten EL Gouna nach Sakkara<\/title>\n<meta name=\"description\" content=\"Privater Ausflug Pyramiden \u00c4gypten EL Gouna nach Sphinx, Sakkara und Dahschur mit privatem F\u00fchrer, Tickets und Mittagessen. Entdecken Sie die\" \/>\n<meta name=\"robots\" content=\"index, follow, max-snippet:-1, max-image-preview:large, max-video-preview:-1\" \/>\n<link rel=\"canonical\" href=\"https:\/\/hurghadalovers.com\/de\/tours\/privat-kairo-tour-ab-el-gouna-zur-besichtigung-der-giza-pyramiden-sphinx-saqqara-dahshur\/\" \/>\n<meta property=\"og:locale\" content=\"de_DE\" \/>\n<meta property=\"og:type\" content=\"article\" \/>\n<meta property=\"og:title\" content=\"Privater Ausflug Pyramiden \u00c4gypten EL Gouna nach Sphinx, Sakkara und Dahschur\" \/>\n<meta property=\"og:description\" content=\"Privater Ausflug Pyramiden \u00c4gypten EL Gouna nach Sphinx, Sakkara und Dahschur mit privatem F\u00fchrer, Tickets und Mittagessen. Entdecken Sie die\" \/>\n<meta property=\"og:url\" content=\"https:\/\/hurghadalovers.com\/de\/tours\/privat-kairo-tour-ab-el-gouna-zur-besichtigung-der-giza-pyramiden-sphinx-saqqara-dahshur\/\" \/>\n<meta property=\"og:site_name\" content=\"Hurghada Excursions &amp; Day Trips | Booking Best Prices Tours\" \/>\n<meta property=\"article:publisher\" content=\"https:\/\/www.facebook.com\/Hurghadaloversegypt\" \/>\n<meta property=\"article:modified_time\" content=\"2026-02-08T18:48:09+00:00\" \/>\n<meta property=\"og:image\" content=\"https:\/\/hurghadalovers.com\/wp-content\/uploads\/2023\/09\/Private-Cairo-Tour-from-El-Gouna-to-visit-Giza-Pyramids.jpeg\" \/>\n\t<meta property=\"og:image:width\" content=\"1536\" \/>\n\t<meta property=\"og:image:height\" content=\"829\" \/>\n\t<meta property=\"og:image:type\" content=\"image\/jpeg\" \/>\n<meta name=\"twitter:card\" content=\"summary_large_image\" \/>\n<meta name=\"twitter:label1\" content=\"Price\" \/>\n\t<meta name=\"twitter:data1\" content=\"&euro;&nbsp;160\" \/>\n\t<meta name=\"twitter:label2\" content=\"Availability\" \/>\n\t<meta name=\"twitter:data2\" content=\"In stock\" \/>\n<script type=\"application\/ld+json\" class=\"yoast-schema-graph\">{\"@context\":\"https:\/\/schema.org\",\"@graph\":[{\"@type\":[\"WebPage\",\"ItemPage\"],\"@id\":\"https:\/\/hurghadalovers.com\/de\/tours\/privat-kairo-tour-ab-el-gouna-zur-besichtigung-der-giza-pyramiden-sphinx-saqqara-dahshur\/\",\"url\":\"https:\/\/hurghadalovers.com\/de\/tours\/privat-kairo-tour-ab-el-gouna-zur-besichtigung-der-giza-pyramiden-sphinx-saqqara-dahshur\/\",\"name\":\"Privater Ausflug Pyramiden \u00c4gypten EL Gouna nach Sakkara\",\"isPartOf\":{\"@id\":\"https:\/\/hurghadalovers.com\/de\/#website\"},\"primaryImageOfPage\":{\"@id\":\"https:\/\/hurghadalovers.com\/de\/tours\/privat-kairo-tour-ab-el-gouna-zur-besichtigung-der-giza-pyramiden-sphinx-saqqara-dahshur\/#primaryimage\"},\"image\":{\"@id\":\"https:\/\/hurghadalovers.com\/de\/tours\/privat-kairo-tour-ab-el-gouna-zur-besichtigung-der-giza-pyramiden-sphinx-saqqara-dahshur\/#primaryimage\"},\"thumbnailUrl\":\"https:\/\/hurghadalovers.com\/wp-content\/uploads\/2023\/09\/Private-Cairo-Tour-from-El-Gouna-to-visit-Giza-Pyramids.jpeg\",\"datePublished\":\"2023-09-02T12:13:35+00:00\",\"dateModified\":\"2026-02-08T18:48:09+00:00\",\"description\":\"Privater Ausflug Pyramiden \u00c4gypten EL Gouna nach Sphinx, Sakkara und Dahschur mit privatem F\u00fchrer, Tickets und Mittagessen. Entdecken Sie die\",\"breadcrumb\":{\"@id\":\"https:\/\/hurghadalovers.com\/de\/tours\/privat-kairo-tour-ab-el-gouna-zur-besichtigung-der-giza-pyramiden-sphinx-saqqara-dahshur\/#breadcrumb\"},\"inLanguage\":\"de-DE\",\"potentialAction\":[{\"@type\":\"ReadAction\",\"target\":[\"https:\/\/hurghadalovers.com\/de\/tours\/privat-kairo-tour-ab-el-gouna-zur-besichtigung-der-giza-pyramiden-sphinx-saqqara-dahshur\/\"]}]},{\"@type\":\"ImageObject\",\"inLanguage\":\"de-DE\",\"@id\":\"https:\/\/hurghadalovers.com\/de\/tours\/privat-kairo-tour-ab-el-gouna-zur-besichtigung-der-giza-pyramiden-sphinx-saqqara-dahshur\/#primaryimage\",\"url\":\"https:\/\/hurghadalovers.com\/wp-content\/uploads\/2023\/09\/Private-Cairo-Tour-from-El-Gouna-to-visit-Giza-Pyramids.jpeg\",\"contentUrl\":\"https:\/\/hurghadalovers.com\/wp-content\/uploads\/2023\/09\/Private-Cairo-Tour-from-El-Gouna-to-visit-Giza-Pyramids.jpeg\",\"width\":1536,\"height\":829,\"caption\":\"Private Kairo-Tour von El Gouna zu den Pyramiden von Gizeh\"},{\"@type\":\"BreadcrumbList\",\"@id\":\"https:\/\/hurghadalovers.com\/de\/tours\/privat-kairo-tour-ab-el-gouna-zur-besichtigung-der-giza-pyramiden-sphinx-saqqara-dahshur\/#breadcrumb\",\"itemListElement\":[{\"@type\":\"ListItem\",\"position\":1,\"name\":\"Home\",\"item\":\"https:\/\/hurghadalovers.com\/de\/\"},{\"@type\":\"ListItem\",\"position\":2,\"name\":\"Shop\",\"item\":\"https:\/\/hurghadalovers.com\/shop\/\"},{\"@type\":\"ListItem\",\"position\":3,\"name\":\"Privater Ausflug Pyramiden \u00c4gypten EL Gouna nach Sphinx, Sakkara und Dahschur\"}]},{\"@type\":\"WebSite\",\"@id\":\"https:\/\/hurghadalovers.com\/de\/#website\",\"url\":\"https:\/\/hurghadalovers.com\/de\/\",\"name\":\"Hurghada Excursions & Day Trips | Booking Best Prices Tours\",\"description\":\"Hurghada Lovers - Best Tour Operator - Excursions &amp; Things to do for Family Day Trips with kids and Couples Romantic. Unique .Hidden gems\",\"publisher\":{\"@id\":\"https:\/\/hurghadalovers.com\/de\/#organization\"},\"alternateName\":\"Hurghada Excursions\",\"potentialAction\":[{\"@type\":\"SearchAction\",\"target\":{\"@type\":\"EntryPoint\",\"urlTemplate\":\"https:\/\/hurghadalovers.com\/de\/?s={search_term_string}\"},\"query-input\":{\"@type\":\"PropertyValueSpecification\",\"valueRequired\":true,\"valueName\":\"search_term_string\"}}],\"inLanguage\":\"de-DE\"},{\"@type\":[\"Organization\",\"Place\",\"TravelAgency\"],\"@id\":\"https:\/\/hurghadalovers.com\/de\/#organization\",\"name\":\"Hurghada Excursions\",\"url\":\"https:\/\/hurghadalovers.com\/de\/\",\"logo\":{\"@id\":\"https:\/\/hurghadalovers.com\/de\/tours\/privat-kairo-tour-ab-el-gouna-zur-besichtigung-der-giza-pyramiden-sphinx-saqqara-dahshur\/#local-main-organization-logo\"},\"image\":{\"@id\":\"https:\/\/hurghadalovers.com\/de\/tours\/privat-kairo-tour-ab-el-gouna-zur-besichtigung-der-giza-pyramiden-sphinx-saqqara-dahshur\/#local-main-organization-logo\"},\"sameAs\":[\"https:\/\/www.facebook.com\/Hurghadaloversegypt\"],\"address\":{\"@id\":\"https:\/\/hurghadalovers.com\/de\/tours\/privat-kairo-tour-ab-el-gouna-zur-besichtigung-der-giza-pyramiden-sphinx-saqqara-dahshur\/#local-main-place-address\"},\"telephone\":[\"00201112596434\"],\"contactPoint\":{\"@type\":\"ContactPoint\",\"telephone\":\"00201112596434\",\"email\":\"weyouface@gmail.com\"},\"openingHoursSpecification\":{\"@type\":\"OpeningHoursSpecification\",\"dayOfWeek\":[\"Monday\",\"Tuesday\",\"Wednesday\",\"Thursday\",\"Friday\",\"Saturday\",\"Sunday\"],\"opens\":\"00:00\",\"closes\":\"23:59\"},\"email\":\"weyouface@gmail.com\",\"areaServed\":\"Luxor, Hurghada, El Gouna, Aswan, Sharm El Sheikh, Giza, Alexandria, Marsa Alam, Quseir, Soma Bay, Sahl Hasheesh, Red Sea, Makadi Bay, Cairo\",\"priceRange\":\"$\",\"currenciesAccepted\":\"euro\",\"paymentAccepted\":\"cash on site\"},{\"@type\":\"PostalAddress\",\"@id\":\"https:\/\/hurghadalovers.com\/de\/tours\/privat-kairo-tour-ab-el-gouna-zur-besichtigung-der-giza-pyramiden-sphinx-saqqara-dahshur\/#local-main-place-address\",\"streetAddress\":\"17 Banks street, Alkawther area, top nbk bank\",\"addressLocality\":\"hurghada\",\"postalCode\":\"84511\",\"addressRegion\":\"red sea\",\"addressCountry\":\"EG\"},{\"@type\":\"ImageObject\",\"inLanguage\":\"de-DE\",\"@id\":\"https:\/\/hurghadalovers.com\/de\/tours\/privat-kairo-tour-ab-el-gouna-zur-besichtigung-der-giza-pyramiden-sphinx-saqqara-dahshur\/#local-main-organization-logo\",\"url\":\"https:\/\/hurghadalovers.com\/wp-content\/uploads\/2019\/10\/hurghada-excursions-logo.png\",\"contentUrl\":\"https:\/\/hurghadalovers.com\/wp-content\/uploads\/2019\/10\/hurghada-excursions-logo.png\",\"width\":272,\"height\":90,\"caption\":\"Hurghada Excursions\"}]}<\/script>\n<meta property=\"product:brand\" content=\"EL Gouna Ausfl\u00fcge\" \/>\n<meta property=\"product:price:amount\" content=\"160\" \/>\n<meta property=\"product:price:currency\" content=\"EUR\" \/>\n<meta property=\"og:availability\" content=\"instock\" \/>\n<meta property=\"product:availability\" content=\"instock\" \/>\n<meta property=\"product:retailer_item_id\" content=\"Gouna062024\" \/>\n<meta property=\"product:condition\" content=\"new\" \/>\n<meta name=\"geo.placename\" content=\"hurghada\" \/>\n<meta name=\"geo.region\" content=\"Egypt\" \/>\n<!-- \/ Yoast SEO Premium plugin. -->","yoast_head_json":{"title":"Privater Ausflug Pyramiden \u00c4gypten EL Gouna nach Sakkara","description":"Privater Ausflug Pyramiden \u00c4gypten EL Gouna nach Sphinx, Sakkara und Dahschur mit privatem F\u00fchrer, Tickets und Mittagessen. Entdecken Sie die","robots":{"index":"index","follow":"follow","max-snippet":"max-snippet:-1","max-image-preview":"max-image-preview:large","max-video-preview":"max-video-preview:-1"},"canonical":"https:\/\/hurghadalovers.com\/de\/tours\/privat-kairo-tour-ab-el-gouna-zur-besichtigung-der-giza-pyramiden-sphinx-saqqara-dahshur\/","og_locale":"de_DE","og_type":"article","og_title":"Privater Ausflug Pyramiden \u00c4gypten EL Gouna nach Sphinx, Sakkara und Dahschur","og_description":"Privater Ausflug Pyramiden \u00c4gypten EL Gouna nach Sphinx, Sakkara und Dahschur mit privatem F\u00fchrer, Tickets und Mittagessen. Entdecken Sie die","og_url":"https:\/\/hurghadalovers.com\/de\/tours\/privat-kairo-tour-ab-el-gouna-zur-besichtigung-der-giza-pyramiden-sphinx-saqqara-dahshur\/","og_site_name":"Hurghada Excursions &amp; Day Trips | Booking Best Prices Tours","article_publisher":"https:\/\/www.facebook.com\/Hurghadaloversegypt","article_modified_time":"2026-02-08T18:48:09+00:00","og_image":[{"width":1536,"height":829,"url":"https:\/\/hurghadalovers.com\/wp-content\/uploads\/2023\/09\/Private-Cairo-Tour-from-El-Gouna-to-visit-Giza-Pyramids.jpeg","type":"image\/jpeg"}],"twitter_card":"summary_large_image","twitter_misc":{"Price":"&euro;&nbsp;160","Availability":"In stock"},"schema":{"@context":"https:\/\/schema.org","@graph":[{"@type":["WebPage","ItemPage"],"@id":"https:\/\/hurghadalovers.com\/de\/tours\/privat-kairo-tour-ab-el-gouna-zur-besichtigung-der-giza-pyramiden-sphinx-saqqara-dahshur\/","url":"https:\/\/hurghadalovers.com\/de\/tours\/privat-kairo-tour-ab-el-gouna-zur-besichtigung-der-giza-pyramiden-sphinx-saqqara-dahshur\/","name":"Privater Ausflug Pyramiden \u00c4gypten EL Gouna nach Sakkara","isPartOf":{"@id":"https:\/\/hurghadalovers.com\/de\/#website"},"primaryImageOfPage":{"@id":"https:\/\/hurghadalovers.com\/de\/tours\/privat-kairo-tour-ab-el-gouna-zur-besichtigung-der-giza-pyramiden-sphinx-saqqara-dahshur\/#primaryimage"},"image":{"@id":"https:\/\/hurghadalovers.com\/de\/tours\/privat-kairo-tour-ab-el-gouna-zur-besichtigung-der-giza-pyramiden-sphinx-saqqara-dahshur\/#primaryimage"},"thumbnailUrl":"https:\/\/hurghadalovers.com\/wp-content\/uploads\/2023\/09\/Private-Cairo-Tour-from-El-Gouna-to-visit-Giza-Pyramids.jpeg","datePublished":"2023-09-02T12:13:35+00:00","dateModified":"2026-02-08T18:48:09+00:00","description":"Privater Ausflug Pyramiden \u00c4gypten EL Gouna nach Sphinx, Sakkara und Dahschur mit privatem F\u00fchrer, Tickets und Mittagessen. Entdecken Sie die","breadcrumb":{"@id":"https:\/\/hurghadalovers.com\/de\/tours\/privat-kairo-tour-ab-el-gouna-zur-besichtigung-der-giza-pyramiden-sphinx-saqqara-dahshur\/#breadcrumb"},"inLanguage":"de-DE","potentialAction":[{"@type":"ReadAction","target":["https:\/\/hurghadalovers.com\/de\/tours\/privat-kairo-tour-ab-el-gouna-zur-besichtigung-der-giza-pyramiden-sphinx-saqqara-dahshur\/"]}]},{"@type":"ImageObject","inLanguage":"de-DE","@id":"https:\/\/hurghadalovers.com\/de\/tours\/privat-kairo-tour-ab-el-gouna-zur-besichtigung-der-giza-pyramiden-sphinx-saqqara-dahshur\/#primaryimage","url":"https:\/\/hurghadalovers.com\/wp-content\/uploads\/2023\/09\/Private-Cairo-Tour-from-El-Gouna-to-visit-Giza-Pyramids.jpeg","contentUrl":"https:\/\/hurghadalovers.com\/wp-content\/uploads\/2023\/09\/Private-Cairo-Tour-from-El-Gouna-to-visit-Giza-Pyramids.jpeg","width":1536,"height":829,"caption":"Private Kairo-Tour von El Gouna zu den Pyramiden von Gizeh"},{"@type":"BreadcrumbList","@id":"https:\/\/hurghadalovers.com\/de\/tours\/privat-kairo-tour-ab-el-gouna-zur-besichtigung-der-giza-pyramiden-sphinx-saqqara-dahshur\/#breadcrumb","itemListElement":[{"@type":"ListItem","position":1,"name":"Home","item":"https:\/\/hurghadalovers.com\/de\/"},{"@type":"ListItem","position":2,"name":"Shop","item":"https:\/\/hurghadalovers.com\/shop\/"},{"@type":"ListItem","position":3,"name":"Privater Ausflug Pyramiden \u00c4gypten EL Gouna nach Sphinx, Sakkara und Dahschur"}]},{"@type":"WebSite","@id":"https:\/\/hurghadalovers.com\/de\/#website","url":"https:\/\/hurghadalovers.com\/de\/","name":"Hurghada Excursions & Day Trips | Booking Best Prices Tours","description":"Hurghada Lovers - Best Tour Operator - Excursions &amp; Things to do for Family Day Trips with kids and Couples Romantic. Unique .Hidden gems","publisher":{"@id":"https:\/\/hurghadalovers.com\/de\/#organization"},"alternateName":"Hurghada Excursions","potentialAction":[{"@type":"SearchAction","target":{"@type":"EntryPoint","urlTemplate":"https:\/\/hurghadalovers.com\/de\/?s={search_term_string}"},"query-input":{"@type":"PropertyValueSpecification","valueRequired":true,"valueName":"search_term_string"}}],"inLanguage":"de-DE"},{"@type":["Organization","Place","TravelAgency"],"@id":"https:\/\/hurghadalovers.com\/de\/#organization","name":"Hurghada Excursions","url":"https:\/\/hurghadalovers.com\/de\/","logo":{"@id":"https:\/\/hurghadalovers.com\/de\/tours\/privat-kairo-tour-ab-el-gouna-zur-besichtigung-der-giza-pyramiden-sphinx-saqqara-dahshur\/#local-main-organization-logo"},"image":{"@id":"https:\/\/hurghadalovers.com\/de\/tours\/privat-kairo-tour-ab-el-gouna-zur-besichtigung-der-giza-pyramiden-sphinx-saqqara-dahshur\/#local-main-organization-logo"},"sameAs":["https:\/\/www.facebook.com\/Hurghadaloversegypt"],"address":{"@id":"https:\/\/hurghadalovers.com\/de\/tours\/privat-kairo-tour-ab-el-gouna-zur-besichtigung-der-giza-pyramiden-sphinx-saqqara-dahshur\/#local-main-place-address"},"telephone":["00201112596434"],"contactPoint":{"@type":"ContactPoint","telephone":"00201112596434","email":"weyouface@gmail.com"},"openingHoursSpecification":{"@type":"OpeningHoursSpecification","dayOfWeek":["Monday","Tuesday","Wednesday","Thursday","Friday","Saturday","Sunday"],"opens":"00:00","closes":"23:59"},"email":"weyouface@gmail.com","areaServed":"Luxor, Hurghada, El Gouna, Aswan, Sharm El Sheikh, Giza, Alexandria, Marsa Alam, Quseir, Soma Bay, Sahl Hasheesh, Red Sea, Makadi Bay, Cairo","priceRange":"$","currenciesAccepted":"euro","paymentAccepted":"cash on site"},{"@type":"PostalAddress","@id":"https:\/\/hurghadalovers.com\/de\/tours\/privat-kairo-tour-ab-el-gouna-zur-besichtigung-der-giza-pyramiden-sphinx-saqqara-dahshur\/#local-main-place-address","streetAddress":"17 Banks street, Alkawther area, top nbk bank","addressLocality":"hurghada","postalCode":"84511","addressRegion":"red sea","addressCountry":"EG"},{"@type":"ImageObject","inLanguage":"de-DE","@id":"https:\/\/hurghadalovers.com\/de\/tours\/privat-kairo-tour-ab-el-gouna-zur-besichtigung-der-giza-pyramiden-sphinx-saqqara-dahshur\/#local-main-organization-logo","url":"https:\/\/hurghadalovers.com\/wp-content\/uploads\/2019\/10\/hurghada-excursions-logo.png","contentUrl":"https:\/\/hurghadalovers.com\/wp-content\/uploads\/2019\/10\/hurghada-excursions-logo.png","width":272,"height":90,"caption":"Hurghada Excursions"}]},"product_brand":"EL Gouna Ausfl\u00fcge","product_price_amount":"160","product_price_currency":"EUR","og_availability":"instock","product_availability":"instock","product_retailer_item_id":"Gouna062024","product_condition":"new","geo.placename":"hurghada","geo.region":"Egypt"},"_links":{"self":[{"href":"https:\/\/hurghadalovers.com\/de\/wp-json\/wp\/v2\/product\/394055","targetHints":{"allow":["GET"]}}],"collection":[{"href":"https:\/\/hurghadalovers.com\/de\/wp-json\/wp\/v2\/product"}],"about":[{"href":"https:\/\/hurghadalovers.com\/de\/wp-json\/wp\/v2\/types\/product"}],"wp:featuredmedia":[{"embeddable":true,"href":"https:\/\/hurghadalovers.com\/de\/wp-json\/wp\/v2\/media\/393894"}],"wp:attachment":[{"href":"https:\/\/hurghadalovers.com\/de\/wp-json\/wp\/v2\/media?parent=394055"}],"wp:term":[{"taxonomy":"product_brand","embeddable":true,"href":"https:\/\/hurghadalovers.com\/de\/wp-json\/wp\/v2\/product_brand?post=394055"},{"taxonomy":"product_cat","embeddable":true,"href":"https:\/\/hurghadalovers.com\/de\/wp-json\/wp\/v2\/product_cat?post=394055"},{"taxonomy":"product_tag","embeddable":true,"href":"https:\/\/hurghadalovers.com\/de\/wp-json\/wp\/v2\/product_tag?post=394055"}],"curies":[{"name":"wp","href":"https:\/\/api.w.org\/{rel}","templated":true}]}}