{"id":393975,"date":"2023-09-02T12:04:50","date_gmt":"2023-09-02T12:07:17","guid":{"rendered":"https:\/\/hurghadalovers.com\/shop\/unkategorisiert\/privat-el-gouna-zu-den-pyramiden-von-gizeh-saqqara-und-dem-islamischen-kairo\/"},"modified":"2025-12-31T15:18:41","modified_gmt":"2025-12-31T15:18:41","slug":"privat-el-gouna-zu-den-pyramiden-von-giza-saqqara-und-islamisches-kairo","status":"publish","type":"product","link":"https:\/\/hurghadalovers.com\/de\/tours\/privat-el-gouna-zu-den-pyramiden-von-giza-saqqara-und-islamisches-kairo\/","title":{"rendered":"Privater EL Gouna Pyramiden Tour nach Sakkara, Sphinx und zum islamischen Kairo"},"content":{"rendered":"<p><strong>Privater EL Gouna Pyramiden Tour<\/strong> nach <a href=\"https:\/\/hurghadalovers.com\/de\/category\/egypt-de\/aegypten-sehenswuerdigkeiten\/saqqara-attractions\/\" target=\"_blank\" rel=\"noopener\">Sakkara<\/a>, Sphinx und zum islamischen Kairo mit privatem F\u00fchrer, Tickets und Mittagessen.<\/p>\n<p>Buchen Sie die sch\u00f6nsten Tagestouren von El Gouna aus, um die <strong>Pyramiden<\/strong>, die Pyramide von <strong>Saqqara<\/strong>, die wichtigsten Moscheen und <strong>islamischen<\/strong> Denkm\u00e4ler im alten <a href=\"https:\/\/hurghadalovers.com\/de\/category\/egypt-de\/aegypten-sehenswuerdigkeiten\/kairo-sehenswuerdigkeiten\/\" target=\"_blank\" rel=\"noopener\">Kairo<\/a> zu besichtigen, um neue Geschichte und Fakten \u00fcber die Pharaonen und die <a href=\"https:\/\/hurghadalovers.com\/de\/category\/egypt-de\/history-of-egypt-de\/alte-pharaonische-zivilisation\/\">Altes \u00c4gypten<\/a>\u00a0Zivilisation zu entdecken.<\/p>\n<p><strong>H\u00f6hepunkte:<\/strong><\/p>\n<ul>\n<li><a href=\"https:\/\/hurghadalovers.com\/de\/pyramiden-von-gizeh-kairo\/\">Pyramiden von Gizeh<\/a>.<\/li>\n<li><a href=\"https:\/\/hurghadalovers.com\/de\/grosse-sphinx-gizeh-kairo-aegypten\/\">Gro\u00dfe Sphinx<\/a>.<\/li>\n<li>Tal-Tempel.<\/li>\n<li><a href=\"https:\/\/hurghadalovers.com\/de\/djoser-pyramide-sakkara-kairo-aegypten\/\">Djoser-Pyramide<\/a> Saqqara<\/li>\n<li>Zitadelle von Kairo &#8220;<a href=\"https:\/\/hurghadalovers.com\/de\/citadel-of-saladin\/\">Zitadelle von Saladin<\/a>&#8220;<\/li>\n<li><a href=\"https:\/\/hurghadalovers.com\/de\/the-ibn-tulun-mosque-in-cairo\/\">Die\u00a0Ibn-Tulun-Moschee<\/a><\/li>\n<li><a href=\"https:\/\/hurghadalovers.com\/de\/sultan-hassan-mosque-in-cairo\/\">Sultan-Hassan-Moschee<\/a>.<\/li>\n<li>Mittagessen im Restaurant.<\/li>\n<\/ul>\n<p><strong>Privater EL Gouna Pyramiden Tour Details:<\/strong><\/p>\n<ul>\n<li>Verf\u00fcgbarkeit der Tour: Jeden Tag.<\/li>\n<li>Art der Tour: Privat mit Auto oder Minivan.<\/li>\n<li>Abholzeit: Ab 12:30 Uhr.<\/li>\n<li>Asking Hotel erhalten Sie Ihr Fr\u00fchst\u00fcck Tasche mit Ihnen Morgen.<\/li>\n<li>Abholzeit: 20:30 Uhr.<\/li>\n<li>F\u00fcr Rollstuhlfahrer zug\u00e4nglich.<\/li>\n<li>Dauer: 22 Std.<\/li>\n<\/ul>\n<p><strong>Jetzt reservieren und sp\u00e4ter bezahlen:<\/strong><\/p>\n<ul>\n<li>Bargeld vor Ort zu f\u00fchren.<\/li>\n<li>Zahlung in \u00e4gyptischen Pfund, $, \u20ac oder \u00a3.<\/li>\n<\/ul>\n<p><strong>Stornierungsbedingungen:<\/strong><\/p>\n<ul>\n<li>Sie k\u00f6nnen bis zu 24 Stunden im Voraus stornieren.<\/li>\n<li>Wenn jemand aus Ihrer Familie den Vormittag absagt, zahlen Sie 50 % der Kosten.<\/li>\n<\/ul>\n<p><strong>Was ist inbegriffen?<\/strong><\/p>\n<ul>\n<li>Transfer von El Gouna Hotels &#8220;Hotel abholen und zur\u00fcckbringen&#8221;.<\/li>\n<li>Alle Steuern, Eintrittsgelder und Bearbeitungsgeb\u00fchren.<\/li>\n<li>\u00dcberweisungen.<\/li>\n<li>Reiseleiter.<\/li>\n<li>Die Getr\u00e4nke.<\/li>\n<li>Mittagessen im Restaurant.<\/li>\n<\/ul>\n<p><strong>Ausnahmen?<\/strong><\/p>\n<ul>\n<li>Trinkgeld.<\/li>\n<li>Feluccatour &#8220;Bootsfahrt&#8221; F\u00fcr 35 min= 10$.<\/li>\n<li>Alle nicht erw\u00e4hnten Extras.<\/li>\n<\/ul>\n<p><strong>Preise:<\/strong><\/p>\n<ul>\n<li><strong>Preis f\u00fcr Erwachsene = ab 190$ pro Person<\/strong>.<\/li>\n<li>Preis f\u00fcr Kinder &#8220;5-12\u2033= 50%.<\/li>\n<li>f\u00fcr Kinder &#8220;0-5\u2033= Kostenlos.<\/li>\n<\/ul>\n<p><strong>Bewertungen:<\/strong><\/p>\n<p>\u00fcberpr\u00fcfen Sie unsere Google Map Bewertungen als bester <a href=\"https:\/\/g.page\/r\/CUeYvkngP3wkEBM\/review\">Reiseveranstalter in Hurghada<\/a> online in <a href=\"https:\/\/hurghadalovers.com\/\">Hurghada<\/a> \u00c4gypten.<\/p>\n<p><strong>Reservierung:<\/strong><\/p>\n<p>Senden Sie Hotel + Zimmernummer + Fotop\u00e4sse an WhatsApp: <strong>+201112596434<\/strong><\/p>\n<p>Wenn Sie aus \u00c4gypten Buchen Sie jetzt online und best\u00e4tigen Sie bei der Ankunft Hotel.<\/p>\n<p><span style=\"color: #ff6600;\">&#8212;&#8212;&#8212;&#8212; | &#8212;&#8212;&#8212;&#8212;- | &#8212;&#8212;&#8212;&#8212;-<\/span><\/p>\n<p><strong>Vorteile:<\/strong><\/p>\n<ol>\n<li>Private Touren &#8211; Mehr Zeit, Privatsph\u00e4re und Freiheit<\/li>\n<li>Mit der exklusiven Private Tour sparen Sie wertvolle Zeit.<\/li>\n<li>Sie verbringen weniger Zeit mit der Reise von und nach El Gouna nach Kairo, mindestens zwei Stunden weniger.<\/li>\n<li>Genie\u00dfen Sie mehr Zeit, um die Pyramiden und Sehensw\u00fcrdigkeiten wie die Gro\u00dfe Pyramide von Gizeh und die Pyramide von Chephren zu erkunden.<\/li>\n<li>Machen Sie Fotos rund um die Menkaure-Pyramide, reiten Sie zu einem erschwinglichen Preis auf Kamelen und arabischen Pferden und besuchen Sie in Ihrer Freizeit sogar das \u00c4gyptische Museum in Tahrir.<\/li>\n<\/ol>\n<p>pr\u00fcfen <a href=\"https:\/\/hurghadalovers.com\/de\/tour-category\/kairo-tagesausfluege-von-el-gouna\/\"><strong>Kairo Tagesausfl\u00fcge von El Gouna<\/strong><\/a> &#8211; <a href=\"https:\/\/hurghadalovers.com\/de\/tour-category\/el-gouna-ausfluege\/\"><strong>EL Gouna Ausfl\u00fcge<\/strong><\/a>:<\/p>\n<ul>\n<li><a href=\"https:\/\/hurghadalovers.com\/de\/tours\/el-gouna-zu-pyramiden-tagesausflug-mit-dem-bus\/\">Tagesausflug von EL Gouna zu den Pyramiden mit dem Bus<\/a><\/li>\n<li><a href=\"https:\/\/hurghadalovers.com\/de\/tours\/tagesausfluge-von-el-gouna-zu-den-pyramiden-mit-dem-minivan-kleine-gruppe\/\">Tagesausflug Von EL Gouna Nach Kairo im Minivan<\/a><\/li>\n<li><a href=\"https:\/\/hurghadalovers.com\/de\/tours\/privat-tagesausflug-von-el-gouna-kaio\/\">Privater Ausflug nach Kairo von EL Gouna<\/a><\/li>\n<li><a href=\"https:\/\/hurghadalovers.com\/de\/tours\/privat-el-gouna-taxi-transfers\/\">Privater Transfer von EL Gouna<\/a><\/li>\n<li><a href=\"https:\/\/hurghadalovers.com\/de\/tours\/el-gouna-privat-kairo-alexandria-tour-2-tage\/\">Privater Kairo und Alexandria von EL Gouna<\/a> &#8211; 2 Tage<\/li>\n<li><a href=\"https:\/\/hurghadalovers.com\/de\/tours\/el-gouna-privater-tagesausflug-nach-sakkara-dahshur-memphis-agyptisches-museum\/\">Privater Tagesausflug EL Gouna Kairo<\/a> nach Sakkara Dahshur, Memphis, \u00c4gyptisches Museum<\/li>\n<li><a href=\"https:\/\/hurghadalovers.com\/de\/tours\/privat-el-gouna-ausfluge-zu-pyramiden\/\">Privater EL Gouna Pyramiden Ausflug<\/a> nach Pyramiden von Gizeh, El Rifai und der Sultan-Hassan-Moschee<\/li>\n<li><a href=\"https:\/\/hurghadalovers.com\/de\/tours\/privat-kairo-ubernachtungs-tour-ab-el-gouna\/\">Privater Ausflug von EL Gouna nach Kairo<\/a> &#8211; 2 Tage<\/li>\n<li>Privater EL Gouna Pyramiden Tour nach Sakkara, Sphinx und zum islamischen Kairo<\/li>\n<li><a href=\"https:\/\/hurghadalovers.com\/de\/tours\/el-gouna-privater-tagesausflug-nach-islamisch-kairo\/\">Privater Ausflug nach islamische Kairo Von EL Gouna<\/a><\/li>\n<li><a href=\"https:\/\/hurghadalovers.com\/de\/tours\/el-gouna-privater-tagesausflug-nach-kopen-kairo\/\">Privater Ausflug nach koptische Kairo Von EL Gouna<\/a><\/li>\n<li><a href=\"https:\/\/hurghadalovers.com\/de\/tours\/privat-tagesausflug-von-el-gouna-nach-kairo-luxor-2-tage\/\">Privater Ausflug von EL Gouna nach Luxor und Kairo<\/a> &#8211; 2 Tage<\/li>\n<li><a href=\"https:\/\/hurghadalovers.com\/de\/tours\/privat-kairo-tour-ab-el-gouna-zur-besichtigung-der-giza-pyramiden-sphinx-saqqara-dahshur\/\">Privater Ausflug Pyramiden \u00c4gypten EL Gouna<\/a> nach Sphinx, Sakkara und Dahschur<\/li>\n<\/ul>\n<p>&nbsp;<\/p>\n","protected":false},"excerpt":{"rendered":"<p>Privater EL Gouna Pyramiden Tour nach Sakkara, Sphinx und zum islamischen Kairo mit privatem F\u00fchrer, Tickets und Mittagessen.<\/p>\n<p>Buchen Sie die sch\u00f6nsten Touren f\u00fcr einen besonderen Tag<\/p>\n","protected":false},"featured_media":396706,"template":"","meta":{"_joinchat":[]},"product_brand":[],"product_cat":[29817],"product_tag":[],"class_list":{"0":"post-393975","1":"product","2":"type-product","3":"status-publish","4":"has-post-thumbnail","6":"product_cat-touren","7":"tour_category-el-gouna-ausfluege","8":"tour_category-kairo-tagesausfluege-von-el-gouna","10":"first","11":"instock","12":"sale","13":"shipping-taxable","14":"purchasable","15":"product-type-tour"},"yoast_head":"<!-- This site is optimized with the Yoast SEO Premium plugin v26.9 (Yoast SEO v27.2) - https:\/\/yoast.com\/product\/yoast-seo-premium-wordpress\/ -->\n<title>Privater EL Gouna Pyramiden Tour nach Sakkara, Sphinx und zum<\/title>\n<meta name=\"description\" content=\"Privater EL Gouna Pyramiden Tour nach Sakkara, Sphinx und zum islamischen Kairo mit privatem F\u00fchrer, Tickets und Mittagessen. Buchen Sie die sch\u00f6nsten\" \/>\n<meta name=\"robots\" content=\"index, follow, max-snippet:-1, max-image-preview:large, max-video-preview:-1\" \/>\n<link rel=\"canonical\" href=\"https:\/\/hurghadalovers.com\/de\/tours\/privat-el-gouna-zu-den-pyramiden-von-giza-saqqara-und-islamisches-kairo\/\" \/>\n<meta property=\"og:locale\" content=\"de_DE\" \/>\n<meta property=\"og:type\" content=\"article\" \/>\n<meta property=\"og:title\" content=\"Privater EL Gouna Pyramiden Tour nach Sakkara, Sphinx und zum islamischen Kairo\" \/>\n<meta property=\"og:description\" content=\"Privater EL Gouna Pyramiden Tour nach Sakkara, Sphinx und zum islamischen Kairo mit privatem F\u00fchrer, Tickets und Mittagessen. Buchen Sie die sch\u00f6nsten\" \/>\n<meta property=\"og:url\" content=\"https:\/\/hurghadalovers.com\/de\/tours\/privat-el-gouna-zu-den-pyramiden-von-giza-saqqara-und-islamisches-kairo\/\" \/>\n<meta property=\"og:site_name\" content=\"Hurghada Excursions &amp; Day Trips | Booking Best Prices Tours\" \/>\n<meta property=\"article:publisher\" content=\"https:\/\/www.facebook.com\/Hurghadaloversegypt\" \/>\n<meta property=\"article:modified_time\" content=\"2025-12-31T15:18:41+00:00\" \/>\n<meta property=\"og:image\" content=\"https:\/\/hurghadalovers.com\/wp-content\/uploads\/2023\/09\/El-Gouna-to-Pyramids-Day-Trip-by-Bus.jpeg\" \/>\n\t<meta property=\"og:image:width\" content=\"1536\" \/>\n\t<meta property=\"og:image:height\" content=\"1021\" \/>\n\t<meta property=\"og:image:type\" content=\"image\/jpeg\" \/>\n<meta name=\"twitter:card\" content=\"summary_large_image\" \/>\n<meta name=\"twitter:label1\" content=\"Price\" \/>\n\t<meta name=\"twitter:data1\" content=\"&euro;&nbsp;190\" \/>\n\t<meta name=\"twitter:label2\" content=\"Availability\" \/>\n\t<meta name=\"twitter:data2\" content=\"In stock\" \/>\n<script type=\"application\/ld+json\" class=\"yoast-schema-graph\">{\"@context\":\"https:\/\/schema.org\",\"@graph\":[{\"@type\":[\"WebPage\",\"ItemPage\"],\"@id\":\"https:\/\/hurghadalovers.com\/de\/tours\/privat-el-gouna-zu-den-pyramiden-von-giza-saqqara-und-islamisches-kairo\/\",\"url\":\"https:\/\/hurghadalovers.com\/de\/tours\/privat-el-gouna-zu-den-pyramiden-von-giza-saqqara-und-islamisches-kairo\/\",\"name\":\"Privater EL Gouna Pyramiden Tour nach Sakkara, Sphinx und zum\",\"isPartOf\":{\"@id\":\"https:\/\/hurghadalovers.com\/de\/#website\"},\"primaryImageOfPage\":{\"@id\":\"https:\/\/hurghadalovers.com\/de\/tours\/privat-el-gouna-zu-den-pyramiden-von-giza-saqqara-und-islamisches-kairo\/#primaryimage\"},\"image\":{\"@id\":\"https:\/\/hurghadalovers.com\/de\/tours\/privat-el-gouna-zu-den-pyramiden-von-giza-saqqara-und-islamisches-kairo\/#primaryimage\"},\"thumbnailUrl\":\"https:\/\/hurghadalovers.com\/wp-content\/uploads\/2023\/09\/El-Gouna-to-Pyramids-Day-Trip-by-Bus.jpeg\",\"datePublished\":\"2023-09-02T12:07:17+00:00\",\"dateModified\":\"2025-12-31T15:18:41+00:00\",\"description\":\"Privater EL Gouna Pyramiden Tour nach Sakkara, Sphinx und zum islamischen Kairo mit privatem F\u00fchrer, Tickets und Mittagessen. Buchen Sie die sch\u00f6nsten\",\"breadcrumb\":{\"@id\":\"https:\/\/hurghadalovers.com\/de\/tours\/privat-el-gouna-zu-den-pyramiden-von-giza-saqqara-und-islamisches-kairo\/#breadcrumb\"},\"inLanguage\":\"de-DE\",\"potentialAction\":[{\"@type\":\"ReadAction\",\"target\":[\"https:\/\/hurghadalovers.com\/de\/tours\/privat-el-gouna-zu-den-pyramiden-von-giza-saqqara-und-islamisches-kairo\/\"]}]},{\"@type\":\"ImageObject\",\"inLanguage\":\"de-DE\",\"@id\":\"https:\/\/hurghadalovers.com\/de\/tours\/privat-el-gouna-zu-den-pyramiden-von-giza-saqqara-und-islamisches-kairo\/#primaryimage\",\"url\":\"https:\/\/hurghadalovers.com\/wp-content\/uploads\/2023\/09\/El-Gouna-to-Pyramids-Day-Trip-by-Bus.jpeg\",\"contentUrl\":\"https:\/\/hurghadalovers.com\/wp-content\/uploads\/2023\/09\/El-Gouna-to-Pyramids-Day-Trip-by-Bus.jpeg\",\"width\":1536,\"height\":1021,\"caption\":\"Tagesausflug mit dem Bus von El Gouna zu den Pyramiden\"},{\"@type\":\"BreadcrumbList\",\"@id\":\"https:\/\/hurghadalovers.com\/de\/tours\/privat-el-gouna-zu-den-pyramiden-von-giza-saqqara-und-islamisches-kairo\/#breadcrumb\",\"itemListElement\":[{\"@type\":\"ListItem\",\"position\":1,\"name\":\"Home\",\"item\":\"https:\/\/hurghadalovers.com\/de\/\"},{\"@type\":\"ListItem\",\"position\":2,\"name\":\"Shop\",\"item\":\"https:\/\/hurghadalovers.com\/shop\/\"},{\"@type\":\"ListItem\",\"position\":3,\"name\":\"Privater EL Gouna Pyramiden Tour nach Sakkara, Sphinx und zum islamischen Kairo\"}]},{\"@type\":\"WebSite\",\"@id\":\"https:\/\/hurghadalovers.com\/de\/#website\",\"url\":\"https:\/\/hurghadalovers.com\/de\/\",\"name\":\"Hurghada Excursions & Day Trips | Booking Best Prices Tours\",\"description\":\"Hurghada Lovers - Best Tour Operator - Excursions &amp; Things to do for Family Day Trips with kids and Couples Romantic. Unique .Hidden gems\",\"publisher\":{\"@id\":\"https:\/\/hurghadalovers.com\/de\/#organization\"},\"alternateName\":\"Hurghada Excursions\",\"potentialAction\":[{\"@type\":\"SearchAction\",\"target\":{\"@type\":\"EntryPoint\",\"urlTemplate\":\"https:\/\/hurghadalovers.com\/de\/?s={search_term_string}\"},\"query-input\":{\"@type\":\"PropertyValueSpecification\",\"valueRequired\":true,\"valueName\":\"search_term_string\"}}],\"inLanguage\":\"de-DE\"},{\"@type\":[\"Organization\",\"Place\",\"TravelAgency\"],\"@id\":\"https:\/\/hurghadalovers.com\/de\/#organization\",\"name\":\"Hurghada Excursions\",\"url\":\"https:\/\/hurghadalovers.com\/de\/\",\"logo\":{\"@id\":\"https:\/\/hurghadalovers.com\/de\/tours\/privat-el-gouna-zu-den-pyramiden-von-giza-saqqara-und-islamisches-kairo\/#local-main-organization-logo\"},\"image\":{\"@id\":\"https:\/\/hurghadalovers.com\/de\/tours\/privat-el-gouna-zu-den-pyramiden-von-giza-saqqara-und-islamisches-kairo\/#local-main-organization-logo\"},\"sameAs\":[\"https:\/\/www.facebook.com\/Hurghadaloversegypt\"],\"address\":{\"@id\":\"https:\/\/hurghadalovers.com\/de\/tours\/privat-el-gouna-zu-den-pyramiden-von-giza-saqqara-und-islamisches-kairo\/#local-main-place-address\"},\"telephone\":[\"00201112596434\"],\"contactPoint\":{\"@type\":\"ContactPoint\",\"telephone\":\"00201112596434\",\"email\":\"weyouface@gmail.com\"},\"openingHoursSpecification\":{\"@type\":\"OpeningHoursSpecification\",\"dayOfWeek\":[\"Monday\",\"Tuesday\",\"Wednesday\",\"Thursday\",\"Friday\",\"Saturday\",\"Sunday\"],\"opens\":\"00:00\",\"closes\":\"23:59\"},\"email\":\"weyouface@gmail.com\",\"areaServed\":\"Luxor, Hurghada, El Gouna, Aswan, Sharm El Sheikh, Giza, Alexandria, Marsa Alam, Quseir, Soma Bay, Sahl Hasheesh, Red Sea, Makadi Bay, Cairo\",\"priceRange\":\"$\",\"currenciesAccepted\":\"euro\",\"paymentAccepted\":\"cash on site\"},{\"@type\":\"PostalAddress\",\"@id\":\"https:\/\/hurghadalovers.com\/de\/tours\/privat-el-gouna-zu-den-pyramiden-von-giza-saqqara-und-islamisches-kairo\/#local-main-place-address\",\"streetAddress\":\"17 Banks street, Alkawther area, top nbk bank\",\"addressLocality\":\"hurghada\",\"postalCode\":\"84511\",\"addressRegion\":\"red sea\",\"addressCountry\":\"EG\"},{\"@type\":\"ImageObject\",\"inLanguage\":\"de-DE\",\"@id\":\"https:\/\/hurghadalovers.com\/de\/tours\/privat-el-gouna-zu-den-pyramiden-von-giza-saqqara-und-islamisches-kairo\/#local-main-organization-logo\",\"url\":\"https:\/\/hurghadalovers.com\/wp-content\/uploads\/2019\/10\/hurghada-excursions-logo.png\",\"contentUrl\":\"https:\/\/hurghadalovers.com\/wp-content\/uploads\/2019\/10\/hurghada-excursions-logo.png\",\"width\":272,\"height\":90,\"caption\":\"Hurghada Excursions\"}]}<\/script>\n<meta property=\"product:brand\" content=\"EL Gouna Ausfl\u00fcge\" \/>\n<meta property=\"product:price:amount\" content=\"190\" \/>\n<meta property=\"product:price:currency\" content=\"EUR\" \/>\n<meta property=\"og:availability\" content=\"instock\" \/>\n<meta property=\"product:availability\" content=\"instock\" \/>\n<meta property=\"product:retailer_item_id\" content=\"Gouna032024\" \/>\n<meta property=\"product:condition\" content=\"new\" \/>\n<meta name=\"geo.placename\" content=\"hurghada\" \/>\n<meta name=\"geo.region\" content=\"Egypt\" \/>\n<!-- \/ Yoast SEO Premium plugin. -->","yoast_head_json":{"title":"Privater EL Gouna Pyramiden Tour nach Sakkara, Sphinx und zum","description":"Privater EL Gouna Pyramiden Tour nach Sakkara, Sphinx und zum islamischen Kairo mit privatem F\u00fchrer, Tickets und Mittagessen. Buchen Sie die sch\u00f6nsten","robots":{"index":"index","follow":"follow","max-snippet":"max-snippet:-1","max-image-preview":"max-image-preview:large","max-video-preview":"max-video-preview:-1"},"canonical":"https:\/\/hurghadalovers.com\/de\/tours\/privat-el-gouna-zu-den-pyramiden-von-giza-saqqara-und-islamisches-kairo\/","og_locale":"de_DE","og_type":"article","og_title":"Privater EL Gouna Pyramiden Tour nach Sakkara, Sphinx und zum islamischen Kairo","og_description":"Privater EL Gouna Pyramiden Tour nach Sakkara, Sphinx und zum islamischen Kairo mit privatem F\u00fchrer, Tickets und Mittagessen. Buchen Sie die sch\u00f6nsten","og_url":"https:\/\/hurghadalovers.com\/de\/tours\/privat-el-gouna-zu-den-pyramiden-von-giza-saqqara-und-islamisches-kairo\/","og_site_name":"Hurghada Excursions &amp; Day Trips | Booking Best Prices Tours","article_publisher":"https:\/\/www.facebook.com\/Hurghadaloversegypt","article_modified_time":"2025-12-31T15:18:41+00:00","og_image":[{"width":1536,"height":1021,"url":"https:\/\/hurghadalovers.com\/wp-content\/uploads\/2023\/09\/El-Gouna-to-Pyramids-Day-Trip-by-Bus.jpeg","type":"image\/jpeg"}],"twitter_card":"summary_large_image","twitter_misc":{"Price":"&euro;&nbsp;190","Availability":"In stock"},"schema":{"@context":"https:\/\/schema.org","@graph":[{"@type":["WebPage","ItemPage"],"@id":"https:\/\/hurghadalovers.com\/de\/tours\/privat-el-gouna-zu-den-pyramiden-von-giza-saqqara-und-islamisches-kairo\/","url":"https:\/\/hurghadalovers.com\/de\/tours\/privat-el-gouna-zu-den-pyramiden-von-giza-saqqara-und-islamisches-kairo\/","name":"Privater EL Gouna Pyramiden Tour nach Sakkara, Sphinx und zum","isPartOf":{"@id":"https:\/\/hurghadalovers.com\/de\/#website"},"primaryImageOfPage":{"@id":"https:\/\/hurghadalovers.com\/de\/tours\/privat-el-gouna-zu-den-pyramiden-von-giza-saqqara-und-islamisches-kairo\/#primaryimage"},"image":{"@id":"https:\/\/hurghadalovers.com\/de\/tours\/privat-el-gouna-zu-den-pyramiden-von-giza-saqqara-und-islamisches-kairo\/#primaryimage"},"thumbnailUrl":"https:\/\/hurghadalovers.com\/wp-content\/uploads\/2023\/09\/El-Gouna-to-Pyramids-Day-Trip-by-Bus.jpeg","datePublished":"2023-09-02T12:07:17+00:00","dateModified":"2025-12-31T15:18:41+00:00","description":"Privater EL Gouna Pyramiden Tour nach Sakkara, Sphinx und zum islamischen Kairo mit privatem F\u00fchrer, Tickets und Mittagessen. Buchen Sie die sch\u00f6nsten","breadcrumb":{"@id":"https:\/\/hurghadalovers.com\/de\/tours\/privat-el-gouna-zu-den-pyramiden-von-giza-saqqara-und-islamisches-kairo\/#breadcrumb"},"inLanguage":"de-DE","potentialAction":[{"@type":"ReadAction","target":["https:\/\/hurghadalovers.com\/de\/tours\/privat-el-gouna-zu-den-pyramiden-von-giza-saqqara-und-islamisches-kairo\/"]}]},{"@type":"ImageObject","inLanguage":"de-DE","@id":"https:\/\/hurghadalovers.com\/de\/tours\/privat-el-gouna-zu-den-pyramiden-von-giza-saqqara-und-islamisches-kairo\/#primaryimage","url":"https:\/\/hurghadalovers.com\/wp-content\/uploads\/2023\/09\/El-Gouna-to-Pyramids-Day-Trip-by-Bus.jpeg","contentUrl":"https:\/\/hurghadalovers.com\/wp-content\/uploads\/2023\/09\/El-Gouna-to-Pyramids-Day-Trip-by-Bus.jpeg","width":1536,"height":1021,"caption":"Tagesausflug mit dem Bus von El Gouna zu den Pyramiden"},{"@type":"BreadcrumbList","@id":"https:\/\/hurghadalovers.com\/de\/tours\/privat-el-gouna-zu-den-pyramiden-von-giza-saqqara-und-islamisches-kairo\/#breadcrumb","itemListElement":[{"@type":"ListItem","position":1,"name":"Home","item":"https:\/\/hurghadalovers.com\/de\/"},{"@type":"ListItem","position":2,"name":"Shop","item":"https:\/\/hurghadalovers.com\/shop\/"},{"@type":"ListItem","position":3,"name":"Privater EL Gouna Pyramiden Tour nach Sakkara, Sphinx und zum islamischen Kairo"}]},{"@type":"WebSite","@id":"https:\/\/hurghadalovers.com\/de\/#website","url":"https:\/\/hurghadalovers.com\/de\/","name":"Hurghada Excursions & Day Trips | Booking Best Prices Tours","description":"Hurghada Lovers - Best Tour Operator - Excursions &amp; Things to do for Family Day Trips with kids and Couples Romantic. Unique .Hidden gems","publisher":{"@id":"https:\/\/hurghadalovers.com\/de\/#organization"},"alternateName":"Hurghada Excursions","potentialAction":[{"@type":"SearchAction","target":{"@type":"EntryPoint","urlTemplate":"https:\/\/hurghadalovers.com\/de\/?s={search_term_string}"},"query-input":{"@type":"PropertyValueSpecification","valueRequired":true,"valueName":"search_term_string"}}],"inLanguage":"de-DE"},{"@type":["Organization","Place","TravelAgency"],"@id":"https:\/\/hurghadalovers.com\/de\/#organization","name":"Hurghada Excursions","url":"https:\/\/hurghadalovers.com\/de\/","logo":{"@id":"https:\/\/hurghadalovers.com\/de\/tours\/privat-el-gouna-zu-den-pyramiden-von-giza-saqqara-und-islamisches-kairo\/#local-main-organization-logo"},"image":{"@id":"https:\/\/hurghadalovers.com\/de\/tours\/privat-el-gouna-zu-den-pyramiden-von-giza-saqqara-und-islamisches-kairo\/#local-main-organization-logo"},"sameAs":["https:\/\/www.facebook.com\/Hurghadaloversegypt"],"address":{"@id":"https:\/\/hurghadalovers.com\/de\/tours\/privat-el-gouna-zu-den-pyramiden-von-giza-saqqara-und-islamisches-kairo\/#local-main-place-address"},"telephone":["00201112596434"],"contactPoint":{"@type":"ContactPoint","telephone":"00201112596434","email":"weyouface@gmail.com"},"openingHoursSpecification":{"@type":"OpeningHoursSpecification","dayOfWeek":["Monday","Tuesday","Wednesday","Thursday","Friday","Saturday","Sunday"],"opens":"00:00","closes":"23:59"},"email":"weyouface@gmail.com","areaServed":"Luxor, Hurghada, El Gouna, Aswan, Sharm El Sheikh, Giza, Alexandria, Marsa Alam, Quseir, Soma Bay, Sahl Hasheesh, Red Sea, Makadi Bay, Cairo","priceRange":"$","currenciesAccepted":"euro","paymentAccepted":"cash on site"},{"@type":"PostalAddress","@id":"https:\/\/hurghadalovers.com\/de\/tours\/privat-el-gouna-zu-den-pyramiden-von-giza-saqqara-und-islamisches-kairo\/#local-main-place-address","streetAddress":"17 Banks street, Alkawther area, top nbk bank","addressLocality":"hurghada","postalCode":"84511","addressRegion":"red sea","addressCountry":"EG"},{"@type":"ImageObject","inLanguage":"de-DE","@id":"https:\/\/hurghadalovers.com\/de\/tours\/privat-el-gouna-zu-den-pyramiden-von-giza-saqqara-und-islamisches-kairo\/#local-main-organization-logo","url":"https:\/\/hurghadalovers.com\/wp-content\/uploads\/2019\/10\/hurghada-excursions-logo.png","contentUrl":"https:\/\/hurghadalovers.com\/wp-content\/uploads\/2019\/10\/hurghada-excursions-logo.png","width":272,"height":90,"caption":"Hurghada Excursions"}]},"product_brand":"EL Gouna Ausfl\u00fcge","product_price_amount":"190","product_price_currency":"EUR","og_availability":"instock","product_availability":"instock","product_retailer_item_id":"Gouna032024","product_condition":"new","geo.placename":"hurghada","geo.region":"Egypt"},"_links":{"self":[{"href":"https:\/\/hurghadalovers.com\/de\/wp-json\/wp\/v2\/product\/393975","targetHints":{"allow":["GET"]}}],"collection":[{"href":"https:\/\/hurghadalovers.com\/de\/wp-json\/wp\/v2\/product"}],"about":[{"href":"https:\/\/hurghadalovers.com\/de\/wp-json\/wp\/v2\/types\/product"}],"wp:featuredmedia":[{"embeddable":true,"href":"https:\/\/hurghadalovers.com\/de\/wp-json\/wp\/v2\/media\/396706"}],"wp:attachment":[{"href":"https:\/\/hurghadalovers.com\/de\/wp-json\/wp\/v2\/media?parent=393975"}],"wp:term":[{"taxonomy":"product_brand","embeddable":true,"href":"https:\/\/hurghadalovers.com\/de\/wp-json\/wp\/v2\/product_brand?post=393975"},{"taxonomy":"product_cat","embeddable":true,"href":"https:\/\/hurghadalovers.com\/de\/wp-json\/wp\/v2\/product_cat?post=393975"},{"taxonomy":"product_tag","embeddable":true,"href":"https:\/\/hurghadalovers.com\/de\/wp-json\/wp\/v2\/product_tag?post=393975"}],"curies":[{"name":"wp","href":"https:\/\/api.w.org\/{rel}","templated":true}]}}