{"id":392848,"date":"2023-09-01T21:36:31","date_gmt":"2023-09-01T21:36:31","guid":{"rendered":"https:\/\/hurghadalovers.com\/shop\/unkategorisiert\/parasailing-sahl-hasheesh\/"},"modified":"2026-02-09T06:33:26","modified_gmt":"2026-02-09T06:33:26","slug":"parasailing-sahl-hasheesh","status":"publish","type":"product","link":"https:\/\/hurghadalovers.com\/de\/tours\/parasailing-sahl-hasheesh\/","title":{"rendered":"Parasailing Sahl Hasheesh"},"content":{"rendered":"<p><strong>Parasailing-Tour ab Sahl Hasheesh<\/strong> | Fallschirm-Abenteuerausflug am Nachmittag | Buchen Sie g\u00fcnstige Preise f\u00fcr Adrenalin- und (Gleitschirmfliegen) Paragliding-Aktivit\u00e4ten mit Transfer.<\/p>\n<p style=\"text-align: center;\"><span style=\"color: #800080;\">Beste <strong>Adrenalin-Aktivit\u00e4ten<\/strong> &amp; <strong>Abenteuerreise<\/strong> am Nachmittag<\/span><\/p>\n<p style=\"text-align: center;\"><span style=\"color: #800080;\">Beste Spa\u00dftouren f\u00fcr <strong>Familien mit Kindern<\/strong><\/span><\/p>\n<p style=\"text-align: center;\"><span style=\"color: #800080;\">Best Things to Do in Sahl Hasheesh f\u00fcr <strong>Romantiker und Paare<\/strong> Flitterwochen.<\/span><\/p>\n<p style=\"text-align: center;\"><strong>H\u00f6hepunkte:<\/strong><\/p>\n<ul>\n<li>Parasailing &amp; Fallschirm.<\/li>\n<li>Schnellboot.<\/li>\n<li>Privater Transfer.<\/li>\n<\/ul>\n<p><strong>Parasailing-Tour ab Sahl Hasheesh <\/strong><strong>Einzelheiten:<\/strong><\/p>\n<ul>\n<li>Verf\u00fcgbarkeit der Tour: Jeden Tag.<\/li>\n<li>Tour-Typ: Gruppe.<\/li>\n<li>Abholzeit: ab 10:00 Uhr, wie Sie gebucht haben.<\/li>\n<li>Abholzeit: wie Sie wollen.<\/li>\n<li>Dauer: 5-7 Min. Mit dem Fallschirm in den Himmel fliegen.<\/li>\n<\/ul>\n<p><strong>Jetzt reservieren und sp\u00e4ter bezahlen:<\/strong><\/p>\n<ul>\n<li>Bargeld vor Ort zu f\u00fchren.<\/li>\n<li>Zahlung in \u00e4gyptischen Pfund, $, \u20ac oder \u00a3.<\/li>\n<\/ul>\n<p><strong>Stornierungsbedingungen:<\/strong><\/p>\n<ul>\n<li>Sie k\u00f6nnen bis zu 24 Stunden im Voraus stornieren.<\/li>\n<li>Wenn jemand aus Ihrer Familie den Vormittag absagt, zahlen Sie 50 % der Kosten.<\/li>\n<\/ul>\n<p><strong>Was ist inbegriffen?<\/strong><\/p>\n<ul>\n<li>Transfer von Sahl Hasheesh Hotels &#8220;Abholung vom Hotel und R\u00fccktransport&#8221;.<\/li>\n<li>Alle Steuern, Eintrittsgelder und Bearbeitungsgeb\u00fchren.<\/li>\n<li>Fallschirm reiten.<\/li>\n<li>Mineralwasser.<\/li>\n<li>Schwimmwesten.<\/li>\n<\/ul>\n<p><strong>Ausnahmen?<\/strong><\/p>\n<ul>\n<li>Trinkgeld.<\/li>\n<li>Fotografie &amp; Fotos f\u00fcr die Reise.<\/li>\n<li>Alle nicht erw\u00e4hnten Extras.<\/li>\n<\/ul>\n<p><strong>Preise:<\/strong><\/p>\n<p><strong>Preis = 30$ pro Person mit Transfer<\/strong>.<\/p>\n<p><strong>Bewertungen:<\/strong><\/p>\n<p>\u00fcberpr\u00fcfen Sie unsere Google Map Bewertungen als bester <a href=\"https:\/\/g.page\/r\/CUeYvkngP3wkEBM\/review\">Reiseveranstalter in Hurghada<\/a> online in <a href=\"https:\/\/hurghadalovers.com\/\">Hurghada<\/a> \u00c4gypten.<\/p>\n<p>&nbsp;<\/p>\n<p><strong>Reservierung:<\/strong><\/p>\n<p>Senden Sie Hotel + Zimmernummer + Fotop\u00e4sse an WhatsApp: <strong>+201112596434<\/strong><\/p>\n<p>Wenn Sie aus \u00c4gypten Buchen Sie jetzt online und best\u00e4tigen Sie bei der Ankunft Hotel.<\/p>\n<p><span style=\"color: #00ccff;\">&#8212;&#8212;&#8211; | &#8212;&#8212;&#8212;&#8212; | &#8212;&#8212;&#8212;&#8212;&#8211;<\/span><\/p>\n<p><strong>Parasailing-Tour ab Sahl Hasheesh<\/strong><\/p>\n<p><strong>Auf das Wetter achten<\/strong><\/p>\n<p>Bevor Sie die <strong>Parasailing-Tour ab Hurghada<\/strong> wiederholen, sollten Sie sich \u00fcber das Klima und das Wetter in der Touristenstadt <strong>Hurghada <\/strong>informieren, insbesondere \u00fcber die Windbewegungen und die hohen Meereswellen. Je gem\u00e4\u00dfigter das Wetter, desto flacher verl\u00e4uft das Abenteuer ohne Probleme.<\/p>\n<p>Schlechtes Wetter wird durch starken Wind repr\u00e4sentiert, der Probleme bei der Bewegung des <strong>Fallschirms<\/strong> und der mit dem Boot verbundenen Schleppleine verursacht und zu Problemen f\u00fchrt, insbesondere wenn Regen oder Gewitter auftreten, aber machen Sie sich keine Sorgen. Den Flug verschieben oder stornieren.<\/p>\n<p>Gutes Wetter mit Sonnenschein und klarem Himmel ist die beste Zeit f\u00fcr einen <strong>Fallschirmausflug<\/strong>, um die markanten Wahrzeichen <strong>Hurghadas<\/strong> von oben zu sehen, wie den neuen Yachthafen, Marineyachten, die El-Mina-Moschee und mehr.<\/p>\n<p><strong>Erfahren Sie mehr \u00fcber Gewicht und Alter \u2013 Parasailing-Tour ab Hurghada<\/strong><\/p>\n<p>Kinder d\u00fcrfen nur in Begleitung eines Erwachsenen mit dem Fallschirm fliegen, Singles m\u00fcssen mindestens 16 Jahre alt sein.<\/p>\n<p>Bei Doppelg\u00e4ngern sollte das Gesamtgewicht 150 kg nicht \u00fcberschreiten, um keine Probleme bei der Bewegung des Fallschirmschlepps mit dem Schleppseil vom Seeboot aus zu verursachen.<\/p>\n<p><strong>Seeboot mit guter Kommunikation<\/strong><\/p>\n<p>Der Marinekommandant gibt Ihnen Anweisungen und Anweisungen, wie Sie in der Luft mit ihm kommunizieren k\u00f6nnen, z. B. durch Handzeichen zur Richtungs- oder Geschwindigkeits\u00fcbermittlung oder wenn Sie mit <strong>Fallschirmen<\/strong> absteigen und das Personal wechseln m\u00f6chten.<\/p>\n<p>Die <strong>Parasailing-Tour<\/strong> macht Spa\u00df f\u00fcr alle Altersgruppen und Geschlechter, insbesondere f\u00fcr junge Leute und Frischverm\u00e4hlte auf <strong>Hochzeitsreise<\/strong>, die das Erlebnis gemeinsam genie\u00dfen m\u00f6chten.<\/p>\n<p><strong>Wie bereite ich mich auf ein Parasailing-Abenteuer in Hurghada vor?<\/strong><\/p>\n<p>Der <strong>Parasailing-Ausflug<\/strong> ist eines der besten Erlebnisse, die Sie w\u00e4hrend Ihres Urlaubs in <strong>Hurghada<\/strong> verbringen k\u00f6nnen. W\u00e4hrend Sie in der Luft fliegen, werden Sie <strong>Hurghada<\/strong> von oben auf eine Weise sehen, die Sie vorher nicht erwartet h\u00e4tten, und Videoclips aufnehmen, die Sie mit Freunden und Familie teilen k\u00f6nnen.<\/p>\n<p>Es gibt einen gro\u00dfen Unterschied zwischen <strong>Parasailing<\/strong> und Paragliding. Bei einem <strong>Parasailing-Ausflug<\/strong> verbinden Sie sich \u00fcber ein Kabel mit einem kleinen Seeboot und ziehen Sie dann 15 Minuten lang \u00fcber den Himmel, w\u00e4hrend Sie in einem Gurt sitzen, der f\u00fcr Sicherheit w\u00e4hrend des Flugs sorgt Reise.<\/p>\n<p>Eine <strong>Parasailing-Tour ab Hurghada<\/strong> erfordert Vorkenntnisse, um nicht den Gefahren eines Aufpralls auf die Wasseroberfl\u00e4che ausgesetzt zu sein. Daher m\u00fcssen Sie den richtigen Flug f\u00fcr sich ausw\u00e4hlen und eine Parasailing-Tour in Hurghada f\u00fcr Sie empfehlen.<\/p>\n<p>Der Reiseleiter und Bootskapit\u00e4n bringt Ihnen Schritt f\u00fcr Schritt das Parasailing bei, damit Sie problemlos und ohne Sorgen oder \u00c4ngste fliegen k\u00f6nnen.<\/p>\n<p>Machen Sie sich keine Sorgen um Ihre Sachen, wir bieten Ihnen spezielle Aufbewahrungsm\u00f6glichkeiten f\u00fcr Ihr Handy, Ihre Schuhe und Accessoires.<\/p>\n<p>Achten Sie bei sch\u00f6nem Wetter auf leichte Sportkleidung und bei niedrigen Temperaturen auf schwere Kleidung und tragen Sie geeignetes leichtes Schuhwerk, da Sie beim Windsurfen aufgrund des Windes m\u00f6glichst keine lockere und baumelnde Kleidung sowie gro\u00dfe Schals tragen sollten, die am Kabel oder G\u00fcrtel h\u00e4ngen bleiben k\u00f6nnten oder deine Bewegungen.<\/p>\n<p>Bei Personen, die unter einer empfindlichen Haut durch Sonneneinstrahlung leiden, empfiehlt es sich, vor dem Flug eine Creme oder Sonnencreme zu verwenden und die Haut einzufetten.<\/p>\n<p><span style=\"color: #00ccff;\">&#8212;&#8212;&#8211; | &#8212;&#8212;&#8212;&#8212; | &#8212;&#8212;&#8212;&#8212;&#8211;<\/span><\/p>\n<p>&nbsp;<\/p>\n<p><strong>Parasailing-Tour ab Sahl Hasheesh<\/strong><\/p>\n<p><strong>Sie haben keine Vorkenntnisse? Keine Probleme! Ist <\/strong><strong>Parasailing <\/strong><strong>gef\u00e4hrlich?<\/strong><\/p>\n<p>Nein, <strong>Parasailing <\/strong>erfordert keine Vorbereitung. Dies ist die angenehmste Art, den Adrenalinspiegel im Blut zu erh\u00f6hen! Genie\u00dfen Sie die Aussicht auf Hurghada aus einer H\u00f6he von bis zu 50 Metern.<\/p>\n<p>Nach etwa 8 Minuten landen Sie im Wasser. Ein <strong>Parasailing-Ausflug ab Hurghada<\/strong> ist ein Abenteuer f\u00fcr Jung und Alt.<\/p>\n<p>Erleben Sie den Adrenalinsto\u00df, den Ihnen ein Schnellboot mit einem Fallschirm in etwa 50 Metern H\u00f6he \u00fcber dem Meeresspiegel beschert. Und keine Sorge! Sie sind in guten H\u00e4nden!<\/p>\n<p>Der Fallschirmflug <strong>\u201eParasailing Ausflug\u201c<\/strong> ist die beste Wahl f\u00fcr das Brautpaar auf Hochzeitsreise. Aus unseren Erfahrungen und Bewertungen geht hervor, dass es vorzuziehen ist, w\u00e4hrend der Flitterwochen Meeresaktivit\u00e4ten zu unternehmen, um die Romantik zu steigern.<\/p>\n<p><strong>H\u00e4ufig gestellte Fragen (FAQ)<\/strong> zur <strong>Parasailing-Tour ab Hurghada<\/strong>:<\/p>\n<p>Was m\u00fcssen Sie vor dem <strong>Parasailing-Abenteuer<\/strong> in Hurghada, \u00c4gypten, wissen?<\/p>\n<p>Gibt es zum ersten Mal Parasailing im Roten Meer von Hurghada? Hier ist, was Sie wissen m\u00fcssen, bevor Sie Ihren <strong>Fallschirmausflug<\/strong> und Ihre <strong>Paragliding-Aktivit\u00e4ten<\/strong> mit uns beginnen.<\/p>\n<p><strong>Erlernen Sie die Grundausr\u00fcstung<\/strong> des <strong>Parasailings<\/strong><\/p>\n<p>Sie m\u00fcssen wissen, welche Werkzeuge und Ausr\u00fcstung Sie verwenden, um in der Luft sicher zu sein. Tragen Sie zu Ihrer Sicherheit eine Schwimmweste, da diese Ihnen hilft, \u00fcber der Wasseroberfl\u00e4che zu schweben, falls Ihr K\u00f6rper dabei mit Wasser in Ber\u00fchrung kommt Die Fallschirme steigen aus der Luft herab.<\/p>\n<p>Sie m\u00fcssen auf das an der Rutsche befestigte Klebeband und die mit dem Boot verbundene Schleppleine achten und beim Bewegen vorsichtig sein.<\/p>\n<p>Gut in den Sitz einbauen und die Gurte gut halten.<\/p>\n<p><span style=\"color: #00ccff;\">&#8212;&#8212;&#8211; | &#8212;&#8212;&#8212;&#8212; | &#8212;&#8212;&#8212;&#8212;&#8211;<\/span><\/p>\n<p>Pr\u00fcfen <a href=\"https:\/\/hurghadalovers.com\/de\/tour-category\/sahl-hasheesh-ausfluege\/\"><strong>Sahl Hasheesh Ausfl\u00fcge<\/strong><\/a>\u00a0\u2013\u00a0<a href=\"https:\/\/hurghadalovers.com\/de\/tour-category\/wuestensafari-in-sahl-hasheesh\/\"><strong>W\u00fcstensafari in Sahl Hasheesh<\/strong><\/a>:<\/p>\n<p>&nbsp;<\/p>\n","protected":false},"excerpt":{"rendered":"<p style=\"text-align: left;\">Parasailing-Tour ab Sahl Hasheesh | Fallschirm-Abenteuerausflug am Nachmittag | Buchen Sie g\u00fcnstige Preise f\u00fcr Adrenalin- und (Gleitschirmfliegen) Paragliding-Aktivit\u00e4ten mit Transfer.<\/p>\n","protected":false},"featured_media":396407,"template":"","meta":{"_joinchat":[]},"product_brand":[],"product_cat":[29817],"product_tag":[53032,53245,52999,52966,52962,53011,53003,53017,52990,53246,53007,53037,53027],"class_list":{"0":"post-392848","1":"product","2":"type-product","3":"status-publish","4":"has-post-thumbnail","6":"product_cat-touren","7":"product_tag-aktivitaten-fur-kinder-aus-sahl-hasheesh","8":"product_tag-bobos-sahl-hasheesh-wassersport","9":"product_tag-dinge-zu-tun-in-sahl-hasheesh","10":"product_tag-gleitschirmfliegen-sahl-hasheesh","11":"product_tag-parasailing-sahl-hasheesh-de","12":"product_tag-romantische-unternehmungen-von-sahl-hasheesh-aus","13":"product_tag-sahl-hasheesh-aktivitaten","14":"product_tag-sahl-hasheesh-aktivitaten-fur-paare","15":"product_tag-sahl-hasheesh-ausfluge","16":"product_tag-sahl-hasheesh-surfen","17":"product_tag-sahl-hasheesh-tagesausfluge","18":"product_tag-unterhaltsame-aktivitaten-fur-drinnen-von-sahl-hasheesh","19":"product_tag-unternehmungen-mit-kindern-von-sahl-hasheesh-aus","20":"tour_category-sahl-hasheesh-aktivitaeten","21":"tour_category-sahl-hasheesh-ausfluege","23":"first","24":"instock","25":"sale","26":"shipping-taxable","27":"purchasable","28":"product-type-tour"},"yoast_head":"<!-- This site is optimized with the Yoast SEO Premium plugin v26.9 (Yoast SEO v27.2) - https:\/\/yoast.com\/product\/yoast-seo-premium-wordpress\/ -->\n<title>Parasailing-Tour ab Sahl Hasheesh | Fallschirm-Abenteuerausflug<\/title>\n<meta name=\"description\" content=\"Parasailing-Tour ab Sahl Hasheesh | Fallschirm-Abenteuerausflug am Nachmittag | Buchen Sie g\u00fcnstige Preise f\u00fcr Adrenalin- und (Gleitschirmfliegen)\" \/>\n<meta name=\"robots\" content=\"index, follow, max-snippet:-1, max-image-preview:large, max-video-preview:-1\" \/>\n<link rel=\"canonical\" href=\"https:\/\/hurghadalovers.com\/de\/tours\/parasailing-sahl-hasheesh\/\" \/>\n<meta property=\"og:locale\" content=\"de_DE\" \/>\n<meta property=\"og:type\" content=\"article\" \/>\n<meta property=\"og:title\" content=\"Parasailing Sahl Hasheesh\" \/>\n<meta property=\"og:description\" content=\"Parasailing-Tour ab Sahl Hasheesh | Fallschirm-Abenteuerausflug am Nachmittag | Buchen Sie g\u00fcnstige Preise f\u00fcr Adrenalin- und (Gleitschirmfliegen)\" \/>\n<meta property=\"og:url\" content=\"https:\/\/hurghadalovers.com\/de\/tours\/parasailing-sahl-hasheesh\/\" \/>\n<meta property=\"og:site_name\" content=\"Hurghada Excursions &amp; Day Trips | Booking Best Prices Tours\" \/>\n<meta property=\"article:publisher\" content=\"https:\/\/www.facebook.com\/Hurghadaloversegypt\" \/>\n<meta property=\"article:modified_time\" content=\"2026-02-09T06:33:26+00:00\" \/>\n<meta property=\"og:image\" content=\"https:\/\/hurghadalovers.com\/wp-content\/uploads\/2023\/09\/Parasailing-El-Gouna.jpeg\" \/>\n\t<meta property=\"og:image:width\" content=\"1536\" \/>\n\t<meta property=\"og:image:height\" content=\"1018\" \/>\n\t<meta property=\"og:image:type\" content=\"image\/jpeg\" \/>\n<meta name=\"twitter:card\" content=\"summary_large_image\" \/>\n<meta name=\"twitter:label1\" content=\"Price\" \/>\n\t<meta name=\"twitter:data1\" content=\"&euro;&nbsp;35\" \/>\n\t<meta name=\"twitter:label2\" content=\"Availability\" \/>\n\t<meta name=\"twitter:data2\" content=\"In stock\" \/>\n<script type=\"application\/ld+json\" class=\"yoast-schema-graph\">{\"@context\":\"https:\/\/schema.org\",\"@graph\":[{\"@type\":[\"WebPage\",\"ItemPage\"],\"@id\":\"https:\/\/hurghadalovers.com\/de\/tours\/parasailing-sahl-hasheesh\/\",\"url\":\"https:\/\/hurghadalovers.com\/de\/tours\/parasailing-sahl-hasheesh\/\",\"name\":\"Parasailing-Tour ab Sahl Hasheesh | Fallschirm-Abenteuerausflug\",\"isPartOf\":{\"@id\":\"https:\/\/hurghadalovers.com\/de\/#website\"},\"primaryImageOfPage\":{\"@id\":\"https:\/\/hurghadalovers.com\/de\/tours\/parasailing-sahl-hasheesh\/#primaryimage\"},\"image\":{\"@id\":\"https:\/\/hurghadalovers.com\/de\/tours\/parasailing-sahl-hasheesh\/#primaryimage\"},\"thumbnailUrl\":\"https:\/\/hurghadalovers.com\/wp-content\/uploads\/2023\/09\/Parasailing-El-Gouna.jpeg\",\"datePublished\":\"2023-09-01T21:36:31+00:00\",\"dateModified\":\"2026-02-09T06:33:26+00:00\",\"description\":\"Parasailing-Tour ab Sahl Hasheesh | Fallschirm-Abenteuerausflug am Nachmittag | Buchen Sie g\u00fcnstige Preise f\u00fcr Adrenalin- und (Gleitschirmfliegen)\",\"breadcrumb\":{\"@id\":\"https:\/\/hurghadalovers.com\/de\/tours\/parasailing-sahl-hasheesh\/#breadcrumb\"},\"inLanguage\":\"de-DE\",\"potentialAction\":[{\"@type\":\"ReadAction\",\"target\":[\"https:\/\/hurghadalovers.com\/de\/tours\/parasailing-sahl-hasheesh\/\"]}]},{\"@type\":\"ImageObject\",\"inLanguage\":\"de-DE\",\"@id\":\"https:\/\/hurghadalovers.com\/de\/tours\/parasailing-sahl-hasheesh\/#primaryimage\",\"url\":\"https:\/\/hurghadalovers.com\/wp-content\/uploads\/2023\/09\/Parasailing-El-Gouna.jpeg\",\"contentUrl\":\"https:\/\/hurghadalovers.com\/wp-content\/uploads\/2023\/09\/Parasailing-El-Gouna.jpeg\",\"width\":1536,\"height\":1018,\"caption\":\"Parasailing\u00a0El Gouna\"},{\"@type\":\"BreadcrumbList\",\"@id\":\"https:\/\/hurghadalovers.com\/de\/tours\/parasailing-sahl-hasheesh\/#breadcrumb\",\"itemListElement\":[{\"@type\":\"ListItem\",\"position\":1,\"name\":\"Home\",\"item\":\"https:\/\/hurghadalovers.com\/de\/\"},{\"@type\":\"ListItem\",\"position\":2,\"name\":\"Shop\",\"item\":\"https:\/\/hurghadalovers.com\/shop\/\"},{\"@type\":\"ListItem\",\"position\":3,\"name\":\"Parasailing Sahl Hasheesh\"}]},{\"@type\":\"WebSite\",\"@id\":\"https:\/\/hurghadalovers.com\/de\/#website\",\"url\":\"https:\/\/hurghadalovers.com\/de\/\",\"name\":\"Hurghada Excursions & Day Trips | Booking Best Prices Tours\",\"description\":\"Hurghada Lovers - Best Tour Operator - Excursions &amp; Things to do for Family Day Trips with kids and Couples Romantic. Unique .Hidden gems\",\"publisher\":{\"@id\":\"https:\/\/hurghadalovers.com\/de\/#organization\"},\"alternateName\":\"Hurghada Excursions\",\"potentialAction\":[{\"@type\":\"SearchAction\",\"target\":{\"@type\":\"EntryPoint\",\"urlTemplate\":\"https:\/\/hurghadalovers.com\/de\/?s={search_term_string}\"},\"query-input\":{\"@type\":\"PropertyValueSpecification\",\"valueRequired\":true,\"valueName\":\"search_term_string\"}}],\"inLanguage\":\"de-DE\"},{\"@type\":[\"Organization\",\"Place\",\"TravelAgency\"],\"@id\":\"https:\/\/hurghadalovers.com\/de\/#organization\",\"name\":\"Hurghada Excursions\",\"url\":\"https:\/\/hurghadalovers.com\/de\/\",\"logo\":{\"@id\":\"https:\/\/hurghadalovers.com\/de\/tours\/parasailing-sahl-hasheesh\/#local-main-organization-logo\"},\"image\":{\"@id\":\"https:\/\/hurghadalovers.com\/de\/tours\/parasailing-sahl-hasheesh\/#local-main-organization-logo\"},\"sameAs\":[\"https:\/\/www.facebook.com\/Hurghadaloversegypt\"],\"address\":{\"@id\":\"https:\/\/hurghadalovers.com\/de\/tours\/parasailing-sahl-hasheesh\/#local-main-place-address\"},\"telephone\":[\"00201112596434\"],\"contactPoint\":{\"@type\":\"ContactPoint\",\"telephone\":\"00201112596434\",\"email\":\"weyouface@gmail.com\"},\"openingHoursSpecification\":{\"@type\":\"OpeningHoursSpecification\",\"dayOfWeek\":[\"Monday\",\"Tuesday\",\"Wednesday\",\"Thursday\",\"Friday\",\"Saturday\",\"Sunday\"],\"opens\":\"00:00\",\"closes\":\"23:59\"},\"email\":\"weyouface@gmail.com\",\"areaServed\":\"Luxor, Hurghada, El Gouna, Aswan, Sharm El Sheikh, Giza, Alexandria, Marsa Alam, Quseir, Soma Bay, Sahl Hasheesh, Red Sea, Makadi Bay, Cairo\",\"priceRange\":\"$\",\"currenciesAccepted\":\"euro\",\"paymentAccepted\":\"cash on site\"},{\"@type\":\"PostalAddress\",\"@id\":\"https:\/\/hurghadalovers.com\/de\/tours\/parasailing-sahl-hasheesh\/#local-main-place-address\",\"streetAddress\":\"17 Banks street, Alkawther area, top nbk bank\",\"addressLocality\":\"hurghada\",\"postalCode\":\"84511\",\"addressRegion\":\"red sea\",\"addressCountry\":\"EG\"},{\"@type\":\"ImageObject\",\"inLanguage\":\"de-DE\",\"@id\":\"https:\/\/hurghadalovers.com\/de\/tours\/parasailing-sahl-hasheesh\/#local-main-organization-logo\",\"url\":\"https:\/\/hurghadalovers.com\/wp-content\/uploads\/2019\/10\/hurghada-excursions-logo.png\",\"contentUrl\":\"https:\/\/hurghadalovers.com\/wp-content\/uploads\/2019\/10\/hurghada-excursions-logo.png\",\"width\":272,\"height\":90,\"caption\":\"Hurghada Excursions\"}]}<\/script>\n<meta property=\"product:brand\" content=\"Sahl Hasheesh Aktivit\u00e4ten\" \/>\n<meta property=\"product:price:amount\" content=\"35\" \/>\n<meta property=\"product:price:currency\" content=\"EUR\" \/>\n<meta property=\"og:availability\" content=\"instock\" \/>\n<meta property=\"product:availability\" content=\"instock\" \/>\n<meta property=\"product:retailer_item_id\" content=\"SahlSafari202024\" \/>\n<meta property=\"product:condition\" content=\"new\" \/>\n<meta name=\"geo.placename\" content=\"hurghada\" \/>\n<meta name=\"geo.region\" content=\"Egypt\" \/>\n<!-- \/ Yoast SEO Premium plugin. -->","yoast_head_json":{"title":"Parasailing-Tour ab Sahl Hasheesh | Fallschirm-Abenteuerausflug","description":"Parasailing-Tour ab Sahl Hasheesh | Fallschirm-Abenteuerausflug am Nachmittag | Buchen Sie g\u00fcnstige Preise f\u00fcr Adrenalin- und (Gleitschirmfliegen)","robots":{"index":"index","follow":"follow","max-snippet":"max-snippet:-1","max-image-preview":"max-image-preview:large","max-video-preview":"max-video-preview:-1"},"canonical":"https:\/\/hurghadalovers.com\/de\/tours\/parasailing-sahl-hasheesh\/","og_locale":"de_DE","og_type":"article","og_title":"Parasailing Sahl Hasheesh","og_description":"Parasailing-Tour ab Sahl Hasheesh | Fallschirm-Abenteuerausflug am Nachmittag | Buchen Sie g\u00fcnstige Preise f\u00fcr Adrenalin- und (Gleitschirmfliegen)","og_url":"https:\/\/hurghadalovers.com\/de\/tours\/parasailing-sahl-hasheesh\/","og_site_name":"Hurghada Excursions &amp; Day Trips | Booking Best Prices Tours","article_publisher":"https:\/\/www.facebook.com\/Hurghadaloversegypt","article_modified_time":"2026-02-09T06:33:26+00:00","og_image":[{"width":1536,"height":1018,"url":"https:\/\/hurghadalovers.com\/wp-content\/uploads\/2023\/09\/Parasailing-El-Gouna.jpeg","type":"image\/jpeg"}],"twitter_card":"summary_large_image","twitter_misc":{"Price":"&euro;&nbsp;35","Availability":"In stock"},"schema":{"@context":"https:\/\/schema.org","@graph":[{"@type":["WebPage","ItemPage"],"@id":"https:\/\/hurghadalovers.com\/de\/tours\/parasailing-sahl-hasheesh\/","url":"https:\/\/hurghadalovers.com\/de\/tours\/parasailing-sahl-hasheesh\/","name":"Parasailing-Tour ab Sahl Hasheesh | Fallschirm-Abenteuerausflug","isPartOf":{"@id":"https:\/\/hurghadalovers.com\/de\/#website"},"primaryImageOfPage":{"@id":"https:\/\/hurghadalovers.com\/de\/tours\/parasailing-sahl-hasheesh\/#primaryimage"},"image":{"@id":"https:\/\/hurghadalovers.com\/de\/tours\/parasailing-sahl-hasheesh\/#primaryimage"},"thumbnailUrl":"https:\/\/hurghadalovers.com\/wp-content\/uploads\/2023\/09\/Parasailing-El-Gouna.jpeg","datePublished":"2023-09-01T21:36:31+00:00","dateModified":"2026-02-09T06:33:26+00:00","description":"Parasailing-Tour ab Sahl Hasheesh | Fallschirm-Abenteuerausflug am Nachmittag | Buchen Sie g\u00fcnstige Preise f\u00fcr Adrenalin- und (Gleitschirmfliegen)","breadcrumb":{"@id":"https:\/\/hurghadalovers.com\/de\/tours\/parasailing-sahl-hasheesh\/#breadcrumb"},"inLanguage":"de-DE","potentialAction":[{"@type":"ReadAction","target":["https:\/\/hurghadalovers.com\/de\/tours\/parasailing-sahl-hasheesh\/"]}]},{"@type":"ImageObject","inLanguage":"de-DE","@id":"https:\/\/hurghadalovers.com\/de\/tours\/parasailing-sahl-hasheesh\/#primaryimage","url":"https:\/\/hurghadalovers.com\/wp-content\/uploads\/2023\/09\/Parasailing-El-Gouna.jpeg","contentUrl":"https:\/\/hurghadalovers.com\/wp-content\/uploads\/2023\/09\/Parasailing-El-Gouna.jpeg","width":1536,"height":1018,"caption":"Parasailing\u00a0El Gouna"},{"@type":"BreadcrumbList","@id":"https:\/\/hurghadalovers.com\/de\/tours\/parasailing-sahl-hasheesh\/#breadcrumb","itemListElement":[{"@type":"ListItem","position":1,"name":"Home","item":"https:\/\/hurghadalovers.com\/de\/"},{"@type":"ListItem","position":2,"name":"Shop","item":"https:\/\/hurghadalovers.com\/shop\/"},{"@type":"ListItem","position":3,"name":"Parasailing Sahl Hasheesh"}]},{"@type":"WebSite","@id":"https:\/\/hurghadalovers.com\/de\/#website","url":"https:\/\/hurghadalovers.com\/de\/","name":"Hurghada Excursions & Day Trips | Booking Best Prices Tours","description":"Hurghada Lovers - Best Tour Operator - Excursions &amp; Things to do for Family Day Trips with kids and Couples Romantic. Unique .Hidden gems","publisher":{"@id":"https:\/\/hurghadalovers.com\/de\/#organization"},"alternateName":"Hurghada Excursions","potentialAction":[{"@type":"SearchAction","target":{"@type":"EntryPoint","urlTemplate":"https:\/\/hurghadalovers.com\/de\/?s={search_term_string}"},"query-input":{"@type":"PropertyValueSpecification","valueRequired":true,"valueName":"search_term_string"}}],"inLanguage":"de-DE"},{"@type":["Organization","Place","TravelAgency"],"@id":"https:\/\/hurghadalovers.com\/de\/#organization","name":"Hurghada Excursions","url":"https:\/\/hurghadalovers.com\/de\/","logo":{"@id":"https:\/\/hurghadalovers.com\/de\/tours\/parasailing-sahl-hasheesh\/#local-main-organization-logo"},"image":{"@id":"https:\/\/hurghadalovers.com\/de\/tours\/parasailing-sahl-hasheesh\/#local-main-organization-logo"},"sameAs":["https:\/\/www.facebook.com\/Hurghadaloversegypt"],"address":{"@id":"https:\/\/hurghadalovers.com\/de\/tours\/parasailing-sahl-hasheesh\/#local-main-place-address"},"telephone":["00201112596434"],"contactPoint":{"@type":"ContactPoint","telephone":"00201112596434","email":"weyouface@gmail.com"},"openingHoursSpecification":{"@type":"OpeningHoursSpecification","dayOfWeek":["Monday","Tuesday","Wednesday","Thursday","Friday","Saturday","Sunday"],"opens":"00:00","closes":"23:59"},"email":"weyouface@gmail.com","areaServed":"Luxor, Hurghada, El Gouna, Aswan, Sharm El Sheikh, Giza, Alexandria, Marsa Alam, Quseir, Soma Bay, Sahl Hasheesh, Red Sea, Makadi Bay, Cairo","priceRange":"$","currenciesAccepted":"euro","paymentAccepted":"cash on site"},{"@type":"PostalAddress","@id":"https:\/\/hurghadalovers.com\/de\/tours\/parasailing-sahl-hasheesh\/#local-main-place-address","streetAddress":"17 Banks street, Alkawther area, top nbk bank","addressLocality":"hurghada","postalCode":"84511","addressRegion":"red sea","addressCountry":"EG"},{"@type":"ImageObject","inLanguage":"de-DE","@id":"https:\/\/hurghadalovers.com\/de\/tours\/parasailing-sahl-hasheesh\/#local-main-organization-logo","url":"https:\/\/hurghadalovers.com\/wp-content\/uploads\/2019\/10\/hurghada-excursions-logo.png","contentUrl":"https:\/\/hurghadalovers.com\/wp-content\/uploads\/2019\/10\/hurghada-excursions-logo.png","width":272,"height":90,"caption":"Hurghada Excursions"}]},"product_brand":"Sahl Hasheesh Aktivit\u00e4ten","product_price_amount":"35","product_price_currency":"EUR","og_availability":"instock","product_availability":"instock","product_retailer_item_id":"SahlSafari202024","product_condition":"new","geo.placename":"hurghada","geo.region":"Egypt"},"_links":{"self":[{"href":"https:\/\/hurghadalovers.com\/de\/wp-json\/wp\/v2\/product\/392848","targetHints":{"allow":["GET"]}}],"collection":[{"href":"https:\/\/hurghadalovers.com\/de\/wp-json\/wp\/v2\/product"}],"about":[{"href":"https:\/\/hurghadalovers.com\/de\/wp-json\/wp\/v2\/types\/product"}],"wp:featuredmedia":[{"embeddable":true,"href":"https:\/\/hurghadalovers.com\/de\/wp-json\/wp\/v2\/media\/396407"}],"wp:attachment":[{"href":"https:\/\/hurghadalovers.com\/de\/wp-json\/wp\/v2\/media?parent=392848"}],"wp:term":[{"taxonomy":"product_brand","embeddable":true,"href":"https:\/\/hurghadalovers.com\/de\/wp-json\/wp\/v2\/product_brand?post=392848"},{"taxonomy":"product_cat","embeddable":true,"href":"https:\/\/hurghadalovers.com\/de\/wp-json\/wp\/v2\/product_cat?post=392848"},{"taxonomy":"product_tag","embeddable":true,"href":"https:\/\/hurghadalovers.com\/de\/wp-json\/wp\/v2\/product_tag?post=392848"}],"curies":[{"name":"wp","href":"https:\/\/api.w.org\/{rel}","templated":true}]}}