{"id":391421,"date":"2023-08-31T18:20:00","date_gmt":"2023-08-31T18:24:23","guid":{"rendered":"https:\/\/hurghadalovers.com\/shop\/unkategorisiert\/piraten-segelboot-zur-orangenbucht-insel-von-sahl-hasheesh\/"},"modified":"2026-02-09T08:10:52","modified_gmt":"2026-02-09T08:10:52","slug":"piraten-segelboot-zur-orange-bucht-insel-von-sahl-hasheesh","status":"publish","type":"product","link":"https:\/\/hurghadalovers.com\/de\/tours\/piraten-segelboot-zur-orange-bucht-insel-von-sahl-hasheesh\/","title":{"rendered":"Piraten-Segelboot zur Orangenbucht Insel von Sahl Hasheesh Ausflug"},"content":{"rendered":"<p><strong>Piraten-Segelboot zur Orangenbucht Insel von Sahl Hasheesh Ausflug<\/strong> mit VIP-Mittagessen.<\/p>\n<p>Wenn Sie auf der Suche nach dem besten <strong>luxuri\u00f6ses Segelboot<\/strong>, um einen ganz besonderen Tag zu verbringen und mehr zu genie\u00dfen <strong>Privatsph\u00e4re<\/strong>, Wohlstand und <strong>Luxus<\/strong>, essen die sch\u00f6nsten K\u00f6stlichkeiten, Krabben und Meeresfr\u00fcchte, schwimmen in den sch\u00f6nsten <strong>Korallenriffs<\/strong> und zu den sch\u00f6nsten Str\u00e4nden von <strong>Giftun Insel<\/strong>, komm jetzt zu uns&#8230;<\/p>\n<p style=\"text-align: center;\"><span style=\"color: #008000;\">Die sch\u00f6nsten Sahl Hasheesh <strong>Familienfreundliche Aktivit\u00e4ten<\/strong>, <strong>Aktivit\u00e4ten mit Kindern<\/strong>, Senioren, <strong>Flitterwochen<\/strong> und <strong>Paare<\/strong>.<\/span><\/p>\n<p>&nbsp;<\/p>\n<p><strong>H\u00f6hepunkte:<\/strong><\/p>\n<ul>\n<li>One Spot Schnorcheln Hausriff.<\/li>\n<li>1 Stunde am Orange Bay Insel.<\/li>\n<\/ul>\n<p><strong>Piraten-Segelboot zur Orangenbucht Insel von Sahl Hasheesh Ausflug Einzelheiten:<\/strong><\/p>\n<ul>\n<li>Verf\u00fcgbarkeit der Tour: Jeden Tag.<\/li>\n<li>Tour-Typ: Gruppe.<\/li>\n<li>Abholzeit: Ab 07:30 Uhr morgens.<\/li>\n<li>Abholzeit: 15:00 Uhr.<\/li>\n<li>F\u00fcr Rollstuhlfahrer zug\u00e4nglich.<\/li>\n<li>Dauer: 6 Std.<\/li>\n<\/ul>\n<p><strong>Jetzt reservieren und sp\u00e4ter bezahlen:<\/strong><\/p>\n<ul>\n<li>Bargeld vor Ort zu f\u00fchren.<\/li>\n<li>Zahlung in \u00e4gyptischen Pfund, $, \u20ac oder \u00a3.<\/li>\n<\/ul>\n<p><strong>Stornierungsbedingungen:<\/strong><\/p>\n<ul>\n<li>Sie k\u00f6nnen bis zu 24 Stunden im Voraus stornieren.<\/li>\n<li>Wenn jemand aus Ihrer Familie den Vormittag absagt, zahlen Sie 50 % der Kosten.<\/li>\n<\/ul>\n<p><strong>Was ist inbegriffen?<\/strong><\/p>\n<ul>\n<li>Transfer von Sahl Hasheesh Hotels &#8220;Abholung vom Hotel und R\u00fccktransport&#8221;.<\/li>\n<li>Alle Steuern, Eintrittsgelder und Bearbeitungsgeb\u00fchren.<\/li>\n<li>Reiseleiter.<\/li>\n<li>Mineralwasser + Cola + Milch + Kaffee\/Tee.<\/li>\n<li>1 Schnorchelplatz.<\/li>\n<li>Schnorchelausr\u00fcstung &#8220;Masken und Schwimmflossen&#8221;.<\/li>\n<li>1 Stunde am <strong>Orange Bay Insel<\/strong>.<\/li>\n<li>VIP-Mittagsbuffet auf dem Schiff &#8220;Meeresfr\u00fcchtesuppe \/ 3 Arten von frischem Salat \/ Reis, Nudeln, Kartoffeln \/ Garnelen, Calamari, Fisch, Huhn &amp; Kofta \/ Frisches Obst der Saison&#8221;.<\/li>\n<li>Schwimmwesten.<\/li>\n<\/ul>\n<p><strong>Ausnahmen?<\/strong><\/p>\n<ul>\n<li>Trinkgeld.<\/li>\n<li>Drinks im Orange Bay Restaurant Insel.<\/li>\n<li>Fotografie &amp; Fotos f\u00fcr die Reise.<\/li>\n<li>Wir bieten Rent Badeanz\u00fcge &amp; Bademode f\u00fcr Frauen, M\u00e4nner, Kinder alle Gr\u00f6\u00dfe &#8221; 5$ pro ein&#8221;.<\/li>\n<li>Alle nicht erw\u00e4hnten Extras.<\/li>\n<\/ul>\n<p><strong>Preise:<\/strong><\/p>\n<ul>\n<li><strong>Preis f\u00fcr Erwachsene = 90$ pro Person<\/strong>.<\/li>\n<li>Preis f\u00fcr Kinder &#8220;3-10\u2033= 50%.<\/li>\n<li>f\u00fcr Kinder &#8220;0-3\u2033= Kostenlos.<\/li>\n<\/ul>\n<p><strong>Bewertungen:<\/strong><\/p>\n<p>\u00fcberpr\u00fcfen Sie unsere Google Map Bewertungen als bester <a href=\"https:\/\/g.page\/r\/CUeYvkngP3wkEBM\/review\">Reiseveranstalter in Hurghada<\/a> online in <a href=\"https:\/\/hurghadalovers.com\/\">Hurghada<\/a> \u00c4gypten.<\/p>\n<p><strong>Reservierung:<\/strong><\/p>\n<p>Senden Sie Hotel + Zimmernummer + Fotop\u00e4sse an WhatsApp: <strong>+201112596434<\/strong><\/p>\n<p>Wenn Sie aus \u00c4gypten Buchen Sie jetzt online und best\u00e4tigen Sie bei der Ankunft Hotel.<\/p>\n<p><span style=\"color: #00ccff;\">\u2014\u2014\u2014- | \u2014\u2014\u2014\u2013 | \u2014\u2014\u2014\u2014\u2014\u2013<\/span><\/p>\n<p>Pr\u00fcfen <a href=\"https:\/\/hurghadalovers.com\/de\/tour-category\/sahl-hasheesh-ausfluege\/\"><strong>Sahl Hasheesh Ausfl\u00fcge<\/strong><\/a> &#8211; <a href=\"https:\/\/hurghadalovers.com\/de\/tour-category\/schnorcheln-in-sahl-hasheesh\/\"><strong>Schnorcheln in Sahl Hasheesh<\/strong><\/a>:<\/p>\n<ul>\n<li><a href=\"https:\/\/hurghadalovers.com\/de\/tours\/orange-bay-island-schnorchel-trip-von-sahl-hasheesh\/\">Orange Bay Insel Sahl Hasheesh Schnorcheln Ausflug<\/a><\/li>\n<li><a href=\"https:\/\/hurghadalovers.com\/de\/tours\/paradiesische-inseln-schnorcheln-reise-von-sahl-hasheesh\/\">Paradise Insel Sahl Hasheesh Schnorcheln Ausflug<\/a><\/li>\n<li><a href=\"https:\/\/hurghadalovers.com\/de\/tours\/sahl-hasheesh-delphin-haus-schnorchel-tagestour\/\">Delfin Tour Sahl Hasheesh<\/a> | Schnorcheln mit delfinen<\/li>\n<li><a href=\"https:\/\/hurghadalovers.com\/de\/tours\/luxus-orange-bay-island-reise-von-sahl-hasheesh\/\">Luxus-Bootsfahrt zur Orange Bay Insel von Sahl Hasheesh<\/a> | VIP Elite Ausflug<\/li>\n<li>Piraten-Segelboot zur Orangenbucht Insel von Sahl Hasheesh Ausflug<\/li>\n<li><strong><a href=\"https:\/\/hurghadalovers.com\/de\/tours\/sahl-hasheesh-boat-charters-to-orange-bay-island\/\">Sahl Hasheesh Bootsverleih zur Orange Bay Insel<\/a><\/strong> | Privater Boot mieten<\/li>\n<li><a href=\"https:\/\/hurghadalovers.com\/de\/tours\/sahl-hasheesh-bootsverleih-zur-paradise-insel\/\">Sahl Hasheesh Bootsverleih zur Paradise Insel<\/a><\/li>\n<li><a href=\"https:\/\/hurghadalovers.com\/de\/tours\/sahl-hasheesh-boat-charters-to-dolphin-house\/\">Sahl Hasheesh Bootsverleih zur Schnorcheln mit delfinen<\/a><\/li>\n<li><strong><a href=\"https:\/\/hurghadalovers.com\/de\/tours\/sahl-hasheesh-schnellboot-verleih-zur-orange-bay-insel\/\">Sahl Hasheesh Schnellbootverleih zur Orange Bay Insel<\/a><\/strong> | Privater Jetbootverleih &#8211; Speedboot-Abenteuer<\/li>\n<li><a href=\"https:\/\/hurghadalovers.com\/de\/tours\/sahl-hasheesh-schnellboot-vermietung-zur-paradies-insel\/\">Sahl Hasheesh Schnellbootverleih zur Paradise Insel<\/a><\/li>\n<li><a href=\"https:\/\/hurghadalovers.com\/de\/tours\/sahl-hasheesh-schnellboot-vermietung-zur-orange-bay-paradise-island\/\">Sahl Hasheesh Schnellbootverleih zur Orange Bay &amp; Paradise Insel<\/a><\/li>\n<li><a href=\"https:\/\/hurghadalovers.com\/de\/tours\/sahl-hasheesh-schnellboot-vermietung-zum-delfin-haus\/\">Sahl Hasheesh Schnellbootverleih zur Schnorcheln mit delfinen<\/a><\/li>\n<li><a href=\"https:\/\/hurghadalovers.com\/de\/tours\/sahl-hasheesh-schnellboot-vermietung-zum-delphin-haus-orange-bay-island\/\">Sahl Hasheesh Schnellbootverleih zur Orange bay Insel &amp; Schnorcheln mit delfinen<\/a><\/li>\n<li><a href=\"https:\/\/hurghadalovers.com\/de\/tours\/sahl-hasheesh-schnellboot-vermietung-zum-delfinhaus-paradies-insel\/\">Sahl Hasheesh Schnellbootverleih zur Paradise Insel &amp; Schnorcheln mit delfinen<\/a><\/li>\n<li><a href=\"https:\/\/hurghadalovers.com\/de\/tours\/sahl-hasheesh-schnellboot-verleih-nach-eden-inseln\/\">Sahl Hasheesh Schnellbootverleih zur Eden Insel<\/a><\/li>\n<li><a href=\"https:\/\/hurghadalovers.com\/de\/tours\/sahl-hasheesh-schnorcheln-bootsfahrt\/\">Bootsfahrten und Schnorcheln von Sahl Hasheesh<\/a><\/li>\n<li><a href=\"https:\/\/hurghadalovers.com\/de\/tours\/sahl-hasheesh-tauchboot-ausflug-fuer-anfaenger\/\">Tauchbootausflug f\u00fcr Anf\u00e4nger ab Sahl Hasheesh<\/a><\/li>\n<li><a href=\"https:\/\/hurghadalovers.com\/de\/tours\/tages-tauchgang-bootsfahrt-von-sahl-hasheesh\/\">T\u00e4gliche Tauchfahrten f\u00fcr Fortgeschrittene ab Sahl Hasheesh<\/a><\/li>\n<li><a href=\"https:\/\/hurghadalovers.com\/de\/tours\/padi-offenes-wasser-tauchkurs-in-sahl-hasheesh\/\">Sahl Hasheesh PADI Open Water Diver Kurs<\/a> | Kurse F\u00fcr Das Tauchen<\/li>\n<\/ul>\n<p>&nbsp;<\/p>\n","protected":false},"excerpt":{"rendered":"<p>Piraten-Segelboot zur Orangenbucht Insel von Sahl Hasheesh Ausflug mit VIP-Mittagessen. Wenn Sie auf der Suche nach dem <strong>luxuri\u00f6sesten Segelboot<\/strong> sind, um einen ganz besonderen Tag zu verbringen<\/p>\n","protected":false},"featured_media":395083,"template":"","meta":{"_joinchat":[]},"product_brand":[],"product_cat":[29817],"product_tag":[49621,53222,53182,52942,53197,53104,49617,53177,49605,53172,53202,53217,53187,53212,53227,53162,53207,53192,49601,49609,53167],"class_list":{"0":"post-391421","1":"product","2":"type-product","3":"status-publish","4":"has-post-thumbnail","6":"product_cat-touren","7":"product_tag-aktivitaten-fur-2-jahrige-aus-sahl-hasheesh","8":"product_tag-bootsvermietung-sahl-hasheesh","9":"product_tag-delphin-haus-sahl-hasheesh","10":"product_tag-familienausfluge-von-sahl-hasheesh-aus","11":"product_tag-giftun-insel-sahl-hasheesh","12":"product_tag-gunstige-familienausfluge-ab-sahl-hasheesh","13":"product_tag-indoor-aktivitaten-fur-paare-sahl-hasheesh","14":"product_tag-orange-bay-insel-sahl-hasheesh","15":"product_tag-orte-zu-besuchen-in-sahl-hasheesh","16":"product_tag-paradiesinsel-sahl-hasheesh","17":"product_tag-piratenschiff-sahl-hasheesh","18":"product_tag-privatboot-sahl-hasheesh","19":"product_tag-sahl-hasheesh-bootsausfluge","20":"product_tag-sahl-hasheesh-bootscharter","21":"product_tag-sahl-hasheesh-private-bootsfahrt","22":"product_tag-sahl-hasheesh-schnorchelausfluge","23":"product_tag-schnellboot-sahl-hasheesh","24":"product_tag-schwimmen-mit-delfinen-sahl-hasheesh","25":"product_tag-tagesausfluge-von-sahl-hasheesh","26":"product_tag-tagestouren-von-sahl-hasheesh","27":"product_tag-tauchen-in-sahl-hasheesh","28":"tour_category-sahl-hasheesh-ausfluege","29":"tour_category-schnorcheln-in-sahl-hasheesh","31":"first","32":"instock","33":"sale","34":"shipping-taxable","35":"purchasable","36":"product-type-tour"},"yoast_head":"<!-- This site is optimized with the Yoast SEO Premium plugin v26.9 (Yoast SEO v27.2) - https:\/\/yoast.com\/product\/yoast-seo-premium-wordpress\/ -->\n<title>Piraten-Segelboot zur Orangenbucht Insel von Sahl Hasheesh<\/title>\n<meta name=\"description\" content=\"Piraten-Segelboot zur Orangenbucht Insel von Sahl Hasheesh Ausflug mit VIP-Mittagessen. Wenn Sie auf der Suche nach dem luxuri\u00f6sesten Segelboot\" \/>\n<meta name=\"robots\" content=\"index, follow, max-snippet:-1, max-image-preview:large, max-video-preview:-1\" \/>\n<link rel=\"canonical\" href=\"https:\/\/hurghadalovers.com\/de\/tours\/piraten-segelboot-zur-orange-bucht-insel-von-sahl-hasheesh\/\" \/>\n<meta property=\"og:locale\" content=\"de_DE\" \/>\n<meta property=\"og:type\" content=\"article\" \/>\n<meta property=\"og:title\" content=\"Piraten-Segelboot zur Orangenbucht Insel von Sahl Hasheesh Ausflug\" \/>\n<meta property=\"og:description\" content=\"Piraten-Segelboot zur Orangenbucht Insel von Sahl Hasheesh Ausflug mit VIP-Mittagessen. Wenn Sie auf der Suche nach dem luxuri\u00f6sesten Segelboot\" \/>\n<meta property=\"og:url\" content=\"https:\/\/hurghadalovers.com\/de\/tours\/piraten-segelboot-zur-orange-bucht-insel-von-sahl-hasheesh\/\" \/>\n<meta property=\"og:site_name\" content=\"Hurghada Excursions &amp; Day Trips | Booking Best Prices Tours\" \/>\n<meta property=\"article:publisher\" content=\"https:\/\/www.facebook.com\/Hurghadaloversegypt\" \/>\n<meta property=\"article:modified_time\" content=\"2026-02-09T08:10:52+00:00\" \/>\n<meta property=\"og:image\" content=\"https:\/\/hurghadalovers.com\/wp-content\/uploads\/2023\/09\/Pirates-Sailing-Boat-to-Orange-bay-Island-from-El-Gouna.jpeg\" \/>\n\t<meta property=\"og:image:width\" content=\"1156\" \/>\n\t<meta property=\"og:image:height\" content=\"867\" \/>\n\t<meta property=\"og:image:type\" content=\"image\/jpeg\" \/>\n<meta name=\"twitter:card\" content=\"summary_large_image\" \/>\n<meta name=\"twitter:label1\" content=\"Price\" \/>\n\t<meta name=\"twitter:data1\" content=\"&euro;&nbsp;90\" \/>\n\t<meta name=\"twitter:label2\" content=\"Availability\" \/>\n\t<meta name=\"twitter:data2\" content=\"In stock\" \/>\n<script type=\"application\/ld+json\" class=\"yoast-schema-graph\">{\"@context\":\"https:\/\/schema.org\",\"@graph\":[{\"@type\":[\"WebPage\",\"ItemPage\"],\"@id\":\"https:\/\/hurghadalovers.com\/de\/tours\/piraten-segelboot-zur-orange-bucht-insel-von-sahl-hasheesh\/\",\"url\":\"https:\/\/hurghadalovers.com\/de\/tours\/piraten-segelboot-zur-orange-bucht-insel-von-sahl-hasheesh\/\",\"name\":\"Piraten-Segelboot zur Orangenbucht Insel von Sahl Hasheesh\",\"isPartOf\":{\"@id\":\"https:\/\/hurghadalovers.com\/de\/#website\"},\"primaryImageOfPage\":{\"@id\":\"https:\/\/hurghadalovers.com\/de\/tours\/piraten-segelboot-zur-orange-bucht-insel-von-sahl-hasheesh\/#primaryimage\"},\"image\":{\"@id\":\"https:\/\/hurghadalovers.com\/de\/tours\/piraten-segelboot-zur-orange-bucht-insel-von-sahl-hasheesh\/#primaryimage\"},\"thumbnailUrl\":\"https:\/\/hurghadalovers.com\/wp-content\/uploads\/2023\/09\/Pirates-Sailing-Boat-to-Orange-bay-Island-from-El-Gouna.jpeg\",\"datePublished\":\"2023-08-31T18:24:23+00:00\",\"dateModified\":\"2026-02-09T08:10:52+00:00\",\"description\":\"Piraten-Segelboot zur Orangenbucht Insel von Sahl Hasheesh Ausflug mit VIP-Mittagessen. Wenn Sie auf der Suche nach dem luxuri\u00f6sesten Segelboot\",\"breadcrumb\":{\"@id\":\"https:\/\/hurghadalovers.com\/de\/tours\/piraten-segelboot-zur-orange-bucht-insel-von-sahl-hasheesh\/#breadcrumb\"},\"inLanguage\":\"de-DE\",\"potentialAction\":[{\"@type\":\"ReadAction\",\"target\":[\"https:\/\/hurghadalovers.com\/de\/tours\/piraten-segelboot-zur-orange-bucht-insel-von-sahl-hasheesh\/\"]}]},{\"@type\":\"ImageObject\",\"inLanguage\":\"de-DE\",\"@id\":\"https:\/\/hurghadalovers.com\/de\/tours\/piraten-segelboot-zur-orange-bucht-insel-von-sahl-hasheesh\/#primaryimage\",\"url\":\"https:\/\/hurghadalovers.com\/wp-content\/uploads\/2023\/09\/Pirates-Sailing-Boat-to-Orange-bay-Island-from-El-Gouna.jpeg\",\"contentUrl\":\"https:\/\/hurghadalovers.com\/wp-content\/uploads\/2023\/09\/Pirates-Sailing-Boat-to-Orange-bay-Island-from-El-Gouna.jpeg\",\"width\":1156,\"height\":867,\"caption\":\"Piraten-Segelboot zur Insel Orangenbucht von El Gouna\"},{\"@type\":\"BreadcrumbList\",\"@id\":\"https:\/\/hurghadalovers.com\/de\/tours\/piraten-segelboot-zur-orange-bucht-insel-von-sahl-hasheesh\/#breadcrumb\",\"itemListElement\":[{\"@type\":\"ListItem\",\"position\":1,\"name\":\"Home\",\"item\":\"https:\/\/hurghadalovers.com\/de\/\"},{\"@type\":\"ListItem\",\"position\":2,\"name\":\"Shop\",\"item\":\"https:\/\/hurghadalovers.com\/shop\/\"},{\"@type\":\"ListItem\",\"position\":3,\"name\":\"Piraten-Segelboot zur Orangenbucht Insel von Sahl Hasheesh Ausflug\"}]},{\"@type\":\"WebSite\",\"@id\":\"https:\/\/hurghadalovers.com\/de\/#website\",\"url\":\"https:\/\/hurghadalovers.com\/de\/\",\"name\":\"Hurghada Excursions & Day Trips | Booking Best Prices Tours\",\"description\":\"Hurghada Lovers - Best Tour Operator - Excursions &amp; Things to do for Family Day Trips with kids and Couples Romantic. Unique .Hidden gems\",\"publisher\":{\"@id\":\"https:\/\/hurghadalovers.com\/de\/#organization\"},\"alternateName\":\"Hurghada Excursions\",\"potentialAction\":[{\"@type\":\"SearchAction\",\"target\":{\"@type\":\"EntryPoint\",\"urlTemplate\":\"https:\/\/hurghadalovers.com\/de\/?s={search_term_string}\"},\"query-input\":{\"@type\":\"PropertyValueSpecification\",\"valueRequired\":true,\"valueName\":\"search_term_string\"}}],\"inLanguage\":\"de-DE\"},{\"@type\":[\"Organization\",\"Place\",\"TravelAgency\"],\"@id\":\"https:\/\/hurghadalovers.com\/de\/#organization\",\"name\":\"Hurghada Excursions\",\"url\":\"https:\/\/hurghadalovers.com\/de\/\",\"logo\":{\"@id\":\"https:\/\/hurghadalovers.com\/de\/tours\/piraten-segelboot-zur-orange-bucht-insel-von-sahl-hasheesh\/#local-main-organization-logo\"},\"image\":{\"@id\":\"https:\/\/hurghadalovers.com\/de\/tours\/piraten-segelboot-zur-orange-bucht-insel-von-sahl-hasheesh\/#local-main-organization-logo\"},\"sameAs\":[\"https:\/\/www.facebook.com\/Hurghadaloversegypt\"],\"address\":{\"@id\":\"https:\/\/hurghadalovers.com\/de\/tours\/piraten-segelboot-zur-orange-bucht-insel-von-sahl-hasheesh\/#local-main-place-address\"},\"telephone\":[\"00201112596434\"],\"contactPoint\":{\"@type\":\"ContactPoint\",\"telephone\":\"00201112596434\",\"email\":\"weyouface@gmail.com\"},\"openingHoursSpecification\":{\"@type\":\"OpeningHoursSpecification\",\"dayOfWeek\":[\"Monday\",\"Tuesday\",\"Wednesday\",\"Thursday\",\"Friday\",\"Saturday\",\"Sunday\"],\"opens\":\"00:00\",\"closes\":\"23:59\"},\"email\":\"weyouface@gmail.com\",\"areaServed\":\"Luxor, Hurghada, El Gouna, Aswan, Sharm El Sheikh, Giza, Alexandria, Marsa Alam, Quseir, Soma Bay, Sahl Hasheesh, Red Sea, Makadi Bay, Cairo\",\"priceRange\":\"$\",\"currenciesAccepted\":\"euro\",\"paymentAccepted\":\"cash on site\"},{\"@type\":\"PostalAddress\",\"@id\":\"https:\/\/hurghadalovers.com\/de\/tours\/piraten-segelboot-zur-orange-bucht-insel-von-sahl-hasheesh\/#local-main-place-address\",\"streetAddress\":\"17 Banks street, Alkawther area, top nbk bank\",\"addressLocality\":\"hurghada\",\"postalCode\":\"84511\",\"addressRegion\":\"red sea\",\"addressCountry\":\"EG\"},{\"@type\":\"ImageObject\",\"inLanguage\":\"de-DE\",\"@id\":\"https:\/\/hurghadalovers.com\/de\/tours\/piraten-segelboot-zur-orange-bucht-insel-von-sahl-hasheesh\/#local-main-organization-logo\",\"url\":\"https:\/\/hurghadalovers.com\/wp-content\/uploads\/2019\/10\/hurghada-excursions-logo.png\",\"contentUrl\":\"https:\/\/hurghadalovers.com\/wp-content\/uploads\/2019\/10\/hurghada-excursions-logo.png\",\"width\":272,\"height\":90,\"caption\":\"Hurghada Excursions\"}]}<\/script>\n<meta property=\"product:brand\" content=\"Sahl Hasheesh Ausfl\u00fcge\" \/>\n<meta property=\"product:price:amount\" content=\"90\" \/>\n<meta property=\"product:price:currency\" content=\"EUR\" \/>\n<meta property=\"og:availability\" content=\"instock\" \/>\n<meta property=\"product:availability\" content=\"instock\" \/>\n<meta property=\"product:retailer_item_id\" content=\"Sahl342024\" \/>\n<meta property=\"product:condition\" content=\"new\" \/>\n<meta name=\"geo.placename\" content=\"hurghada\" \/>\n<meta name=\"geo.region\" content=\"Egypt\" \/>\n<!-- \/ Yoast SEO Premium plugin. -->","yoast_head_json":{"title":"Piraten-Segelboot zur Orangenbucht Insel von Sahl Hasheesh","description":"Piraten-Segelboot zur Orangenbucht Insel von Sahl Hasheesh Ausflug mit VIP-Mittagessen. Wenn Sie auf der Suche nach dem luxuri\u00f6sesten Segelboot","robots":{"index":"index","follow":"follow","max-snippet":"max-snippet:-1","max-image-preview":"max-image-preview:large","max-video-preview":"max-video-preview:-1"},"canonical":"https:\/\/hurghadalovers.com\/de\/tours\/piraten-segelboot-zur-orange-bucht-insel-von-sahl-hasheesh\/","og_locale":"de_DE","og_type":"article","og_title":"Piraten-Segelboot zur Orangenbucht Insel von Sahl Hasheesh Ausflug","og_description":"Piraten-Segelboot zur Orangenbucht Insel von Sahl Hasheesh Ausflug mit VIP-Mittagessen. Wenn Sie auf der Suche nach dem luxuri\u00f6sesten Segelboot","og_url":"https:\/\/hurghadalovers.com\/de\/tours\/piraten-segelboot-zur-orange-bucht-insel-von-sahl-hasheesh\/","og_site_name":"Hurghada Excursions &amp; Day Trips | Booking Best Prices Tours","article_publisher":"https:\/\/www.facebook.com\/Hurghadaloversegypt","article_modified_time":"2026-02-09T08:10:52+00:00","og_image":[{"width":1156,"height":867,"url":"https:\/\/hurghadalovers.com\/wp-content\/uploads\/2023\/09\/Pirates-Sailing-Boat-to-Orange-bay-Island-from-El-Gouna.jpeg","type":"image\/jpeg"}],"twitter_card":"summary_large_image","twitter_misc":{"Price":"&euro;&nbsp;90","Availability":"In stock"},"schema":{"@context":"https:\/\/schema.org","@graph":[{"@type":["WebPage","ItemPage"],"@id":"https:\/\/hurghadalovers.com\/de\/tours\/piraten-segelboot-zur-orange-bucht-insel-von-sahl-hasheesh\/","url":"https:\/\/hurghadalovers.com\/de\/tours\/piraten-segelboot-zur-orange-bucht-insel-von-sahl-hasheesh\/","name":"Piraten-Segelboot zur Orangenbucht Insel von Sahl Hasheesh","isPartOf":{"@id":"https:\/\/hurghadalovers.com\/de\/#website"},"primaryImageOfPage":{"@id":"https:\/\/hurghadalovers.com\/de\/tours\/piraten-segelboot-zur-orange-bucht-insel-von-sahl-hasheesh\/#primaryimage"},"image":{"@id":"https:\/\/hurghadalovers.com\/de\/tours\/piraten-segelboot-zur-orange-bucht-insel-von-sahl-hasheesh\/#primaryimage"},"thumbnailUrl":"https:\/\/hurghadalovers.com\/wp-content\/uploads\/2023\/09\/Pirates-Sailing-Boat-to-Orange-bay-Island-from-El-Gouna.jpeg","datePublished":"2023-08-31T18:24:23+00:00","dateModified":"2026-02-09T08:10:52+00:00","description":"Piraten-Segelboot zur Orangenbucht Insel von Sahl Hasheesh Ausflug mit VIP-Mittagessen. Wenn Sie auf der Suche nach dem luxuri\u00f6sesten Segelboot","breadcrumb":{"@id":"https:\/\/hurghadalovers.com\/de\/tours\/piraten-segelboot-zur-orange-bucht-insel-von-sahl-hasheesh\/#breadcrumb"},"inLanguage":"de-DE","potentialAction":[{"@type":"ReadAction","target":["https:\/\/hurghadalovers.com\/de\/tours\/piraten-segelboot-zur-orange-bucht-insel-von-sahl-hasheesh\/"]}]},{"@type":"ImageObject","inLanguage":"de-DE","@id":"https:\/\/hurghadalovers.com\/de\/tours\/piraten-segelboot-zur-orange-bucht-insel-von-sahl-hasheesh\/#primaryimage","url":"https:\/\/hurghadalovers.com\/wp-content\/uploads\/2023\/09\/Pirates-Sailing-Boat-to-Orange-bay-Island-from-El-Gouna.jpeg","contentUrl":"https:\/\/hurghadalovers.com\/wp-content\/uploads\/2023\/09\/Pirates-Sailing-Boat-to-Orange-bay-Island-from-El-Gouna.jpeg","width":1156,"height":867,"caption":"Piraten-Segelboot zur Insel Orangenbucht von El Gouna"},{"@type":"BreadcrumbList","@id":"https:\/\/hurghadalovers.com\/de\/tours\/piraten-segelboot-zur-orange-bucht-insel-von-sahl-hasheesh\/#breadcrumb","itemListElement":[{"@type":"ListItem","position":1,"name":"Home","item":"https:\/\/hurghadalovers.com\/de\/"},{"@type":"ListItem","position":2,"name":"Shop","item":"https:\/\/hurghadalovers.com\/shop\/"},{"@type":"ListItem","position":3,"name":"Piraten-Segelboot zur Orangenbucht Insel von Sahl Hasheesh Ausflug"}]},{"@type":"WebSite","@id":"https:\/\/hurghadalovers.com\/de\/#website","url":"https:\/\/hurghadalovers.com\/de\/","name":"Hurghada Excursions & Day Trips | Booking Best Prices Tours","description":"Hurghada Lovers - Best Tour Operator - Excursions &amp; Things to do for Family Day Trips with kids and Couples Romantic. Unique .Hidden gems","publisher":{"@id":"https:\/\/hurghadalovers.com\/de\/#organization"},"alternateName":"Hurghada Excursions","potentialAction":[{"@type":"SearchAction","target":{"@type":"EntryPoint","urlTemplate":"https:\/\/hurghadalovers.com\/de\/?s={search_term_string}"},"query-input":{"@type":"PropertyValueSpecification","valueRequired":true,"valueName":"search_term_string"}}],"inLanguage":"de-DE"},{"@type":["Organization","Place","TravelAgency"],"@id":"https:\/\/hurghadalovers.com\/de\/#organization","name":"Hurghada Excursions","url":"https:\/\/hurghadalovers.com\/de\/","logo":{"@id":"https:\/\/hurghadalovers.com\/de\/tours\/piraten-segelboot-zur-orange-bucht-insel-von-sahl-hasheesh\/#local-main-organization-logo"},"image":{"@id":"https:\/\/hurghadalovers.com\/de\/tours\/piraten-segelboot-zur-orange-bucht-insel-von-sahl-hasheesh\/#local-main-organization-logo"},"sameAs":["https:\/\/www.facebook.com\/Hurghadaloversegypt"],"address":{"@id":"https:\/\/hurghadalovers.com\/de\/tours\/piraten-segelboot-zur-orange-bucht-insel-von-sahl-hasheesh\/#local-main-place-address"},"telephone":["00201112596434"],"contactPoint":{"@type":"ContactPoint","telephone":"00201112596434","email":"weyouface@gmail.com"},"openingHoursSpecification":{"@type":"OpeningHoursSpecification","dayOfWeek":["Monday","Tuesday","Wednesday","Thursday","Friday","Saturday","Sunday"],"opens":"00:00","closes":"23:59"},"email":"weyouface@gmail.com","areaServed":"Luxor, Hurghada, El Gouna, Aswan, Sharm El Sheikh, Giza, Alexandria, Marsa Alam, Quseir, Soma Bay, Sahl Hasheesh, Red Sea, Makadi Bay, Cairo","priceRange":"$","currenciesAccepted":"euro","paymentAccepted":"cash on site"},{"@type":"PostalAddress","@id":"https:\/\/hurghadalovers.com\/de\/tours\/piraten-segelboot-zur-orange-bucht-insel-von-sahl-hasheesh\/#local-main-place-address","streetAddress":"17 Banks street, Alkawther area, top nbk bank","addressLocality":"hurghada","postalCode":"84511","addressRegion":"red sea","addressCountry":"EG"},{"@type":"ImageObject","inLanguage":"de-DE","@id":"https:\/\/hurghadalovers.com\/de\/tours\/piraten-segelboot-zur-orange-bucht-insel-von-sahl-hasheesh\/#local-main-organization-logo","url":"https:\/\/hurghadalovers.com\/wp-content\/uploads\/2019\/10\/hurghada-excursions-logo.png","contentUrl":"https:\/\/hurghadalovers.com\/wp-content\/uploads\/2019\/10\/hurghada-excursions-logo.png","width":272,"height":90,"caption":"Hurghada Excursions"}]},"product_brand":"Sahl Hasheesh Ausfl\u00fcge","product_price_amount":"90","product_price_currency":"EUR","og_availability":"instock","product_availability":"instock","product_retailer_item_id":"Sahl342024","product_condition":"new","geo.placename":"hurghada","geo.region":"Egypt"},"_links":{"self":[{"href":"https:\/\/hurghadalovers.com\/de\/wp-json\/wp\/v2\/product\/391421","targetHints":{"allow":["GET"]}}],"collection":[{"href":"https:\/\/hurghadalovers.com\/de\/wp-json\/wp\/v2\/product"}],"about":[{"href":"https:\/\/hurghadalovers.com\/de\/wp-json\/wp\/v2\/types\/product"}],"wp:featuredmedia":[{"embeddable":true,"href":"https:\/\/hurghadalovers.com\/de\/wp-json\/wp\/v2\/media\/395083"}],"wp:attachment":[{"href":"https:\/\/hurghadalovers.com\/de\/wp-json\/wp\/v2\/media?parent=391421"}],"wp:term":[{"taxonomy":"product_brand","embeddable":true,"href":"https:\/\/hurghadalovers.com\/de\/wp-json\/wp\/v2\/product_brand?post=391421"},{"taxonomy":"product_cat","embeddable":true,"href":"https:\/\/hurghadalovers.com\/de\/wp-json\/wp\/v2\/product_cat?post=391421"},{"taxonomy":"product_tag","embeddable":true,"href":"https:\/\/hurghadalovers.com\/de\/wp-json\/wp\/v2\/product_tag?post=391421"}],"curies":[{"name":"wp","href":"https:\/\/api.w.org\/{rel}","templated":true}]}}