{"id":391302,"date":"2023-08-31T18:00:06","date_gmt":"2023-08-31T18:00:06","guid":{"rendered":"https:\/\/hurghadalovers.com\/shop\/unkategorisiert\/sahl-hasheesh-bootscharter-nach-orange-bay-island\/"},"modified":"2026-02-08T16:37:54","modified_gmt":"2026-02-08T16:37:54","slug":"sahl-hasheesh-boat-charters-to-orange-bay-island","status":"publish","type":"product","link":"https:\/\/hurghadalovers.com\/de\/tours\/sahl-hasheesh-boat-charters-to-orange-bay-island\/","title":{"rendered":"Sahl Hasheesh Bootsverleih zur Orange Bay Insel | Privater Boot mieten"},"content":{"rendered":"<p><strong>Sahl Hasheesh Bootsverleih zur Orange Bay Insel<\/strong> | Privater Boot mieten, Wassersport und Mittagessen.<\/p>\n<p>Buchen Sie kleine <strong>Yacht Charter<\/strong> von 3 bis 6 Personen oder Luxus Big <strong>Boat Rental<\/strong> von 8 bis 35 Personen mit Transfer zu goto Schwimmen in besten <strong>Hausriff Spot<\/strong> und Aufenthalt 2-4 Stunden in besten Strand <strong>Giftun Insel<\/strong>\u00a0&#8220;Orange Bay Beach&#8221;.<\/p>\n<p>&nbsp;<\/p>\n<p><strong>H\u00f6hepunkte:<\/strong><\/p>\n<ul>\n<li>2 Spots Schnorcheln Hausriff.<\/li>\n<li>2-4 Stunden am Orange Bay Insel.<\/li>\n<li>Wassersport &#8220;Banane und Quattro&#8221;.<\/li>\n<\/ul>\n<p><strong>Sahl Hasheesh Bootsverleih zur Orange Bay Insel Details:<\/strong><\/p>\n<ul>\n<li>Verf\u00fcgbarkeit der Tour: Jeden Tag.<\/li>\n<li>Art der Tour: Privat.<\/li>\n<li>Abholzeit: Ab 07:30 Uhr morgens.<\/li>\n<li>Abholzeit: 17:00 Uhr.<\/li>\n<li>F\u00fcr Rollstuhlfahrer zug\u00e4nglich.<\/li>\n<li>Dauer: 8 Std.<\/li>\n<\/ul>\n<p><strong>Jetzt reservieren und sp\u00e4ter bezahlen:<\/strong><\/p>\n<ul>\n<li>Bargeld vor Ort zu f\u00fchren.<\/li>\n<li>Zahlung in \u00e4gyptischen Pfund, $, \u20ac oder \u00a3.<\/li>\n<\/ul>\n<p><strong>Stornierungsbedingungen:<\/strong><\/p>\n<ul>\n<li>Sie k\u00f6nnen bis zu 24 Stunden im Voraus stornieren.<\/li>\n<li>Wenn jemand aus Ihrer Familie den Vormittag absagt, zahlen Sie 50 % der Kosten.<\/li>\n<\/ul>\n<p><strong>Was ist inbegriffen?<\/strong><\/p>\n<ul>\n<li>Transfer von Sahl Hasheesh Hotels &#8220;Abholung vom Hotel und R\u00fccktransport&#8221;.<\/li>\n<li>Alle Steuern, Eintrittsgelder und Bearbeitungsgeb\u00fchren.<\/li>\n<li>Reiseleiter.<\/li>\n<li>Mineralwasser + Cola + Milch + Kaffee\/Tee.<\/li>\n<li>2 Schnorchelplatz.<\/li>\n<li>Schnorchelausr\u00fcstung &#8220;Masken und Schwimmflossen&#8221;.<\/li>\n<li>2-4 Stunden am <strong>Orange Bay Insel<\/strong>.<\/li>\n<li>VIP-Mittagsbuffet auf dem Schiff.<\/li>\n<li>Schwimmwesten.<\/li>\n<\/ul>\n<p><strong>Ausnahmen?<\/strong><\/p>\n<ul>\n<li>Trinkgeld.<\/li>\n<li>Drinks im Orange Bay Restaurant Insel.<\/li>\n<li>Fotografie &amp; Fotos f\u00fcr die Reise.<\/li>\n<li>Wir bieten Rent Badeanz\u00fcge &amp; Bademode f\u00fcr Frauen, M\u00e4nner, Kinder alle Gr\u00f6\u00dfe &#8221; 5$ pro ein&#8221;.<\/li>\n<li>Alle nicht erw\u00e4hnten Extras.<\/li>\n<\/ul>\n<p><strong>Preise:<\/strong><\/p>\n<p><strong>Kleine Yachtcharter von 3 bis 6 Personen = 420$<\/strong><\/p>\n<p><strong>Luxus Big Boat Vermietung von 8 bis 35 Personen = 770$<\/strong><\/p>\n<p><strong>Bewertungen:<\/strong><\/p>\n<p>\u00fcberpr\u00fcfen Sie unsere Google Map Bewertungen als bester <a href=\"https:\/\/g.page\/r\/CUeYvkngP3wkEBM\/review\">Reiseveranstalter in Hurghada<\/a> online in <a href=\"https:\/\/hurghadalovers.com\/\">Hurghada<\/a> \u00c4gypten.<\/p>\n<p><strong>Reservierung:<\/strong><\/p>\n<p>Senden Sie Hotel + Zimmernummer + Fotop\u00e4sse an WhatsApp: <strong>+201112596434<\/strong><\/p>\n<p>Wenn Sie aus \u00c4gypten Buchen Sie jetzt online und best\u00e4tigen Sie bei der Ankunft Hotel.<\/p>\n<p><span style=\"color: #00ccff;\">\u2014\u2014\u2014- | \u2014\u2014\u2014\u2013 | \u2014\u2014\u2014\u2014\u2014\u2013<\/span><\/p>\n<p>Pr\u00fcfen <a href=\"https:\/\/hurghadalovers.com\/de\/tour-category\/sahl-hasheesh-ausfluege\/\"><strong>Sahl Hasheesh Ausfl\u00fcge<\/strong><\/a> &#8211; <a href=\"https:\/\/hurghadalovers.com\/de\/tour-category\/schnorcheln-in-sahl-hasheesh\/\"><strong>Schnorcheln in Sahl Hasheesh<\/strong><\/a>:<\/p>\n<ul>\n<li><a href=\"https:\/\/hurghadalovers.com\/de\/tours\/orange-bay-island-schnorchel-trip-von-sahl-hasheesh\/\">Orange Bay Insel Sahl Hasheesh Schnorcheln Ausflug<\/a><\/li>\n<li><a href=\"https:\/\/hurghadalovers.com\/de\/tours\/paradiesische-inseln-schnorcheln-reise-von-sahl-hasheesh\/\">Paradise Insel Sahl Hasheesh Schnorcheln Ausflug<\/a><\/li>\n<li><a href=\"https:\/\/hurghadalovers.com\/de\/tours\/sahl-hasheesh-delphin-haus-schnorchel-tagestour\/\">Delfin Tour Sahl Hasheesh<\/a> | Schnorcheln mit delfinen<\/li>\n<li><a href=\"https:\/\/hurghadalovers.com\/de\/tours\/luxus-orange-bay-island-reise-von-sahl-hasheesh\/\">Luxus-Bootsfahrt zur Orange Bay Insel von Sahl Hasheesh<\/a> | VIP Elite Ausflug<\/li>\n<li><a href=\"https:\/\/hurghadalovers.com\/de\/tours\/piraten-segelboot-zur-orange-bucht-insel-von-sahl-hasheesh\/\">Piraten-Segelboot zur Orangenbucht Insel von Sahl Hasheesh<\/a> Ausflug<\/li>\n<li><strong>Sahl Hasheesh Bootsverleih zur Orange Bay Insel<\/strong> | Privater Boot mieten<\/li>\n<li><a href=\"https:\/\/hurghadalovers.com\/de\/tours\/sahl-hasheesh-bootsverleih-zur-paradise-insel\/\">Sahl Hasheesh Bootsverleih zur Paradise Insel<\/a><\/li>\n<li><a href=\"https:\/\/hurghadalovers.com\/de\/tours\/sahl-hasheesh-boat-charters-to-dolphin-house\/\">Sahl Hasheesh Bootsverleih zur Schnorcheln mit delfinen<\/a><\/li>\n<li><strong><a href=\"https:\/\/hurghadalovers.com\/de\/tours\/sahl-hasheesh-schnellboot-verleih-zur-orange-bay-insel\/\">Sahl Hasheesh Schnellbootverleih zur Orange Bay Insel<\/a><\/strong> | Privater Jetbootverleih &#8211; Speedboot-Abenteuer<\/li>\n<li><a href=\"https:\/\/hurghadalovers.com\/de\/tours\/sahl-hasheesh-schnellboot-vermietung-zur-paradies-insel\/\">Sahl Hasheesh Schnellbootverleih zur Paradise Insel<\/a><\/li>\n<li><a href=\"https:\/\/hurghadalovers.com\/de\/tours\/sahl-hasheesh-schnellboot-vermietung-zur-orange-bay-paradise-island\/\">Sahl Hasheesh Schnellbootverleih zur Orange Bay &amp; Paradise Insel<\/a><\/li>\n<li><a href=\"https:\/\/hurghadalovers.com\/de\/tours\/sahl-hasheesh-schnellboot-vermietung-zum-delfin-haus\/\">Sahl Hasheesh Schnellbootverleih zur Schnorcheln mit delfinen<\/a><\/li>\n<li><a href=\"https:\/\/hurghadalovers.com\/de\/tours\/sahl-hasheesh-schnellboot-vermietung-zum-delphin-haus-orange-bay-island\/\">Sahl Hasheesh Schnellbootverleih zur Orange bay Insel &amp; Schnorcheln mit delfinen<\/a><\/li>\n<li><a href=\"https:\/\/hurghadalovers.com\/de\/tours\/sahl-hasheesh-schnellboot-vermietung-zum-delfinhaus-paradies-insel\/\">Sahl Hasheesh Schnellbootverleih zur Paradise Insel &amp; Schnorcheln mit delfinen<\/a><\/li>\n<li><a href=\"https:\/\/hurghadalovers.com\/de\/tours\/sahl-hasheesh-schnellboot-verleih-nach-eden-inseln\/\">Sahl Hasheesh Schnellbootverleih zur Eden Insel<\/a><\/li>\n<li><a href=\"https:\/\/hurghadalovers.com\/de\/tours\/sahl-hasheesh-schnorcheln-bootsfahrt\/\">Bootsfahrten und Schnorcheln von Sahl Hasheesh<\/a><\/li>\n<li><a href=\"https:\/\/hurghadalovers.com\/de\/tours\/sahl-hasheesh-tauchboot-ausflug-fuer-anfaenger\/\">Tauchbootausflug f\u00fcr Anf\u00e4nger ab Sahl Hasheesh<\/a><\/li>\n<li><a href=\"https:\/\/hurghadalovers.com\/de\/tours\/tages-tauchgang-bootsfahrt-von-sahl-hasheesh\/\">T\u00e4gliche Tauchfahrten f\u00fcr Fortgeschrittene ab Sahl Hasheesh<\/a><\/li>\n<li><a href=\"https:\/\/hurghadalovers.com\/de\/tours\/padi-offenes-wasser-tauchkurs-in-sahl-hasheesh\/\">Sahl Hasheesh PADI Open Water Diver Kurs<\/a> | Kurse F\u00fcr Das Tauchen<\/li>\n<\/ul>\n<p>&nbsp;<\/p>\n","protected":false},"excerpt":{"rendered":"<p>Sahl Hasheesh Bootsverleih zur Orange Bay Insel | Privater Boot mieten mit Schnorcheln, Wassersport und Mittagessen. Buchen Sie kleine <strong>Yachtcharter<\/strong> von 3 bis 6 Personen oder luxuri\u00f6se gro\u00dfe <strong>Bootsvermietung<\/strong><\/p>\n","protected":false},"featured_media":394996,"template":"","meta":{"_joinchat":[]},"product_brand":[],"product_cat":[29817],"product_tag":[53222,53182,53047,52978,53197,53177,53172,53202,53217,49613,53072,53094,53187,53212,53227,53067,53162,53007,53057,53052,53207,53192,53062,53167],"class_list":{"0":"post-391302","1":"product","2":"type-product","3":"status-publish","4":"has-post-thumbnail","6":"product_cat-touren","7":"product_tag-bootsvermietung-sahl-hasheesh","8":"product_tag-delphin-haus-sahl-hasheesh","9":"product_tag-familienaktivitaten-von-sahl-hasheesh","10":"product_tag-familienausfluge-ab-sahl-hasheesh","11":"product_tag-giftun-insel-sahl-hasheesh","12":"product_tag-orange-bay-insel-sahl-hasheesh","13":"product_tag-paradiesinsel-sahl-hasheesh","14":"product_tag-piratenschiff-sahl-hasheesh","15":"product_tag-privatboot-sahl-hasheesh","16":"product_tag-romantische-aktivitaten-fur-paare-in-sahl-hasheesh","17":"product_tag-romantische-dinge-zu-tun-in-sahl-hasheesh","18":"product_tag-sahl-hasheesh-aktivitaten-fur-kinder","19":"product_tag-sahl-hasheesh-bootsausfluge","20":"product_tag-sahl-hasheesh-bootscharter","21":"product_tag-sahl-hasheesh-private-bootsfahrt","22":"product_tag-sahl-hasheesh-romantische-touren","23":"product_tag-sahl-hasheesh-schnorchelausfluge","24":"product_tag-sahl-hasheesh-tagesausfluge","25":"product_tag-sahl-hasheesh-tagestouren","26":"product_tag-sahl-hasheesh-was-zu-tun-ist","27":"product_tag-schnellboot-sahl-hasheesh","28":"product_tag-schwimmen-mit-delfinen-sahl-hasheesh","29":"product_tag-sehenswertes-in-sahl-hasheesh","30":"product_tag-tauchen-in-sahl-hasheesh","31":"tour_category-sahl-hasheesh-ausfluege","32":"tour_category-schnorcheln-in-sahl-hasheesh","34":"first","35":"instock","36":"sale","37":"shipping-taxable","38":"purchasable","39":"product-type-tour"},"yoast_head":"<!-- This site is optimized with the Yoast SEO Premium plugin v26.9 (Yoast SEO v27.2) - https:\/\/yoast.com\/product\/yoast-seo-premium-wordpress\/ -->\n<title>Sahl Hasheesh Bootsverleih zur Orange Bay Insel | Privater Boot<\/title>\n<meta name=\"description\" content=\"Sahl Hasheesh Bootsverleih zur Orange Bay Insel | Privater Boot mieten mit Schnorcheln, Wassersport und Mittagessen. Kleine Yachtcharter oder\" \/>\n<meta name=\"robots\" content=\"index, follow, max-snippet:-1, max-image-preview:large, max-video-preview:-1\" \/>\n<link rel=\"canonical\" href=\"https:\/\/hurghadalovers.com\/de\/tours\/sahl-hasheesh-boat-charters-to-orange-bay-island\/\" \/>\n<meta property=\"og:locale\" content=\"de_DE\" \/>\n<meta property=\"og:type\" content=\"article\" \/>\n<meta property=\"og:title\" content=\"Sahl Hasheesh Bootsverleih zur Orange Bay Insel | Privater Boot mieten\" \/>\n<meta property=\"og:description\" content=\"Sahl Hasheesh Bootsverleih zur Orange Bay Insel | Privater Boot mieten mit Schnorcheln, Wassersport und Mittagessen. Kleine Yachtcharter oder\" \/>\n<meta property=\"og:url\" content=\"https:\/\/hurghadalovers.com\/de\/tours\/sahl-hasheesh-boat-charters-to-orange-bay-island\/\" \/>\n<meta property=\"og:site_name\" content=\"Hurghada Excursions &amp; Day Trips | Booking Best Prices Tours\" \/>\n<meta property=\"article:publisher\" content=\"https:\/\/www.facebook.com\/Hurghadaloversegypt\" \/>\n<meta property=\"article:modified_time\" content=\"2026-02-08T16:37:54+00:00\" \/>\n<meta property=\"og:image\" content=\"https:\/\/hurghadalovers.com\/wp-content\/uploads\/2023\/09\/El-Gouna-Boat-Charters-to-Orange-bay-Island.jpeg\" \/>\n\t<meta property=\"og:image:width\" content=\"1024\" \/>\n\t<meta property=\"og:image:height\" content=\"768\" \/>\n\t<meta property=\"og:image:type\" content=\"image\/jpeg\" \/>\n<meta name=\"twitter:card\" content=\"summary_large_image\" \/>\n<meta name=\"twitter:label1\" content=\"Price\" \/>\n\t<meta name=\"twitter:data1\" content=\"&euro;&nbsp;420\" \/>\n\t<meta name=\"twitter:label2\" content=\"Availability\" \/>\n\t<meta name=\"twitter:data2\" content=\"In stock\" \/>\n<script type=\"application\/ld+json\" class=\"yoast-schema-graph\">{\"@context\":\"https:\/\/schema.org\",\"@graph\":[{\"@type\":[\"WebPage\",\"ItemPage\"],\"@id\":\"https:\/\/hurghadalovers.com\/de\/tours\/sahl-hasheesh-boat-charters-to-orange-bay-island\/\",\"url\":\"https:\/\/hurghadalovers.com\/de\/tours\/sahl-hasheesh-boat-charters-to-orange-bay-island\/\",\"name\":\"Sahl Hasheesh Bootsverleih zur Orange Bay Insel | Privater Boot\",\"isPartOf\":{\"@id\":\"https:\/\/hurghadalovers.com\/de\/#website\"},\"primaryImageOfPage\":{\"@id\":\"https:\/\/hurghadalovers.com\/de\/tours\/sahl-hasheesh-boat-charters-to-orange-bay-island\/#primaryimage\"},\"image\":{\"@id\":\"https:\/\/hurghadalovers.com\/de\/tours\/sahl-hasheesh-boat-charters-to-orange-bay-island\/#primaryimage\"},\"thumbnailUrl\":\"https:\/\/hurghadalovers.com\/wp-content\/uploads\/2023\/09\/El-Gouna-Boat-Charters-to-Orange-bay-Island.jpeg\",\"datePublished\":\"2023-08-31T18:00:06+00:00\",\"dateModified\":\"2026-02-08T16:37:54+00:00\",\"description\":\"Sahl Hasheesh Bootsverleih zur Orange Bay Insel | Privater Boot mieten mit Schnorcheln, Wassersport und Mittagessen. Kleine Yachtcharter oder\",\"breadcrumb\":{\"@id\":\"https:\/\/hurghadalovers.com\/de\/tours\/sahl-hasheesh-boat-charters-to-orange-bay-island\/#breadcrumb\"},\"inLanguage\":\"de-DE\",\"potentialAction\":[{\"@type\":\"ReadAction\",\"target\":[\"https:\/\/hurghadalovers.com\/de\/tours\/sahl-hasheesh-boat-charters-to-orange-bay-island\/\"]}]},{\"@type\":\"ImageObject\",\"inLanguage\":\"de-DE\",\"@id\":\"https:\/\/hurghadalovers.com\/de\/tours\/sahl-hasheesh-boat-charters-to-orange-bay-island\/#primaryimage\",\"url\":\"https:\/\/hurghadalovers.com\/wp-content\/uploads\/2023\/09\/El-Gouna-Boat-Charters-to-Orange-bay-Island.jpeg\",\"contentUrl\":\"https:\/\/hurghadalovers.com\/wp-content\/uploads\/2023\/09\/El-Gouna-Boat-Charters-to-Orange-bay-Island.jpeg\",\"width\":1024,\"height\":768,\"caption\":\"El Gouna Bootscharter zur Insel Orange Bay Hurghada Bootsverleih zur Orange Bay Insel | Privater Boot mieten Makadi bay Sahl Hasheesh soma bay\"},{\"@type\":\"BreadcrumbList\",\"@id\":\"https:\/\/hurghadalovers.com\/de\/tours\/sahl-hasheesh-boat-charters-to-orange-bay-island\/#breadcrumb\",\"itemListElement\":[{\"@type\":\"ListItem\",\"position\":1,\"name\":\"Home\",\"item\":\"https:\/\/hurghadalovers.com\/de\/\"},{\"@type\":\"ListItem\",\"position\":2,\"name\":\"Shop\",\"item\":\"https:\/\/hurghadalovers.com\/shop\/\"},{\"@type\":\"ListItem\",\"position\":3,\"name\":\"Sahl Hasheesh Bootsverleih zur Orange Bay Insel | Privater Boot mieten\"}]},{\"@type\":\"WebSite\",\"@id\":\"https:\/\/hurghadalovers.com\/de\/#website\",\"url\":\"https:\/\/hurghadalovers.com\/de\/\",\"name\":\"Hurghada Excursions & Day Trips | Booking Best Prices Tours\",\"description\":\"Hurghada Lovers - Best Tour Operator - Excursions &amp; Things to do for Family Day Trips with kids and Couples Romantic. Unique .Hidden gems\",\"publisher\":{\"@id\":\"https:\/\/hurghadalovers.com\/de\/#organization\"},\"alternateName\":\"Hurghada Excursions\",\"potentialAction\":[{\"@type\":\"SearchAction\",\"target\":{\"@type\":\"EntryPoint\",\"urlTemplate\":\"https:\/\/hurghadalovers.com\/de\/?s={search_term_string}\"},\"query-input\":{\"@type\":\"PropertyValueSpecification\",\"valueRequired\":true,\"valueName\":\"search_term_string\"}}],\"inLanguage\":\"de-DE\"},{\"@type\":[\"Organization\",\"Place\",\"TravelAgency\"],\"@id\":\"https:\/\/hurghadalovers.com\/de\/#organization\",\"name\":\"Hurghada Excursions\",\"url\":\"https:\/\/hurghadalovers.com\/de\/\",\"logo\":{\"@id\":\"https:\/\/hurghadalovers.com\/de\/tours\/sahl-hasheesh-boat-charters-to-orange-bay-island\/#local-main-organization-logo\"},\"image\":{\"@id\":\"https:\/\/hurghadalovers.com\/de\/tours\/sahl-hasheesh-boat-charters-to-orange-bay-island\/#local-main-organization-logo\"},\"sameAs\":[\"https:\/\/www.facebook.com\/Hurghadaloversegypt\"],\"address\":{\"@id\":\"https:\/\/hurghadalovers.com\/de\/tours\/sahl-hasheesh-boat-charters-to-orange-bay-island\/#local-main-place-address\"},\"telephone\":[\"00201112596434\"],\"contactPoint\":{\"@type\":\"ContactPoint\",\"telephone\":\"00201112596434\",\"email\":\"weyouface@gmail.com\"},\"openingHoursSpecification\":{\"@type\":\"OpeningHoursSpecification\",\"dayOfWeek\":[\"Monday\",\"Tuesday\",\"Wednesday\",\"Thursday\",\"Friday\",\"Saturday\",\"Sunday\"],\"opens\":\"00:00\",\"closes\":\"23:59\"},\"email\":\"weyouface@gmail.com\",\"areaServed\":\"Luxor, Hurghada, El Gouna, Aswan, Sharm El Sheikh, Giza, Alexandria, Marsa Alam, Quseir, Soma Bay, Sahl Hasheesh, Red Sea, Makadi Bay, Cairo\",\"priceRange\":\"$\",\"currenciesAccepted\":\"euro\",\"paymentAccepted\":\"cash on site\"},{\"@type\":\"PostalAddress\",\"@id\":\"https:\/\/hurghadalovers.com\/de\/tours\/sahl-hasheesh-boat-charters-to-orange-bay-island\/#local-main-place-address\",\"streetAddress\":\"17 Banks street, Alkawther area, top nbk bank\",\"addressLocality\":\"hurghada\",\"postalCode\":\"84511\",\"addressRegion\":\"red sea\",\"addressCountry\":\"EG\"},{\"@type\":\"ImageObject\",\"inLanguage\":\"de-DE\",\"@id\":\"https:\/\/hurghadalovers.com\/de\/tours\/sahl-hasheesh-boat-charters-to-orange-bay-island\/#local-main-organization-logo\",\"url\":\"https:\/\/hurghadalovers.com\/wp-content\/uploads\/2019\/10\/hurghada-excursions-logo.png\",\"contentUrl\":\"https:\/\/hurghadalovers.com\/wp-content\/uploads\/2019\/10\/hurghada-excursions-logo.png\",\"width\":272,\"height\":90,\"caption\":\"Hurghada Excursions\"}]}<\/script>\n<meta property=\"product:brand\" content=\"Sahl Hasheesh Ausfl\u00fcge\" \/>\n<meta property=\"product:price:amount\" content=\"420\" \/>\n<meta property=\"product:price:currency\" content=\"EUR\" \/>\n<meta property=\"og:availability\" content=\"instock\" \/>\n<meta property=\"product:availability\" content=\"instock\" \/>\n<meta property=\"product:retailer_item_id\" content=\"Sahl302024\" \/>\n<meta property=\"product:condition\" content=\"new\" \/>\n<meta name=\"geo.placename\" content=\"hurghada\" \/>\n<meta name=\"geo.region\" content=\"Egypt\" \/>\n<!-- \/ Yoast SEO Premium plugin. -->","yoast_head_json":{"title":"Sahl Hasheesh Bootsverleih zur Orange Bay Insel | Privater Boot","description":"Sahl Hasheesh Bootsverleih zur Orange Bay Insel | Privater Boot mieten mit Schnorcheln, Wassersport und Mittagessen. Kleine Yachtcharter oder","robots":{"index":"index","follow":"follow","max-snippet":"max-snippet:-1","max-image-preview":"max-image-preview:large","max-video-preview":"max-video-preview:-1"},"canonical":"https:\/\/hurghadalovers.com\/de\/tours\/sahl-hasheesh-boat-charters-to-orange-bay-island\/","og_locale":"de_DE","og_type":"article","og_title":"Sahl Hasheesh Bootsverleih zur Orange Bay Insel | Privater Boot mieten","og_description":"Sahl Hasheesh Bootsverleih zur Orange Bay Insel | Privater Boot mieten mit Schnorcheln, Wassersport und Mittagessen. Kleine Yachtcharter oder","og_url":"https:\/\/hurghadalovers.com\/de\/tours\/sahl-hasheesh-boat-charters-to-orange-bay-island\/","og_site_name":"Hurghada Excursions &amp; Day Trips | Booking Best Prices Tours","article_publisher":"https:\/\/www.facebook.com\/Hurghadaloversegypt","article_modified_time":"2026-02-08T16:37:54+00:00","og_image":[{"width":1024,"height":768,"url":"https:\/\/hurghadalovers.com\/wp-content\/uploads\/2023\/09\/El-Gouna-Boat-Charters-to-Orange-bay-Island.jpeg","type":"image\/jpeg"}],"twitter_card":"summary_large_image","twitter_misc":{"Price":"&euro;&nbsp;420","Availability":"In stock"},"schema":{"@context":"https:\/\/schema.org","@graph":[{"@type":["WebPage","ItemPage"],"@id":"https:\/\/hurghadalovers.com\/de\/tours\/sahl-hasheesh-boat-charters-to-orange-bay-island\/","url":"https:\/\/hurghadalovers.com\/de\/tours\/sahl-hasheesh-boat-charters-to-orange-bay-island\/","name":"Sahl Hasheesh Bootsverleih zur Orange Bay Insel | Privater Boot","isPartOf":{"@id":"https:\/\/hurghadalovers.com\/de\/#website"},"primaryImageOfPage":{"@id":"https:\/\/hurghadalovers.com\/de\/tours\/sahl-hasheesh-boat-charters-to-orange-bay-island\/#primaryimage"},"image":{"@id":"https:\/\/hurghadalovers.com\/de\/tours\/sahl-hasheesh-boat-charters-to-orange-bay-island\/#primaryimage"},"thumbnailUrl":"https:\/\/hurghadalovers.com\/wp-content\/uploads\/2023\/09\/El-Gouna-Boat-Charters-to-Orange-bay-Island.jpeg","datePublished":"2023-08-31T18:00:06+00:00","dateModified":"2026-02-08T16:37:54+00:00","description":"Sahl Hasheesh Bootsverleih zur Orange Bay Insel | Privater Boot mieten mit Schnorcheln, Wassersport und Mittagessen. Kleine Yachtcharter oder","breadcrumb":{"@id":"https:\/\/hurghadalovers.com\/de\/tours\/sahl-hasheesh-boat-charters-to-orange-bay-island\/#breadcrumb"},"inLanguage":"de-DE","potentialAction":[{"@type":"ReadAction","target":["https:\/\/hurghadalovers.com\/de\/tours\/sahl-hasheesh-boat-charters-to-orange-bay-island\/"]}]},{"@type":"ImageObject","inLanguage":"de-DE","@id":"https:\/\/hurghadalovers.com\/de\/tours\/sahl-hasheesh-boat-charters-to-orange-bay-island\/#primaryimage","url":"https:\/\/hurghadalovers.com\/wp-content\/uploads\/2023\/09\/El-Gouna-Boat-Charters-to-Orange-bay-Island.jpeg","contentUrl":"https:\/\/hurghadalovers.com\/wp-content\/uploads\/2023\/09\/El-Gouna-Boat-Charters-to-Orange-bay-Island.jpeg","width":1024,"height":768,"caption":"El Gouna Bootscharter zur Insel Orange Bay Hurghada Bootsverleih zur Orange Bay Insel | Privater Boot mieten Makadi bay Sahl Hasheesh soma bay"},{"@type":"BreadcrumbList","@id":"https:\/\/hurghadalovers.com\/de\/tours\/sahl-hasheesh-boat-charters-to-orange-bay-island\/#breadcrumb","itemListElement":[{"@type":"ListItem","position":1,"name":"Home","item":"https:\/\/hurghadalovers.com\/de\/"},{"@type":"ListItem","position":2,"name":"Shop","item":"https:\/\/hurghadalovers.com\/shop\/"},{"@type":"ListItem","position":3,"name":"Sahl Hasheesh Bootsverleih zur Orange Bay Insel | Privater Boot mieten"}]},{"@type":"WebSite","@id":"https:\/\/hurghadalovers.com\/de\/#website","url":"https:\/\/hurghadalovers.com\/de\/","name":"Hurghada Excursions & Day Trips | Booking Best Prices Tours","description":"Hurghada Lovers - Best Tour Operator - Excursions &amp; Things to do for Family Day Trips with kids and Couples Romantic. Unique .Hidden gems","publisher":{"@id":"https:\/\/hurghadalovers.com\/de\/#organization"},"alternateName":"Hurghada Excursions","potentialAction":[{"@type":"SearchAction","target":{"@type":"EntryPoint","urlTemplate":"https:\/\/hurghadalovers.com\/de\/?s={search_term_string}"},"query-input":{"@type":"PropertyValueSpecification","valueRequired":true,"valueName":"search_term_string"}}],"inLanguage":"de-DE"},{"@type":["Organization","Place","TravelAgency"],"@id":"https:\/\/hurghadalovers.com\/de\/#organization","name":"Hurghada Excursions","url":"https:\/\/hurghadalovers.com\/de\/","logo":{"@id":"https:\/\/hurghadalovers.com\/de\/tours\/sahl-hasheesh-boat-charters-to-orange-bay-island\/#local-main-organization-logo"},"image":{"@id":"https:\/\/hurghadalovers.com\/de\/tours\/sahl-hasheesh-boat-charters-to-orange-bay-island\/#local-main-organization-logo"},"sameAs":["https:\/\/www.facebook.com\/Hurghadaloversegypt"],"address":{"@id":"https:\/\/hurghadalovers.com\/de\/tours\/sahl-hasheesh-boat-charters-to-orange-bay-island\/#local-main-place-address"},"telephone":["00201112596434"],"contactPoint":{"@type":"ContactPoint","telephone":"00201112596434","email":"weyouface@gmail.com"},"openingHoursSpecification":{"@type":"OpeningHoursSpecification","dayOfWeek":["Monday","Tuesday","Wednesday","Thursday","Friday","Saturday","Sunday"],"opens":"00:00","closes":"23:59"},"email":"weyouface@gmail.com","areaServed":"Luxor, Hurghada, El Gouna, Aswan, Sharm El Sheikh, Giza, Alexandria, Marsa Alam, Quseir, Soma Bay, Sahl Hasheesh, Red Sea, Makadi Bay, Cairo","priceRange":"$","currenciesAccepted":"euro","paymentAccepted":"cash on site"},{"@type":"PostalAddress","@id":"https:\/\/hurghadalovers.com\/de\/tours\/sahl-hasheesh-boat-charters-to-orange-bay-island\/#local-main-place-address","streetAddress":"17 Banks street, Alkawther area, top nbk bank","addressLocality":"hurghada","postalCode":"84511","addressRegion":"red sea","addressCountry":"EG"},{"@type":"ImageObject","inLanguage":"de-DE","@id":"https:\/\/hurghadalovers.com\/de\/tours\/sahl-hasheesh-boat-charters-to-orange-bay-island\/#local-main-organization-logo","url":"https:\/\/hurghadalovers.com\/wp-content\/uploads\/2019\/10\/hurghada-excursions-logo.png","contentUrl":"https:\/\/hurghadalovers.com\/wp-content\/uploads\/2019\/10\/hurghada-excursions-logo.png","width":272,"height":90,"caption":"Hurghada Excursions"}]},"product_brand":"Sahl Hasheesh Ausfl\u00fcge","product_price_amount":"420","product_price_currency":"EUR","og_availability":"instock","product_availability":"instock","product_retailer_item_id":"Sahl302024","product_condition":"new","geo.placename":"hurghada","geo.region":"Egypt"},"_links":{"self":[{"href":"https:\/\/hurghadalovers.com\/de\/wp-json\/wp\/v2\/product\/391302","targetHints":{"allow":["GET"]}}],"collection":[{"href":"https:\/\/hurghadalovers.com\/de\/wp-json\/wp\/v2\/product"}],"about":[{"href":"https:\/\/hurghadalovers.com\/de\/wp-json\/wp\/v2\/types\/product"}],"wp:featuredmedia":[{"embeddable":true,"href":"https:\/\/hurghadalovers.com\/de\/wp-json\/wp\/v2\/media\/394996"}],"wp:attachment":[{"href":"https:\/\/hurghadalovers.com\/de\/wp-json\/wp\/v2\/media?parent=391302"}],"wp:term":[{"taxonomy":"product_brand","embeddable":true,"href":"https:\/\/hurghadalovers.com\/de\/wp-json\/wp\/v2\/product_brand?post=391302"},{"taxonomy":"product_cat","embeddable":true,"href":"https:\/\/hurghadalovers.com\/de\/wp-json\/wp\/v2\/product_cat?post=391302"},{"taxonomy":"product_tag","embeddable":true,"href":"https:\/\/hurghadalovers.com\/de\/wp-json\/wp\/v2\/product_tag?post=391302"}],"curies":[{"name":"wp","href":"https:\/\/api.w.org\/{rel}","templated":true}]}}