{"id":391033,"date":"2023-08-31T14:46:52","date_gmt":"2023-08-31T14:49:45","guid":{"rendered":"https:\/\/hurghadalovers.com\/shop\/unkategorisiert\/privater-tagesausflug-von-sahl-hasheesh-nach-abu-simbel-assuan-2-tage\/"},"modified":"2026-02-09T09:31:33","modified_gmt":"2026-02-09T09:31:33","slug":"private-tagesreise-von-sahl-hasheesh-nach-abu-simbel-aswan-2-tage","status":"publish","type":"product","link":"https:\/\/hurghadalovers.com\/de\/tours\/private-tagesreise-von-sahl-hasheesh-nach-abu-simbel-aswan-2-tage\/","title":{"rendered":"Privater Ausflug ab Sahl Hasheesh nach Assuan und Abu Simbel \u2013 2 Tage"},"content":{"rendered":"<p><strong>Privater Ausflug ab Sahl Hasheesh nach Assuan<\/strong> und Abu Simbel \u2013 2 Tage mit privatem Reisef\u00fchrer, Tickets und Mittagessen.<\/p>\n<p>Entdecken Sie die Geheimnisse von <strong>K\u00f6nig Ramses II.<\/strong>, einem der ber\u00fchmtesten K\u00f6nige der Pharaonen, und besuchen Sie die wichtigsten historischen Tempel, um neue Fakten \u00fcber die alt\u00e4gyptische <strong>Pharaonenzivilisation<\/strong> zu erfahren.<\/p>\n<p style=\"text-align: center;\">\u00a0Entdecken Sie die Geheimnisse der <a href=\"https:\/\/hurghadalovers.com\/de\/pharaonen-koenige-aegypten\/\"><strong>Pharaonen<\/strong><\/a> im alten \u00c4gypten.<\/p>\n<p><strong>H\u00f6hepunkte:<\/strong><\/p>\n<ul>\n<li><a href=\"https:\/\/hurghadalovers.com\/de\/tempel-von-philae-assuan-aegypten\/\">Tempel von Philae<\/a>.<\/li>\n<li><a href=\"https:\/\/hurghadalovers.com\/de\/der-unvollendete-obelisk-in-assuan\/\">Der unvollendete Obelisk<\/a>.<\/li>\n<li>Der Hochdamm.<\/li>\n<li><a href=\"https:\/\/hurghadalovers.com\/de\/abu-simbel-tempel-assuan-aegypten\/\">Abu Simbel Tempel<\/a>.<\/li>\n<li>Mittagessen im Restaurant &#8220;Vegetarisches Essen ist m\u00f6glich&#8221;.<\/li>\n<\/ul>\n<p><strong>Privater Ausflug ab Sahl Hasheesh nach Assuan und Abu Simbel Details:<\/strong><\/p>\n<ul>\n<li>Verf\u00fcgbarkeit der Tour: Jeden Tag.<\/li>\n<li>Art der Tour: Privat mit Auto oder Minivan.<\/li>\n<li>Abholzeit: Ab 05:30 Uhr morgens.<\/li>\n<li>Asking Hotel erhalten Sie Ihr Fr\u00fchst\u00fcck Tasche mit Ihnen Morgen.<\/li>\n<li>Abholzeit: 19:00 Uhr.<\/li>\n<li>F\u00fcr Rollstuhlfahrer zug\u00e4nglich.<\/li>\n<li>Dauer: 2 Tage \/ 1 Nacht.<\/li>\n<\/ul>\n<p><strong>Jetzt reservieren und sp\u00e4ter bezahlen:<\/strong><\/p>\n<ul>\n<li>Bargeld vor Ort zu f\u00fchren.<\/li>\n<li>Zahlung in \u00e4gyptischen Pfund, $, \u20ac oder \u00a3.<\/li>\n<\/ul>\n<p><strong>Stornierungsbedingungen:<\/strong><\/p>\n<ul>\n<li>Sie k\u00f6nnen bis zu 24 Stunden im Voraus stornieren.<\/li>\n<li>Wenn jemand aus Ihrer Familie den Vormittag absagt, zahlen Sie 50 % der Kosten.<\/li>\n<\/ul>\n<p><strong>Was ist inbegriffen?<\/strong><\/p>\n<ul>\n<li>Transfer von Sahl Hasheesh Hotels &#8220;Abholung vom Hotel und R\u00fccktransport&#8221;.<\/li>\n<li>Alle Steuern, Eintrittsgelder und Bearbeitungsgeb\u00fchren.<\/li>\n<li>\u00dcberweisungen.<\/li>\n<li>Reiseleiter.<\/li>\n<li>Eine \u00dcbernachtung im Hotel mit Fr\u00fchst\u00fcck.<\/li>\n<li>Die Getr\u00e4nke.<\/li>\n<li>2 Mal Mittagessen im Restaurant.<\/li>\n<\/ul>\n<p><strong>Ausnahmen?<\/strong><\/p>\n<ul>\n<li>Trinkgeld.<\/li>\n<li>Alle nicht erw\u00e4hnten Extras.<\/li>\n<\/ul>\n<p><strong>Preise:<\/strong><\/p>\n<ul>\n<li><strong>Preis f\u00fcr Erwachsene = ab 300$ pro Person<\/strong>.<\/li>\n<li>Preis f\u00fcr Kinder &#8220;5-12\u2033= 50%.<\/li>\n<li>f\u00fcr Kinder &#8220;0-5\u2033= Kostenlos.<\/li>\n<\/ul>\n<p><strong>Bewertungen:<\/strong><\/p>\n<p>\u00fcberpr\u00fcfen Sie unsere Google Map Bewertungen als bester <a href=\"https:\/\/g.page\/r\/CUeYvkngP3wkEBM\/review\">Reiseveranstalter in Hurghada<\/a> online in <a href=\"https:\/\/hurghadalovers.com\/\">Hurghada<\/a> \u00c4gypten.<\/p>\n<p><strong>Reservierung:<\/strong><\/p>\n<p>Senden Sie Hotel + Zimmernummer + Fotop\u00e4sse an WhatsApp: <strong>+201112596434<\/strong><\/p>\n<p>Wenn Sie aus \u00c4gypten Buchen Sie jetzt online und best\u00e4tigen Sie bei der Ankunft Hotel.<\/p>\n<p><span style=\"color: #ff6600;\">&#8212;&#8212;&#8212;- | &#8212;&#8212;&#8212;&#8211; | &#8212;&#8212;&#8212;&#8212;&#8212;&#8211;<\/span><\/p>\n<p><strong>Warum Hurghada Lovers?<\/strong><\/p>\n<ol>\n<li>Stellen Sie einen Experten f\u00fcr <strong>private Reiseleiter<\/strong> in \u00c4gyptologie und einen professionellen Assistenten zur Verf\u00fcgung, um alle Fragen zu beantworten, auf die Sie eine vollst\u00e4ndige Antwort suchen.<\/li>\n<li>Bereitstellung eines Luxus-Limousinentransfers oder Minivans w\u00e4hrend der gesamten Reise f\u00fcr zwei Tage bis zur R\u00fcckkehr an den Wohnort in Hurghada.<\/li>\n<li>Bereitstellung eines <strong>professionellen Fahrers<\/strong> und Experten f\u00fcr die wichtigsten Sehensw\u00fcrdigkeiten in Luxor, Touristenattraktionen und Restaurants in Luxor sowie eines Assistenten f\u00fcr Sie zus\u00e4tzlich zu seiner Erfahrung auf der Stra\u00dfe, um Unebenheiten zu vermeiden und Reisezeit zu Ihrer Bequemlichkeit zu sparen.<\/li>\n<\/ol>\n<p>Pr\u00fcfen <a href=\"https:\/\/hurghadalovers.com\/de\/tour-category\/sahl-hasheesh-ausfluege\/\"><strong>Sahl Hasheesh Ausfl\u00fcge<\/strong><\/a> &#8211; <a href=\"https:\/\/hurghadalovers.com\/de\/tour-category\/luxor-tagesausfluege-von-sahl-hasheesh\/\"><strong>Luxor Tagesausfl\u00fcge von Sahl Hasheesh<\/strong><\/a>:<\/p>\n<ul>\n<li><a href=\"https:\/\/hurghadalovers.com\/de\/tours\/privat-luxus-tour-von-sahl-hasheesh\/\">Privater Ausflug nach Luxor von Sahl Hasheesh<\/a><\/li>\n<li><a href=\"https:\/\/hurghadalovers.com\/de\/tours\/tal-der-konige-tour-vom-sahl-hasheesh-mit-dem-bus\/\">Tagesausflug von Sahl Hasheesh zu den Tal der K\u00f6nige Luxor mit dem Bus<\/a><\/li>\n<li><a href=\"https:\/\/hurghadalovers.com\/de\/tours\/sahl-hasheesh-to-valley-of-the-kings-tagesausflug-mit-minivan-kleingruppe\/\">Tagesausflug von Sahl Hasheesh zu den Tal der K\u00f6nige Luxor im Minivan<\/a><\/li>\n<li><a href=\"https:\/\/hurghadalovers.com\/de\/tours\/billige-sahl-hasheesh-ausfluge-nach-luxor-mit-dem-bus-ohne-tickets\/\">G\u00fcnstige Ausflug Sahl Hasheesh Luxor mit dem Bus ohne Tickets<\/a><\/li>\n<li><a href=\"https:\/\/hurghadalovers.com\/de\/tours\/billig-sahl-hasheesh-nach-luxor-tagesausfluge-mit-dem-bus-zum-besuch-des-karnak-tempels\/\">G\u00fcnstige Luxor Ausflug von Sahl Hasheesh<\/a> mit dem Bus<\/li>\n<li><a href=\"https:\/\/hurghadalovers.com\/de\/tours\/sahl-hasheesh-nach-luxor-tagesausflug-nach-valley-of-the-queens-mit-dem-bus\/\">Ausflug nach Luxor von Sahl Hasheesh nach Tal der K\u00f6niginnen<\/a> mit dem Bus<\/li>\n<li><a href=\"https:\/\/hurghadalovers.com\/de\/tours\/sahl-hasheesh-privat-luxus-oder-zwei-tage-reise-mit-heisser-luft-ballon-fahrt\/\">Privater Luxor Tagesausflug mit Hei\u00dfluftballonfahrt von Sahl Hasheesh<\/a> &#8211; 2 Tage<\/li>\n<li><a href=\"https:\/\/hurghadalovers.com\/de\/tours\/ubernachtungsreise-nach-luxor-von-sahl-hasheesh\/\">Luxor zwei Tage privat Ausflug von Sahl Hasheesh<\/a> | \u00dcbernachtungsausflug<\/li>\n<li><a href=\"https:\/\/hurghadalovers.com\/de\/tours\/privat-dendera-und-abydos-aus-sahl-hasheesh\/\">Privater Ausflug nach Abydos &amp; Dendera von Sahl Hasheesh<\/a><\/li>\n<li><a href=\"https:\/\/hurghadalovers.com\/de\/tours\/sahl-hasheesh-privat-tagesausflug-nach-dendera\/\">Privater Tagesausflug nach Dendera von Sahl Hasheesh<\/a><\/li>\n<li>Privater Ausflug ab Sahl Hasheesh nach Assuan und Abu Simbel \u2013 2 Tage<\/li>\n<li><a href=\"https:\/\/hurghadalovers.com\/de\/tours\/privat-sahl-hasheesh-ausfluge-nach-luxor-aswan-2-tage\/\">Privater Ausfl\u00fcge Sahl Hasheesh nach Luxor und Assuan<\/a> \u2013 2 Tage<\/li>\n<li><a href=\"https:\/\/hurghadalovers.com\/de\/tours\/privat-sahl-hasheesh-touren-nach-luxor-aswan-3-tage\/\">Privater Tagestour Sahl Hasheesh nach Luxor und Assuan, Abu Simbel<\/a> \u2013 3 Tage<\/li>\n<\/ul>\n<p>&nbsp;<\/p>\n<p>&nbsp;<\/p>\n","protected":false},"excerpt":{"rendered":"<p>Privater Ausflug ab Sahl Hasheesh nach Assuan und Abu Simbel \u2013 2 Tage mit privatem Reisef\u00fchrer, Tickets und Mittagessen. Entdecken Sie die Geheimnisse von <strong>K\u00f6nig Ramses II.<\/strong>, einem der ber\u00fchmtesten K\u00f6nige der Pharaonen<\/p>\n","protected":false},"featured_media":394828,"template":"","meta":{"_joinchat":[]},"product_brand":[],"product_cat":[29817],"product_tag":[53119,53089,53157,53114,53125,53135,53151,53146,53130,53109,49475,53140,53099],"class_list":{"0":"post-391033","1":"product","2":"type-product","3":"status-publish","4":"has-post-thumbnail","6":"product_cat-touren","7":"product_tag-bus-von-sahl-hasheesh-nach-luxor","8":"product_tag-familienfreundliche-orte-von-sahl-hasheesh","9":"product_tag-heisluftballon-sahl-hasheesh","10":"product_tag-luxor-reise-von-sahl-hasheesh","11":"product_tag-luxor-tagestour-von-sahl-hasheesh","12":"product_tag-luxor-tour-von-sahl-hasheesh","13":"product_tag-private-luxor-tour-ab-sahl-hasheesh","14":"product_tag-sahl-hasheesh-nach-tal-der-konige","15":"product_tag-sahl-hasheesh-touren-nach-luxor","16":"product_tag-tagesausflug-von-sahl-hasheesh-nach-luxor","17":"product_tag-things-to-do-with-family-from-sahl-hasheesh","18":"product_tag-transfer-von-luxor-nach-sahl-hasheesh","19":"product_tag-unternehmungen-mit-kleinkindern-von-sahl-hasheesh-aus","20":"tour_category-luxor-tagesausfluege-von-sahl-hasheesh","21":"tour_category-sahl-hasheesh-ausfluege","23":"first","24":"instock","25":"sale","26":"shipping-taxable","27":"purchasable","28":"product-type-tour"},"yoast_head":"<!-- This site is optimized with the Yoast SEO Premium plugin v26.9 (Yoast SEO v27.2) - https:\/\/yoast.com\/product\/yoast-seo-premium-wordpress\/ -->\n<title>Privater Ausflug ab Sahl Hasheesh nach Assuan und Abu Simbel<\/title>\n<meta name=\"description\" content=\"Privater Ausflug ab Sahl Hasheesh nach Assuan und Abu Simbel \u2013 2 Tage mit privatem Reisef\u00fchrer, Tickets und Mittagessen. Entdecken Sie die Geheimnisse\" \/>\n<meta name=\"robots\" content=\"index, follow, max-snippet:-1, max-image-preview:large, max-video-preview:-1\" \/>\n<link rel=\"canonical\" href=\"https:\/\/hurghadalovers.com\/de\/tours\/private-tagesreise-von-sahl-hasheesh-nach-abu-simbel-aswan-2-tage\/\" \/>\n<meta property=\"og:locale\" content=\"de_DE\" \/>\n<meta property=\"og:type\" content=\"article\" \/>\n<meta property=\"og:title\" content=\"Privater Ausflug ab Sahl Hasheesh nach Assuan und Abu Simbel \u2013 2 Tage\" \/>\n<meta property=\"og:description\" content=\"Privater Ausflug ab Sahl Hasheesh nach Assuan und Abu Simbel \u2013 2 Tage mit privatem Reisef\u00fchrer, Tickets und Mittagessen. Entdecken Sie die Geheimnisse\" \/>\n<meta property=\"og:url\" content=\"https:\/\/hurghadalovers.com\/de\/tours\/private-tagesreise-von-sahl-hasheesh-nach-abu-simbel-aswan-2-tage\/\" \/>\n<meta property=\"og:site_name\" content=\"Hurghada Excursions &amp; Day Trips | Booking Best Prices Tours\" \/>\n<meta property=\"article:publisher\" content=\"https:\/\/www.facebook.com\/Hurghadaloversegypt\" \/>\n<meta property=\"article:modified_time\" content=\"2026-02-09T09:31:33+00:00\" \/>\n<meta property=\"og:image\" content=\"https:\/\/hurghadalovers.com\/wp-content\/uploads\/2023\/09\/Private-Day-Trip-from-El-Gouna-to-Abu-Simbel-Aswan-\u2013-2-Days.jpeg\" \/>\n\t<meta property=\"og:image:width\" content=\"1536\" \/>\n\t<meta property=\"og:image:height\" content=\"928\" \/>\n\t<meta property=\"og:image:type\" content=\"image\/jpeg\" \/>\n<meta name=\"twitter:card\" content=\"summary_large_image\" \/>\n<meta name=\"twitter:label1\" content=\"Price\" \/>\n\t<meta name=\"twitter:data1\" content=\"&euro;&nbsp;350\" \/>\n\t<meta name=\"twitter:label2\" content=\"Availability\" \/>\n\t<meta name=\"twitter:data2\" content=\"In stock\" \/>\n<script type=\"application\/ld+json\" class=\"yoast-schema-graph\">{\"@context\":\"https:\/\/schema.org\",\"@graph\":[{\"@type\":[\"WebPage\",\"ItemPage\"],\"@id\":\"https:\/\/hurghadalovers.com\/de\/tours\/private-tagesreise-von-sahl-hasheesh-nach-abu-simbel-aswan-2-tage\/\",\"url\":\"https:\/\/hurghadalovers.com\/de\/tours\/private-tagesreise-von-sahl-hasheesh-nach-abu-simbel-aswan-2-tage\/\",\"name\":\"Privater Ausflug ab Sahl Hasheesh nach Assuan und Abu Simbel\",\"isPartOf\":{\"@id\":\"https:\/\/hurghadalovers.com\/de\/#website\"},\"primaryImageOfPage\":{\"@id\":\"https:\/\/hurghadalovers.com\/de\/tours\/private-tagesreise-von-sahl-hasheesh-nach-abu-simbel-aswan-2-tage\/#primaryimage\"},\"image\":{\"@id\":\"https:\/\/hurghadalovers.com\/de\/tours\/private-tagesreise-von-sahl-hasheesh-nach-abu-simbel-aswan-2-tage\/#primaryimage\"},\"thumbnailUrl\":\"https:\/\/hurghadalovers.com\/wp-content\/uploads\/2023\/09\/Private-Day-Trip-from-El-Gouna-to-Abu-Simbel-Aswan-\u2013-2-Days.jpeg\",\"datePublished\":\"2023-08-31T14:49:45+00:00\",\"dateModified\":\"2026-02-09T09:31:33+00:00\",\"description\":\"Privater Ausflug ab Sahl Hasheesh nach Assuan und Abu Simbel \u2013 2 Tage mit privatem Reisef\u00fchrer, Tickets und Mittagessen. Entdecken Sie die Geheimnisse\",\"breadcrumb\":{\"@id\":\"https:\/\/hurghadalovers.com\/de\/tours\/private-tagesreise-von-sahl-hasheesh-nach-abu-simbel-aswan-2-tage\/#breadcrumb\"},\"inLanguage\":\"de-DE\",\"potentialAction\":[{\"@type\":\"ReadAction\",\"target\":[\"https:\/\/hurghadalovers.com\/de\/tours\/private-tagesreise-von-sahl-hasheesh-nach-abu-simbel-aswan-2-tage\/\"]}]},{\"@type\":\"ImageObject\",\"inLanguage\":\"de-DE\",\"@id\":\"https:\/\/hurghadalovers.com\/de\/tours\/private-tagesreise-von-sahl-hasheesh-nach-abu-simbel-aswan-2-tage\/#primaryimage\",\"url\":\"https:\/\/hurghadalovers.com\/wp-content\/uploads\/2023\/09\/Private-Day-Trip-from-El-Gouna-to-Abu-Simbel-Aswan-\u2013-2-Days.jpeg\",\"contentUrl\":\"https:\/\/hurghadalovers.com\/wp-content\/uploads\/2023\/09\/Private-Day-Trip-from-El-Gouna-to-Abu-Simbel-Aswan-\u2013-2-Days.jpeg\",\"width\":1536,\"height\":928,\"caption\":\"Privater Tagesausflug von El Gouna nach Abu Simbel &amp; Assuan - 2 Tage\"},{\"@type\":\"BreadcrumbList\",\"@id\":\"https:\/\/hurghadalovers.com\/de\/tours\/private-tagesreise-von-sahl-hasheesh-nach-abu-simbel-aswan-2-tage\/#breadcrumb\",\"itemListElement\":[{\"@type\":\"ListItem\",\"position\":1,\"name\":\"Home\",\"item\":\"https:\/\/hurghadalovers.com\/de\/\"},{\"@type\":\"ListItem\",\"position\":2,\"name\":\"Shop\",\"item\":\"https:\/\/hurghadalovers.com\/shop\/\"},{\"@type\":\"ListItem\",\"position\":3,\"name\":\"Privater Ausflug ab Sahl Hasheesh nach Assuan und Abu Simbel \u2013 2 Tage\"}]},{\"@type\":\"WebSite\",\"@id\":\"https:\/\/hurghadalovers.com\/de\/#website\",\"url\":\"https:\/\/hurghadalovers.com\/de\/\",\"name\":\"Hurghada Excursions & Day Trips | Booking Best Prices Tours\",\"description\":\"Hurghada Lovers - Best Tour Operator - Excursions &amp; Things to do for Family Day Trips with kids and Couples Romantic. Unique .Hidden gems\",\"publisher\":{\"@id\":\"https:\/\/hurghadalovers.com\/de\/#organization\"},\"alternateName\":\"Hurghada Excursions\",\"potentialAction\":[{\"@type\":\"SearchAction\",\"target\":{\"@type\":\"EntryPoint\",\"urlTemplate\":\"https:\/\/hurghadalovers.com\/de\/?s={search_term_string}\"},\"query-input\":{\"@type\":\"PropertyValueSpecification\",\"valueRequired\":true,\"valueName\":\"search_term_string\"}}],\"inLanguage\":\"de-DE\"},{\"@type\":[\"Organization\",\"Place\",\"TravelAgency\"],\"@id\":\"https:\/\/hurghadalovers.com\/de\/#organization\",\"name\":\"Hurghada Excursions\",\"url\":\"https:\/\/hurghadalovers.com\/de\/\",\"logo\":{\"@id\":\"https:\/\/hurghadalovers.com\/de\/tours\/private-tagesreise-von-sahl-hasheesh-nach-abu-simbel-aswan-2-tage\/#local-main-organization-logo\"},\"image\":{\"@id\":\"https:\/\/hurghadalovers.com\/de\/tours\/private-tagesreise-von-sahl-hasheesh-nach-abu-simbel-aswan-2-tage\/#local-main-organization-logo\"},\"sameAs\":[\"https:\/\/www.facebook.com\/Hurghadaloversegypt\"],\"address\":{\"@id\":\"https:\/\/hurghadalovers.com\/de\/tours\/private-tagesreise-von-sahl-hasheesh-nach-abu-simbel-aswan-2-tage\/#local-main-place-address\"},\"telephone\":[\"00201112596434\"],\"contactPoint\":{\"@type\":\"ContactPoint\",\"telephone\":\"00201112596434\",\"email\":\"weyouface@gmail.com\"},\"openingHoursSpecification\":{\"@type\":\"OpeningHoursSpecification\",\"dayOfWeek\":[\"Monday\",\"Tuesday\",\"Wednesday\",\"Thursday\",\"Friday\",\"Saturday\",\"Sunday\"],\"opens\":\"00:00\",\"closes\":\"23:59\"},\"email\":\"weyouface@gmail.com\",\"areaServed\":\"Luxor, Hurghada, El Gouna, Aswan, Sharm El Sheikh, Giza, Alexandria, Marsa Alam, Quseir, Soma Bay, Sahl Hasheesh, Red Sea, Makadi Bay, Cairo\",\"priceRange\":\"$\",\"currenciesAccepted\":\"euro\",\"paymentAccepted\":\"cash on site\"},{\"@type\":\"PostalAddress\",\"@id\":\"https:\/\/hurghadalovers.com\/de\/tours\/private-tagesreise-von-sahl-hasheesh-nach-abu-simbel-aswan-2-tage\/#local-main-place-address\",\"streetAddress\":\"17 Banks street, Alkawther area, top nbk bank\",\"addressLocality\":\"hurghada\",\"postalCode\":\"84511\",\"addressRegion\":\"red sea\",\"addressCountry\":\"EG\"},{\"@type\":\"ImageObject\",\"inLanguage\":\"de-DE\",\"@id\":\"https:\/\/hurghadalovers.com\/de\/tours\/private-tagesreise-von-sahl-hasheesh-nach-abu-simbel-aswan-2-tage\/#local-main-organization-logo\",\"url\":\"https:\/\/hurghadalovers.com\/wp-content\/uploads\/2019\/10\/hurghada-excursions-logo.png\",\"contentUrl\":\"https:\/\/hurghadalovers.com\/wp-content\/uploads\/2019\/10\/hurghada-excursions-logo.png\",\"width\":272,\"height\":90,\"caption\":\"Hurghada Excursions\"}]}<\/script>\n<meta property=\"product:brand\" content=\"Luxor Tagesausfl\u00fcge von Sahl Hasheesh\" \/>\n<meta property=\"product:price:amount\" content=\"350\" \/>\n<meta property=\"product:price:currency\" content=\"EUR\" \/>\n<meta property=\"og:availability\" content=\"instock\" \/>\n<meta property=\"product:availability\" content=\"instock\" \/>\n<meta property=\"product:retailer_item_id\" content=\"Sahl222024\" \/>\n<meta property=\"product:condition\" content=\"new\" \/>\n<meta name=\"geo.placename\" content=\"hurghada\" \/>\n<meta name=\"geo.region\" content=\"Egypt\" \/>\n<!-- \/ Yoast SEO Premium plugin. -->","yoast_head_json":{"title":"Privater Ausflug ab Sahl Hasheesh nach Assuan und Abu Simbel","description":"Privater Ausflug ab Sahl Hasheesh nach Assuan und Abu Simbel \u2013 2 Tage mit privatem Reisef\u00fchrer, Tickets und Mittagessen. Entdecken Sie die Geheimnisse","robots":{"index":"index","follow":"follow","max-snippet":"max-snippet:-1","max-image-preview":"max-image-preview:large","max-video-preview":"max-video-preview:-1"},"canonical":"https:\/\/hurghadalovers.com\/de\/tours\/private-tagesreise-von-sahl-hasheesh-nach-abu-simbel-aswan-2-tage\/","og_locale":"de_DE","og_type":"article","og_title":"Privater Ausflug ab Sahl Hasheesh nach Assuan und Abu Simbel \u2013 2 Tage","og_description":"Privater Ausflug ab Sahl Hasheesh nach Assuan und Abu Simbel \u2013 2 Tage mit privatem Reisef\u00fchrer, Tickets und Mittagessen. Entdecken Sie die Geheimnisse","og_url":"https:\/\/hurghadalovers.com\/de\/tours\/private-tagesreise-von-sahl-hasheesh-nach-abu-simbel-aswan-2-tage\/","og_site_name":"Hurghada Excursions &amp; Day Trips | Booking Best Prices Tours","article_publisher":"https:\/\/www.facebook.com\/Hurghadaloversegypt","article_modified_time":"2026-02-09T09:31:33+00:00","og_image":[{"width":1536,"height":928,"url":"https:\/\/hurghadalovers.com\/wp-content\/uploads\/2023\/09\/Private-Day-Trip-from-El-Gouna-to-Abu-Simbel-Aswan-\u2013-2-Days.jpeg","type":"image\/jpeg"}],"twitter_card":"summary_large_image","twitter_misc":{"Price":"&euro;&nbsp;350","Availability":"In stock"},"schema":{"@context":"https:\/\/schema.org","@graph":[{"@type":["WebPage","ItemPage"],"@id":"https:\/\/hurghadalovers.com\/de\/tours\/private-tagesreise-von-sahl-hasheesh-nach-abu-simbel-aswan-2-tage\/","url":"https:\/\/hurghadalovers.com\/de\/tours\/private-tagesreise-von-sahl-hasheesh-nach-abu-simbel-aswan-2-tage\/","name":"Privater Ausflug ab Sahl Hasheesh nach Assuan und Abu Simbel","isPartOf":{"@id":"https:\/\/hurghadalovers.com\/de\/#website"},"primaryImageOfPage":{"@id":"https:\/\/hurghadalovers.com\/de\/tours\/private-tagesreise-von-sahl-hasheesh-nach-abu-simbel-aswan-2-tage\/#primaryimage"},"image":{"@id":"https:\/\/hurghadalovers.com\/de\/tours\/private-tagesreise-von-sahl-hasheesh-nach-abu-simbel-aswan-2-tage\/#primaryimage"},"thumbnailUrl":"https:\/\/hurghadalovers.com\/wp-content\/uploads\/2023\/09\/Private-Day-Trip-from-El-Gouna-to-Abu-Simbel-Aswan-\u2013-2-Days.jpeg","datePublished":"2023-08-31T14:49:45+00:00","dateModified":"2026-02-09T09:31:33+00:00","description":"Privater Ausflug ab Sahl Hasheesh nach Assuan und Abu Simbel \u2013 2 Tage mit privatem Reisef\u00fchrer, Tickets und Mittagessen. Entdecken Sie die Geheimnisse","breadcrumb":{"@id":"https:\/\/hurghadalovers.com\/de\/tours\/private-tagesreise-von-sahl-hasheesh-nach-abu-simbel-aswan-2-tage\/#breadcrumb"},"inLanguage":"de-DE","potentialAction":[{"@type":"ReadAction","target":["https:\/\/hurghadalovers.com\/de\/tours\/private-tagesreise-von-sahl-hasheesh-nach-abu-simbel-aswan-2-tage\/"]}]},{"@type":"ImageObject","inLanguage":"de-DE","@id":"https:\/\/hurghadalovers.com\/de\/tours\/private-tagesreise-von-sahl-hasheesh-nach-abu-simbel-aswan-2-tage\/#primaryimage","url":"https:\/\/hurghadalovers.com\/wp-content\/uploads\/2023\/09\/Private-Day-Trip-from-El-Gouna-to-Abu-Simbel-Aswan-\u2013-2-Days.jpeg","contentUrl":"https:\/\/hurghadalovers.com\/wp-content\/uploads\/2023\/09\/Private-Day-Trip-from-El-Gouna-to-Abu-Simbel-Aswan-\u2013-2-Days.jpeg","width":1536,"height":928,"caption":"Privater Tagesausflug von El Gouna nach Abu Simbel &amp; Assuan - 2 Tage"},{"@type":"BreadcrumbList","@id":"https:\/\/hurghadalovers.com\/de\/tours\/private-tagesreise-von-sahl-hasheesh-nach-abu-simbel-aswan-2-tage\/#breadcrumb","itemListElement":[{"@type":"ListItem","position":1,"name":"Home","item":"https:\/\/hurghadalovers.com\/de\/"},{"@type":"ListItem","position":2,"name":"Shop","item":"https:\/\/hurghadalovers.com\/shop\/"},{"@type":"ListItem","position":3,"name":"Privater Ausflug ab Sahl Hasheesh nach Assuan und Abu Simbel \u2013 2 Tage"}]},{"@type":"WebSite","@id":"https:\/\/hurghadalovers.com\/de\/#website","url":"https:\/\/hurghadalovers.com\/de\/","name":"Hurghada Excursions & Day Trips | Booking Best Prices Tours","description":"Hurghada Lovers - Best Tour Operator - Excursions &amp; Things to do for Family Day Trips with kids and Couples Romantic. Unique .Hidden gems","publisher":{"@id":"https:\/\/hurghadalovers.com\/de\/#organization"},"alternateName":"Hurghada Excursions","potentialAction":[{"@type":"SearchAction","target":{"@type":"EntryPoint","urlTemplate":"https:\/\/hurghadalovers.com\/de\/?s={search_term_string}"},"query-input":{"@type":"PropertyValueSpecification","valueRequired":true,"valueName":"search_term_string"}}],"inLanguage":"de-DE"},{"@type":["Organization","Place","TravelAgency"],"@id":"https:\/\/hurghadalovers.com\/de\/#organization","name":"Hurghada Excursions","url":"https:\/\/hurghadalovers.com\/de\/","logo":{"@id":"https:\/\/hurghadalovers.com\/de\/tours\/private-tagesreise-von-sahl-hasheesh-nach-abu-simbel-aswan-2-tage\/#local-main-organization-logo"},"image":{"@id":"https:\/\/hurghadalovers.com\/de\/tours\/private-tagesreise-von-sahl-hasheesh-nach-abu-simbel-aswan-2-tage\/#local-main-organization-logo"},"sameAs":["https:\/\/www.facebook.com\/Hurghadaloversegypt"],"address":{"@id":"https:\/\/hurghadalovers.com\/de\/tours\/private-tagesreise-von-sahl-hasheesh-nach-abu-simbel-aswan-2-tage\/#local-main-place-address"},"telephone":["00201112596434"],"contactPoint":{"@type":"ContactPoint","telephone":"00201112596434","email":"weyouface@gmail.com"},"openingHoursSpecification":{"@type":"OpeningHoursSpecification","dayOfWeek":["Monday","Tuesday","Wednesday","Thursday","Friday","Saturday","Sunday"],"opens":"00:00","closes":"23:59"},"email":"weyouface@gmail.com","areaServed":"Luxor, Hurghada, El Gouna, Aswan, Sharm El Sheikh, Giza, Alexandria, Marsa Alam, Quseir, Soma Bay, Sahl Hasheesh, Red Sea, Makadi Bay, Cairo","priceRange":"$","currenciesAccepted":"euro","paymentAccepted":"cash on site"},{"@type":"PostalAddress","@id":"https:\/\/hurghadalovers.com\/de\/tours\/private-tagesreise-von-sahl-hasheesh-nach-abu-simbel-aswan-2-tage\/#local-main-place-address","streetAddress":"17 Banks street, Alkawther area, top nbk bank","addressLocality":"hurghada","postalCode":"84511","addressRegion":"red sea","addressCountry":"EG"},{"@type":"ImageObject","inLanguage":"de-DE","@id":"https:\/\/hurghadalovers.com\/de\/tours\/private-tagesreise-von-sahl-hasheesh-nach-abu-simbel-aswan-2-tage\/#local-main-organization-logo","url":"https:\/\/hurghadalovers.com\/wp-content\/uploads\/2019\/10\/hurghada-excursions-logo.png","contentUrl":"https:\/\/hurghadalovers.com\/wp-content\/uploads\/2019\/10\/hurghada-excursions-logo.png","width":272,"height":90,"caption":"Hurghada Excursions"}]},"product_brand":"Luxor Tagesausfl\u00fcge von Sahl Hasheesh","product_price_amount":"350","product_price_currency":"EUR","og_availability":"instock","product_availability":"instock","product_retailer_item_id":"Sahl222024","product_condition":"new","geo.placename":"hurghada","geo.region":"Egypt"},"_links":{"self":[{"href":"https:\/\/hurghadalovers.com\/de\/wp-json\/wp\/v2\/product\/391033","targetHints":{"allow":["GET"]}}],"collection":[{"href":"https:\/\/hurghadalovers.com\/de\/wp-json\/wp\/v2\/product"}],"about":[{"href":"https:\/\/hurghadalovers.com\/de\/wp-json\/wp\/v2\/types\/product"}],"wp:featuredmedia":[{"embeddable":true,"href":"https:\/\/hurghadalovers.com\/de\/wp-json\/wp\/v2\/media\/394828"}],"wp:attachment":[{"href":"https:\/\/hurghadalovers.com\/de\/wp-json\/wp\/v2\/media?parent=391033"}],"wp:term":[{"taxonomy":"product_brand","embeddable":true,"href":"https:\/\/hurghadalovers.com\/de\/wp-json\/wp\/v2\/product_brand?post=391033"},{"taxonomy":"product_cat","embeddable":true,"href":"https:\/\/hurghadalovers.com\/de\/wp-json\/wp\/v2\/product_cat?post=391033"},{"taxonomy":"product_tag","embeddable":true,"href":"https:\/\/hurghadalovers.com\/de\/wp-json\/wp\/v2\/product_tag?post=391033"}],"curies":[{"name":"wp","href":"https:\/\/api.w.org\/{rel}","templated":true}]}}