{"id":391000,"date":"2023-08-31T14:38:42","date_gmt":"2023-08-31T14:39:47","guid":{"rendered":"https:\/\/hurghadalovers.com\/shop\/unkategorisiert\/private-sahl-hasheesh-touren-nach-luxor-assuan-3-tage\/"},"modified":"2026-02-08T06:07:45","modified_gmt":"2026-02-08T06:07:45","slug":"privat-sahl-hasheesh-touren-nach-luxor-aswan-3-tage","status":"publish","type":"product","link":"https:\/\/hurghadalovers.com\/de\/tours\/privat-sahl-hasheesh-touren-nach-luxor-aswan-3-tage\/","title":{"rendered":"Privater Tagestour Sahl Hasheesh nach Luxor und Assuan, Abu Simbel \u2013 3 Tage"},"content":{"rendered":"<p><strong>Privater Tagestour Sahl Hasheesh nach Luxor und Assuan, Abu Simbel<\/strong> \u2013 3 Tage mit privatem F\u00fchrer, Tickets und Mittagessen.<\/p>\n<p>Eine spezielle 3-t\u00e4gige Tour f\u00fcr alle Liebhaber der alten Zivilisation \u00c4gyptens, um neue Fakten und Geheimnisse \u00fcber die K\u00f6nige der Pharaonen zu entdecken und die wichtigsten Tempel und K\u00f6nigsgr\u00e4ber in Luxor und Assuan und mehr zu besuchen.<\/p>\n<p style=\"text-align: center;\">\u00a0Entdecken Sie die Geheimnisse der <a href=\"https:\/\/hurghadalovers.com\/de\/pharaonen-koenige-aegypten\/\"><strong>Pharaonen<\/strong><\/a> im alten \u00c4gypten.<\/p>\n<p><strong>H\u00f6hepunkte:<\/strong><\/p>\n<ul>\n<li><a href=\"https:\/\/hurghadalovers.com\/de\/karnak-tempel-luxor-aegypten\/\">Karnak-Tempel<\/a>.<\/li>\n<li><a href=\"https:\/\/hurghadalovers.com\/de\/die-kolosse-von-memnon-luxor\/\">Die Kolosse von Memnon<\/a>.<\/li>\n<li><a href=\"https:\/\/hurghadalovers.com\/de\/totentempel-der-hatschepsut-luxor\/\">Totentempel der Hatschepsut<\/a>.<\/li>\n<li>3 Gr\u00e4ber im <a href=\"https:\/\/hurghadalovers.com\/de\/tal-der-koenige-luxor-aegypten\/\"><strong>Tal der K\u00f6nige<\/strong><\/a> .<\/li>\n<li><a href=\"https:\/\/hurghadalovers.com\/de\/tempel-von-philae-assuan-aegypten\/\">Tempel von Philae<\/a>.<\/li>\n<li><a href=\"https:\/\/hurghadalovers.com\/de\/der-unvollendete-obelisk-in-assuan\/\">Der unvollendete Obelisk<\/a>.<\/li>\n<li><a href=\"https:\/\/hurghadalovers.com\/de\/tempel-von-edfu-assuan-aegypten\/\">Tempel von Edfu<\/a>.<\/li>\n<li><a href=\"https:\/\/hurghadalovers.com\/de\/doppeltempel-von-kom-ombo-assuan\/\">Doppeltempel von Kom Ombo<\/a>.<\/li>\n<li>Der Hochdamm.<\/li>\n<li><a href=\"https:\/\/hurghadalovers.com\/de\/abu-simbel-tempel-assuan-aegypten\/\">Abu Simbel Tempel<\/a>.<\/li>\n<li>Mittagessen im Restaurant &#8220;Vegetarisches Essen ist m\u00f6glich&#8221;.<\/li>\n<\/ul>\n<p><strong>Privater Tagestour Sahl Hasheesh nach Luxor und Assuan, Abu Simbel Details:<\/strong><\/p>\n<ul>\n<li>Verf\u00fcgbarkeit der Tour: Jeden Tag.<\/li>\n<li>Art der Tour: Privat mit Auto oder Minivan.<\/li>\n<li>Abholzeit: Ab 05:30 Uhr morgens.<\/li>\n<li>Asking Hotel erhalten Sie Ihr Fr\u00fchst\u00fcck Tasche mit Ihnen Morgen.<\/li>\n<li>Abholzeit: 19:00 Uhr.<\/li>\n<li>F\u00fcr Rollstuhlfahrer zug\u00e4nglich.<\/li>\n<li>Dauer: 3 Tage \/ 2 N\u00e4chte.<\/li>\n<\/ul>\n<p><strong>Jetzt reservieren und sp\u00e4ter bezahlen:<\/strong><\/p>\n<ul>\n<li>Bargeld vor Ort zu f\u00fchren.<\/li>\n<li>Zahlung in \u00e4gyptischen Pfund, $, \u20ac oder \u00a3.<\/li>\n<\/ul>\n<p><strong>Stornierungsbedingungen:<\/strong><\/p>\n<ul>\n<li>Sie k\u00f6nnen bis zu 24 Stunden im Voraus stornieren.<\/li>\n<li>Wenn jemand aus Ihrer Familie den Vormittag absagt, zahlen Sie 50 % der Kosten.<\/li>\n<\/ul>\n<p><strong>Was ist inbegriffen?<\/strong><\/p>\n<ul>\n<li>Transfer von Sahl Hasheesh Hotels &#8220;Abholung vom Hotel und R\u00fccktransport&#8221;.<\/li>\n<li>Alle Steuern, Eintrittsgelder und Bearbeitungsgeb\u00fchren.<\/li>\n<li>\u00dcberweisungen.<\/li>\n<li>Reiseleiter.<\/li>\n<li>2 \u00dcbernachtungen im Hotel mit Fr\u00fchst\u00fcck.<\/li>\n<li>Die Getr\u00e4nke.<\/li>\n<li>3 Mal Mittagessen im Restaurant.<\/li>\n<\/ul>\n<p><strong>Ausnahmen?<\/strong><\/p>\n<ul>\n<li>Trinkgeld.<\/li>\n<li>Feluccatour &#8220;Bootsfahrt&#8221; F\u00fcr 35 min= 10$.<\/li>\n<li>Alle nicht erw\u00e4hnten Extras.<\/li>\n<\/ul>\n<p><strong>Sie k\u00f6nnen in den ersten Tag hinzuf\u00fcgen oder k\u00f6nnen im Hotel entspannen:<\/strong><\/p>\n<ul>\n<li>Private 30-min\u00fctige Felukenfahrt auf dem Nil.<\/li>\n<li>Mumifizierungsmuseum.<\/li>\n<\/ul>\n<p><strong>k\u00f6nnen Sie in Second Day hinzuf\u00fcgen:<\/strong><\/p>\n<ul>\n<li>K\u00f6nigin Nofretete im Tal der K\u00f6niginnen.<\/li>\n<li>Einkaufen.<\/li>\n<li>ODER Besuch des Dendera-Tempels<\/li>\n<li>Fahrt mit dem Hei\u00dfluftballon.<\/li>\n<\/ul>\n<p><strong>Preise:<\/strong><\/p>\n<ul>\n<li><strong>Preis f\u00fcr Erwachsene = ab 520$ pro Person<\/strong>.<\/li>\n<li>Preis f\u00fcr Kinder &#8220;5-12\u2033= 50%.<\/li>\n<li>f\u00fcr Kinder &#8220;0-5\u2033= Kostenlos.<\/li>\n<\/ul>\n<p><strong>Bewertungen:<\/strong><\/p>\n<p>\u00fcberpr\u00fcfen Sie unsere Google Map Bewertungen als bester <a href=\"https:\/\/g.page\/r\/CUeYvkngP3wkEBM\/review\">Reiseveranstalter in Hurghada<\/a> online in <a href=\"https:\/\/hurghadalovers.com\/\">Hurghada<\/a> \u00c4gypten.<\/p>\n<p>&nbsp;<\/p>\n<p><strong>Reservierung:<\/strong><\/p>\n<p>Senden Sie Hotel + Zimmernummer + Fotop\u00e4sse an WhatsApp: <strong>+201112596434<\/strong><\/p>\n<p>Wenn Sie aus \u00c4gypten Buchen Sie jetzt online und best\u00e4tigen Sie bei der Ankunft Hotel.<\/p>\n<p><span style=\"color: #ff6600;\">&#8212;&#8212;&#8212;- | &#8212;&#8212;&#8212;&#8211; | &#8212;&#8212;&#8212;&#8212;&#8212;&#8211;<\/span><\/p>\n<p><strong>Wie viel kostet der Bus von Sahl Hasheesh nach Luxor?<\/strong><\/p>\n<p>Es gibt viele Bushaltestellen von Sahl Hasheesh<strong>\u00a0nach Luxor<\/strong>, wo die Fahrtzeit 5 Stunden betr\u00e4gt und die Kosten pro Person bei 12 US-Dollar beginnen.<\/p>\n<p>Es gibt jedoch ein Problem, mit dem Sie bei Ihrer R\u00fcckkehr konfrontiert werden: Falls Sie zu sp\u00e4t zur R\u00fcckkehrzeit kommen, insbesondere um 17:00 Uhr, k\u00f6nnen Sie die <strong>Touristenstadt Luxor<\/strong> nicht verlassen und m\u00fcssen ein Hotel innerhalb der Stadt buchen und kehren dann am Morgen in die Touristenstadt Sahl Hasheesh<strong>\u00a0<\/strong>zur\u00fcck.<\/p>\n<p><strong>Gibt es Direktfl\u00fcge zwischen Sahl Hasheesh und Luxor?<\/strong><\/p>\n<p>Derzeit gibt es keine Direktfl\u00fcge zwischen Sahl Hasheesh\u00a0und der Touristenstadt <strong>Luxor<\/strong>. Die \u00e4gyptische Regierung ist daran interessiert, in Zukunft Direktfl\u00fcge anzubieten, um Besuchern auf der Reise von Sahl Hasheesh<strong>\u00a0nach Luxor<\/strong> und zur\u00fcck Zeit und \u00c4rger zu ersparen.<\/p>\n<p>Pr\u00fcfen <a href=\"https:\/\/hurghadalovers.com\/de\/tour-category\/sahl-hasheesh-ausfluege\/\"><strong>Sahl Hasheesh Ausfl\u00fcge<\/strong><\/a> &#8211; <a href=\"https:\/\/hurghadalovers.com\/de\/tour-category\/luxor-tagesausfluege-von-sahl-hasheesh\/\"><strong>Luxor Tagesausfl\u00fcge von Sahl Hasheesh<\/strong><\/a>:<\/p>\n<ul>\n<li><a href=\"https:\/\/hurghadalovers.com\/de\/tours\/privat-luxus-tour-von-sahl-hasheesh\/\">Privater Ausflug nach Luxor von Sahl Hasheesh<\/a><\/li>\n<li><a href=\"https:\/\/hurghadalovers.com\/de\/tours\/tal-der-konige-tour-vom-sahl-hasheesh-mit-dem-bus\/\">Tagesausflug von Sahl Hasheesh zu den Tal der K\u00f6nige Luxor mit dem Bus<\/a><\/li>\n<li><a href=\"https:\/\/hurghadalovers.com\/de\/tours\/sahl-hasheesh-to-valley-of-the-kings-tagesausflug-mit-minivan-kleingruppe\/\">Tagesausflug von Sahl Hasheesh zu den Tal der K\u00f6nige Luxor im Minivan<\/a><\/li>\n<li><a href=\"https:\/\/hurghadalovers.com\/de\/tours\/billige-sahl-hasheesh-ausfluge-nach-luxor-mit-dem-bus-ohne-tickets\/\">G\u00fcnstige Ausflug Sahl Hasheesh Luxor mit dem Bus ohne Tickets<\/a><\/li>\n<li><a href=\"https:\/\/hurghadalovers.com\/de\/tours\/billig-sahl-hasheesh-nach-luxor-tagesausfluge-mit-dem-bus-zum-besuch-des-karnak-tempels\/\">G\u00fcnstige Luxor Ausflug von Sahl Hasheesh<\/a> mit dem Bus<\/li>\n<li><a href=\"https:\/\/hurghadalovers.com\/de\/tours\/sahl-hasheesh-nach-luxor-tagesausflug-nach-valley-of-the-queens-mit-dem-bus\/\">Ausflug nach Luxor von Sahl Hasheesh nach Tal der K\u00f6niginnen<\/a> mit dem Bus<\/li>\n<li><a href=\"https:\/\/hurghadalovers.com\/de\/tours\/sahl-hasheesh-privat-luxus-oder-zwei-tage-reise-mit-heisser-luft-ballon-fahrt\/\">Privater Luxor Tagesausflug mit Hei\u00dfluftballonfahrt von Sahl Hasheesh<\/a> &#8211; 2 Tage<\/li>\n<li><a href=\"https:\/\/hurghadalovers.com\/de\/tours\/ubernachtungsreise-nach-luxor-von-sahl-hasheesh\/\">Luxor zwei Tage privat Ausflug von Sahl Hasheesh<\/a> | \u00dcbernachtungsausflug<\/li>\n<li><a href=\"https:\/\/hurghadalovers.com\/de\/tours\/privat-dendera-und-abydos-aus-sahl-hasheesh\/\">Privater Ausflug nach Abydos &amp; Dendera von Sahl Hasheesh<\/a><\/li>\n<li><a href=\"https:\/\/hurghadalovers.com\/de\/tours\/sahl-hasheesh-privat-tagesausflug-nach-dendera\/\">Privater Tagesausflug nach Dendera von Sahl Hasheesh<\/a><\/li>\n<li><a href=\"https:\/\/hurghadalovers.com\/de\/tours\/private-tagesreise-von-sahl-hasheesh-nach-abu-simbel-aswan-2-tage\/\">Privater Ausflug ab Sahl Hasheesh nach Assuan und Abu Simbel<\/a> \u2013 2 Tage<\/li>\n<li><a href=\"https:\/\/hurghadalovers.com\/de\/tours\/privat-sahl-hasheesh-ausfluge-nach-luxor-aswan-2-tage\/\">Privater Ausfl\u00fcge Sahl Hasheesh nach Luxor und Assuan<\/a> \u2013 2 Tage<\/li>\n<li>Privater Tagestour Sahl Hasheesh nach Luxor und Assuan, Abu Simbel \u2013 3 Tage<\/li>\n<\/ul>\n<p>&nbsp;<\/p>\n<p>&nbsp;<\/p>\n","protected":false},"excerpt":{"rendered":"<p>Privater Tagestour Sahl Hasheesh nach Luxor und Assuan, Abu Simbel \u2013 3 Tage mit privatem F\u00fchrer, Tickets und Mittagessen. Eine besondere 3-t\u00e4gige Tour f\u00fcr alle Liebhaber der alten Zivilisation \u00c4gyptens<\/p>\n","protected":false},"featured_media":394727,"template":"","meta":{"_joinchat":[]},"product_brand":[],"product_cat":[29817],"product_tag":[53080,53119,52942,53157,53076,51868,53114,53125,53135,53151,53072,53146,53067,53057,53130,53052,53109,53140],"class_list":{"0":"post-391000","1":"product","2":"type-product","3":"status-publish","4":"has-post-thumbnail","6":"product_cat-touren","7":"product_tag-aktivitaten-fur-teenager-aus-sahl-hasheesh","8":"product_tag-bus-von-sahl-hasheesh-nach-luxor","9":"product_tag-familienausfluge-von-sahl-hasheesh-aus","10":"product_tag-heisluftballon-sahl-hasheesh","11":"product_tag-lustige-familienaktivitaten-von-sahl-hasheesh","12":"product_tag-luxor-privat-touren","13":"product_tag-luxor-reise-von-sahl-hasheesh","14":"product_tag-luxor-tagestour-von-sahl-hasheesh","15":"product_tag-luxor-tour-von-sahl-hasheesh","16":"product_tag-private-luxor-tour-ab-sahl-hasheesh","17":"product_tag-romantische-dinge-zu-tun-in-sahl-hasheesh","18":"product_tag-sahl-hasheesh-nach-tal-der-konige","19":"product_tag-sahl-hasheesh-romantische-touren","20":"product_tag-sahl-hasheesh-tagestouren","21":"product_tag-sahl-hasheesh-touren-nach-luxor","22":"product_tag-sahl-hasheesh-was-zu-tun-ist","23":"product_tag-tagesausflug-von-sahl-hasheesh-nach-luxor","24":"product_tag-transfer-von-luxor-nach-sahl-hasheesh","25":"tour_category-luxor-tagesausfluege-von-sahl-hasheesh","26":"tour_category-sahl-hasheesh-ausfluege","28":"first","29":"instock","30":"sale","31":"shipping-taxable","32":"purchasable","33":"product-type-tour"},"yoast_head":"<!-- This site is optimized with the Yoast SEO Premium plugin v26.9 (Yoast SEO v27.2) - https:\/\/yoast.com\/product\/yoast-seo-premium-wordpress\/ -->\n<title>Privater Tagestour Sahl Hasheesh nach Luxor und Assuan, Abu<\/title>\n<meta name=\"description\" content=\"Privater Tagestour Sahl Hasheesh nach Luxor und Assuan, Abu Simbel \u2013 3 Tage mit privatem F\u00fchrer, Tickets und Mittagessen. Eine besondere 3-t\u00e4gige Tour\" \/>\n<meta name=\"robots\" content=\"index, follow, max-snippet:-1, max-image-preview:large, max-video-preview:-1\" \/>\n<link rel=\"canonical\" href=\"https:\/\/hurghadalovers.com\/de\/tours\/privat-sahl-hasheesh-touren-nach-luxor-aswan-3-tage\/\" \/>\n<meta property=\"og:locale\" content=\"de_DE\" \/>\n<meta property=\"og:type\" content=\"article\" \/>\n<meta property=\"og:title\" content=\"Privater Tagestour Sahl Hasheesh nach Luxor und Assuan, Abu Simbel \u2013 3 Tage\" \/>\n<meta property=\"og:description\" content=\"Privater Tagestour Sahl Hasheesh nach Luxor und Assuan, Abu Simbel \u2013 3 Tage mit privatem F\u00fchrer, Tickets und Mittagessen. Eine besondere 3-t\u00e4gige Tour\" \/>\n<meta property=\"og:url\" content=\"https:\/\/hurghadalovers.com\/de\/tours\/privat-sahl-hasheesh-touren-nach-luxor-aswan-3-tage\/\" \/>\n<meta property=\"og:site_name\" content=\"Hurghada Excursions &amp; Day Trips | Booking Best Prices Tours\" \/>\n<meta property=\"article:publisher\" content=\"https:\/\/www.facebook.com\/Hurghadaloversegypt\" \/>\n<meta property=\"article:modified_time\" content=\"2026-02-08T06:07:45+00:00\" \/>\n<meta property=\"og:image\" content=\"https:\/\/hurghadalovers.com\/wp-content\/uploads\/2023\/09\/Private-El-Gouna-Tours-to-Luxor-Aswan.jpeg\" \/>\n\t<meta property=\"og:image:width\" content=\"1536\" \/>\n\t<meta property=\"og:image:height\" content=\"850\" \/>\n\t<meta property=\"og:image:type\" content=\"image\/jpeg\" \/>\n<meta name=\"twitter:card\" content=\"summary_large_image\" \/>\n<meta name=\"twitter:label1\" content=\"Price\" \/>\n\t<meta name=\"twitter:data1\" content=\"&euro;&nbsp;520\" \/>\n\t<meta name=\"twitter:label2\" content=\"Availability\" \/>\n\t<meta name=\"twitter:data2\" content=\"In stock\" \/>\n<script type=\"application\/ld+json\" class=\"yoast-schema-graph\">{\"@context\":\"https:\/\/schema.org\",\"@graph\":[{\"@type\":[\"WebPage\",\"ItemPage\"],\"@id\":\"https:\/\/hurghadalovers.com\/de\/tours\/privat-sahl-hasheesh-touren-nach-luxor-aswan-3-tage\/\",\"url\":\"https:\/\/hurghadalovers.com\/de\/tours\/privat-sahl-hasheesh-touren-nach-luxor-aswan-3-tage\/\",\"name\":\"Privater Tagestour Sahl Hasheesh nach Luxor und Assuan, Abu\",\"isPartOf\":{\"@id\":\"https:\/\/hurghadalovers.com\/de\/#website\"},\"primaryImageOfPage\":{\"@id\":\"https:\/\/hurghadalovers.com\/de\/tours\/privat-sahl-hasheesh-touren-nach-luxor-aswan-3-tage\/#primaryimage\"},\"image\":{\"@id\":\"https:\/\/hurghadalovers.com\/de\/tours\/privat-sahl-hasheesh-touren-nach-luxor-aswan-3-tage\/#primaryimage\"},\"thumbnailUrl\":\"https:\/\/hurghadalovers.com\/wp-content\/uploads\/2023\/09\/Private-El-Gouna-Tours-to-Luxor-Aswan.jpeg\",\"datePublished\":\"2023-08-31T14:39:47+00:00\",\"dateModified\":\"2026-02-08T06:07:45+00:00\",\"description\":\"Privater Tagestour Sahl Hasheesh nach Luxor und Assuan, Abu Simbel \u2013 3 Tage mit privatem F\u00fchrer, Tickets und Mittagessen. Eine besondere 3-t\u00e4gige Tour\",\"breadcrumb\":{\"@id\":\"https:\/\/hurghadalovers.com\/de\/tours\/privat-sahl-hasheesh-touren-nach-luxor-aswan-3-tage\/#breadcrumb\"},\"inLanguage\":\"de-DE\",\"potentialAction\":[{\"@type\":\"ReadAction\",\"target\":[\"https:\/\/hurghadalovers.com\/de\/tours\/privat-sahl-hasheesh-touren-nach-luxor-aswan-3-tage\/\"]}]},{\"@type\":\"ImageObject\",\"inLanguage\":\"de-DE\",\"@id\":\"https:\/\/hurghadalovers.com\/de\/tours\/privat-sahl-hasheesh-touren-nach-luxor-aswan-3-tage\/#primaryimage\",\"url\":\"https:\/\/hurghadalovers.com\/wp-content\/uploads\/2023\/09\/Private-El-Gouna-Tours-to-Luxor-Aswan.jpeg\",\"contentUrl\":\"https:\/\/hurghadalovers.com\/wp-content\/uploads\/2023\/09\/Private-El-Gouna-Tours-to-Luxor-Aswan.jpeg\",\"width\":1536,\"height\":850,\"caption\":\"Private El Gouna Touren nach Luxor &amp; Assuan Privater Tagestour Hurghada nach Luxor und Assuan Makadi bay soma bay Sahl Hasheesh\"},{\"@type\":\"BreadcrumbList\",\"@id\":\"https:\/\/hurghadalovers.com\/de\/tours\/privat-sahl-hasheesh-touren-nach-luxor-aswan-3-tage\/#breadcrumb\",\"itemListElement\":[{\"@type\":\"ListItem\",\"position\":1,\"name\":\"Home\",\"item\":\"https:\/\/hurghadalovers.com\/de\/\"},{\"@type\":\"ListItem\",\"position\":2,\"name\":\"Shop\",\"item\":\"https:\/\/hurghadalovers.com\/shop\/\"},{\"@type\":\"ListItem\",\"position\":3,\"name\":\"Privater Tagestour Sahl Hasheesh nach Luxor und Assuan, Abu Simbel \u2013 3 Tage\"}]},{\"@type\":\"WebSite\",\"@id\":\"https:\/\/hurghadalovers.com\/de\/#website\",\"url\":\"https:\/\/hurghadalovers.com\/de\/\",\"name\":\"Hurghada Excursions & Day Trips | Booking Best Prices Tours\",\"description\":\"Hurghada Lovers - Best Tour Operator - Excursions &amp; Things to do for Family Day Trips with kids and Couples Romantic. Unique .Hidden gems\",\"publisher\":{\"@id\":\"https:\/\/hurghadalovers.com\/de\/#organization\"},\"alternateName\":\"Hurghada Excursions\",\"potentialAction\":[{\"@type\":\"SearchAction\",\"target\":{\"@type\":\"EntryPoint\",\"urlTemplate\":\"https:\/\/hurghadalovers.com\/de\/?s={search_term_string}\"},\"query-input\":{\"@type\":\"PropertyValueSpecification\",\"valueRequired\":true,\"valueName\":\"search_term_string\"}}],\"inLanguage\":\"de-DE\"},{\"@type\":[\"Organization\",\"Place\",\"TravelAgency\"],\"@id\":\"https:\/\/hurghadalovers.com\/de\/#organization\",\"name\":\"Hurghada Excursions\",\"url\":\"https:\/\/hurghadalovers.com\/de\/\",\"logo\":{\"@id\":\"https:\/\/hurghadalovers.com\/de\/tours\/privat-sahl-hasheesh-touren-nach-luxor-aswan-3-tage\/#local-main-organization-logo\"},\"image\":{\"@id\":\"https:\/\/hurghadalovers.com\/de\/tours\/privat-sahl-hasheesh-touren-nach-luxor-aswan-3-tage\/#local-main-organization-logo\"},\"sameAs\":[\"https:\/\/www.facebook.com\/Hurghadaloversegypt\"],\"address\":{\"@id\":\"https:\/\/hurghadalovers.com\/de\/tours\/privat-sahl-hasheesh-touren-nach-luxor-aswan-3-tage\/#local-main-place-address\"},\"telephone\":[\"00201112596434\"],\"contactPoint\":{\"@type\":\"ContactPoint\",\"telephone\":\"00201112596434\",\"email\":\"weyouface@gmail.com\"},\"openingHoursSpecification\":{\"@type\":\"OpeningHoursSpecification\",\"dayOfWeek\":[\"Monday\",\"Tuesday\",\"Wednesday\",\"Thursday\",\"Friday\",\"Saturday\",\"Sunday\"],\"opens\":\"00:00\",\"closes\":\"23:59\"},\"email\":\"weyouface@gmail.com\",\"areaServed\":\"Luxor, Hurghada, El Gouna, Aswan, Sharm El Sheikh, Giza, Alexandria, Marsa Alam, Quseir, Soma Bay, Sahl Hasheesh, Red Sea, Makadi Bay, Cairo\",\"priceRange\":\"$\",\"currenciesAccepted\":\"euro\",\"paymentAccepted\":\"cash on site\"},{\"@type\":\"PostalAddress\",\"@id\":\"https:\/\/hurghadalovers.com\/de\/tours\/privat-sahl-hasheesh-touren-nach-luxor-aswan-3-tage\/#local-main-place-address\",\"streetAddress\":\"17 Banks street, Alkawther area, top nbk bank\",\"addressLocality\":\"hurghada\",\"postalCode\":\"84511\",\"addressRegion\":\"red sea\",\"addressCountry\":\"EG\"},{\"@type\":\"ImageObject\",\"inLanguage\":\"de-DE\",\"@id\":\"https:\/\/hurghadalovers.com\/de\/tours\/privat-sahl-hasheesh-touren-nach-luxor-aswan-3-tage\/#local-main-organization-logo\",\"url\":\"https:\/\/hurghadalovers.com\/wp-content\/uploads\/2019\/10\/hurghada-excursions-logo.png\",\"contentUrl\":\"https:\/\/hurghadalovers.com\/wp-content\/uploads\/2019\/10\/hurghada-excursions-logo.png\",\"width\":272,\"height\":90,\"caption\":\"Hurghada Excursions\"}]}<\/script>\n<meta property=\"product:brand\" content=\"Luxor Tagesausfl\u00fcge von Sahl Hasheesh\" \/>\n<meta property=\"product:price:amount\" content=\"520\" \/>\n<meta property=\"product:price:currency\" content=\"EUR\" \/>\n<meta property=\"og:availability\" content=\"instock\" \/>\n<meta property=\"product:availability\" content=\"instock\" \/>\n<meta property=\"product:retailer_item_id\" content=\"Sahl202024\" \/>\n<meta property=\"product:condition\" content=\"new\" \/>\n<meta name=\"geo.placename\" content=\"hurghada\" \/>\n<meta name=\"geo.region\" content=\"Egypt\" \/>\n<!-- \/ Yoast SEO Premium plugin. -->","yoast_head_json":{"title":"Privater Tagestour Sahl Hasheesh nach Luxor und Assuan, Abu","description":"Privater Tagestour Sahl Hasheesh nach Luxor und Assuan, Abu Simbel \u2013 3 Tage mit privatem F\u00fchrer, Tickets und Mittagessen. Eine besondere 3-t\u00e4gige Tour","robots":{"index":"index","follow":"follow","max-snippet":"max-snippet:-1","max-image-preview":"max-image-preview:large","max-video-preview":"max-video-preview:-1"},"canonical":"https:\/\/hurghadalovers.com\/de\/tours\/privat-sahl-hasheesh-touren-nach-luxor-aswan-3-tage\/","og_locale":"de_DE","og_type":"article","og_title":"Privater Tagestour Sahl Hasheesh nach Luxor und Assuan, Abu Simbel \u2013 3 Tage","og_description":"Privater Tagestour Sahl Hasheesh nach Luxor und Assuan, Abu Simbel \u2013 3 Tage mit privatem F\u00fchrer, Tickets und Mittagessen. Eine besondere 3-t\u00e4gige Tour","og_url":"https:\/\/hurghadalovers.com\/de\/tours\/privat-sahl-hasheesh-touren-nach-luxor-aswan-3-tage\/","og_site_name":"Hurghada Excursions &amp; Day Trips | Booking Best Prices Tours","article_publisher":"https:\/\/www.facebook.com\/Hurghadaloversegypt","article_modified_time":"2026-02-08T06:07:45+00:00","og_image":[{"width":1536,"height":850,"url":"https:\/\/hurghadalovers.com\/wp-content\/uploads\/2023\/09\/Private-El-Gouna-Tours-to-Luxor-Aswan.jpeg","type":"image\/jpeg"}],"twitter_card":"summary_large_image","twitter_misc":{"Price":"&euro;&nbsp;520","Availability":"In stock"},"schema":{"@context":"https:\/\/schema.org","@graph":[{"@type":["WebPage","ItemPage"],"@id":"https:\/\/hurghadalovers.com\/de\/tours\/privat-sahl-hasheesh-touren-nach-luxor-aswan-3-tage\/","url":"https:\/\/hurghadalovers.com\/de\/tours\/privat-sahl-hasheesh-touren-nach-luxor-aswan-3-tage\/","name":"Privater Tagestour Sahl Hasheesh nach Luxor und Assuan, Abu","isPartOf":{"@id":"https:\/\/hurghadalovers.com\/de\/#website"},"primaryImageOfPage":{"@id":"https:\/\/hurghadalovers.com\/de\/tours\/privat-sahl-hasheesh-touren-nach-luxor-aswan-3-tage\/#primaryimage"},"image":{"@id":"https:\/\/hurghadalovers.com\/de\/tours\/privat-sahl-hasheesh-touren-nach-luxor-aswan-3-tage\/#primaryimage"},"thumbnailUrl":"https:\/\/hurghadalovers.com\/wp-content\/uploads\/2023\/09\/Private-El-Gouna-Tours-to-Luxor-Aswan.jpeg","datePublished":"2023-08-31T14:39:47+00:00","dateModified":"2026-02-08T06:07:45+00:00","description":"Privater Tagestour Sahl Hasheesh nach Luxor und Assuan, Abu Simbel \u2013 3 Tage mit privatem F\u00fchrer, Tickets und Mittagessen. Eine besondere 3-t\u00e4gige Tour","breadcrumb":{"@id":"https:\/\/hurghadalovers.com\/de\/tours\/privat-sahl-hasheesh-touren-nach-luxor-aswan-3-tage\/#breadcrumb"},"inLanguage":"de-DE","potentialAction":[{"@type":"ReadAction","target":["https:\/\/hurghadalovers.com\/de\/tours\/privat-sahl-hasheesh-touren-nach-luxor-aswan-3-tage\/"]}]},{"@type":"ImageObject","inLanguage":"de-DE","@id":"https:\/\/hurghadalovers.com\/de\/tours\/privat-sahl-hasheesh-touren-nach-luxor-aswan-3-tage\/#primaryimage","url":"https:\/\/hurghadalovers.com\/wp-content\/uploads\/2023\/09\/Private-El-Gouna-Tours-to-Luxor-Aswan.jpeg","contentUrl":"https:\/\/hurghadalovers.com\/wp-content\/uploads\/2023\/09\/Private-El-Gouna-Tours-to-Luxor-Aswan.jpeg","width":1536,"height":850,"caption":"Private El Gouna Touren nach Luxor &amp; Assuan Privater Tagestour Hurghada nach Luxor und Assuan Makadi bay soma bay Sahl Hasheesh"},{"@type":"BreadcrumbList","@id":"https:\/\/hurghadalovers.com\/de\/tours\/privat-sahl-hasheesh-touren-nach-luxor-aswan-3-tage\/#breadcrumb","itemListElement":[{"@type":"ListItem","position":1,"name":"Home","item":"https:\/\/hurghadalovers.com\/de\/"},{"@type":"ListItem","position":2,"name":"Shop","item":"https:\/\/hurghadalovers.com\/shop\/"},{"@type":"ListItem","position":3,"name":"Privater Tagestour Sahl Hasheesh nach Luxor und Assuan, Abu Simbel \u2013 3 Tage"}]},{"@type":"WebSite","@id":"https:\/\/hurghadalovers.com\/de\/#website","url":"https:\/\/hurghadalovers.com\/de\/","name":"Hurghada Excursions & Day Trips | Booking Best Prices Tours","description":"Hurghada Lovers - Best Tour Operator - Excursions &amp; Things to do for Family Day Trips with kids and Couples Romantic. Unique .Hidden gems","publisher":{"@id":"https:\/\/hurghadalovers.com\/de\/#organization"},"alternateName":"Hurghada Excursions","potentialAction":[{"@type":"SearchAction","target":{"@type":"EntryPoint","urlTemplate":"https:\/\/hurghadalovers.com\/de\/?s={search_term_string}"},"query-input":{"@type":"PropertyValueSpecification","valueRequired":true,"valueName":"search_term_string"}}],"inLanguage":"de-DE"},{"@type":["Organization","Place","TravelAgency"],"@id":"https:\/\/hurghadalovers.com\/de\/#organization","name":"Hurghada Excursions","url":"https:\/\/hurghadalovers.com\/de\/","logo":{"@id":"https:\/\/hurghadalovers.com\/de\/tours\/privat-sahl-hasheesh-touren-nach-luxor-aswan-3-tage\/#local-main-organization-logo"},"image":{"@id":"https:\/\/hurghadalovers.com\/de\/tours\/privat-sahl-hasheesh-touren-nach-luxor-aswan-3-tage\/#local-main-organization-logo"},"sameAs":["https:\/\/www.facebook.com\/Hurghadaloversegypt"],"address":{"@id":"https:\/\/hurghadalovers.com\/de\/tours\/privat-sahl-hasheesh-touren-nach-luxor-aswan-3-tage\/#local-main-place-address"},"telephone":["00201112596434"],"contactPoint":{"@type":"ContactPoint","telephone":"00201112596434","email":"weyouface@gmail.com"},"openingHoursSpecification":{"@type":"OpeningHoursSpecification","dayOfWeek":["Monday","Tuesday","Wednesday","Thursday","Friday","Saturday","Sunday"],"opens":"00:00","closes":"23:59"},"email":"weyouface@gmail.com","areaServed":"Luxor, Hurghada, El Gouna, Aswan, Sharm El Sheikh, Giza, Alexandria, Marsa Alam, Quseir, Soma Bay, Sahl Hasheesh, Red Sea, Makadi Bay, Cairo","priceRange":"$","currenciesAccepted":"euro","paymentAccepted":"cash on site"},{"@type":"PostalAddress","@id":"https:\/\/hurghadalovers.com\/de\/tours\/privat-sahl-hasheesh-touren-nach-luxor-aswan-3-tage\/#local-main-place-address","streetAddress":"17 Banks street, Alkawther area, top nbk bank","addressLocality":"hurghada","postalCode":"84511","addressRegion":"red sea","addressCountry":"EG"},{"@type":"ImageObject","inLanguage":"de-DE","@id":"https:\/\/hurghadalovers.com\/de\/tours\/privat-sahl-hasheesh-touren-nach-luxor-aswan-3-tage\/#local-main-organization-logo","url":"https:\/\/hurghadalovers.com\/wp-content\/uploads\/2019\/10\/hurghada-excursions-logo.png","contentUrl":"https:\/\/hurghadalovers.com\/wp-content\/uploads\/2019\/10\/hurghada-excursions-logo.png","width":272,"height":90,"caption":"Hurghada Excursions"}]},"product_brand":"Luxor Tagesausfl\u00fcge von Sahl Hasheesh","product_price_amount":"520","product_price_currency":"EUR","og_availability":"instock","product_availability":"instock","product_retailer_item_id":"Sahl202024","product_condition":"new","geo.placename":"hurghada","geo.region":"Egypt"},"_links":{"self":[{"href":"https:\/\/hurghadalovers.com\/de\/wp-json\/wp\/v2\/product\/391000","targetHints":{"allow":["GET"]}}],"collection":[{"href":"https:\/\/hurghadalovers.com\/de\/wp-json\/wp\/v2\/product"}],"about":[{"href":"https:\/\/hurghadalovers.com\/de\/wp-json\/wp\/v2\/types\/product"}],"wp:featuredmedia":[{"embeddable":true,"href":"https:\/\/hurghadalovers.com\/de\/wp-json\/wp\/v2\/media\/394727"}],"wp:attachment":[{"href":"https:\/\/hurghadalovers.com\/de\/wp-json\/wp\/v2\/media?parent=391000"}],"wp:term":[{"taxonomy":"product_brand","embeddable":true,"href":"https:\/\/hurghadalovers.com\/de\/wp-json\/wp\/v2\/product_brand?post=391000"},{"taxonomy":"product_cat","embeddable":true,"href":"https:\/\/hurghadalovers.com\/de\/wp-json\/wp\/v2\/product_cat?post=391000"},{"taxonomy":"product_tag","embeddable":true,"href":"https:\/\/hurghadalovers.com\/de\/wp-json\/wp\/v2\/product_tag?post=391000"}],"curies":[{"name":"wp","href":"https:\/\/api.w.org\/{rel}","templated":true}]}}